{"id":1784,"date":"2020-07-26T13:11:56","date_gmt":"2020-07-26T17:11:56","guid":{"rendered":"https:\/\/lowimpacthydro.org\/?page_id=1784"},"modified":"2026-03-10T10:55:45","modified_gmt":"2026-03-10T14:55:45","slug":"lihi-certificate-58-union-gas-hydroelectric-project-maine","status":"publish","type":"page","link":"https:\/\/lowimpacthydro.org\/fr\/lihi-certificate-58-union-gas-hydroelectric-project-maine\/","title":{"rendered":"Certificat LIHI #58 \u2013 Projet hydro\u00e9lectrique Union Gas, Maine"},"content":{"rendered":"<table class=\"alignright\" style=\"width: 351px; border: 2px; cellspacing: 2px; cellpadding: 2px; margin-left: 50px;\">\n<tbody>\n<tr>\n<td style=\"width: 42.2566%;\" width=\"238\"><strong>Nom du projet<\/strong><\/td>\n<td style=\"width: 55.9735%;\" width=\"222\">Union Gas<\/td>\n<\/tr>\n<tr>\n<td style=\"width: 42.2566%;\" width=\"238\"><strong>Num\u00e9ro de certificat LIHI<\/strong><\/td>\n<td style=\"width: 55.9735%;\" width=\"222\">58<\/td>\n<\/tr>\n<tr>\n<td style=\"width: 42.2566%;\" width=\"238\"><strong>Dur\u00e9e du certificat LIHI<\/strong><\/td>\n<td style=\"width: 55.9735%;\" width=\"222\">9 mai 2020 \u2013 8 mai 2033<\/td>\n<\/tr>\n<tr>\n<td style=\"width: 42.2566%;\" width=\"238\"><strong>Propri\u00e9taire<\/strong><\/td>\n<td style=\"width: 55.9735%;\" width=\"222\">Messalonskee Stream Hydro LLC, une filiale d&#039;Essex Hydro Associates, LLC<\/td>\n<\/tr>\n<tr>\n<td style=\"width: 42.2566%;\" width=\"238\"><strong>\u00c9tat<\/strong><\/td>\n<td style=\"width: 55.9735%;\" width=\"222\">Maine<\/td>\n<\/tr>\n<tr>\n<td style=\"width: 42.2566%;\" width=\"238\"><strong>Emplacement<\/strong><\/td>\n<td style=\"width: 55.9735%;\" width=\"222\">Situ\u00e9 au mile 1,0 de la rivi\u00e8re sur le ruisseau Messalonskee, un affluent de la rivi\u00e8re Kennebec, dans le comt\u00e9 de Kennebec, dans le Maine.<\/td>\n<\/tr>\n<tr>\n<td style=\"width: 42.2566%;\" width=\"238\"><strong>Capacit\u00e9 install\u00e9e<\/strong><\/td>\n<td style=\"width: 55.9735%;\" width=\"222\">1,5 MW<\/td>\n<\/tr>\n<tr>\n<td style=\"width: 42.2566%;\" width=\"238\"><strong>G\u00e9n\u00e9ration annuelle moyenne<\/strong><\/td>\n<td style=\"width: 55.9735%;\" width=\"222\">4 300 MWh<\/td>\n<\/tr>\n<tr>\n<td style=\"width: 42.2566%;\" width=\"238\"><strong>Type d&#039;\u00e9tablissement<\/strong><\/td>\n<td style=\"width: 55.9735%;\" width=\"222\">modifi\u00e9 <span class='tooltipsall tooltip_post_id_5643 classtoolTips52'>au fil de l&#039;eau<\/span><\/td>\n<\/tr>\n<tr>\n<td style=\"width: 42.2566%;\" width=\"238\"><strong><span class='tooltipsall tooltip_post_id_5565 classtoolTips152'>F\u00e9d\u00e9ration internationale de radio-t\u00e9l\u00e9vision (FERC)<\/span> Non.<\/strong><\/td>\n<td style=\"width: 55.9735%;\" width=\"222\">P-2556 d\u00e9livr\u00e9 en 1999, expire le 30\/06\/2036<\/td>\n<\/tr>\n<\/tbody>\n<\/table>\n<p>Le projet Union Gas est situ\u00e9 sur le ruisseau Messalonskee \u00e0 Waterville, dans le Maine. Il s&#039;agit de l&#039;une des quatre centrales hydro\u00e9lectriques situ\u00e9es entre le lac Messalonskee. <span class='tooltipsall tooltip_post_id_5545 classtoolTips158'>barrage<\/span> et la rivi\u00e8re Kennebec. Trois des installations, Union Gas, <a href=\"https:\/\/lowimpacthydro.org\/fr\/lihi-certificate-59-rice-rips-hydroelectric-project-maine\/\">Riz d\u00e9chir\u00e9 (LIHI #59)<\/a>, et <a href=\"https:\/\/lowimpacthydro.org\/fr\/lihi-certificate-60-oakland-hydroelectric-project-maine\/\">Oakland (LIHI #60)<\/a> sont autoris\u00e9s ensemble dans le cadre du projet FERC n\u00b0 2556. <a href=\"https:\/\/lowimpacthydro.org\/fr\/lihi-certificate-72-automatic-hydroelectric-project-maine\/\">Projet automatique (LIHI #72)<\/a> Le barrage est situ\u00e9 en amont d&#039;Union Gas, lui-m\u00eame situ\u00e9 \u00e0 1,6 km en amont du confluent du ruisseau Messalonskee et de la rivi\u00e8re Kennebec. Le barrage d&#039;origine, construit au d\u00e9but du XXe si\u00e8cle, s&#039;est rompu en 2001 et a \u00e9t\u00e9 reconstruit en 2007. Les travaux comprennent un barrage de 105 m\u00e8tres de long et un barrage de 45 centim\u00e8tres de haut. <span class='tooltipsall tooltip_post_id_5569 classtoolTips79'>tableaux d&#039;affichage<\/span>; un <span class='tooltipsall tooltip_post_id_5624 classtoolTips102'>centrale<\/span> contenant une centrale verticale de 1,5 MW <span class='tooltipsall tooltip_post_id_5576 classtoolTips39'>Turbine Francis<\/span>\/g\u00e9n\u00e9rateur\u00a0; et un bassin de retenue de 2,4\u00a0km de long, d&#039;une capacit\u00e9 de stockage brute de 243\u00a0m\u00b3. Le barrage cr\u00e9e un tron\u00e7on contourn\u00e9 d&#039;environ 1,6\u00a0km de long.<\/p>\n<p>Le mode d&#039;exploitation du projet d\u00e9pend du d\u00e9bit entrant dans le lac Messalonskee. Lorsque le d\u00e9bit entrant dans le lac Messalonskee est sup\u00e9rieur \u00e0 environ 570 pi\u00b3\/s, le projet est exploit\u00e9 au fil de l&#039;eau. Toute l&#039;eau qui ne passe pas par les turbines est achemin\u00e9e par le r\u00e9seau hydrographique. <span class='tooltipsall tooltip_post_id_5651 classtoolTips116'>d\u00e9versoir<\/span>Lorsque le d\u00e9bit entrant est inf\u00e9rieur \u00e0 environ 570 pi\u00b3\/s, le projet est aliment\u00e9 par l&#039;eau stock\u00e9e provenant du lac Messalonskee, avec une capacit\u00e9 de stockage utilisable de 1,3 pied. Le projet pr\u00e9voit un d\u00e9bit de d\u00e9rivation minimal de 15 pi\u00b3\/s. Ce r\u00e9gime d&#039;\u00e9coulement est bas\u00e9 sur une recommandation du D\u00e9partement de la protection de l&#039;environnement du Maine (MDEP) visant \u00e0 am\u00e9liorer la qualit\u00e9 de l&#039;eau de la rivi\u00e8re et \u00e0 prot\u00e9ger le biote aquatique.<\/p>\n<p>Les eaux situ\u00e9es dans la zone du projet sont d\u00e9sign\u00e9es comme \u00e9tant de classe C, adapt\u00e9es \u00e0 la p\u00eache, primaires et <span class='tooltipsall tooltip_post_id_5646 classtoolTips7'>loisirs de contact secondaire<\/span>, l&#039;habitat aquatique et l&#039;approvisionnement en eau potable apr\u00e8s traitement. Le r\u00e9gime de d\u00e9bit minimal minimise l&#039;effet de la charge en phosphore afin de prot\u00e9ger l&#039;habitat du biote aquatique. La charge en phosphore et les probl\u00e8mes subs\u00e9quents de faibles concentrations en oxyg\u00e8ne dissous sont probablement caus\u00e9s par les effluents de la station d&#039;\u00e9puration d&#039;Union Gas en amont.<\/p>\n<p>Historiquement, il existe peu de preuves de la pr\u00e9sence d&#039;esp\u00e8ces anadromes dans le ruisseau Messalonskee, bien que l&#039;alose savoureuse puisse utiliser l&#039;habitat en aval du projet, jusqu&#039;\u00e0 la confluence de la rivi\u00e8re avec la rivi\u00e8re Kennebec. De plus, les habitats de croissance et de frai sont limit\u00e9s en amont des projets du ruisseau Messalonskee. L&#039;anguille d&#039;Am\u00e9rique, une <span class='tooltipsall tooltip_post_id_5538 classtoolTips75'>catadrome<\/span> L&#039;anguille d&#039;Am\u00e9rique, esp\u00e8ce consid\u00e9r\u00e9e comme l&#039;unique esp\u00e8ce migratrice pr\u00e9sente dans la zone du projet, a \u00e9t\u00e9 am\u00e9nag\u00e9e en 2010 dans le cadre du projet Messalonskee Stream. Ces installations ont \u00e9t\u00e9 achev\u00e9es en 2018 et approuv\u00e9es pour un passage permanent en 2019 par le D\u00e9partement des Ressources Marines du Maine (MDMR).<\/p>\n<p><strong>PLUS-Standard:<\/strong> Le ma\u00eetre d&#039;ouvrage pr\u00e9voit volontairement des fermetures nocturnes sur ses quatre projets du ruisseau Messalonskee pour la descente de l&#039;anguille d&#039;Am\u00e9rique, de 18 h \u00e0 2 h du matin, entre le 1er septembre et le 30 octobre. MDMR collabore actuellement avec le ma\u00eetre d&#039;ouvrage afin d&#039;ajuster le calendrier de ces fermetures afin de mieux prot\u00e9ger les esp\u00e8ces migratrices. Cette action constitue une <span class='tooltipsall tooltip_post_id_5526 classtoolTips72'>\u00e0 l&#039;\u00e9chelle du bassin<\/span> strat\u00e9gie de r\u00e9am\u00e9nagement \u00e0 la fois dans le ruisseau Messalonskee et dans le bassin versant plus vaste de la rivi\u00e8re Kennebec o\u00f9 la restauration de la <span class='tooltipsall tooltip_post_id_5549 classtoolTips96'>diadrome<\/span> la p\u00eache a commenc\u00e9 avec le retrait d&#039;Edwards <span class='tooltipsall tooltip_post_id_5545 classtoolTips158'>Barrage<\/span> au <span class='tooltipsall tooltip_post_id_5581 classtoolTips154'>t\u00eate<\/span>En 1999, la mar\u00e9e basse a \u00e9t\u00e9 lev\u00e9e et les poissons ont pu acc\u00e9der \u00e0 environ 27 kilom\u00e8tres de rivi\u00e8re jusqu&#039;\u00e0 Waterville, en amont du confluent du ruisseau Messalonskee. Le minist\u00e8re des Ressources naturelles du Maine a publi\u00e9 le plan de gestion de la rivi\u00e8re Kennebec. <span class='tooltipsall tooltip_post_id_5549 classtoolTips96'>Diadrome<\/span> L&#039;amendement de 2020 sur les ressources a mis \u00e0 jour un plan ant\u00e9rieur de 1993. Cet amendement inclut pour la premi\u00e8re fois l&#039;anguille d&#039;Am\u00e9rique, avec pour objectif d\u00e9clar\u00e9 de \u00ab\u00a0fournir un passage s\u00fbr, rapide et efficace en amont et en aval \u00e0 l&#039;anguille d&#039;Am\u00e9rique dans son habitat historiquement accessible\u00a0\u00bb.<\/p>\n<p>Le terrain du projet s&#039;\u00e9tend sur 19 acres. La zone du projet est fortement urbanis\u00e9e et bord\u00e9e par une forte pente, jalonn\u00e9e de b\u00e2timents commerciaux et r\u00e9sidentiels. Le littoral du canal de fuite du projet est principalement constitu\u00e9 de granit et de gravier, sur lesquels les op\u00e9rations du projet ont un impact minimal.<\/p>\n<p>Les esp\u00e8ces menac\u00e9es ou en voie de disparition potentiellement pr\u00e9sentes \u00e0 proximit\u00e9 du projet comprennent la chauve-souris nordique, le saumon atlantique et la guifette noire. La zone du projet n&#039;offre aucun habitat propice \u00e0 ces esp\u00e8ces. Les relev\u00e9s de la sauvagine dans la zone du projet ont conclu que les activit\u00e9s du projet n&#039;ont pas d&#039;impact sur l&#039;habitat ni sur les pratiques de nidification de la guifette noire. L&#039;esp\u00e8ce a \u00e9t\u00e9 observ\u00e9e en train de nicher dans le bassin versant du lac Messalonskee. Selon l&#039;USFWS, il n&#039;est pas souhaitable de permettre au saumon atlantique de passer dans le bassin versant du Messalonskee.<\/p>\n<p>Plusieurs ressources arch\u00e9ologiques datant de la p\u00e9riode pr\u00e9contact ont \u00e9t\u00e9 identifi\u00e9es \u00e0 proximit\u00e9 des projets du ruisseau Messalonskee, associ\u00e9s au lac Messalonskee. Le ma\u00eetre d&#039;ouvrage du projet maintient un plan de gestion des ressources culturelles et \u00e9value p\u00e9riodiquement tout impact sur ces ressources avec l&#039;aide de la Commission de pr\u00e9servation historique du Maine. Cette derni\u00e8re a conclu que les activit\u00e9s du projet n&#039;ont pas d&#039;impact n\u00e9gatif sur les ressources de la r\u00e9gion.<\/p>\n<p>Les ressources r\u00e9cr\u00e9atives du projet comprennent une rampe de mise \u00e0 l&#039;eau sur la rivi\u00e8re Kennebec, des zones de p\u00eache dans le canal de fuite avec acc\u00e8s informel sur la rive est de la rivi\u00e8re, et une plateforme de p\u00eache accessible aux personnes \u00e0 mobilit\u00e9 r\u00e9duite sur le lac Messalonskee. L&#039;acc\u00e8s public est gratuit.<\/p>\n<hr \/>\n<h3>\u00c9tat de conformit\u00e9<\/h3>\n<p><strong>Il n\u2019y a pas de conditions sp\u00e9cifiques \u00e0 l\u2019\u00e9tablissement dans le certificat actuel.<\/strong><\/p>\n<p><strong>2025:<\/strong> Aucun changement important ni probl\u00e8me de conformit\u00e9 n&#039;a \u00e9t\u00e9 identifi\u00e9. Le projet demeure conforme \u00e0 l&#039;issue de l&#039;examen annuel. Les fermetures nocturnes pendant la saison de migration des anguilles se poursuivent.<\/p>\n<p><strong>2024:<\/strong> Aucun changement important ni probl\u00e8me de conformit\u00e9 n&#039;a \u00e9t\u00e9 identifi\u00e9. Le projet demeure conforme \u00e0 l&#039;issue de l&#039;examen annuel. Les fermetures nocturnes pendant la saison de migration des anguilles se poursuivent.<\/p>\n<p><strong>2023:<\/strong> Aucun changement important ni probl\u00e8me de conformit\u00e9 n&#039;a \u00e9t\u00e9 identifi\u00e9. Le projet demeure conforme \u00e0 l&#039;issue de l&#039;examen annuel. Les fermetures nocturnes pendant la saison de migration des anguilles se poursuivent.<\/p>\n<p><strong>2022:<\/strong> Aucun changement important ni probl\u00e8me de conformit\u00e9 n&#039;a \u00e9t\u00e9 identifi\u00e9. Le projet demeure conforme \u00e0 l&#039;examen annuel. Le projet a rendu compte de l&#039;\u00e9tude de 2021 sur la migration de l&#039;anguille d&#039;Am\u00e9rique en aval, qui a permis d&#039;observer 14 anguilles. Les fermetures nocturnes pendant la saison de migration de l&#039;anguille se poursuivent.<\/p>\n<p><strong>2021:<\/strong> Le rapport annuel relatif au certificat actuel n&#039;est pas encore entr\u00e9 en vigueur. Cependant, le projet a signal\u00e9 la poursuite des fermetures nocturnes du 1er septembre au 30 octobre pour la migration en aval des anguilles d&#039;Am\u00e9rique.<\/p>\n<hr \/>\n<h3>Historique des certifications<\/h3>\n<p><strong>1er janvier 2022 :<\/strong> La dur\u00e9e du certificat LIHI a \u00e9t\u00e9 prolong\u00e9e conform\u00e9ment \u00e0 la r\u00e9vision 2.05 du manuel de certification LIHI 2e \u00e9dition publi\u00e9 le 1er janvier 2022. Reportez-vous au tableau des \u00e9tablissements ci-dessus pour conna\u00eetre la nouvelle dur\u00e9e.<\/p>\n<p><strong>27 ao\u00fbt 2021 :<\/strong> Le Low Impact Hydropower Institute a rendu sa d\u00e9cision finale concernant la recertification du projet Union Gas. Le d\u00e9lai d&#039;appel de 30 jours s&#039;est cl\u00f4tur\u00e9 le 26 ao\u00fbt 2021 et aucun appel n&#039;a \u00e9t\u00e9 d\u00e9pos\u00e9. Par cons\u00e9quent, la d\u00e9cision de recertifier le projet est d\u00e9sormais d\u00e9finitive. La nouvelle p\u00e9riode d&#039;appel s&#039;\u00e9tend du 9 mai 2020 au 8 mai 2028.<\/p>\n<p><strong>27 juillet 2021 :<\/strong> Le Low Impact Hydropower Institute (LIHI) a approuv\u00e9 provisoirement le projet Union Gas pour une nouvelle p\u00e9riode de certification \u00e0 faible impact de huit ans. Cette d\u00e9cision est provisoire, dans l&#039;attente d&#039;un d\u00e9lai d&#039;appel de 30 jours. Seuls les participants ayant comment\u00e9 la demande initiale pendant ce d\u00e9lai de 60 jours sont autoris\u00e9s \u00e0 d\u00e9poser un recours. Ce recours doit inclure une explication expliquant en quoi le projet ne r\u00e9pond pas aux crit\u00e8res du LIHI. Les demandes de recours peuvent \u00eatre soumises par courriel \u00e0 l&#039;adresse suivante\u00a0: <a href=\"#\">comments@lowimpacthydro.org<\/a> avec \u00ab\u00a0Union Gas Project\u00a0\u00bb en objet, ou par courrier adress\u00e9 au Low Impact Hydropower Institute, 1167 Massachusetts Ave, bureau 407, Arlington, MA 02476. Toutes les demandes seront publi\u00e9es sur le site web. Le demandeur aura la possibilit\u00e9 de r\u00e9pondre, et toute r\u00e9ponse sera \u00e9galement publi\u00e9e. <strong>Les demandes doivent \u00eatre re\u00e7ues avant 17 h, heure de l\u2019Est, le 26 ao\u00fbt 2021.<\/strong> Les candidatures compl\u00e8tes et les rapports d&#039;\u00e9valuation sont disponibles ci-dessous. Si aucune demande d&#039;appel n&#039;est re\u00e7ue et que la d\u00e9cision devient d\u00e9finitive, la p\u00e9riode de certification du projet s&#039;\u00e9tendra du 9 mai 2020 au 8 mai 2028.<\/p>\n<p><strong>3 mai 2021 :<\/strong> Le Low Impact Hydropower Institute (LIHI) a re\u00e7u une demande compl\u00e8te de recertification de Messalonskee Stream Hydro Associates pour le projet Union Gas. Le LIHI sollicite des commentaires sur cette demande. Les commentaires directement li\u00e9s \u00e0 ses crit\u00e8res sp\u00e9cifiques (d\u00e9bits, qualit\u00e9 de l&#039;eau, etc.) <span class='tooltipsall tooltip_post_id_5566 classtoolTips59'>passage des poissons<\/span>, etc.) seront tr\u00e8s utiles, mais tous les commentaires seront pris en compte. Les commentaires peuvent \u00eatre envoy\u00e9s au LIHI par courrier \u00e9lectronique \u00e0 l&#039;adresse <a href=\"#\">comments@lowimpacthydro.org<\/a> avec \u00ab\u00a0Commentaires sur Union Gas\u00a0\u00bb dans l&#039;objet, ou par courrier adress\u00e9 au Low Impact Hydropower Institute, 1167 Massachusetts Avenue, Bureau 407, Arlington, MA 02476. <strong>Les commentaires doivent \u00eatre re\u00e7us \u00e0 l\u2019Institut au plus tard \u00e0 17 heures, heure de l\u2019Est, le 2 juillet 2021 pour \u00eatre pris en compte.<\/strong> Tous les commentaires seront publi\u00e9s sur le site web et le candidat aura la possibilit\u00e9 d&#039;y r\u00e9pondre. Toute r\u00e9ponse sera \u00e9galement publi\u00e9e. Le formulaire de candidature est disponible ci-dessous.<\/p>\n<p><strong>2 mai 2016 :\u00a0<\/strong>Michael J. Sale, directeur g\u00e9n\u00e9ral du LIHI, exer\u00e7ant les pouvoirs d\u00e9l\u00e9gu\u00e9s par le conseil d&#039;administration du LIHI, a certifi\u00e9 que le projet hydro\u00e9lectrique Union Gas (FERC n\u00b0 P-2556) satisfait aux crit\u00e8res de certification du LIHI. Une d\u00e9cision pr\u00e9liminaire a \u00e9t\u00e9 annonc\u00e9e le 1er avril 2016, et un d\u00e9lai d&#039;appel de 30 jours \u00e9tait ouvert jusqu&#039;au 1er mai 2016. Aucune demande d&#039;appel n&#039;a \u00e9t\u00e9 re\u00e7ue. Cette d\u00e9cision de certification comporte une condition sp\u00e9cifique \u00e0 l&#039;installation, \u00e0 savoir\u00a0:<\/p>\n<ul style=\"color: black;\">\n<li><strong><em>Satisfait en 2020<\/em> Condition 1 :<\/strong>Dans ses d\u00e9clarations annuelles de conformit\u00e9, le propri\u00e9taire informera LIHI de l&#039;\u00e9tat du passage des anguilles en aval sur le site. Il informera LIHI dans les 45 jours suivant la constatation par le DMR d&#039;un nombre suffisant d&#039;anguilles dans la rivi\u00e8re pour mener les \u00e9tudes n\u00e9cessaires \u00e0 la d\u00e9termination du meilleur emplacement pour l&#039;installation du passage en aval. Un r\u00e9sum\u00e9 des r\u00e9sultats de ces \u00e9tudes, ainsi qu&#039;un plan et un calendrier approuv\u00e9s par le DMR pour l&#039;installation du passage des anguilles en aval, seront inclus dans la d\u00e9claration annuelle de conformit\u00e9 de l&#039;ann\u00e9e en question.<\/li>\n<\/ul>\n<p>La date d\u2019entr\u00e9e en vigueur de la certification du projet Union Gas est le 9 mai 2015 pour une dur\u00e9e de cinq (5) ans, qui expirera le 9 mai 2020.<\/p>\n<p><strong>4 d\u00e9cembre 2015 :<\/strong> Le LIHI a re\u00e7u une lettre de commentaires du D\u00e9partement des Ressources Marines du Maine en faveur de la recertification du projet Union Gas. Ces commentaires sont disponibles dans la section \u00ab\u00a0Fichiers\u00a0\u00bb ci-dessous.<\/p>\n<p><strong>24 novembre 2015 :<\/strong> Le Low Impact Hydropower Institute a re\u00e7u une demande compl\u00e8te de nouvelle certification \u00ab\u00a0faible impact\u00a0\u00bb pour le projet hydro\u00e9lectrique Union Gas. Les documents de candidature sont disponibles dans la section \u00ab\u00a0Documents\u00a0\u00bb ci-dessous. La p\u00e9riode de consultation publique pour cette demande a pris fin le 23\u00a0janvier\u00a02015.<\/p>\n<p><strong>19 juin 2015 :<\/strong> Le projet Union Gas a obtenu une prolongation de la dur\u00e9e actuelle de son certificat. La nouvelle date d&#039;expiration est fix\u00e9e au 31 d\u00e9cembre 2015.<\/p>\n<p><strong>22 octobre 2010 :<\/strong> Le projet Union Gas a \u00e9t\u00e9 certifi\u00e9 comme \u00e9tant \u00e0 faible impact pour une dur\u00e9e de cinq ans, \u00e0 compter du 9 mai 2010 et expirant le 9 mai 2015.<\/p>\n<p><strong>9 juillet 2010 :<\/strong> La p\u00e9riode de commentaires publics pour la demande de certification est termin\u00e9e.<\/p>\n<p><strong>9 mai 2010 :<\/strong> Messalonskee Stream Hydro Associates a d\u00e9pos\u00e9 une demande de certification pour le projet hydro\u00e9lectrique Union Gas. Une p\u00e9riode de consultation publique sera ouverte pendant 60 jours.<\/p>\n<hr \/>\n<h3>Dossiers de certification<\/h3>\n<h4>Recertification 2021<\/h4>\n<ul style=\"color: black;\">\n<li><a href=\"https:\/\/lowimpacthydro.org\/wp-content\/uploads\/2023\/05\/Union-Gas-Stage-II-Recertification-Report.pdf\">Rapport de recertification d&#039;Union Gas 2021<\/a><\/li>\n<li><a href=\"https:\/\/lowimpacthydro.org\/wp-content\/uploads\/2021\/05\/Complete-Union-Gas-Hydroelectirc-Project-LIHI-Recertification-Application.pdf\"> Demande de recertification d&#039;Union Gas<\/a><\/li>\n<\/ul>\n<h4>Recertification 2015<\/h4>\n<ul style=\"color: black;\">\n<li><a href=\"https:\/\/lowimpacthydro.org\/wp-content\/uploads\/2020\/07\/Union-Gas-2015-Recertification-Report_FINAL.pdf\">Rapport d&#039;examen de recertification d&#039;Union Gas<\/a><\/li>\n<li><a href=\"https:\/\/lowimpacthydro.org\/wp-content\/uploads\/2020\/09\/Comment-on-Union-Gas-and-Rice-Rips.pdf\">Commentaire du minist\u00e8re des Ressources marines du Maine\u00a0: Union Gas and Rice Rips<\/a><\/li>\n<li><a href=\"https:\/\/lowimpacthydro.org\/wp-content\/uploads\/2020\/07\/2015Recert_Appendix-1-2-1.pdf\">Annexes 1 et 2 de la demande de recertification d&#039;Union Gas<\/a><\/li>\n<li><a href=\"https:\/\/lowimpacthydro.org\/wp-content\/uploads\/2020\/07\/2015Recert_Appendix-3-6-1.pdf\">Annexes 3 \u00e0 6 de la demande de recertification d&#039;Union Gas<\/a><\/li>\n<li><a href=\"https:\/\/lowimpacthydro.org\/wp-content\/uploads\/2020\/07\/2015Recert_Appendix-7-11-1.pdf\">Annexes 7 \u00e0 11 de la demande de recertification d&#039;Union Gas<\/a><\/li>\n<li><a href=\"https:\/\/lowimpacthydro.org\/wp-content\/uploads\/2020\/07\/LIHI_QUESTIONNAIRE-Union-Gas-Hydroelectric-Station.pdf\">Questionnaire de recertification d&#039;Union Gas<\/a><\/li>\n<\/ul>\n<h4>Certification 2010<\/h4>\n<ul style=\"color: black;\">\n<li><a href=\"https:\/\/lowimpacthydro.org\/wp-content\/uploads\/2021\/01\/DRAFT_Union-Gas-Review_6-23-10R3.pdf\">Rapport d&#039;examen de la certification d&#039;Union Gas<\/a><\/li>\n<li><a href=\"https:\/\/lowimpacthydro.org\/wp-content\/uploads\/2020\/07\/LIHIQuestionnaire-w-Appendices-UnionGas.pdf\">Questionnaire de certification de l&#039;Union Gas avec annexes<\/a><\/li>\n<\/ul>\n<hr \/>\n<h3>Documents cl\u00e9s<\/h3>\n<ul>\n<li><a href=\"https:\/\/lowimpacthydro.org\/wp-content\/uploads\/2023\/06\/Messalonskee-FERC-License-1999.pdf\">Licence FERC 1999 \u2013 Projet Messalonskee<\/a><\/li>\n<li><a href=\"https:\/\/lowimpacthydro.org\/wp-content\/uploads\/2023\/06\/2000-FERC-Order-Modifying-Minimum-Flow-Messalonskee.pdf\">Ordonnance de la FERC de 2000 modifiant le d\u00e9bit minimum \u2013 Projet Messalonskee<\/a><\/li>\n<li><a href=\"https:\/\/lowimpacthydro.org\/wp-content\/uploads\/2023\/06\/1997-FERC-EIS-Messalonskee-and-other-projects.pdf\">D\u00e9claration d&#039;impact environnemental de la FERC de 1997 \u2013 Kennebec <span class='tooltipsall tooltip_post_id_5636 classtoolTips65'>Bassin fluvial<\/span> Projets<\/a><\/li>\n<li><a href=\"https:\/\/lowimpacthydro.org\/wp-content\/uploads\/2023\/06\/1995-Water-Quality-Certification-Messalonskee.pdf\">Certification de la qualit\u00e9 de l&#039;eau 1995 \u2013 Projet Messalonskee<\/a><\/li>\n<\/ul>","protected":false},"excerpt":{"rendered":"<p>Project Name Union Gas LIHI Certificate No. 58 LIHI Certificate Term May 9, 2020 &#8211; May 8, 2033 Owner Messalonskee Stream Hydro LLC, a subsidiary of<span class=\"excerpt-hellip\"> [\u2026]<\/span><\/p>\n","protected":false},"author":3,"featured_media":-1,"parent":0,"menu_order":0,"comment_status":"closed","ping_status":"closed","template":"","meta":{"_coblocks_attr":"","_coblocks_dimensions":"","_coblocks_responsive_height":"","_coblocks_accordion_ie_support":"","om_disable_all_campaigns":false,"_monsterinsights_skip_tracking":false,"_monsterinsights_sitenote_active":false,"_monsterinsights_sitenote_note":"","_monsterinsights_sitenote_category":0,"footnotes":""},"class_list":["post-1784","page","type-page","status-publish","has-post-thumbnail","hentry"],"aioseo_notices":[],"_links":{"self":[{"href":"https:\/\/lowimpacthydro.org\/fr\/wp-json\/wp\/v2\/pages\/1784","targetHints":{"allow":["GET"]}}],"collection":[{"href":"https:\/\/lowimpacthydro.org\/fr\/wp-json\/wp\/v2\/pages"}],"about":[{"href":"https:\/\/lowimpacthydro.org\/fr\/wp-json\/wp\/v2\/types\/page"}],"author":[{"embeddable":true,"href":"https:\/\/lowimpacthydro.org\/fr\/wp-json\/wp\/v2\/users\/3"}],"replies":[{"embeddable":true,"href":"https:\/\/lowimpacthydro.org\/fr\/wp-json\/wp\/v2\/comments?post=1784"}],"version-history":[{"count":15,"href":"https:\/\/lowimpacthydro.org\/fr\/wp-json\/wp\/v2\/pages\/1784\/revisions"}],"predecessor-version":[{"id":10408,"href":"https:\/\/lowimpacthydro.org\/fr\/wp-json\/wp\/v2\/pages\/1784\/revisions\/10408"}],"wp:featuredmedia":[{"embeddable":true,"href":"https:\/\/lowimpacthydro.org\/fr\/wp-json\/"}],"wp:attachment":[{"href":"https:\/\/lowimpacthydro.org\/fr\/wp-json\/wp\/v2\/media?parent=1784"}],"curies":[{"name":"wp","href":"https:\/\/api.w.org\/{rel}","templated":true}]}}