{"id":1773,"date":"2020-07-26T13:00:20","date_gmt":"2020-07-26T17:00:20","guid":{"rendered":"https:\/\/lowimpacthydro.org\/?page_id=1773"},"modified":"2026-03-10T10:56:16","modified_gmt":"2026-03-10T14:56:16","slug":"lihi-certificate-59-rice-rips-hydroelectric-project-maine","status":"publish","type":"page","link":"https:\/\/lowimpacthydro.org\/fr\/lihi-certificate-59-rice-rips-hydroelectric-project-maine\/","title":{"rendered":"Certificat LIHI #59 \u2013 Projet hydro\u00e9lectrique Rice Rips, Maine"},"content":{"rendered":"<table class=\"alignright\" style=\"width: 351px; border: 2px; cellspacing: 2px; cellpadding: 2px; margin-left: 50px;\">\n<tbody>\n<tr>\n<td style=\"width: 42.9204%;\"><strong>Nom du projet<\/strong><\/td>\n<td style=\"width: 55.0885%;\">Riz d\u00e9chir\u00e9<\/td>\n<\/tr>\n<tr>\n<td style=\"width: 42.9204%;\"><strong>Num\u00e9ro de certificat LIHI<\/strong><\/td>\n<td style=\"width: 55.0885%;\">59<\/td>\n<\/tr>\n<tr>\n<td style=\"width: 42.9204%;\"><strong>Dur\u00e9e du certificat LIHI<\/strong><\/td>\n<td style=\"width: 55.0885%;\">9 mai 2020 \u2013 8 mai 2033<\/td>\n<\/tr>\n<tr>\n<td style=\"width: 42.9204%;\"><strong>Propri\u00e9taire<\/strong><\/td>\n<td style=\"width: 55.0885%;\">Messalonskee Stream Hydro LLC, une filiale d&#039;Essex Hydro Associates, LLC<\/td>\n<\/tr>\n<tr>\n<td style=\"width: 42.9204%;\"><strong>\u00c9tat<\/strong><\/td>\n<td style=\"width: 55.0885%;\">Maine<\/td>\n<\/tr>\n<tr>\n<td style=\"width: 42.9204%;\"><strong>Emplacement<\/strong><\/td>\n<td style=\"width: 55.0885%;\">Situ\u00e9 au mile 7,7 de la rivi\u00e8re sur le ruisseau Messalonskee, un affluent de la rivi\u00e8re Kennebec, dans le comt\u00e9 de Kennebec, dans le Maine.<\/td>\n<\/tr>\n<tr>\n<td style=\"width: 42.9204%;\"><strong>Capacit\u00e9 install\u00e9e<\/strong><\/td>\n<td style=\"width: 55.0885%;\">1,6 MW<\/td>\n<\/tr>\n<tr>\n<td style=\"width: 42.9204%;\"><strong>G\u00e9n\u00e9ration annuelle moyenne<\/strong><\/td>\n<td style=\"width: 55.0885%;\">5 600 MWh<\/td>\n<\/tr>\n<tr>\n<td style=\"width: 42.9204%;\"><strong>Type d&#039;\u00e9tablissement<\/strong><\/td>\n<td style=\"width: 55.0885%;\">modifi\u00e9 <span class='tooltipsall tooltip_post_id_5643 classtoolTips52'>au fil de l&#039;eau<\/span><\/td>\n<\/tr>\n<tr>\n<td style=\"width: 42.9204%;\"><strong><span class='tooltipsall tooltip_post_id_5565 classtoolTips152'>F\u00e9d\u00e9ration internationale de radio-t\u00e9l\u00e9vision (FERC)<\/span> Non.<\/strong><\/td>\n<td style=\"width: 55.0885%;\">P-2556 d\u00e9livr\u00e9 en 1999, expire le 30\/06\/2036<\/td>\n<\/tr>\n<\/tbody>\n<\/table>\n<p>Le projet Rice Rips est situ\u00e9 sur le ruisseau Messalonskee \u00e0 Waterville, dans le Maine. Situ\u00e9 \u00e0 environ 12,4 km en amont de son confluent avec la rivi\u00e8re Kennebec, il est l&#039;une des quatre centrales hydro\u00e9lectriques du lac Messalonskee. <span class='tooltipsall tooltip_post_id_5545 classtoolTips158'>barrage<\/span> et le Kennebec. Trois de ces installations, <a href=\"https:\/\/lowimpacthydro.org\/fr\/lihi-certificate-58-union-gas-hydroelectric-project-maine\/\">Union Gas (LIHI #58)<\/a>, Riz d\u00e9chir\u00e9, et <a href=\"https:\/\/lowimpacthydro.org\/fr\/lihi-certificate-60-oakland-hydroelectric-project-maine\/\">Oakland (LHI #60)<\/a> sont autoris\u00e9s ensemble dans le cadre du projet FERC n\u00b0 2556. <a href=\"https:\/\/lowimpacthydro.org\/fr\/lihi-certificate-72-automatic-hydroelectric-project-maine\/\">Projet automatique (LIHI #72)<\/a> La centrale hydro\u00e9lectrique d&#039;Oakland, situ\u00e9e entre Rice Rips et Union Gas (FERC n\u00b0 2555), est situ\u00e9e en amont de Rice Rips. Il s&#039;agit du deuxi\u00e8me projet hydro\u00e9lectrique en aval du lac Messalonskee. La construction du projet s&#039;est achev\u00e9e en 1908 et l&#039;installation a fonctionn\u00e9 sans permis jusqu&#039;en 1969.<\/p>\n<p>Les travaux du projet comprennent un barrage Ambersen (contrefort) de 220 pieds de long avec des contreforts de 5 pieds de haut <span class='tooltipsall tooltip_post_id_5569 classtoolTips79'>tableaux d&#039;affichage<\/span>; une douelle de bois de 10 pieds de diam\u00e8tre <span class='tooltipsall tooltip_post_id_5619 classtoolTips124'>conduite forc\u00e9e<\/span> qui mesure 2 292 pieds de long et se jette dans un bassin de surpression de 150 pieds de diam\u00e8tre\u00a0; <span class='tooltipsall tooltip_post_id_5624 classtoolTips102'>centrale<\/span> contenant une centrale verticale de 1,6 MW <span class='tooltipsall tooltip_post_id_5576 classtoolTips39'>Turbine Francis<\/span>\/g\u00e9n\u00e9rateur\u00a0; et un bassin de retenue de 2,6\u00a0km de long, d&#039;une capacit\u00e9 de stockage brute de 400\u00a0m\u00b3. Le barrage cr\u00e9e une d\u00e9rivation d&#039;environ 800\u00a0m de long.<\/p>\n<p>Le projet fonctionne au fil de l&#039;eau. Son exploitation d\u00e9pend des apports d&#039;eau du lac Messalonskee et des rejets du lac Messalonskee en amont. <span class='tooltipsall tooltip_post_id_5545 classtoolTips158'>Barrage<\/span>Lorsque le d\u00e9bit entrant dans le lac Messalonskee est sup\u00e9rieur \u00e0 environ 570 pi\u00b3\/s, le projet est exploit\u00e9 au fil de l&#039;eau. Lorsque le d\u00e9bit entrant est inf\u00e9rieur \u00e0 environ 570 pi\u00b3\/s, le projet est exploit\u00e9 avec un rabattement maximal du bassin de retenue de 30 cm. Le projet assure un d\u00e9bit minimal de 15 pi\u00b3\/s en tout temps dans le tron\u00e7on de d\u00e9rivation. Toute eau suppl\u00e9mentaire qui ne passe pas par les turbines est rejet\u00e9e par la rivi\u00e8re. <span class='tooltipsall tooltip_post_id_5651 classtoolTips116'>d\u00e9versoir<\/span> et \u00e0 travers le tron\u00e7on de d\u00e9rivation. Ce r\u00e9gime d&#039;\u00e9coulement est bas\u00e9 sur une recommandation du D\u00e9partement de la protection de l&#039;environnement du Maine (MDEP) visant \u00e0 am\u00e9liorer la qualit\u00e9 de l&#039;eau de la rivi\u00e8re et \u00e0 prot\u00e9ger le biote aquatique.<\/p>\n<p>Les eaux situ\u00e9es dans la zone du projet sont d\u00e9sign\u00e9es comme \u00e9tant de classe C, adapt\u00e9es \u00e0 la p\u00eache, primaires et <span class='tooltipsall tooltip_post_id_5646 classtoolTips7'>loisirs de contact secondaire<\/span>, l&#039;habitat aquatique et l&#039;approvisionnement en eau potable apr\u00e8s traitement. Le r\u00e9gime de d\u00e9bit minimal minimise l&#039;effet de la charge en phosphore afin de prot\u00e9ger l&#039;habitat du biote aquatique. La charge en phosphore et les probl\u00e8mes subs\u00e9quents de faibles concentrations en oxyg\u00e8ne dissous sont probablement caus\u00e9s par les effluents de l&#039;usine de traitement des eaux us\u00e9es d&#039;Union Gas en amont.<\/p>\n<p>Historiquement, il existe peu de preuves de la pr\u00e9sence d&#039;esp\u00e8ces anadromes dans le ruisseau Messalonskee. De plus, les habitats de croissance et de frai sont limit\u00e9s en amont des projets du ruisseau Messalonskee. Cependant, le d\u00e9bit de d\u00e9rivation minimal de 15 pi\u00b3\/s facilite la descente au-del\u00e0 du projet. L&#039;anguille d&#039;Am\u00e9rique, une esp\u00e8ce <span class='tooltipsall tooltip_post_id_5538 classtoolTips75'>catadrome<\/span> L&#039;anguille d&#039;Am\u00e9rique, esp\u00e8ce consid\u00e9r\u00e9e comme la seule esp\u00e8ce migratrice pr\u00e9sente dans la zone du projet, a \u00e9t\u00e9 la seule esp\u00e8ce migratrice pr\u00e9sente dans la zone du projet. En 2010, les projets du ruisseau Messalonskee ont commenc\u00e9 \u00e0 installer des passages amont et aval pour l&#039;anguille d&#039;Am\u00e9rique. Ces installations ont \u00e9t\u00e9 achev\u00e9es et approuv\u00e9es par le D\u00e9partement des ressources marines du Maine (MDMR) en 2015, les tests d&#039;efficacit\u00e9 ayant montr\u00e9 une efficacit\u00e9 de passage de 90 \u00e0 92 %.<\/p>\n<p><strong>PLUS-Standard:<\/strong> La descente de l&#039;anguille d&#039;Am\u00e9rique est facilit\u00e9e par des fermetures nocturnes volontaires de 18 h \u00e0 2 h du matin, entre le 1er septembre et le 30 octobre. MDMR collabore actuellement avec le ma\u00eetre d&#039;ouvrage pour ajuster le calendrier de ces fermetures afin de mieux prot\u00e9ger les esp\u00e8ces migratrices. Cette mesure constitue une <span class=\"tooltipsall tooltip_post_id_5526 classtoolTips66\" data-hasqtip=\"17\"><span class='tooltipsall tooltip_post_id_5526 classtoolTips72'>\u00e0 l&#039;\u00e9chelle du bassin<\/span><\/span> strat\u00e9gie de r\u00e9am\u00e9nagement \u00e0 la fois dans le ruisseau Messalonskee et dans le bassin versant plus vaste de la rivi\u00e8re Kennebec o\u00f9 la restauration de la <span class=\"tooltipsall tooltip_post_id_5549 classtoolTips89\" data-hasqtip=\"26\"><span class='tooltipsall tooltip_post_id_5549 classtoolTips96'>diadrome<\/span><\/span> la p\u00eache a commenc\u00e9 avec le retrait d&#039;Edwards <span class=\"tooltipsall tooltip_post_id_5545 classtoolTips158\" data-hasqtip=\"42\">Barrage<\/span> au <span class=\"tooltipsall tooltip_post_id_5581 classtoolTips153\" data-hasqtip=\"38\"><span class='tooltipsall tooltip_post_id_5581 classtoolTips154'>t\u00eate<\/span><\/span>En 1999, la mar\u00e9e basse a \u00e9t\u00e9 lev\u00e9e et les poissons ont pu acc\u00e9der \u00e0 environ 27 kilom\u00e8tres de rivi\u00e8re jusqu&#039;\u00e0 Waterville, en amont du confluent du ruisseau Messalonskee. Le minist\u00e8re des Ressources naturelles du Maine a publi\u00e9 le plan de gestion de la rivi\u00e8re Kennebec. <span class=\"tooltipsall tooltip_post_id_5549 classtoolTips89\" data-hasqtip=\"27\"><span class='tooltipsall tooltip_post_id_5549 classtoolTips96'>Diadrome<\/span><\/span> L&#039;amendement de 2020 sur les ressources a mis \u00e0 jour un plan ant\u00e9rieur de 1993. Cet amendement inclut pour la premi\u00e8re fois l&#039;anguille d&#039;Am\u00e9rique, avec pour objectif d\u00e9clar\u00e9 de \u00ab\u00a0fournir un passage s\u00fbr, rapide et efficace en amont et en aval \u00e0 l&#039;anguille d&#039;Am\u00e9rique dans son habitat historiquement accessible\u00a0\u00bb.<\/p>\n<p>Le terrain du projet s&#039;\u00e9tend sur 178 acres. La zone de 200 pieds qui s&#039;\u00e9tend autour du bassin de retenue de Rice Rips est bord\u00e9e par une forte pente et n&#039;est pas am\u00e9nag\u00e9e. <span class='tooltipsall tooltip_post_id_5643 classtoolTips52'>Au fil de l&#039;eau<\/span> les op\u00e9rations ont un effet minimal sur l\u2019\u00e9rosion du littoral en raison des substrats principalement granitiques et graveleux dans la zone du canal de fuite.<\/p>\n<p>Les esp\u00e8ces menac\u00e9es ou en voie de disparition potentiellement pr\u00e9sentes \u00e0 proximit\u00e9 du projet comprennent le saumon atlantique, la chauve-souris nordique et la guifette noire. La zone du projet n&#039;offre aucun habitat propice \u00e0 ces esp\u00e8ces. Les relev\u00e9s de la sauvagine dans la zone du projet ont conclu que les activit\u00e9s du projet n&#039;ont pas d&#039;impact sur l&#039;habitat ni sur les pratiques de nidification de la guifette noire. L&#039;esp\u00e8ce a \u00e9t\u00e9 observ\u00e9e en train de nicher dans le bassin de retenue du lac Messalonskee, mais pas sur le site du projet.<\/p>\n<p>Plusieurs ressources arch\u00e9ologiques datant de la p\u00e9riode pr\u00e9contact ont \u00e9t\u00e9 identifi\u00e9es \u00e0 proximit\u00e9 des projets du ruisseau Messalonskee. Le ma\u00eetre d&#039;ouvrage du projet maintient un plan de gestion des ressources culturelles et \u00e9value p\u00e9riodiquement tout impact sur ces ressources avec l&#039;aide de la Commission de pr\u00e9servation historique du Maine. Cette derni\u00e8re a conclu que les op\u00e9rations du projet n&#039;ont pas d&#039;impact n\u00e9gatif sur les ressources de la r\u00e9gion.<\/p>\n<p>Les ressources r\u00e9cr\u00e9atives du projet comprennent une plateforme de p\u00eache accessible aux personnes \u00e0 mobilit\u00e9 r\u00e9duite sur le lac Messalonskee, un sentier r\u00e9cr\u00e9atif et une rampe de mise \u00e0 l&#039;eau pour bateaux permettant d&#039;acc\u00e9der au ruisseau Messalonskee. L&#039;acc\u00e8s public est gratuit.<\/p>\n<hr \/>\n<h3>\u00c9tat de conformit\u00e9<\/h3>\n<p><strong>Il n\u2019y a pas de conditions sp\u00e9cifiques \u00e0 l\u2019\u00e9tablissement dans le certificat actuel.<\/strong><\/p>\n<p><strong>2025:<\/strong> Aucun changement important ni probl\u00e8me de conformit\u00e9 n&#039;a \u00e9t\u00e9 identifi\u00e9. Le projet demeure conforme \u00e0 l&#039;issue de l&#039;examen annuel. Les fermetures nocturnes pendant la saison de migration des anguilles se poursuivent.<\/p>\n<p><strong>2024:<\/strong> Aucun changement important ni probl\u00e8me de conformit\u00e9 n&#039;a \u00e9t\u00e9 identifi\u00e9. Le projet demeure conforme suite \u00e0 l&#039;examen annuel. Les fermetures nocturnes pendant la saison de migration des anguilles se poursuivent. Le projet a signal\u00e9 un \u00e9cart de niveau de retenue d\u00fb \u00e0 une erreur de l&#039;op\u00e9rateur, consid\u00e9r\u00e9 comme une infraction \u00e0 la FERC.<\/p>\n<p><strong>2023:<\/strong> Aucun changement important ni probl\u00e8me de conformit\u00e9 n&#039;a \u00e9t\u00e9 identifi\u00e9. Le projet demeure conforme \u00e0 l&#039;issue de l&#039;examen annuel. Les fermetures nocturnes pendant la saison de migration des anguilles se poursuivent.<\/p>\n<p><strong>2022:<\/strong> Aucun changement important ni probl\u00e8me de conformit\u00e9 n&#039;a \u00e9t\u00e9 identifi\u00e9. Le projet demeure conforme \u00e0 l&#039;issue de l&#039;examen annuel. Les fermetures nocturnes pendant la saison de migration des anguilles se poursuivent.<\/p>\n<p><strong>2021:<\/strong> Le rapport annuel relatif au certificat actuel n&#039;est pas encore entr\u00e9 en vigueur. Cependant, le projet a signal\u00e9 la poursuite des fermetures nocturnes du 1er septembre au 30 octobre pour la migration en aval des anguilles d&#039;Am\u00e9rique.<\/p>\n<hr \/>\n<h3>Historique des certifications<\/h3>\n<p><strong>1er janvier 2022 :<\/strong> La dur\u00e9e du certificat LIHI a \u00e9t\u00e9 prolong\u00e9e conform\u00e9ment \u00e0 la r\u00e9vision 2.05 du manuel de certification LIHI 2e \u00e9dition publi\u00e9 le 1er janvier 2022. Reportez-vous au tableau des \u00e9tablissements ci-dessus pour conna\u00eetre la nouvelle dur\u00e9e.<\/p>\n<p><strong>27 ao\u00fbt 2021 : <\/strong>Le Low Impact Hydropower Institute a rendu sa d\u00e9cision finale concernant la recertification du projet Rice Rips. Le d\u00e9lai d&#039;appel de 30 jours s&#039;est termin\u00e9 le 26 ao\u00fbt 2021 et aucun appel n&#039;a \u00e9t\u00e9 d\u00e9pos\u00e9. Par cons\u00e9quent, la d\u00e9cision de recertifier le projet est d\u00e9sormais d\u00e9finitive. La nouvelle p\u00e9riode d&#039;appel s&#039;\u00e9tend du 9 mai 2020 au 8 mai 2028.<\/p>\n<p><strong>27 juillet 2021 :<\/strong> Le Low Impact Hydropower Institute (LIHI) a approuv\u00e9 \u00e0 titre pr\u00e9liminaire le projet Rice Rips pour une nouvelle p\u00e9riode de huit ans de certification \u00e0 faible impact. Cette d\u00e9cision est provisoire, dans l&#039;attente d&#039;un d\u00e9lai d&#039;appel de 30 jours. Seuls les participants ayant comment\u00e9 la demande initiale pendant ce d\u00e9lai de 60 jours sont autoris\u00e9s \u00e0 d\u00e9poser un recours. Ce recours doit inclure une explication expliquant en quoi le projet ne r\u00e9pond pas aux crit\u00e8res du LIHI. Les demandes de recours peuvent \u00eatre soumises par courriel \u00e0 l&#039;adresse suivante\u00a0: <a href=\"#\">comments@lowimpacthydro.org<\/a> avec \u00ab\u00a0Projet Rice Rips\u00a0\u00bb en objet, ou par courrier adress\u00e9 au Low Impact Hydropower Institute, 1167 Massachusetts Ave, bureau 407, Arlington, MA 02476. Toutes les demandes seront publi\u00e9es sur le site web. Le demandeur aura la possibilit\u00e9 de r\u00e9pondre, et toute r\u00e9ponse sera \u00e9galement publi\u00e9e. <strong>Les demandes doivent \u00eatre re\u00e7ues avant 17 h, heure de l\u2019Est, le 26 ao\u00fbt 2021.<\/strong> Les candidatures compl\u00e8tes et les rapports d&#039;\u00e9valuation sont disponibles ci-dessous. Si aucune demande d&#039;appel n&#039;est re\u00e7ue et que la d\u00e9cision devient d\u00e9finitive, la p\u00e9riode de certification du projet s&#039;\u00e9tendra du 9 mai 2020 au 8 mai 2028.<\/p>\n<p><strong>3 mai 2021 :<\/strong> Le Low Impact Hydropower Institute (LIHI) a re\u00e7u une demande compl\u00e8te de recertification de Messalonskee Stream Hydro Associates pour le projet Rice Rips. Le LIHI sollicite des commentaires sur cette demande. Les commentaires directement li\u00e9s \u00e0 ses crit\u00e8res sp\u00e9cifiques (d\u00e9bits, qualit\u00e9 de l&#039;eau, etc.) <span class='tooltipsall tooltip_post_id_5566 classtoolTips59'>passage des poissons<\/span>, etc.) seront tr\u00e8s utiles, mais tous les commentaires seront pris en compte. Les commentaires peuvent \u00eatre envoy\u00e9s au LIHI par courrier \u00e9lectronique \u00e0 l&#039;adresse <a href=\"#\">comments@lowimpacthydro.org<\/a> avec \u00ab Rice Rips Comments \u00bb dans la ligne d&#039;objet, ou par courrier adress\u00e9 au Low Impact Hydropower Institute, 1167 Massachusetts Avenue, Office 407, Arlington, MA 02476. <strong>Les commentaires doivent \u00eatre re\u00e7us \u00e0 l\u2019Institut au plus tard \u00e0 17 heures, heure de l\u2019Est, le 2 juillet 2021 pour \u00eatre pris en compte.<\/strong> Tous les commentaires seront publi\u00e9s sur le site web et le candidat aura la possibilit\u00e9 d&#039;y r\u00e9pondre. Toute r\u00e9ponse sera \u00e9galement publi\u00e9e. Le formulaire de candidature est disponible ci-dessous.<\/p>\n<p><strong><strong>2 mai 2016 :<\/strong>\u00a0<\/strong>Michael J. Sale, directeur g\u00e9n\u00e9ral du LIHI, exer\u00e7ant les pouvoirs d\u00e9l\u00e9gu\u00e9s par le conseil d&#039;administration du LIHI, a certifi\u00e9 que le projet hydro\u00e9lectrique Rice Rips (FERC n\u00b0 P-2556) satisfait aux crit\u00e8res de certification du LIHI. Une d\u00e9cision pr\u00e9liminaire a \u00e9t\u00e9 annonc\u00e9e le 1er avril 2016, et un d\u00e9lai d&#039;appel de 30 jours \u00e9tait ouvert jusqu&#039;au 1er mai 2016. Aucune demande d&#039;appel n&#039;a \u00e9t\u00e9 re\u00e7ue. Cette d\u00e9cision de certification comporte une condition sp\u00e9cifique \u00e0 l&#039;installation, \u00e0 savoir\u00a0:<\/p>\n<ul style=\"color: black;\">\n<li><strong><em>Satisfait en 2020<\/em> Condition 1 :<\/strong>Dans ses d\u00e9clarations annuelles de conformit\u00e9, le propri\u00e9taire informera LIHI de l&#039;\u00e9tat du passage des anguilles en aval sur le site. Il informera LIHI dans les 45 jours suivant la constatation par le DMR d&#039;un nombre suffisant d&#039;anguilles dans la rivi\u00e8re pour mener les \u00e9tudes n\u00e9cessaires \u00e0 la d\u00e9termination du meilleur emplacement pour l&#039;installation du passage en aval. Un r\u00e9sum\u00e9 des r\u00e9sultats de ces \u00e9tudes, ainsi qu&#039;un plan et un calendrier approuv\u00e9s par le DMR pour l&#039;installation du passage des anguilles en aval, seront inclus dans la d\u00e9claration annuelle de conformit\u00e9 de l&#039;ann\u00e9e en question.<\/li>\n<\/ul>\n<p>La date d\u2019entr\u00e9e en vigueur de la certification du projet Rice Rips est le 9 mai 2015 pour une dur\u00e9e de cinq (5) ans, qui expirera le 9 mai 2020.<\/p>\n<p><strong>4 d\u00e9cembre 2015 :<\/strong>\u00a0Le LIHI a re\u00e7u une lettre de commentaires du D\u00e9partement des Ressources Marines du Maine en faveur de la recertification du projet Rice Rips. Ces commentaires sont disponibles dans la section \u00ab\u00a0Fichiers\u00a0\u00bb ci-dessous.<\/p>\n<p><strong>24 novembre 2015 :<\/strong> Le Low Impact Hydropower Institute a re\u00e7u une demande compl\u00e8te de nouvelle certification \u00ab\u00a0faible impact\u00a0\u00bb pour le projet hydro\u00e9lectrique Rice Rips. Les documents de candidature sont disponibles dans la section \u00ab\u00a0Documents\u00a0\u00bb ci-dessous. La p\u00e9riode de consultation publique pour cette demande a pris fin le 23\u00a0janvier\u00a02015.<\/p>\n<p><strong>19 juin 2015 :<\/strong> Le projet Rice Rips a obtenu une prolongation de la dur\u00e9e de validit\u00e9 de son certificat. La nouvelle date d&#039;expiration est fix\u00e9e au 31 d\u00e9cembre 2015.<\/p>\n<p><strong>22 octobre 2010 :<\/strong> Le projet Rice Rips a \u00e9t\u00e9 certifi\u00e9 \u00e0 faible impact pour une dur\u00e9e de cinq ans, \u00e0 compter du 9 mai 2010 et jusqu&#039;au 9 mai 2015.<\/p>\n<p><strong>9 juillet 2010 :<\/strong> La p\u00e9riode de commentaires publics pour la demande de certification est termin\u00e9e.<\/p>\n<p><strong>9 mai 2010 :<\/strong> Messalonskee Stream Hydro Associates a d\u00e9pos\u00e9 une demande de certification pour le projet hydro\u00e9lectrique Rice Rips. Une p\u00e9riode de consultation publique sera ouverte pendant 60 jours.<\/p>\n<hr \/>\n<h3>Dossiers de certification<\/h3>\n<h4>Recertification 2021<\/h4>\n<ul style=\"color: black;\">\n<li><a href=\"https:\/\/lowimpacthydro.org\/wp-content\/uploads\/2021\/07\/Rice-Rips-Stage-II-Recertification-Report.pdf\">Rapport de recertification de Rice Rips 2021<\/a><\/li>\n<li><a href=\"https:\/\/lowimpacthydro.org\/wp-content\/uploads\/2021\/05\/Complete-Rice-Rips-Hydroelectirc-Project-LIHI-Recertification-Application.pdf\"> Demande de recertification Rice Rips<\/a><\/li>\n<\/ul>\n<h4>Recertification 2015<\/h4>\n<ul style=\"color: black;\">\n<li><a href=\"https:\/\/lowimpacthydro.org\/wp-content\/uploads\/2020\/07\/Rice-Rips-2015-Recertification-Report_FINAL.pdf\">Rapport d&#039;examen de recertification de Rice Rips 2015<\/a><\/li>\n<li><a href=\"https:\/\/lowimpacthydro.org\/wp-content\/uploads\/2020\/07\/2015Recert_Appendix-1-2.pdf\">Demande de recertification Rice Rips Annexes 1-2<\/a><\/li>\n<li><a href=\"https:\/\/lowimpacthydro.org\/wp-content\/uploads\/2020\/07\/2015Recert_Appendix-3-6.pdf\">Demande de recertification Rice Rips Annexes 3 \u00e0 6<\/a><\/li>\n<li><a href=\"https:\/\/lowimpacthydro.org\/wp-content\/uploads\/2020\/07\/2015Recert_Appendix-7-11.pdf\">Demande de recertification Rice Rips Annexes 7 \u00e0 11<\/a><\/li>\n<li><a href=\"https:\/\/lowimpacthydro.org\/wp-content\/uploads\/2020\/07\/LIHI_QUESTIONNAIRE_Rice-Rips-Hydroelectric-Station.pdf\">Questionnaire de recertification Rice Rips<\/a><\/li>\n<li><a href=\"https:\/\/lowimpacthydro.org\/wp-content\/uploads\/2020\/09\/Comment-on-Union-Gas-and-Rice-Rips.pdf\">Lettre de commentaires du minist\u00e8re des Ressources marines du Maine \u2013 Union Gas and Rice Rips<\/a><\/li>\n<\/ul>\n<h4>Certification 2010<\/h4>\n<ul style=\"color: black;\">\n<li><a href=\"https:\/\/lowimpacthydro.org\/wp-content\/uploads\/2021\/01\/FINAL_Rice-Rips-Review_7-12-10-R2.pdf\">Rapport d&#039;examen de la certification Rice Rips<\/a><\/li>\n<li><a href=\"https:\/\/lowimpacthydro.org\/wp-content\/uploads\/2020\/07\/LIHIQuestionnaire-w-attachments-RiceRips.pdf\">Questionnaire de certification Rice Rips avec pi\u00e8ces jointes<\/a><\/li>\n<\/ul>\n<hr \/>\n<h3>Documents cl\u00e9s<\/h3>\n<ul>\n<li><a href=\"https:\/\/lowimpacthydro.org\/wp-content\/uploads\/2023\/06\/Messalonskee-FERC-License-1999.pdf\">Licence FERC 1999 \u2013 Projet Messalonskee<\/a><\/li>\n<li><a href=\"https:\/\/lowimpacthydro.org\/wp-content\/uploads\/2023\/06\/2000-FERC-Order-Modifying-Minimum-Flow-Messalonskee.pdf\">Ordonnance de la FERC de 2000 modifiant le d\u00e9bit minimum \u2013 Projet Messalonskee<\/a><\/li>\n<li><a href=\"https:\/\/lowimpacthydro.org\/wp-content\/uploads\/2023\/06\/1997-FERC-EIS-Messalonskee-and-other-projects.pdf\">D\u00e9claration d&#039;impact environnemental de la FERC de 1997 \u2013 Kennebec <span class='tooltipsall tooltip_post_id_5636 classtoolTips65'>Bassin fluvial<\/span> Projets<\/a><\/li>\n<li><a href=\"https:\/\/lowimpacthydro.org\/wp-content\/uploads\/2023\/06\/1995-Water-Quality-Certification-Messalonskee.pdf\">Certification de la qualit\u00e9 de l&#039;eau 1995 \u2013 Projet Messalonskee<\/a><\/li>\n<\/ul>","protected":false},"excerpt":{"rendered":"<p>Project Name Rice Rips LIHI Certificate No. 59 LIHI Certificate Term May 9, 2020 &#8211; May 8, 2033 Owner Messalonskee Stream Hydro LLC, a subsidiary of<span class=\"excerpt-hellip\"> [\u2026]<\/span><\/p>\n","protected":false},"author":3,"featured_media":-1,"parent":0,"menu_order":0,"comment_status":"closed","ping_status":"closed","template":"","meta":{"_coblocks_attr":"","_coblocks_dimensions":"","_coblocks_responsive_height":"","_coblocks_accordion_ie_support":"","om_disable_all_campaigns":false,"_monsterinsights_skip_tracking":false,"_monsterinsights_sitenote_active":false,"_monsterinsights_sitenote_note":"","_monsterinsights_sitenote_category":0,"footnotes":""},"class_list":["post-1773","page","type-page","status-publish","has-post-thumbnail","hentry"],"aioseo_notices":[],"_links":{"self":[{"href":"https:\/\/lowimpacthydro.org\/fr\/wp-json\/wp\/v2\/pages\/1773","targetHints":{"allow":["GET"]}}],"collection":[{"href":"https:\/\/lowimpacthydro.org\/fr\/wp-json\/wp\/v2\/pages"}],"about":[{"href":"https:\/\/lowimpacthydro.org\/fr\/wp-json\/wp\/v2\/types\/page"}],"author":[{"embeddable":true,"href":"https:\/\/lowimpacthydro.org\/fr\/wp-json\/wp\/v2\/users\/3"}],"replies":[{"embeddable":true,"href":"https:\/\/lowimpacthydro.org\/fr\/wp-json\/wp\/v2\/comments?post=1773"}],"version-history":[{"count":15,"href":"https:\/\/lowimpacthydro.org\/fr\/wp-json\/wp\/v2\/pages\/1773\/revisions"}],"predecessor-version":[{"id":10409,"href":"https:\/\/lowimpacthydro.org\/fr\/wp-json\/wp\/v2\/pages\/1773\/revisions\/10409"}],"wp:featuredmedia":[{"embeddable":true,"href":"https:\/\/lowimpacthydro.org\/fr\/wp-json\/"}],"wp:attachment":[{"href":"https:\/\/lowimpacthydro.org\/fr\/wp-json\/wp\/v2\/media?parent=1773"}],"curies":[{"name":"wp","href":"https:\/\/api.w.org\/{rel}","templated":true}]}}