{"id":1747,"date":"2020-07-26T12:31:38","date_gmt":"2020-07-26T16:31:38","guid":{"rendered":"https:\/\/lowimpacthydro.org\/?page_id=1747"},"modified":"2026-01-08T11:53:38","modified_gmt":"2026-01-08T16:53:38","slug":"lihi-certificate-62-cutler-hydroelectric-project-utah","status":"publish","type":"page","link":"https:\/\/lowimpacthydro.org\/fr\/lihi-certificate-62-cutler-hydroelectric-project-utah\/","title":{"rendered":"Certificat LIHI #62 \u2013 Projet hydro\u00e9lectrique Cutler, Utah"},"content":{"rendered":"<table class=\"alignright\" style=\"width: 351px; border: 2px; cellspacing: 2px; cellpadding: 2px; margin-left: 50px;\">\n<tbody>\n<tr>\n<td style=\"width: 38.2743%;\"><strong>Nom du projet<\/strong><\/td>\n<td style=\"width: 59.7345%;\">Coutelier<\/td>\n<\/tr>\n<tr>\n<td style=\"width: 38.2743%;\"><strong>Num\u00e9ro de certificat LIHI<\/strong><\/td>\n<td style=\"width: 59.7345%;\">62<\/td>\n<\/tr>\n<tr>\n<td style=\"width: 38.2743%;\"><strong>Dur\u00e9e du certificat LIHI<\/strong><\/td>\n<td style=\"width: 59.7345%;\">31 d\u00e9cembre 2014 \u2013 31 d\u00e9cembre 2022, prolong\u00e9 jusqu&#039;au 31 d\u00e9cembre 2026<\/td>\n<\/tr>\n<tr>\n<td style=\"width: 38.2743%;\"><strong>Propri\u00e9taire<\/strong><\/td>\n<td style=\"width: 59.7345%;\">PacifiCorp \u00c9nergie<\/td>\n<\/tr>\n<tr>\n<td style=\"width: 38.2743%;\"><strong>\u00c9tat<\/strong><\/td>\n<td style=\"width: 59.7345%;\">Utah<\/td>\n<\/tr>\n<tr>\n<td style=\"width: 38.2743%;\"><strong>Emplacement<\/strong><\/td>\n<td style=\"width: 59.7345%;\">Situ\u00e9 au mile 65,9 sur la rivi\u00e8re Bear<\/td>\n<\/tr>\n<tr>\n<td style=\"width: 38.2743%;\"><strong>Capacit\u00e9 install\u00e9e<\/strong><\/td>\n<td style=\"width: 59.7345%;\">30 MW<\/td>\n<\/tr>\n<tr>\n<td style=\"width: 38.2743%;\"><strong>G\u00e9n\u00e9ration annuelle moyenne<\/strong><\/td>\n<td style=\"width: 59.7345%;\">84 185 MWh<\/td>\n<\/tr>\n<tr>\n<td style=\"width: 38.2743%;\"><strong>Type d&#039;\u00e9tablissement<\/strong><\/td>\n<td style=\"width: 59.7345%;\">Tous les jours <span class='tooltipsall tooltip_post_id_5617 classtoolTips132'>culminant<\/span><\/td>\n<\/tr>\n<tr>\n<td style=\"width: 38.2743%;\"><strong><span class='tooltipsall tooltip_post_id_5565 classtoolTips152'>F\u00e9d\u00e9ration internationale de radio-t\u00e9l\u00e9vision (FERC)<\/span> Non.<\/strong><\/td>\n<td style=\"width: 59.7345%;\">P-2420 d\u00e9livr\u00e9 en 1994, expire le 31\/03\/2024<\/td>\n<\/tr>\n<\/tbody>\n<\/table>\n<p>Le projet Cutler est situ\u00e9 dans le nord de l&#039;Utah, entre la rivi\u00e8re Bear et les monts Wellsville, principalement dans le comt\u00e9 de Cache. Il retient les eaux des rivi\u00e8res Bear, Little Bear, Logan et Spring Creek. Il fait partie du projet Bear. <span class='tooltipsall tooltip_post_id_5636 classtoolTips65'>Bassin fluvial<\/span> Il s&#039;\u00e9tend du nord-est de l&#039;Utah au sud-est de l&#039;Idaho et au sud-ouest du Wyoming. Le bassin comprend environ 19\u00a0000 kilom\u00e8tres carr\u00e9s de montagnes et de vall\u00e9es (6\u00a0700 kilom\u00e8tres carr\u00e9s dans l&#039;Idaho, 8\u00a0300 kilom\u00e8tres carr\u00e9s dans l&#039;Utah et 3\u00a0400 kilom\u00e8tres carr\u00e9s dans le Wyoming).<\/p>\n<p>La rivi\u00e8re de l&#039;ours <span class='tooltipsall tooltip_post_id_5583 classtoolTips100'>sources<\/span> et son embouchure ne sont distants que de 145 kilom\u00e8tres. Mais la rivi\u00e8re met du temps \u00e0 franchir ces points, parcourant 800 kilom\u00e8tres sur un chemin tortueux traversant cinq fois les fronti\u00e8res des trois \u00c9tats. Elle prend sa source dans les montagnes Uinta de l&#039;Utah, puis se d\u00e9verse vers le nord dans le Wyoming et l&#039;Idaho, contournant les monts Wasatch. Pr\u00e8s de la ville de Soda Springs, dans l&#039;Idaho, (et <a href=\"https:\/\/lowimpacthydro.org\/fr\/lihi-certificate-53-bear-river-hydroelectric-project-idaho\/\">Projet Bear River, LIHI #53<\/a>) La rivi\u00e8re effectue un virage serr\u00e9 \u00e0 gauche, puis coule vers le sud, de l&#039;autre c\u00f4t\u00e9 de la Wasatch, pour retourner dans l&#039;Utah, o\u00f9 elle se jette dans le Grand Lac Sal\u00e9. C&#039;est le plus grand affluent du Grand Lac Sal\u00e9 et le plus grand cours d&#039;eau de l&#039;h\u00e9misph\u00e8re occidental \u00e0 ne pas se jeter dans l&#039;oc\u00e9an. La rivi\u00e8re Bear a la particularit\u00e9 d&#039;\u00eatre enti\u00e8rement encercl\u00e9e par les montagnes, formant ainsi un immense bassin sans exutoires ext\u00e9rieurs.<\/p>\n<p>Le projet comprend une arche gravitaire en b\u00e9ton de 545 pieds de long et de 126 pieds de haut <span class='tooltipsall tooltip_post_id_5545 classtoolTips158'>barrage<\/span> construit en 1927. Le barrage a une <span class='tooltipsall tooltip_post_id_5651 classtoolTips116'>d\u00e9versoir<\/span> contenant quatre de 30 pieds de large sur 14 pieds de haut <span class='tooltipsall tooltip_post_id_5630 classtoolTips87'>radial <span class='tooltipsall tooltip_post_id_5578 classtoolTips153'>portes<\/span><\/span>. Irrigation <span class='tooltipsall tooltip_post_id_5537 classtoolTips143'>canal<\/span> les portes d&#039;admission sont situ\u00e9es \u00e0 chaque <span class='tooltipsall tooltip_post_id_5514 classtoolTips118'>pilier<\/span> du barrage et font partie int\u00e9grante de la structure. Une grande partie du r\u00e9servoir pr\u00e9sente les caract\u00e9ristiques d&#039;un marais \u00e9mergent d&#039;eau peu profonde\u00a0: la partie sud du r\u00e9servoir a une profondeur moyenne de 55\u00a0cm, tandis que la section l\u00e9g\u00e8rement plus profonde du r\u00e9servoir au nord a une profondeur moyenne de 1,10\u00a0m\u00a0; la partie la plus septentrionale du r\u00e9servoir, situ\u00e9e dans le canyon Cutler, est plus profonde et comprend des zones dont la profondeur peut atteindre 6\u00a0cm. La prise d&#039;eau est une tour en b\u00e9ton situ\u00e9e dans le r\u00e9servoir, \u00e0 environ 18\u00a0m\u00e8tres en amont du barrage. Elle est reli\u00e9e \u00e0 une conduite en acier de 5,5\u00a0m de diam\u00e8tre qui traverse le barrage. Une conduite en acier de 350\u00a0m de long et 5,5\u00a0m de diam\u00e8tre <span class='tooltipsall tooltip_post_id_5619 classtoolTips124'>conduite forc\u00e9e<\/span> transporte l&#039;eau vers un r\u00e9servoir tampon en acier de 24 m\u00e8tres de haut et 13 m\u00e8tres de diam\u00e8tre. Deux r\u00e9servoirs en acier de 34 m\u00e8tres de long <span class='tooltipsall tooltip_post_id_5619 classtoolTips124'>conduites forc\u00e9es<\/span> bifurquent du r\u00e9servoir de surtension et m\u00e8nent au <span class='tooltipsall tooltip_post_id_5624 classtoolTips102'>centrale<\/span>La centrale \u00e9lectrique est un b\u00e2timent en briques contenant des installations annexes et deux unit\u00e9s de production verticales Francis d&#039;une capacit\u00e9 install\u00e9e totale de 30 MW.<\/p>\n<p>Le projet op\u00e8re dans un <span class='tooltipsall tooltip_post_id_5643 classtoolTips52'>au fil de l&#039;eau<\/span> Le projet est en mode semi-automatique et alimente un r\u00e9servoir d&#039;environ 2\u00a0280 hectares. Le projet fonctionne de mani\u00e8re saisonni\u00e8re pendant les ann\u00e9es normales et les ann\u00e9es de basses eaux, g\u00e9n\u00e9ralement de la fin de l&#039;automne au d\u00e9but de l&#039;\u00e9t\u00e9, en fonction de la disponibilit\u00e9 des d\u00e9bits une fois les engagements d&#039;irrigation respect\u00e9s (pendant les ann\u00e9es de hautes eaux, un d\u00e9bit suppl\u00e9mentaire peut \u00eatre disponible). G\u00e9n\u00e9ralement, afin de respecter les contrats d&#039;irrigation requis, le projet suspend la production normale pendant les d\u00e9bits estivaux (de fin juin ou juillet \u00e0 septembre ou octobre), mais l&#039;installation reste disponible pour assurer une production d&#039;urgence de courte dur\u00e9e (r\u00e9serve tournante). En p\u00e9riode normale d&#039;exploitation, le projet fonctionne en mode semi-automatique\u00a0: les g\u00e9n\u00e9rateurs sont d\u00e9marr\u00e9s et synchronis\u00e9s manuellement avec le syst\u00e8me par l&#039;op\u00e9rateur local. Des organismes de ressources, dont la Division des ressources fauniques de l&#039;Utah (UDWR) et l&#039;USFWS, ont formul\u00e9 des recommandations pour prot\u00e9ger les ressources aquatiques. Celles-ci visaient principalement \u00e0 maintenir et \u00e0 stabiliser les niveaux du r\u00e9servoir.<\/p>\n<p>Les eaux situ\u00e9es dans le p\u00e9rim\u00e8tre du projet sont class\u00e9es comme alt\u00e9r\u00e9es en oxyg\u00e8ne dissous et en phosphore. Le D\u00e9partement de la qualit\u00e9 environnementale de l&#039;Utah (UDEQ) a conclu que ces alt\u00e9rations sont probablement dues aux impacts agricoles et aux stations d&#039;\u00e9puration des eaux us\u00e9es en amont du projet. Les rapports de suivi du plan de gestion des ressources du projet documentent la mise en \u0153uvre de mesures, notamment la r\u00e9duction des \u00e9missions non polluantes.<span class='tooltipsall tooltip_post_id_5621 classtoolTips64'>source ponctuelle<\/span> Pollution de la rivi\u00e8re et surveillance de la qualit\u00e9 de l&#039;eau, entre autres. Ce rapport est pr\u00e9par\u00e9 en collaboration avec l&#039;USFWS, le Service des for\u00eats des \u00c9tats-Unis, le Service des parcs nationaux, l&#039;UDWR, la Division des ressources en eau de l&#039;Utah et la Division des parcs et loisirs de l&#039;Utah. Ces organismes ont constat\u00e9 le succ\u00e8s des efforts d&#039;att\u00e9nuation du projet, et l&#039;UDEQ a sp\u00e9cifiquement apport\u00e9 son soutien \u00e0 l&#039;impact positif du projet sur la qualit\u00e9 de l&#039;eau du bassin.<\/p>\n<p>La rivi\u00e8re Bear est un affluent du Grand Lac Sal\u00e9 et n&#039;a historiquement pas abrit\u00e9 d&#039;esp\u00e8ces anadromes ou <span class='tooltipsall tooltip_post_id_5538 classtoolTips75'>catadrome<\/span> Esp\u00e8ces de poissons. Des structures d&#039;am\u00e9lioration de l&#039;habitat ont \u00e9t\u00e9 recommand\u00e9es par les organismes de gestion des ressources, mais la qualit\u00e9 de l&#039;eau du bassin versant a entra\u00een\u00e9 un d\u00e9clin g\u00e9n\u00e9ral de la p\u00eache indig\u00e8ne. Parmi les esp\u00e8ces de poissons r\u00e9sidentes figurent la barbotte noire, l&#039;achigan \u00e0 grande bouche, la marigane noire, le crapet-soleil vert, le poisson-chat et le crapet arlequin\u00a0; \u00e0 l&#039;exception du meunier de l&#039;Utah, aucun poisson indig\u00e8ne n&#039;a \u00e9t\u00e9 recens\u00e9 lors des relev\u00e9s les plus r\u00e9cents du r\u00e9servoir, et aucune esp\u00e8ce de poisson indig\u00e8ne n&#039;a \u00e9t\u00e9 recens\u00e9e dans la rivi\u00e8re Bear en aval du r\u00e9servoir.<\/p>\n<p>Le terrain du projet s&#039;\u00e9tend sur environ 9\u00a0500 acres. Le plan de gestion des ressources du projet pr\u00e9voit des dispositions visant \u00e0 am\u00e9liorer la qualit\u00e9 de l&#039;eau, l&#039;habitat faunique, les paysages, l&#039;acc\u00e8s aux loisirs et les usages agricoles traditionnels. Le ma\u00eetre d&#039;ouvrage a \u00e9tabli une zone tampon de protection s&#039;\u00e9tendant sur au moins 200 pieds \u00e0 partir de la laisse de haute mer du r\u00e9servoir dans la plupart des zones du r\u00e9servoir.<\/p>\n<p><strong>PLUS-Standard:<\/strong> Plus de 1\u00a0225 acres (99,61 TP3T de terres non am\u00e9nag\u00e9es) de plantes (principalement des gramin\u00e9es et des arbustes indig\u00e8nes) ont \u00e9t\u00e9 plant\u00e9s autour du r\u00e9servoir. La zone tampon comprend un programme d&#039;am\u00e9lioration de la v\u00e9g\u00e9tation, la protection et la cr\u00e9ation d&#039;habitats fauniques d\u00e9sign\u00e9s et la restauration d&#039;habitats avec un m\u00e9lange d&#039;herbes et de plantes indig\u00e8nes et non indig\u00e8nes, la mise en place de cl\u00f4tures pour emp\u00eacher les animaux de p\u00e2turage d&#039;\u00e9roder le littoral, et la surveillance annuelle des zones et du respect des conditions de bail par les locataires. Un programme de bail agricole a \u00e9galement \u00e9t\u00e9 mis en place pour fournir des p\u00e2turages et des terres agricoles aux agriculteurs locaux. Ce programme comporte des exigences strictes pour la protection du littoral, notamment des restrictions sur le labourage et l&#039;utilisation de pesticides et d&#039;herbicides.<\/p>\n<p>Les esp\u00e8ces rares ou sensibles pr\u00e9sentes \u00e0 proximit\u00e9 du projet comprennent le pygargue \u00e0 t\u00eate blanche (non r\u00e9pertori\u00e9 dans la zone), le courlis \u00e0 long bec, le hibou des marais et le flotteur de Californie (une esp\u00e8ce de mollusque aquatique)\u00a0; une seule esp\u00e8ce v\u00e9g\u00e9tale menac\u00e9e au niveau f\u00e9d\u00e9ral est pr\u00e9sente sur les terres du projet\u00a0: l&#039;orchid\u00e9e Ute. L&#039;USFWS a confirm\u00e9 que le projet n&#039;a pas d&#039;impact sur les esp\u00e8ces r\u00e9pertori\u00e9es.<\/p>\n<p>Les ressources culturelles de la zone du projet comprennent le barrage et la centrale \u00e9lectrique qui sont r\u00e9pertori\u00e9s sur la liste du patrimoine mondial. <span class='tooltipsall tooltip_post_id_5606 classtoolTips1'>Registre national des lieux historiques<\/span>Le projet fonctionne dans le cadre d&#039;un plan de gestion des ressources culturelles qui contient des dispositions de consultation avec le Bureau de pr\u00e9servation historique de l&#039;\u00c9tat en cas de d\u00e9couverte de nouvelles ressources ainsi que de protection et d&#039;att\u00e9nuation de tout impact du projet sur les ressources r\u00e9pertori\u00e9es.<\/p>\n<p>Les ressources r\u00e9cr\u00e9atives du projet comprennent huit aires de fr\u00e9quentation diurne, deux aires de pique-nique accessibles en bateau, deux sentiers de randonn\u00e9e, une rampe de mise \u00e0 l&#039;eau et trois pistes de cano\u00eb. Les terrains du projet sont utilis\u00e9s pour des activit\u00e9s terrestres (randonn\u00e9e, chasse au gibier de haute montagne, observation des oiseaux, etc.) et nautiques (navigation de plaisance, ski nautique, p\u00eache, chasse \u00e0 la sauvagine, etc.). L&#039;acc\u00e8s public est gratuit.<\/p>\n<p>Des d\u00e9tails suppl\u00e9mentaires concernant le projet hydro\u00e9lectrique Cutler et son processus de renouvellement de licence en cours peuvent \u00eatre trouv\u00e9s <a href=\"https:\/\/www.pacificorp.com\/energy\/hydro\/cutler.html\">ICI<\/a>.<\/p>\n<hr \/>\n<h3>\u00c9tat de conformit\u00e9<\/h3>\n<p><strong>Le certificat comprend les conditions sp\u00e9cifiques \u00e0 l&#039;\u00e9tablissement suivantes :<\/strong><\/p>\n<p><strong>Condition 1.<\/strong>\u00a0 Le propri\u00e9taire de l&#039;installation doit informer la Division des ressources fauniques de l&#039;Utah, responsable aquatique de la r\u00e9gion nord, avant tout abaissement du niveau du r\u00e9servoir qui d\u00e9passe les conditions normales de fonctionnement de Cutler, et travailler avec cette agence pour minimiser l&#039;impact d&#039;un tel abaissement sur les esp\u00e8ces aquatiques sensibles.<\/p>\n<p><strong><em>Condition satisfaite en 2019.<\/em> Condition 2.<\/strong>\u00a0 Si une population viable de drageons \u00e0 t\u00eate bleue (<em>Catostomus discobolus<\/em>) se trouve dans ou en dessous de Cutler <span class='tooltipsall tooltip_post_id_5633 classtoolTips103'>R\u00e9servoir<\/span> \u00c0 l&#039;avenir, une r\u00e9union entre PacifiCorp et l&#039;UDWR sera organis\u00e9e afin de discuter des besoins li\u00e9s au cycle biologique de cette esp\u00e8ce. Le propri\u00e9taire de l&#039;\u00e9tablissement devra informer le LIHI dans les 30 jours suivant toute constatation et le tenir inform\u00e9 des r\u00e9sultats et des mesures prises suite aux discussions avec l&#039;UDWR.<\/p>\n<p><strong>2025:<\/strong> Aucun changement important ni probl\u00e8me de conformit\u00e9 n&#039;ont \u00e9t\u00e9 relev\u00e9s. Le projet demeure conforme suite \u00e0 l&#039;examen annuel. Concernant la condition 1, aucune activit\u00e9 n&#039;a \u00e9t\u00e9 signal\u00e9e. Le projet est toujours en attente d&#039;une nouvelle autorisation de la FERC, dont l&#039;obtention d\u00e9clenchera un examen \u00e0 mi-parcours des impacts environnementaux li\u00e9s au projet (LIHI).<\/p>\n<p><strong>2024:<\/strong> Aucun changement important ni probl\u00e8me de conformit\u00e9 n&#039;a \u00e9t\u00e9 identifi\u00e9. Le projet demeure conforme suite \u00e0 l&#039;examen annuel. Concernant la condition 1, le projet n&#039;a signal\u00e9 aucune activit\u00e9. La FERC a publi\u00e9 son \u00e9valuation environnementale de renouvellement de licence le 26 juillet 2024.<\/p>\n<p><strong>2023:<\/strong> Aucun changement important ni probl\u00e8me de conformit\u00e9 n&#039;a \u00e9t\u00e9 identifi\u00e9. Le projet demeure conforme suite \u00e0 l&#039;examen annuel. Concernant la condition 1, le projet n&#039;a signal\u00e9 aucune activit\u00e9. Le projet a d\u00e9clar\u00e9 avoir volontairement mis en \u0153uvre des am\u00e9liorations avant l&#039;obtention du permis, notamment l&#039;am\u00e9lioration de l&#039;habitat du monarque et d&#039;autres pollinisateurs gr\u00e2ce \u00e0 de nouvelles plantations d&#039;ascl\u00e9piades et de plantes fourrag\u00e8res pour les pollinisateurs, la protection et l&#039;am\u00e9lioration de l&#039;habitat de l&#039;orchid\u00e9e \u00e0 tresses de dames d&#039;Ute, l&#039;adoption des nouvelles dispositions du plan de gestion des propri\u00e9t\u00e9s historiques pour les projets susceptibles de se concr\u00e9tiser pendant la p\u00e9riode int\u00e9rimaire, et certaines am\u00e9liorations recommand\u00e9es pour les loisirs.<\/p>\n<p><strong>2022:<\/strong> Aucun changement important ni probl\u00e8me de conformit\u00e9 n&#039;a \u00e9t\u00e9 identifi\u00e9. Le projet demeure conforme suite \u00e0 l&#039;examen annuel. Concernant la condition 1, le projet n&#039;a signal\u00e9 aucune activit\u00e9. Le projet a d\u00e9pos\u00e9 sa demande finale de renouvellement de licence aupr\u00e8s de la FERC le 28\/03\/2022 et a re\u00e7u un nouveau certificat d&#039;\u00c9tat pour la qualit\u00e9 de l&#039;eau le 13 octobre 2022.<\/p>\n<p><strong>2021:<\/strong> Aucun changement ni probl\u00e8me de conformit\u00e9 n&#039;a \u00e9t\u00e9 signal\u00e9. Le projet reste conforme suite \u00e0 l&#039;examen annuel. Concernant la condition 1, le projet n&#039;a signal\u00e9 aucune activit\u00e9. Le projet a d\u00e9pos\u00e9 son projet de demande de renouvellement de licence aupr\u00e8s de la FERC le 29\/10\/2021.<\/p>\n<p><strong>2020:<\/strong> Aucun changement ni probl\u00e8me de conformit\u00e9 n&#039;a \u00e9t\u00e9 signal\u00e9. Le projet demeure conforme suite \u00e0 l&#039;examen annuel. Concernant la condition 1, aucune activit\u00e9 n&#039;a \u00e9t\u00e9 signal\u00e9e.<\/p>\n<p><strong>2019:<\/strong> Aucun changement ni probl\u00e8me de conformit\u00e9 n&#039;a \u00e9t\u00e9 signal\u00e9. Le projet reste conforme suite \u00e0 l&#039;examen annuel. Le renouvellement de la licence de la FERC a d\u00e9but\u00e9 avec le d\u00e9p\u00f4t du PAD le 29\/03\/2019. Concernant la condition 1, le projet a rendu compte de la consultation et de l&#039;ach\u00e8vement d&#039;un projet de rabattement du bassin de retenue, avec l&#039;approbation de l&#039;agence. Concernant la condition 2, le projet a rendu compte d&#039;une enqu\u00eate sur les p\u00eacheries de l&#039;\u00c9tat qui n&#039;a r\u00e9v\u00e9l\u00e9 aucun meunier \u00e0 t\u00eate bleue, satisfaisant ainsi \u00e0 cette condition.<\/p>\n<p><strong>2018:<\/strong> Aucun changement ni probl\u00e8me de conformit\u00e9 n&#039;a \u00e9t\u00e9 signal\u00e9. Le projet demeure conforme suite \u00e0 l&#039;examen annuel. Concernant la condition 1, le projet n&#039;a signal\u00e9 aucune activit\u00e9. Concernant la condition 2, le projet n&#039;a signal\u00e9 aucun changement de statut.<\/p>\n<p><strong>2017:<\/strong> Aucun changement ni probl\u00e8me de conformit\u00e9 n&#039;a \u00e9t\u00e9 signal\u00e9. Le projet reste conforme sur la base de l&#039;examen annuel.<\/p>\n<p><strong>2016:<\/strong> Aucun changement ni probl\u00e8me de conformit\u00e9 n&#039;a \u00e9t\u00e9 signal\u00e9. Le projet reste conforme sur la base de l&#039;examen annuel.<\/p>\n<p><strong>2015:<\/strong> Aucun changement ni probl\u00e8me de conformit\u00e9 n&#039;a \u00e9t\u00e9 signal\u00e9. Le projet reste conforme sur la base de l&#039;examen annuel.<\/p>\n<p><strong>2014:<\/strong> Le rapport annuel pour le certificat actuel n\u2019est pas encore entr\u00e9 en vigueur.<\/p>\n<hr \/>\n<h3>Historique des certifications<\/h3>\n<p><strong>28 juin 2022 :<\/strong> Conform\u00e9ment \u00e0 la section 6.1 du manuel du LIHI, le comit\u00e9 technique du LIHI a r\u00e9cemment vot\u00e9 pour prolonger la dur\u00e9e actuelle du certificat d&#039;un an afin de permettre au processus de renouvellement de licence de la FERC de se terminer.<\/p>\n<p><strong>12 ao\u00fbt 2015 :<\/strong> Michael J. Sale, directeur ex\u00e9cutif du LIHI, exer\u00e7ant les pouvoirs d\u00e9l\u00e9gu\u00e9s par le conseil d&#039;administration du LIHI, a d\u00e9termin\u00e9 que le projet hydro\u00e9lectrique Cutler (FERC n\u00b0 2420) continue de satisfaire aux crit\u00e8res de certification du LIHI. La certification du projet Cutler entrera en vigueur le 31 d\u00e9cembre 2014 pour une dur\u00e9e de huit (8) ans, qui expirera le 31 d\u00e9cembre 2022.<\/p>\n<p><strong>3 f\u00e9vrier 2015 :\u00a0<\/strong>Le Low Impact Hydropower Institute a re\u00e7u une demande compl\u00e8te et ponctuelle pour un nouveau mandat de certification \u00e0 faible impact pour le projet hydro\u00e9lectrique Cutler le 20 novembre 2014. Veuillez consulter les dossiers de candidature ci-dessous.<\/p>\n<p><strong>22 octobre 2010 :<\/strong> Le projet hydro\u00e9lectrique Cutler a \u00e9t\u00e9 certifi\u00e9 comme \u00e9tant \u00e0 faible impact pour une dur\u00e9e de cinq ans, \u00e0 compter du 31 d\u00e9cembre 2009 et expirant le 31 d\u00e9cembre 2014.<\/p>\n<p><strong>31 d\u00e9cembre 2009 :<\/strong> PacifiCorp Energy a d\u00e9pos\u00e9 une demande de certification pour le projet hydro\u00e9lectrique Cutler. La p\u00e9riode de consultation publique sera ouverte pendant 60 jours.<\/p>\n<hr \/>\n<h3>Dossiers de certification<\/h3>\n<h4>Recertification 2014<\/h4>\n<ul style=\"color: black;\">\n<li><a href=\"https:\/\/lowimpacthydro.org\/wp-content\/uploads\/2020\/08\/2015-Cutler-Recertification-Report.pdf\">Rapport d&#039;examen de recertification Cutler 2015<\/a><\/li>\n<li><a href=\"https:\/\/lowimpacthydro.org\/wp-content\/uploads\/2020\/08\/2014-Cutler-Recertification-Questionnaire.pdf\">Questionnaire de recertification Cutler 2014<\/a><\/li>\n<li><a href=\"https:\/\/lowimpacthydro.org\/wp-content\/uploads\/2020\/08\/Cutler-Attachments-to-Questionniare.pdf\">Pi\u00e8ces jointes au questionnaire de recertification Cutler<\/a><\/li>\n<\/ul>\n<h4>Certification 2010<\/h4>\n<ul style=\"color: black;\">\n<li><a href=\"https:\/\/lowimpacthydro.org\/wp-content\/uploads\/2020\/09\/Cutler-Report_Final.pdf\">Rapport d&#039;examen de la certification Cutler<\/a><\/li>\n<li><a href=\"https:\/\/lowimpacthydro.org\/wp-content\/uploads\/2020\/09\/Cutler-Questionnaire.pdf\">Questionnaire de certification Cutler<\/a><\/li>\n<li><a href=\"https:\/\/lowimpacthydro.org\/wp-content\/uploads\/2020\/09\/Cutler-Attachments-to-Questionniare.pdf\">Pi\u00e8ces jointes au questionnaire de certification Cutler<\/a><\/li>\n<\/ul>\n<hr \/>\n<h3>Documents cl\u00e9s<\/h3>\n<ul>\n<li><a href=\"https:\/\/lowimpacthydro.org\/wp-content\/uploads\/2023\/06\/1994-FERC-License-and-EA-Cutler.pdf\">Licence FERC et \u00e9valuation environnementale de 1994<\/a><\/li>\n<li><a href=\"https:\/\/lowimpacthydro.org\/wp-content\/uploads\/2023\/06\/1991-WQC-Cutler.pdf\">Certification de la qualit\u00e9 de l&#039;eau 1991<\/a><\/li>\n<li><a href=\"https:\/\/lowimpacthydro.org\/wp-content\/uploads\/2023\/06\/20221216-5249_Section-401-Water-Quality-Certification_Cutler-Reservoir.pdf\">Certification de la qualit\u00e9 de l&#039;eau 2002<\/a><\/li>\n<\/ul>","protected":false},"excerpt":{"rendered":"<p>Project Name Cutler LIHI Certificate No. 62 LIHI Certificate Term December 31, 2014 &#8211; December 31, 2022, extended to December 31, 2026 Owner PacifiCorp Energy State<span class=\"excerpt-hellip\"> [\u2026]<\/span><\/p>\n","protected":false},"author":3,"featured_media":-1,"parent":0,"menu_order":0,"comment_status":"closed","ping_status":"closed","template":"","meta":{"_coblocks_attr":"","_coblocks_dimensions":"","_coblocks_responsive_height":"","_coblocks_accordion_ie_support":"","om_disable_all_campaigns":false,"_monsterinsights_skip_tracking":false,"_monsterinsights_sitenote_active":false,"_monsterinsights_sitenote_note":"","_monsterinsights_sitenote_category":0,"footnotes":""},"class_list":["post-1747","page","type-page","status-publish","has-post-thumbnail","hentry"],"aioseo_notices":[],"_links":{"self":[{"href":"https:\/\/lowimpacthydro.org\/fr\/wp-json\/wp\/v2\/pages\/1747","targetHints":{"allow":["GET"]}}],"collection":[{"href":"https:\/\/lowimpacthydro.org\/fr\/wp-json\/wp\/v2\/pages"}],"about":[{"href":"https:\/\/lowimpacthydro.org\/fr\/wp-json\/wp\/v2\/types\/page"}],"author":[{"embeddable":true,"href":"https:\/\/lowimpacthydro.org\/fr\/wp-json\/wp\/v2\/users\/3"}],"replies":[{"embeddable":true,"href":"https:\/\/lowimpacthydro.org\/fr\/wp-json\/wp\/v2\/comments?post=1747"}],"version-history":[{"count":16,"href":"https:\/\/lowimpacthydro.org\/fr\/wp-json\/wp\/v2\/pages\/1747\/revisions"}],"predecessor-version":[{"id":10261,"href":"https:\/\/lowimpacthydro.org\/fr\/wp-json\/wp\/v2\/pages\/1747\/revisions\/10261"}],"wp:featuredmedia":[{"embeddable":true,"href":"https:\/\/lowimpacthydro.org\/fr\/wp-json\/"}],"wp:attachment":[{"href":"https:\/\/lowimpacthydro.org\/fr\/wp-json\/wp\/v2\/media?parent=1747"}],"curies":[{"name":"wp","href":"https:\/\/api.w.org\/{rel}","templated":true}]}}