{"id":1735,"date":"2020-07-26T12:15:59","date_gmt":"2020-07-26T16:15:59","guid":{"rendered":"https:\/\/lowimpacthydro.org\/?page_id=1735"},"modified":"2025-07-15T09:38:19","modified_gmt":"2025-07-15T13:38:19","slug":"lihi-certificate-64-penacook-lower-hydroelectric-project-new-hampshire","status":"publish","type":"page","link":"https:\/\/lowimpacthydro.org\/fr\/lihi-certificate-64-penacook-lower-hydroelectric-project-new-hampshire\/","title":{"rendered":"Certificat LIHI #64 \u2013 Projet hydro\u00e9lectrique de Penacook Lower Falls, New Hampshire"},"content":{"rendered":"<table class=\"alignright\" style=\"width: 351px; border: 2px; cellspacing: 2px; cellpadding: 2px; margin-left: 50px;\">\n<tbody>\n<tr>\n<td style=\"width: 154px;\"><strong>Nom du projet<\/strong><\/td>\n<td style=\"width: 211px;\">Chutes inf\u00e9rieures de Penacook<\/td>\n<\/tr>\n<tr>\n<td style=\"width: 154px;\"><strong>Num\u00e9ro de certificat LIHI<\/strong><\/td>\n<td style=\"width: 211px;\">64<\/td>\n<\/tr>\n<tr>\n<td style=\"width: 154px;\"><strong>Dur\u00e9e du certificat LIHI<\/strong><\/td>\n<td style=\"width: 211px;\">13 ao\u00fbt 2020 \u2013 12 ao\u00fbt 2030<\/td>\n<\/tr>\n<tr>\n<td style=\"width: 154px;\"><strong>Propri\u00e9taire<\/strong><\/td>\n<td style=\"width: 211px;\">Briar Hydro Associates, une filiale d&#039;Essex Hydro Associates, LLC<\/td>\n<\/tr>\n<tr>\n<td style=\"width: 154px;\"><strong>\u00c9tat<\/strong><\/td>\n<td style=\"width: 211px;\">New Hampshire<\/td>\n<\/tr>\n<tr>\n<td style=\"width: 154px;\"><strong>Emplacement<\/strong><\/td>\n<td style=\"width: 211px;\">Situ\u00e9 au mile 0,3 sur la rivi\u00e8re Contoocook dans le village de Penacook, New Hampshire.<\/td>\n<\/tr>\n<tr>\n<td style=\"width: 154px;\"><strong>Capacit\u00e9 install\u00e9e<\/strong><\/td>\n<td style=\"width: 211px;\">4,6 MW<\/td>\n<\/tr>\n<tr>\n<td style=\"width: 154px;\"><strong>G\u00e9n\u00e9ration annuelle moyenne<\/strong><\/td>\n<td style=\"width: 211px;\">20 092 MWh<\/td>\n<\/tr>\n<tr>\n<td style=\"width: 154px;\"><strong>Type d&#039;\u00e9tablissement<\/strong><\/td>\n<td style=\"width: 211px;\"><span class='tooltipsall tooltip_post_id_5643 classtoolTips52'>Au fil de l&#039;eau<\/span><\/td>\n<\/tr>\n<tr>\n<td style=\"width: 154px;\"><strong><span class='tooltipsall tooltip_post_id_5565 classtoolTips152'>F\u00e9d\u00e9ration internationale de radio-t\u00e9l\u00e9vision (FERC)<\/span> Non.<\/strong><\/td>\n<td style=\"width: 211px;\">P-3342 d\u00e9livr\u00e9 en 1982, expire le 30\/11\/2024<\/td>\n<\/tr>\n<\/tbody>\n<\/table>\n<p>Le projet des chutes inf\u00e9rieures de Penacook est situ\u00e9 sur la rivi\u00e8re Contoocook, dans le village de Penacook, qui comprend une petite partie de la ville de Boscawen et l&#039;extr\u00e9mit\u00e9 nord de la ville de Concord, dans le New Hampshire. La rivi\u00e8re Contoocook prend sa source sur le versant oriental du mont Monadnock, dans le sud-est du New Hampshire, et se jette \u00e0 sa confluence avec la rivi\u00e8re Merrimack, \u00e0 Concord. Longue d&#039;environ 114 kilom\u00e8tres, elle coule g\u00e9n\u00e9ralement vers le nord-est, traverse les villes de Jaffrey, Peterborough, Bennington, Antrim, Hillsboro, Henniker et Contoocook jusqu&#039;\u00e0 Concord. Le niveau de la rivi\u00e8re chute d&#039;environ 40 m\u00e8tres sur les 32 derniers kilom\u00e8tres, ce qui explique le d\u00e9veloppement de nombreux moulins \u00e0 eau au cours des deux derniers si\u00e8cles. Ses principaux affluents, les rivi\u00e8res Warner et Blackwater, arrivent tous deux par le nord, \u00e0 environ trois kilom\u00e8tres l&#039;un de l&#039;autre, pr\u00e8s du village de Contoocook. Ce projet est le premier. <span class='tooltipsall tooltip_post_id_5545 classtoolTips158'>barrage<\/span> sur la rivi\u00e8re et situ\u00e9 en aval de la <a href=\"https:\/\/lowimpacthydro.org\/fr\/lihi-certificate-104-rolfe-canal-hydroelectric-project-new-hampshire\/\">Rolfe <span class='tooltipsall tooltip_post_id_5537 classtoolTips143'>Canal<\/span> Projet (LIHI #104)<\/a> qui comprend York <span class='tooltipsall tooltip_post_id_5545 classtoolTips158'>Barrage<\/span> appartenant \u00e0 l&#039;\u00c9tat du New Hampshire et \u00e0 la <a href=\"https:\/\/lowimpacthydro.org\/fr\/lihi-certificate-52-penacook-upper-hydroelectric-project-new-hampshire\/\">Projet des chutes sup\u00e9rieures de Penacook (LIHI #52)<\/a>, ainsi que de nombreux autres barrages en amont, notamment le barrage de contr\u00f4le des crues de Hopkinton du Corps des ing\u00e9nieurs de l&#039;arm\u00e9e am\u00e9ricaine.<\/p>\n<p>Le projet a d\u00e9but\u00e9 ses activit\u00e9s en 1984, lorsque la construction des installations a \u00e9t\u00e9 achev\u00e9e sur le barrage Allied Leather reconstruit. Les travaux comprennent une installation en b\u00e9ton. <span class='tooltipsall tooltip_post_id_5551 classtoolTips110'>d\u00e9rivation<\/span> <span class='tooltipsall tooltip_post_id_5651 classtoolTips116'>d\u00e9versoir<\/span> avec trois poutres de 9,5 pieds sur 10 pieds de haut <span class='tooltipsall tooltip_post_id_5578 classtoolTips153'>portes<\/span> et sept vannes \u00e0 poutrelles en bois ; un d\u00e9versoir auxiliaire gravitaire en b\u00e9ton de 316 pieds de long et un d\u00e9versoir principal en b\u00e9ton, ferm\u00e9 et de 106 pieds de long ; un bassin d&#039;admission de 70 pieds de long ; un d\u00e9versoir en b\u00e9ton <span class='tooltipsall tooltip_post_id_5624 classtoolTips102'>centrale<\/span> Elle comprend une turbine\/g\u00e9n\u00e9rateur \u00e0 tube horizontal unique d&#039;une puissance install\u00e9e de 4\u00a0110 kW et un canal de fuite creus\u00e9 dans la roche sur 213 m\u00e8tres de long. La centrale est construite sur le substrat rocheux, suivant le m\u00eame trac\u00e9 que l&#039;axe du profil de la rivi\u00e8re.<\/p>\n<p>Le projet op\u00e8re dans un <span class='tooltipsall tooltip_post_id_5643 classtoolTips52'>au fil de l&#039;eau<\/span> Le projet pr\u00e9voit un mode de fonctionnement et la mise en eau d&#039;un r\u00e9servoir de 8,4 acres. Ce projet assure un d\u00e9bit minimal continu de 338 pi\u00b3\/s, soit un apport d&#039;eau dans le tron\u00e7on contourn\u00e9 de 680 pieds de long. Ce r\u00e9gime d&#039;\u00e9coulement a \u00e9t\u00e9 \u00e9labor\u00e9 conform\u00e9ment aux recommandations du minist\u00e8re de l&#039;Int\u00e9rieur des \u00c9tats-Unis afin de prot\u00e9ger les organismes aquatiques r\u00e9sidents et migrateurs.<\/p>\n<p>Les eaux situ\u00e9es dans le p\u00e9rim\u00e8tre du projet sont consid\u00e9r\u00e9es comme respectant pleinement les param\u00e8tres de qualit\u00e9 de l&#039;eau, notamment l&#039;oxyg\u00e8ne dissous, le phosphore total et la chlorophylle-a. Le bassin de retenue est class\u00e9 comme alt\u00e9r\u00e9 en raison du pH, probablement d\u00fb aux d\u00e9p\u00f4ts atmosph\u00e9riques (pluies acides) et non aux activit\u00e9s du projet. Ces r\u00e9sultats sont le fruit d&#039;un \u00e9chantillonnage de la qualit\u00e9 de l&#039;eau r\u00e9alis\u00e9 et examin\u00e9 par le D\u00e9partement des services environnementaux du New Hampshire.<\/p>\n<p>Migratoire <span class='tooltipsall tooltip_post_id_5566 classtoolTips59'>passage des poissons<\/span> Actuellement, les barrages de la rivi\u00e8re Contoocook ne sont pas accessibles. Des programmes de restauration des stocks de poissons sont en cours dans le bassin de la rivi\u00e8re Merrimack, ciblant sp\u00e9cifiquement les populations d&#039;aloses savoureuses. Lorsque 15\u00a0000 individus d&#039;aloses savoureuses passeront, <a href=\"https:\/\/lowimpacthydro.org\/fr\/lihi-certificate-162-hooksett-hydroelectric-project-new-hampshire\/\">Barrage de Hooksett (LIHI #162)<\/a> Sur la rivi\u00e8re Merrimack, le prochain barrage en amont, Garvin&#039;s Falls, commencera \u00e0 planifier des installations de passage en amont. Le ma\u00eetre d&#039;ouvrage a collabor\u00e9 activement avec le Service am\u00e9ricain de la p\u00eache et de la faune sauvage (USFWS) et le D\u00e9partement de la p\u00eache et de la chasse du New Hampshire afin d&#039;\u00e9valuer les ressources de passage des poissons en amont et en aval. L&#039;anguille d&#039;Am\u00e9rique est pr\u00e9sente dans la rivi\u00e8re Contoocook et il est probable qu&#039;elle puisse naturellement passer en amont du barrage, puisqu&#039;elle a \u00e9t\u00e9 observ\u00e9e en amont du projet.<\/p>\n<p>Le passage en aval est actuellement assur\u00e9 par une conduite \u00e0 d\u00e9bit continu de 40 pi\u00b3\/s (11,7 m\u00b3\/s) situ\u00e9e dans un d\u00e9versoir en b\u00e9ton ferm\u00e9. Ce passage est exploit\u00e9 du 1er mai au 30 juin de chaque ann\u00e9e, conform\u00e9ment aux prescriptions de l&#039;USFWS. Les trois projets sur le cours inf\u00e9rieur de la rivi\u00e8re Contoocook appartiennent \u00e0 la m\u00eame entreprise et sont tous interrompus trois nuits cons\u00e9cutives apr\u00e8s des pluies de 0,6 cm (0,65 cm) afin de faciliter le passage des anguilles.<\/p>\n<p>Le terrain du projet s&#039;\u00e9tend sur environ 1,6 hectare dans une zone am\u00e9nag\u00e9e pr\u00e8s du centre du village de Penacook, entour\u00e9e de lotissements r\u00e9sidentiels et commerciaux. Les berges sont v\u00e9g\u00e9talis\u00e9es, m\u00eame si certaines zones le sont de fa\u00e7on limit\u00e9e. Compte tenu de la faible emprise du projet et de son caract\u00e8re am\u00e9nag\u00e9, la zone ne pr\u00e9sente aucune valeur \u00e9cologique significative. L&#039;exploitation au fil de l&#039;eau minimise le risque d&#039;\u00e9rosion des berges.<\/p>\n<p>Parmi les esp\u00e8ces menac\u00e9es ou en voie de disparition potentiellement pr\u00e9sentes \u00e0 proximit\u00e9 du projet figurent le vespertilion nordique et l&#039;alasmidonte renfl\u00e9e (en aval du projet). Bien que le projet se situe dans l&#039;aire de r\u00e9partition du vespertilion nordique, aucun habitat essentiel n&#039;existe dans la zone du projet. Dans le cadre du renouvellement de son permis par la FERC, le propri\u00e9taire effectue actuellement des relev\u00e9s de moules d&#039;eau douce.<\/p>\n<p>Une consultation aupr\u00e8s de la Division des ressources historiques du New Hampshire a confirm\u00e9 l&#039;absence de ressources culturelles ou historiques dans la zone du projet. En aval du projet se trouve le monument Hannah Duston, premi\u00e8re statue financ\u00e9e par des fonds publics dans le New Hampshire. Ce site est potentiellement \u00e9ligible \u00e0 l&#039;inscription sur la Liste du patrimoine mondial. <span class='tooltipsall tooltip_post_id_5606 classtoolTips1'>Registre national des lieux historiques<\/span>Les op\u00e9rations du projet n\u2019entra\u00eenent aucun impact n\u00e9gatif sur le site.<\/p>\n<p>Les ressources r\u00e9cr\u00e9atives du projet comprennent une rampe de mise \u00e0 l&#039;eau et un acc\u00e8s \u00e0 la p\u00eache. L&#039;acc\u00e8s public est gratuit.<\/p>\n<hr \/>\n<h3>\u00c9tat de conformit\u00e9<\/h3>\n<p><strong>Le certificat comprend la condition suivante :<\/strong><\/p>\n<p><strong>Condition 1<\/strong>La licence de la FERC expire le 31 octobre 2024, pendant la nouvelle p\u00e9riode d&#039;autorisation du LIHI. Le propri\u00e9taire de l&#039;installation devra informer le LIHI, dans ses d\u00e9clarations annuelles de conformit\u00e9, de l&#039;\u00e9tat d&#039;avancement du renouvellement de la licence du projet, y compris les rapports d&#039;\u00e9tude d\u00e9pos\u00e9s, les commentaires des organismes concern\u00e9s, toute \u00e9tude suppl\u00e9mentaire requise, avec son p\u00e9rim\u00e8tre et son calendrier, tous les documents d\u00e9pos\u00e9s aupr\u00e8s de la FERC, les consultations des organismes de ressources, ainsi que leurs prescriptions et recommandations. Le LIHI se r\u00e9serve le droit de modifier le certificat ou les conditions en fonction des r\u00e9sultats du renouvellement de la licence.<\/p>\n<p><strong>2025:<\/strong> Aucun changement important ni probl\u00e8me de conformit\u00e9 n&#039;a \u00e9t\u00e9 identifi\u00e9. Le projet demeure conforme suite \u00e0 l&#039;examen annuel. Concernant la condition 1, le projet est en attente d&#039;une certification de la qualit\u00e9 de l&#039;eau et d&#039;une \u00e9valuation environnementale de la FERC.<\/p>\n<p><strong>2024:<\/strong> Aucun changement important ni probl\u00e8me de conformit\u00e9 n&#039;a \u00e9t\u00e9 identifi\u00e9. Le projet demeure conforme suite \u00e0 l&#039;examen annuel. Concernant la condition 1, le projet a indiqu\u00e9 que la FERC avait \u00e9mis son avis \u00ab\u00a0Pr\u00eat pour l&#039;analyse environnementale\u00a0\u00bb le 20 juin 2024.<\/p>\n<p><strong>2023:<\/strong> Aucun changement important ni probl\u00e8me de conformit\u00e9 n&#039;a \u00e9t\u00e9 identifi\u00e9. Le projet demeure conforme suite \u00e0 l&#039;examen annuel. Concernant la condition 1, le projet a d\u00e9clar\u00e9 avoir d\u00e9pos\u00e9 sa demande de renouvellement de licence d\u00e9finitive le 30 novembre 2022.<\/p>\n<p><strong>2022:<\/strong> Aucun changement important ni probl\u00e8me de conformit\u00e9 n&#039;a \u00e9t\u00e9 identifi\u00e9. Le projet demeure conforme \u00e0 l&#039;issue de l&#039;examen annuel. Concernant la condition 1, le projet a d\u00e9clar\u00e9 avoir d\u00e9pos\u00e9 des projets de rapports d&#039;\u00e9tude aupr\u00e8s du NHDES et pr\u00e9voit de d\u00e9poser le projet de demande de licence en juillet 2022, la demande finale devant \u00eatre d\u00e9pos\u00e9e au plus tard le 30 novembre 2022. <strong><br \/>\n<\/strong><\/p>\n<p><strong>2021:<\/strong> Le rapport annuel pour le certificat actuel n\u2019est pas encore entr\u00e9 en vigueur.<\/p>\n<hr \/>\n<h3>Historique des certifications<\/h3>\n<p><strong>1er janvier 2022 :<\/strong> La dur\u00e9e du certificat LIHI a \u00e9t\u00e9 prolong\u00e9e conform\u00e9ment \u00e0 la r\u00e9vision 2.05 du manuel de certification LIHI 2e \u00e9dition publi\u00e9 le 1er janvier 2022. Reportez-vous au tableau des \u00e9tablissements ci-dessus pour conna\u00eetre la nouvelle dur\u00e9e.<\/p>\n<p><strong>4 novembre 2021 :<\/strong> Le Low Impact Hydropower Institute a rendu sa d\u00e9cision finale concernant la recertification du projet Penacook Lower Falls. Le d\u00e9lai d&#039;appel de 30 jours s&#039;est termin\u00e9 le 31 octobre 2021 et aucun appel n&#039;a \u00e9t\u00e9 d\u00e9pos\u00e9. Par cons\u00e9quent, la d\u00e9cision de recertifier le projet est d\u00e9sormais d\u00e9finitive. La nouvelle p\u00e9riode d&#039;appel s&#039;\u00e9tend du 13 ao\u00fbt 2020 au 12 ao\u00fbt 2025.<\/p>\n<p><strong>1er octobre 2021 : <\/strong>Le Low Impact Hydropower Institute (LIHI) a approuv\u00e9 \u00e0 titre pr\u00e9liminaire le projet Penacook Lower Falls pour une certification \u00e0 faible impact d&#039;une dur\u00e9e de cinq ans. Cette d\u00e9cision est provisoire, dans l&#039;attente d&#039;un d\u00e9lai d&#039;appel de 30 jours. Seuls les participants ayant comment\u00e9 la demande initiale pendant ce d\u00e9lai de 60 jours sont autoris\u00e9s \u00e0 d\u00e9poser un recours. Ce recours doit inclure une explication expliquant en quoi le projet ne r\u00e9pond pas aux crit\u00e8res du LIHI. Les demandes de recours peuvent \u00eatre soumises par courriel \u00e0 l&#039;adresse suivante\u00a0: <a href=\"#\">comments@lowimpacthydro.org<\/a> avec \u00ab\u00a0Projet des chutes inf\u00e9rieures de Penacook\u00a0\u00bb en objet, ou par courrier adress\u00e9 au Low Impact Hydropower Institute, 1167 Massachusetts Ave, bureau 407, Arlington, MA 02476. Toutes les demandes seront publi\u00e9es sur le site web. Le demandeur aura la possibilit\u00e9 de r\u00e9pondre, et toute r\u00e9ponse sera \u00e9galement publi\u00e9e. <strong>Les demandes doivent \u00eatre re\u00e7ues avant 17 h, heure de l\u2019Est, le 31 octobre 2021.<\/strong> Le dossier complet et le rapport d&#039;\u00e9valuation sont disponibles ci-dessous. Si aucune demande d&#039;appel n&#039;est re\u00e7ue et que la d\u00e9cision devient d\u00e9finitive, la p\u00e9riode de certification du projet s&#039;\u00e9tendra du 13 ao\u00fbt 2020 au 12 ao\u00fbt 2025.<\/p>\n<p><strong>16 juillet 2021 :<\/strong> Le Low Impact Hydropower Institute (LIHI) a re\u00e7u une demande compl\u00e8te de recertification de Briar Hydro Associates pour le projet Penacook Lower Falls, situ\u00e9 sur la rivi\u00e8re Contoocook, dans le New Hampshire. Le LIHI sollicite des commentaires sur cette demande. Les commentaires directement li\u00e9s \u00e0 ses crit\u00e8res sp\u00e9cifiques (d\u00e9bits, qualit\u00e9 de l&#039;eau, passage des poissons, etc.) seront les plus utiles, mais tous les commentaires seront pris en compte. Vous pouvez envoyer vos commentaires au LIHI par courriel \u00e0 l&#039;adresse suivante\u00a0:<a href=\"#\"> comments@lowimpacthydro.org<\/a> avec \u00ab\u00a0Commentaires sur le projet Penacook Lower Falls\u00a0\u00bb dans la ligne d&#039;objet, ou par courrier adress\u00e9 au Low Impact Hydropower Institute, 1167 Massachusetts Avenue, Bureau 407, Arlington, MA 02476. <strong>Les commentaires doivent \u00eatre re\u00e7us \u00e0 l\u2019Institut au plus tard \u00e0 17 heures, heure de l\u2019Est, le 14 septembre 2021 pour \u00eatre pris en compte.<\/strong> Tous les commentaires seront publi\u00e9s sur le site Web et le candidat aura la possibilit\u00e9 d&#039;y r\u00e9pondre. Toute r\u00e9ponse sera \u00e9galement publi\u00e9e. Le dossier de candidature complet se trouve ci-dessous.<\/p>\n<p><strong>5 ao\u00fbt 2016 :<\/strong>\u00a0Michael J. Sale, directeur g\u00e9n\u00e9ral du LIHI, s&#039;appuyant sur les pouvoirs d\u00e9l\u00e9gu\u00e9s par le conseil d&#039;administration du LIHI, a certifi\u00e9 que le projet hydro\u00e9lectrique du cours inf\u00e9rieur de Penacook (FERC n\u00b0 P-3342) satisfait aux crit\u00e8res de certification du LIHI. Une d\u00e9cision pr\u00e9liminaire a \u00e9t\u00e9 annonc\u00e9e le 17 juin 2016, et un d\u00e9lai d&#039;appel de 30 jours \u00e9tait ouvert jusqu&#039;au 17 juillet 2016. Aucune demande d&#039;appel n&#039;a \u00e9t\u00e9 re\u00e7ue. Cette d\u00e9cision de certification comporte deux conditions sp\u00e9cifiques \u00e0 l&#039;installation\u00a0:<\/p>\n<ul style=\"color: black;\">\n<li><strong><em>Condition satisfaite 2017.<\/em> Condition 1.<\/strong>\u00a0 Le propri\u00e9taire de l&#039;installation doit consulter le NHDES pour d\u00e9terminer la mani\u00e8re la plus appropri\u00e9e et la plus efficace de rendre compte des d\u00e9bits minimums et des fluctuations du niveau des \u00e9tangs, puis, apr\u00e8s avoir conclu un accord avec le NHDES sur les meilleures m\u00e9thodes, compl\u00e9ter le rapport de synth\u00e8se sur le sujet au plus tard \u00e0 la fin d\u00e9cembre 2016. Le propri\u00e9taire doit fournir une copie de ce rapport au LIHI ainsi que toute la correspondance connexe.<\/li>\n<li><strong><em>Condition satisfaite 2018. <\/em>Condition 2.<\/strong>\u00a0 Dans les 30 jours suivant la recertification du LIHI, le propri\u00e9taire de l&#039;installation devra finaliser les consultations avec le NHDES afin de finaliser les d\u00e9tails d&#039;une approche alternative pour les analyses ponctuelles de la qualit\u00e9 de l&#039;eau de l&#039;installation. Le propri\u00e9taire devra fournir au LIHI toute la correspondance relative \u00e0 la r\u00e9solution de ce probl\u00e8me ainsi que les donn\u00e9es sur la qualit\u00e9 de l&#039;eau une fois les analyses termin\u00e9es. Le propri\u00e9taire devra terminer les analyses de la qualit\u00e9 de l&#039;eau avant fin d\u00e9cembre 2016, si les conditions m\u00e9t\u00e9orologiques le permettent.<\/li>\n<\/ul>\n<p>La date d&#039;entr\u00e9e en vigueur de la certification du projet Penacook Lower Falls est le 13 ao\u00fbt 2015 pour une dur\u00e9e de cinq (5) ans, qui expirera le 13 ao\u00fbt 2020.<\/p>\n<p><strong>30 octobre 2015 :<\/strong> Le Low Impact Hydropower Institute a re\u00e7u une demande compl\u00e8te de certification pour le projet hydro\u00e9lectrique de Penacook Lower Falls. Les documents de candidature sont disponibles dans la section \u00ab\u00a0Fichiers\u00a0\u00bb ci-dessous.<\/p>\n<p><strong>19 juin 2015 :<\/strong> Le projet hydro\u00e9lectrique de Penacook Lower Falls a obtenu une prolongation de la dur\u00e9e actuelle du certificat. La nouvelle date d&#039;expiration est le 31 d\u00e9cembre 2015.<\/p>\n<p><strong>29 janvier 2011 :<\/strong> Le projet hydro\u00e9lectrique de Penacook Lower Falls a \u00e9t\u00e9 certifi\u00e9 \u00e0 faible impact pour une dur\u00e9e de cinq ans, \u00e0 compter du 13 ao\u00fbt 2010 et expirant le 13 ao\u00fbt 2015.<\/p>\n<p><strong>13 octobre 2010 :<\/strong> La p\u00e9riode de commentaires publics sur la demande de certification est termin\u00e9e.<\/p>\n<p><strong>13 ao\u00fbt 2010 :<\/strong> Briar Hydro Associates a d\u00e9pos\u00e9 une demande de certification pour le projet hydro\u00e9lectrique de Penacook Lower Falls. Une p\u00e9riode de consultation publique sera ouverte pendant 60 jours.<\/p>\n<hr \/>\n<h3>Dossiers de certification<\/h3>\n<h4>Recertification 2021<\/h4>\n<ul style=\"color: black;\">\n<li><a href=\"https:\/\/lowimpacthydro.org\/wp-content\/uploads\/2021\/09\/Penacook-Lower-Review-Report_2021_09_15.pdf\">Rapport de recertification de Penacook Lower Falls 2021<\/a><\/li>\n<li><a href=\"https:\/\/lowimpacthydro.org\/wp-content\/uploads\/2021\/07\/Penacook-Lower-Falls-LIHI-recertification-application-June-2021-Complete.pdf\">Demande de recertification pour Penacook Lower Falls 2021<\/a><\/li>\n<\/ul>\n<h4>Recertification 2015<\/h4>\n<ul style=\"color: black;\">\n<li><a href=\"https:\/\/lowimpacthydro.org\/wp-content\/uploads\/2020\/07\/20160608_Recertification-Review_Penacook-Lower.pdf\">Rapport de recertification de Penacook Lower<\/a><\/li>\n<li><a href=\"https:\/\/lowimpacthydro.org\/wp-content\/uploads\/2020\/07\/LIHI_QUESTIONNAIRE_Penacook-Lower-Falls-Recertification-2015.pdf\">Questionnaire de recertification de Penacook Lower Falls 2015<\/a><\/li>\n<li><a href=\"https:\/\/lowimpacthydro.org\/wp-content\/uploads\/2020\/07\/Penacook-Lower-2015-Recert_Appendix-1-5.pdf\">Demande de recertification du niveau inf\u00e9rieur de Penacook, annexes 1 \u00e0 5<\/a><\/li>\n<li><a href=\"https:\/\/lowimpacthydro.org\/wp-content\/uploads\/2020\/07\/Penacook-Lower-2015-Recert_Appendix-6-11.pdf\">Demande de recertification de Penacook Lower\u00a0: annexes 6 \u00e0 11<\/a><\/li>\n<\/ul>\n<h4>Certification 2010<\/h4>\n<ul style=\"color: black;\">\n<li><a href=\"https:\/\/lowimpacthydro.org\/wp-content\/uploads\/2020\/08\/Penacook_Lower_Final_Cert_Review_01_03_2011.pdf\">Rapport d&#039;examen de la certification inf\u00e9rieure de Penacook 2011<\/a><\/li>\n<li><a href=\"https:\/\/lowimpacthydro.org\/wp-content\/uploads\/2020\/08\/LIHIQuestionnaire-Penacook-Lower-Falls.pdf\">Questionnaire de certification de Penacook Lower Falls<\/a><\/li>\n<\/ul>\n<hr \/>\n<h3>Documents cl\u00e9s<\/h3>\n<ul>\n<li><a href=\"https:\/\/lowimpacthydro.org\/wp-content\/uploads\/2023\/06\/Penacook-Lower-1982-FERC-license.pdf\">Licence FERC 1982<\/a><\/li>\n<li><a href=\"https:\/\/lowimpacthydro.org\/wp-content\/uploads\/2023\/06\/Penacook-Lower-1983-WQC.pdf\">Certification de la qualit\u00e9 de l&#039;eau 1983<\/a><\/li>\n<li><a href=\"https:\/\/lowimpacthydro.org\/wp-content\/uploads\/2023\/06\/Penacook-Lower-1986-license-amendment-fish-passage-1.pdf\">Amendement de la FERC de 1986 \u2013 passage des poissons<\/a><\/li>\n<li><a href=\"https:\/\/lowimpacthydro.org\/wp-content\/uploads\/2023\/06\/20221130-License-App-Exhibit-E-Environmental-Report-with-study-reports-compressed.pdf\">Demande de renouvellement de licence 2022, annexe E<\/a><\/li>\n<\/ul>","protected":false},"excerpt":{"rendered":"<p>Project Name Penacook Lower Falls LIHI Certificate No. 64 LIHI Certificate Term August 13, 2020 &#8211; August 12, 2030 Owner Briar Hydro Associates, a subsidiary of<span class=\"excerpt-hellip\"> [\u2026]<\/span><\/p>\n","protected":false},"author":3,"featured_media":-1,"parent":0,"menu_order":0,"comment_status":"closed","ping_status":"closed","template":"","meta":{"_coblocks_attr":"","_coblocks_dimensions":"","_coblocks_responsive_height":"","_coblocks_accordion_ie_support":"","om_disable_all_campaigns":false,"_monsterinsights_skip_tracking":false,"_monsterinsights_sitenote_active":false,"_monsterinsights_sitenote_note":"","_monsterinsights_sitenote_category":0,"footnotes":""},"class_list":["post-1735","page","type-page","status-publish","has-post-thumbnail","hentry"],"aioseo_notices":[],"_links":{"self":[{"href":"https:\/\/lowimpacthydro.org\/fr\/wp-json\/wp\/v2\/pages\/1735","targetHints":{"allow":["GET"]}}],"collection":[{"href":"https:\/\/lowimpacthydro.org\/fr\/wp-json\/wp\/v2\/pages"}],"about":[{"href":"https:\/\/lowimpacthydro.org\/fr\/wp-json\/wp\/v2\/types\/page"}],"author":[{"embeddable":true,"href":"https:\/\/lowimpacthydro.org\/fr\/wp-json\/wp\/v2\/users\/3"}],"replies":[{"embeddable":true,"href":"https:\/\/lowimpacthydro.org\/fr\/wp-json\/wp\/v2\/comments?post=1735"}],"version-history":[{"count":13,"href":"https:\/\/lowimpacthydro.org\/fr\/wp-json\/wp\/v2\/pages\/1735\/revisions"}],"predecessor-version":[{"id":9809,"href":"https:\/\/lowimpacthydro.org\/fr\/wp-json\/wp\/v2\/pages\/1735\/revisions\/9809"}],"wp:featuredmedia":[{"embeddable":true,"href":"https:\/\/lowimpacthydro.org\/fr\/wp-json\/"}],"wp:attachment":[{"href":"https:\/\/lowimpacthydro.org\/fr\/wp-json\/wp\/v2\/media?parent=1735"}],"curies":[{"name":"wp","href":"https:\/\/api.w.org\/{rel}","templated":true}]}}