{"id":1692,"date":"2020-07-26T11:03:34","date_gmt":"2020-07-26T15:03:34","guid":{"rendered":"https:\/\/lowimpacthydro.org\/?page_id=1692"},"modified":"2025-07-10T12:34:28","modified_gmt":"2025-07-10T16:34:28","slug":"lihi-certificate-71-dalles-dam-north-fishway-hydroelectric-project-washington","status":"publish","type":"page","link":"https:\/\/lowimpacthydro.org\/fr\/lihi-certificate-71-dalles-dam-north-fishway-hydroelectric-project-washington\/","title":{"rendered":"Certificat LIHI #71 \u2013 Projet hydro\u00e9lectrique de la passe \u00e0 poissons nord du barrage de Dalles, Washington"},"content":{"rendered":"<table class=\"alignright\" style=\"width: 351px; border: 2px; cellspacing: 2px; cellpadding: 2px; margin-left: 50px;\">\n<tbody>\n<tr>\n<td style=\"width: 38.9381%;\"><strong>Nom du projet<\/strong><\/td>\n<td style=\"width: 59.0708%;\">Dalles <span class='tooltipsall tooltip_post_id_5545 classtoolTips158'>Barrage<\/span> Nord <span class='tooltipsall tooltip_post_id_5568 classtoolTips128'>Passe \u00e0 poissons<\/span><\/td>\n<\/tr>\n<tr>\n<td style=\"width: 38.9381%;\"><strong>Num\u00e9ro de certificat LIHI<\/strong><\/td>\n<td style=\"width: 59.0708%;\">71<\/td>\n<\/tr>\n<tr>\n<td style=\"width: 38.9381%;\"><strong>Dur\u00e9e du certificat LIHI<br \/>\n<\/strong><\/td>\n<td style=\"width: 59.0708%;\">17 juillet 2020 \u2013 16 juillet 2030<\/td>\n<\/tr>\n<tr>\n<td style=\"width: 38.9381%;\"><strong>Propri\u00e9taire<\/strong><\/td>\n<td style=\"width: 59.0708%;\">District des services publics du nord du comt\u00e9 de Wasco<\/td>\n<\/tr>\n<tr>\n<td style=\"width: 38.9381%;\"><strong>\u00c9tat<\/strong><\/td>\n<td style=\"width: 59.0708%;\">Washington<\/td>\n<\/tr>\n<tr>\n<td style=\"width: 38.9381%;\"><strong>Emplacement<\/strong><\/td>\n<td style=\"width: 59.0708%;\">Situ\u00e9 au mile 192 de la rivi\u00e8re sur la rive nord du barrage de The Dalles dans l&#039;\u00c9tat de Washington, sur le fleuve Columbia.<\/td>\n<\/tr>\n<tr>\n<td style=\"width: 38.9381%;\"><strong>Capacit\u00e9 install\u00e9e<\/strong><\/td>\n<td style=\"width: 59.0708%;\">4,9 MW<\/td>\n<\/tr>\n<tr>\n<td style=\"width: 38.9381%;\"><strong>G\u00e9n\u00e9ration annuelle moyenne<\/strong><\/td>\n<td style=\"width: 59.0708%;\">40 000 MWH<\/td>\n<\/tr>\n<tr>\n<td style=\"width: 38.9381%;\"><strong>Type d&#039;\u00e9tablissement<\/strong><\/td>\n<td style=\"width: 59.0708%;\">conduit<\/td>\n<\/tr>\n<tr>\n<td style=\"width: 38.9381%;\"><strong><span class='tooltipsall tooltip_post_id_5565 classtoolTips152'>F\u00e9d\u00e9ration internationale de radio-t\u00e9l\u00e9vision (FERC)<\/span> Non.<\/strong><\/td>\n<td style=\"width: 59.0708%;\">P-7076 d\u00e9livr\u00e9 en 1987, expire le 30\/11\/2037<\/td>\n<\/tr>\n<\/tbody>\n<\/table>\n<p>Le projet de passe migratoire nord du barrage de Dalles est situ\u00e9 sur le fleuve Columbia, dans le comt\u00e9 de Klickitat, dans l&#039;\u00c9tat de Washington. <span class='tooltipsall tooltip_post_id_5568 classtoolTips128'>passe \u00e0 poissons<\/span> Le projet hydro\u00e9lectrique est situ\u00e9 sur la rive nord du barrage de Dalles, un barrage-poids en b\u00e9ton du Corps des ing\u00e9nieurs de l&#039;arm\u00e9e am\u00e9ricaine (USACE). <span class='tooltipsall tooltip_post_id_5643 classtoolTips52'>au fil de l&#039;eau<\/span> <span class='tooltipsall tooltip_post_id_5545 classtoolTips158'>barrage<\/span> Le premier barrage hydro\u00e9lectrique du fleuve Columbia a commenc\u00e9 \u00e0 produire de l&#039;\u00e9lectricit\u00e9 gr\u00e2ce \u00e0 ses 14 turbines en 1960. Huit turbines suppl\u00e9mentaires ont \u00e9t\u00e9 mises en service en novembre 1973. Le projet hydro\u00e9lectrique de la passe \u00e0 poissons est une installation de canalisation du plus grand barrage qui produit de l&#039;\u00e9lectricit\u00e9 gr\u00e2ce \u00e0 l&#039;alimentation en eau auxiliaire de la passe \u00e0 poissons situ\u00e9e sur la rive nord. La premi\u00e8re mise en service a eu lieu en mai 1991. Le cours principal du fleuve Columbia est aliment\u00e9 par 14 barrages, dont 11 aux \u00c9tats-Unis et 3 au Canada.<\/p>\n<p>Le projet a \u00e9t\u00e9 construit pour exploiter le syst\u00e8me auxiliaire d&#039;alimentation en eau (AWSS) de la passe \u00e0 poissons nord de l&#039;USACE afin de produire de l&#039;\u00e9lectricit\u00e9. L&#039;AWSS vise \u00e0 compl\u00e9ter le d\u00e9bit op\u00e9rationnel de 70 pi\u00b3\/s de la passe \u00e0 poissons par un d\u00e9bit suppl\u00e9mentaire, afin de fournir une capacit\u00e9 totale. <span class='tooltipsall tooltip_post_id_5522 classtoolTips37'>flux d&#039;attraction<\/span> de 800 pi\u00b3\/s \u00e0 l&#039;entr\u00e9e de l&#039;\u00e9chelle. Le projet hydro\u00e9lectrique de la passe \u00e0 poissons est une composante du syst\u00e8me de gestion des eaux pluviales et ne r\u00e9gule pas le d\u00e9bit de mani\u00e8re ind\u00e9pendante. Avant la construction du projet, le d\u00e9bit suppl\u00e9mentaire diminuait dans un <span class='tooltipsall tooltip_post_id_5620 classtoolTips86'>piscine de plong\u00e9e<\/span> L&#039;eau est ensuite rejet\u00e9e dans la zone d&#039;entr\u00e9e de la passe \u00e0 poissons, o\u00f9 elle se combine au d\u00e9bit de fonctionnement de la passe. L&#039;eau p\u00e9n\u00e8tre dans le syst\u00e8me apr\u00e8s avoir travers\u00e9 une grille \u00e0 d\u00e9chets espac\u00e9e de 2,2 cm (7\/8 po) afin d&#039;emp\u00eacher le passage de poissons et de d\u00e9bris de plus grande taille dans la structure d&#039;admission de 45 m\u00e8tres (150 pieds) de long. Cette structure est dot\u00e9e d&#039;un mur de panneaux grillag\u00e9s en acier inoxydable. Les grilles sont dot\u00e9es d&#039;ouvertures de 3,2 mm (1\/8 po) pour exclure les juv\u00e9niles et n&#039;admettent que l&#039;eau utilis\u00e9e pour la production. La surface totale des grilles est suffisante pour limiter les vitesses d&#039;approche et emp\u00eacher le passage de d\u00e9bris. <span class='tooltipsall tooltip_post_id_5587 classtoolTips82'>empi\u00e8tement<\/span>Une petite quantit\u00e9 d&#039;eau (10 \u00e0 12 pi\u00b3\/s) contenant les poissons exclus est \u00e9vacu\u00e9e par un d\u00e9versoir r\u00e9glable situ\u00e9 \u00e0 l&#039;extr\u00e9mit\u00e9 du b\u00e2timent, puis descend d&#039;environ 1,80 m dans un bassin en b\u00e9ton de 3,60 m de profondeur. L&#039;eau p\u00e9n\u00e8tre ensuite dans une conduite de 40 cm de diam\u00e8tre et de 360 m de long qui achemine les poissons jusqu&#039;\u00e0 l&#039;entr\u00e9e de la passe \u00e0 poissons. Une conduite de 3 m de diam\u00e8tre et de 26 m de long <span class='tooltipsall tooltip_post_id_5619 classtoolTips124'>conduite forc\u00e9e<\/span> transporte les flux de production de la structure d&#039;admission vers le <span class='tooltipsall tooltip_post_id_5624 classtoolTips102'>centrale<\/span>, situ\u00e9 \u00e0 proximit\u00e9 de l&#039;extr\u00e9mit\u00e9 inf\u00e9rieure de la passe \u00e0 poissons. Un \u00e9chantillonnage des poissons est effectu\u00e9 chaque ann\u00e9e afin de d\u00e9terminer la performance du syst\u00e8me de d\u00e9rivation. Le succ\u00e8s du syst\u00e8me repose sur l&#039;\u00e9tat des poissons \u00e9chantillonn\u00e9s. Les rapports annuels incluent les activit\u00e9s d&#039;\u00e9chantillonnage de l&#039;ann\u00e9e en cours et un r\u00e9sum\u00e9 des donn\u00e9es de l&#039;ann\u00e9e pr\u00e9c\u00e9dente. Les r\u00e9sum\u00e9s des r\u00e9sultats de l&#039;\u00e9chantillonnage, tant en quantit\u00e9 qu&#039;en qualit\u00e9, sont directement li\u00e9s \u00e0 la performance du syst\u00e8me de d\u00e9rivation et fournissent des donn\u00e9es pour l&#039;am\u00e9lioration.<\/p>\n<p>Le projet consiste en une installation de canalisation enti\u00e8rement int\u00e9gr\u00e9e au barrage de Dalles, propri\u00e9t\u00e9 de l&#039;USACE. L&#039;installation produit de l&#039;\u00e9lectricit\u00e9 gr\u00e2ce \u00e0 un d\u00e9bit de 800 pi3\/s dans la canalisation sous pression qui alimente l&#039;entr\u00e9e de la passe \u00e0 poissons pour attirer les poissons. Le d\u00e9bit utilis\u00e9 pour la production est renvoy\u00e9 au syst\u00e8me d&#039;alimentation en eau de surface (AWSS) pour \u00eatre \u00e9vacu\u00e9 sous forme de d\u00e9bit d&#039;attraction via une chambre de diffusion pour la passe \u00e0 poissons. Les d\u00e9bits disponibles pour le projet sont d\u00e9termin\u00e9s par les crit\u00e8res diff\u00e9rentiels du d\u00e9versoir d&#039;entr\u00e9e de la passe \u00e0 poissons, \u00e9tablis par des experts de la p\u00eache (voir <a href=\"http:\/\/pweb.crohms.org\/tmt\/documents\/fpp\/\"><span class='tooltipsall tooltip_post_id_5566 classtoolTips59'>Passage des poissons<\/span> Plans<\/a>).<\/p>\n<p>Les eaux du fleuve Columbia dans la zone du barrage de Dalles sont consid\u00e9r\u00e9es comme alt\u00e9r\u00e9es en raison de leur temp\u00e9rature, de leurs gaz dissous, <span class='tooltipsall tooltip_post_id_5550 classtoolTips127'>dioxine<\/span>, pH, d\u00e9passements de concentrations bact\u00e9riennes et oxyg\u00e8ne dissous. Le projet lui-m\u00eame n&#039;utilise que 0,51 TP3T du d\u00e9bit total du barrage et n&#039;a aucun impact sur la qualit\u00e9 de l&#039;eau en tant qu&#039;installation de canalisation.<\/p>\n<p>Les installations de passage du barrage Dalles sont utilis\u00e9es par des esp\u00e8ces anadromes, notamment le saumon rouge, le saumon coho, le saumon quinnat, la truite arc-en-ciel, l&#039;esturgeon blanc, le saumon k\u00e9ta et la lamproie du Pacifique. La migration vers l&#039;amont de ces esp\u00e8ces n&#039;est pas entrav\u00e9e par le projet et l&#039;acc\u00e8s \u00e0 la conduite hydro\u00e9lectrique est interdit aux individus. Les esp\u00e8ces riveraines r\u00e9sidentes comprennent la marigane, la barbotte, le crapet arlequin, la perchaude, le chabot, le meunier, le fondule barr\u00e9, le dor\u00e9 jaune, la sauvageonne du Nord, le m\u00e9nomini des montagnes, l&#039;achigan, l&#039;alose savoureuse, le maquereau et la crevette de Sib\u00e9rie. Les mesures d&#039;exclusion des poissons mentionn\u00e9es ci-dessus garantissent que les esp\u00e8ces migrant vers l&#039;aval ne soient pas entra\u00een\u00e9es dans les installations du projet.<\/p>\n<p>Le terrain du projet s&#039;\u00e9tend sur environ 2 hectares. \u00c9tant enti\u00e8rement situ\u00e9 sur des terres appartenant \u00e0 l&#039;USACE, le projet n&#039;a aucun impact sur le littoral de la zone et n&#039;exerce aucun contr\u00f4le sur celui-ci.<\/p>\n<p>Les esp\u00e8ces menac\u00e9es ou en voie de disparition potentiellement pr\u00e9sentes \u00e0 proximit\u00e9 du projet comprennent le saumon quinnat d&#039;automne de la rivi\u00e8re Snake, le saumon quinnat de printemps et d&#039;\u00e9t\u00e9 de la rivi\u00e8re Snake, le saumon rouge de la rivi\u00e8re Snake, le saumon quinnat de printemps du haut Columbia, le saumon rouge de la rivi\u00e8re Snake, la truite arc-en-ciel de la rivi\u00e8re Snake, la truite arc-en-ciel du haut Columbia, l&#039;omble \u00e0 t\u00eate plate et la truite arc-en-ciel du milieu du Columbia. Les mesures mises en \u0153uvre dans le cadre du projet en 2012 ont consid\u00e9rablement am\u00e9lior\u00e9 la protection des esp\u00e8ces juv\u00e9niles traversant le site. Ces mesures sont d\u00e9taill\u00e9es ci-dessus. La consultation avec le National Marine Fisheries Service (NMFS) a permis ces am\u00e9liorations, et la surveillance continue du NMFS garantit que les op\u00e9rations du projet continuent de prot\u00e9ger ces esp\u00e8ces.<\/p>\n<p>Lors de la construction initiale de la centrale hydro\u00e9lectrique, une \u00e9valuation des ressources culturelles a \u00e9t\u00e9 men\u00e9e par l&#039;USACE. Cette \u00e9valuation a conclu qu&#039;aucune ressource culturelle ou historique significative n&#039;\u00e9tait pr\u00e9sente \u00e0 proximit\u00e9 du projet. Cette constatation a \u00e9t\u00e9 confirm\u00e9e par une consultation aupr\u00e8s du D\u00e9partement d&#039;arch\u00e9ologie et de pr\u00e9servation historique de l&#039;\u00c9tat de Washington en 2010.<\/p>\n<p>Aucune ressource r\u00e9cr\u00e9ative n&#039;est pr\u00e9sente sur le site du projet, car l&#039;installation est enti\u00e8rement cl\u00f4tur\u00e9e et l&#039;acc\u00e8s au public est interdit. Des activit\u00e9s r\u00e9cr\u00e9atives sont disponibles en amont et en aval du barrage de The Dalles et sont g\u00e9r\u00e9es par l&#039;USACE.<\/p>\n<hr \/>\n<h3>\u00c9tat de conformit\u00e9<\/h3>\n<p><strong>Il n\u2019y a pas de conditions sp\u00e9cifiques \u00e0 l\u2019\u00e9tablissement dans le certificat actuel.<\/strong><\/p>\n<p><strong>2025:<\/strong> Aucun changement important ni probl\u00e8me de conformit\u00e9 n&#039;ont \u00e9t\u00e9 identifi\u00e9s. Le projet reste conforme sur la base de l&#039;examen annuel.<\/p>\n<p><strong>2024:<\/strong> Aucun changement important ni probl\u00e8me de conformit\u00e9 n&#039;a \u00e9t\u00e9 identifi\u00e9. Le projet demeure conforme \u00e0 la r\u00e9glementation suite \u00e0 l&#039;examen annuel. Concernant l&#039;installation d&#039;\u00e9chantillonnage volontaire des poissons, le projet a indiqu\u00e9 que les travaux n&#039;\u00e9taient pas termin\u00e9s avant juillet 2023.<\/p>\n<p><strong>2023:<\/strong> Aucun changement important ni probl\u00e8me de conformit\u00e9 n&#039;ont \u00e9t\u00e9 identifi\u00e9s. Le projet reste conforme sur la base de l&#039;examen annuel.<\/p>\n<p><strong>2022:<\/strong> Aucun changement important ni probl\u00e8me de conformit\u00e9 n&#039;a \u00e9t\u00e9 identifi\u00e9. Le projet demeure conforme suite \u00e0 l&#039;examen annuel. Le projet a fait \u00e9tat de la construction volontaire d&#039;une nouvelle installation d&#039;\u00e9chantillonnage des juv\u00e9niles en aval, qui devrait \u00eatre achev\u00e9e fin 2022, ainsi que des installations associ\u00e9es \u00e0 l&#039;\u00e9chantillonnage. <span class='tooltipsall tooltip_post_id_5567 classtoolTips78'>\u00e9cran \u00e0 poisson<\/span> L&#039;efficacit\u00e9 sera am\u00e9lior\u00e9e. Le projet a \u00e9t\u00e9 coordonn\u00e9 avec le NMFS pour l&#039;ing\u00e9nierie, la planification et la construction. L&#039;exploitation de l&#039;installation d\u00e9butera au d\u00e9but de la saison d&#039;\u00e9chantillonnage 2023 (avril). L&#039;approbation finale de l&#039;agence sera demand\u00e9e \u00e0 la fin de la saison d&#039;\u00e9chantillonnage 2023 (juillet).<\/p>\n<p><strong>2021: <\/strong>Aucun changement ni probl\u00e8me de conformit\u00e9 n&#039;a \u00e9t\u00e9 signal\u00e9. Le projet reste conforme suite \u00e0 l&#039;examen annuel. <strong><br \/>\n<\/strong><\/p>\n<p><strong>2020:<\/strong> Le rapport annuel pour le certificat actuel n\u2019est pas encore entr\u00e9 en vigueur.<\/p>\n<hr \/>\n<h3>Historique des certifications<\/h3>\n<p><strong>1er janvier 2022 :<\/strong> La dur\u00e9e du certificat LIHI a \u00e9t\u00e9 prolong\u00e9e conform\u00e9ment \u00e0 la r\u00e9vision 2.05 du manuel de certification LIHI 2e \u00e9dition publi\u00e9 le 1er janvier 2022. Reportez-vous au tableau des \u00e9tablissements ci-dessus pour conna\u00eetre la nouvelle dur\u00e9e.<\/p>\n<p><strong>8 avril 2021 :<\/strong> La d\u00e9cision de recertifier le projet de passe migratoire nord du barrage de Dalles est devenue d\u00e9finitive apr\u00e8s la cl\u00f4ture de la p\u00e9riode d&#039;appel, le 7 avril 2021, sans qu&#039;aucun appel n&#039;ait \u00e9t\u00e9 d\u00e9pos\u00e9. La p\u00e9riode de certification s&#039;\u00e9tend du 17 juillet 2020 au 16 juillet 2025.<\/p>\n<p><strong>8 mars 2021 :<\/strong> Le Low Impact Hydropower Institute (LIHI) a approuv\u00e9 \u00e0 titre pr\u00e9liminaire la recertification du projet de passe migratoire nord du barrage de Dalles (LIHI #71) pour une nouvelle p\u00e9riode de cinq ans. Le projet est situ\u00e9 sur le fleuve Columbia, dans l&#039;\u00c9tat de Washington. Cette d\u00e9cision est provisoire, dans l&#039;attente d&#039;un d\u00e9lai d&#039;appel de 30 jours. Seuls les intervenants ayant comment\u00e9 la demande initiale pendant ce d\u00e9lai de 60 jours peuvent d\u00e9poser un recours. Ce recours doit inclure une explication expliquant en quoi le projet ne r\u00e9pond pas aux crit\u00e8res du LIHI. Les demandes de recours peuvent \u00eatre soumises par courriel \u00e0 l&#039;adresse suivante\u00a0: <a href=\"#\">comments@lowimpacthydro.org<\/a> avec \u00ab\u00a0Projet de passe migratoire nord du barrage de Dalles\u00a0\u00bb en objet, ou par courrier adress\u00e9 au Low Impact Hydropower Institute, 1167 Massachusetts Ave, Arlington, MA 02476. Toutes les demandes seront publi\u00e9es sur le site web. Le demandeur aura la possibilit\u00e9 de r\u00e9pondre, et toute r\u00e9ponse sera \u00e9galement publi\u00e9e. <strong>Les demandes doivent \u00eatre re\u00e7ues avant 17 h, heure de l\u2019Est, le 7 avril 2021.<\/strong> Le dossier complet et le rapport d&#039;\u00e9valuation sont disponibles ci-dessous. Si aucune demande d&#039;appel n&#039;est re\u00e7ue et que la d\u00e9cision devient d\u00e9finitive, la p\u00e9riode de certification du projet s&#039;\u00e9tendra du 17 juillet 2020 au 16 juillet 2025.<\/p>\n<p><strong>21 d\u00e9cembre 2020 :<\/strong> Le Low Impact Hydropower Institute a re\u00e7u une demande compl\u00e8te de recertification \u00e0 faible impact pour le projet hydro\u00e9lectrique de la passe \u00e0 poissons nord du barrage de Dalles. La demande compl\u00e8te est disponible ci-dessous. Le LIHI sollicite les commentaires du public sur cette demande. Les commentaires directement li\u00e9s \u00e0 ses crit\u00e8res sp\u00e9cifiques (d\u00e9bits, qualit\u00e9 de l&#039;eau, etc.) <span class='tooltipsall tooltip_post_id_5566 classtoolTips59'>passage des poissons<\/span>, etc.) seront tr\u00e8s utiles, mais tous les commentaires seront pris en compte. Les commentaires peuvent \u00eatre soumis \u00e0 l&#039;Institut par courrier \u00e9lectronique \u00e0 l&#039;adresse <a href=\"mailto:comments@lowimpacthydro.org\">comments@lowimpacthydro.org<\/a> avec \u00ab Commentaires sur le projet Dalles Fishway \u00bb dans la ligne d&#039;objet, ou par courrier adress\u00e9 au Low Impact Hydropower Institute, 1167 Massachusetts Avenue, Arlington MA 02476. <strong>Les commentaires doivent \u00eatre re\u00e7us au plus tard \u00e0 17 h, heure de l\u2019Est, le 19 f\u00e9vrier 2021 pour \u00eatre pris en compte.<\/strong> Tous les commentaires seront publi\u00e9s sur le site Web et le candidat aura la possibilit\u00e9 d&#039;y r\u00e9pondre. Toute r\u00e9ponse sera \u00e9galement publi\u00e9e.<\/p>\n<p><strong>11 novembre 2015 :<\/strong>\u00a0Michael J. Sale, directeur g\u00e9n\u00e9ral du LIHI, exer\u00e7ant les pouvoirs d\u00e9l\u00e9gu\u00e9s par le conseil d&#039;administration du LIHI, a certifi\u00e9 que le projet hydro\u00e9lectrique de la passe \u00e0 poissons nord du barrage de Dalles (n\u00b0 FERC P-7076) continue de satisfaire aux crit\u00e8res de certification du LIHI. Une d\u00e9cision pr\u00e9liminaire a \u00e9t\u00e9 annonc\u00e9e le 12 novembre 2015, et un d\u00e9lai d&#039;appel de 30 jours \u00e9tait ouvert jusqu&#039;au 12 d\u00e9cembre 2015. Aucune demande d&#039;appel n&#039;a \u00e9t\u00e9 re\u00e7ue. Cette d\u00e9cision de certification comporte une condition sp\u00e9cifique \u00e0 l&#039;installation, \u00e0 savoir\u00a0:<\/p>\n<ul style=\"color: black;\">\n<li>Bien que la condition sp\u00e9ciale requise par la pr\u00e9c\u00e9dente certification du LIHI pour l&#039;installation de la passe migratoire nord du barrage de Dalles ait \u00e9t\u00e9 respect\u00e9e, la gestion des salmonid\u00e9s migrateurs du fleuve Columbia demeure un d\u00e9fi permanent pour tous les acteurs riverains. Par cons\u00e9quent, le propri\u00e9taire de l&#039;installation doit informer le LIHI dans les 30 jours de toute modification de l&#039;avis biologique de la NOAA ou de toute mesure connexe n\u00e9cessaire \u00e0 la protection des esp\u00e8ces menac\u00e9es ou en voie de disparition pr\u00e9sentes sur l&#039;installation. Le LIHI se r\u00e9serve le droit de modifier la certification de l&#039;installation si n\u00e9cessaire afin de garantir sa conformit\u00e9 avec les exigences des organismes de gestion des ressources en mati\u00e8re de protection des poissons migrateurs.<\/li>\n<\/ul>\n<p>La date d&#039;entr\u00e9e en vigueur de la certification du projet Dalles Dam North Fishway est le 17 juillet 2015 pour une dur\u00e9e de cinq (5) ans, qui expirera le 17 juillet 2020.<\/p>\n<p><strong>30 septembre 2015 :\u00a0<\/strong>Le Low Impact Hydropower Institute a re\u00e7u une demande compl\u00e8te pour un nouveau mandat de certification \u00e0 faible impact pour le projet hydro\u00e9lectrique Northshore Fishway le 1er septembre 2015. Les documents de candidature se trouvent dans la section Fichiers ci-dessous.<\/p>\n<p><strong>21 avril 2011 :<\/strong> Le projet hydro\u00e9lectrique de la passe \u00e0 poissons de la rive nord a \u00e9t\u00e9 certifi\u00e9 comme \u00e9tant \u00e0 faible impact pour une p\u00e9riode de cinq ans, \u00e0 compter du 17 juillet 2010 et expirant le 17 juillet 2015.<\/p>\n<p><strong>17 septembre 2010 :<\/strong> La p\u00e9riode de commentaires publics sur la demande de certification est termin\u00e9e.<\/p>\n<p><strong>17 juillet 2010 :<\/strong> Le D\u00e9partement des p\u00eaches du comt\u00e9 de Wasco Nord a d\u00e9pos\u00e9 une demande de certification pour le projet de passe \u00e0 poissons de la rive nord. La p\u00e9riode de consultation publique sera ouverte pendant 60 jours.<\/p>\n<hr \/>\n<h3>Dossiers de certification<\/h3>\n<h4>Recertification 2020<\/h4>\n<ul style=\"color: black;\">\n<li><a href=\"https:\/\/lowimpacthydro.org\/wp-content\/uploads\/2021\/03\/Dalles-North-Fishway-Final-Review-Report_3_03_21.pdf\">Rapport d&#039;\u00e9valuation de la passe migratoire nord du barrage de Dalles 2021<\/a><\/li>\n<li><a href=\"https:\/\/lowimpacthydro.org\/wp-content\/uploads\/2020\/12\/NWCPUD-Recert-App-for-LIHI-Project-71-2020-10-23.pdf\">Demande de recertification de la passe migratoire nord du barrage de Dalles 2020<\/a><\/li>\n<\/ul>\n<h4>Recertification 2015<\/h4>\n<ul style=\"color: black;\">\n<li><a href=\"https:\/\/lowimpacthydro.org\/wp-content\/uploads\/2020\/07\/20151110_Recertification-Review_North-Shore-Fishway.pdf\">Rapport d&#039;examen de la recertification de la passe migratoire nord du barrage de Dalles 2015<\/a><\/li>\n<li><a href=\"https:\/\/lowimpacthydro.org\/fr\/wpcontent\/uploads\/2020\/07\/NorthShoreFishway_RecertApplication_20150911.pdf\/\">Demande de recertification de la passe migratoire de la rive nord du barrage Dalles 2015<\/a><\/li>\n<li><a href=\"https:\/\/lowimpacthydro.org\/wp-content\/uploads\/2020\/07\/Final-BiOp-Wasco-County-December-19-2011.pdf\">Avis biologique du Service national des p\u00eaches maritimes \u2013 Comt\u00e9 de Wasco<\/a><\/li>\n<li><a href=\"https:\/\/lowimpacthydro.org\/wp-content\/uploads\/2020\/07\/Fish-Passage-Evaluation-2014.pdf\">\u00c9valuation du passage des poissons 2014<\/a><\/li>\n<\/ul>\n<h4>Certification 2010<\/h4>\n<ul style=\"color: black;\">\n<li><a href=\"https:\/\/lowimpacthydro.org\/wp-content\/uploads\/2020\/08\/DallesDamCertificationReportFinalcorrected.pdf\">Rapport d&#039;examen de la certification de la passe migratoire nord du barrage de Dalles<\/a><\/li>\n<li><a href=\"https:\/\/lowimpacthydro.org\/wp-content\/uploads\/2020\/08\/Low-Impact-Hydro-report-style.pdf\">Demande de certification de la passe \u00e0 poissons nord du barrage de Dalles<\/a><\/li>\n<li><a href=\"https:\/\/lowimpacthydro.org\/wp-content\/uploads\/2020\/08\/WascoSupport.doc\">Lettre de soutien du minist\u00e8re de l&#039;\u00c9nergie de l&#039;Oregon<\/a><\/li>\n<\/ul>\n<hr \/>\n<h3>Documents cl\u00e9s<\/h3>\n<ul>\n<li><a href=\"https:\/\/lowimpacthydro.org\/wp-content\/uploads\/2023\/06\/1987-Dalles-License.pdf\">Licence FERC 1987<\/a><\/li>\n<li><a href=\"https:\/\/lowimpacthydro.org\/wp-content\/uploads\/2020\/08\/Environmental-Assessment.pdf\">\u00c9valuation environnementale de la FERC de 1987<\/a><\/li>\n<\/ul>","protected":false},"excerpt":{"rendered":"<p>Project Name Dalles Dam North Fishway LIHI Certificate No. 71 LIHI Certificate Term July 17, 2020 &#8211; July 16, 2030 Owner Northern Wasco County People&#8217;s Utility<span class=\"excerpt-hellip\"> [\u2026]<\/span><\/p>\n","protected":false},"author":3,"featured_media":-1,"parent":0,"menu_order":0,"comment_status":"closed","ping_status":"closed","template":"","meta":{"_coblocks_attr":"","_coblocks_dimensions":"","_coblocks_responsive_height":"","_coblocks_accordion_ie_support":"","om_disable_all_campaigns":false,"_monsterinsights_skip_tracking":false,"_monsterinsights_sitenote_active":false,"_monsterinsights_sitenote_note":"","_monsterinsights_sitenote_category":0,"footnotes":""},"class_list":["post-1692","page","type-page","status-publish","has-post-thumbnail","hentry"],"aioseo_notices":[],"_links":{"self":[{"href":"https:\/\/lowimpacthydro.org\/fr\/wp-json\/wp\/v2\/pages\/1692","targetHints":{"allow":["GET"]}}],"collection":[{"href":"https:\/\/lowimpacthydro.org\/fr\/wp-json\/wp\/v2\/pages"}],"about":[{"href":"https:\/\/lowimpacthydro.org\/fr\/wp-json\/wp\/v2\/types\/page"}],"author":[{"embeddable":true,"href":"https:\/\/lowimpacthydro.org\/fr\/wp-json\/wp\/v2\/users\/3"}],"replies":[{"embeddable":true,"href":"https:\/\/lowimpacthydro.org\/fr\/wp-json\/wp\/v2\/comments?post=1692"}],"version-history":[{"count":12,"href":"https:\/\/lowimpacthydro.org\/fr\/wp-json\/wp\/v2\/pages\/1692\/revisions"}],"predecessor-version":[{"id":9791,"href":"https:\/\/lowimpacthydro.org\/fr\/wp-json\/wp\/v2\/pages\/1692\/revisions\/9791"}],"wp:featuredmedia":[{"embeddable":true,"href":"https:\/\/lowimpacthydro.org\/fr\/wp-json\/"}],"wp:attachment":[{"href":"https:\/\/lowimpacthydro.org\/fr\/wp-json\/wp\/v2\/media?parent=1692"}],"curies":[{"name":"wp","href":"https:\/\/api.w.org\/{rel}","templated":true}]}}