{"id":1666,"date":"2020-07-26T10:41:18","date_gmt":"2020-07-26T14:41:18","guid":{"rendered":"https:\/\/lowimpacthydro.org\/?page_id=1666"},"modified":"2025-11-10T10:03:38","modified_gmt":"2025-11-10T15:03:38","slug":"lihi-certificate-73-siphon-power-hydroelectric-project-oregon","status":"publish","type":"page","link":"https:\/\/lowimpacthydro.org\/fr\/lihi-certificate-73-siphon-power-hydroelectric-project-oregon\/","title":{"rendered":"Certificat LIHI #73 \u2013 Projet de centrale \u00e9lectrique \u00e0 siphon, Oregon"},"content":{"rendered":"<table class=\"alignright\" style=\"width: 351px; border: 2px; cellspacing: 2px; cellpadding: 2px; margin-left: 50px;\">\n<tbody>\n<tr>\n<td style=\"width: 39.1642%;\"><strong>Nom du projet<\/strong><\/td>\n<td style=\"width: 59.0659%;\"><span class='tooltipsall tooltip_post_id_5648 classtoolTips135'>Siphon<\/span> Pouvoir<\/td>\n<\/tr>\n<tr>\n<td style=\"width: 39.1642%;\"><strong>Num\u00e9ro de certificat LIHI<\/strong><\/td>\n<td style=\"width: 59.0659%;\">73<\/td>\n<\/tr>\n<tr>\n<td style=\"width: 39.1642%;\"><strong>Dur\u00e9e du certificat LIHI<br \/>\n<\/strong><\/td>\n<td style=\"width: 59.0659%;\">28 octobre 2020 \u2013 27 octobre 2030<\/td>\n<\/tr>\n<tr>\n<td style=\"width: 39.1642%;\"><strong>Propri\u00e9taire<\/strong><\/td>\n<td style=\"width: 59.0659%;\">District d&#039;irrigation du centre de l&#039;Oregon<\/td>\n<\/tr>\n<tr>\n<td style=\"width: 39.1642%;\"><strong>\u00c9tat<\/strong><\/td>\n<td style=\"width: 59.0659%;\">Oregon<\/td>\n<\/tr>\n<tr>\n<td style=\"width: 39.1642%;\"><strong>Emplacement<\/strong><\/td>\n<td style=\"width: 59.0659%;\">Situ\u00e9 au mile fluvial 170,9 sur la rivi\u00e8re Deschutes, Oregon.<\/td>\n<\/tr>\n<tr>\n<td style=\"width: 39.1642%;\"><strong>Capacit\u00e9 install\u00e9e<\/strong><\/td>\n<td style=\"width: 59.0659%;\">5,5 MW<\/td>\n<\/tr>\n<tr>\n<td style=\"width: 39.1642%;\"><strong>G\u00e9n\u00e9ration annuelle moyenne<\/strong><\/td>\n<td style=\"width: 59.0659%;\">22 470 MWh<\/td>\n<\/tr>\n<tr>\n<td style=\"width: 39.1642%;\"><strong>Type d&#039;\u00e9tablissement<\/strong><\/td>\n<td style=\"width: 59.0659%;\"><span class='tooltipsall tooltip_post_id_5551 classtoolTips110'>d\u00e9rivation<\/span>\/<span class='tooltipsall tooltip_post_id_5643 classtoolTips52'>au fil de l&#039;eau<\/span><\/td>\n<\/tr>\n<tr>\n<td style=\"width: 39.1642%;\"><strong><span class='tooltipsall tooltip_post_id_5565 classtoolTips152'>F\u00e9d\u00e9ration internationale de radio-t\u00e9l\u00e9vision (FERC)<\/span> Non.<\/strong><\/td>\n<td style=\"width: 59.0659%;\">P-3571 d\u00e9livr\u00e9 en 1987, expire le 31\/08\/2037<\/td>\n<\/tr>\n<\/tbody>\n<\/table>\n<p>Le projet Siphon Power est situ\u00e9 sur la rivi\u00e8re Deschutes dans la ville de Bend, dans le comt\u00e9 de Deschutes, en Oregon. Il n&#039;y a pas <span class='tooltipsall tooltip_post_id_5545 classtoolTips158'>barrage<\/span> associ\u00e9s au projet. Il y a sept barrages sur la rivi\u00e8re Deschutes en aval du projet jusqu&#039;\u00e0 la confluence avec le fleuve Columbia, notamment <a href=\"https:\/\/lowimpacthydro.org\/fr\/lihi-certificate-25-pelton-round-butte-project-oregon\/\">Butte ronde de Pelton (LIHI #25)<\/a>. Le Wickiup <span class='tooltipsall tooltip_post_id_5545 classtoolTips158'>Barrage<\/span> est le prochain barrage situ\u00e9 en amont du projet et retient Wickiup <span class='tooltipsall tooltip_post_id_5633 classtoolTips103'>R\u00e9servoir<\/span>, le plus grand des lacs Cascade. Il existe \u00e9galement un barrage de d\u00e9rivation \u00e0 environ 3,5 miles en amont du barrage de d\u00e9rivation de Siphon Power. Le barrage de d\u00e9rivation du projet a \u00e9t\u00e9 construit \u00e0 l&#039;origine en 1903 et modifi\u00e9 plus tard pour prendre sa configuration actuelle au milieu des ann\u00e9es 1970. Les installations hydro\u00e9lectriques fonctionnent depuis 1989.<\/p>\n<p>Le projet consiste \u00e0 utiliser le district d&#039;irrigation pr\u00e9existant du centre de l&#039;Oregon <span class='tooltipsall tooltip_post_id_5537 classtoolTips143'>canal<\/span> syst\u00e8me comprenant la d\u00e9rivation de la rivi\u00e8re Deschutes et les deux milles environ de syst\u00e8me de transport d&#039;eau en aval qui alimente le projet en eau <span class='tooltipsall tooltip_post_id_5619 classtoolTips124'>conduite forc\u00e9e<\/span> et <span class='tooltipsall tooltip_post_id_5624 classtoolTips102'>centrale<\/span>. Imm\u00e9diatement en aval de la prise d&#039;eau de d\u00e9rivation se trouve le r\u00e9seau de persiennes en aval qui guide et renvoie les poissons entra\u00een\u00e9s vers la rivi\u00e8re Deschutes. En aval de l&#039;installation de protection des poissons, l&#039;eau p\u00e9n\u00e8tre dans le tuyau \u00e0 double siphon invers\u00e9 de 10 pieds de diam\u00e8tre. \u00c0 environ 1 200 pieds en aval du d\u00e9but du canal ouvert, un tuyau enterr\u00e9 de 9 pieds de diam\u00e8tre est utilis\u00e9 pour acheminer l&#039;exc\u00e9dent d&#039;eau vers la centrale \u00e9lectrique. \u00c0 environ un mile et quart en aval de la structure de d\u00e9rivation, une centrale \u00e9lectrique souterraine contient deux turbines et des g\u00e9n\u00e9rateurs d&#039;une capacit\u00e9 combin\u00e9e de 5,5 MW. De la prise d&#039;eau de la conduite forc\u00e9e \u00e0 la rivi\u00e8re en aval, il y a une chute de 135 pieds disponible pour actionner les deux turbines qui se d\u00e9versent dans la rivi\u00e8re Deschutes.<\/p>\n<p>Le projet fonctionne selon un mode de fonctionnement au fil de l&#039;eau et fournit un d\u00e9bit minimum de 400 pi3\/s dans la section de d\u00e9rivation de 1,5 mile de long. Ce r\u00e9gime d&#039;\u00e9coulement a \u00e9t\u00e9 d\u00e9velopp\u00e9 en coordination avec le D\u00e9partement de la p\u00eache et de la faune de l&#039;Oregon (ODFW) pour prot\u00e9ger les ressources halieutiques de la rivi\u00e8re Deschutes. Le projet d\u00e9tourne en moyenne 25% de d\u00e9bit du cours d&#039;eau.<\/p>\n<p>L&#039;eau disponible pour la production d&#039;\u00e9lectricit\u00e9 d\u00e9pend des d\u00e9bits d&#039;irrigation lib\u00e9r\u00e9s par les r\u00e9servoirs de stockage en amont pendant la saison d&#039;irrigation et le d\u00e9bit dans le tron\u00e7on contourn\u00e9 est g\u00e9n\u00e9ralement bien sup\u00e9rieur au minimum de 400 pi3\/s. Pendant la saison sans irrigation, le d\u00e9bit disponible varie de z\u00e9ro \u00e0 la capacit\u00e9 de production maximale d&#039;environ 640 pi3\/s. Les d\u00e9bits sont surveill\u00e9s \u00e9lectroniquement et le d\u00e9bit des cours d&#039;eau est signal\u00e9 trimestriellement aux organismes de ressources.<\/p>\n<p>Les eaux situ\u00e9es dans la zone du projet sont d\u00e9sign\u00e9es comme \u00e9tant d\u00e9grad\u00e9es en amont en raison de la modification du d\u00e9bit, de la modification de l&#039;habitat et de la s\u00e9dimentation. <span class='tooltipsall tooltip_post_id_5668 classtoolTips108'>turbidit\u00e9<\/span>, et la temp\u00e9rature. En aval, la rivi\u00e8re est affect\u00e9e par la modification du d\u00e9bit, la temp\u00e9rature et le pH. La consultation avec le D\u00e9partement de la qualit\u00e9 de l&#039;environnement de l&#039;Oregon a conclu qu&#039;en raison des op\u00e9rations au fil de l&#039;eau et des d\u00e9bits de d\u00e9rivation minimaux, le projet n&#039;a pas d&#039;impact n\u00e9gatif sur la qualit\u00e9 de l&#039;eau de la rivi\u00e8re.<\/p>\n<p>Les eaux du projet abritent des esp\u00e8ces de poissons d&#039;eau froide, principalement des truites brunes et arc-en-ciel, ainsi que quelques esp\u00e8ces d&#039;eau chaude. Les esp\u00e8ces non migratrices comprennent le cor\u00e9gone des montagnes, plusieurs esp\u00e8ces de chabots, le naseux \u00e0 long nez et mouchet\u00e9, le bouche-\u00e0-coup, le meunier \u00e0 grandes \u00e9cailles et le meunier \u00e0 bec-de-canard. Comme aucun barrage n&#039;est associ\u00e9 au projet, il ne pr\u00e9sente pas d&#039;obstacle au passage dans la rivi\u00e8re. Le d\u00e9bit de d\u00e9rivation minimal facilite le mouvement en aval au-del\u00e0 du projet et le r\u00e9seau de persiennes att\u00e9nue le risque de <span class='tooltipsall tooltip_post_id_5558 classtoolTips77'>entra\u00eenement<\/span> dans la d\u00e9rivation d&#039;irrigation.<\/p>\n<p>Les terres du projet s&#039;\u00e9tendent sur 22 acres. Des zones tampons v\u00e9g\u00e9tales sont pr\u00e9sentes le long des rives de la rivi\u00e8re, qui se composent de pins ponderosa. L&#039;utilisation des terres dans le voisinage imm\u00e9diat du projet est en grande partie non d\u00e9velopp\u00e9e, bien que des d\u00e9veloppements r\u00e9sidentiels et la ville de Bend et ses banlieues soient situ\u00e9s \u00e0 proximit\u00e9. Le projet contribue chaque ann\u00e9e \u00e0 un fonds d&#039;att\u00e9nuation et d&#039;am\u00e9lioration que l&#039;ODFW facilite, en utilisant des fonds pour des projets d&#039;am\u00e9lioration de la rivi\u00e8re. <span class='tooltipsall tooltip_post_id_5635 classtoolTips115'>riverain<\/span> repousse de la zone, et m\u00eame <span class='tooltipsall tooltip_post_id_5566 classtoolTips59'>passage des poissons<\/span> projets dans le bassin de Deschutes.<\/p>\n<p>Les esp\u00e8ces menac\u00e9es ou en voie de disparition potentiellement pr\u00e9sentes dans les environs du projet comprennent le loup gris, le coucou \u00e0 bec jaune, la grenouille macul\u00e9e de l&#039;Oregon, la truite arc-en-ciel et l&#039;omble \u00e0 t\u00eate plate. Huit districts d&#039;irrigation (y compris le propri\u00e9taire du projet) du bassin de Deschutes en Oregon et la ville de Prineville, en Oregon, ont pr\u00e9par\u00e9 un plan de conservation de l&#039;habitat du bassin de Deschutes. Le plan repr\u00e9sente un effort de collaboration entre les irrigants, les organismes de ressources, les organismes non gouvernementaux et les tribus conf\u00e9d\u00e9r\u00e9es de la r\u00e9serve de Warm Springs pour prot\u00e9ger l&#039;habitat de la truite arc-en-ciel, de l&#039;omble \u00e0 t\u00eate plate, du saumon rouge et de la grenouille macul\u00e9e de l&#039;Oregon et pour att\u00e9nuer les effets des huit districts d&#039;irrigation et de la ville de Prineville sur plus de 480 miles de rivi\u00e8res et de ruisseaux.<\/p>\n<p>La zone du projet ne comprend aucune ressource culturelle ou historique r\u00e9pertori\u00e9e sur la <span class='tooltipsall tooltip_post_id_5606 classtoolTips1'>Registre national des lieux historiques<\/span>. La consultation avec le Bureau de pr\u00e9servation historique de l&#039;\u00c9tat a conclu que le projet n&#039;a pas d&#039;impact n\u00e9gatif sur les ressources culturelles ou historiques \u00e0 proximit\u00e9 du projet.<\/p>\n<p>Les ressources r\u00e9cr\u00e9atives du projet comprennent un sentier p\u00e9destre depuis Pilot Butte <span class='tooltipsall tooltip_post_id_5537 classtoolTips143'>Canal<\/span> \u00e0 la centrale \u00e9lectrique du projet qui relie plusieurs autres sentiers de la r\u00e9gion. La navigation en eau vive n&#039;est pas recommand\u00e9e dans la zone du projet en raison de rapides dangereux et potentiellement mortels. L&#039;acc\u00e8s public est gratuit.<\/p>\n<hr \/>\n<h3>\u00c9tat de conformit\u00e9<\/h3>\n<p><strong>Il n\u2019y a pas de conditions sp\u00e9cifiques \u00e0 l\u2019\u00e9tablissement dans le certificat actuel.<\/strong><\/p>\n<p><strong>2025:<\/strong> Aucun changement important ni probl\u00e8me de conformit\u00e9 n&#039;ont \u00e9t\u00e9 identifi\u00e9s. Le projet reste conforme sur la base de l&#039;examen annuel.<\/p>\n<p><strong>2024:<\/strong> Aucun changement important ni probl\u00e8me de conformit\u00e9 n&#039;ont \u00e9t\u00e9 identifi\u00e9s. Le projet reste conforme sur la base de l&#039;examen annuel. Un incident de d\u00e9bordement du bassin d&#039;admission a \u00e9t\u00e9 enti\u00e8rement signal\u00e9 et r\u00e9solu avec un impact environnemental minimal.<\/p>\n<p><strong>2023:<\/strong> Aucun changement important ni probl\u00e8me de conformit\u00e9 n&#039;ont \u00e9t\u00e9 relev\u00e9s. Le projet demeure conforme suite \u00e0 l&#039;examen annuel. Une demande de modification aupr\u00e8s de la FERC a \u00e9t\u00e9 d\u00e9pos\u00e9e afin de modifier les limites du projet et, par cons\u00e9quent, l&#039;emplacement de l&#039;acc\u00e8s \u00e0 la p\u00eache.<\/p>\n<p><strong>2022:<\/strong> Aucun changement important ni probl\u00e8me de conformit\u00e9 n&#039;ont \u00e9t\u00e9 identifi\u00e9s. Le projet reste conforme sur la base de l&#039;examen annuel.<\/p>\n<p><strong>2021:<\/strong> Aucun changement ni probl\u00e8me de conformit\u00e9 n&#039;a \u00e9t\u00e9 signal\u00e9. Le projet reste conforme sur la base de l&#039;examen annuel.<\/p>\n<p><strong>2020:<\/strong> Le rapport annuel pour le certificat actuel n\u2019est pas encore entr\u00e9 en vigueur.<\/p>\n<hr \/>\n<h3>Historique des certifications<\/h3>\n<p><strong>1er janvier 2022 :<\/strong> La dur\u00e9e du certificat LIHI a \u00e9t\u00e9 prolong\u00e9e conform\u00e9ment \u00e0 la r\u00e9vision 2.05 du manuel de certification LIHI 2e \u00e9dition publi\u00e9 le 1er janvier 2022. Reportez-vous au tableau des \u00e9tablissements ci-dessus pour conna\u00eetre la nouvelle dur\u00e9e.<\/p>\n<p><strong>23 juin 2021 :<\/strong> Le Low Impact Hydropower Institute a rendu une d\u00e9cision finale sur la recertification du projet hydro\u00e9lectrique Siphon Power. La p\u00e9riode d&#039;appel de 30 jours s&#039;est cl\u00f4tur\u00e9e le 16 juin 2021 et aucun appel n&#039;a \u00e9t\u00e9 d\u00e9pos\u00e9. Par cons\u00e9quent, la d\u00e9cision de recertifier le projet est d\u00e9sormais d\u00e9finitive. La nouvelle p\u00e9riode d&#039;application du projet est du 28 octobre 2020 au 27 octobre 2025.<\/p>\n<p><strong>18 mai 2021 :<\/strong> Le Low Impact Hydropower Institute (LIHI) a approuv\u00e9 de mani\u00e8re pr\u00e9liminaire le projet Siphon Power (LIHI #73) pour une nouvelle p\u00e9riode de 5 ans de certification \u00e0 faible impact. Cette d\u00e9cision est pr\u00e9liminaire en attendant la p\u00e9riode d&#039;appel de 30 jours. Seuls ceux qui ont comment\u00e9 la demande initiale pendant la p\u00e9riode de commentaires de 60 jours sont \u00e9ligibles pour d\u00e9poser un appel. Un tel appel doit inclure une explication sur la raison pour laquelle le projet ne r\u00e9pond pas aux crit\u00e8res du LIHI. Les demandes d&#039;appel peuvent \u00eatre soumises par courrier \u00e9lectronique \u00e0 comments@lowimpacthydro.org avec \u00ab Siphon Power Project \u00bb dans la ligne d&#039;objet, ou par courrier adress\u00e9 au Low Impact Hydropower Institute, 1167 Massachusetts Ave, Office 407, Arlington, MA 02476. Toutes les demandes seront publi\u00e9es sur le site Web. Le demandeur aura la possibilit\u00e9 de r\u00e9pondre et toute r\u00e9ponse sera \u00e9galement publi\u00e9e. <strong>Les demandes doivent \u00eatre re\u00e7ues avant 17 heures, heure de l\u2019Est, le 17 juin 2021.<\/strong> Le dossier complet et le rapport de l&#039;examinateur sont disponibles ci-dessous. Si aucune demande d&#039;appel n&#039;est re\u00e7ue et que la d\u00e9cision devient d\u00e9finitive, la p\u00e9riode de certification du projet sera du 28 octobre 2020 au 27 octobre 2025.<\/p>\n<p><strong>2 mars 2021 :<\/strong> Le Low Impact Hydropower Institute (LIHI) a re\u00e7u une demande de recertification compl\u00e8te du Central Oregon Irrigation District pour le projet Siphon Power situ\u00e9 sur la rivi\u00e8re Deschutes dans l&#039;Oregon. Le LIHI sollicite des commentaires sur cette demande. Les commentaires directement li\u00e9s \u00e0 des crit\u00e8res sp\u00e9cifiques du LIHI (d\u00e9bits, qualit\u00e9 de l&#039;eau, passage des poissons, etc.) seront les plus utiles, mais tous les commentaires seront pris en compte. Les commentaires peuvent \u00eatre envoy\u00e9s \u00e0 l&#039;Institut par courrier \u00e9lectronique \u00e0 l&#039;adresse <a href=\"#\">comments@lowimpacthydro.org <\/a>avec \u00ab Commentaires sur le projet Siphon Power \u00bb dans la ligne d&#039;objet, ou par courrier adress\u00e9 au Low Impact Hydropower Institute, 1167 Massachusetts Avenue, Office 407, Arlington, MA 02476. <strong>Les commentaires doivent \u00eatre re\u00e7us \u00e0 l\u2019Institut au plus tard \u00e0 17 heures, heure de l\u2019Est, le 1er mai 2021 pour \u00eatre pris en compte.<\/strong> Tous les commentaires seront publi\u00e9s sur le site Web et le candidat aura la possibilit\u00e9 d&#039;y r\u00e9pondre. Toute r\u00e9ponse sera \u00e9galement publi\u00e9e. Le dossier de candidature complet se trouve ci-dessous.<\/p>\n<p><strong>20 avril 2016 :<\/strong>\u00a0Le directeur ex\u00e9cutif du LIHI, Michael J. Sale, en vertu de l&#039;autorit\u00e9 d\u00e9l\u00e9gu\u00e9e par le conseil d&#039;administration du LIHI, a certifi\u00e9 que le projet hydro\u00e9lectrique Siphon Power (FERC n\u00b0 P-3571) satisfait aux crit\u00e8res de certification du LIHI. Une d\u00e9cision pr\u00e9liminaire a \u00e9t\u00e9 annonc\u00e9e le 4 mars 2016 et une p\u00e9riode d&#039;appel de 30 jours \u00e9tait ouverte jusqu&#039;au 4 avril 2016. Aucune demande d&#039;appel n&#039;a \u00e9t\u00e9 re\u00e7ue. Cette d\u00e9cision de certification comprend deux conditions sp\u00e9cifiques \u00e0 l&#039;installation, \u00e0 savoir :<\/p>\n<ul style=\"color: black;\">\n<li><strong><em>Satisfait 2021<\/em> Condition 1.<\/strong> Dans le cadre de leur d\u00e9claration annuelle de conformit\u00e9 au LIHI, le propri\u00e9taire doit inclure des copies \u00e9lectroniques ou des adresses \u00e9lectroniques des rapports qu&#039;il d\u00e9pose aupr\u00e8s du D\u00e9partement de la p\u00eache et de la faune de l&#039;Oregon concernant les d\u00e9bits de conservation et les observations de poissons de fuite, couvrant les quatre trimestres pr\u00e9c\u00e9dents.<\/li>\n<li><strong><em>Satisfait 2021<\/em> Condition 2.<\/strong> Le propri\u00e9taire doit informer LIHI dans les 30 jours de tout changement dans le niveau de financement des mesures d&#039;att\u00e9nuation pour les poissons et la faune, en accordant une attention particuli\u00e8re aux changements survenus le 1er janvier 2021 ou aux alentours de cette date.<\/li>\n<\/ul>\n<p>La date d\u2019entr\u00e9e en vigueur de la certification du projet Siphon Power est le 28 octobre 2015 pour une dur\u00e9e de cinq (5) ans, qui expirera le 28 octobre 2020.<\/p>\n<p><strong>2 novembre 2015 :<\/strong> Le Low Impact Hydropower Institute a re\u00e7u une demande compl\u00e8te pour un nouveau mandat de certification Low Impact pour le projet hydro\u00e9lectrique Siphon Power. Les documents de candidature sont disponibles dans la section Fichiers ci-dessous.<\/p>\n<p><strong>19 juin 2015 :<\/strong>\u00a0Le projet hydro\u00e9lectrique Siphon Power a obtenu une prolongation de la dur\u00e9e du certificat actuel. La nouvelle date d&#039;expiration est le 31 d\u00e9cembre 2015. Voir la lettre de prolongation_2015 Recert pour les explications ci-dessous.<\/p>\n<p><strong>28 mai 2011 :<\/strong> Le projet hydro\u00e9lectrique Siphon Power a \u00e9t\u00e9 certifi\u00e9 \u00e0 faible impact pour une dur\u00e9e de cinq ans, \u00e0 compter du 28 octobre 2010 et expirant le 28 octobre 2015.<\/p>\n<p><strong>28 octobre 2010 :<\/strong> Le district d&#039;irrigation du centre de l&#039;Oregon a soumis une demande de certification du projet Siphon Power.<\/p>\n<hr \/>\n<h3>Dossiers de certification<\/h3>\n<h4>Recertification 2020<\/h4>\n<ul style=\"color: black;\">\n<li><a href=\"https:\/\/lowimpacthydro.org\/wp-content\/uploads\/2021\/05\/Siphon-Power-Stage-II-LIHI-report_final.pdf\"> Rapport de recertification de Siphon Power 2020<\/a><\/li>\n<li><a href=\"https:\/\/lowimpacthydro.org\/wp-content\/uploads\/2021\/03\/Siphon-Power-LIHI-Application-2020_signed-complete.pdf\">Demande de recertification de puissance de siphon 2020<\/a><\/li>\n<\/ul>\n<h4>Recertification 2015<\/h4>\n<ul style=\"color: black;\">\n<li><a href=\"https:\/\/lowimpacthydro.org\/fr\/wpcontent\/uploads\/2020\/07\/RecommendationMemoSiphonPower_2016.pdf\/\">Note de recommandation SiphonPower 2016<\/a><\/li>\n<li><a href=\"https:\/\/lowimpacthydro.org\/wp-content\/uploads\/2020\/07\/1-Questionnaire-response.pdf\">R\u00e9ponse au questionnaire<\/a><\/li>\n<li><a href=\"https:\/\/lowimpacthydro.org\/wp-content\/uploads\/2020\/07\/Exhibits-A1-A6.pdf\">Pi\u00e8ces justificatives A1 \u2013 A6<\/a><\/li>\n<li><a href=\"https:\/\/lowimpacthydro.org\/wp-content\/uploads\/2020\/07\/Exhibits-B-G.pdf\">Pi\u00e8ces justificatives B \u00e0 G<\/a><\/li>\n<\/ul>\n<h4>Certification 2010<\/h4>\n<ul style=\"color: black;\">\n<li><a href=\"https:\/\/lowimpacthydro.org\/wp-content\/uploads\/2020\/08\/CentralOregonCertificationReportFinal8May2011.docx\">Rapport d&#039;examen de la certification Siphon Power 2011<\/a><\/li>\n<li><a href=\"https:\/\/lowimpacthydro.org\/wp-content\/uploads\/2020\/08\/1-Questionnaire-response-revised.doc\">R\u00e9ponse au questionnaire r\u00e9vis\u00e9<\/a><\/li>\n<li><a href=\"https:\/\/lowimpacthydro.org\/wp-content\/uploads\/2020\/08\/4.-Exhibit-A1-ODFW-Agmt.pdf\">4. Pi\u00e8ce A1 Accord du D\u00e9partement des p\u00eaches et de la faune de l&#039;Oregon<\/a><\/li>\n<li><a href=\"https:\/\/lowimpacthydro.org\/wp-content\/uploads\/2020\/08\/11.-Exhibit-F-SHPO-Lt.pdf\">Pi\u00e8ce justificative \u2013 Lettre du Bureau de pr\u00e9servation historique de l&#039;\u00c9tat<\/a><\/li>\n<li><a href=\"https:\/\/lowimpacthydro.org\/wp-content\/uploads\/2020\/08\/13.-Exhibit-G2-Lts-support-411-trail.pdf\">Pi\u00e8ce justificative G2 \u2013 Lettre d\u2019appui \u2013 411 Trail<\/a><\/li>\n<\/ul>\n<hr \/>\n<h3>Documents cl\u00e9s<\/h3>\n<ul>\n<li><a href=\"https:\/\/lowimpacthydro.org\/wp-content\/uploads\/2023\/06\/1990-FERC-Amendment-Siphon-Power.pdf\">Modification de la licence de 1990<\/a><\/li>\n<li><a href=\"https:\/\/lowimpacthydro.org\/wp-content\/uploads\/2023\/06\/1987-FERC-license-Siphon-Power.pdf\">Licence FERC 1987<\/a><\/li>\n<li><a href=\"https:\/\/lowimpacthydro.org\/wp-content\/uploads\/2023\/06\/1987-FERC-EA-Siphon-Power.pdf\">\u00c9valuation environnementale de la FERC de 1987<\/a><\/li>\n<\/ul>","protected":false},"excerpt":{"rendered":"<p>Project Name Siphon Power LIHI Certificate No. 73 LIHI Certificate Term October 28, 2020 &#8211; October 27, 2030 Owner Central Oregon Irrigation District State Oregon Location<span class=\"excerpt-hellip\"> [\u2026]<\/span><\/p>\n","protected":false},"author":3,"featured_media":-1,"parent":0,"menu_order":0,"comment_status":"closed","ping_status":"closed","template":"","meta":{"_coblocks_attr":"","_coblocks_dimensions":"","_coblocks_responsive_height":"","_coblocks_accordion_ie_support":"","om_disable_all_campaigns":false,"_monsterinsights_skip_tracking":false,"_monsterinsights_sitenote_active":false,"_monsterinsights_sitenote_note":"","_monsterinsights_sitenote_category":0,"footnotes":""},"class_list":["post-1666","page","type-page","status-publish","has-post-thumbnail","hentry"],"aioseo_notices":[],"_links":{"self":[{"href":"https:\/\/lowimpacthydro.org\/fr\/wp-json\/wp\/v2\/pages\/1666","targetHints":{"allow":["GET"]}}],"collection":[{"href":"https:\/\/lowimpacthydro.org\/fr\/wp-json\/wp\/v2\/pages"}],"about":[{"href":"https:\/\/lowimpacthydro.org\/fr\/wp-json\/wp\/v2\/types\/page"}],"author":[{"embeddable":true,"href":"https:\/\/lowimpacthydro.org\/fr\/wp-json\/wp\/v2\/users\/3"}],"replies":[{"embeddable":true,"href":"https:\/\/lowimpacthydro.org\/fr\/wp-json\/wp\/v2\/comments?post=1666"}],"version-history":[{"count":11,"href":"https:\/\/lowimpacthydro.org\/fr\/wp-json\/wp\/v2\/pages\/1666\/revisions"}],"predecessor-version":[{"id":6520,"href":"https:\/\/lowimpacthydro.org\/fr\/wp-json\/wp\/v2\/pages\/1666\/revisions\/6520"}],"wp:featuredmedia":[{"embeddable":true,"href":"https:\/\/lowimpacthydro.org\/fr\/wp-json\/"}],"wp:attachment":[{"href":"https:\/\/lowimpacthydro.org\/fr\/wp-json\/wp\/v2\/media?parent=1666"}],"curies":[{"name":"wp","href":"https:\/\/api.w.org\/{rel}","templated":true}]}}