{"id":1651,"date":"2020-07-26T10:20:35","date_gmt":"2020-07-26T14:20:35","guid":{"rendered":"https:\/\/lowimpacthydro.org\/?page_id=1651"},"modified":"2026-03-24T15:30:24","modified_gmt":"2026-03-24T19:30:24","slug":"lihi-certificate-76-west-dudley-hydroelectric-project-massachusetts","status":"publish","type":"page","link":"https:\/\/lowimpacthydro.org\/fr\/lihi-certificate-76-west-dudley-hydroelectric-project-massachusetts\/","title":{"rendered":"Certificat LIHI #76 \u2013 Projet hydro\u00e9lectrique de West Dudley, Massachusetts"},"content":{"rendered":"<table class=\"alignright\" style=\"width: 351px; border: 2px; cellspacing: 2px; cellpadding: 2px; margin-left: 50px;\">\n<tbody>\n<tr>\n<td style=\"width: 131px;\"><strong>Nom du projet<\/strong><\/td>\n<td style=\"width: 238px;\">West Dudley<\/td>\n<\/tr>\n<tr>\n<td style=\"width: 131px;\"><strong>Num\u00e9ro de certificat LIHI<\/strong><\/td>\n<td style=\"width: 238px;\">76<\/td>\n<\/tr>\n<tr>\n<td style=\"width: 131px;\"><strong>Dur\u00e9e du certificat LIHI<br \/>\n<\/strong><\/td>\n<td style=\"width: 238px;\">7 avril 2020 \u2013 6 avril 2030<\/td>\n<\/tr>\n<tr>\n<td style=\"width: 131px;\"><strong>Propri\u00e9taire<\/strong><\/td>\n<td style=\"width: 238px;\">West Dudley Hydro Bros LLC<\/td>\n<\/tr>\n<tr>\n<td style=\"width: 131px;\"><strong>\u00c9tat<\/strong><\/td>\n<td style=\"width: 238px;\">Massachusetts<\/td>\n<\/tr>\n<tr>\n<td style=\"width: 131px;\"><strong>Emplacement<\/strong><\/td>\n<td style=\"width: 238px;\">Situ\u00e9 \u00e0 environ 50 miles de la rivi\u00e8re Quinebaug \u00e0 Dudley, Massachusetts.<\/td>\n<\/tr>\n<tr>\n<td style=\"width: 131px;\"><strong>Capacit\u00e9 install\u00e9e<\/strong><\/td>\n<td style=\"width: 238px;\">0,310 MW<\/td>\n<\/tr>\n<tr>\n<td style=\"width: 131px;\"><strong>G\u00e9n\u00e9ration annuelle moyenne<\/strong><\/td>\n<td style=\"width: 238px;\">611 MWh<\/td>\n<\/tr>\n<tr>\n<td style=\"width: 131px;\"><strong>Type d&#039;\u00e9tablissement<\/strong><\/td>\n<td style=\"width: 238px;\"><span class='tooltipsall tooltip_post_id_5643 classtoolTips52'>Au fil de l&#039;eau<\/span><\/td>\n<\/tr>\n<tr>\n<td style=\"width: 131px;\"><strong><span class='tooltipsall tooltip_post_id_5565 classtoolTips152'>F\u00e9d\u00e9ration internationale de radio-t\u00e9l\u00e9vision (FERC)<\/span> Non.<\/strong><\/td>\n<td style=\"width: 238px;\">P-7254 exempt\u00e9 1983<\/td>\n<\/tr>\n<\/tbody>\n<\/table>\n<p>Le projet West Dudley est situ\u00e9 sur la rivi\u00e8re Quinebaug, dans la ville de Dudley, dans le Massachusetts. Construction du bassin de la rivi\u00e8re Quinebaug <span class='tooltipsall tooltip_post_id_5545 classtoolTips158'>Barrage<\/span> (\u00e9galement connu sous le nom de barrage de la Rhode Island Cardboard Company) a \u00e9t\u00e9 achev\u00e9 en 1919. Le projet est situ\u00e9 en aval des barrages du lac Westville, du village d&#039;Old Sturbridge et d&#039;East Brimfield. En aval se trouvent le barrage de West Thompson, MSC Hydro, <a href=\"https:\/\/lowimpacthydro.org\/fr\/lihi-certificate-3-putnam-hydropower-project-connecticut\/\">Putnam Hydro (LIHI #3)<\/a>, Barrage de Cargill Falls, Barrage Rogers, <a href=\"https:\/\/lowimpacthydro.org\/fr\/lihi-certificate-166-quinebaug-five-mile-pond-hydroelectric-project-connecticut\/\">Quinebaug fait partie de LIHI #166<\/a>), Aspinook et le barrage Tunnel.<\/p>\n<p>Le projet comprend un <span class='tooltipsall tooltip_post_id_5545 classtoolTips158'>barrage<\/span> compos\u00e9 de deux sections, de 55 pieds de longueur et de 144 pieds de longueur.<\/p>\n<p>La brique et la ma\u00e7onnerie <span class='tooltipsall tooltip_post_id_5624 classtoolTips102'>centrale<\/span> Elle comprend trois turbog\u00e9n\u00e9rateurs. L&#039;unit\u00e9 1 est une turbine Medsker modifi\u00e9e, \u00e9quip\u00e9e d&#039;un moteur \u00e0 induction \u00e0 entra\u00eenement par courroie. Il s&#039;agit d&#039;un mod\u00e8le Kaplan \u00e0 pales fixes d\u00e9veloppant 95 kW de puissance. L&#039;unit\u00e9 2 est \u00e9galement une turbine Medsker modifi\u00e9e, \u00e9quip\u00e9e d&#039;un moteur \u00e0 induction \u00e0 entra\u00eenement par courroie. Il s&#039;agit d&#039;un mod\u00e8le Kaplan \u00e0 pales fixes d\u00e9veloppant 120 kW de puissance. L&#039;unit\u00e9 3 est une unit\u00e9 submersible Flygt \u00e9quip\u00e9e d&#039;un r\u00e9ducteur plan\u00e9taire \u00e0 accouplement direct et d&#039;un g\u00e9n\u00e9rateur \u00e0 induction. Sa puissance totale est de 0,31 MW. La centrale est flanqu\u00e9e de deux turbines. <span class='tooltipsall tooltip_post_id_5651 classtoolTips116'>d\u00e9versoir<\/span> sections de 55 pieds et 114 pieds de longueur et 17 pieds de hauteur<br \/>\nen moyenne. Le <span class='tooltipsall tooltip_post_id_5651 classtoolTips116'>d\u00e9versoirs<\/span> porter <span class='tooltipsall tooltip_post_id_5569 classtoolTips79'>tableaux d&#039;affichage<\/span> Il y a quatre pieds de hauteur. Il n&#039;y a pas de d\u00e9rivation.<\/p>\n<p>Le projet op\u00e8re dans un <span class='tooltipsall tooltip_post_id_5643 classtoolTips52'>au fil de l&#039;eau<\/span> Le projet pr\u00e9voit un mode de gestion et la mise en eau d&#039;un r\u00e9servoir de 31 acres. Ce projet assure un d\u00e9bit minimal continu de 76 pi3\/s afin de garantir la protection des ressources aquatiques de la rivi\u00e8re Quinebaug. Le r\u00e9gime d&#039;\u00e9coulement a \u00e9t\u00e9 \u00e9labor\u00e9 sur recommandation du Service am\u00e9ricain de la p\u00eache et de la faune sauvage (USFWS). Un plan de surveillance du d\u00e9bit a \u00e9t\u00e9 \u00e9labor\u00e9 et mis en \u0153uvre en 2012 suite \u00e0 la certification initiale du LIHI. Ce plan a \u00e9t\u00e9 \u00e9labor\u00e9 et approuv\u00e9 en collaboration avec l&#039;USFWS, la Division des p\u00eaches et de la faune sauvage du Massachusetts (MDFW) et le D\u00e9partement de la protection de l&#039;environnement du Massachusetts (MDEP).<\/p>\n<p>Les eaux situ\u00e9es dans le p\u00e9rim\u00e8tre du projet sont class\u00e9es en classe B, particuli\u00e8rement adapt\u00e9es \u00e0 l&#039;irrigation et \u00e0 l&#039;agriculture, ainsi qu&#039;au refroidissement et aux proc\u00e9d\u00e9s industriels. Le p\u00e9rim\u00e8tre est \u00e9galement d\u00e9grad\u00e9 en ce qui concerne l&#039;oxyg\u00e8ne dissous, la pr\u00e9sence d&#039;E. coli, les coliformes f\u00e9caux et d&#039;autres nutriments. Le MDEP a confirm\u00e9 que le projet ne contribue pas \u00e0 ces d\u00e9gradations, qui sont probablement dues \u00e0 la station d&#039;\u00e9puration en amont du projet.<\/p>\n<p>Plusieurs barrages en aval du projet emp\u00eachent l\u2019acc\u00e8s des oiseaux migrateurs <span class='tooltipsall tooltip_post_id_5518 classtoolTips36'>poisson anadrome<\/span> Esp\u00e8ce. L&#039;anguille d&#039;Am\u00e9rique est pr\u00e9sente dans la rivi\u00e8re Quinebaug en amont et en aval du projet, ce qui indique que l&#039;esp\u00e8ce est capable de remonter le cours d&#039;eau par ses propres moyens. Le projet interrompt les op\u00e9rations et d\u00e9verse le d\u00e9bit entrant les nuits du 15 ao\u00fbt au 15 novembre d\u00e8s qu&#039;une pluie de 0,25 pouce ou plus survient sur une p\u00e9riode de 24 heures, ou d\u00e8s qu&#039;il y a une augmentation de 50% du d\u00e9bit entrant par rapport \u00e0 la moyenne des trois jours pr\u00e9c\u00e9dents. Ces mesures contribuent \u00e0 assurer le passage en aval des anguilles d&#039;Am\u00e9rique en migration.<\/p>\n<p>Le terrain du projet s&#039;\u00e9tend sur 29 acres. On y trouve des terrains industriels, r\u00e9sidentiels et non am\u00e9nag\u00e9s. Une partie des terrains non am\u00e9nag\u00e9s, situ\u00e9s principalement sur la rive ouest de la rivi\u00e8re et \u00e0 proximit\u00e9 d&#039;activit\u00e9s industrielles et commerciales intensives, offre un habitat faunique. Ces terrains non am\u00e9nag\u00e9s comprennent \u00e9galement plusieurs zones bois\u00e9es, dont certaines sont inond\u00e9es de fa\u00e7on saisonni\u00e8re. Le reste de la zone est constitu\u00e9 de zones r\u00e9sidentielles de faible densit\u00e9 et de petits d\u00e9veloppements industriels. L&#039;exploitation au fil de l&#039;eau assure la protection du littoral.<\/p>\n<p>Parmi les esp\u00e8ces menac\u00e9es ou en voie de disparition potentiellement pr\u00e9sentes \u00e0 proximit\u00e9 du projet figurent la chauve-souris nordique, le lotier \u00e0 bract\u00e9es et l&#039;herbe \u00e0 zost\u00e8re brillante. Compte tenu de l&#039;utilisation industrielle et commerciale des terres de la zone du projet, il est tr\u00e8s peu probable que l&#039;une ou l&#039;autre de ces esp\u00e8ces trouve un habitat propice \u00e0 l&#039;int\u00e9rieur des limites du projet.<\/p>\n<p>La consultation avec le Bureau de pr\u00e9servation historique de l&#039;\u00c9tat du Massachusetts a conclu qu&#039;aucune ressource culturelle ou historique n&#039;existe dans la zone du projet et que les op\u00e9rations n&#039;auraient aucun effet n\u00e9gatif sur ces ressources.<\/p>\n<p>Les ressources r\u00e9cr\u00e9atives du projet comprennent une rampe de mise \u00e0 l&#039;eau dans le bassin de retenue, ainsi qu&#039;un portage pour cano\u00ebs, une zone de mise \u00e0 l&#039;eau et une zone de mise \u00e0 l&#039;eau. La randonn\u00e9e et la navigation sont peu pratiqu\u00e9es dans la zone du projet. L&#039;acc\u00e8s public est gratuit.<\/p>\n<hr \/>\n<h3>\u00c9tat de conformit\u00e9<\/h3>\n<p><strong>La certification comprend la condition suivante :<\/strong><\/p>\n<p><strong>Condition 1 :<\/strong> Le propri\u00e9taire de l&#039;installation continuera d&#039;assurer volontairement un passage provisoire pour les anguilles en aval jusqu&#039;\u00e0 la mise en \u0153uvre des mesures volontaires de passage permanent en aval. Il devra fournir au LIHI un rapport annuel sur le calendrier de mise en \u0153uvre du passage permanent et, une fois l&#039;installation termin\u00e9e, fournir la preuve qu&#039;elle est fonctionnelle et acceptable pour les organismes de gestion des ressources.<\/p>\n<p><strong>2026:<\/strong> Aucun changement important ni probl\u00e8me de conformit\u00e9 n&#039;a \u00e9t\u00e9 identifi\u00e9. Le projet demeure conforme suite \u00e0 l&#039;examen annuel. Concernant la condition 1, le projet n&#039;a signal\u00e9 aucun changement de statut et les mesures provisoires sont maintenues.<\/p>\n<p><strong>2025:<\/strong> Aucun changement important ni probl\u00e8me de conformit\u00e9 n&#039;a \u00e9t\u00e9 identifi\u00e9. Le projet demeure conforme suite \u00e0 l&#039;examen annuel. Concernant la condition 1, le projet n&#039;a signal\u00e9 aucun changement de statut et les mesures provisoires sont maintenues.<\/p>\n<p><strong>2024:<\/strong> Aucun changement important ni probl\u00e8me de conformit\u00e9 n&#039;a \u00e9t\u00e9 identifi\u00e9. Le projet demeure conforme suite \u00e0 l&#039;examen annuel. Concernant la condition 1, le projet n&#039;a signal\u00e9 aucun changement de statut et les mesures provisoires sont maintenues.<\/p>\n<p><strong>2023:<\/strong> Aucun changement important ni probl\u00e8me de conformit\u00e9 n&#039;a \u00e9t\u00e9 identifi\u00e9. Le projet demeure conforme suite \u00e0 l&#039;examen annuel. Concernant la condition 1, le projet n&#039;a signal\u00e9 aucun changement de statut et les mesures provisoires sont maintenues.<\/p>\n<p><strong>2022:<\/strong> Aucun changement important ni probl\u00e8me de conformit\u00e9 n&#039;a \u00e9t\u00e9 identifi\u00e9. Le projet demeure conforme suite \u00e0 l&#039;examen annuel. Concernant la condition 1, le projet n&#039;a signal\u00e9 aucun changement de statut et les mesures provisoires sont maintenues. Le projet a chang\u00e9 de propri\u00e9taire en 2021.<\/p>\n<p><strong>2021:<\/strong> Aucun changement ni probl\u00e8me de conformit\u00e9 n&#039;a \u00e9t\u00e9 signal\u00e9. Le projet demeure conforme \u00e0 l&#039;issue de l&#039;examen annuel. Concernant la condition 1, le projet a indiqu\u00e9 que le passage provisoire des anguilles en aval est assur\u00e9 par des fermetures nocturnes par temps pluvieux entre le 15 ao\u00fbt et le 15 novembre, conform\u00e9ment \u00e0 la condition 1 de la certification pr\u00e9c\u00e9dente (voir l&#039;historique des certifications ci-dessous).<\/p>\n<p><strong>2020:<\/strong> Le rapport annuel pour le certificat actuel n\u2019est pas encore entr\u00e9 en vigueur.<\/p>\n<hr \/>\n<h3>Historique des certifications<\/h3>\n<p><strong>1er janvier 2022 :<\/strong> La dur\u00e9e du certificat LIHI a \u00e9t\u00e9 prolong\u00e9e conform\u00e9ment \u00e0 la r\u00e9vision 2.05 du manuel de certification LIHI 2e \u00e9dition publi\u00e9 le 1er janvier 2022. Reportez-vous au tableau des \u00e9tablissements ci-dessus pour conna\u00eetre la nouvelle dur\u00e9e.<\/p>\n<p><strong>17 novembre 2020 :<\/strong> La d\u00e9cision de recertifier le projet West Dudley est devenue d\u00e9finitive apr\u00e8s la cl\u00f4ture de la p\u00e9riode d&#039;appel, le 15 novembre 2020, sans qu&#039;aucun appel n&#039;ait \u00e9t\u00e9 d\u00e9pos\u00e9. La p\u00e9riode de certification s&#039;\u00e9tend du 7 avril 2020 au 6 avril 2025.<\/p>\n<p><strong>16 octobre 2020 :<\/strong> Le Low Impact Hydropower Institute (LIHI) a approuv\u00e9 \u00e0 titre pr\u00e9liminaire la recertification du projet West Dudley (LIHI #76) pour une nouvelle p\u00e9riode de cinq ans. Le projet est situ\u00e9 sur la rivi\u00e8re Quinebaug, dans le Massachusetts.<\/p>\n<p>Cette d\u00e9cision est pr\u00e9liminaire en attendant la p\u00e9riode d&#039;appel de 30 jours. Seuls ceux qui ont comment\u00e9 la demande initiale pendant la p\u00e9riode de commentaires de 60 jours sont \u00e9ligibles pour d\u00e9poser un appel. Un tel appel doit inclure une explication sur la raison pour laquelle le projet ne r\u00e9pond pas aux crit\u00e8res du LIHI. Les demandes d&#039;appel peuvent \u00eatre soumises par courrier \u00e9lectronique \u00e0 <a href=\"mailto:comments@lowimpacthydro.org\">comments@lowimpacthydro.org<\/a> avec \u00ab\u00a0Projet West Dudley\u00a0\u00bb en objet, ou par courrier adress\u00e9 au Low Impact Hydropower Institute, 329 Massachusetts Ave, Suite 6, Lexington, MA 02420. Toutes les demandes seront publi\u00e9es sur le site web. Le demandeur aura la possibilit\u00e9 de r\u00e9pondre, et toute r\u00e9ponse sera \u00e9galement publi\u00e9e. <strong>Les demandes doivent \u00eatre re\u00e7ues avant 17 h, heure de l\u2019Est, le 15 novembre 2020.<\/strong> Le dossier complet et le rapport d&#039;\u00e9valuation sont disponibles ci-dessous. Si aucune demande d&#039;appel n&#039;est re\u00e7ue et que la d\u00e9cision devient d\u00e9finitive, la p\u00e9riode de certification du projet s&#039;\u00e9tendra du 7 avril 2020 au 6 avril 2025.<\/p>\n<p><strong>12 ao\u00fbt 2020 :<\/strong>Le Low Impact Hydropower Institute a re\u00e7u une demande compl\u00e8te de recertification \u00ab\u00a0faible impact\u00a0\u00bb pour le projet hydro\u00e9lectrique de West Dudley. Le dossier complet est disponible ci-dessous.<\/p>\n<p>Le LIHI sollicite les commentaires du public sur cette demande. Les commentaires directement li\u00e9s \u00e0 des crit\u00e8res sp\u00e9cifiques du LIHI (d\u00e9bits, qualit\u00e9 de l&#039;eau, <span class='tooltipsall tooltip_post_id_5566 classtoolTips59'>passage des poissons<\/span>, etc.) seront tr\u00e8s utiles, mais tous les commentaires seront pris en compte. Vous pouvez adresser vos commentaires \u00e0 l&#039;Institut par courriel \u00e0 comments@lowimpacthydro.org avec \u00ab\u00a0Commentaires sur le projet West Dudley\u00a0\u00bb en objet, ou par courrier adress\u00e9 au Low Impact Hydropower Institute, 329 Massachusetts Avenue, Suite 6, Lexington, MA 02420. <strong>Les commentaires doivent \u00eatre re\u00e7us au plus tard \u00e0 17 h, heure de l\u2019Est, le 11 octobre 2020 pour \u00eatre pris en compte.<\/strong> Tous les commentaires seront publi\u00e9s sur le site Web et le candidat aura la possibilit\u00e9 d&#039;y r\u00e9pondre. Toute r\u00e9ponse sera \u00e9galement publi\u00e9e.<\/p>\n<p><strong>6 mai 2016 :<\/strong> Michael J. Sale, directeur g\u00e9n\u00e9ral du LIHI, exer\u00e7ant les pouvoirs d\u00e9l\u00e9gu\u00e9s par le conseil d&#039;administration du LIHI, a certifi\u00e9 que le projet hydro\u00e9lectrique de West Dudley (FERC n\u00b0 P-7254) satisfait aux crit\u00e8res de certification du LIHI. Une d\u00e9cision pr\u00e9liminaire a \u00e9t\u00e9 annonc\u00e9e le 6 avril 2016, et un d\u00e9lai d&#039;appel de 30 jours \u00e9tait ouvert jusqu&#039;au 6 mai 2016. Aucune demande d&#039;appel n&#039;a \u00e9t\u00e9 re\u00e7ue. Cette d\u00e9cision de certification comporte une condition sp\u00e9cifique \u00e0 l&#039;installation, \u00e0 savoir\u00a0:<\/p>\n<ul style=\"color: black;\">\n<li><strong>Condition 1 :<\/strong><span style=\"line-height: 1.5;\">Le propri\u00e9taire doit continuer d&#039;assurer un passage en aval provisoire, s\u00fbr, rapide et efficace pour l&#039;anguille d&#039;Am\u00e9rique, sur une base annuelle, du 15 ao\u00fbt au 15 novembre. Le propri\u00e9taire doit cesser de produire de l&#039;\u00e9lectricit\u00e9 du cr\u00e9puscule \u00e0 l&#039;aube durant cette p\u00e9riode, d\u00e8s que l&#039;un des \u00e9v\u00e9nements suivants se produit\u00a0: 1) une pluie de 0,25\u00a0pouce ou plus sur une p\u00e9riode de 24\u00a0heures\u00a0; ou 2) une augmentation de 501\u00a0TP3T du d\u00e9bit par rapport au d\u00e9bit moyen des trois jours pr\u00e9c\u00e9dents (par exemple, en cas de rejet d&#039;eau important d&#039;un r\u00e9servoir en amont). Les arr\u00eats de production doivent se poursuivre pendant 72\u00a0heures (soit trois nuits).\u00a0<\/span>Le propri\u00e9taire devra tenir un registre pendant cette p\u00e9riode, indiquant les pr\u00e9cipitations et la production horaires, et le transmettre au LIHI, au US Fish and Wildlife Service et \u00e0 la Massachusetts Division of Fisheries and Wildlife avant le 31 d\u00e9cembre de chaque ann\u00e9e, jusqu&#039;\u00e0 la mise en place de mesures permanentes. Si le US Fish and Wildlife Service ou la Massachusetts Division of Fisheries and Wildlife d\u00e9termine que la mesure provisoire de passage en aval d\u00e9crite ci-dessus n&#039;assure pas un passage s\u00fbr, rapide et efficace aux anguilles en migration, le propri\u00e9taire devra mettre en \u0153uvre d&#039;autres mesures provisoires raisonnables, \u00e0 la demande de ces organismes. Le propri\u00e9taire pourra \u00e9galement proposer d&#039;autres mesures de passage des anguilles, si ces mesures reposent sur des bases techniques et scientifiques solides. Pendant la dur\u00e9e de la pr\u00e9sente certification, si un organisme de gestion des ressources demande la mise en place d&#039;un passage permanent en aval ou en amont dans l&#039;installation, le propri\u00e9taire devra en informer le LIHI dans les 14 jours suivant cette demande et lui fournir une copie de la demande et de sa r\u00e9ponse.<\/li>\n<\/ul>\n<p>La date d&#039;entr\u00e9e en vigueur de la certification pour West Dudley est le 7 avril 2015 pour une dur\u00e9e de cinq (5) ans, qui expirera le 7 avril 2020.<\/p>\n<p><strong>4 d\u00e9cembre 2015 :<\/strong>\u00a0Le 4 d\u00e9cembre 2015, le Low Impact Hydropower Institute a re\u00e7u une demande compl\u00e8te de certification pour le projet hydro\u00e9lectrique de West Dudley. Les documents de candidature sont disponibles dans la section \u00ab\u00a0Fichiers\u00a0\u00bb ci-dessous.<\/p>\n<p>La p\u00e9riode de commentaires publics pour cette demande a pris fin le 8 f\u00e9vrier 2016.<\/p>\n<p><strong>22 septembre 2011 :<\/strong> Le projet hydro\u00e9lectrique de West Dudley a \u00e9t\u00e9 certifi\u00e9 \u00e0 faible impact pour une dur\u00e9e de cinq ans, \u00e0 compter du 7 avril 2011 et expirant le 7 avril 2016.<\/p>\n<p><strong>7 avril 2011 :<\/strong> West Dudley Hydro, LLC a d\u00e9pos\u00e9 une demande de certification pour le projet West Dudley. La p\u00e9riode de consultation publique sera ouverte pendant 60 jours.<\/p>\n<hr \/>\n<h3>Dossiers de certification<\/h3>\n<h4>Recertification 2020<\/h4>\n<ul style=\"color: black;\">\n<li><a href=\"https:\/\/lowimpacthydro.org\/wp-content\/uploads\/2020\/10\/West-Dudley-Stage-2-Recertification-Report.pdf\">Rapport de recertification de West Dudley 2020<\/a><\/li>\n<li><a href=\"https:\/\/lowimpacthydro.org\/wp-content\/uploads\/2020\/08\/West-Dudley-LIHI-Application-2020_FINAL-1.pdf\">Demande de recertification de West Dudley 2020<\/a><\/li>\n<\/ul>\n<h4>Recertification 2015<\/h4>\n<ul>\n<li><a href=\"https:\/\/lowimpacthydro.org\/wp-content\/uploads\/2020\/07\/RecommendationMemoWestDudley_2015.pdf\">Note de recommandation de West Dudley 2015<\/a><\/li>\n<li><a href=\"https:\/\/lowimpacthydro.org\/wp-content\/uploads\/2020\/07\/LIHI-APPLICATION-2015.pdf\">Demande de recertification de West Dudley 2015<\/a><\/li>\n<li><a href=\"https:\/\/lowimpacthydro.org\/wp-content\/uploads\/2020\/07\/West-Dudley-2015-Recert_Attachments-1.pdf\">Pi\u00e8ces jointes \u00e0 la demande de recertification de West Dudley 2015<\/a><\/li>\n<\/ul>\n<h4>Certification 2011<\/h4>\n<ul style=\"color: black;\">\n<li><a href=\"https:\/\/lowimpacthydro.org\/wp-content\/uploads\/2020\/08\/WestDudleyCertificationFinalReport13Sept2011.pdf\">Rapport d&#039;examen de certification de West Dudley 2011<\/a><\/li>\n<li><a href=\"https:\/\/lowimpacthydro.org\/wp-content\/uploads\/2020\/08\/West-Dudley-LIHI-Application.doc\">Demande de certification de West Dudley<\/a><\/li>\n<li><\/li>\n<li><a href=\"https:\/\/lowimpacthydro.org\/wp-content\/uploads\/2020\/08\/Appendix-B-1-MA-DEP-Water-Quality-Sampling-Plan-dtd-March-7-2011.pdf\">Annexe de la demande \u2013 Plan d&#039;\u00e9chantillonnage de la qualit\u00e9 de l&#039;eau 2011 du D\u00e9partement de la protection de l&#039;environnement du Massachusetts<\/a><\/li>\n<li><a href=\"https:\/\/lowimpacthydro.org\/wp-content\/uploads\/2020\/08\/Appendix-C-1-Ltr-from-MA-Div-of-Fish-and-Wildlife-re-LIHI-application-dtd-March-16-2011.pdf\">Annexe de la demande \u2013 Lettre de commentaires 2011 de la Division de la p\u00eache et de la faune du Massachusetts<\/a><\/li>\n<li><a href=\"https:\/\/lowimpacthydro.org\/wp-content\/uploads\/2020\/08\/Appendix-C-2-Email-to-US-Fish-and-Wildlife-requesting-comments.pdf\">Annexe de la demande \u2013 Demande de commentaires du US Fish and Wildlife Service<\/a><\/li>\n<li><a href=\"https:\/\/lowimpacthydro.org\/wp-content\/uploads\/2020\/08\/senator-Moore-Mass.pdf\">Lettre du s\u00e9nateur du Massachusetts Moore<\/a><\/li>\n<li><a href=\"https:\/\/lowimpacthydro.org\/wp-content\/uploads\/2020\/08\/DudleyTrailGreenwayCmts.pdf\">Lettre de commentaires sur la voie verte de Dudley Trail<\/a><\/li>\n<li><a href=\"https:\/\/lowimpacthydro.org\/wp-content\/uploads\/2020\/08\/TheGreenValley.pdf\">Lettre de commentaires sur The Last Green Valley<\/a><\/li>\n<\/ul>\n<hr \/>\n<h3>Documents cl\u00e9s<\/h3>\n<ul>\n<li><a href=\"https:\/\/lowimpacthydro.org\/wp-content\/uploads\/2020\/08\/Appendix-1-1-Order-Granting-Exemption-from-Licensing-dated-June-10-1983.pdf\">1983 FERC <span class='tooltipsall tooltip_post_id_5562 classtoolTips113'>Exemption<\/span><\/a><\/li>\n<li><a href=\"https:\/\/lowimpacthydro.org\/wp-content\/uploads\/2023\/06\/1998-FERC-amendment-West-Dudley.pdf\">Amendement de la FERC de 1998<\/a><\/li>\n<\/ul>","protected":false},"excerpt":{"rendered":"<p>Project Name West Dudley LIHI Certificate No. 76 LIHI Certificate Term April 7, 2020 &#8211; April 6, 2030 Owner West Dudley Hydro Bros LLC State Massachusetts<span class=\"excerpt-hellip\"> [\u2026]<\/span><\/p>\n","protected":false},"author":3,"featured_media":-1,"parent":0,"menu_order":0,"comment_status":"closed","ping_status":"closed","template":"","meta":{"_coblocks_attr":"","_coblocks_dimensions":"","_coblocks_responsive_height":"","_coblocks_accordion_ie_support":"","om_disable_all_campaigns":false,"_monsterinsights_skip_tracking":false,"_monsterinsights_sitenote_active":false,"_monsterinsights_sitenote_note":"","_monsterinsights_sitenote_category":0,"footnotes":""},"class_list":["post-1651","page","type-page","status-publish","has-post-thumbnail","hentry"],"aioseo_notices":[],"_links":{"self":[{"href":"https:\/\/lowimpacthydro.org\/fr\/wp-json\/wp\/v2\/pages\/1651","targetHints":{"allow":["GET"]}}],"collection":[{"href":"https:\/\/lowimpacthydro.org\/fr\/wp-json\/wp\/v2\/pages"}],"about":[{"href":"https:\/\/lowimpacthydro.org\/fr\/wp-json\/wp\/v2\/types\/page"}],"author":[{"embeddable":true,"href":"https:\/\/lowimpacthydro.org\/fr\/wp-json\/wp\/v2\/users\/3"}],"replies":[{"embeddable":true,"href":"https:\/\/lowimpacthydro.org\/fr\/wp-json\/wp\/v2\/comments?post=1651"}],"version-history":[{"count":13,"href":"https:\/\/lowimpacthydro.org\/fr\/wp-json\/wp\/v2\/pages\/1651\/revisions"}],"predecessor-version":[{"id":10451,"href":"https:\/\/lowimpacthydro.org\/fr\/wp-json\/wp\/v2\/pages\/1651\/revisions\/10451"}],"wp:featuredmedia":[{"embeddable":true,"href":"https:\/\/lowimpacthydro.org\/fr\/wp-json\/"}],"wp:attachment":[{"href":"https:\/\/lowimpacthydro.org\/fr\/wp-json\/wp\/v2\/media?parent=1651"}],"curies":[{"name":"wp","href":"https:\/\/api.w.org\/{rel}","templated":true}]}}