{"id":1641,"date":"2020-07-26T09:59:02","date_gmt":"2020-07-26T13:59:02","guid":{"rendered":"https:\/\/lowimpacthydro.org\/?page_id=1641"},"modified":"2026-02-04T14:22:03","modified_gmt":"2026-02-04T19:22:03","slug":"lihi-certificate-78-slack-dam-hydroelectric-project-vermont","status":"publish","type":"page","link":"https:\/\/lowimpacthydro.org\/fr\/lihi-certificate-78-slack-dam-hydroelectric-project-vermont\/","title":{"rendered":"Certificat LIHI #78 \u2013 Projet hydro\u00e9lectrique du barrage Slack, Vermont"},"content":{"rendered":"<table class=\"alignright\" style=\"width: 351px; border: 2px; cellspacing: 2px; cellpadding: 2px; margin-left: 50px;\">\n<tbody>\n<tr>\n<td style=\"width: 163px;\"><strong>Nom du projet<\/strong><\/td>\n<td style=\"width: 195px;\">Mou <span class='tooltipsall tooltip_post_id_5545 classtoolTips158'>Barrage<\/span><\/td>\n<\/tr>\n<tr>\n<td style=\"width: 163px;\"><strong>Num\u00e9ro de certificat LIHI<\/strong><\/td>\n<td style=\"width: 195px;\">78<\/td>\n<\/tr>\n<tr>\n<td style=\"width: 163px;\"><strong>Dur\u00e9e du certificat LIHI<\/strong><\/td>\n<td style=\"width: 195px;\">28 f\u00e9vrier 2016 \u2013 28 f\u00e9vrier 2029<\/td>\n<\/tr>\n<tr>\n<td style=\"width: 163px;\"><strong>Propri\u00e9taire<\/strong><\/td>\n<td style=\"width: 195px;\">Compagnie hydro\u00e9lectrique de Springfield<\/td>\n<\/tr>\n<tr>\n<td style=\"width: 163px;\"><strong>\u00c9tat<\/strong><\/td>\n<td style=\"width: 195px;\">Vermont<\/td>\n<\/tr>\n<tr>\n<td style=\"width: 163px;\"><strong>Emplacement<\/strong><\/td>\n<td style=\"width: 195px;\">Situ\u00e9 au mile 4,3 de la rivi\u00e8re Black \u00e0 Springfield, Vermont.<\/td>\n<\/tr>\n<tr>\n<td style=\"width: 163px;\"><strong>Capacit\u00e9 install\u00e9e<\/strong><\/td>\n<td style=\"width: 195px;\">0,4 MW<\/td>\n<\/tr>\n<tr>\n<td style=\"width: 163px;\"><strong>G\u00e9n\u00e9ration annuelle moyenne<\/strong><\/td>\n<td style=\"width: 195px;\">2 000 MWH<\/td>\n<\/tr>\n<tr>\n<td style=\"width: 163px;\"><strong>Type d&#039;\u00e9tablissement<\/strong><\/td>\n<td style=\"width: 195px;\"><span class='tooltipsall tooltip_post_id_5643 classtoolTips52'>Au fil de l&#039;eau<\/span> avec un pontage de minimus<\/td>\n<\/tr>\n<tr>\n<td style=\"width: 163px;\"><strong><span class='tooltipsall tooltip_post_id_5565 classtoolTips152'>F\u00e9d\u00e9ration internationale de radio-t\u00e9l\u00e9vision (FERC)<\/span> Non.<\/strong><\/td>\n<td style=\"width: 195px;\">P-8014 exempt\u00e9 1985<\/td>\n<\/tr>\n<\/tbody>\n<\/table>\n<p>Le projet de barrage Slack est situ\u00e9 \u00e0 Springfield, dans le Vermont, sur la rivi\u00e8re Black. <span class='tooltipsall tooltip_post_id_5545 classtoolTips158'>barrage<\/span> est l&#039;un des cinq b\u00e9tons existants <span class='tooltipsall tooltip_post_id_5580 classtoolTips81'>barrages-poids<\/span> sur la rivi\u00e8re Black. Le projet est desservi par une zone de drainage de 190 miles carr\u00e9s sur la rivi\u00e8re Black, dont 75% est contr\u00f4l\u00e9e par le projet de contr\u00f4le des inondations du US Army Corps of Engineers \u00e0 North Springfield, \u00e0 4,5 miles en amont. Les barrages plus en amont comprennent <a href=\"https:\/\/lowimpacthydro.org\/fr\/lihi-certificate-97-cavendish-hydroelectric-project-vermont\/\">Cavendish (LIHI #97)<\/a>. De plus, le <a href=\"https:\/\/lowimpacthydro.org\/fr\/lihi-certificate-124-comtu-falls-project-vermont\/\">Projet des Chutes Comtu (LIHI #124)<\/a> est situ\u00e9 directement en amont et le barrage Lovejoy est directement en aval.<\/p>\n<p>Le projet a \u00e9t\u00e9 reconstruit en 1986 et comprend : une <span class='tooltipsall tooltip_post_id_5580 classtoolTips81'>barrage-poids<\/span>, <span class='tooltipsall tooltip_post_id_5624 classtoolTips102'>centrale<\/span>, <span class='tooltipsall tooltip_post_id_5619 classtoolTips124'>conduite forc\u00e9e<\/span>, et une turbine Kaplan horizontale d&#039;une capacit\u00e9 de 0,4 MW. La centrale \u00e9lectrique fait partie int\u00e9grante du barrage et est construite en b\u00e9ton arm\u00e9 \u00e0 une altitude sup\u00e9rieure au niveau de la crue centennale. Une conduite forc\u00e9e en acier de 8 pieds de diam\u00e8tre et de 80 pieds de longueur conduit l&#039;eau de la prise d&#039;eau \u00e0 la centrale \u00e9lectrique.<\/p>\n<p>Le projet op\u00e8re dans un <span class='tooltipsall tooltip_post_id_5643 classtoolTips52'>au fil de l&#039;eau<\/span> Le projet pr\u00e9voit un r\u00e9gime d&#039;\u00e9coulement minimal de 0,5 pouce de d\u00e9versement sur la cr\u00eate du barrage. Ce r\u00e9gime d&#039;\u00e9coulement a \u00e9t\u00e9 \u00e9labor\u00e9 en consultation avec le D\u00e9partement de la conservation de l&#039;environnement du Vermont (VDEC).<\/p>\n<p>Les eaux dans la zone du projet sont d\u00e9sign\u00e9es comme \u00ab bonnes \u00bb, \u00e0 l\u2019exception d\u2019un tron\u00e7on de 2,5 milles en aval, juste au-dessus de la confluence avec la rivi\u00e8re Connecticut, car il est alt\u00e9r\u00e9 pour les rejets d\u2019\u00e9gouts municipaux.<\/p>\n<p>En aval <span class='tooltipsall tooltip_post_id_5566 classtoolTips59'>passage des poissons<\/span> Le passage est facilit\u00e9 par une goulotte en aval am\u00e9nag\u00e9e dans le barrage ainsi qu&#039;une \u00e9cluse et un toboggan. Ce passage est maintenant exploit\u00e9 \u00e0 la demande du VDEC au printemps et \u00e0 l&#039;automne afin de prot\u00e9ger les esp\u00e8ces de poissons r\u00e9sidentes.<\/p>\n<p><strong>PLUS-Standard:<\/strong> Le projet exploite volontairement son passage \u00e0 poissons en aval du 1er avril au 15 juin et du 15 septembre au 15 novembre ou selon la demande des agences de p\u00eache de l&#039;\u00c9tat.<\/p>\n<p>Les terrains du projet s&#039;\u00e9tendent sur environ 1 acre. Le bassin de retenue comporte des rives bord\u00e9es d&#039;arbres, mais le projet est principalement entour\u00e9 de b\u00e2timents industriels dans le centre-ville urbain de Springfield, dans le Vermont. Aucune terre de valeur \u00e9cologique significative n&#039;existe dans la zone du projet.<\/p>\n<p>Comme l&#039;a confirm\u00e9 le US Fish and Wildlife Service, il n&#039;y a aucune esp\u00e8ce r\u00e9pertori\u00e9e au niveau f\u00e9d\u00e9ral ou \u00e9tatique dans la zone du projet ou en aval du projet.<\/p>\n<p>Les ressources historiques de la zone du projet comprennent la chemin\u00e9e Slack, un bien inscrit au registre national. Le propri\u00e9taire du projet consulte le bureau de pr\u00e9servation historique de l&#039;\u00c9tat pour assurer la protection de la propri\u00e9t\u00e9.<\/p>\n<p>Les ressources r\u00e9cr\u00e9atives du projet comprennent un acc\u00e8s pi\u00e9tonnier \u00e0 la p\u00eache. Des loisirs informels sont \u00e9galement propos\u00e9s gratuitement.<\/p>\n<hr \/>\n<h3>\u00c9tat de conformit\u00e9<\/h3>\n<p><strong>Le certificat comprend les conditions sp\u00e9cifiques \u00e0 l&#039;\u00e9tablissement suivantes :<\/strong><\/p>\n<p><strong>Condition 1.<\/strong> Si le Service des eaux et des eaux des \u00c9tats-Unis ou l&#039;agence de gestion des p\u00eaches de l&#039;\u00c9tat exige que l&#039;installation fournisse un passage pour les anguilles en amont \u00e0 l&#039;avenir, le propri\u00e9taire doit en informer le LIHI dans les 30 jours suivant la r\u00e9ception de cette notification. Le propri\u00e9taire doit ensuite consulter l&#039;agence requ\u00e9rante pour \u00e9laborer des plans visant \u00e0 mettre en \u0153uvre ce passage en amont et fournir \u00e0 LIHI une copie de ces plans au plus tard un an apr\u00e8s avoir re\u00e7u la notification.<\/p>\n<p><strong>Condition 2.<\/strong> Pendant toute la dur\u00e9e de la certification LIHI, le propri\u00e9taire doit continuer \u00e0 exploiter le secteur en aval <span class='tooltipsall tooltip_post_id_5568 classtoolTips128'>passe \u00e0 poissons<\/span> au barrage Slack au printemps, du 1er avril au 15 juin et \u00e0 l&#039;automne, du 15 septembre au 15 novembre, ou selon les autres conditions demand\u00e9es par l&#039;agence nationale des p\u00eaches. Cette condition est associ\u00e9e \u00e0 la prolongation de la dur\u00e9e de validit\u00e9 du nouveau certificat, qui est de 8 ans.<\/p>\n<p><strong>2026:<\/strong> Aucun changement important ni probl\u00e8me de conformit\u00e9 n&#039;a \u00e9t\u00e9 identifi\u00e9. Le projet demeure conforme \u00e0 la r\u00e9glementation sur la base de l&#039;examen annuel. Pour la condition 1, le projet n&#039;a signal\u00e9 aucune demande de passage d&#039;anguilles. Pour la condition 2, le projet a signal\u00e9 que la passe \u00e0 poissons \u00e9tait exploit\u00e9e comme pr\u00e9vu.<\/p>\n<p><strong>2025:<\/strong> Aucun changement important ni probl\u00e8me de conformit\u00e9 n&#039;a \u00e9t\u00e9 identifi\u00e9. Le projet demeure conforme \u00e0 la r\u00e9glementation sur la base de l&#039;examen annuel. Pour la condition 1, le projet n&#039;a signal\u00e9 aucune demande de passage d&#039;anguilles. Pour la condition 2, le projet a signal\u00e9 que la passe \u00e0 poissons \u00e9tait exploit\u00e9e comme pr\u00e9vu.<\/p>\n<p><strong>2024:<\/strong> Aucun changement important ni probl\u00e8me de conformit\u00e9 n&#039;a \u00e9t\u00e9 identifi\u00e9. Le projet demeure conforme \u00e0 la r\u00e9glementation sur la base de l&#039;examen annuel. Pour la condition 1, le projet n&#039;a signal\u00e9 aucune demande de passage d&#039;anguilles. Pour la condition 2, le projet a signal\u00e9 que la passe \u00e0 poissons \u00e9tait exploit\u00e9e comme pr\u00e9vu.<\/p>\n<p><strong>2023:<\/strong> Aucun changement important ni probl\u00e8me de conformit\u00e9 n&#039;a \u00e9t\u00e9 identifi\u00e9. Le projet demeure conforme \u00e0 la r\u00e9glementation sur la base de l&#039;examen annuel. Pour la condition 1, le projet n&#039;a signal\u00e9 aucune demande de passage d&#039;anguilles. Pour la condition 2, le projet a signal\u00e9 que la passe \u00e0 poissons \u00e9tait exploit\u00e9e comme pr\u00e9vu.<\/p>\n<p><strong>2022:<\/strong> Aucun changement important ni probl\u00e8me de conformit\u00e9 n&#039;a \u00e9t\u00e9 identifi\u00e9. Le projet demeure conforme \u00e0 la r\u00e9glementation sur la base de l&#039;examen annuel. Pour la condition 1, le projet n&#039;a signal\u00e9 aucune demande de passage d&#039;anguilles. Pour la condition 2, le projet a signal\u00e9 que la passe \u00e0 poissons \u00e9tait exploit\u00e9e comme pr\u00e9vu.<\/p>\n<p><strong>2021:<\/strong> Aucun changement ni probl\u00e8me de conformit\u00e9 n&#039;a \u00e9t\u00e9 signal\u00e9, et aucun changement n&#039;a \u00e9t\u00e9 apport\u00e9 \u00e0 l&#039;\u00e9tat du projet. Pour la condition 2, la passe \u00e0 poissons en aval \u00e9tait op\u00e9rationnelle comme pr\u00e9vu. Le projet reste conforme sur la base de l&#039;examen annuel.<\/p>\n<p><strong>2020:<\/strong> Aucun changement ni probl\u00e8me de conformit\u00e9 n&#039;a \u00e9t\u00e9 signal\u00e9, et aucun changement n&#039;a \u00e9t\u00e9 apport\u00e9 \u00e0 l&#039;\u00e9tat du projet. Pour la condition 2, la passe \u00e0 poissons en aval \u00e9tait op\u00e9rationnelle comme pr\u00e9vu. Le projet reste conforme sur la base de l&#039;examen annuel.<\/p>\n<p><strong>2019:<\/strong> Aucun changement ni probl\u00e8me de conformit\u00e9 n&#039;a \u00e9t\u00e9 signal\u00e9, et aucun changement n&#039;a \u00e9t\u00e9 apport\u00e9 \u00e0 l&#039;\u00e9tat du projet. Pour la condition 2, la passe \u00e0 poissons en aval \u00e9tait op\u00e9rationnelle comme pr\u00e9vu. Le projet reste conforme sur la base de l&#039;examen annuel.<\/p>\n<p><strong>2018:<\/strong> Aucun changement ni probl\u00e8me de conformit\u00e9 n&#039;a \u00e9t\u00e9 signal\u00e9, et aucun changement n&#039;a \u00e9t\u00e9 apport\u00e9 \u00e0 l&#039;\u00e9tat du projet. Pour la condition 2, la passe \u00e0 poissons en aval \u00e9tait op\u00e9rationnelle comme pr\u00e9vu. Le projet reste conforme sur la base de l&#039;examen annuel.<\/p>\n<p><strong>2016-2017:<\/strong> Le rapport annuel pour le certificat actuel n\u2019est pas encore entr\u00e9 en vigueur.<\/p>\n<hr \/>\n<h3>Historique des certifications<\/h3>\n<p><strong>1er janvier 2022 :<\/strong> La dur\u00e9e du certificat LIHI a \u00e9t\u00e9 prolong\u00e9e conform\u00e9ment \u00e0 la r\u00e9vision 2.05 du manuel de certification LIHI 2e \u00e9dition publi\u00e9 le 1er janvier 2022. Reportez-vous au tableau des \u00e9tablissements ci-dessus pour conna\u00eetre la nouvelle dur\u00e9e.<\/p>\n<p><strong>20 juin 2017 :<\/strong>\u00a0N&#039;ayant re\u00e7u aucune demande d&#039;appel de la d\u00e9cision de certification pr\u00e9liminaire, le projet hydro\u00e9lectrique du barrage de Slack a re\u00e7u un avis final indiquant qu&#039;il satisfait aux crit\u00e8res de certification du LIHI.<\/p>\n<p><strong>11 mai 2017 :<\/strong> Le Low Impact Hydropower Institute a publi\u00e9 une d\u00e9cision de certification pr\u00e9liminaire selon laquelle le projet hydro\u00e9lectrique du barrage Slack (FERC n\u00b0 P-8014) satisfait aux crit\u00e8res de certification du LIHI. Cette certification est \u00e9ligible \u00e0 une norme PLUS sur le passage et la protection des poissons en aval, ce qui prolonge la dur\u00e9e standard de cinq \u00e0 huit ans. Tout commentateur peut soumettre une lettre au directeur ex\u00e9cutif demandant un appel dans le d\u00e9lai de 30 jours. La demande d&#039;appel doit indiquer les raisons sp\u00e9cifiques pour lesquelles l&#039;installation hydro\u00e9lectrique aurait d\u00fb \u00e9chouer \u00e0 un ou plusieurs crit\u00e8res. Seules les personnes ou organisations qui ont comment\u00e9 le dossier de candidature initial peuvent d\u00e9poser un appel. De plus amples informations sur le processus d&#039;appel du LIHI sont disponibles dans le manuel du LIHI. Si aucun appel n&#039;est demand\u00e9 dans le d\u00e9lai de 30 jours, le directeur ex\u00e9cutif d\u00e9livrera la certification LIHI pour l&#039;installation et publiera une notification de certification sur le site Web de l&#039;Institut. Une fois d\u00e9finitive, la date de certification effective du projet de barrage Slack est le 28 f\u00e9vrier 2016 pour une dur\u00e9e de huit (8) ans, qui expirera le 28 f\u00e9vrier 2024.<\/p>\n<p><strong>8 mars 2017 :<\/strong> Le Low Impact Hydropower Institute a re\u00e7u une demande compl\u00e8te pour un nouveau mandat de certification \u00e0 faible impact pour le projet hydro\u00e9lectrique du barrage Slack. Les documents de candidature sont disponibles dans la section Fichiers ci-dessous. Le LIHI sollicite les commentaires du public sur cette demande. Plus pr\u00e9cis\u00e9ment, nous souhaitons savoir si vous pensez que le projet du barrage Slack r\u00e9pond aux crit\u00e8res de certification \u00e0 faible impact du LIHI, tels que r\u00e9vis\u00e9s dans le manuel de 2e \u00e9dition publi\u00e9 en mars 2016. Veuillez consulter le programme et les crit\u00e8res dans le manuel r\u00e9vis\u00e9 du LIHI, puis consulter les documents de candidature 2016 du projet publi\u00e9s sur la page du projet. Les commentaires directement li\u00e9s \u00e0 des crit\u00e8res sp\u00e9cifiques du LIHI (d\u00e9bits, qualit\u00e9 de l&#039;eau, passage des poissons, etc.) seront les plus utiles, mais tous les commentaires seront pris en compte. Les commentaires peuvent \u00eatre soumis \u00e0 l&#039;Institut par courrier \u00e9lectronique \u00e0 l&#039;adresse\u00a0<a href=\"mailto:comments@lowimpacthydro.org\" target=\"_blank\" rel=\"noopener noreferrer\" data-cke-saved-href=\"mailto:dhall@lowimpacthydro.org?subject=Raquette%20Project%20Comments\">comments@lowimpacthydro.org<\/a>\u00a0avec \u00ab Slack Dam Project Comments \u00bb dans la ligne d&#039;objet, ou par courrier adress\u00e9 au Low Impact Hydropower Institute, PO Box 194, Harrington Park, New Jersey 07640.\u00a0 <strong>Les commentaires doivent \u00eatre re\u00e7us \u00e0 l&#039;Institut au plus tard \u00e0 17 heures, heure de l&#039;Est, le 7 mai 2017.<\/strong>\u00a0\u00e0 prendre en consid\u00e9ration. Tous les commentaires seront publi\u00e9s sur le site Web et le candidat aura la possibilit\u00e9 d&#039;y r\u00e9pondre. Toute r\u00e9ponse sera \u00e9galement publi\u00e9e.<\/p>\n<p><strong>27 octobre 2011 :<\/strong> Le projet hydro\u00e9lectrique du barrage Slack a \u00e9t\u00e9 certifi\u00e9 \u00e0 faible impact pour une dur\u00e9e de cinq ans, \u00e0 compter du 28 f\u00e9vrier 2011 et expirant le 28 f\u00e9vrier 2016.<\/p>\n<p><strong>28 avril 2011 :<\/strong> La p\u00e9riode de commentaires publics est termin\u00e9e.<\/p>\n<p><strong>28 f\u00e9vrier 2011 :<\/strong> La Springfield Hydroelectric Company a d\u00e9pos\u00e9 une demande de certification pour le projet de barrage Slack. La p\u00e9riode de commentaires du public sera ouverte pendant 60 jours.<\/p>\n<hr \/>\n<h3>Dossiers de certification<\/h3>\n<h4>Renouvellement de certification 2016-2017<\/h4>\n<ul style=\"color: black;\">\n<li><a href=\"https:\/\/lowimpacthydro.org\/wp-content\/uploads\/2020\/07\/Slack-Dam-LIHI-Recertification-Application-Jan-17-2017.pdf\">Demande de recertification du barrage Slack 2017<\/a><\/li>\n<li><a href=\"https:\/\/lowimpacthydro.org\/wp-content\/uploads\/2020\/07\/Slack-Dam-Stage-II-Recertification_revised-Final-5-10-17.pdf\">Rapport de r\u00e9vision de la recertification du barrage Slack 2017<\/a><\/li>\n<li><a href=\"https:\/\/lowimpacthydro.org\/wp-content\/uploads\/2020\/08\/RE_-Springfield-Hydroelectric-Downstream-Fish-C....pdf\">Lettre de commentaires du D\u00e9partement de la conservation de l\u2019environnement du Vermont \u2013 <span class='tooltipsall tooltip_post_id_5566 classtoolTips59'>Passage des poissons<\/span><\/a><\/li>\n<\/ul>\n<h4>Certification 2011<\/h4>\n<ul style=\"color: black;\">\n<li><a href=\"https:\/\/lowimpacthydro.org\/wp-content\/uploads\/2020\/08\/Slack_Dam_Final_Cert_Review_10_27_2011.pdf\">Examen de la certification du barrage Slack 2011<\/a><\/li>\n<li><a href=\"https:\/\/lowimpacthydro.org\/wp-content\/uploads\/2020\/08\/Questionnaire-doc.Slack-Dam052.pdf\">Questionnaire de certification des barrages Slack<\/a><\/li>\n<li><a href=\"https:\/\/lowimpacthydro.org\/wp-content\/uploads\/2020\/08\/11.30.10-Slack-Dam-Hydroelectric-Project-Attachment-2.pdf\">Pi\u00e8ce jointe \u00e0 la demande de barrage Slack 2010<\/a><\/li>\n<li><a href=\"https:\/\/lowimpacthydro.org\/wp-content\/uploads\/2020\/08\/WQC-jan-2011-update062.pdf\">D\u00e9claration de conformit\u00e9 du certificat de qualit\u00e9 de l&#039;eau 2011<\/a><\/li>\n<\/ul>\n<hr \/>\n<h3>Documents cl\u00e9s<\/h3>\n<ul>\n<li><a href=\"https:\/\/lowimpacthydro.org\/wp-content\/uploads\/2023\/06\/1985-FERC-Exemption-Slack-Dam.pdf\">1985 FERC <span class='tooltipsall tooltip_post_id_5562 classtoolTips113'>Exemption<\/span><\/a><\/li>\n<li><a href=\"https:\/\/lowimpacthydro.org\/wp-content\/uploads\/2023\/06\/1985-WQC-Slack-Dam.pdf\">Certificat de qualit\u00e9 de l&#039;eau 1985<\/a><\/li>\n<li><a href=\"https:\/\/lowimpacthydro.org\/wp-content\/uploads\/2023\/06\/1986-WQC-amendment-Slack-Dam.pdf\">Modification du certificat de qualit\u00e9 de l&#039;eau de 1986<\/a><\/li>\n<\/ul>","protected":false},"excerpt":{"rendered":"<p>Project Name Slack Dam LIHI Certificate No. 78 LIHI Certificate Term February 28, 2016 &#8211; February 28, 2029 Owner Springfield Hydroelectric Company State Vermont Location Located<span class=\"excerpt-hellip\"> [\u2026]<\/span><\/p>\n","protected":false},"author":3,"featured_media":-1,"parent":0,"menu_order":0,"comment_status":"closed","ping_status":"closed","template":"","meta":{"_coblocks_attr":"","_coblocks_dimensions":"","_coblocks_responsive_height":"","_coblocks_accordion_ie_support":"","om_disable_all_campaigns":false,"_monsterinsights_skip_tracking":false,"_monsterinsights_sitenote_active":false,"_monsterinsights_sitenote_note":"","_monsterinsights_sitenote_category":0,"footnotes":""},"class_list":["post-1641","page","type-page","status-publish","has-post-thumbnail","hentry"],"aioseo_notices":[],"_links":{"self":[{"href":"https:\/\/lowimpacthydro.org\/fr\/wp-json\/wp\/v2\/pages\/1641","targetHints":{"allow":["GET"]}}],"collection":[{"href":"https:\/\/lowimpacthydro.org\/fr\/wp-json\/wp\/v2\/pages"}],"about":[{"href":"https:\/\/lowimpacthydro.org\/fr\/wp-json\/wp\/v2\/types\/page"}],"author":[{"embeddable":true,"href":"https:\/\/lowimpacthydro.org\/fr\/wp-json\/wp\/v2\/users\/3"}],"replies":[{"embeddable":true,"href":"https:\/\/lowimpacthydro.org\/fr\/wp-json\/wp\/v2\/comments?post=1641"}],"version-history":[{"count":13,"href":"https:\/\/lowimpacthydro.org\/fr\/wp-json\/wp\/v2\/pages\/1641\/revisions"}],"predecessor-version":[{"id":7175,"href":"https:\/\/lowimpacthydro.org\/fr\/wp-json\/wp\/v2\/pages\/1641\/revisions\/7175"}],"wp:featuredmedia":[{"embeddable":true,"href":"https:\/\/lowimpacthydro.org\/fr\/wp-json\/"}],"wp:attachment":[{"href":"https:\/\/lowimpacthydro.org\/fr\/wp-json\/wp\/v2\/media?parent=1641"}],"curies":[{"name":"wp","href":"https:\/\/api.w.org\/{rel}","templated":true}]}}