{"id":1610,"date":"2020-07-26T00:06:15","date_gmt":"2020-07-26T04:06:15","guid":{"rendered":"https:\/\/lowimpacthydro.org\/?page_id=1610"},"modified":"2025-06-10T12:21:50","modified_gmt":"2025-06-10T16:21:50","slug":"lihi-certificate-85-martinsville-hydroelectric-project-vermont","status":"publish","type":"page","link":"https:\/\/lowimpacthydro.org\/fr\/lihi-certificate-85-martinsville-hydroelectric-project-vermont\/","title":{"rendered":"Certificat LIHI #85 \u2013 Projet hydro\u00e9lectrique de Martinsville, Vermont"},"content":{"rendered":"<table class=\"alignright\" style=\"width: 351px; border: 2px; cellspacing: 2px; cellpadding: 2px; margin-left: 50px;\">\n<tbody>\n<tr>\n<td style=\"width: 163px;\"><strong>Nom du projet<\/strong><\/td>\n<td style=\"width: 204px;\">Martinsville<\/td>\n<\/tr>\n<tr>\n<td style=\"width: 163px;\"><strong>Num\u00e9ro de certificat LIHI<\/strong><\/td>\n<td style=\"width: 204px;\">85<\/td>\n<\/tr>\n<tr>\n<td style=\"width: 163px;\"><strong>Dur\u00e9e du certificat LIHI<\/strong><\/td>\n<td style=\"width: 204px;\">30 avril 2016 \u2013 30 avril 2026<\/td>\n<\/tr>\n<tr>\n<td style=\"width: 163px;\"><strong>Propri\u00e9taire<\/strong><\/td>\n<td style=\"width: 204px;\">Martinsville Hydro Corp.<\/td>\n<\/tr>\n<tr>\n<td style=\"width: 163px;\"><strong>\u00c9tat<\/strong><\/td>\n<td style=\"width: 204px;\">Vermont<\/td>\n<\/tr>\n<tr>\n<td style=\"width: 163px;\"><strong>Emplacement<\/strong><\/td>\n<td style=\"width: 204px;\">Situ\u00e9 au mile 0,8 de la rivi\u00e8re sur Lulls Brook \u00e0 Hartland, Vermont.<\/td>\n<\/tr>\n<tr>\n<td style=\"width: 163px;\"><strong>Capacit\u00e9 install\u00e9e<\/strong><\/td>\n<td style=\"width: 204px;\">0,25 MW<\/td>\n<\/tr>\n<tr>\n<td style=\"width: 163px;\"><strong>G\u00e9n\u00e9ration annuelle moyenne<\/strong><\/td>\n<td style=\"width: 204px;\">750 MWh<\/td>\n<\/tr>\n<tr>\n<td style=\"width: 163px;\"><strong>Type d&#039;\u00e9tablissement<\/strong><\/td>\n<td style=\"width: 204px;\"><span class='tooltipsall tooltip_post_id_5643 classtoolTips52'>Au fil de l&#039;eau<\/span><\/td>\n<\/tr>\n<tr>\n<td style=\"width: 163px;\"><strong><span class='tooltipsall tooltip_post_id_5565 classtoolTips152'>F\u00e9d\u00e9ration internationale de radio-t\u00e9l\u00e9vision (FERC)<\/span> Non.<\/strong><\/td>\n<td style=\"width: 204px;\">P-7373 d\u00e9livr\u00e9 en 1984, expire le 30\/11\/2034<\/td>\n<\/tr>\n<\/tbody>\n<\/table>\n<p>Le projet Martinsville est situ\u00e9 dans le village de Hartland Three Corners, \u00e0 Hartland, dans le Vermont, sur le ruisseau Lulls. Il a \u00e9t\u00e9 construit en 1984 sur le site d&#039;un ancien <span class='tooltipsall tooltip_post_id_5543 classtoolTips76'>cr\u00e8che en bois<\/span> <span class='tooltipsall tooltip_post_id_5545 classtoolTips158'>barrage<\/span> dont les restes ont \u00e9t\u00e9 emport\u00e9s par les eaux en 1973. Les op\u00e9rations ont d\u00e9but\u00e9 en 1986.<\/p>\n<p>Le projet comprend un pont en b\u00e9ton de 15 pieds de haut et de 49 pieds de long <span class='tooltipsall tooltip_post_id_5580 classtoolTips81'>barrage-poids<\/span> avec 4 pieds de haut <span class='tooltipsall tooltip_post_id_5569 classtoolTips79'>tableaux d&#039;affichage<\/span> le long d&#039;une longueur de 37 pieds <span class='tooltipsall tooltip_post_id_5651 classtoolTips116'>d\u00e9versoir<\/span> section du barrage ; une structure de prise d&#039;eau sur le c\u00f4t\u00e9 ouest du barrage ; une douve en bois de 3 pieds de diam\u00e8tre et de 455 pieds de long <span class='tooltipsall tooltip_post_id_5619 classtoolTips124'>conduite forc\u00e9e<\/span> section menant \u00e0 une section de conduite forc\u00e9e en acier de 3 pieds de diam\u00e8tre et de 100 pieds de long\u00a0; <span class='tooltipsall tooltip_post_id_5624 classtoolTips102'>centrale<\/span> contenant deux unit\u00e9s de production aliment\u00e9es par deux turbines Ossberger d&#039;une capacit\u00e9 install\u00e9e totale de 250 KW; et les installations annexes.<\/p>\n<p>L&#039;usine est enti\u00e8rement automatis\u00e9e, \u00e9quip\u00e9e d&#039;un \u00e9quipement haut de gamme <span class='tooltipsall tooltip_post_id_5626 classtoolTips6'>contr\u00f4leur logique programmable<\/span> avec surveillance Internet et contr\u00f4le \u00e0 distance, pour un fonctionnement stable et un contr\u00f4le du niveau de l&#039;\u00e9tang - le tout entretenu par le propri\u00e9taire-exploitant qui habite \u00e0 proximit\u00e9.<br \/>\nLe projet op\u00e8re dans un <span class='tooltipsall tooltip_post_id_5643 classtoolTips52'>au fil de l&#039;eau<\/span> Le projet pr\u00e9voit un d\u00e9bit minimal de 11 pi\u00b3\/s et un d\u00e9bit annuel moyen de 39 pi\u00b3\/s. Un d\u00e9bit de d\u00e9rivation de 2 pi\u00b3\/s est pr\u00e9vu, et tous les d\u00e9bits sont d\u00e9vers\u00e9s par-dessus le barrage lorsque le d\u00e9bit entrant est inf\u00e9rieur \u00e0 4 pi\u00b3\/s. Ce r\u00e9gime d&#039;\u00e9coulement a \u00e9t\u00e9 \u00e9labor\u00e9 en consultation avec l&#039;Agence des ressources naturelles du Vermont (VANR).<\/p>\n<p>Les eaux de la zone du projet ne sont pas class\u00e9es comme eaux de surface alt\u00e9r\u00e9es au sens de l&#039;article 303(d), mais une \u00e9valuation plus approfondie est n\u00e9cessaire pour leur inclusion dans les futures listes 303(d). La s\u00e9dimentation due au ruissellement des routes de gravier pourrait \u00eatre \u00e0 l&#039;origine de cette inscription, ce qui n\u00e9cessite une \u00e9valuation compl\u00e9mentaire. La consultation du VANR a conclu que le projet n&#039;a pas d&#039;impact n\u00e9gatif sur la qualit\u00e9 de l&#039;eau de la rivi\u00e8re.<\/p>\n<p>Non <span class='tooltipsall tooltip_post_id_5566 classtoolTips59'>passage des poissons<\/span> Aucune prescription n&#039;a jamais \u00e9t\u00e9 envisag\u00e9e ni propos\u00e9e pour le projet, car la section du ruisseau contourn\u00e9e par la conduite forc\u00e9e est un chenal \u00e0 forte pente, compos\u00e9 de chutes et de bassins peu profonds, sur une corniche en grande partie \u00e9rod\u00e9e. Le barrage ne constitue pas un obstacle \u00e0 la migration vers l&#039;amont, car la forte pente constitue une barri\u00e8re naturelle au passage des poissons. Une consultation aupr\u00e8s du Service national des p\u00eaches maritimes a r\u00e9v\u00e9l\u00e9 qu&#039;aucune esp\u00e8ce anadrome n&#039;\u00e9tait historiquement pr\u00e9sente dans la zone du projet. <span class='tooltipsall tooltip_post_id_5538 classtoolTips75'>Catadrome<\/span> Des esp\u00e8ces telles que l&#039;anguille d&#039;Am\u00e9rique \u00e9taient probablement pr\u00e9sentes dans la zone du projet, mais ont depuis \u00e9t\u00e9 <span class='tooltipsall tooltip_post_id_5561 classtoolTips99'>extirp\u00e9<\/span> de la zone par les barrages en aval du fleuve Connecticut. Des mesures de passage des anguilles sont actuellement en cours d&#039;\u00e9valuation aux barrages du fleuve Connecticut. Une future prescription de passage sera probablement \u00e9mise pour le projet une fois que les projets en aval auront install\u00e9 avec succ\u00e8s des mesures de passage des anguilles.<\/p>\n<p>Le terrain du projet s&#039;\u00e9tend sur environ 800 m\u00b2. Les terrains environnants sont principalement constitu\u00e9s de pentes abruptes, de zones fortement bois\u00e9es et de corniches rocheuses. La zone du projet ne pr\u00e9sente aucune valeur \u00e9cologique significative en raison de sa faible emprise et de ses gorges abruptes.<\/p>\n<p>\u00c0 l&#039;exception de quelques individus de passage, aucune esp\u00e8ce menac\u00e9e ou en voie de disparition n&#039;est potentiellement pr\u00e9sente \u00e0 proximit\u00e9 du projet. Une consultation aupr\u00e8s du bureau local de l&#039;USFWS en Nouvelle-Angleterre confirme l&#039;absence d&#039;esp\u00e8ces inscrites sur la liste f\u00e9d\u00e9rale, et l&#039;analyse de l&#039;outil de cartographie du VANR (Environnemental Interest Locator) indique qu&#039;aucune esp\u00e8ce inscrite sur la liste f\u00e9d\u00e9rale n&#039;est pr\u00e9sente \u00e0 proximit\u00e9 du projet.<\/p>\n<p>En consultation avec la Division du Vermont pour la pr\u00e9servation historique, il a \u00e9t\u00e9 conclu que le projet n&#039;abrite aucune ressource historique ou culturelle dans la zone du projet ou \u00e0 proximit\u00e9.<\/p>\n<p>Hormis la signalisation des conditions dangereuses, le projet ne requiert aucune autre activit\u00e9 r\u00e9cr\u00e9ative, car le r\u00e9servoir a la taille d&#039;une piscine olympique et son emplacement restreint ne permet pas un acc\u00e8s public s\u00e9curis\u00e9. L&#039;acc\u00e8s public est gratuit, mais difficile en raison du terrain escarp\u00e9 et de la proximit\u00e9 d&#039;une route nationale. Le D\u00e9partement de la conservation de l&#039;environnement du Vermont juge l&#039;acc\u00e8s \u00ab pratiquement impossible et, au mieux, dangereux \u00bb.<\/p>\n<hr \/>\n<h3>\u00c9tat de conformit\u00e9<\/h3>\n<p><strong>Il n&#039;existe aucune condition sp\u00e9cifique \u00e0 l&#039;\u00e9tablissement dans le certificat actuel<\/strong><\/p>\n<p><strong>2025:<\/strong> Aucun changement important ni probl\u00e8me de conformit\u00e9 n&#039;ont \u00e9t\u00e9 identifi\u00e9s. Le projet reste conforme sur la base de l&#039;examen annuel.<\/p>\n<p><strong>2024:<\/strong> Aucun changement important ni probl\u00e8me de conformit\u00e9 n&#039;ont \u00e9t\u00e9 identifi\u00e9s. Le projet reste conforme sur la base de l&#039;examen annuel.<\/p>\n<p><strong>2023:<\/strong> Aucun changement important ni probl\u00e8me de conformit\u00e9 n&#039;ont \u00e9t\u00e9 identifi\u00e9s. Le projet reste conforme sur la base de l&#039;examen annuel.<\/p>\n<p><strong>2022:<\/strong> Aucun changement important ni probl\u00e8me de conformit\u00e9 n&#039;ont \u00e9t\u00e9 identifi\u00e9s. Le projet reste conforme sur la base de l&#039;examen annuel.<\/p>\n<p><strong>2021:<\/strong> Aucun changement ni probl\u00e8me de conformit\u00e9 n&#039;a \u00e9t\u00e9 signal\u00e9. Le projet reste conforme sur la base de l&#039;examen annuel.<\/p>\n<p><strong>2020:<\/strong> Aucun changement ni probl\u00e8me de conformit\u00e9 n&#039;a \u00e9t\u00e9 signal\u00e9. Le projet reste conforme sur la base de l&#039;examen annuel.<\/p>\n<p><strong>2019:<\/strong> Aucun changement ni probl\u00e8me de conformit\u00e9 n&#039;a \u00e9t\u00e9 signal\u00e9. Le projet reste conforme sur la base de l&#039;examen annuel.<\/p>\n<p><strong>2018:<\/strong> Aucun changement ni probl\u00e8me de conformit\u00e9 n&#039;a \u00e9t\u00e9 signal\u00e9. Le projet reste conforme sur la base de l&#039;examen annuel.<\/p>\n<p><strong>2017:<\/strong> Aucun changement ni probl\u00e8me de conformit\u00e9 n&#039;a \u00e9t\u00e9 signal\u00e9. Le projet reste conforme sur la base de l&#039;examen annuel.<\/p>\n<p><strong>2016:<\/strong> Le rapport annuel pour le certificat actuel n\u2019est pas encore entr\u00e9 en vigueur.<\/p>\n<hr \/>\n<h3>Historique des certifications<\/h3>\n<p><strong>1er janvier 2022 :<\/strong> La dur\u00e9e du certificat LIHI a \u00e9t\u00e9 prolong\u00e9e conform\u00e9ment \u00e0 la r\u00e9vision 2.05 du manuel de certification LIHI 2e \u00e9dition publi\u00e9 le 1er janvier 2022. Reportez-vous au tableau des \u00e9tablissements ci-dessus pour conna\u00eetre la nouvelle dur\u00e9e.<\/p>\n<p><strong>27 f\u00e9vrier 2017 :<\/strong> Le 20 janvier 2017, Shannon Ames, directrice g\u00e9n\u00e9rale du LIHI, exer\u00e7ant les pouvoirs d\u00e9l\u00e9gu\u00e9s par son conseil d&#039;administration, a rendu une d\u00e9cision de certification pr\u00e9liminaire attestant que le projet hydro\u00e9lectrique de Martinsville (FERC n\u00b0 P-7373) satisfait aux crit\u00e8res de certification du LIHI. Conform\u00e9ment \u00e0 la section 4.2.5 du LIHI 2,<sup>nd<\/sup> L&#039;avis de d\u00e9cision pr\u00e9liminaire de certification a \u00e9t\u00e9 publi\u00e9 sur le site web de l&#039;Institut et envoy\u00e9 \u00e0 la liste de diffusion des parties prenantes le 23 janvier 2017. Un d\u00e9lai de 30 jours a \u00e9t\u00e9 accord\u00e9 \u00e0 toute personne ayant formul\u00e9 des commentaires sur la demande initiale pour interjeter appel, et aucune demande d&#039;appel n&#039;a \u00e9t\u00e9 re\u00e7ue. Le projet Martinsville est d\u00e9sormais consid\u00e9r\u00e9 comme certifi\u00e9 par le LIHI pour une dur\u00e9e de cinq (5) ans. La date d&#039;entr\u00e9e en vigueur de la certification pour le projet Martinsville est le 30 avril 2016 et expire le 30 avril 2021.<\/p>\n<p><strong>5 ao\u00fbt 2016 :<\/strong> Le 27 juillet 2016, le Low Impact Hydropower Institute a re\u00e7u une demande compl\u00e8te de renouvellement de la certification Low Impact pour le projet hydro\u00e9lectrique de Martinsville. Les documents de candidature sont disponibles dans la section \u00ab\u00a0Fichiers\u00a0\u00bb ci-dessous. Le LIHI sollicite les commentaires du public sur cette demande. Plus pr\u00e9cis\u00e9ment, nous souhaitons savoir si, selon vous, le projet de Martinsville continue de r\u00e9pondre aux crit\u00e8res de certification Low Impact du LIHI. Veuillez consulter le programme et les crit\u00e8res dans la version r\u00e9vis\u00e9e du LIHI.\u00a0<a href=\"https:\/\/lowimpacthydro.org\/wp-content\/uploads\/2014\/08\/2nd-edition-handbook-20160307-FINAL-CLEAN.pdf\" target=\"_blank\" rel=\"noopener noreferrer\">Manuel <\/a>Consultez ensuite les documents de candidature 2016 publi\u00e9s sur la page du projet. Les commentaires directement li\u00e9s aux crit\u00e8res sp\u00e9cifiques du LIHI (d\u00e9bits, qualit\u00e9 de l&#039;eau, passage des poissons, etc.) seront les plus utiles, mais tous les commentaires seront pris en compte. Vous pouvez envoyer vos commentaires \u00e0 l&#039;Institut par courriel \u00e0 l&#039;adresse suivante\u00a0:\u00a0<a href=\"mailto:comments@lowimpacthydro.org\" target=\"_blank\" rel=\"noopener noreferrer\" data-cke-saved-href=\"mailto:dhall@lowimpacthydro.org?subject=Raquette%20Project%20Comments\">comments@lowimpacthydro.org<\/a>\u00a0avec \u00ab Commentaires sur le projet Martinsville \u00bb dans la ligne d&#039;objet, ou par courrier adress\u00e9 au Low Impact Hydropower Institute, PO Box 194, Harrington Park, New Jersey 07640.\u00a0 <strong>Les commentaires doivent \u00eatre re\u00e7us \u00e0 l&#039;Institut au plus tard \u00e0 17 heures, heure de l&#039;Est, le 5 octobre 2016.<\/strong>\u00a0\u00e0 prendre en consid\u00e9ration. Tous les commentaires seront publi\u00e9s sur le site Web et le candidat aura la possibilit\u00e9 d&#039;y r\u00e9pondre. Toute r\u00e9ponse sera \u00e9galement publi\u00e9e.<\/p>\n<p><strong>3 mai 2012 :<\/strong> Le projet hydro\u00e9lectrique de Martinsville a \u00e9t\u00e9 certifi\u00e9 \u00e0 faible impact pour une dur\u00e9e de cinq ans, \u00e0 compter du 30 avril 2011 et expirant le 30 avril 2016.<\/p>\n<p><strong>3 mai 2011 :<\/strong> Martinsville Hydro Corporation a re\u00e7u un courriel du coordonnateur de la protection des d\u00e9bits fluviaux de l&#039;Agence des ressources naturelles du Vermont concernant sa certification de la qualit\u00e9 de l&#039;eau. Ce courriel est disponible dans la section \u00ab\u00a0Fichiers\u00a0\u00bb ci-dessous.<\/p>\n<p><strong>30 avril 2011 :<\/strong> Martinsville Hydro Corporation a soumis une demande de certification du projet hydro\u00e9lectrique de Martinsville.<\/p>\n<hr \/>\n<h3>Dossiers de certification<\/h3>\n<h4>Recertification 2016<\/h4>\n<ul style=\"color: black;\">\n<li><a href=\"https:\/\/lowimpacthydro.org\/wp-content\/uploads\/2020\/07\/Martinsville-Stage-II-Recertification-Report_FINAL.pdf\">Rapport de recertification de Martinsville<\/a><\/li>\n<li><a href=\"https:\/\/lowimpacthydro.org\/wp-content\/uploads\/2020\/07\/LIHI_Recertification-Application.pdf\">Demande de recertification de Martinsville<\/a><\/li>\n<li><a href=\"https:\/\/lowimpacthydro.org\/wp-content\/uploads\/2020\/07\/Martinsville-Sworn-Statement-and-Waiver_07222016.pdf\">D\u00e9claration sous serment et renonciation de Martinsville<\/a><\/li>\n<\/ul>\n<h4>Certification 2011<\/h4>\n<ul style=\"color: black;\">\n<li><a href=\"https:\/\/lowimpacthydro.org\/wp-content\/uploads\/2020\/08\/FINAL-AMENDED-Reviewer-Report-Martinsville.pdf\">Rapport d&#039;examen de la certification de Martinsville<\/a><\/li>\n<li><a href=\"https:\/\/lowimpacthydro.org\/wp-content\/uploads\/2020\/08\/LIHI_questionnaire-Martinsville-Hydro.pdf\">Questionnaire de certification de Martinsville<\/a><\/li>\n<li><a href=\"https:\/\/lowimpacthydro.org\/wp-content\/uploads\/2020\/08\/LowImpactHydroInst_Attachments.pdf\">Pi\u00e8ces jointes \u00e0 la candidature<\/a><\/li>\n<li><a href=\"https:\/\/lowimpacthydro.org\/wp-content\/uploads\/2020\/08\/LIHI_SupplementLetter.pdf\">Lettre de suppl\u00e9ment de certification<\/a><\/li>\n<li><a href=\"https:\/\/lowimpacthydro.org\/wp-content\/uploads\/2020\/08\/ferc_noaa_NMFS.pdf\">Lettre du Service national des p\u00eaches maritimes<\/a><\/li>\n<li><a href=\"https:\/\/lowimpacthydro.org\/wp-content\/uploads\/2020\/08\/ferc_usdi_ecological.pdf\">Lettre du minist\u00e8re de l&#039;Int\u00e9rieur des \u00c9tats-Unis<\/a><\/li>\n<li><a href=\"https:\/\/lowimpacthydro.org\/wp-content\/uploads\/2020\/08\/ferc_usfws_fish.pdf\">Lettre du Service am\u00e9ricain de la p\u00eache et de la faune sauvage<\/a><\/li>\n<\/ul>\n<hr \/>\n<h3>Documents cl\u00e9s<\/h3>\n<ul>\n<li><a href=\"https:\/\/lowimpacthydro.org\/wp-content\/uploads\/2023\/06\/1984-FERC-license-Martinsville.pdf\">Licence FERC 1984<\/a><\/li>\n<li><a href=\"https:\/\/lowimpacthydro.org\/wp-content\/uploads\/2023\/06\/1995-FERC-amendment-Martinsville.pdf\">Modification de la licence de 1995<\/a><\/li>\n<li><a href=\"https:\/\/lowimpacthydro.org\/wp-content\/uploads\/2020\/08\/ferc_wq.pdf\">Certificat de qualit\u00e9 de l&#039;eau de 1983<\/a><\/li>\n<\/ul>","protected":false},"excerpt":{"rendered":"<p>Project Name Martinsville LIHI Certificate No. 85 LIHI Certificate Term April 30, 2016 &#8211; April 30, 2026 Owner Martinsville Hydro Corp. State Vermont Location Located at<span class=\"excerpt-hellip\"> [\u2026]<\/span><\/p>\n","protected":false},"author":3,"featured_media":-1,"parent":0,"menu_order":0,"comment_status":"closed","ping_status":"closed","template":"","meta":{"_coblocks_attr":"","_coblocks_dimensions":"","_coblocks_responsive_height":"","_coblocks_accordion_ie_support":"","om_disable_all_campaigns":false,"_monsterinsights_skip_tracking":false,"_monsterinsights_sitenote_active":false,"_monsterinsights_sitenote_note":"","_monsterinsights_sitenote_category":0,"footnotes":""},"class_list":["post-1610","page","type-page","status-publish","has-post-thumbnail","hentry"],"_links":{"self":[{"href":"https:\/\/lowimpacthydro.org\/fr\/wp-json\/wp\/v2\/pages\/1610","targetHints":{"allow":["GET"]}}],"collection":[{"href":"https:\/\/lowimpacthydro.org\/fr\/wp-json\/wp\/v2\/pages"}],"about":[{"href":"https:\/\/lowimpacthydro.org\/fr\/wp-json\/wp\/v2\/types\/page"}],"author":[{"embeddable":true,"href":"https:\/\/lowimpacthydro.org\/fr\/wp-json\/wp\/v2\/users\/3"}],"replies":[{"embeddable":true,"href":"https:\/\/lowimpacthydro.org\/fr\/wp-json\/wp\/v2\/comments?post=1610"}],"version-history":[{"count":9,"href":"https:\/\/lowimpacthydro.org\/fr\/wp-json\/wp\/v2\/pages\/1610\/revisions"}],"predecessor-version":[{"id":9702,"href":"https:\/\/lowimpacthydro.org\/fr\/wp-json\/wp\/v2\/pages\/1610\/revisions\/9702"}],"wp:featuredmedia":[{"embeddable":true,"href":"https:\/\/lowimpacthydro.org\/fr\/wp-json\/"}],"wp:attachment":[{"href":"https:\/\/lowimpacthydro.org\/fr\/wp-json\/wp\/v2\/media?parent=1610"}],"curies":[{"name":"wp","href":"https:\/\/api.w.org\/{rel}","templated":true}]}}