{"id":1579,"date":"2020-07-25T23:14:52","date_gmt":"2020-07-26T03:14:52","guid":{"rendered":"https:\/\/lowimpacthydro.org\/?page_id=1579"},"modified":"2026-02-09T12:53:02","modified_gmt":"2026-02-09T17:53:02","slug":"lihi-certificate-92-pierce-mills-hydropower-project-vermont","status":"publish","type":"page","link":"https:\/\/lowimpacthydro.org\/fr\/lihi-certificate-92-pierce-mills-hydropower-project-vermont\/","title":{"rendered":"Certificat LIHI #92 \u2013 Projet hydro\u00e9lectrique de Pierce Mills, Vermont"},"content":{"rendered":"<table class=\"alignright\" style=\"width: 351px; border: 2px; cellspacing: 2px; cellpadding: 2px; margin-left: 50px;\">\n<tbody>\n<tr>\n<td width=\"238\"><strong>Nom du projet<\/strong><\/td>\n<td width=\"228\">Pierce Mills<\/td>\n<\/tr>\n<tr>\n<td width=\"238\"><strong>Num\u00e9ro de certificat LIHI<\/strong><\/td>\n<td width=\"228\">92<\/td>\n<\/tr>\n<tr>\n<td width=\"238\"><strong>Dur\u00e9e du certificat LIHI<\/strong><\/td>\n<td width=\"228\">6 f\u00e9vrier 2017 \u2013 5 f\u00e9vrier 2030<\/td>\n<\/tr>\n<tr>\n<td width=\"238\"><strong>Propri\u00e9taire<\/strong><\/td>\n<td width=\"228\">Soci\u00e9t\u00e9 d&#039;\u00e9nergie de Green Mountain<\/td>\n<\/tr>\n<tr>\n<td width=\"238\"><strong>\u00c9tat<\/strong><\/td>\n<td width=\"228\">Vermont<\/td>\n<\/tr>\n<tr>\n<td width=\"238\"><strong>Emplacement<\/strong><\/td>\n<td width=\"228\">Situ\u00e9 au mile 15,2 sur la rivi\u00e8re Passumpsic, un affluent de la rivi\u00e8re Connecticut ; le plus en amont des projets de la rivi\u00e8re Passumpsic.<\/td>\n<\/tr>\n<tr>\n<td width=\"238\"><strong>Capacit\u00e9 install\u00e9e<\/strong><\/td>\n<td width=\"228\">250 kW<\/td>\n<\/tr>\n<tr>\n<td width=\"238\"><strong>G\u00e9n\u00e9ration annuelle moyenne<\/strong><\/td>\n<td width=\"228\">1 133 MWh<\/td>\n<\/tr>\n<tr>\n<td width=\"238\"><strong>Type d&#039;\u00e9tablissement<\/strong><\/td>\n<td width=\"228\"><span class='tooltipsall tooltip_post_id_5643 classtoolTips52'>Au fil de l&#039;eau<\/span><\/td>\n<\/tr>\n<tr>\n<td width=\"238\"><strong><span class='tooltipsall tooltip_post_id_5565 classtoolTips152'>F\u00e9d\u00e9ration internationale de radio-t\u00e9l\u00e9vision (FERC)<\/span> Non.<\/strong><\/td>\n<td width=\"228\">P-2396 d\u00e9livr\u00e9 en 1994, expire le 30\/11\/2034<\/td>\n<\/tr>\n<\/tbody>\n<\/table>\n<p>Le projet Pierce Mills est situ\u00e9 dans le nord-est du Vermont, pr\u00e8s de St. Johnsbury, dans le comt\u00e9 de Caledonia, sur la rivi\u00e8re Passumpsic. Il a \u00e9t\u00e9 construit entre 1917 et 1919 par la Twin State Gas &amp; Electric Company. <span class='tooltipsall tooltip_post_id_5624 classtoolTips102'>centrale<\/span> a \u00e9t\u00e9 compl\u00e8tement d\u00e9truit lors de l&#039;inondation de 1927, bien que le b\u00e9ton <span class='tooltipsall tooltip_post_id_5545 classtoolTips158'>barrage<\/span> L&#039;usine fut en grande partie intacte. Elle fut reconstruite en 1928 en utilisant des parties de l&#039;ancienne infrastructure.<\/p>\n<p>La rivi\u00e8re Passumpsic abrite plusieurs barrages, dont le cinqui\u00e8me sur la rivi\u00e8re. En aval, <a href=\"https:\/\/lowimpacthydro.org\/fr\/lihi-certificate-93-arnold-falls-hydroelectric-project-vermont\/\">Arnold Falls (LIHI #93)<\/a>, <a href=\"https:\/\/lowimpacthydro.org\/fr\/lihi-certificate-94-gage-hydropower-project-vermont\/\">Jauge (LIHI #94)<\/a>, <a href=\"https:\/\/lowimpacthydro.org\/fr\/lihi-certificate-95-passumpsic-project-vermont\/\">Projet Passumpsic (LIHI #95)<\/a> et East Barnet (FERC n\u00b0 3051), le premier barrage sur la rivi\u00e8re. La rivi\u00e8re mesure 36,5 km de long et est un affluent de la rivi\u00e8re Connecticut, entrant juste en aval de Comerford <span class=\"tooltipsall tooltip_post_id_5545 classtoolTips158\" data-hasqtip=\"49\"><span class='tooltipsall tooltip_post_id_5545 classtoolTips158'>Barrage<\/span><\/span> (une partie de la <a href=\"https:\/\/lowimpacthydro.org\/fr\/lihi-certificate-39-fifteen-mile-falls-project-vermont-and-new-hampshire\/\">Projet des chutes de Fifteen Mile, LIHI #39<\/a>). Le projet appartient \u00e0 Green Mountain Power (GMP), le premier service public d&#039;\u00e9nergie certifi\u00e9 <a href=\"https:\/\/bcorporation.net\/\">Soci\u00e9t\u00e9 B.<\/a><\/p>\n<p>Le projet comprend : un barrage, <span class='tooltipsall tooltip_post_id_5569 classtoolTips79'>tableaux d&#039;affichage<\/span>, structure d&#039;admission, centrale \u00e9lectrique, une turbine verticale, <span class='tooltipsall tooltip_post_id_5656 classtoolTips92'>sous-station<\/span>, <span class='tooltipsall tooltip_post_id_5651 classtoolTips116'>d\u00e9versoir<\/span>, et a contourn\u00e9 la port\u00e9e.<\/p>\n<p>Le b\u00e9ton <span class='tooltipsall tooltip_post_id_5580 classtoolTips81'>barrage-poids<\/span> Il mesure 28 m\u00e8tres de long sur 5,5 m\u00e8tres de haut et est surmont\u00e9 de planches de 45 cm. Une prise d&#039;eau de 11,2 m\u00e8tres de long forme le c\u00f4t\u00e9 gauche. <span class='tooltipsall tooltip_post_id_5514 classtoolTips118'>pilier<\/span>, avec une porte de cloisonnement \u00e0 commande manuelle et un r\u00e2telier \u00e0 d\u00e9chets. Une douelle en bois de 1,80 m de diam\u00e8tre et de 75 m de long <span class='tooltipsall tooltip_post_id_5619 classtoolTips124'>conduite forc\u00e9e<\/span> achemine les eaux du barrage jusqu&#039;\u00e0 la centrale. Cette derni\u00e8re est \u00e9quip\u00e9e d&#039;une turbine \u00e0 arbre vertical et d&#039;un alternateur d&#039;une puissance install\u00e9e de 0,25 MW, ainsi que des \u00e9quipements annexes.<\/p>\n<p>Le projet op\u00e8re dans un <span class='tooltipsall tooltip_post_id_5643 classtoolTips52'>au fil de l&#039;eau<\/span> et met en eau un r\u00e9servoir de 24,7 acres. Le projet pr\u00e9voit un d\u00e9bit minimal de 20 pi\u00b3\/s du 1er avril au 15 juin et du 15 septembre au 15 novembre. De plus, en aval, <span class='tooltipsall tooltip_post_id_5566 classtoolTips59'>passage des poissons<\/span> Le d\u00e9bit est assur\u00e9 par un d\u00e9bit de passage de 88 pi3\/s ou d&#039;entr\u00e9e, selon le moins \u00e9lev\u00e9 des deux. Un d\u00e9bit esth\u00e9tique de 7 pi3\/s est d\u00e9vers\u00e9 sur les panneaux de rive du 1er juin au 31 octobre. Ces prescriptions de d\u00e9bit ont \u00e9t\u00e9 \u00e9labor\u00e9es en collaboration avec l&#039;Agence des ressources naturelles du Vermont (VANR) et le Service am\u00e9ricain de la p\u00eache et de la faune sauvage (US Fish and Wildlife Service).<\/p>\n<p>Les eaux situ\u00e9es dans le p\u00e9rim\u00e8tre du projet sont class\u00e9es de classe B et contamin\u00e9es par E. coli en raison du d\u00e9versement des eaux us\u00e9es de la station d&#039;\u00e9puration de St. Johnsbury. VANR a confirm\u00e9 que le projet n&#039;a pas d&#039;impact n\u00e9gatif sur la qualit\u00e9 de l&#039;eau et n&#039;est pas \u00e0 l&#039;origine de d\u00e9gradations des cours d&#039;eau. Les eaux de classe B sont g\u00e9r\u00e9es de mani\u00e8re \u00e0 soutenir le biote aquatique, la faune et l&#039;habitat aquatique, l&#039;approvisionnement public en eau, l&#039;irrigation, les loisirs de contact primaire et l&#039;esth\u00e9tique.<\/p>\n<p>Alors que le Connecticut <span class='tooltipsall tooltip_post_id_5636 classtoolTips65'>Bassin fluvial<\/span> historiquement h\u00e9berg\u00e9es naturellement par des saumons de l&#039;Atlantique, l&#039;esp\u00e8ce \u00e9tait <span class='tooltipsall tooltip_post_id_5561 classtoolTips99'>extirp\u00e9<\/span> du r\u00e9seau hydrographique en raison de la construction de barrages. Ces barrages en aval cr\u00e9ent une barri\u00e8re au passage en amont du projet. Le passage en aval est facilit\u00e9 toute l&#039;ann\u00e9e par un caisson de transition situ\u00e9 dans le d\u00e9versoir, avec un d\u00e9bit de passage de 88 pi\u00b3\/s, qui m\u00e8ne \u00e0 un <span class='tooltipsall tooltip_post_id_5620 classtoolTips86'>piscine de plong\u00e9e<\/span>Les poubelles espac\u00e9es de 1 pouce att\u00e9nuent le risque de <span class='tooltipsall tooltip_post_id_5558 classtoolTips77'>entra\u00eenement<\/span>.<\/p>\n<p>Le terrain du projet s&#039;\u00e9tend sur 2,8 acres. Les terrains environnants sont principalement compos\u00e9s de b\u00e2timents industriels et commerciaux, de logements ruraux et de terres agricoles. Aucune terre pr\u00e9sentant une valeur \u00e9cologique significative n&#039;est pr\u00e9sente dans la zone du projet.<\/p>\n<p>Parmi les esp\u00e8ces menac\u00e9es ou en voie de disparition potentiellement pr\u00e9sentes \u00e0 proximit\u00e9 du projet figurent la chauve-souris nordique \u00e0 longues oreilles, l&#039;\u00e9pilobe \u00e0 feuilles \u00e9troites et la treille de la Dame brillante. Des habitats importants existent \u00e0 proximit\u00e9 du projet, mais les consultations avec le VANR ont permis de d\u00e9terminer que ces habitats ne seraient pas affect\u00e9s par les op\u00e9rations du projet.<\/p>\n<p>Les ressources culturelles dans la zone du projet comprennent l&#039;infrastructure du projet qui est \u00e9ligible \u00e0 l&#039;inscription sur la liste <span class='tooltipsall tooltip_post_id_5606 classtoolTips1'>Registre national des lieux historiques<\/span>Le propri\u00e9taire du projet soumet des rapports annuels \u00e0 la Division du Vermont pour la pr\u00e9servation historique et effectue une surveillance du littoral tous les trois ans pour s&#039;assurer qu&#039;aucun site arch\u00e9ologique connu ou potentiel n&#039;est menac\u00e9 par des \u00e9v\u00e9nements d&#039;\u00e9rosion.<\/p>\n<p>Les ressources r\u00e9cr\u00e9atives du projet comprennent un portage pour canots, un acc\u00e8s \u00e0 la p\u00eache, une aire de camping r\u00e9serv\u00e9e aux canotiers\/kayakistes pour une nuit maximum et une aire de pique-nique. L&#039;acc\u00e8s public est gratuit.<\/p>\n<p><strong>PLUS-Standard:<\/strong> Les crit\u00e8res de certification du LIHI incluent une norme PLUS pour les installations d\u00e9montrant des efforts suppl\u00e9mentaires substantiels en mati\u00e8re d&#039;att\u00e9nuation, d&#039;am\u00e9lioration ou de restauration environnementale et sociale. Ce projet a obtenu une norme PLUS en apportant volontairement des modifications importantes \u00e0 son r\u00e9f\u00e9rentiel. <a href=\"https:\/\/greenmountainpower.com\/wp-content\/uploads\/2016\/12\/001-Passump-Rec-Guide_06082017_FINAL-web-print.pdf\">Guide de cano\u00eb et de loisirs sur la rivi\u00e8re Passumpsic<\/a> Ce projet permet au public de mieux conna\u00eetre les possibilit\u00e9s de loisirs sur et hors des terres et des plans d&#039;eau du projet. La collaboration des groupes d&#039;int\u00e9r\u00eat multipartites a d\u00e9montr\u00e9 que le public avait besoin d&#039;une meilleure information pour am\u00e9liorer ses exp\u00e9riences r\u00e9cr\u00e9atives.<\/p>\n<hr \/>\n<h3>\u00c9tat de conformit\u00e9<\/h3>\n<p><strong>Il n\u2019y a pas de conditions sp\u00e9cifiques \u00e0 l\u2019\u00e9tablissement dans le certificat actuel.<\/strong><\/p>\n<p><strong>2026:<\/strong> Aucun changement important ni probl\u00e8me de conformit\u00e9 n&#039;ont \u00e9t\u00e9 relev\u00e9s. Le projet demeure conforme suite \u00e0 l&#039;examen annuel. Le projet reste hors service.<\/p>\n<p><strong>2025:<\/strong> Aucun changement important ni probl\u00e8me de conformit\u00e9 n&#039;a \u00e9t\u00e9 identifi\u00e9. Le projet demeure conforme \u00e0 la r\u00e9glementation suite \u00e0 l&#039;examen annuel. Le projet a signal\u00e9 que la centrale avait \u00e9t\u00e9 endommag\u00e9e lors de la crue quinquennale de juillet 2024 et qu&#039;elle \u00e9tait toujours hors service. Les aires de loisirs ont \u00e9t\u00e9 temporairement ferm\u00e9es en 2024 pour des raisons de s\u00e9curit\u00e9 publique suite \u00e0 l&#039;inondation, puis rouvertes \u00e0 l&#039;automne 2024.<\/p>\n<p><strong>2024:<\/strong> Aucun changement important ni probl\u00e8me de conformit\u00e9 n&#039;ont \u00e9t\u00e9 identifi\u00e9s. Le projet reste conforme sur la base de l&#039;examen annuel.<\/p>\n<p><strong>2023:<\/strong> Aucun changement important ni probl\u00e8me de conformit\u00e9 n&#039;ont \u00e9t\u00e9 identifi\u00e9s. Le projet reste conforme sur la base de l&#039;examen annuel.<\/p>\n<p><strong>2022:<\/strong> Aucun probl\u00e8me mat\u00e9riel ni de conformit\u00e9 n&#039;a \u00e9t\u00e9 identifi\u00e9. Le projet demeure conforme \u00e0 l&#039;examen annuel. Il convient de noter que le prochain projet hydro\u00e9lectrique en amont (Great Falls, P-2839) a obtenu une nouvelle licence de la FERC en 2020, augmentant son d\u00e9bit de d\u00e9rivation minimal de 10 \u00e0 62 pi\u00b3\/s.<\/p>\n<p><strong>2021:<\/strong> Aucun changement de rapport ni probl\u00e8me de conformit\u00e9 n&#039;a \u00e9t\u00e9 constat\u00e9. Le projet reste conforme suite \u00e0 l&#039;\u00e9valuation annuelle.<\/p>\n<p><strong>2020:<\/strong> Aucun changement de rapport ni probl\u00e8me de conformit\u00e9 n&#039;a \u00e9t\u00e9 constat\u00e9. Le projet reste conforme suite \u00e0 l&#039;\u00e9valuation annuelle.<\/p>\n<p><strong>2019:<\/strong> Aucun changement de rapport ni probl\u00e8me de conformit\u00e9 n&#039;a \u00e9t\u00e9 constat\u00e9. Le projet reste conforme suite \u00e0 l&#039;\u00e9valuation annuelle.<\/p>\n<p><strong>2018:<\/strong> Le projet a fait \u00e9tat du d\u00e9placement du stationnement public, de l&#039;acc\u00e8s pi\u00e9tonnier et de la signalisation de la zone de la centrale \u00e9lectrique vers 400 m\u00e8tres au nord, sur l&#039;autoroute 15, en raison d&#039;actes de vandalisme sur le site d&#039;origine. Un plan de loisirs r\u00e9vis\u00e9 a \u00e9t\u00e9 approuv\u00e9 par la FERC en 2017. Le projet reste conforme \u00e0 la r\u00e9glementation suite \u00e0 l&#039;examen annuel.<\/p>\n<p><strong>2017:<\/strong> Le rapport annuel pour le certificat actuel n\u2019est pas encore entr\u00e9 en vigueur.<\/p>\n<hr \/>\n<h3>Historique des certifications<\/h3>\n<p><strong>1er janvier 2022 :<\/strong> La dur\u00e9e du certificat LIHI a \u00e9t\u00e9 prolong\u00e9e conform\u00e9ment \u00e0 la r\u00e9vision 2.05 du manuel de certification LIHI 2e \u00e9dition publi\u00e9 le 1er janvier 2022. Reportez-vous au tableau des \u00e9tablissements ci-dessus pour conna\u00eetre la nouvelle dur\u00e9e.<\/p>\n<p><strong>15 ao\u00fbt 2018 :<\/strong> La d\u00e9cision de recertifier le projet hydro\u00e9lectrique Pierce Mills est d\u00e9finitive. Aucun appel n&#039;a \u00e9t\u00e9 re\u00e7u pendant la p\u00e9riode d&#039;appel, qui s&#039;est termin\u00e9e le 11 ao\u00fbt 2018. La nouvelle p\u00e9riode d&#039;application du projet Pierce Mills s&#039;\u00e9tend du 6 f\u00e9vrier 2017 au 5 f\u00e9vrier 2025.<\/p>\n<p><strong>12 juillet 2018 :<\/strong> Le Low Impact Hydropower Institute (LIHI) a approuv\u00e9 provisoirement le projet hydro\u00e9lectrique de Pierce Mills pour une nouvelle p\u00e9riode de huit ans de certification \u00e0 faible impact, apr\u00e8s avoir obtenu la norme PLUS pour les crit\u00e8res de loisirs. Cette d\u00e9cision est provisoire, dans l&#039;attente d&#039;un d\u00e9lai d&#039;appel de 30 jours. Seuls les participants ayant formul\u00e9 des commentaires lors de la demande initiale pendant ce d\u00e9lai de 60 jours peuvent d\u00e9poser un recours. Ce recours doit inclure une explication expliquant en quoi le projet ne r\u00e9pond pas aux crit\u00e8res du LIHI. Les demandes de recours peuvent \u00eatre soumises par courriel \u00e0 l&#039;adresse suivante\u00a0: <a href=\"mailto:comments@lowimpacthydro.org\">comments@lowimpacthydro.org<\/a> avec \u00ab Projet hydro\u00e9lectrique Pierce Mills \u00bb dans la ligne d&#039;objet, ou par courrier adress\u00e9 au Low Impact Hydropower Institute, 329 Massachusetts Ave, Suite 2, Lexington, MA 02420. Toutes les demandes seront publi\u00e9es sur le site Web et le demandeur aura la possibilit\u00e9 de r\u00e9pondre et toute r\u00e9ponse sera \u00e9galement publi\u00e9e. <strong>Les demandes doivent \u00eatre re\u00e7ues avant 17 heures, heure de l\u2019Est, le 11 ao\u00fbt 2018.\u00a0 <\/strong>Le dossier complet et le rapport d&#039;\u00e9valuation sont disponibles ci-dessous. Si aucune demande d&#039;appel n&#039;est re\u00e7ue et que la d\u00e9cision devient d\u00e9finitive, la nouvelle p\u00e9riode d&#039;examen du projet Pierce Mills s&#039;\u00e9tendra du 6 f\u00e9vrier 2017 au 5 f\u00e9vrier 2025.<\/p>\n<p><strong>11 juin 2018 :<\/strong> La p\u00e9riode de certification de Pierce Mills a \u00e9t\u00e9 prolong\u00e9e \u00e0 nouveau jusqu&#039;au 30 septembre 2018.<\/p>\n<p><strong>3 avril 2018 : <\/strong>La dur\u00e9e de la certification de Pierce Mills a \u00e9t\u00e9 prolong\u00e9e \u00e0 nouveau jusqu&#039;au 30 juin 2018.<\/p>\n<p><strong>28 novembre 2017 : <\/strong>La dur\u00e9e de la certification de Pierce Mills a \u00e9t\u00e9 prolong\u00e9e jusqu&#039;au 31 mars 2018.<\/p>\n<p><strong>30 d\u00e9cembre 2016 :<\/strong> Le Low Impact Hydropower Institute a re\u00e7u une demande compl\u00e8te de nouvelle certification \u00e0 faible impact pour le projet hydro\u00e9lectrique de Pierce Mills. Les documents de candidature sont disponibles dans la section \u00ab\u00a0Fichiers\u00a0\u00bb ci-dessous. Le LIHI sollicite les commentaires du public sur cette demande. Plus pr\u00e9cis\u00e9ment, nous souhaitons savoir si, selon vous, le projet Pierce Mills r\u00e9pond aux crit\u00e8res de certification \u00e0 faible impact du LIHI, tels que r\u00e9vis\u00e9s dans la 2e \u00e9dition du manuel publi\u00e9 en mars 2016. Veuillez consulter le programme et les crit\u00e8res dans la version r\u00e9vis\u00e9e du LIHI.\u00a0<a href=\"https:\/\/lowimpacthydro.org\/wp-content\/uploads\/2014\/08\/2nd-edition-handbook-20160307-FINAL-CLEAN.pdf\" target=\"_blank\" rel=\"noopener noreferrer\">Manuel <\/a>Consultez ensuite les documents de candidature 2016 du projet, disponibles ci-dessous. Les commentaires directement li\u00e9s aux crit\u00e8res sp\u00e9cifiques du LIHI (d\u00e9bits, qualit\u00e9 de l&#039;eau, passage des poissons, etc.) seront les plus utiles, mais tous les commentaires seront pris en compte. Vous pouvez envoyer vos commentaires \u00e0 l&#039;Institut par courriel \u00e0 l&#039;adresse suivante\u00a0:\u00a0<a href=\"mailto:comments@lowimpacthydro.org\" target=\"_blank\" rel=\"noopener noreferrer\" data-cke-saved-href=\"mailto:dhall@lowimpacthydro.org?subject=Raquette%20Project%20Comments\">comments@lowimpacthydro.org<\/a>\u00a0avec \u00ab Pierce Mills Project Comments \u00bb dans la ligne d&#039;objet, ou par courrier adress\u00e9 au Low Impact Hydropower Institute, PO Box 194, Harrington Park, New Jersey 07640.\u00a0 <strong>Les commentaires doivent \u00eatre re\u00e7us \u00e0 l&#039;Institut au plus tard \u00e0 17 heures, heure de l&#039;Est, le 4 mars 2017.<\/strong>\u00a0\u00e0 prendre en consid\u00e9ration. Tous les commentaires seront publi\u00e9s sur le site Web et le candidat aura la possibilit\u00e9 d&#039;y r\u00e9pondre. Toute r\u00e9ponse sera \u00e9galement publi\u00e9e.<\/p>\n<p><strong>16 d\u00e9cembre 2016 :<\/strong>\u00a0Le projet hydro\u00e9lectrique de Pierce Mills a b\u00e9n\u00e9fici\u00e9 d&#039;une prolongation de la dur\u00e9e actuelle du certificat. La nouvelle date d&#039;expiration est le 6 mai 2017. Voir la lettre de prolongation pour plus d&#039;explications ci-dessous.<\/p>\n<p><strong>9 septembre 2012 :<\/strong> Le projet Pierce Mills a \u00e9t\u00e9 certifi\u00e9 \u00e0 faible impact pour une dur\u00e9e de cinq ans, \u00e0 compter du 6 f\u00e9vrier 2012 et expirant le 6 f\u00e9vrier 2017.<\/p>\n<p><strong>6 avril 2012 :<\/strong> La p\u00e9riode de commentaires publics sur la demande est termin\u00e9e.<\/p>\n<p><strong>6 f\u00e9vrier 2012 :<\/strong> La Central Vermont Public Service Corporation a d\u00e9pos\u00e9 une demande de certification pour le projet Pierce Mills. La p\u00e9riode de consultation publique sur la demande est ouverte.<\/p>\n<hr \/>\n<h3>Dossiers de certification<\/h3>\n<h4>Recertification 2017<\/h4>\n<ul style=\"color: black;\">\n<li><a href=\"https:\/\/lowimpacthydro.org\/wp-content\/uploads\/2020\/07\/Pierce-Mills-LIHI_Re-Certification_Report_6July18.pdf\">Rapport de recertification de Pierce Mills 2018<\/a><\/li>\n<li><a href=\"https:\/\/lowimpacthydro.org\/wp-content\/uploads\/2020\/07\/001-Pierce-Mills-LIHI-Stage-II-Re-Certification-3-29-2018_Public.pdf\">Demande de recertification de Pierce Mills 2018<\/a><\/li>\n<\/ul>\n<h4>Certification 2012<\/h4>\n<ul style=\"color: black;\">\n<li><a href=\"https:\/\/lowimpacthydro.org\/wp-content\/uploads\/2020\/08\/PierceMillsReport_FINAL.pdf\">Rapport d&#039;\u00e9valuation de Pierce Mills<\/a><\/li>\n<li><a href=\"https:\/\/lowimpacthydro.org\/wp-content\/uploads\/2020\/08\/Passumpsic_Projects_-_LIHI_Questionnaire-1.doc\">Projets de la rivi\u00e8re Passumpsic \u2013 Questionnaire<\/a><\/li>\n<li><a href=\"https:\/\/lowimpacthydro.org\/wp-content\/uploads\/2020\/08\/Passumpsic-Projects-CRMP-Documents-2.pdf\">Projets de la rivi\u00e8re Passumpsic \u2013 Documents du plan de gestion des ressources culturelles<\/a><\/li>\n<li><a href=\"https:\/\/lowimpacthydro.org\/wp-content\/uploads\/2020\/08\/Passumpsic-Projects-Recreation-Documents-2.pdf\">Projets de la rivi\u00e8re Passumpsic \u2013 Documents r\u00e9cr\u00e9atifs<\/a><\/li>\n<li><a href=\"https:\/\/lowimpacthydro.org\/wp-content\/uploads\/2020\/08\/Pierce_Mills_Recreation_Plan.pdf\">Plan de loisirs de Pierce Mills<\/a><\/li>\n<li><a href=\"https:\/\/lowimpacthydro.org\/wp-content\/uploads\/2020\/08\/Passumpsic_Projects_-_LIHI_Attachment_B_-Resource_Agencies-3.pdf\">Projets de la rivi\u00e8re Passumpsic \u2013 Agences de ressources<\/a><\/li>\n<\/ul>\n<hr \/>\n<h3>Documents cl\u00e9s<\/h3>\n<ul>\n<li><a href=\"https:\/\/lowimpacthydro.org\/wp-content\/uploads\/2020\/08\/Pierce-Mills-License.pdf\">Licence FERC et \u00e9valuation environnementale de Pierce Mills 1994<\/a><\/li>\n<li><a href=\"https:\/\/lowimpacthydro.org\/wp-content\/uploads\/2023\/06\/1994-WQC-Pierce-Mills.pdf\">Certification de la qualit\u00e9 de l&#039;eau 1994<\/a><\/li>\n<\/ul>","protected":false},"excerpt":{"rendered":"<p>Project Name Pierce Mills LIHI Certificate No. 92 LIHI Certificate Term February 6, 2017 &#8211; February 5, 2030 Owner Green Mountain Power Corporation State Vermont Location<span class=\"excerpt-hellip\"> [\u2026]<\/span><\/p>\n","protected":false},"author":3,"featured_media":-1,"parent":0,"menu_order":0,"comment_status":"closed","ping_status":"closed","template":"","meta":{"_coblocks_attr":"","_coblocks_dimensions":"","_coblocks_responsive_height":"","_coblocks_accordion_ie_support":"","om_disable_all_campaigns":false,"_monsterinsights_skip_tracking":false,"_monsterinsights_sitenote_active":false,"_monsterinsights_sitenote_note":"","_monsterinsights_sitenote_category":0,"footnotes":""},"class_list":["post-1579","page","type-page","status-publish","has-post-thumbnail","hentry"],"_links":{"self":[{"href":"https:\/\/lowimpacthydro.org\/fr\/wp-json\/wp\/v2\/pages\/1579","targetHints":{"allow":["GET"]}}],"collection":[{"href":"https:\/\/lowimpacthydro.org\/fr\/wp-json\/wp\/v2\/pages"}],"about":[{"href":"https:\/\/lowimpacthydro.org\/fr\/wp-json\/wp\/v2\/types\/page"}],"author":[{"embeddable":true,"href":"https:\/\/lowimpacthydro.org\/fr\/wp-json\/wp\/v2\/users\/3"}],"replies":[{"embeddable":true,"href":"https:\/\/lowimpacthydro.org\/fr\/wp-json\/wp\/v2\/comments?post=1579"}],"version-history":[{"count":13,"href":"https:\/\/lowimpacthydro.org\/fr\/wp-json\/wp\/v2\/pages\/1579\/revisions"}],"predecessor-version":[{"id":10345,"href":"https:\/\/lowimpacthydro.org\/fr\/wp-json\/wp\/v2\/pages\/1579\/revisions\/10345"}],"wp:featuredmedia":[{"embeddable":true,"href":"https:\/\/lowimpacthydro.org\/fr\/wp-json\/"}],"wp:attachment":[{"href":"https:\/\/lowimpacthydro.org\/fr\/wp-json\/wp\/v2\/media?parent=1579"}],"curies":[{"name":"wp","href":"https:\/\/api.w.org\/{rel}","templated":true}]}}