{"id":1574,"date":"2020-07-25T23:06:46","date_gmt":"2020-07-26T03:06:46","guid":{"rendered":"https:\/\/lowimpacthydro.org\/?page_id=1574"},"modified":"2026-02-09T13:04:22","modified_gmt":"2026-02-09T18:04:22","slug":"lihi-certificate-93-arnold-falls-hydroelectric-project-vermont","status":"publish","type":"page","link":"https:\/\/lowimpacthydro.org\/fr\/lihi-certificate-93-arnold-falls-hydroelectric-project-vermont\/","title":{"rendered":"Certificat LIHI #93 \u2013 Projet hydro\u00e9lectrique d&#039;Arnold Falls, Vermont"},"content":{"rendered":"<table class=\"alignright\" style=\"width: 351px; border: 2px; cellspacing: 2px; cellpadding: 2px; margin-left: 50px;\">\n<tbody>\n<tr>\n<td style=\"width: 173px;\"><strong>Nom du projet<\/strong><\/td>\n<td style=\"width: 214px;\">Chutes d&#039;Arnold<\/td>\n<\/tr>\n<tr>\n<td style=\"width: 173px;\"><strong>Num\u00e9ro de certificat LIHI<\/strong><\/td>\n<td style=\"width: 214px;\">93<\/td>\n<\/tr>\n<tr>\n<td style=\"width: 173px;\"><strong>Dur\u00e9e du certificat LIHI<\/strong><\/td>\n<td style=\"width: 214px;\">6 f\u00e9vrier 2017 \u2013 5 f\u00e9vrier 2027<\/td>\n<\/tr>\n<tr>\n<td style=\"width: 173px;\"><strong>Propri\u00e9taire<\/strong><\/td>\n<td style=\"width: 214px;\">Soci\u00e9t\u00e9 d&#039;\u00e9nergie de Green Mountain<\/td>\n<\/tr>\n<tr>\n<td style=\"width: 173px;\"><strong>\u00c9tat<\/strong><\/td>\n<td style=\"width: 214px;\">Vermont<\/td>\n<\/tr>\n<tr>\n<td style=\"width: 173px;\"><strong>Emplacement<\/strong><\/td>\n<td style=\"width: 214px;\">Situ\u00e9 au mile 9,7 sur la rivi\u00e8re Passumpsic, un affluent de la rivi\u00e8re Connecticut, \u00e0 environ 5,5 miles en aval du projet Pierce Mills.<\/td>\n<\/tr>\n<tr>\n<td style=\"width: 173px;\"><strong>Capacit\u00e9 install\u00e9e<\/strong><\/td>\n<td style=\"width: 214px;\">350 kW<\/td>\n<\/tr>\n<tr>\n<td style=\"width: 173px;\"><strong>G\u00e9n\u00e9ration annuelle moyenne<\/strong><\/td>\n<td style=\"width: 214px;\">1 484 MWh<\/td>\n<\/tr>\n<tr>\n<td style=\"width: 173px;\"><strong>Type d&#039;\u00e9tablissement<\/strong><\/td>\n<td style=\"width: 214px;\"><span class='tooltipsall tooltip_post_id_5643 classtoolTips52'>Au fil de l&#039;eau<\/span><\/td>\n<\/tr>\n<tr>\n<td style=\"width: 173px;\"><strong><span class='tooltipsall tooltip_post_id_5565 classtoolTips152'>F\u00e9d\u00e9ration internationale de radio-t\u00e9l\u00e9vision (FERC)<\/span> Non.<\/strong><\/td>\n<td style=\"width: 214px;\">P-2399 d\u00e9livr\u00e9 en 1994, expire le 30\/11\/2034<\/td>\n<\/tr>\n<\/tbody>\n<\/table>\n<p>Le projet Arnold Falls est situ\u00e9 dans le nord-est du Vermont \u00e0 St. Johnsbury, dans le comt\u00e9 de Caledonia, sur la rivi\u00e8re Passumpsic. <span class='tooltipsall tooltip_post_id_5545 classtoolTips158'>barrage<\/span> et <span class='tooltipsall tooltip_post_id_5624 classtoolTips102'>centrale<\/span> Les centrales \u00e9lectriques Twin State Gas &amp; Electric ont \u00e9t\u00e9 construites en 1928 par la Twin State Gas &amp; Electric Company \u00e0 la suite de l&#039;inondation de 1927 qui a caus\u00e9 d&#039;importants d\u00e9g\u00e2ts \u00e0 la centrale d&#039;origine. Avant 1928, le site abritait des installations de fabrication aliment\u00e9es par l&#039;eau, notamment des moulins et des ateliers de fabrication de mod\u00e8les. Avant cela, une cascade naturelle existait sur le site. Les chutes portent le nom du Dr Jonathan Arnold, l&#039;un des premiers colons et entrepreneur qui y a construit la premi\u00e8re scierie en 1787 et un moulin \u00e0 grains l&#039;ann\u00e9e suivante. En 2009, la centrale existante <span class='tooltipsall tooltip_post_id_5543 classtoolTips76'>cr\u00e8che en bois<\/span> les barrages ont \u00e9t\u00e9 abandonn\u00e9s sur place et remplac\u00e9s par du b\u00e9ton arm\u00e9 <span class='tooltipsall tooltip_post_id_5580 classtoolTips81'>barrages-poids<\/span> imm\u00e9diatement en aval des barrages \u00e0 caissons en bois.<\/p>\n<p>Le projet est le quatri\u00e8me barrage sur la rivi\u00e8re Passumpsic. Le plus proche en amont est <a href=\"https:\/\/lowimpacthydro.org\/fr\/lihi-certificate-92-pierce-mills-hydropower-project-vermont\/\">Broyeurs \u00e0 percer (LIHI #92)<\/a>En aval se trouvent <a href=\"https:\/\/lowimpacthydro.org\/fr\/lihi-certificate-94-gage-hydropower-project-vermont\/\">Jauge (LIHI #94)<\/a>, <a href=\"https:\/\/lowimpacthydro.org\/fr\/lihi-certificate-95-passumpsic-project-vermont\/\">Projet Passumpsic (LIHI #95)<\/a> et East Barnet (FERC n\u00b0 3051), le premier barrage sur la rivi\u00e8re. La rivi\u00e8re mesure 36,5 km de long et est un affluent de la rivi\u00e8re Connecticut, entrant juste en aval de Comerford <span class='tooltipsall tooltip_post_id_5545 classtoolTips158'>Barrage<\/span> (une partie de la <a href=\"https:\/\/lowimpacthydro.org\/fr\/lihi-certificate-39-fifteen-mile-falls-project-vermont-and-new-hampshire\/\">Projet des chutes de Fifteen Mile, LIHI #39<\/a>). Le projet appartient \u00e0 Green Mountain Power (GMP), le premier service public d&#039;\u00e9nergie certifi\u00e9 <a href=\"https:\/\/bcorporation.net\/\">Soci\u00e9t\u00e9 B.<\/a><\/p>\n<p>Le projet comprend deux barrages-poids en b\u00e9ton, une centrale \u00e9lectrique avec turbine et g\u00e9n\u00e9rateur, un tron\u00e7on contourn\u00e9, <span class='tooltipsall tooltip_post_id_5656 classtoolTips92'>sous-station<\/span>, et <span class='tooltipsall tooltip_post_id_5651 classtoolTips116'>d\u00e9versoir<\/span>.<\/p>\n<p>Le barrage nord mesure 180 pieds de long sur 18 pieds de haut, avec une \u00e9l\u00e9vation de la cr\u00eate du barrage de 573,0 pieds msl. Il est surmont\u00e9 d&#039;une charni\u00e8re en acier de 20,4 pouces <span class='tooltipsall tooltip_post_id_5569 classtoolTips79'>tableaux d&#039;affichage<\/span>Le barrage sud mesure 64 pieds de long sur 15 pieds de haut, avec une \u00e9l\u00e9vation de cr\u00eate de 572,0 pieds msl, surmont\u00e9 d&#039;un <span class='tooltipsall tooltip_post_id_5569 classtoolTips79'>tableau flash<\/span> Le barrage a une largeur de 20 pieds et est \u00e9quip\u00e9 de grilles \u00e0 d\u00e9chets et d&#039;une vanne \u00e0 cloison \u00e0 commande manuelle. Le barrage cr\u00e9e un tron\u00e7on contourn\u00e9 d&#039;environ 300 pieds de long.<\/p>\n<p>La centrale \u00e9lectrique contient une turbine \u00e0 arbre vertical et un g\u00e9n\u00e9rateur d&#039;une puissance nominale de 350 kW. <span class='tooltipsall tooltip_post_id_5566 classtoolTips59'>passage des poissons<\/span> l&#039;installation est situ\u00e9e dans l&#039;\u00e9cluse du d\u00e9versoir adjacente \u00e0 la prise d&#039;eau.<\/p>\n<p>Le projet op\u00e8re dans un <span class='tooltipsall tooltip_post_id_5643 classtoolTips52'>au fil de l&#039;eau<\/span> mode et retient un r\u00e9servoir de 10 acres. Le projet fournit des d\u00e9bits minimum de 78 pi3\/s \u00e0 travers le Nord <span class='tooltipsall tooltip_post_id_5651 classtoolTips116'>D\u00e9versoir<\/span> et 33 pi3\/s par le d\u00e9versoir sud lorsqu&#039;il n&#039;y a pas de production. Le r\u00e9gime d&#039;\u00e9coulement a \u00e9t\u00e9 \u00e9tabli en consultation avec l&#039;Agence des ressources naturelles du Vermont (VANR) et le US Fish and Wildlife Service (USFWS) pour assurer la protection de l&#039;habitat aquatique.<\/p>\n<p>Les eaux situ\u00e9es dans la zone d&#039;application du projet sont class\u00e9es comme \u00e9tant de classe B et sont contamin\u00e9es par la bact\u00e9rie E. coli en raison de l&#039;usine de traitement des eaux us\u00e9es de St. Johnsbury. Le projet n&#039;est pas responsable de cette contamination. Les eaux de classe B sont g\u00e9r\u00e9es de mani\u00e8re \u00e0 assurer l&#039;habitat de la faune aquatique, la valeur esth\u00e9tique, l&#039;approvisionnement en eau du public et les utilisations r\u00e9cr\u00e9atives de contact primaire.<\/p>\n<p>Alors que les populations d&#039;anguilles d&#039;Am\u00e9rique \u00e9taient historiquement abondantes dans le bassin versant du fleuve Connecticut, la pr\u00e9sence de nombreux barrages sur le fleuve emp\u00eache d\u00e9sormais le passage de l&#039;esp\u00e8ce. Le barrage East Barnet en aval et les barrages sur le fleuve Connecticut bloquent le passage et l&#039;USFWS n&#039;a pas demand\u00e9 de passage en amont dans le cadre du projet. Le projet facilite le passage en aval \u00e0 travers l&#039;\u00e9cluse qui fournit un d\u00e9bit de 25 pi3\/s \u00e0 un <span class='tooltipsall tooltip_post_id_5620 classtoolTips86'>piscine de plong\u00e9e<\/span>Le passage est principalement utilis\u00e9 par les esp\u00e8ces de truites r\u00e9sidentes.<\/p>\n<p>Le terrain du projet s&#039;\u00e9tend sur environ 10,6 acres. Il n&#039;existe aucune terre de valeur \u00e9cologique significative sur la propri\u00e9t\u00e9 du projet, car tr\u00e8s peu de choses en dehors de la centrale \u00e9lectrique et du barrage appartiennent au projet. Les terres environnantes sont principalement constitu\u00e9es de b\u00e2timents industriels et commerciaux mixtes.<\/p>\n<p>Parmi les esp\u00e8ces menac\u00e9es ou en voie de disparition potentiellement pr\u00e9sentes \u00e0 proximit\u00e9 du projet, on trouve la chauve-souris nordique \u00e0 longues oreilles. Les consultations avec le VANR ont permis de d\u00e9terminer que les op\u00e9rations du projet n&#039;ont pas d&#039;effet n\u00e9gatif sur les esp\u00e8ces r\u00e9pertori\u00e9es. La principale pr\u00e9occupation pour la chauve-souris nordique \u00e0 longues oreilles est l&#039;abattage des arbres dont l&#039;esp\u00e8ce d\u00e9pend pour son habitat.<\/p>\n<p>L&#039;infrastructure du projet, y compris les barrages, la structure d&#039;admission, les unit\u00e9s de production et la centrale \u00e9lectrique, est admissible au <span class='tooltipsall tooltip_post_id_5606 classtoolTips1'>Registre national des lieux historiques<\/span>Le projet fonctionne dans le cadre d&#039;un plan de gestion des ressources culturelles, qui assure des communications annuelles avec la Division du Vermont pour la pr\u00e9servation historique.<\/p>\n<p>Les ressources r\u00e9cr\u00e9atives du projet comprennent un portage en canot, un sentier de portage et un point de vue et une plate-forme de p\u00eache accessibles aux personnes handicap\u00e9es juste en aval du projet. Le propri\u00e9taire du projet a volontairement r\u00e9vis\u00e9 le <a href=\"https:\/\/greenmountainpower.com\/wp-content\/uploads\/2016\/12\/001-Passump-Rec-Guide_06082017_FINAL-web-print.pdf\">Guide de cano\u00eb et de loisirs sur la rivi\u00e8re Passumpsic<\/a> et propose des visites guid\u00e9es des installations. L&#039;acc\u00e8s du public est gratuit.<\/p>\n<hr \/>\n<h3>\u00c9tat de conformit\u00e9<\/h3>\n<p><strong>Il n\u2019y a pas de conditions sp\u00e9cifiques \u00e0 l\u2019\u00e9tablissement dans le certificat actuel.<\/strong><\/p>\n<p><strong>2026:<\/strong> Aucun changement important ni probl\u00e8me de conformit\u00e9 n&#039;ont \u00e9t\u00e9 identifi\u00e9s. Le projet reste conforme sur la base de l&#039;examen annuel.<\/p>\n<p><strong>2025:<\/strong> Aucun changement important ni probl\u00e8me de conformit\u00e9 n&#039;ont \u00e9t\u00e9 identifi\u00e9s. Le projet reste conforme sur la base de l&#039;examen annuel.<\/p>\n<p><strong>2024:<\/strong> Aucun changement important ni probl\u00e8me de conformit\u00e9 n&#039;ont \u00e9t\u00e9 identifi\u00e9s. Le projet reste conforme sur la base de l&#039;examen annuel.<\/p>\n<p><strong>2023:<\/strong> Aucun changement important ni probl\u00e8me de conformit\u00e9 n&#039;ont \u00e9t\u00e9 identifi\u00e9s. Le projet reste conforme sur la base de l&#039;examen annuel.<\/p>\n<p><strong>2022:<\/strong> Aucun changement important ni probl\u00e8me de conformit\u00e9 n&#039;ont \u00e9t\u00e9 identifi\u00e9s. Le projet reste conforme sur la base de l&#039;examen annuel.<\/p>\n<p><strong>2021:<\/strong> Aucun changement ni probl\u00e8me de conformit\u00e9 n&#039;a \u00e9t\u00e9 signal\u00e9. Le projet reste conforme sur la base de l&#039;examen annuel.<\/p>\n<p><strong>2020:<\/strong> Aucun changement ni probl\u00e8me de conformit\u00e9 n&#039;a \u00e9t\u00e9 signal\u00e9. Le projet reste conforme sur la base de l&#039;examen annuel.<\/p>\n<p><strong>2019:<\/strong> Aucun changement ni probl\u00e8me de conformit\u00e9 n&#039;a \u00e9t\u00e9 signal\u00e9. Le projet reste conforme sur la base de l&#039;examen annuel.<\/p>\n<p><strong>2018:<\/strong> Le projet pr\u00e9voit l&#039;installation d&#039;une nouvelle signalisation directionnelle le long du parcours de portage en canot et d&#039;un nouveau banc de pique-nique sur le site de Le Clair. La FERC a approuv\u00e9 les am\u00e9liorations en 2017. Le projet reste conforme \u00e0 la r\u00e9glementation sur la base de l&#039;examen annuel.<\/p>\n<p><strong>2017:<\/strong> Le rapport annuel pour le certificat actuel n\u2019est pas encore entr\u00e9 en vigueur.<\/p>\n<hr \/>\n<h3>Historique des certifications<\/h3>\n<p><strong>1er janvier 2022 :<\/strong> La dur\u00e9e du certificat LIHI a \u00e9t\u00e9 prolong\u00e9e conform\u00e9ment \u00e0 la r\u00e9vision 2.05 du manuel de certification LIHI 2e \u00e9dition publi\u00e9 le 1er janvier 2022. Reportez-vous au tableau des \u00e9tablissements ci-dessus pour conna\u00eetre la nouvelle dur\u00e9e.<\/p>\n<p><strong>15 ao\u00fbt 2018 :<\/strong> La d\u00e9cision de recertifier le projet hydro\u00e9lectrique d&#039;Arnold Falls est d\u00e9finitive. Aucun appel n&#039;a \u00e9t\u00e9 re\u00e7u pendant la p\u00e9riode d&#039;appel qui a pris fin le 11 ao\u00fbt 2018. La nouvelle p\u00e9riode d&#039;application du projet d&#039;Arnold Falls s&#039;\u00e9tend du 6 f\u00e9vrier 2017 au 5 f\u00e9vrier 2022.<\/p>\n<p><strong>12 juillet 2018 :<\/strong> Le Low Impact Hydropower Institute (LIHI) a approuv\u00e9 de mani\u00e8re pr\u00e9liminaire le projet hydro\u00e9lectrique d&#039;Arnold Falls pour une nouvelle p\u00e9riode de 5 ans de certification \u00e0 faible impact. Cette d\u00e9cision est pr\u00e9liminaire en attendant la p\u00e9riode d&#039;appel de 30 jours. Seuls ceux qui ont comment\u00e9 la demande initiale pendant la p\u00e9riode de commentaires de 60 jours sont \u00e9ligibles pour d\u00e9poser un appel. Un tel appel doit inclure une explication sur la raison pour laquelle les projets ne r\u00e9pondent pas aux crit\u00e8res du LIHI. Les demandes d&#039;appel peuvent \u00eatre soumises par courrier \u00e9lectronique \u00e0 <a href=\"mailto:comments@lowimpacthydro.org\">comments@lowimpacthydro.org<\/a> avec \u00ab Projet hydro\u00e9lectrique d&#039;Arnold Falls \u00bb dans la ligne d&#039;objet, ou par courrier adress\u00e9 au Low Impact Hydropower Institute, 329 Massachusetts Ave, Suite 2, Lexington, MA 02420. Toutes les demandes seront publi\u00e9es sur le site Web et le demandeur aura la possibilit\u00e9 de r\u00e9pondre et toute r\u00e9ponse sera \u00e9galement publi\u00e9e. <strong>Les demandes doivent \u00eatre re\u00e7ues avant 17 heures, heure de l\u2019Est, le 11 ao\u00fbt 2018.\u00a0 <\/strong>La demande compl\u00e8te et le rapport de l&#039;examinateur sont disponibles ci-dessous. Si aucune demande d&#039;appel n&#039;est re\u00e7ue et que la d\u00e9cision devient d\u00e9finitive, la nouvelle p\u00e9riode d&#039;application du projet Arnold Falls sera du 6 f\u00e9vrier 2017 au 5 f\u00e9vrier 2022.<\/p>\n<p><strong>11 juin 2018 :<\/strong> La p\u00e9riode de certification d&#039;Arnold Falls a \u00e9t\u00e9 prolong\u00e9e \u00e0 nouveau jusqu&#039;au 30 septembre 2018.<\/p>\n<p><strong>3 avril 2018 : <\/strong>La p\u00e9riode de certification d&#039;Arnold Falls a \u00e9t\u00e9 prolong\u00e9e \u00e0 nouveau jusqu&#039;au 30 juin 2018.<\/p>\n<p><strong>28 novembre 2017 : <\/strong>La p\u00e9riode de certification d&#039;Arnold Falls a \u00e9t\u00e9 prolong\u00e9e jusqu&#039;au 31 mars 2018.<\/p>\n<p><strong>30 d\u00e9cembre 2016 :<\/strong> Le Low Impact Hydropower Institute a re\u00e7u une demande compl\u00e8te pour une nouvelle p\u00e9riode de certification \u00e0 faible impact pour le projet hydro\u00e9lectrique d&#039;Arnold Falls. Les documents de candidature sont disponibles dans la section Fichiers ci-dessous. Le LIHI sollicite les commentaires du public sur cette demande. Plus pr\u00e9cis\u00e9ment, nous souhaitons savoir si vous pensez que le projet d&#039;Arnold Falls r\u00e9pond aux crit\u00e8res de certification \u00e0 faible impact du LIHI, tels que r\u00e9vis\u00e9s dans le manuel de 2e \u00e9dition publi\u00e9 en mars 2016. Veuillez consulter le programme et les crit\u00e8res dans le manuel r\u00e9vis\u00e9 du LIHI\u00a0<a href=\"https:\/\/lowimpacthydro.org\/wp-content\/uploads\/2014\/08\/2nd-edition-handbook-20160307-FINAL-CLEAN.pdf\" target=\"_blank\" rel=\"noopener noreferrer\">Manuel <\/a>et consultez ensuite les documents de candidature 2016 du projet publi\u00e9s sur la page du projet. Les commentaires directement li\u00e9s \u00e0 des crit\u00e8res sp\u00e9cifiques du LIHI (d\u00e9bits, qualit\u00e9 de l&#039;eau, passage des poissons, etc.) seront tr\u00e8s utiles, mais tous les commentaires seront pris en compte. Les commentaires peuvent \u00eatre soumis \u00e0 l&#039;Institut par courrier \u00e9lectronique \u00e0 l&#039;adresse\u00a0<a href=\"mailto:comments@lowimpacthydro.org\" target=\"_blank\" rel=\"noopener noreferrer\" data-cke-saved-href=\"mailto:dhall@lowimpacthydro.org?subject=Raquette%20Project%20Comments\">comments@lowimpacthydro.org<\/a>\u00a0avec \u00ab Arnold Falls Project Comments \u00bb dans la ligne d&#039;objet, ou par courrier adress\u00e9 au Low Impact Hydropower Institute, PO Box 194, Harrington Park, New Jersey 07640.\u00a0 <strong>Les commentaires doivent \u00eatre re\u00e7us \u00e0 l&#039;Institut au plus tard \u00e0 17 heures, heure de l&#039;Est, le 4 mars 2017.<\/strong>\u00a0\u00e0 prendre en consid\u00e9ration. Tous les commentaires seront publi\u00e9s sur le site Web et le candidat aura la possibilit\u00e9 d&#039;y r\u00e9pondre. Toute r\u00e9ponse sera \u00e9galement publi\u00e9e.<\/p>\n<p><strong>16 d\u00e9cembre 2016 :<\/strong>\u00a0Le projet hydro\u00e9lectrique d&#039;Arnold Falls a obtenu une prolongation de la dur\u00e9e actuelle du certificat. La nouvelle date d&#039;expiration est le 6 mai 2017. Voir la lettre de prolongation pour plus d&#039;explications ci-dessous.<\/p>\n<p><strong>9 septembre 2012 :<\/strong> Le projet Arnold Falls a \u00e9t\u00e9 certifi\u00e9 \u00e0 faible impact pour une p\u00e9riode de cinq ans, \u00e0 compter du 6 f\u00e9vrier 2012 et expirant le 6 f\u00e9vrier 2017.<\/p>\n<p><strong>6 avril 2012 :<\/strong> La p\u00e9riode de commentaires publics sur la demande est termin\u00e9e.<\/p>\n<p><strong>6 f\u00e9vrier 2012 :<\/strong> La Central Vermont Public Service Corporation a d\u00e9pos\u00e9 une demande de certification pour le projet Arnold Falls. La p\u00e9riode de commentaires publics sur la demande est ouverte.<\/p>\n<hr \/>\n<h3>Dossiers de certification<\/h3>\n<h4>Recertification 2017<\/h4>\n<ul style=\"color: black;\">\n<li><a href=\"https:\/\/lowimpacthydro.org\/wp-content\/uploads\/2020\/07\/ArnoldFalls-LIHI_Re-Certification_Report_6July18.pdf\">Rapport de r\u00e9vision de la recertification d&#039;Arnold Falls 2018<\/a><\/li>\n<li><a href=\"https:\/\/lowimpacthydro.org\/wp-content\/uploads\/2020\/07\/001-Arnold-Falls-LIHI-Re-Certification-Application-3-29-2018_Public.pdf\">Demande de recertification pour Arnold Falls 2018<\/a><\/li>\n<\/ul>\n<h4>Certification 2012<\/h4>\n<ul style=\"color: black;\">\n<li><a href=\"https:\/\/lowimpacthydro.org\/wp-content\/uploads\/2020\/08\/ArnoldFallsReport_FINAL.pdf\">Rapport d&#039;examen de certification d&#039;Arnold Falls<\/a><\/li>\n<li><a href=\"https:\/\/lowimpacthydro.org\/wp-content\/uploads\/2020\/08\/Passumpsic_Projects_-_LIHI_Questionnaire.doc\">Projets de la rivi\u00e8re Passumpsic \u2013 Questionnaire de certification<\/a><\/li>\n<li><a href=\"https:\/\/lowimpacthydro.org\/wp-content\/uploads\/2020\/08\/Arnold_Falls_Recreation_Plan.pdf\">Plan de loisirs d&#039;Arnold Falls<\/a><\/li>\n<li><a href=\"https:\/\/lowimpacthydro.org\/wp-content\/uploads\/2020\/08\/Passumpsic-Projects-CRMP-Documents-1.pdf\">Documents du plan de gestion des loisirs culturels des projets de la rivi\u00e8re Passumpsic<\/a><\/li>\n<li><a href=\"https:\/\/lowimpacthydro.org\/wp-content\/uploads\/2020\/08\/Passumpsic-Projects-Recreation-Documents-1.pdf\">Projets de loisirs sur la rivi\u00e8re Passumpsic<\/a><\/li>\n<li><a href=\"https:\/\/lowimpacthydro.org\/wp-content\/uploads\/2020\/08\/Passumpsic_Projects_-_LIHI_Attachment_B_-Resource_Agencies-2.pdf\">Projets de la rivi\u00e8re Passumpsic \u2013 Agences de ressources<\/a><\/li>\n<\/ul>\n<hr \/>\n<h3>Documents cl\u00e9s<\/h3>\n<ul>\n<li><a href=\"https:\/\/lowimpacthydro.org\/wp-content\/uploads\/2020\/08\/Arnold-Falls-License.pdf\">Licence FERC et \u00e9valuation environnementale de 1994<\/a><\/li>\n<li><a href=\"https:\/\/lowimpacthydro.org\/wp-content\/uploads\/2023\/06\/1994-06-16-Arnold-Falls-401.pdf\">Certification de la qualit\u00e9 de l&#039;eau 1994<\/a><\/li>\n<\/ul>","protected":false},"excerpt":{"rendered":"<p>Project Name Arnold Falls LIHI Certificate No. 93 LIHI Certificate Term February 6, 2017 &#8211; February 5, 2027 Owner Green Mountain Power Corporation State Vermont Location<span class=\"excerpt-hellip\"> [\u2026]<\/span><\/p>\n","protected":false},"author":3,"featured_media":-1,"parent":0,"menu_order":0,"comment_status":"closed","ping_status":"closed","template":"","meta":{"_coblocks_attr":"","_coblocks_dimensions":"","_coblocks_responsive_height":"","_coblocks_accordion_ie_support":"","om_disable_all_campaigns":false,"_monsterinsights_skip_tracking":false,"_monsterinsights_sitenote_active":false,"_monsterinsights_sitenote_note":"","_monsterinsights_sitenote_category":0,"footnotes":""},"class_list":["post-1574","page","type-page","status-publish","has-post-thumbnail","hentry"],"aioseo_notices":[],"_links":{"self":[{"href":"https:\/\/lowimpacthydro.org\/fr\/wp-json\/wp\/v2\/pages\/1574","targetHints":{"allow":["GET"]}}],"collection":[{"href":"https:\/\/lowimpacthydro.org\/fr\/wp-json\/wp\/v2\/pages"}],"about":[{"href":"https:\/\/lowimpacthydro.org\/fr\/wp-json\/wp\/v2\/types\/page"}],"author":[{"embeddable":true,"href":"https:\/\/lowimpacthydro.org\/fr\/wp-json\/wp\/v2\/users\/3"}],"replies":[{"embeddable":true,"href":"https:\/\/lowimpacthydro.org\/fr\/wp-json\/wp\/v2\/comments?post=1574"}],"version-history":[{"count":12,"href":"https:\/\/lowimpacthydro.org\/fr\/wp-json\/wp\/v2\/pages\/1574\/revisions"}],"predecessor-version":[{"id":10346,"href":"https:\/\/lowimpacthydro.org\/fr\/wp-json\/wp\/v2\/pages\/1574\/revisions\/10346"}],"wp:featuredmedia":[{"embeddable":true,"href":"https:\/\/lowimpacthydro.org\/fr\/wp-json\/"}],"wp:attachment":[{"href":"https:\/\/lowimpacthydro.org\/fr\/wp-json\/wp\/v2\/media?parent=1574"}],"curies":[{"name":"wp","href":"https:\/\/api.w.org\/{rel}","templated":true}]}}