{"id":1568,"date":"2020-07-25T22:58:36","date_gmt":"2020-07-26T02:58:36","guid":{"rendered":"https:\/\/lowimpacthydro.org\/?page_id=1568"},"modified":"2026-02-09T13:12:06","modified_gmt":"2026-02-09T18:12:06","slug":"lihi-certificate-94-gage-hydropower-project-vermont","status":"publish","type":"page","link":"https:\/\/lowimpacthydro.org\/fr\/lihi-certificate-94-gage-hydropower-project-vermont\/","title":{"rendered":"Certificat LIHI #94 \u2013 Projet hydro\u00e9lectrique de Gage, Vermont"},"content":{"rendered":"<table class=\"alignright\" style=\"width: 351px; border: 2px; cellspacing: 2px; cellpadding: 2px; margin-left: 50px;\">\n<tbody>\n<tr>\n<td style=\"width: 170px;\"><strong>Nom du projet<\/strong><\/td>\n<td style=\"width: 212px;\">Jauge<\/td>\n<\/tr>\n<tr>\n<td style=\"width: 170px;\"><strong>Num\u00e9ro de certificat LIHI<\/strong><\/td>\n<td style=\"width: 212px;\">94<\/td>\n<\/tr>\n<tr>\n<td style=\"width: 170px;\"><strong>Dur\u00e9e du certificat LIHI<\/strong><\/td>\n<td style=\"width: 212px;\">6 f\u00e9vrier 2017 \u2013 5 f\u00e9vrier 2027<\/td>\n<\/tr>\n<tr>\n<td style=\"width: 170px;\"><strong>Propri\u00e9taire<\/strong><\/td>\n<td style=\"width: 212px;\">Soci\u00e9t\u00e9 d&#039;\u00e9nergie de Green Mountain<\/td>\n<\/tr>\n<tr>\n<td style=\"width: 170px;\"><strong>\u00c9tat<\/strong><\/td>\n<td style=\"width: 212px;\">Vermont<\/td>\n<\/tr>\n<tr>\n<td style=\"width: 170px;\"><strong>Emplacement<\/strong><\/td>\n<td style=\"width: 212px;\">Situ\u00e9 au mile 7,2 sur la rivi\u00e8re Passumpsic, un affluent de la rivi\u00e8re Connecticut, \u00e0 environ 2,5 miles en aval du projet Arnold Falls.<\/td>\n<\/tr>\n<tr>\n<td style=\"width: 170px;\"><strong>Capacit\u00e9 install\u00e9e<\/strong><\/td>\n<td style=\"width: 212px;\">700 kW<\/td>\n<\/tr>\n<tr>\n<td style=\"width: 170px;\"><strong>G\u00e9n\u00e9ration annuelle moyenne<\/strong><\/td>\n<td style=\"width: 212px;\">2 535 MWh<\/td>\n<\/tr>\n<tr>\n<td style=\"width: 170px;\"><strong>Type d&#039;\u00e9tablissement<\/strong><\/td>\n<td style=\"width: 212px;\"><span class='tooltipsall tooltip_post_id_5643 classtoolTips52'>Au fil de l&#039;eau<\/span><\/td>\n<\/tr>\n<tr>\n<td style=\"width: 170px;\"><strong><span class='tooltipsall tooltip_post_id_5565 classtoolTips152'>F\u00e9d\u00e9ration internationale de radio-t\u00e9l\u00e9vision (FERC)<\/span> Non.<\/strong><\/td>\n<td style=\"width: 212px;\">P-2397 d\u00e9livr\u00e9 en 1994, expire le 30\/11\/2034<\/td>\n<\/tr>\n<\/tbody>\n<\/table>\n<p>Le projet Gage est situ\u00e9 dans le nord-est du Vermont, pr\u00e8s de St. Johnsbury, dans le comt\u00e9 de Caledonia, sur la rivi\u00e8re Passumpsic. Il a \u00e9t\u00e9 construit en 1919-1920 par la Twin State Gas &amp; Electric Company. <span class='tooltipsall tooltip_post_id_5545 classtoolTips158'>barrage<\/span> a \u00e9t\u00e9 d\u00e9truit lors de l&#039;inondation de 1927, bien que le <span class='tooltipsall tooltip_post_id_5624 classtoolTips102'>centrale<\/span> \u00e9tait en grande partie intact. Un barrage en b\u00e9ton fut construit en 1929. L&#039;ouvrage est important car il est l&#039;un des rares \u00e0 \u00eatre v\u00e9ritablement bas. <span class='tooltipsall tooltip_post_id_5581 classtoolTips154'>t\u00eate<\/span> Centrales dot\u00e9es d&#039;un canal ouvert et de groupes \u00e9lectrog\u00e8nes \u00e0 ciel ouvert. La centrale fait \u00e9galement partie des rares b\u00e2timents de ce type construits enti\u00e8rement en acier et en b\u00e9ton, sans la fa\u00e7ade en briques typique des ann\u00e9es 1920. <span class='tooltipsall tooltip_post_id_5624 classtoolTips102'>centrales \u00e9lectriques<\/span>Les vestiges de la premi\u00e8re centrale hydro\u00e9lectrique de St. Johnsbury, qui aurait \u00e9t\u00e9 construite en 1898, sont reli\u00e9s au nord <span class='tooltipsall tooltip_post_id_5514 classtoolTips118'>pilier<\/span> du barrage et soutenir la tour du t\u00e9l\u00e9ph\u00e9rique.<\/p>\n<p>Ce projet est le troisi\u00e8me barrage le plus en aval de la rivi\u00e8re Passumpsic. Les projets en amont comprennent <a href=\"https:\/\/lowimpacthydro.org\/fr\/lihi-certificate-92-pierce-mills-hydropower-project-vermont\/\">Broyeurs \u00e0 percer (LIHI #92)<\/a> et <a href=\"https:\/\/lowimpacthydro.org\/fr\/lihi-certificate-93-arnold-falls-hydroelectric-project-vermont\/\">Arnold Falls (LIHI #93)<\/a>Les projets en aval sont les <a href=\"https:\/\/lowimpacthydro.org\/fr\/lihi-certificate-95-passumpsic-project-vermont\/\">Projet Passumpsic (LIHI #95)<\/a> et le projet East Barnet (FERC n\u00b0 3051), premier barrage sur le fleuve. Long de 36,5 kilom\u00e8tres, le fleuve est un affluent du fleuve Connecticut, qui se jette juste en aval de Comerford. <span class='tooltipsall tooltip_post_id_5545 classtoolTips158'>Barrage<\/span> (une partie de la <a href=\"https:\/\/lowimpacthydro.org\/fr\/lihi-certificate-39-fifteen-mile-falls-project-vermont-and-new-hampshire\/\">Projet des chutes de Fifteen Mile, LIHI #39<\/a>). Le projet appartient \u00e0 Green Mountain Power (GMP), le premier service public d&#039;\u00e9nergie certifi\u00e9 <a href=\"https:\/\/bcorporation.net\/\">Soci\u00e9t\u00e9 B.<\/a><\/p>\n<p>Les travaux du projet comprennent un barrage en trois sections, <span class='tooltipsall tooltip_post_id_5651 classtoolTips116'>d\u00e9versoir<\/span>, pouvoir <span class='tooltipsall tooltip_post_id_5537 classtoolTips143'>canal<\/span>, admission int\u00e9gr\u00e9e, centrale \u00e9lectrique, deux turbines et \u00e9quipement de transmission.<\/p>\n<p>Le b\u00e9ton <span class='tooltipsall tooltip_post_id_5580 classtoolTips81'>barrage-poids<\/span> se compose de trois sections : une section nord de 176 pieds de long avec une hauteur maximale de 13 pieds, surmont\u00e9e d&#039;un <span class='tooltipsall tooltip_post_id_5569 classtoolTips79'>tableaux d&#039;affichage<\/span>; une section centrale de 9 m\u00e8tres de long ; et une section sud de 13 m\u00e8tres de long sur 5,5 m\u00e8tres de haut, avec une \u00e9cluse de 1,8 m\u00e8tre de large surmont\u00e9e de planches de 30 centim\u00e8tres. Le barrage est \u00e9quip\u00e9 d&#039;une porte d&#039;amont de 15,5 m\u00e8tres de large avec quatre <span class='tooltipsall tooltip_post_id_5582 classtoolTips122'>portes de t\u00eate<\/span>Le barrage cr\u00e9e un tron\u00e7on contourn\u00e9 d&#039;environ 950 pieds de long.<\/p>\n<p>Le canal de production d&#039;\u00e9nergie mesure 27 m\u00e8tres de long, 13 m\u00e8tres de large et 5 m\u00e8tres de profondeur. Il achemine l&#039;eau vers la centrale via une prise d&#039;eau int\u00e9gr\u00e9e avec grille inclin\u00e9e. La centrale comprend deux turbines \u00e0 arbre vertical et des alternateurs d&#039;une puissance combin\u00e9e de 0,7 MW. Le r\u00e9seau aval <span class='tooltipsall tooltip_post_id_5566 classtoolTips59'>passage des poissons<\/span> L&#039;installation consiste en une \u00e9cluse dans le d\u00e9versoir adjacent \u00e0 l&#039;ouvrage de t\u00eate du canal.<\/p>\n<p>Le projet op\u00e8re dans un <span class='tooltipsall tooltip_post_id_5643 classtoolTips52'>au fil de l&#039;eau<\/span> Le projet pr\u00e9voit un d\u00e9bit minimal de 142 pi\u00b3\/s du 1er octobre au 31 mai et de 82 pi\u00b3\/s du 1er juin au 30 septembre. Ce r\u00e9gime d&#039;\u00e9coulement a \u00e9t\u00e9 \u00e9labor\u00e9 en consultation avec l&#039;Agence des ressources naturelles du Vermont (VANR).<\/p>\n<p>Les eaux situ\u00e9es dans la zone d&#039;intervention du projet sont class\u00e9es comme \u00e9tant de classe B et sont contamin\u00e9es par E. coli. Les eaux de classe B sont g\u00e9r\u00e9es pour un soutien de haute qualit\u00e9 au biote aquatique et \u00e0 la faune, aux ressources primaires et <span class='tooltipsall tooltip_post_id_5646 classtoolTips7'>loisirs de contact secondaire<\/span>, l&#039;approvisionnement public en eau et les usages agricoles. La consultation avec VANR a confirm\u00e9 que le projet ne contribue pas \u00e0 la d\u00e9gradation de la rivi\u00e8re, car la source est la station d&#039;\u00e9puration des eaux us\u00e9es de St. Johnsbury en amont.<\/p>\n<p>Les barrages en aval des rivi\u00e8res Passumpsic et Connecticut constituent un obstacle au passage des poissons en amont du projet. Si les populations d&#039;anguilles d&#039;Am\u00e9rique \u00e9taient autrefois abondantes dans le bassin versant du fleuve Connecticut, la pr\u00e9sence de nombreux barrages sur le fleuve emp\u00eache d\u00e9sormais le passage de l&#039;esp\u00e8ce. Les projets en aval des rivi\u00e8res Passumpsic et Connecticut bloquent le passage, et le Service am\u00e9ricain de la p\u00eache et de la faune sauvage (US Fish and Wildlife Service) n&#039;a pas demand\u00e9 de passage en amont pour ces projets ni \u00e0 Gage. Le projet facilite le passage en aval gr\u00e2ce \u00e0 une vanne dans le d\u00e9versoir adjacent \u00e0 l&#039;ouvrage de t\u00eate du canal, qui m\u00e8ne \u00e0 un bassin de 800 m\u00e8tres carr\u00e9s. <span class='tooltipsall tooltip_post_id_5620 classtoolTips86'>piscine de plong\u00e9e<\/span>Le passage est principalement utilis\u00e9 par les esp\u00e8ces de truites r\u00e9sidentes. Des grilles \u00e0 d\u00e9chets espac\u00e9es d&#039;un pouce att\u00e9nuent le risque <span class='tooltipsall tooltip_post_id_5558 classtoolTips77'>entra\u00eenement<\/span> au projet.<\/p>\n<p>Le terrain du projet s&#039;\u00e9tend sur environ 25 acres. Il ne pr\u00e9sente aucune valeur \u00e9cologique significative, la majeure partie du terrain \u00e9tant compos\u00e9e de for\u00eats mixtes, d&#039;arbustes et de zones rocheuses arides. Des mesures de lutte contre l&#039;\u00e9rosion ont \u00e9t\u00e9 mises en \u0153uvre sur le site du projet, notamment l&#039;installation d&#039;enrochements de protection le long des pentes du bassin de retenue les plus expos\u00e9es \u00e0 l&#039;\u00e9rosion.<\/p>\n<p>Parmi les esp\u00e8ces menac\u00e9es ou en voie de disparition potentiellement pr\u00e9sentes \u00e0 proximit\u00e9 du projet figure la chauve-souris nordique. Une consultation aupr\u00e8s du VANR a confirm\u00e9 que le projet n&#039;a pas d&#039;impact sur les esp\u00e8ces r\u00e9pertori\u00e9es.<\/p>\n<p>Les ressources culturelles dans la zone du projet comprennent l&#039;infrastructure du projet (barrage, structure de prise d&#039;eau, unit\u00e9s de production, centrale \u00e9lectrique) qui est \u00e9ligible \u00e0 l&#039;inscription sur la Liste du patrimoine mondial. <span class='tooltipsall tooltip_post_id_5606 classtoolTips1'>Registre national des lieux historiques<\/span>Ces structures sont repr\u00e9sentatives d&#039;une p\u00e9riode florissante de d\u00e9veloppement hydro\u00e9lectrique au Vermont, entre 1882 et 1941. Le projet soumet des rapports annuels de conformit\u00e9 \u00e0 la Division de la pr\u00e9servation historique du Vermont afin de garantir une gestion responsable de ces ressources.<\/p>\n<p>Les ressources r\u00e9cr\u00e9atives du projet comprennent un portage pour canots et une aire de pique-nique. Le ma\u00eetre d&#039;ouvrage a volontairement r\u00e9vis\u00e9 les <a href=\"https:\/\/greenmountainpower.com\/wp-content\/uploads\/2016\/12\/001-Passump-Rec-Guide_06082017_FINAL-web-print.pdf\">Guide de cano\u00eb et de loisirs sur la rivi\u00e8re Passumpsic<\/a> et propose des visites guid\u00e9es des installations. L&#039;acc\u00e8s du public est gratuit.<\/p>\n<hr \/>\n<h3>\u00c9tat de conformit\u00e9<\/h3>\n<p><strong>Il n\u2019y a pas de conditions sp\u00e9cifiques \u00e0 l\u2019\u00e9tablissement dans le certificat actuel.<\/strong><\/p>\n<p><strong>2026:<\/strong> Aucun changement important ni probl\u00e8me de conformit\u00e9 n&#039;ont \u00e9t\u00e9 identifi\u00e9s. Le projet reste conforme sur la base de l&#039;examen annuel.<\/p>\n<p><strong>2025:<\/strong> Aucun changement important ni probl\u00e8me de conformit\u00e9 n&#039;ont \u00e9t\u00e9 relev\u00e9s. Le projet demeure conforme suite \u00e0 l&#039;examen annuel. Conform\u00e9ment au protocole d&#039;accord conclu avec le Bureau de la pr\u00e9servation historique de l&#039;\u00c9tat du Vermont, une documentation relative aux mesures d&#039;att\u00e9nuation des impacts sur le patrimoine historique a \u00e9t\u00e9 d\u00e9pos\u00e9e pour le projet de barrage gonflable.<\/p>\n<p><strong>2024:<\/strong> Aucun changement important ni probl\u00e8me de conformit\u00e9 n&#039;a \u00e9t\u00e9 identifi\u00e9. Le projet demeure conforme suite \u00e0 l&#039;examen annuel. La construction du barrage gonflable est termin\u00e9e. Seuls des impacts temporaires, principalement li\u00e9s \u00e0 l&#039;installation du batardeau, ont \u00e9t\u00e9 identifi\u00e9s, et aucun changement op\u00e9rationnel n&#039;a \u00e9t\u00e9 constat\u00e9. Par cons\u00e9quent, ce changement n&#039;est pas consid\u00e9r\u00e9 comme un changement important aux fins du LIHI.<\/p>\n<p><strong>2023:<\/strong> Aucun changement important ni probl\u00e8me de conformit\u00e9 n&#039;a \u00e9t\u00e9 identifi\u00e9. Le projet demeure conforme suite \u00e0 l&#039;examen annuel. Une demande de modification de la FERC visant \u00e0 remplacer les planches en bois par un syst\u00e8me de barrage gonflable a \u00e9t\u00e9 d\u00e9pos\u00e9e aupr\u00e8s du projet, laquelle a \u00e9t\u00e9 approuv\u00e9e le 7 juillet 2023.<\/p>\n<p><strong>2022:<\/strong> Aucun changement important ni probl\u00e8me de conformit\u00e9 n&#039;ont \u00e9t\u00e9 identifi\u00e9s. Le projet reste conforme sur la base de l&#039;examen annuel.<\/p>\n<p><strong>2021:<\/strong> Le projet a \u00e9t\u00e9 signal\u00e9 comme \u00e9tant hors service depuis avril 2020 en raison de probl\u00e8mes de s\u00e9curit\u00e9 li\u00e9s \u00e0 <span class='tooltipsall tooltip_post_id_5569 classtoolTips79'>tableau flash<\/span> op\u00e9rations. Le projet reste conforme sur la base de l&#039;examen annuel.<\/p>\n<p><strong>2020:<\/strong> Aucun changement ni probl\u00e8me de conformit\u00e9 n&#039;a \u00e9t\u00e9 signal\u00e9. Le projet reste conforme sur la base de l&#039;examen annuel.<\/p>\n<p><strong>2019:<\/strong> Aucun changement ni probl\u00e8me de conformit\u00e9 n&#039;a \u00e9t\u00e9 signal\u00e9. Le projet reste conforme sur la base de l&#039;examen annuel.<\/p>\n<p><strong>2018:<\/strong> Le projet pr\u00e9voyait l&#039;installation d&#039;une nouvelle signalisation, de deux nouvelles places de stationnement adjacentes \u00e0 la centrale et d&#039;un sentier informel am\u00e9lior\u00e9 reliant le parking de la centrale \u00e0 la rivi\u00e8re. La FERC a approuv\u00e9 les modifications et le plan de loisirs r\u00e9vis\u00e9 en 2018. Le projet reste conforme \u00e0 la r\u00e9glementation suite \u00e0 l&#039;examen annuel.<\/p>\n<p><strong>2017:<\/strong> Le rapport annuel pour le certificat actuel n\u2019est pas encore entr\u00e9 en vigueur.<\/p>\n<hr \/>\n<h3>Historique des certifications<\/h3>\n<p><strong>1er janvier 2022 :<\/strong> La dur\u00e9e du certificat LIHI a \u00e9t\u00e9 prolong\u00e9e conform\u00e9ment \u00e0 la r\u00e9vision 2.05 du manuel de certification LIHI 2e \u00e9dition publi\u00e9 le 1er janvier 2022. Reportez-vous au tableau des \u00e9tablissements ci-dessus pour conna\u00eetre la nouvelle dur\u00e9e.<\/p>\n<p><strong>15 ao\u00fbt 2018 :<\/strong> La d\u00e9cision de recertifier le projet hydro\u00e9lectrique Gage est d\u00e9finitive. Aucun appel n&#039;a \u00e9t\u00e9 re\u00e7u pendant la p\u00e9riode d&#039;appel, qui s&#039;est termin\u00e9e le 11 ao\u00fbt 2018. La nouvelle p\u00e9riode d&#039;application du projet Gage s&#039;\u00e9tend du 6 f\u00e9vrier 2017 au 5 f\u00e9vrier 2022.<\/p>\n<p><strong>12 juillet 2018 :<\/strong> Le Low Impact Hydropower Institute (LIHI) a approuv\u00e9 provisoirement le projet hydro\u00e9lectrique de Gage pour une nouvelle p\u00e9riode de cinq ans de certification \u00e0 faible impact. Cette d\u00e9cision est provisoire, dans l&#039;attente d&#039;un d\u00e9lai d&#039;appel de 30 jours. Seuls les participants ayant formul\u00e9 des commentaires lors de la demande initiale pendant ce d\u00e9lai de 60 jours sont autoris\u00e9s \u00e0 d\u00e9poser un recours. Ce recours doit inclure une explication expliquant en quoi le projet ne r\u00e9pond pas aux crit\u00e8res du LIHI. Les demandes de recours peuvent \u00eatre soumises par courriel \u00e0 l&#039;adresse suivante\u00a0: <a href=\"mailto:comments@lowimpacthydro.org\">comments@lowimpacthydro.org<\/a> avec \u00ab Projet hydro\u00e9lectrique de Gage \u00bb dans la ligne d&#039;objet, ou par courrier adress\u00e9 au Low Impact Hydropower Institute, 329 Massachusetts Ave, Suite 2, Lexington, MA 02420. Toutes les demandes seront publi\u00e9es sur le site Web et le demandeur aura la possibilit\u00e9 de r\u00e9pondre et toute r\u00e9ponse sera \u00e9galement publi\u00e9e. <strong>Les demandes doivent \u00eatre re\u00e7ues avant 17 heures, heure de l\u2019Est, le 11 ao\u00fbt 2018.\u00a0 <\/strong>Le dossier complet et le rapport d&#039;\u00e9valuation sont disponibles ci-dessous. Si aucune demande d&#039;appel n&#039;est re\u00e7ue et que la d\u00e9cision devient d\u00e9finitive, la nouvelle p\u00e9riode d&#039;examen du projet Gage s&#039;\u00e9tendra du 6 f\u00e9vrier 2017 au 5 f\u00e9vrier 2022.<\/p>\n<p><strong>11 juin 2018 :<\/strong> La p\u00e9riode de certification du projet Gage a \u00e9t\u00e9 prolong\u00e9e \u00e0 nouveau jusqu&#039;au 30 septembre 2018.<\/p>\n<p><strong>3 avril 2018 : <\/strong>La p\u00e9riode de certification du projet Gage a \u00e9t\u00e9 prolong\u00e9e \u00e0 nouveau jusqu&#039;au 30 juin 2018.<\/p>\n<p><strong>28 novembre 2017 : <\/strong>La p\u00e9riode de certification du projet Gage a \u00e9t\u00e9 prolong\u00e9e jusqu&#039;au 31 mars 2018.<\/p>\n<p><strong>30 d\u00e9cembre 2016 :<\/strong> Le Low Impact Hydropower Institute a re\u00e7u une demande compl\u00e8te de nouvelle certification \u00e0 faible impact pour le projet hydro\u00e9lectrique de Gage. Les documents de candidature sont disponibles dans la section \u00ab\u00a0Fichiers\u00a0\u00bb ci-dessous. Le LIHI sollicite les commentaires du public sur cette demande. Plus pr\u00e9cis\u00e9ment, nous souhaitons savoir si, selon vous, le projet Gage r\u00e9pond aux crit\u00e8res de certification \u00e0 faible impact du LIHI, tels que r\u00e9vis\u00e9s dans la 2e \u00e9dition du manuel publi\u00e9 en mars 2016. Veuillez consulter le programme et les crit\u00e8res dans la version r\u00e9vis\u00e9e du LIHI.\u00a0<a href=\"https:\/\/lowimpacthydro.org\/wp-content\/uploads\/2014\/08\/2nd-edition-handbook-20160307-FINAL-CLEAN.pdf\" target=\"_blank\" rel=\"noopener noreferrer\">Manuel <\/a>et consultez ensuite les documents de candidature 2016 du projet publi\u00e9s sur la page du projet. Les commentaires directement li\u00e9s \u00e0 des crit\u00e8res sp\u00e9cifiques du LIHI (d\u00e9bits, qualit\u00e9 de l&#039;eau, passage des poissons, etc.) seront tr\u00e8s utiles, mais tous les commentaires seront pris en compte. Les commentaires peuvent \u00eatre soumis \u00e0 l&#039;Institut par courrier \u00e9lectronique \u00e0 l&#039;adresse\u00a0<a href=\"mailto:comments@lowimpacthydro.org\" target=\"_blank\" rel=\"noopener noreferrer\" data-cke-saved-href=\"mailto:dhall@lowimpacthydro.org?subject=Raquette%20Project%20Comments\">comments@lowimpacthydro.org<\/a>\u00a0avec \u00ab\u00a0Commentaires sur le projet Gage\u00a0\u00bb dans la ligne d&#039;objet, ou par courrier adress\u00e9 au Low Impact Hydropower Institute, PO Box 194, Harrington Park, New Jersey 07640.\u00a0 <strong>Les commentaires doivent \u00eatre re\u00e7us \u00e0 l&#039;Institut au plus tard \u00e0 17 heures, heure de l&#039;Est, le 4 mars 2017.<\/strong>\u00a0\u00e0 prendre en consid\u00e9ration. Tous les commentaires seront publi\u00e9s sur le site Web et le candidat aura la possibilit\u00e9 d&#039;y r\u00e9pondre. Toute r\u00e9ponse sera \u00e9galement publi\u00e9e.<\/p>\n<p><strong>16 d\u00e9cembre 2016 :<\/strong>\u00a0Le projet hydro\u00e9lectrique Gage a b\u00e9n\u00e9fici\u00e9 d&#039;une prolongation de la dur\u00e9e actuelle du certificat. La nouvelle date d&#039;expiration est le 6 mai 2017. Voir la lettre de prolongation pour plus d&#039;explications ci-dessous.<\/p>\n<p><strong>5 septembre 2012 :<\/strong> Le projet Gage a \u00e9t\u00e9 certifi\u00e9 \u00e0 faible impact pour une dur\u00e9e de cinq ans, \u00e0 compter du 6 f\u00e9vrier 2012 et expirant le 6 f\u00e9vrier 2017.<\/p>\n<p><strong>6 avril 2012 :<\/strong> La p\u00e9riode de commentaires publics sur la demande est termin\u00e9e.<\/p>\n<p><strong>6 f\u00e9vrier 2012 :<\/strong> La Central Vermont Public Service Corporation a d\u00e9pos\u00e9 une demande de certification pour le projet Gage. La p\u00e9riode de consultation publique est ouverte.<\/p>\n<hr \/>\n<h3>Dossiers de certification<\/h3>\n<h4>Recertification 2017<\/h4>\n<ul style=\"color: black;\">\n<li><a href=\"https:\/\/lowimpacthydro.org\/wp-content\/uploads\/2020\/07\/Gage_LIHI_Re-Certification_Report_6July2018.pdf\">Rapport de recertification de Gage 2018<\/a><\/li>\n<li><a href=\"https:\/\/lowimpacthydro.org\/wp-content\/uploads\/2020\/07\/001-Gage-LIHI-Re-Certification-Application-3-29-2018_Public.pdf\">Demande de recertification de jauge 2018<\/a><\/li>\n<\/ul>\n<h4>Certification 2012<\/h4>\n<ul style=\"color: black;\">\n<li><a href=\"https:\/\/lowimpacthydro.org\/wp-content\/uploads\/2020\/08\/GageProjectReport-FINAL.pdf\">Rapport d&#039;examen de la certification Gage<\/a><\/li>\n<li><a href=\"https:\/\/lowimpacthydro.org\/wp-content\/uploads\/2020\/08\/Passumpsic_Projects_Gage_LIHI_Questionnaire.pdf\">Questionnaire de certification des jauges<\/a><\/li>\n<li><a href=\"https:\/\/lowimpacthydro.org\/wp-content\/uploads\/2020\/08\/Gage_Recreation_Plan.pdf\">Plan de loisirs de Gage<\/a><\/li>\n<li><a href=\"https:\/\/lowimpacthydro.org\/wp-content\/uploads\/2020\/08\/Passumpsic-Projects-CRMP-Documents.pdf\">Documents du plan de gestion des ressources culturelles des projets de Passumpsic<\/a><\/li>\n<li><a href=\"https:\/\/lowimpacthydro.org\/wp-content\/uploads\/2020\/08\/Passumpsic-Projects-Recreation-Documents.pdf\">Documents de loisirs des projets Passumpsic<\/a><\/li>\n<li><a href=\"https:\/\/lowimpacthydro.org\/wp-content\/uploads\/2020\/08\/Passumpsic_Projects_-_LIHI_Attachment_B_-Resource_Agencies-1.pdf\">Projets Passumpsic \u2013 Contact de l&#039;agence de ressources<\/a><\/li>\n<\/ul>\n<hr \/>\n<h3>Documents cl\u00e9s<\/h3>\n<ul>\n<li><a href=\"https:\/\/lowimpacthydro.org\/wp-content\/uploads\/2020\/08\/Gage-License.pdf\">Licence FERC et \u00e9valuation environnementale de 1994<\/a><\/li>\n<li><a href=\"https:\/\/lowimpacthydro.org\/wp-content\/uploads\/2023\/06\/1994-06-16-Gage-401.pdf\">Certification de la qualit\u00e9 de l&#039;eau 1994<\/a><\/li>\n<\/ul>","protected":false},"excerpt":{"rendered":"<p>Project Name Gage LIHI Certificate No. 94 LIHI Certificate Term February 6, 2017 &#8211; February 5, 2027 Owner Green Mountain Power Corporation State Vermont Location Located<span class=\"excerpt-hellip\"> [\u2026]<\/span><\/p>\n","protected":false},"author":3,"featured_media":-1,"parent":0,"menu_order":0,"comment_status":"closed","ping_status":"closed","template":"","meta":{"_coblocks_attr":"","_coblocks_dimensions":"","_coblocks_responsive_height":"","_coblocks_accordion_ie_support":"","om_disable_all_campaigns":false,"_monsterinsights_skip_tracking":false,"_monsterinsights_sitenote_active":false,"_monsterinsights_sitenote_note":"","_monsterinsights_sitenote_category":0,"footnotes":""},"class_list":["post-1568","page","type-page","status-publish","has-post-thumbnail","hentry"],"_links":{"self":[{"href":"https:\/\/lowimpacthydro.org\/fr\/wp-json\/wp\/v2\/pages\/1568","targetHints":{"allow":["GET"]}}],"collection":[{"href":"https:\/\/lowimpacthydro.org\/fr\/wp-json\/wp\/v2\/pages"}],"about":[{"href":"https:\/\/lowimpacthydro.org\/fr\/wp-json\/wp\/v2\/types\/page"}],"author":[{"embeddable":true,"href":"https:\/\/lowimpacthydro.org\/fr\/wp-json\/wp\/v2\/users\/3"}],"replies":[{"embeddable":true,"href":"https:\/\/lowimpacthydro.org\/fr\/wp-json\/wp\/v2\/comments?post=1568"}],"version-history":[{"count":14,"href":"https:\/\/lowimpacthydro.org\/fr\/wp-json\/wp\/v2\/pages\/1568\/revisions"}],"predecessor-version":[{"id":10347,"href":"https:\/\/lowimpacthydro.org\/fr\/wp-json\/wp\/v2\/pages\/1568\/revisions\/10347"}],"wp:featuredmedia":[{"embeddable":true,"href":"https:\/\/lowimpacthydro.org\/fr\/wp-json\/"}],"wp:attachment":[{"href":"https:\/\/lowimpacthydro.org\/fr\/wp-json\/wp\/v2\/media?parent=1568"}],"curies":[{"name":"wp","href":"https:\/\/api.w.org\/{rel}","templated":true}]}}