{"id":156,"date":"2020-02-17T03:36:35","date_gmt":"2020-02-17T08:36:35","guid":{"rendered":"http:\/\/lowimpacthydro.org\/new\/?page_id=156"},"modified":"2020-02-17T03:36:35","modified_gmt":"2020-02-17T08:36:35","slug":"home","status":"publish","type":"page","link":"https:\/\/lowimpacthydro.org\/fr\/home\/","title":{"rendered":"Maison"},"content":{"rendered":"<div class=\"wp-block-columns has-3-columns is-services is-layout-flex wp-container-core-columns-is-layout-9d6595d7 wp-block-columns-is-layout-flex\"><div class=\"wp-block-column is-layout-flow wp-block-column-is-layout-flow\"><figure class=\"wp-block-image\"><img decoding=\"async\" alt=\"\" src=\"https:\/\/lowimpacthydro.org\/wp-content\/uploads\/2019\/08\/home-1.jpg\"><\/figure><h3 class=\"wp-block-heading\"><a href=\"#\">Produit \/ Service #1<\/a><\/h3><p>Quelle que soit la sp\u00e9cialit\u00e9 pour laquelle votre entreprise est connue, elle devrait figurer ici, qu&#039;il s&#039;agisse de saucisses, de casquettes de baseball ou d&#039;\u00e9limination de chauves-souris vampires.<\/p><p><a href=\"#\">Apprendre encore plus<\/a><\/p><\/div><div class=\"wp-block-column is-layout-flow wp-block-column-is-layout-flow\"><figure class=\"wp-block-image\"><img decoding=\"async\" alt=\"\" src=\"https:\/\/lowimpacthydro.org\/wp-content\/uploads\/2019\/08\/home-2.jpg\"><\/figure><h3 class=\"wp-block-heading\"><a href=\"#\">Produit \/ Service #2<\/a><\/h3><p>Quel autre article populaire proposez-vous \u00e0 la vente ou \u00e0 l&#039;\u00e9change\u00a0? Pr\u00e9sentez-le ici en termes \u00e9logieux et m\u00e9morables pour que les visiteurs de votre site l&#039;obtiennent.<\/p><p><a href=\"#\">Apprendre encore plus<\/a><\/p><\/div><div class=\"wp-block-column is-layout-flow wp-block-column-is-layout-flow\"><figure class=\"wp-block-image\"><img decoding=\"async\" alt=\"\" src=\"https:\/\/lowimpacthydro.org\/wp-content\/uploads\/2019\/08\/home-2.jpg\"><\/figure><h3 class=\"wp-block-heading\"><a href=\"#\">Produit \/ Service #3<\/a><\/h3><p>Ne consid\u00e9rez pas ce produit ou service comme votre troisi\u00e8me favori, consid\u00e9rez-le comme le m\u00e9daill\u00e9 de bronze d&#039;un balayage de m\u00e9dailles olympiques de grands produits\/services.<\/p><p><a href=\"#\">Apprendre encore plus<\/a><\/p><\/div><\/div><div class=\"wp-block-columns has-2-columns is-main-message is-layout-flex wp-container-core-columns-is-layout-9d6595d7 wp-block-columns-is-layout-flex\"><div class=\"wp-block-column is-layout-flow wp-block-column-is-layout-flow\"><h3 class=\"wp-block-heading\">Votre message principal<\/h3><p>Utilisez cet espace pour expliquer ce que fait votre entreprise, pourquoi et comment elle le fait. Qu&#039;est-ce qui vous rend c\u00e9l\u00e8bre\u00a0? Qui vous appr\u00e9cie\u00a0? Quel est votre principal avantage concurrentiel\u00a0?<\/p><p>Incluez tous les \u00e9l\u00e9ments qui rendent votre entreprise unique et meilleure que la concurrence. Disposez-vous d&#039;un proc\u00e9d\u00e9 brevet\u00e9 de taxidermie en 13 \u00e9tapes permettant de cr\u00e9er des hiboux empaill\u00e9s plus vrais que nature\u00a0? N&#039;h\u00e9sitez pas \u00e0 le mentionner.<\/p><p>D&#039;autres \u00e9l\u00e9ments int\u00e9ressants \u00e0 int\u00e9grer \u00e0 cette copie incluent : les prix remport\u00e9s, les distinctions d\u00e9cern\u00e9es, le nombre de produits vendus, la philosophie de l&#039;entreprise (restez bref), des \u00e9l\u00e9ments int\u00e9ressants de l&#039;histoire de l&#039;entreprise et tout ce qui fait penser au lecteur que vous seriez formidable de faire affaire avec lui.<\/p><\/div><div class=\"wp-block-column is-layout-flow wp-block-column-is-layout-flow\"><div class=\"wp-block-image\"><figure class=\"aligncenter\"><img decoding=\"async\" alt=\"\" src=\"https:\/\/lowimpacthydro.org\/wp-content\/uploads\/2019\/08\/home-4.jpg\"><\/figure><\/div><\/div><\/div><div class=\"wp-block-spacer\" style=\"height:27px\" aria-hidden=\"true\"><\/div><h3 class=\"wp-block-heading\">Prochaines \u00e9tapes\u2026<\/h3><div class=\"wp-block-coblocks-row coblocks-row-77123959945\" data-columns=\"2\" data-layout=\"66-33\"><div class=\"wp-block-coblocks-row__inner has-medium-gutter has-no-padding has-no-margin is-stacked-on-mobile\"><div class=\"wp-block-coblocks-column coblocks-column-771240515\" style=\"width:66%\"><div class=\"wp-block-coblocks-column__inner has-no-padding has-no-margin\"><p>Il devrait s&#039;agir du premier appel \u00e0 l&#039;action d&#039;un client potentiel, par exemple demander un devis ou parcourir votre catalogue de produits.<\/p><\/div><\/div><div class=\"wp-block-coblocks-column coblocks-column-771240519\" style=\"width:33%\"><div class=\"wp-block-coblocks-column__inner has-no-padding has-no-margin\"><div class=\"wp-block-button aligncenter\"><a href=\"\/fr\/contact\/\" class=\"wp-block-button__link\">Appel \u00e0 l&#039;action<\/a><\/div><\/div><\/div><\/div><\/div>","protected":false},"excerpt":{"rendered":"<p>Product \/ Service #1 Whatever your company is most known for should go right here, whether that&#8217;s bratwurst or baseball caps or vampire bat removal. Learn<span class=\"excerpt-hellip\"> [\u2026]<\/span><\/p>\n","protected":false},"author":1,"featured_media":4088,"parent":0,"menu_order":0,"comment_status":"closed","ping_status":"closed","template":"","meta":{"_coblocks_attr":"","_coblocks_dimensions":"","_coblocks_responsive_height":"","_coblocks_accordion_ie_support":"","om_disable_all_campaigns":false,"_monsterinsights_skip_tracking":false,"_monsterinsights_sitenote_active":false,"_monsterinsights_sitenote_note":"","_monsterinsights_sitenote_category":0,"footnotes":""},"class_list":["post-156","page","type-page","status-publish","has-post-thumbnail","hentry"],"aioseo_notices":[],"_links":{"self":[{"href":"https:\/\/lowimpacthydro.org\/fr\/wp-json\/wp\/v2\/pages\/156","targetHints":{"allow":["GET"]}}],"collection":[{"href":"https:\/\/lowimpacthydro.org\/fr\/wp-json\/wp\/v2\/pages"}],"about":[{"href":"https:\/\/lowimpacthydro.org\/fr\/wp-json\/wp\/v2\/types\/page"}],"author":[{"embeddable":true,"href":"https:\/\/lowimpacthydro.org\/fr\/wp-json\/wp\/v2\/users\/1"}],"replies":[{"embeddable":true,"href":"https:\/\/lowimpacthydro.org\/fr\/wp-json\/wp\/v2\/comments?post=156"}],"version-history":[{"count":1,"href":"https:\/\/lowimpacthydro.org\/fr\/wp-json\/wp\/v2\/pages\/156\/revisions"}],"predecessor-version":[{"id":321,"href":"https:\/\/lowimpacthydro.org\/fr\/wp-json\/wp\/v2\/pages\/156\/revisions\/321"}],"wp:featuredmedia":[{"embeddable":true,"href":"https:\/\/lowimpacthydro.org\/fr\/wp-json\/wp\/v2\/media\/4088"}],"wp:attachment":[{"href":"https:\/\/lowimpacthydro.org\/fr\/wp-json\/wp\/v2\/media?parent=156"}],"curies":[{"name":"wp","href":"https:\/\/api.w.org\/{rel}","templated":true}]}}