{"id":1542,"date":"2020-07-25T18:39:10","date_gmt":"2020-07-25T22:39:10","guid":{"rendered":"https:\/\/lowimpacthydro.org\/?page_id=1542"},"modified":"2026-02-26T12:35:51","modified_gmt":"2026-02-26T17:35:51","slug":"lihi-certificate-99-middlebury-lower-vermont","status":"publish","type":"page","link":"https:\/\/lowimpacthydro.org\/fr\/lihi-certificate-99-middlebury-lower-vermont\/","title":{"rendered":"Certificat LIHI #99 \u2013 Middlebury Lower, Vermont"},"content":{"rendered":"<table class=\"alignright\" style=\"width: 351px; border: 2px; cellspacing: 2px; cellpadding: 2px; margin-left: 50px;\">\n<tbody>\n<tr>\n<td style=\"width: 187px;\"><strong>Nom du projet<\/strong><\/td>\n<td style=\"width: 229px;\">Middlebury inf\u00e9rieur<\/td>\n<\/tr>\n<tr>\n<td style=\"width: 187px;\"><strong>Num\u00e9ro de certificat LIHI<\/strong><\/td>\n<td style=\"width: 229px;\">99<\/td>\n<\/tr>\n<tr>\n<td style=\"width: 187px;\"><strong>Dur\u00e9e du certificat LIHI<br \/>\n<\/strong><\/td>\n<td style=\"width: 229px;\">6 f\u00e9vrier 2017 \u2013 5 f\u00e9vrier 2027<\/td>\n<\/tr>\n<tr>\n<td style=\"width: 187px;\"><strong>Propri\u00e9taire<\/strong><\/td>\n<td style=\"width: 229px;\">Soci\u00e9t\u00e9 d&#039;\u00e9nergie de Green Mountain<\/td>\n<\/tr>\n<tr>\n<td style=\"width: 187px;\"><strong>\u00c9tat<\/strong><\/td>\n<td style=\"width: 229px;\">Vermont<\/td>\n<\/tr>\n<tr>\n<td style=\"width: 187px;\"><strong>Emplacement<\/strong><\/td>\n<td style=\"width: 229px;\">Situ\u00e9 au mile 24,7 de la rivi\u00e8re sur les chutes inf\u00e9rieures de l&#039;Otter Creek, \u00e0 environ un mile en aval du village de Middlebury dans les villes de Middlebury et Weybridge dans le comt\u00e9 d&#039;Addison, Vermont.<\/td>\n<\/tr>\n<tr>\n<td style=\"width: 187px;\"><strong>Capacit\u00e9 install\u00e9e<\/strong><\/td>\n<td style=\"width: 229px;\">2..15 MW<\/td>\n<\/tr>\n<tr>\n<td style=\"width: 187px;\"><strong>G\u00e9n\u00e9ration annuelle moyenne<\/strong><\/td>\n<td style=\"width: 229px;\">8 643 MWH<\/td>\n<\/tr>\n<tr>\n<td style=\"width: 187px;\"><strong>Type d&#039;\u00e9tablissement<\/strong><\/td>\n<td style=\"width: 229px;\"><span class='tooltipsall tooltip_post_id_5643 classtoolTips52'>Au fil de l&#039;eau<\/span><\/td>\n<\/tr>\n<tr>\n<td style=\"width: 187px;\"><strong><span class='tooltipsall tooltip_post_id_5565 classtoolTips152'>F\u00e9d\u00e9ration internationale de radio-t\u00e9l\u00e9vision (FERC)<\/span> Non.<\/strong><\/td>\n<td style=\"width: 229px;\">P-2737 d\u00e9livr\u00e9 en 2001, expire le 31\/07\/2031<\/td>\n<\/tr>\n<\/tbody>\n<\/table>\n<p>Le projet Middlebury Lower est situ\u00e9 sur les chutes inf\u00e9rieures d&#039;Otter Creek, \u00e0 environ un mile en aval du village de Middlebury, dans les villes de Middlebury et Weybridge, dans le comt\u00e9 d&#039;Addison, dans le Vermont. Le projet a commenc\u00e9 \u00e0 produire de l&#039;\u00e9lectricit\u00e9 en 1917, mais lors de l&#039;arrosage initial des turbines, la <span class='tooltipsall tooltip_post_id_5624 classtoolTips102'>centrale<\/span> s&#039;est effondr\u00e9. La centrale \u00e9lectrique a \u00e9t\u00e9 reconstruite et le projet a \u00e9t\u00e9 remis en service en 1920. Le d\u00e9veloppement de Proctor, une partie de la <a href=\"https:\/\/lowimpacthydro.org\/fr\/lihi-certificate-128-otter-creek-project-vt\/\">Projet Otter Creek (LIHI #128)<\/a> est situ\u00e9 \u00e0 environ 39 miles en amont. Juste en aval se trouvent les d\u00e9veloppements de Beldens et Huntington Falls, qui font partie de la <a href=\"https:\/\/lowimpacthydro.org\/fr\/lihi-certificate-128-otter-creek-project-vt\/\">Projet Otter Creek (LIHI #128)<\/a>. Le <a href=\"https:\/\/lowimpacthydro.org\/fr\/lihi-certificate-98-weybridge-hydroelectric-project-vermont\/\">Projet Weybridge (LIHI #98)<\/a> est situ\u00e9 \u00e0 environ 5 miles en aval et le <a href=\"https:\/\/lowimpacthydro.org\/fr\/lihi-certificate-134-vergennes-hydroelectric-project-vermont\/\">Projet Vergennes (LIHI #134)<\/a> est situ\u00e9 \u00e0 12 miles en aval et est le premier <span class='tooltipsall tooltip_post_id_5545 classtoolTips158'>barrage<\/span> sur la rivi\u00e8re en amont de la confluence avec le lac Champlain. Le projet Middlebury Lower est le cinqui\u00e8me en aval des huit barrages situ\u00e9s sur le ruisseau Otter. Le projet appartient \u00e0 Green Mountain Power (GMP), le premier service public d&#039;\u00e9nergie certifi\u00e9 comme <a href=\"https:\/\/bcorporation.net\/\">Soci\u00e9t\u00e9 B.<\/a><\/p>\n<p>Le projet comprend deux barrages, <span class='tooltipsall tooltip_post_id_5651 classtoolTips116'>d\u00e9versoir<\/span> sections, admission <span class='tooltipsall tooltip_post_id_5537 classtoolTips143'>canal<\/span>, une centrale \u00e9lectrique, trois turbines et des \u00e9quipements d&#039;interconnexion.<\/p>\n<p>Les deux b\u00e9tons <span class='tooltipsall tooltip_post_id_5580 classtoolTips81'>barrages-poids<\/span> retenir les canaux est et ouest de la rivi\u00e8re qui divergent autour d&#039;une petite \u00eele. Le barrage mesure 30 pieds de haut et 478 pieds de long, avec deux <span class='tooltipsall tooltip_post_id_5611 classtoolTips156'>ogive<\/span> sections de d\u00e9versoir, une section de d\u00e9versoir ouest de 123 pieds de long et une section de d\u00e9versoir est de 260 pieds de long. Le canal d&#039;admission mesure 400 pieds de long, 40 pieds de large et est contr\u00f4l\u00e9 par une structure de vanne contenant deux sections de 23 pieds de large et 13 pieds de haut <span class='tooltipsall tooltip_post_id_5578 classtoolTips153'>portes<\/span>. La centrale est situ\u00e9e \u00e0 l&#039;extr\u00e9mit\u00e9 aval du canal d&#039;admission et est \u00e9quip\u00e9e de grilles \u00e0 d\u00e9chets en acier ayant un espacement libre de 1,75 pouce. La centrale comprend trois <span class='tooltipsall tooltip_post_id_5576 classtoolTips39'>Turbine Francis<\/span> unit\u00e9s d&#039;une puissance install\u00e9e totale de 2,04 MW.<\/p>\n<p>Le projet op\u00e8re dans un <span class='tooltipsall tooltip_post_id_5643 classtoolTips52'>au fil de l&#039;eau<\/span> et retient un r\u00e9servoir de 16 acres. Le projet fournit un d\u00e9bit minimum de 157 pi3\/s dans la section de d\u00e9rivation d&#039;environ 750 pieds de long, et les fluctuations de retenue sont limit\u00e9es \u00e0 1 pouce \u00e0 partir de la cr\u00eate du barrage. L&#039;exploitation du projet repose sur les apports provenant des d\u00e9veloppements en amont. Ce r\u00e9gime d&#039;\u00e9coulement a \u00e9t\u00e9 d\u00e9velopp\u00e9 en collaboration avec l&#039;Agence des ressources naturelles du Vermont (VANR) \u00e0 l&#039;aide de donn\u00e9es provenant d&#039;un <span class='tooltipsall tooltip_post_id_5592 classtoolTips0'>M\u00e9thodologie de calcul diff\u00e9rentiel du d\u00e9bit r\u00e9serv\u00e9<\/span> \u00e9tude. Cette \u00e9tude a \u00e9valu\u00e9 les conditions d&#039;habitat dans le tron\u00e7on contourn\u00e9 avec des d\u00e9bits variables.<\/p>\n<p>Les eaux situ\u00e9es dans la zone d&#039;application du projet sont class\u00e9es comme \u00e9tant de classe B et sont contamin\u00e9es par E. coli, les nutriments, les s\u00e9diments et les PCB. Les eaux de classe B sont g\u00e9r\u00e9es de mani\u00e8re \u00e0 offrir un habitat de grande qualit\u00e9 pour le biote aquatique, les poissons et la faune, ainsi que des eaux qui pr\u00e9sentent syst\u00e9matiquement une bonne valeur esth\u00e9tique et qui favorisent les loisirs de contact primaire.<\/p>\n<p>Historiquement, les poissons migrateurs ont remont\u00e9 de nombreux affluents du lac Champlain pour acc\u00e9der aux eaux de frai. Bien que des saumons atlantiques enclav\u00e9s existent dans le lac et soient stock\u00e9s dans le cours inf\u00e9rieur du ruisseau Otter, des populations naturelles de saumons atlantiques ont \u00e9t\u00e9 <span class='tooltipsall tooltip_post_id_5561 classtoolTips99'>extirp\u00e9<\/span> du bassin du lac Champlain il y a plus de 150 ans. Le ruisseau Otter est g\u00e9r\u00e9 pour soutenir les p\u00eaches en eau froide et en eau chaude. Le tron\u00e7on de la rivi\u00e8re en amont du projet abrite d&#039;importantes populations de truites sauvages et abrite des poissons r\u00e9sidents, notamment des bars, des perches, des meuniers, des barbottes brunes, des crapets-soleil et diverses esp\u00e8ces de m\u00e9n\u00e9s. Les installations de passage n&#039;ont pas encore \u00e9t\u00e9 prescrites par les organismes de ressources. Le projet comprend des grilles \u00e0 d\u00e9chets espac\u00e9es de 1,75 pouce pour att\u00e9nuer le risque de <span class='tooltipsall tooltip_post_id_5558 classtoolTips77'>entra\u00eenement<\/span>.<\/p>\n<p>Les terres du projet s&#039;\u00e9tendent sur environ quatre acres. Les terres environnantes sont principalement bois\u00e9es avec des parcelles de for\u00eats et de zones \u00e9mergentes. <span class='tooltipsall tooltip_post_id_5670 classtoolTips125'>zones humides<\/span> Le long de la rivi\u00e8re, la zone est am\u00e9nag\u00e9e en b\u00e2timents industriels et commerciaux et en logements ruraux. Il n&#039;existe pas de terres de valeur \u00e9cologique significative dans la zone du projet.<\/p>\n<p>Les esp\u00e8ces menac\u00e9es ou en voie de disparition potentiellement pr\u00e9sentes dans les environs du projet comprennent la chauve-souris de l&#039;Indiana, la chauve-souris nordique \u00e0 longues oreilles, la moule \u00e0 cannelures, la moule \u00e0 poche, la flotteuse g\u00e9ante, la fendeuse \u00e0 talon de ruisseau, l&#039;herbe d&#039;amour de Frank, la carex de Gray et la fleur de coucou. La consultation avec le VANR a confirm\u00e9 que les op\u00e9rations du projet n&#039;ont pas d&#039;impact sur les esp\u00e8ces v\u00e9g\u00e9tales r\u00e9pertori\u00e9es. Le VANR a \u00e9galement confirm\u00e9 que si les op\u00e9rations du projet se poursuivent au fil de l&#039;eau comme prescrit par les organismes de ressources, le projet n&#039;aura aucun impact sur aucune des esp\u00e8ces r\u00e9pertori\u00e9es.<\/p>\n<p>Les propri\u00e9t\u00e9s historiques dans la zone du projet comprennent l&#039;infrastructure du projet, qui est \u00e9ligible \u00e0 l&#039;inscription sur la liste <span class='tooltipsall tooltip_post_id_5606 classtoolTips1'>Registre national des lieux historiques<\/span>. Le projet est ex\u00e9cut\u00e9 dans le cadre d&#039;un plan de gestion des propri\u00e9t\u00e9s historiques qui aborde les mesures de protection des propri\u00e9t\u00e9s historiques sur le site du projet. Le projet rend compte chaque ann\u00e9e des activit\u00e9s et des mises \u00e0 jour relatives au plan \u00e0 la FERC et \u00e0 la Division de la pr\u00e9servation historique du Vermont afin de garantir une gestion appropri\u00e9e des ressources.<\/p>\n<p>Les ressources r\u00e9cr\u00e9atives du projet comprennent une aire de pique-nique, un portage de cano\u00eb et des sentiers de randonn\u00e9e. Le projet offre un acc\u00e8s public gratuit.<\/p>\n<hr \/>\n<h3>\u00c9tat de conformit\u00e9<\/h3>\n<p><strong>Le certificat comprend la condition sp\u00e9cifique \u00e0 l&#039;\u00e9tablissement suivante :<\/strong><\/p>\n<p><strong>Condition 1 : <\/strong>Le propri\u00e9taire de l&#039;installation doit affiner le plan d&#039;exploitation du projet en consultation avec le VDEC afin de chercher \u00e0 minimiser les effets de l&#039;arr\u00eat du projet sur <span class='tooltipsall tooltip_post_id_5581 classtoolTips154'>t\u00eate<\/span> Le propri\u00e9taire de l&#039;installation doit tenir compte des fluctuations des \u00e9tangs et des taux de d\u00e9versement, et doit \u00e9laborer des proc\u00e9dures de taux de rabattement pour la gestion du niveau et du d\u00e9bit d&#039;eau pendant les activit\u00e9s d&#039;entretien et de r\u00e9paration pour la protection des esp\u00e8ces de moules d&#039;eau douce r\u00e9pertori\u00e9es par l&#039;\u00c9tat. Le plan d&#039;exploitation r\u00e9vis\u00e9 doit \u00eatre soumis au LIHI dans les 60 jours suivant son approbation. Si la consultation et l&#039;affinement du plan ne sont pas termin\u00e9s d&#039;ici le 31 d\u00e9cembre 2019, le propri\u00e9taire de l&#039;installation doit fournir une mise \u00e0 jour de l&#039;\u00e9tat d&#039;avancement dans les soumissions annuelles de conformit\u00e9 au LIHI.<\/p>\n<p><strong>2026:<\/strong> Aucun changement important ni probl\u00e8me de conformit\u00e9 n&#039;ont \u00e9t\u00e9 relev\u00e9s. Le projet demeure conforme suite \u00e0 l&#039;examen annuel. Concernant la condition 1, le projet a indiqu\u00e9 que des consultations avec VDEC sont en cours afin de r\u00e9soudre le probl\u00e8me.<\/p>\n<p><strong>2025:<\/strong> Aucun changement important ni probl\u00e8me de conformit\u00e9 n&#039;ont \u00e9t\u00e9 identifi\u00e9s. Le projet reste conforme sur la base de l&#039;examen annuel. Pour la condition 1, le projet a indiqu\u00e9 qu&#039;une consultation avec le VDEC est pr\u00e9vue pour r\u00e9soudre la condition.<\/p>\n<p><strong>2024:<\/strong> Aucun changement important ni probl\u00e8me de conformit\u00e9 n&#039;ont \u00e9t\u00e9 identifi\u00e9s. Le projet reste conforme sur la base de l&#039;examen annuel. Pour la condition 1, le projet a indiqu\u00e9 que les activit\u00e9s de construction ont r\u00e9cemment \u00e9t\u00e9 achev\u00e9es et que la consultation avec le VDEC reprendra.<\/p>\n<p><strong>2023:<\/strong> Aucun changement important ni probl\u00e8me de conformit\u00e9 n&#039;a \u00e9t\u00e9 identifi\u00e9. Le projet reste conforme sur la base de l&#039;examen annuel. Pour la condition 1, le projet a signal\u00e9 d&#039;autres retards dans la consultation avec le VDEC jusqu&#039;\u00e0 ce que les activit\u00e9s de construction li\u00e9es aux r\u00e9parations des piliers du canal de fuite de la centrale soient termin\u00e9es en 2023 et que les op\u00e9rations normales du projet reprennent.<\/p>\n<p><strong>2022:<\/strong> Aucun changement important ni probl\u00e8me de conformit\u00e9 n&#039;ont \u00e9t\u00e9 identifi\u00e9s. Le projet reste conforme sur la base de l&#039;examen annuel. Le projet n&#039;a signal\u00e9 aucun changement dans le statut de la condition 1.<\/p>\n<p><strong>2021:<\/strong> Pour la condition 1, le projet a fait \u00e9tat de l&#039;\u00e9laboration d&#039;un projet de plan d&#039;op\u00e9rations r\u00e9vis\u00e9 dans le cadre d&#039;un examen interne avant sa soumission au VDEC. Le projet reste conforme sur la base de l&#039;examen annuel.<\/p>\n<p><strong>2020:<\/strong> Pour la condition 1 entr\u00e9e en vigueur en 2019, le projet a signal\u00e9 le lancement d&#039;une consultation avec le VDEC sur le plan d&#039;exploitation. Le projet reste conforme sur la base de l&#039;examen annuel.<\/p>\n<p><strong>2019:<\/strong> Aucun changement ni probl\u00e8me de conformit\u00e9 n&#039;a \u00e9t\u00e9 signal\u00e9. Le projet reste conforme sur la base de l&#039;examen annuel.<\/p>\n<p><strong>2018:<\/strong> Aucun changement ni probl\u00e8me de conformit\u00e9 n&#039;a \u00e9t\u00e9 signal\u00e9. Le projet reste conforme sur la base de l&#039;examen annuel.<\/p>\n<p><strong>2017:<\/strong> Le rapport annuel pour le certificat actuel n\u2019est pas encore entr\u00e9 en vigueur.<\/p>\n<hr \/>\n<h3>Historique des certifications<\/h3>\n<p><strong>1er janvier 2022 :<\/strong> La dur\u00e9e du certificat LIHI a \u00e9t\u00e9 prolong\u00e9e conform\u00e9ment \u00e0 la r\u00e9vision 2.05 du manuel de certification LIHI 2e \u00e9dition publi\u00e9 le 1er janvier 2022. Reportez-vous au tableau des \u00e9tablissements ci-dessus pour conna\u00eetre la nouvelle dur\u00e9e.<\/p>\n<p><strong>15 mai 2019 :<\/strong> La d\u00e9cision de recertifier le projet hydro\u00e9lectrique de Middlebury Lower est d\u00e9finitive. Aucun appel n&#039;a \u00e9t\u00e9 re\u00e7u pendant la p\u00e9riode d&#039;appel qui a pris fin le 11 mai 2019. La nouvelle p\u00e9riode de certification du projet s&#039;\u00e9tend du 6 f\u00e9vrier 2017 au 5 f\u00e9vrier 2022.<\/p>\n<p><strong>10 avril 2019 :\u00a0<\/strong> Le Low Impact Hydropower Institute (LIHI) a approuv\u00e9 de mani\u00e8re pr\u00e9liminaire la certification \u00e0 faible impact pour le projet hydro\u00e9lectrique de Middlebury Lower, le certificat LIHI #99 pour une nouvelle p\u00e9riode de 5 ans. Cette d\u00e9cision est pr\u00e9liminaire en attendant la p\u00e9riode d&#039;appel de 30 jours. Seuls ceux qui ont comment\u00e9 la demande initiale pendant la p\u00e9riode de commentaires de 60 jours sont \u00e9ligibles pour d\u00e9poser un appel. Un tel appel doit inclure une explication sur la raison pour laquelle le projet ne r\u00e9pond pas aux crit\u00e8res du LIHI. Les demandes d&#039;appel peuvent \u00eatre soumises par courrier \u00e9lectronique \u00e0 <a href=\"mailto:comments@lowimpacthydro.org\">comments@lowimpacthydro.org<\/a> avec \u00ab Middlebury Lower Hydroelectric Project \u00bb dans l&#039;objet du message, ou par courrier adress\u00e9 au Low Impact Hydropower Institute, 329 Massachusetts Ave, Suite 6, Lexington, MA 02420. Toutes les demandes seront publi\u00e9es sur le site Web. Le demandeur aura la possibilit\u00e9 de r\u00e9pondre et toute r\u00e9ponse sera \u00e9galement publi\u00e9e. <strong>Les demandes doivent \u00eatre re\u00e7ues avant 17 heures, heure de l\u2019Est, le 11 mai 2019.\u00a0 <\/strong>Le dossier complet et le rapport des \u00e9valuateurs sont disponibles ci-dessous.<\/p>\n<p><strong>12 novembre 2018 :<\/strong> Le projet hydro\u00e9lectrique Middlebury Lower a obtenu une nouvelle prolongation de la dur\u00e9e actuelle du certificat. La nouvelle date d&#039;expiration est le 31 mars 2019.<\/p>\n<p><strong>11 juin 2018 :<\/strong>\u00a0Le projet hydro\u00e9lectrique Middlebury Lower a obtenu une nouvelle prolongation de la dur\u00e9e actuelle du certificat. La nouvelle date d&#039;expiration est le 31 d\u00e9cembre 2018.<\/p>\n<p><strong>31 ao\u00fbt 2017 :<\/strong>\u00a0Le projet hydro\u00e9lectrique Middlebury Lower a obtenu une nouvelle prolongation de la dur\u00e9e actuelle du certificat. La nouvelle date d&#039;expiration est le 31 mars 2018.<\/p>\n<p><strong>17 mai 2017 :<\/strong>\u00a0LIHI a re\u00e7u une demande de nouvelle p\u00e9riode de certification \u00e0 faible impact pour le projet hydro\u00e9lectrique Middlebury Lower. LIHI sollicite les commentaires du public sur cette demande. Plus pr\u00e9cis\u00e9ment, nous souhaitons savoir si vous pensez que le projet Middlebury Lower r\u00e9pond aux crit\u00e8res de certification \u00e0 faible impact de LIHI, tels que r\u00e9vis\u00e9s dans le manuel de 2e \u00e9dition publi\u00e9 en mars 2016. Veuillez consulter le programme et les crit\u00e8res dans le manuel r\u00e9vis\u00e9 de LIHI\u00a0<a href=\"https:\/\/lowimpacthydro.org\/wp-content\/uploads\/2014\/08\/2nd-edition-handbook-20160307-FINAL-CLEAN.pdf\" target=\"_blank\" rel=\"noopener noreferrer\">Manuel <\/a>et examinez ensuite les documents de candidature 2016 du projet publi\u00e9s sur la page du projet. Les commentaires directement li\u00e9s \u00e0 des crit\u00e8res LIHI sp\u00e9cifiques (d\u00e9bits, qualit\u00e9 de l&#039;eau, <span class='tooltipsall tooltip_post_id_5566 classtoolTips59'>passage des poissons<\/span>, etc.) seront tr\u00e8s utiles, mais tous les commentaires seront pris en compte. Les commentaires peuvent \u00eatre soumis \u00e0 l&#039;Institut par courrier \u00e9lectronique \u00e0 l&#039;adresse\u00a0<a href=\"mailto:comments@lowimpacthydro.org\" target=\"_blank\" rel=\"noopener noreferrer\" data-cke-saved-href=\"mailto:dhall@lowimpacthydro.org?subject=Raquette%20Project%20Comments\">comments@lowimpacthydro.org<\/a>\u00a0avec \u00ab Middlebury Lower Project Comments \u00bb dans la ligne d&#039;objet, ou par courrier adress\u00e9 au Low Impact Hydropower Institute, PO Box 194, Harrington Park, New Jersey 07640.\u00a0 <strong>Les commentaires doivent \u00eatre re\u00e7us \u00e0 l&#039;Institut au plus tard \u00e0 17 heures, heure de l&#039;Est, le 16 juillet 2017.<\/strong>\u00a0\u00e0 prendre en consid\u00e9ration. Tous les commentaires seront publi\u00e9s sur le site Web et le candidat aura la possibilit\u00e9 d&#039;y r\u00e9pondre. Toute r\u00e9ponse sera \u00e9galement publi\u00e9e.<\/p>\n<p><strong>16 d\u00e9cembre 2016 :<\/strong>\u00a0Le projet hydro\u00e9lectrique Middlebury Lower a obtenu une prolongation de la dur\u00e9e actuelle du certificat. La nouvelle date d&#039;expiration est le 6 ao\u00fbt 2017. Voir la lettre de prolongation pour plus d&#039;explications ci-dessous.<\/p>\n<p><strong>29 novembre 2012 :<\/strong> Le projet Middlebury Lower a \u00e9t\u00e9 certifi\u00e9 \u00e0 faible impact pour une dur\u00e9e de cinq ans, \u00e0 compter du 6 f\u00e9vrier 2012 et expirant le 6 f\u00e9vrier 2017.<\/p>\n<p><strong>6 avril 2012 :<\/strong> La p\u00e9riode de commentaires publics sur la demande est termin\u00e9e.<\/p>\n<p><strong>6 f\u00e9vrier 2012 :<\/strong> Central Vermont Public Service (CVPS) a d\u00e9pos\u00e9 une demande de certification pour son projet Middlebury Lower. La p\u00e9riode de commentaires publics sur la demande est ouverte.<\/p>\n<hr \/>\n<h3>Dossiers de certification<\/h3>\n<h4>Renouvellement de certification 2017-2019<\/h4>\n<ul style=\"color: black;\">\n<li><a href=\"https:\/\/lowimpacthydro.org\/wp-content\/uploads\/2020\/07\/Middlebury-Lower-Final-LIHI-Application_12282018.pdf\">Demande de recertification pour Middlebury Lower 2018<\/a><\/li>\n<li><a href=\"https:\/\/lowimpacthydro.org\/wp-content\/uploads\/2020\/07\/Middlebury-Lower-Stage-II-Recertification-Review-Final.pdf\">Rapport de r\u00e9vision de la recertification de Middlebury Lower 2019<\/a><\/li>\n<\/ul>\n<h4>Certification 2012<\/h4>\n<ul style=\"color: black;\">\n<li><a href=\"https:\/\/lowimpacthydro.org\/wp-content\/uploads\/2020\/08\/CVPS-Middlebury-Lower-and-Weybridge-LIHI-Questionnaire_01202012_REVISED.pdf\">Questionnaire de certification CVPS Middlebury Lower et Weybridge 2012<\/a><\/li>\n<li><a href=\"https:\/\/lowimpacthydro.org\/wp-content\/uploads\/2020\/08\/Middlebury_FINAL.pdf\">Rapport d&#039;examen de certification de Middlebury Lower 2012<\/a><\/li>\n<li><a href=\"https:\/\/lowimpacthydro.org\/wp-content\/uploads\/2020\/08\/CVPS-Weybridge-FERC-Order-Min-Flow-2008.pdf\">Op\u00e9rations de Middlebury Lower <\/a><\/li>\n<li><a href=\"https:\/\/lowimpacthydro.org\/wp-content\/uploads\/2020\/08\/Middlebury-Lower_Recreation.pdf\">Centre de loisirs inf\u00e9rieur de Middlebury<\/a><\/li>\n<li><a href=\"https:\/\/lowimpacthydro.org\/wp-content\/uploads\/2020\/08\/Window-replacement-MOA-to-FERC.pdf\">Protocole d&#039;accord sur le remplacement des fen\u00eatres avec la FERC<\/a><\/li>\n<li><a href=\"https:\/\/lowimpacthydro.org\/wp-content\/uploads\/2020\/08\/Middlebury_Lower_and_Weybridge_-_LIHI_Attachment_D_Responses.pdf\">Middlebury Lower et Weybridge \u2013 R\u00e9ponses<\/a><\/li>\n<li><a href=\"https:\/\/lowimpacthydro.org\/wp-content\/uploads\/2020\/08\/Middlebury_Lower_and_Weybridge_-_LIHI_Attachment_C_Project_D.pdf\">Middlebury Lower et Weybridge \u2013 Description du projet<\/a><\/li>\n<li><a href=\"https:\/\/lowimpacthydro.org\/wp-content\/uploads\/2020\/08\/Middlebury_Lower_and_Weybridge_-_LIHI_Attachment_A_Licenses_.pdf\">Middlebury Lower et Weybridge \u2013 Contacts de l&#039;Agence des ressources<\/a><\/li>\n<\/ul>\n<hr \/>\n<h3>Documents cl\u00e9s<\/h3>\n<ul>\n<li><a href=\"https:\/\/lowimpacthydro.org\/wp-content\/uploads\/2023\/09\/2001-FERC-license-and-WQC-Middlebury-Lower.pdf\">Licence FERC 2001 et certification de la qualit\u00e9 de l&#039;eau<\/a><\/li>\n<li><a href=\"https:\/\/lowimpacthydro.org\/wp-content\/uploads\/2020\/08\/CVPS-Middlebury-Lower-and-Weybridge-Environmental-Assessment-2000.pdf\">\u00c9valuation environnementale de la FERC 2000 - Middlebury Lower et Weybridge<\/a><\/li>\n<\/ul>","protected":false},"excerpt":{"rendered":"<p>Project Name Middlebury Lower LIHI Certificate No. 99 LIHI Certificate Term February 6, 2017 &#8211; February 5, 2027 Owner Green Mountain Power Corporation State Vermont Location<span class=\"excerpt-hellip\"> [\u2026]<\/span><\/p>\n","protected":false},"author":3,"featured_media":-1,"parent":0,"menu_order":0,"comment_status":"closed","ping_status":"closed","template":"","meta":{"_coblocks_attr":"","_coblocks_dimensions":"","_coblocks_responsive_height":"","_coblocks_accordion_ie_support":"","om_disable_all_campaigns":false,"_monsterinsights_skip_tracking":false,"_monsterinsights_sitenote_active":false,"_monsterinsights_sitenote_note":"","_monsterinsights_sitenote_category":0,"footnotes":""},"class_list":["post-1542","page","type-page","status-publish","has-post-thumbnail","hentry"],"aioseo_notices":[],"_links":{"self":[{"href":"https:\/\/lowimpacthydro.org\/fr\/wp-json\/wp\/v2\/pages\/1542","targetHints":{"allow":["GET"]}}],"collection":[{"href":"https:\/\/lowimpacthydro.org\/fr\/wp-json\/wp\/v2\/pages"}],"about":[{"href":"https:\/\/lowimpacthydro.org\/fr\/wp-json\/wp\/v2\/types\/page"}],"author":[{"embeddable":true,"href":"https:\/\/lowimpacthydro.org\/fr\/wp-json\/wp\/v2\/users\/3"}],"replies":[{"embeddable":true,"href":"https:\/\/lowimpacthydro.org\/fr\/wp-json\/wp\/v2\/comments?post=1542"}],"version-history":[{"count":12,"href":"https:\/\/lowimpacthydro.org\/fr\/wp-json\/wp\/v2\/pages\/1542\/revisions"}],"predecessor-version":[{"id":10385,"href":"https:\/\/lowimpacthydro.org\/fr\/wp-json\/wp\/v2\/pages\/1542\/revisions\/10385"}],"wp:featuredmedia":[{"embeddable":true,"href":"https:\/\/lowimpacthydro.org\/fr\/wp-json\/"}],"wp:attachment":[{"href":"https:\/\/lowimpacthydro.org\/fr\/wp-json\/wp\/v2\/media?parent=1542"}],"curies":[{"name":"wp","href":"https:\/\/api.w.org\/{rel}","templated":true}]}}