{"id":1513,"date":"2020-07-25T17:14:54","date_gmt":"2020-07-25T21:14:54","guid":{"rendered":"https:\/\/lowimpacthydro.org\/?page_id=1513"},"modified":"2026-03-04T15:00:49","modified_gmt":"2026-03-04T20:00:49","slug":"lihi-certificate-106-greenville-hydroelectric-project-connecticut","status":"publish","type":"page","link":"https:\/\/lowimpacthydro.org\/fr\/lihi-certificate-106-greenville-hydroelectric-project-connecticut\/","title":{"rendered":"Certificat LIHI #106 \u2013 Projet hydro\u00e9lectrique de Greenville, Connecticut"},"content":{"rendered":"<table class=\"alignright\" style=\"width: 351px; border: 2px; cellspacing: 2px; cellpadding: 2px; margin-left: 50px;\">\n<tbody>\n<tr>\n<td style=\"width: 37.8279%;\"><strong>Nom du projet<\/strong><\/td>\n<td style=\"width: 60.1809%;\">Greenville<\/td>\n<\/tr>\n<tr>\n<td style=\"width: 37.8279%;\"><strong>Num\u00e9ro de certificat LIHI<\/strong><\/td>\n<td style=\"width: 60.1809%;\">106<\/td>\n<\/tr>\n<tr>\n<td style=\"width: 37.8279%;\"><strong>Dur\u00e9e du certificat LIHI<br \/>\n<\/strong><\/td>\n<td style=\"width: 60.1809%;\">6 mars 2018 \u2013 5 mars 2028<\/td>\n<\/tr>\n<tr>\n<td style=\"width: 37.8279%;\"><strong>Propri\u00e9taire<\/strong><\/td>\n<td style=\"width: 60.1809%;\">Services publics de Norwich<\/td>\n<\/tr>\n<tr>\n<td style=\"width: 37.8279%;\"><strong>\u00c9tat<\/strong><\/td>\n<td style=\"width: 60.1809%;\">Connecticut<\/td>\n<\/tr>\n<tr>\n<td style=\"width: 37.8279%;\"><strong>Emplacement<\/strong><\/td>\n<td style=\"width: 60.1809%;\">Situ\u00e9 au mile fluvial 1,3 sur la rivi\u00e8re Shetucket dans la ville de Norwich, comt\u00e9 de New London, Connecticut.<\/td>\n<\/tr>\n<tr>\n<td style=\"width: 37.8279%;\"><strong>Capacit\u00e9 install\u00e9e<\/strong><\/td>\n<td style=\"width: 60.1809%;\">Total 2,2 MW<\/p>\n<p>10e rue : 1,4 MW<\/p>\n<p>2e rue : 0,8 MW<\/td>\n<\/tr>\n<tr>\n<td style=\"width: 37.8279%;\"><strong>G\u00e9n\u00e9ration annuelle moyenne<\/strong><\/td>\n<td style=\"width: 60.1809%;\">4 825 MWh<\/td>\n<\/tr>\n<tr>\n<td style=\"width: 37.8279%;\"><strong>Type d&#039;\u00e9tablissement<\/strong><\/td>\n<td style=\"width: 60.1809%;\"><span class='tooltipsall tooltip_post_id_5643 classtoolTips52'>Au fil de l&#039;eau<\/span><\/td>\n<\/tr>\n<tr>\n<td style=\"width: 37.8279%;\"><strong><span class='tooltipsall tooltip_post_id_5565 classtoolTips152'>F\u00e9d\u00e9ration internationale de radio-t\u00e9l\u00e9vision (FERC)<\/span> Non.<\/strong><\/td>\n<td style=\"width: 60.1809%;\">P-2441 d\u00e9livr\u00e9 en 1993, expire le 31\/12\/2043<\/td>\n<\/tr>\n<\/tbody>\n<\/table>\n<p>Le projet Greenville est situ\u00e9 \u00e0 Norwich, CT \u00e0 l&#039; <span class='tooltipsall tooltip_post_id_5581 classtoolTips154'>t\u00eate<\/span> de mar\u00e9e sur la rivi\u00e8re Shetucket, o\u00f9 elle traverse la rivi\u00e8re dans une direction g\u00e9n\u00e9ralement est-ouest. <span class='tooltipsall tooltip_post_id_5545 classtoolTips158'>barrage<\/span> est le barrage le plus en aval de la rivi\u00e8re Shetucket. En amont, \u00e0 environ 5 miles, se trouve le <a href=\"https:\/\/lowimpacthydro.org\/fr\/lihi-certificate-105-occum-project-connecticut\/\">Projet Occum (LIHI #105)<\/a>. Le tron\u00e7on en aval du barrage est soumis \u00e0 l&#039;influence des mar\u00e9es. \u00c0 son embouchure, la rivi\u00e8re Shetucket se joint \u00e0 la rivi\u00e8re Yantic pour former la rivi\u00e8re Thames, \u00e0 24 km en amont de Long Island Sound \u00e0 New London, dans le Connecticut. Le bassin de la rivi\u00e8re Thames est le troisi\u00e8me plus grand bassin fluvial du Connecticut.<\/p>\n<p>Le projet comprend un bassin de retenue, <span class='tooltipsall tooltip_post_id_5543 classtoolTips76'>cr\u00e8che en bois<\/span> barrage, <span class='tooltipsall tooltip_post_id_5566 classtoolTips59'>passage des poissons<\/span> installations, gu\u00e9rite, un <span class='tooltipsall tooltip_post_id_5537 classtoolTips143'>canal<\/span>, canal <span class='tooltipsall tooltip_post_id_5651 classtoolTips116'>d\u00e9versoir<\/span>, la deuxi\u00e8me rue <span class='tooltipsall tooltip_post_id_5624 classtoolTips102'>centrale<\/span> situ\u00e9 \u00e0 l&#039;extr\u00e9mit\u00e9 du canal et une centrale \u00e9lectrique suppl\u00e9mentaire, connue sous le nom de Tenth Street Station, situ\u00e9e \u00e0 environ 800 pieds en aval des ouvrages de t\u00eate du canal.<\/p>\n<p>La gu\u00e9rite, le canal, le d\u00e9versoir du canal et la centrale \u00e9lectrique sont situ\u00e9s le long de la rive ouest. Le pont de la huiti\u00e8me rue enjambe le canal et la rivi\u00e8re \u00e0 peu pr\u00e8s \u00e0 mi-chemin entre le barrage et la centrale \u00e9lectrique de la deuxi\u00e8me rue. Le barrage est construit en ma\u00e7onnerie et en bois, avec une longueur de d\u00e9versoir de 120 m\u00e8tres et une <span class='tooltipsall tooltip_post_id_5569 classtoolTips79'>tableau flash<\/span> hauteur de 1,3 pieds. La gu\u00e9rite est s\u00e9par\u00e9e du barrage par un remblai en terre rev\u00eatu de ma\u00e7onnerie et comporte six poutres en bois <span class='tooltipsall tooltip_post_id_5578 classtoolTips153'>portes<\/span>, chacun mesurant environ 11 pieds de large sur neuf pieds de haut, qui admettent l&#039;eau dans le canal.<\/p>\n<p>Le canal est rev\u00eatu de terre, mesure environ 3 200 pieds de longueur, 70 pieds de largeur et 13 pieds de profondeur. Le canal est parall\u00e8le \u00e0 la rivi\u00e8re. Le d\u00e9versoir du canal est construit en b\u00e9ton, en ma\u00e7onnerie et en bois. Il y a douze sections de d\u00e9versoir en b\u00e9ton, chacune d&#039;environ 7,7 pieds de largeur. L&#039;\u00e9l\u00e9vation de la cr\u00eate du d\u00e9versoir est d&#039;environ 19 pieds (r\u00e9f\u00e9rence USGS), avec deux pieds suppl\u00e9mentaires de <span class='tooltipsall tooltip_post_id_5655 classtoolTips105'>b\u00fbches d&#039;arr\u00eat<\/span> dans chaque section.<\/p>\n<p>La centrale \u00e9lectrique de Second Street est situ\u00e9e \u00e0 l&#039;extr\u00e9mit\u00e9 du canal, \u00e0 environ 3 200 pieds en aval du barrage. La centrale \u00e9lectrique de Second Street contient deux <span class='tooltipsall tooltip_post_id_5576 classtoolTips39'>Turbines Francis<\/span> avec une capacit\u00e9 install\u00e9e totale de 0,8 MW.<\/p>\n<p>La centrale \u00e9lectrique de la Tenth Street est situ\u00e9e \u00e0 800 pieds en aval des ouvrages de t\u00eate du canal et comprend une prise d&#039;eau en b\u00e9ton de 15 pieds de profondeur, 30 pieds de largeur et 80 pieds de longueur. <span class='tooltipsall tooltip_post_id_5574 classtoolTips146'>buse<\/span>. La centrale \u00e9lectrique contient une unit\u00e9 turbine\/g\u00e9n\u00e9rateur Kaplan horizontale d&#039;une capacit\u00e9 install\u00e9e de 1,4 MW et un court canal de fuite se d\u00e9versant dans le tron\u00e7on de d\u00e9rivation.<\/p>\n<p>Le projet op\u00e8re dans un <span class='tooltipsall tooltip_post_id_5643 classtoolTips52'>au fil de l&#039;eau<\/span> Le projet pr\u00e9voit un d\u00e9bit minimum continu de 250 pi3\/s \u00e0 travers les encoches des panneaux de protection du d\u00e9versoir et les installations de passage des poissons \u00e0 partir de d\u00e9bits combin\u00e9s de 100 pi3\/s \u00e0 travers le syst\u00e8me de passage des poissons en amont, 50 pi3\/s \u00e0 travers le syst\u00e8me de passage des poissons en aval et 100 pi3\/s \u00e0 travers les encoches des panneaux de protection \u00e0 travers le barrage. Ce r\u00e9gime d&#039;\u00e9coulement a \u00e9t\u00e9 \u00e9labor\u00e9 en consultation avec le D\u00e9partement de l&#039;\u00e9nergie et de la protection de l&#039;environnement du Connecticut (CTDEEP) et l&#039;USFWS.<\/p>\n<p>Les eaux situ\u00e9es dans la zone du projet sont consid\u00e9r\u00e9es comme impropres aux loisirs en raison d&#039;une contamination bact\u00e9riologique dans la zone en aval. La cause probable de cette d\u00e9gradation est le rejet illicite, le ruissellement des eaux pluviales ou le d\u00e9bordement des \u00e9gouts. Le CTDEEP a confirm\u00e9 que le projet fonctionne de mani\u00e8re \u00e0 ne pas avoir d&#039;impact n\u00e9gatif sur la qualit\u00e9 de l&#039;eau.<\/p>\n<p>Les esp\u00e8ces de poissons qui r\u00e9sident dans la rivi\u00e8re Shetucket comprennent l&#039;alose savoureuse, le hareng de rivi\u00e8re, l&#039;alose \u00e0 g\u00e9sier, l&#039;alose caryer, le bar ray\u00e9, la truite brune anadrome, la lamproie marine, la perche blanche, le dor\u00e9 jaune, l&#039;achigan \u00e0 petite bouche et l&#039;achigan \u00e0 grande bouche, le crapet arlequin, l&#039;\u00e9perlan arc-en-ciel et l&#039;anguille d&#039;Am\u00e9rique. L&#039;installation de passage des poissons en amont comprend un syst\u00e8me d&#039;\u00e9l\u00e9vateur \u00e0 poissons automatis\u00e9 avec un syst\u00e8me d&#039;eau d&#039;attraction associ\u00e9. Le syst\u00e8me d&#039;\u00e9l\u00e9vateur comprend une entr\u00e9e inf\u00e9rieure et une chambre de collecte de 43,5 pieds de long sur 8 pieds de large et un canal de sortie sur\u00e9lev\u00e9 de 58 pieds de long sur 8 pieds de large. Le canal sur\u00e9lev\u00e9 est \u00e9quip\u00e9 d&#039;un \u00e9cran d&#039;eau d&#039;attraction au sol, d&#039;installations de pi\u00e9geage, d&#039;une salle d&#039;observation attenante et d&#039;une porte d&#039;entretien pour l&#039;ass\u00e8chement. Le d\u00e9bit d&#039;attraction est fourni par une s\u00e9rie de tuyaux provenant du bassin d&#039;amont et du canal de sortie. Le syst\u00e8me est op\u00e9rationnel depuis 1996.<\/p>\n<p>Un amont <span class='tooltipsall tooltip_post_id_5556 classtoolTips98'>\u00e9chelle \u00e0 anguilles<\/span> est reli\u00e9e au syst\u00e8me de passage des poissons en amont. L&#039;\u00e9chelle \u00e0 anguilles se compose d&#039;un bac sur\u00e9lev\u00e9 en aluminium de 20 pouces de large avec une surface int\u00e9rieure drainante et une plaque de recouvrement en aluminium. L&#039;eau pour l&#039;\u00e9chelle \u00e0 anguilles est fournie par une pompe \u00e9lectrique submersible situ\u00e9e dans une colonne montante verticale pr\u00e8s du canal de sortie de l&#039;\u00e9chelle \u00e0 poissons. Le syst\u00e8me est op\u00e9rationnel depuis 2003.<\/p>\n<p>L&#039;installation de passage des poissons en aval comprend des supports \u00e0 barres inclin\u00e9s espac\u00e9s de 1 pouce, une chambre d&#039;entr\u00e9e, un tuyau de transport enterr\u00e9 et un r\u00e9servoir immerg\u00e9. <span class='tooltipsall tooltip_post_id_5620 classtoolTips86'>piscine de plong\u00e9e<\/span>Le support \u00e0 barres inclin\u00e9 mesure environ 85 pieds de longueur et 17 pieds de hauteur et est \u00e9quip\u00e9 d&#039;un syst\u00e8me de nettoyage de support automatis\u00e9. La chambre d&#039;entr\u00e9e mesure environ 9,5 pieds de longueur, 4 pieds de largeur et 9,5 pieds de profondeur et est \u00e9quip\u00e9e d&#039;une vanne de contr\u00f4le du d\u00e9bit d&#039;entr\u00e9e \u00e0 ouverture vers le bas. Un tuyau de transport en acier enterr\u00e9 de 36 pouces se connecte \u00e0 l&#039;extr\u00e9mit\u00e9 aval de la chambre d&#039;entr\u00e9e et se d\u00e9verse dans le tron\u00e7on de d\u00e9rivation. Le lit de la rivi\u00e8re directement sous le tuyau de transport a \u00e9t\u00e9 excav\u00e9 pour former un bassin profond dans le tron\u00e7on de d\u00e9rivation de 3 200 pieds de longueur. Le syst\u00e8me est op\u00e9rationnel depuis 1995 et le CTDEEP a conclu que les mesures de passage du projet sont efficaces.<\/p>\n<p>Les terrains du projet s&#039;\u00e9tendent sur environ 5,3 acres. La zone entourant le projet est principalement destin\u00e9e \u00e0 l&#039;utilisation de terrains industriels, commerciaux et r\u00e9sidentiels urbains. Des gramin\u00e9es indig\u00e8nes et des plantes herbac\u00e9es peuvent \u00eatre trouv\u00e9es dans la zone du projet, mais aucune terre de valeur \u00e9cologique significative ne se trouve \u00e0 proximit\u00e9 du projet.<\/p>\n<p>Les esp\u00e8ces menac\u00e9es ou en voie de disparition potentiellement pr\u00e9sentes dans les environs du projet comprennent la chauve-souris nordique, le pygargue \u00e0 t\u00eate blanche et le hareng \u00e0 dos bleu. Aucun habitat essentiel pour les esp\u00e8ces r\u00e9pertori\u00e9es n&#039;existe dans la zone du projet. Les installations de passage des poissons minimisent les impacts du projet sur le hareng \u00e0 dos bleu r\u00e9pertori\u00e9 par l&#039;\u00c9tat et aucun impact du projet n&#039;est pr\u00e9vu pour les pygargues \u00e0 t\u00eate blanche qui pourraient visiter le projet. Le Fish and Wildlife Service des \u00c9tats-Unis et le CTDEEP ont confirm\u00e9 que l&#039;exploitation du projet n&#039;aurait aucun impact sur les esp\u00e8ces prot\u00e9g\u00e9es.<\/p>\n<p>Les ressources culturelles de la zone du projet comprennent le barrage de Greenville, qui est \u00e9ligible \u00e0 l&#039;inscription sur la liste <span class='tooltipsall tooltip_post_id_5606 classtoolTips1'>Registre national des lieux historiques<\/span> dans le cadre du quartier historique industriel de Greenville. Une consultation avec le Bureau de pr\u00e9servation historique de l&#039;\u00c9tat est requise avant toute perturbation planifi\u00e9e du sol. Le projet a mis en \u0153uvre un programme de r\u00e9paration et d&#039;entretien du barrage pour maintenir l&#039;int\u00e9grit\u00e9 structurelle du barrage en utilisant des mat\u00e9riaux similaires aux structures remplac\u00e9es.<\/p>\n<p>Les ressources r\u00e9cr\u00e9atives du projet comprennent un portage pour canots. L&#039;acc\u00e8s public est gratuit.<\/p>\n<hr \/>\n<h3>\u00c9tat de conformit\u00e9<\/h3>\n<p><strong>Il n\u2019y a pas de conditions sp\u00e9cifiques \u00e0 l\u2019\u00e9tablissement dans le certificat actuel.<\/strong><\/p>\n<p><strong>2026:<\/strong> Aucun changement important ni probl\u00e8me de conformit\u00e9 n&#039;ont \u00e9t\u00e9 identifi\u00e9s. Le projet reste conforme sur la base de l&#039;examen annuel.<\/p>\n<p><strong>2025:<\/strong> Aucun changement important ni probl\u00e8me de conformit\u00e9 n&#039;ont \u00e9t\u00e9 identifi\u00e9s. Le projet reste conforme sur la base de l&#039;examen annuel.<\/p>\n<p><strong>2024:<\/strong> Aucun changement important ni probl\u00e8me de conformit\u00e9 n&#039;ont \u00e9t\u00e9 identifi\u00e9s. Le projet reste conforme sur la base de l&#039;examen annuel.<\/p>\n<p><strong>2023:<\/strong> Aucun changement important ni probl\u00e8me de conformit\u00e9 n&#039;ont \u00e9t\u00e9 identifi\u00e9s. Le projet reste conforme sur la base de l&#039;examen annuel.<\/p>\n<p><strong>2022:<\/strong> Aucun changement important ni probl\u00e8me de conformit\u00e9 n&#039;ont \u00e9t\u00e9 identifi\u00e9s. Le projet reste conforme sur la base de l&#039;examen annuel.<\/p>\n<p><strong>2021:<\/strong> Aucun changement ni probl\u00e8me de conformit\u00e9 n&#039;a \u00e9t\u00e9 signal\u00e9. Le projet reste conforme sur la base de l&#039;examen annuel.<\/p>\n<p><strong>2020:<\/strong> Aucun changement ni probl\u00e8me de conformit\u00e9 n&#039;a \u00e9t\u00e9 signal\u00e9. Le projet reste conforme sur la base de l&#039;examen annuel.<\/p>\n<p><strong>2019:<\/strong> Le projet a fait \u00e9tat du remplacement des grilles transversales du canal pour am\u00e9liorer le d\u00e9bit. Le projet reste conforme sur la base de l&#039;examen annuel.<\/p>\n<p><strong>2018:<\/strong> Le rapport annuel pour le certificat actuel n\u2019est pas encore entr\u00e9 en vigueur.<\/p>\n<hr \/>\n<h3>Historique des certifications<\/h3>\n<p><strong>1er janvier 2022 :<\/strong> La dur\u00e9e du certificat LIHI a \u00e9t\u00e9 prolong\u00e9e conform\u00e9ment \u00e0 la r\u00e9vision 2.05 du manuel de certification LIHI 2e \u00e9dition publi\u00e9 le 1er janvier 2022. Reportez-vous au tableau des \u00e9tablissements ci-dessus pour conna\u00eetre la nouvelle dur\u00e9e.<\/p>\n<p><strong>13 juillet 2018 :<\/strong>\u00a0Le d\u00e9lai d&#039;appel de 30 jours pour la d\u00e9cision de certification pr\u00e9liminaire du projet hydro\u00e9lectrique de Greenville a pris fin le 12 juillet 2018, aucun appel n&#039;ayant \u00e9t\u00e9 re\u00e7u. La d\u00e9cision est donc d\u00e9finitive et le projet hydro\u00e9lectrique de Greenville est recertifi\u00e9 pour une p\u00e9riode allant du 6 mars 2018 au 5 mars 2023.<\/p>\n<p><strong>12 juin 2018 :<\/strong>\u00a0 Le 11 juin 2018, le projet Greenville a re\u00e7u l\u2019approbation pr\u00e9liminaire pour une nouvelle p\u00e9riode de 5 ans de certification \u00e0 faible impact.<\/p>\n<p>Cette d\u00e9cision est pr\u00e9liminaire en attendant la p\u00e9riode d&#039;appel de 30 jours. Seuls ceux qui ont fait des commentaires pendant la p\u00e9riode de commentaires de 60 jours de la demande initiale sont \u00e9ligibles pour d\u00e9poser un appel. Un tel appel doit inclure une explication sur la raison pour laquelle les projets ne r\u00e9pondent pas aux crit\u00e8res du LIHI. Les demandes d&#039;appel peuvent \u00eatre soumises par courrier \u00e9lectronique \u00e0 <a href=\"mailto:comments@lowimpacthydro.org\">comments@lowimpacthydro.org<\/a> avec \u00ab Projet hydro\u00e9lectrique de Greenville \u00bb dans l&#039;objet du message, ou par courrier adress\u00e9 au Low Impact Hydropower Institute, 329 Massachusetts Ave, Suite 2, Lexington, MA 02420. Toutes les demandes seront publi\u00e9es sur le site Web et le demandeur aura la possibilit\u00e9 de r\u00e9pondre et toute r\u00e9ponse sera \u00e9galement publi\u00e9e. <strong>Les demandes doivent \u00eatre re\u00e7ues avant 17 heures, heure de l\u2019Est, le 12 juillet 2018.\u00a0 <\/strong>Le dossier complet et le rapport des examinateurs sont disponibles au bas de cette page. Si aucune demande d&#039;appel n&#039;est re\u00e7ue et que la d\u00e9cision devient d\u00e9finitive, la nouvelle p\u00e9riode d&#039;application du projet Greenville s&#039;\u00e9tendra du 6 mars 2018 au 5 mars 2023.<\/p>\n<p><strong>11 juin 2018 :<\/strong>\u00a0 La p\u00e9riode de certification du projet Greenville a \u00e9t\u00e9 prolong\u00e9e jusqu&#039;au 15 juillet 2018.<\/p>\n<p><strong>28 f\u00e9vrier 2018 : <\/strong>Le Low Impact Hydropower Institute a re\u00e7u une demande compl\u00e8te pour une nouvelle p\u00e9riode de certification \u00e0 faible impact pour le projet hydro\u00e9lectrique de Greenville. Le projet est situ\u00e9 \u00e0 Norwich, dans le Connecticut, sur la rivi\u00e8re Shetucket, \u00e0 environ 1,3 miles fluviaux au-dessus de la confluence avec la rivi\u00e8re Thames et \u00e0 environ 1,5 miles fluviaux en dessous de sa confluence avec la rivi\u00e8re Quinebaug. Le LIHI sollicite les commentaires du public sur cette demande. Plus pr\u00e9cis\u00e9ment, nous souhaitons savoir si vous pensez que le projet r\u00e9pond aux crit\u00e8res de certification \u00e0 faible impact du LIHI, tels que r\u00e9vis\u00e9s dans le manuel de 2e \u00e9dition. Veuillez consulter le programme et les crit\u00e8res dans le manuel r\u00e9vis\u00e9 du LIHI\u00a0<a href=\"https:\/\/lowimpacthydro.org\/wp-content\/uploads\/2020\/07\/2nd-Edition-Handbook-Rev.-2.04-2020-04-01.pdf\">Manuel<\/a> et consultez ensuite les documents de candidature du projet 2018 publi\u00e9s ci-dessous. Les commentaires directement li\u00e9s \u00e0 des crit\u00e8res sp\u00e9cifiques du LIHI (d\u00e9bits, qualit\u00e9 de l&#039;eau, passage des poissons, etc.) seront les plus utiles, mais tous les commentaires seront pris en compte. Les commentaires peuvent \u00eatre soumis \u00e0 l&#039;Institut par courrier \u00e9lectronique \u00e0 l&#039;adresse\u00a0<a href=\"mailto:comments@lowimpacthydro.org\">comments@lowimpacthydro.org<\/a>\u00a0avec \u00ab Commentaires sur Greenville \u00bb dans l&#039;objet du message, ou par courrier adress\u00e9 au Low Impact Hydropower Institute, 329 Massachusetts Avenue, Suite 2, Lexington, MA 02420.\u00a0 <strong>Les commentaires doivent \u00eatre re\u00e7us \u00e0 l&#039;Institut au plus tard \u00e0 17 heures, heure de l&#039;Est, le 29 avril 2018.<\/strong>\u00a0\u00e0 prendre en consid\u00e9ration. Tous les commentaires seront publi\u00e9s sur le site Web et le candidat aura la possibilit\u00e9 d&#039;y r\u00e9pondre. Toute r\u00e9ponse sera \u00e9galement publi\u00e9e.<\/p>\n<p><strong>27 f\u00e9vrier 2018 :<\/strong>\u00a0 La p\u00e9riode de certification du projet Greenville a \u00e9t\u00e9 prolong\u00e9e jusqu&#039;au 31 mai 2018.<\/p>\n<p><strong>28 mai 2013 :<\/strong> Le projet hydro\u00e9lectrique de Greenville a \u00e9t\u00e9 certifi\u00e9 \u00e0 faible impact pour une dur\u00e9e de cinq ans, \u00e0 compter du 6 mars 2013 et expirant le 6 mars 2018.<\/p>\n<p><strong>6 mai 2013 :<\/strong> La p\u00e9riode de commentaires publics sur la demande est termin\u00e9e.<\/p>\n<p><strong>6 mars 2013 :<\/strong> Norwich Public Utilities a soumis une demande de certification pour son projet hydro\u00e9lectrique de Greenville ; la demande a \u00e9t\u00e9 publi\u00e9e et la p\u00e9riode de commentaires publics est ouverte.<\/p>\n<hr \/>\n<h3>Dossiers de certification<\/h3>\n<h4>Recertification 2018<\/h4>\n<ul style=\"color: black;\">\n<li><a href=\"https:\/\/lowimpacthydro.org\/wp-content\/uploads\/2020\/07\/P2441-Greenville-LIHI-Recertifiation-Application_Rev-1_LIHI-File_030718-complete.pdf\">Demande de recertification \u00e0 Greenville 2018<\/a><\/li>\n<li><a href=\"https:\/\/lowimpacthydro.org\/wp-content\/uploads\/2020\/07\/Greenville-Recertification-Report_2018_06_07.pdf\">Rapport de r\u00e9vision de la recertification de Greenville 2018<\/a><\/li>\n<\/ul>\n<h4>Certification 2013<\/h4>\n<ul style=\"color: black;\">\n<li><a href=\"https:\/\/lowimpacthydro.org\/wp-content\/uploads\/2020\/08\/P-2441-Greenville-LIHI-Application_Questionnaire_122112.docx\">Questionnaire de certification de Greenville 2012<\/a><\/li>\n<li><a href=\"https:\/\/lowimpacthydro.org\/wp-content\/uploads\/2020\/08\/GreenvilleCertificationFinalReport23May2013.pdf\">Rapport d&#039;examen de certification de Greenville 2013<\/a><\/li>\n<li><a href=\"https:\/\/lowimpacthydro.org\/wp-content\/uploads\/2020\/08\/Greenville-LIHI-Application_Attachment-B-water-quality.pdf\">Annexe \u00e0 la demande \u2013 Qualit\u00e9 de l\u2019eau<\/a><\/li>\n<li><a href=\"https:\/\/lowimpacthydro.org\/wp-content\/uploads\/2020\/08\/Greenville-LIHI-Application_Attachments-C-FISH-PASSAGE.pdf\"> Pi\u00e8ce jointe \u00e0 la demande \u2013 <span class='tooltipsall tooltip_post_id_5566 classtoolTips59'>Passage des poissons<\/span><\/a><\/li>\n<li><a href=\"https:\/\/lowimpacthydro.org\/wp-content\/uploads\/2020\/08\/Greenville-LIHI-Application_Attachments-D-Shoreline-Protection.pdf\">Annexe \u00e0 la demande \u2013 Protection du littoral<\/a><\/li>\n<li><a href=\"https:\/\/lowimpacthydro.org\/wp-content\/uploads\/2020\/08\/Greenville-LIHI-Application_Attachments-E-TE-species.pdf\">Pi\u00e8ce jointe \u00e0 la demande \u2013 Esp\u00e8ces menac\u00e9es et en voie de disparition<\/a><\/li>\n<li><a href=\"https:\/\/lowimpacthydro.org\/wp-content\/uploads\/2020\/08\/Greenville-LIHI-Application_Attachments-F-CRMP.pdf\">Pi\u00e8ce jointe \u00e0 la demande - Plan de gestion des ressources culturelles<\/a><\/li>\n<li><a href=\"https:\/\/lowimpacthydro.org\/wp-content\/uploads\/2020\/08\/Greenville-LIHI-Application_Attachments-G-RECREATION.pdf\">Pi\u00e8ce jointe \u00e0 la demande \u2013 Loisirs<\/a><\/li>\n<li><a href=\"https:\/\/lowimpacthydro.org\/wp-content\/uploads\/2020\/08\/Grnville-Att3-Basin-map.pdf\">Pi\u00e8ce jointe \u00e0 la demande \u2013 Carte du bassin<\/a><\/li>\n<li><a href=\"https:\/\/lowimpacthydro.org\/wp-content\/uploads\/2020\/08\/Greeneville-Attachment-12.pdf\">Annexe 12 \u00e0 la demande<\/a><\/li>\n<\/ul>\n<hr \/>\n<h3>Documents cl\u00e9s<\/h3>\n<ul>\n<li><a href=\"https:\/\/lowimpacthydro.org\/wp-content\/uploads\/2023\/06\/1994-FERC-amendment-Greenville.pdf\">Amendement de la FERC de 1994 sur le passage des poissons<\/a><\/li>\n<li><a href=\"https:\/\/lowimpacthydro.org\/wp-content\/uploads\/2023\/06\/Greenville-1993-FERC-License-and-EA.pdf\">Licence FERC et \u00e9valuation environnementale de 1993<\/a><\/li>\n<li><a href=\"https:\/\/lowimpacthydro.org\/wp-content\/uploads\/2023\/06\/1992-WQC-Greenville.pdf\">Certification de la qualit\u00e9 de l&#039;eau 1992<\/a><\/li>\n<\/ul>","protected":false},"excerpt":{"rendered":"<p>Project Name Greenville LIHI Certificate No. 106 LIHI Certificate Term March 6, 2018 &#8211; March 5, 2028 Owner Norwich Public Utilities State Connecticut Location Located at<span class=\"excerpt-hellip\"> [\u2026]<\/span><\/p>\n","protected":false},"author":3,"featured_media":-1,"parent":0,"menu_order":0,"comment_status":"closed","ping_status":"closed","template":"","meta":{"_coblocks_attr":"","_coblocks_dimensions":"","_coblocks_responsive_height":"","_coblocks_accordion_ie_support":"","om_disable_all_campaigns":false,"_monsterinsights_skip_tracking":false,"_monsterinsights_sitenote_active":false,"_monsterinsights_sitenote_note":"","_monsterinsights_sitenote_category":0,"footnotes":""},"class_list":["post-1513","page","type-page","status-publish","has-post-thumbnail","hentry"],"_links":{"self":[{"href":"https:\/\/lowimpacthydro.org\/fr\/wp-json\/wp\/v2\/pages\/1513","targetHints":{"allow":["GET"]}}],"collection":[{"href":"https:\/\/lowimpacthydro.org\/fr\/wp-json\/wp\/v2\/pages"}],"about":[{"href":"https:\/\/lowimpacthydro.org\/fr\/wp-json\/wp\/v2\/types\/page"}],"author":[{"embeddable":true,"href":"https:\/\/lowimpacthydro.org\/fr\/wp-json\/wp\/v2\/users\/3"}],"replies":[{"embeddable":true,"href":"https:\/\/lowimpacthydro.org\/fr\/wp-json\/wp\/v2\/comments?post=1513"}],"version-history":[{"count":13,"href":"https:\/\/lowimpacthydro.org\/fr\/wp-json\/wp\/v2\/pages\/1513\/revisions"}],"predecessor-version":[{"id":10399,"href":"https:\/\/lowimpacthydro.org\/fr\/wp-json\/wp\/v2\/pages\/1513\/revisions\/10399"}],"wp:featuredmedia":[{"embeddable":true,"href":"https:\/\/lowimpacthydro.org\/fr\/wp-json\/"}],"wp:attachment":[{"href":"https:\/\/lowimpacthydro.org\/fr\/wp-json\/wp\/v2\/media?parent=1513"}],"curies":[{"name":"wp","href":"https:\/\/api.w.org\/{rel}","templated":true}]}}