{"id":1214,"date":"2020-07-21T19:15:38","date_gmt":"2020-07-21T23:15:38","guid":{"rendered":"https:\/\/lowimpacthydro.org\/?page_id=1214"},"modified":"2025-07-11T15:37:26","modified_gmt":"2025-07-11T19:37:26","slug":"lihi-certificate-15-bowersock-mills-project-kansas","status":"publish","type":"page","link":"https:\/\/lowimpacthydro.org\/fr\/lihi-certificate-15-bowersock-mills-project-kansas\/","title":{"rendered":"Certificat LIHI #15 \u2013 Projet Bowersock Mills, Kansas"},"content":{"rendered":"<table class=\"alignright\" style=\"width: 351px; border: 2px; cellspacing: 2px; cellpadding: 2px; margin-left: 50px;\">\n<tbody>\n<tr>\n<td width=\"238\"><strong>Nom du projet<\/strong><\/td>\n<td width=\"234\">Moulins Bowersock<\/td>\n<\/tr>\n<tr>\n<td width=\"238\"><strong>Num\u00e9ro de certificat LIHI<\/strong><\/td>\n<td width=\"234\">15<\/td>\n<\/tr>\n<tr>\n<td width=\"238\"><strong>Dur\u00e9e du certificat LIHI<\/strong><\/td>\n<td width=\"234\">9 juillet 2019 \u2013 8 juillet 2029<\/td>\n<\/tr>\n<tr>\n<td width=\"238\"><strong>Propri\u00e9taire<\/strong><\/td>\n<td width=\"234\">Bowersock Mills and Power Company<\/td>\n<\/tr>\n<tr>\n<td width=\"238\"><strong>\u00c9tat<\/strong><\/td>\n<td width=\"234\">Kansas<\/td>\n<\/tr>\n<tr>\n<td width=\"238\"><strong>Emplacement<\/strong><\/td>\n<td width=\"234\">Situ\u00e9 au mile 52,4 sur la rivi\u00e8re Kansas dans la ville de Lawrence, comt\u00e9 de Douglas, Kansas.<\/td>\n<\/tr>\n<tr>\n<td width=\"238\"><strong>Capacit\u00e9 install\u00e9e<\/strong><\/td>\n<td width=\"234\">7 MW au total \u2013 Nord <span class='tooltipsall tooltip_post_id_5624 classtoolTips102'>Centrale<\/span> 4,65 MW, centrale \u00e9lectrique sud 2,35 MW<\/td>\n<\/tr>\n<tr>\n<td width=\"238\"><strong>G\u00e9n\u00e9ration annuelle moyenne<\/strong><\/td>\n<td width=\"234\">22 277 MWh<\/td>\n<\/tr>\n<tr>\n<td width=\"238\"><strong>Type d&#039;\u00e9tablissement<\/strong><\/td>\n<td width=\"234\"><span class='tooltipsall tooltip_post_id_5643 classtoolTips52'>Au fil de l&#039;eau<\/span><\/td>\n<\/tr>\n<tr>\n<td width=\"238\"><strong><span class='tooltipsall tooltip_post_id_5565 classtoolTips152'>F\u00e9d\u00e9ration internationale de radio-t\u00e9l\u00e9vision (FERC)<\/span> Non.<\/strong><\/td>\n<td width=\"234\">P-13526 d\u00e9livr\u00e9 en 2010, expire le 31\/07\/2060<\/td>\n<\/tr>\n<\/tbody>\n<\/table>\n<p>Le projet Bowersock Mills est situ\u00e9 sur la rivi\u00e8re Kansas \u00e0 Lawrence, au Kansas. Il s&#039;agit du seul projet hydro\u00e9lectrique agr\u00e9\u00e9 par la FERC au Kansas. La Bowersock Mills &amp; Power Company (BMPC) a \u00e9t\u00e9 fond\u00e9e en 1874 comme une usine de broyage sur la rivi\u00e8re Kansas. \u00c0 cette \u00e9poque, Lawrence \u00e9tait confront\u00e9e \u00e0 une crise \u00e9nerg\u00e9tique\u00a0: tout le bois disponible pour une journ\u00e9e de transport par wagon avait \u00e9t\u00e9 r\u00e9colt\u00e9, ce qui faisait grimper consid\u00e9rablement le co\u00fbt de l&#039;\u00e9nergie. Orlando Darling exploitait un moulin \u00e0 farine sur la rive nord de la rivi\u00e8re Kansas et, en collaboration avec la ville de Lawrence, a accept\u00e9 de construire un <span class='tooltipsall tooltip_post_id_5545 classtoolTips158'>barrage<\/span> De l&#039;autre c\u00f4t\u00e9 de la rivi\u00e8re Kansas. Darling fit faillite dans ses efforts pour maintenir le barrage, tout comme l&#039;entreprise qui tenta ensuite de l&#039;achever. \u00c0 cette \u00e9poque, les minoteries du comt\u00e9 de Douglas \u00e9taient \u00e9tablies sur la rive sud de la rivi\u00e8re et exploitaient le barrage encore debout. <span class='tooltipsall tooltip_post_id_5574 classtoolTips146'>buse<\/span> et la partie ma\u00e7onn\u00e9e la plus au sud du barrage. J.D. Bowersock, l&#039;exploitant des minoteries du comt\u00e9 de Douglas, reprit le projet et acheva le barrage avec succ\u00e8s. Bowersock continua de moudre la farine \u00e0 cet endroit et de fournir de l&#039;\u00e9nergie m\u00e9canique \u00e0 la ville de Lawrence. L&#039;exploitation du moulin et la production d&#039;\u00e9nergie m\u00e9canique se poursuivirent jusqu&#039;\u00e0 ce que l&#039;inondation de 1903 d\u00e9truise le b\u00e2timent du moulin \u00e0 farine et les installations m\u00e9caniques associ\u00e9es.<\/p>\n<p>Bowersock a construit un nouveau <span class='tooltipsall tooltip_post_id_5624 classtoolTips102'>centrale<\/span> (Centrale \u00e9lectrique du Sud) entre 1903 et 1905. La centrale \u00e9lectrique du Sud fut l&#039;un des premiers projets de production d&#039;\u00e9nergie hydro\u00e9lectrique aux \u00c9tats-Unis et produit encore de l&#039;\u00e9lectricit\u00e9 aujourd&#039;hui. La centrale \u00e9lectrique du Nord a \u00e9t\u00e9 construite en 2012.<\/p>\n<p>Le barrage de Bowersock mesure 200 m\u00e8tres de long, du c\u00f4t\u00e9 nord du canal sud de la centrale \u00e0 la centrale nord, et sa hauteur est d&#039;environ 5,2 m\u00e8tres. Le tiers sud du barrage est constitu\u00e9 de blocs de ma\u00e7onnerie. Le corps du barrage mesure environ 2,4 m\u00e8tres de large, et sa face aval est situ\u00e9e dans la partie nord-est du barrage. <span class='tooltipsall tooltip_post_id_5543 classtoolTips76'>cr\u00e8che en bois<\/span> La partie sud de l&#039;Obermeyer est constitu\u00e9e d&#039;une structure en escalier, termin\u00e9e par un rideau de palplanches vertical \u00e0 diff\u00e9rentes distances du barrage. Le bassin de retenue, ou \u00ab\u00a0\u00e9tang du moulin\u00a0\u00bb, est maintenu \u00e0 un niveau constant gr\u00e2ce \u00e0 cinq vannes d&#039;amont distinctes. La section sud de l&#039;Obermeyer comprend quinze vannes Obermeyer individuelles de 3 m\u00e8tres. <span class='tooltipsall tooltip_post_id_5569 classtoolTips79'>tableaux d&#039;affichage<\/span> Il est situ\u00e9 \u00e0 l&#039;extr\u00e9mit\u00e9 sud du barrage. Son centre est surmont\u00e9 de quatre vessies en caoutchouc distinctes, fonctionnant chacune ind\u00e9pendamment les unes des autres. Le cinqui\u00e8me ouvrage de contr\u00f4le est l&#039;Obermeyer Nord. <span class='tooltipsall tooltip_post_id_5578 classtoolTips153'>Grille<\/span>, une vanne de 6 m\u00e8tres de haut situ\u00e9e \u00e0 l&#039;extr\u00e9mit\u00e9 nord du barrage. La centrale sud abrite sept groupes turbines-alternateurs et la centrale nord quatre groupes turbines-alternateurs, pour une puissance install\u00e9e totale de 7 MW.<\/p>\n<p>Le projet op\u00e8re dans <span class='tooltipsall tooltip_post_id_5643 classtoolTips52'>au fil de l&#039;eau<\/span> mode et met en eau un r\u00e9servoir de 423 acres. Des vessies en caoutchouc automatis\u00e9es sont install\u00e9es au sommet du barrage, ainsi que l&#039;Obermeyer. <span class='tooltipsall tooltip_post_id_5578 classtoolTips153'>portes<\/span> Le syst\u00e8me fonctionne de mani\u00e8re \u00e0 maintenir les fluctuations de retenue \u00e0 moins de 15 cm. Les d\u00e9bits sont \u00e9galement surveill\u00e9s par un syst\u00e8me de contr\u00f4le et d&#039;acquisition de donn\u00e9es qui indique si le bassin conna\u00eet des augmentations ou des diminutions significatives de son d\u00e9bit. Le r\u00e9gime d&#039;\u00e9coulement a \u00e9t\u00e9 \u00e9labor\u00e9 en collaboration avec le D\u00e9partement de la Sant\u00e9 et de l&#039;Environnement du Kansas (KDHE), l&#039;USACE et l&#039;USFWS.<\/p>\n<p>Les eaux situ\u00e9es dans le p\u00e9rim\u00e8tre du projet sont consid\u00e9r\u00e9es comme d\u00e9grad\u00e9es en raison de fortes concentrations de mati\u00e8res en suspension totales, de phosphore total et d&#039;E. coli. Apr\u00e8s consultation du KDHE, l&#039;agence a conclu qu&#039;en raison de la nature du projet et de sa pr\u00e9sence de longue date sur la rivi\u00e8re, celui-ci n&#039;introduit pas de polluants susceptibles de provoquer ou de contribuer \u00e0 ces d\u00e9gradations.<\/p>\n<p>La rivi\u00e8re Kansas, en amont du projet, abrite une communaut\u00e9 de poissons diversifi\u00e9e, notamment d&#039;anciennes esp\u00e8ces non t\u00e9l\u00e9ost\u00e9ens (lamproies, esturgeons, spatulaires et l\u00e9pisost\u00e9s), des harengs, des cyprinid\u00e9s, des meuniers, des poissons-chats, des crapets-soleil, des dor\u00e9s jaunes et des tambours. L&#039;anguille d&#039;Am\u00e9rique est la seule esp\u00e8ce migratrice pr\u00e9sente \u00e0 proximit\u00e9 du projet. Cependant, les organismes de gestion des ressources, dont l&#039;USFWS et le D\u00e9partement de la faune, des parcs et du tourisme du Kansas, n&#039;ont pas prescrit de mesures de passage, car le barrage constitue une barri\u00e8re \u00e0 la propagation en amont de la carpe asiatique, une esp\u00e8ce envahissante. Les tron\u00e7ons aval de la rivi\u00e8re abritent des barbues de rivi\u00e8re, des tambours d&#039;eau douce, des carpes communes, des achigans \u00e0 grande bouche et des crapets blancs.<\/p>\n<p>Le projet couvre une superficie de 664 acres. Le projet n&#039;a que peu de contr\u00f4le sur les terrains environnants, qui sont de plus en plus am\u00e9nag\u00e9s en espaces verts urbains. <span class='tooltipsall tooltip_post_id_5635 classtoolTips115'>riverain<\/span> terres et champs cultiv\u00e9s. Aucune terre de valeur \u00e9cologique significative n&#039;existe dans la zone du projet.<\/p>\n<p>Les esp\u00e8ces menac\u00e9es ou en voie de disparition potentiellement pr\u00e9sentes dans les environs du projet comprennent l&#039;ascl\u00e9piade de Mead, la platanth\u00e8re blanch\u00e2tre de l&#039;Ouest, l&#039;esturgeon p\u00e2le, le m\u00e9n\u00e9 d&#039;esturgeon, le m\u00e9n\u00e9 de banc, le m\u00e9n\u00e9 des plaines, le m\u00e9n\u00e9 \u00e0 t\u00eate plate, le m\u00e9n\u00e9 \u00e0 grandes \u00e9cailles, le m\u00e9n\u00e9 \u00e0 nageoires faucilles, le m\u00e9n\u00e9 d&#039;argent de l&#039;Ouest, le pluvier neigeux, la chauve-souris nordique \u00e0 longues oreilles et la mouffette tachet\u00e9e de l&#039;Est. Plusieurs esp\u00e8ces d&#039;oiseaux prot\u00e9g\u00e9es par la Loi du trait\u00e9 concernant les oiseaux migrateurs et la Loi sur la protection des pygargues \u00e0 t\u00eate blanche et des pygargues royaux peuvent \u00eatre observ\u00e9es dans la zone du projet, notamment le butor d&#039;Am\u00e9rique, le pluvier dor\u00e9, le pygargue \u00e0 t\u00eate blanche, le r\u00e2le noir, le coucou \u00e0 bec noir, le goglu des pr\u00e9s, le b\u00e9casseau rouss\u00e2tre, le b\u00e9casseau variable, l&#039;engoulevent bois-pourri, le bruant de Henslow, la barge hundsonienne, la paruline du Kentucky, le r\u00e2le \u00e9l\u00e9gant, le petit blongios, le petit chevalier, la paruline orang\u00e9e, le pic \u00e0 t\u00eate rouge, le quiscale rouilleux, le b\u00e9casseau semipalm\u00e9, le b\u00e9casseau \u00e0 bec court et la grive des bois. Des esturgeons p\u00e2les ont \u00e9t\u00e9 observ\u00e9s dans le tron\u00e7on aval du projet il y a plusieurs d\u00e9cennies, mais les organismes de gestion des ressources ont d\u00e9cid\u00e9 de ne pas prescrire de passage sur le site en raison de la pr\u00e9sence de carpes asiatiques. L&#039;USFWS a \u00e9galement conclu que les activit\u00e9s du projet n&#039;ont pas d&#039;impact n\u00e9gatif sur les esturgeons. Le Kansas dispose d&#039;un seul plan de r\u00e9tablissement pour le m\u00e9n\u00e9 \u00e0 nageoires faucilles, le m\u00e9n\u00e9 \u00e0 esturgeon et le m\u00e9n\u00e9 d&#039;argent de l&#039;Ouest. Ces activit\u00e9s de gestion visent principalement \u00e0 r\u00e9duire les impacts sur les habitats critiques, pris en compte par le projet dans ses op\u00e9rations au fil de l&#039;eau. Le projet pr\u00e9voit une zone tampon de 60 m\u00e8tres autour de la rivi\u00e8re et des terrains de la centrale, ce qui att\u00e9nue tout impact sur les esp\u00e8ces terrestres.<\/p>\n<p>Aucune ressource culturelle ou historique n&#039;est actuellement d\u00e9couverte dans la zone du projet. La Soci\u00e9t\u00e9 historique du Kansas a constat\u00e9 que la construction et l&#039;exploitation du projet n&#039;ont aucun impact sur les ressources culturelles ou historiques.<\/p>\n<p>Les ressources r\u00e9cr\u00e9atives du projet comprennent un sentier p\u00e9destre et un sentier de portage pour canots, un ponton de p\u00eache et un kiosque d&#039;information. L&#039;acc\u00e8s public est gratuit.<\/p>\n<hr \/>\n<h3>\u00c9tat de conformit\u00e9<\/h3>\n<p><strong>Il n&#039;existe aucune condition sp\u00e9cifique \u00e0 l&#039;\u00e9tablissement dans le certificat actuel<\/strong><\/p>\n<p><strong>2025:<\/strong> Aucun changement important ni probl\u00e8me de conformit\u00e9 n&#039;a \u00e9t\u00e9 identifi\u00e9. Le projet demeure conforme suite \u00e0 l&#039;examen annuel.<\/p>\n<p><strong>2024:<\/strong> Aucun changement important ni probl\u00e8me de conformit\u00e9 n&#039;a \u00e9t\u00e9 identifi\u00e9. Le projet demeure conforme suite \u00e0 l&#039;examen annuel.<\/p>\n<p><strong>2023:<\/strong> Aucun changement important ni probl\u00e8me de conformit\u00e9 n&#039;a \u00e9t\u00e9 identifi\u00e9. Le projet demeure conforme suite \u00e0 l&#039;examen annuel.<\/p>\n<p><strong>2022:<\/strong> Aucun changement important n&#039;a \u00e9t\u00e9 identifi\u00e9. Le projet a signal\u00e9 <span class='tooltipsall tooltip_post_id_5590 classtoolTips101'>barrage en caoutchouc<\/span> Une d\u00e9faillance en 2021 a entra\u00een\u00e9 une baisse soudaine du niveau du r\u00e9servoir. Une baisse ult\u00e9rieure pour effectuer des r\u00e9parations a entra\u00een\u00e9 une d\u00e9viation du niveau du r\u00e9servoir. Ces d\u00e9viations ont \u00e9t\u00e9 d\u00fbment signal\u00e9es \u00e0 la FERC et aux organismes de gestion des ressources, des mesures appropri\u00e9es ont \u00e9t\u00e9 prises et aucun impact environnemental n&#039;a \u00e9t\u00e9 constat\u00e9. Par cons\u00e9quent, le LIHI ne consid\u00e8re pas qu&#039;il s&#039;agisse d&#039;un probl\u00e8me de conformit\u00e9 majeur.<\/p>\n<p><strong>2021:<\/strong> Aucun changement ni probl\u00e8me de conformit\u00e9 n&#039;a \u00e9t\u00e9 signal\u00e9. Le projet reste conforme sur la base de l&#039;examen annuel.<\/p>\n<p><strong>2020:<\/strong> Le rapport annuel pour le certificat actuel n\u2019est pas encore entr\u00e9 en vigueur.<\/p>\n<hr \/>\n<h3>Historique des certifications<\/h3>\n<p><strong>1er janvier 2022 :<\/strong> La dur\u00e9e du certificat LIHI a \u00e9t\u00e9 prolong\u00e9e conform\u00e9ment \u00e0 la r\u00e9vision 2.05 du manuel de certification LIHI 2e \u00e9dition publi\u00e9 le 1er janvier 2022. Reportez-vous au tableau des \u00e9tablissements ci-dessus pour conna\u00eetre la nouvelle dur\u00e9e.<\/p>\n<p><strong>3 ao\u00fbt 2020 : <\/strong> La d\u00e9cision de recertifier le projet Bowersock Mills est devenue d\u00e9finitive apr\u00e8s la cl\u00f4ture de la p\u00e9riode d&#039;appel, le 1er ao\u00fbt 2020, sans qu&#039;aucun appel n&#039;ait \u00e9t\u00e9 d\u00e9pos\u00e9. La p\u00e9riode de certification s&#039;\u00e9tend du 9 juillet 2019 au 8 juillet 2024.<\/p>\n<p><strong>2 juillet 2020 :\u00a0<\/strong> Le Low Impact Hydropower Institute (LIHI) a approuv\u00e9 provisoirement le projet Bowersock Mills pour une nouvelle p\u00e9riode de cinq ans de certification \u00e0 faible impact. Cette d\u00e9cision est provisoire, dans l&#039;attente d&#039;un d\u00e9lai d&#039;appel de 30 jours. Seuls les participants ayant comment\u00e9 la demande initiale pendant ce d\u00e9lai de 60 jours sont autoris\u00e9s \u00e0 d\u00e9poser un recours. Ce recours doit inclure une explication expliquant en quoi le projet ne r\u00e9pond pas aux crit\u00e8res du LIHI. Les demandes de recours peuvent \u00eatre soumises par courriel \u00e0 l&#039;adresse suivante\u00a0: <a href=\"mailto:comments@lowimpacthydro.org\">comments@lowimpacthydro.org<\/a> avec \u00ab\u00a0Projet Bowersock Mills\u00a0\u00bb en objet, ou par courrier adress\u00e9 au Low Impact Hydropower Institute, 329 Massachusetts Ave, Suite 6, Lexington, MA 02420. Toutes les demandes seront publi\u00e9es sur le site web. Le demandeur aura la possibilit\u00e9 de r\u00e9pondre, et toute r\u00e9ponse sera \u00e9galement publi\u00e9e. <strong>Les demandes doivent \u00eatre re\u00e7ues avant 17 h, heure de l&#039;Est, le 1er ao\u00fbt 2020.<\/strong>Le dossier complet et le rapport d&#039;\u00e9valuation sont disponibles ci-dessous. Si aucune demande d&#039;appel n&#039;est re\u00e7ue et que la d\u00e9cision devient d\u00e9finitive, la p\u00e9riode de certification du projet s&#039;\u00e9tendra du 9 juillet 2019 au 8 juillet 2024.<\/p>\n<p><strong>27 avril 2020 :<\/strong> Le Low Impact Hydropower Institute a re\u00e7u une demande compl\u00e8te de recertification \u00ab\u00a0faible impact\u00a0\u00bb pour le projet hydro\u00e9lectrique de Bowersock Mills. La demande compl\u00e8te est disponible ci-dessous. Le LIHI sollicite les commentaires du public sur cette demande. Les commentaires directement li\u00e9s \u00e0 ses crit\u00e8res sp\u00e9cifiques (d\u00e9bits, qualit\u00e9 de l&#039;eau, etc.) <span class='tooltipsall tooltip_post_id_5566 classtoolTips59'>passage des poissons<\/span>, etc.) seront tr\u00e8s utiles, mais tous les commentaires seront pris en compte. Les commentaires peuvent \u00eatre soumis \u00e0 l&#039;Institut par courrier \u00e9lectronique \u00e0 l&#039;adresse\u00a0<a href=\"mailto:comments@lowimpacthydro.org\">comments@lowimpacthydro.org<\/a> avec \u00ab Bowersock Mills Project Comments \u00bb dans la ligne d&#039;objet, ou par courrier adress\u00e9 au Low Impact Hydropower Institute, 329 Massachusetts Avenue, Suite 6, Lexington, MA 02420.\u00a0 <strong>Les commentaires doivent \u00eatre re\u00e7us au plus tard \u00e0 17 heures, heure de l&#039;Est, le 26 juin 2020.<\/strong>\u00a0\u00e0 prendre en consid\u00e9ration. Tous les commentaires seront publi\u00e9s sur le site Web et le candidat aura la possibilit\u00e9 d&#039;y r\u00e9pondre. Toute r\u00e9ponse sera \u00e9galement publi\u00e9e.<\/p>\n<p><strong>25 septembre 2015 :\u00a0<\/strong>Michael J. Sale, directeur ex\u00e9cutif du LIHI, exer\u00e7ant les pouvoirs d\u00e9l\u00e9gu\u00e9s par le conseil d&#039;administration du LIHI, a d\u00e9termin\u00e9 que le projet hydro\u00e9lectrique de Bowersock (FERC n\u00b0 13526) continue de satisfaire aux crit\u00e8res de certification du LIHI. La certification du projet Bowersock entrera en vigueur le 9 juillet 2014 pour une dur\u00e9e de cinq (5) ans, qui expirera le 9 juillet 2019, sous r\u00e9serve des conditions suivantes\u00a0:<\/p>\n<ul style=\"color: black;\">\n<li><strong><em>Satisfait en 2020.<\/em> Condition 1.<\/strong>\u00a0Le propri\u00e9taire de l&#039;installation devra fournir \u00e0 LIHI un bref rapport sur l&#039;\u00e9tat d&#039;avancement du plan de loisirs actuel de l&#039;installation. Ce rapport devra \u00eatre joint au prochain rapport annuel de conformit\u00e9 remis \u00e0 LIHI. Si l&#039;avancement du plan de loisirs est jug\u00e9 satisfaisant \u00e0 ce moment-l\u00e0, cette condition sera lev\u00e9e.<\/li>\n<\/ul>\n<p><strong>20 avril 2015 :\u00a0 <\/strong>Le 16 avril 2015, LIHI a re\u00e7u une demande compl\u00e8te de la Bowersock Mills and Power Company (BMPC) pour une prolongation de la dur\u00e9e de certification des installations hydro\u00e9lectriques de Bowersock Mills. Le d\u00e9p\u00f4t des documents de demande a \u00e9t\u00e9 retard\u00e9 en raison de modifications importantes apport\u00e9es aux installations, et BMPC a eu besoin de plus de temps pour rassembler la documentation et les justificatifs. La demande de 2014 est pr\u00e9sent\u00e9e ci-dessous.<\/p>\n<p><strong>27 janvier 2010 :<\/strong> Le conseil d&#039;administration du LIHI a d\u00e9termin\u00e9 que le projet Bowersock r\u00e9pondait toujours aux crit\u00e8res de certification. Le projet a \u00e9t\u00e9 renouvel\u00e9 pour une p\u00e9riode de cinq ans, \u00e0 compter du 9 juillet 2009 et jusqu&#039;au 9 juillet 2014.<\/p>\n<p><strong>Octobre 2004 : <\/strong>Le projet Bowersock Mills a \u00e9t\u00e9 certifi\u00e9 \u00e0 faible impact pour une p\u00e9riode de cinq ans, \u00e0 compter du 27 juillet 2004 et expirant le 27 juillet 2009.<\/p>\n<hr \/>\n<h3>Dossiers de certification<\/h3>\n<h4>Recertification 2020<\/h4>\n<ul style=\"color: black;\">\n<li><a href=\"https:\/\/lowimpacthydro.org\/wp-content\/uploads\/2022\/06\/Bowersock-Stage-II-LIHI-report_2020_06_30.pdf\">Rapport de recertification Bowersock 2020<\/a><\/li>\n<li><a href=\"https:\/\/lowimpacthydro.org\/wp-content\/uploads\/2020\/07\/2020-Bowersock-LIHI-Recertification-Application.pdf\">Demande de recertification Bowersock<\/a><\/li>\n<\/ul>\n<h4>Recertification 2015<\/h4>\n<ul style=\"color: black;\">\n<li><a href=\"https:\/\/lowimpacthydro.org\/wp-content\/uploads\/2020\/07\/20150924_Recertification-Review_Bowwrsock-Mills_Rev1.pdf\" target=\"_blank\" rel=\"noopener noreferrer\">Rapport de recertification de Bowersock Mills 2015<\/a><\/li>\n<li><a href=\"https:\/\/lowimpacthydro.org\/wp-content\/uploads\/2020\/07\/Bowersock_Questionnaire_2014.pdf\">Questionnaire de recertification de Bowersock Mills 2014<\/a><\/li>\n<li><a href=\"https:\/\/lowimpacthydro.org\/wp-content\/uploads\/2020\/07\/Bowersock-Description-and-Contacts_2014.pdf\">Pi\u00e8ce jointe \u00e0 la candidature \u2013 Description et contacts 2014<\/a><\/li>\n<li><a href=\"https:\/\/lowimpacthydro.org\/wp-content\/uploads\/2020\/07\/Bowersock-Agency_Comments2015.pdf\">Pi\u00e8ce jointe \u00e0 la demande \u2013 Commentaires de l&#039;agence<\/a><\/li>\n<li><a href=\"https:\/\/lowimpacthydro.org\/wp-content\/uploads\/2020\/07\/Bowersock-TandE-2015.pdf\">Pi\u00e8ce jointe \u00e0 la demande \u2013 Esp\u00e8ces menac\u00e9es et en voie de disparition<\/a><\/li>\n<li><a href=\"https:\/\/lowimpacthydro.org\/wp-content\/uploads\/2020\/07\/Bowersock-ProgramOperationsMonitoringPlan-2015.pdf\">Pi\u00e8ce jointe \u00e0 la demande \u2013 Plan de surveillance des op\u00e9rations<\/a><\/li>\n<\/ul>\n<h4>Recertification 2009<\/h4>\n<ul style=\"color: black;\">\n<li><span style=\"color: #000000;\"><a href=\"https:\/\/lowimpacthydro.org\/wp-content\/uploads\/2021\/05\/Bowersock-Final-ReCert-Review-11-12-09.pdf\" target=\"_blank\" rel=\"noopener noreferrer\">Rapport de recertification de Bowersock Mills 2009<\/a><\/span><\/li>\n<li><a href=\"https:\/\/lowimpacthydro.org\/wp-content\/uploads\/2020\/07\/Re-CertApplication2009.pdf\" target=\"_blank\" rel=\"noopener noreferrer\">Demande de recertification de Bowersock Mills 2009<\/a><\/li>\n<\/ul>\n<h4>Certification 2004<\/h4>\n<ul style=\"color: black;\">\n<li><a style=\"color: #007bc1;\" href=\"https:\/\/lowimpacthydro.org\/wp-content\/uploads\/2020\/07\/BowersockFinalRevRpt.pdf\" target=\"_blank\" rel=\"noopener noreferrer\">Rapport d&#039;examen de certification de Bowersock Mills<\/a><\/li>\n<li><a href=\"https:\/\/lowimpacthydro.org\/wp-content\/uploads\/2020\/07\/Bowersock-LIHI-application-2004.pdf\">Demande de certification de Bowersock Mills 2004<\/a><\/li>\n<li><a href=\"https:\/\/lowimpacthydro.org\/wp-content\/uploads\/2020\/07\/KDHE-Bowersock-Letter-2004.pdf\">Lettre de commentaires du D\u00e9partement de la Sant\u00e9 et de l&#039;Environnement du Kansas \u2013 Certification de Bowersock Mills<\/a><\/li>\n<\/ul>\n<hr \/>\n<h3>Documents cl\u00e9s<\/h3>\n<ul>\n<li><a href=\"https:\/\/lowimpacthydro.org\/wp-content\/uploads\/2020\/07\/FERC-License-2010.pdf\">Licence FERC et certification de la qualit\u00e9 de l&#039;eau de Bowersock Mills 2010<\/a><\/li>\n<li><a href=\"https:\/\/lowimpacthydro.org\/wp-content\/uploads\/2023\/05\/FERC-2010-EA-Bowersock.pdf\">\u00c9valuation environnementale de Bowersock Mills par la FERC<\/a><\/li>\n<\/ul>","protected":false},"excerpt":{"rendered":"<p>Project Name Bowersock Mills LIHI Certificate No. 15 LIHI Certificate Term July 9, 2019 &#8211; July 8, 2029 Owner Bowersock Mills and Power Company State Kansas<span class=\"excerpt-hellip\"> [\u2026]<\/span><\/p>\n","protected":false},"author":1,"featured_media":-1,"parent":0,"menu_order":0,"comment_status":"closed","ping_status":"closed","template":"","meta":{"_coblocks_attr":"","_coblocks_dimensions":"","_coblocks_responsive_height":"","_coblocks_accordion_ie_support":"","om_disable_all_campaigns":false,"_monsterinsights_skip_tracking":false,"_monsterinsights_sitenote_active":false,"_monsterinsights_sitenote_note":"","_monsterinsights_sitenote_category":0,"footnotes":""},"class_list":["post-1214","page","type-page","status-publish","has-post-thumbnail","hentry"],"aioseo_notices":[],"_links":{"self":[{"href":"https:\/\/lowimpacthydro.org\/fr\/wp-json\/wp\/v2\/pages\/1214","targetHints":{"allow":["GET"]}}],"collection":[{"href":"https:\/\/lowimpacthydro.org\/fr\/wp-json\/wp\/v2\/pages"}],"about":[{"href":"https:\/\/lowimpacthydro.org\/fr\/wp-json\/wp\/v2\/types\/page"}],"author":[{"embeddable":true,"href":"https:\/\/lowimpacthydro.org\/fr\/wp-json\/wp\/v2\/users\/1"}],"replies":[{"embeddable":true,"href":"https:\/\/lowimpacthydro.org\/fr\/wp-json\/wp\/v2\/comments?post=1214"}],"version-history":[{"count":11,"href":"https:\/\/lowimpacthydro.org\/fr\/wp-json\/wp\/v2\/pages\/1214\/revisions"}],"predecessor-version":[{"id":9796,"href":"https:\/\/lowimpacthydro.org\/fr\/wp-json\/wp\/v2\/pages\/1214\/revisions\/9796"}],"wp:featuredmedia":[{"embeddable":true,"href":"https:\/\/lowimpacthydro.org\/fr\/wp-json\/"}],"wp:attachment":[{"href":"https:\/\/lowimpacthydro.org\/fr\/wp-json\/wp\/v2\/media?parent=1214"}],"curies":[{"name":"wp","href":"https:\/\/api.w.org\/{rel}","templated":true}]}}