{"id":1195,"date":"2020-07-21T18:43:41","date_gmt":"2020-07-21T22:43:41","guid":{"rendered":"https:\/\/lowimpacthydro.org\/?page_id=1195"},"modified":"2025-11-10T10:30:04","modified_gmt":"2025-11-10T15:30:04","slug":"lihi-certificate-17-summersville-project-west-virginia","status":"publish","type":"page","link":"https:\/\/lowimpacthydro.org\/fr\/lihi-certificate-17-summersville-project-west-virginia\/","title":{"rendered":"Certificat LIHI #17 \u2013 Projet Summersville, Virginie-Occidentale"},"content":{"rendered":"<table class=\"alignright\" style=\"width: 351px; border: 2px; cellspacing: 2px; cellpadding: 2px; margin-left: 50px;\">\n<tbody>\n<tr>\n<td width=\"238\"><strong>Nom du projet<\/strong><\/td>\n<td width=\"228\">Summersville<\/td>\n<\/tr>\n<tr>\n<td width=\"238\"><strong>Num\u00e9ro de certificat LIHI<\/strong><\/td>\n<td width=\"228\">17<\/td>\n<\/tr>\n<tr>\n<td width=\"238\"><strong>Dur\u00e9e du certificat LIHI<\/strong><\/td>\n<td width=\"228\">10 novembre 2019 \u2013 9 novembre 2029<\/td>\n<\/tr>\n<tr>\n<td width=\"238\"><strong>Propri\u00e9taire<\/strong><\/td>\n<td width=\"228\">Gauley River Power Partners, LP, une filiale de LS Power \/ Patriot Hydro, LLC<\/td>\n<\/tr>\n<tr>\n<td width=\"238\"><strong>\u00c9tat<\/strong><\/td>\n<td width=\"228\">Virginie-Occidentale<\/td>\n<\/tr>\n<tr>\n<td width=\"238\"><strong>Emplacement<\/strong><\/td>\n<td width=\"228\">Situ\u00e9 au mile fluvial 35,7 sur la rivi\u00e8re Gauley dans les comt\u00e9s de Nicholas et de Fayette, en Virginie-Occidentale, entre Summersville <span class='tooltipsall tooltip_post_id_5545 classtoolTips158'>Barrage<\/span> et la limite sup\u00e9rieure de la zone de loisirs nationale de la rivi\u00e8re Gauley.<\/td>\n<\/tr>\n<tr>\n<td width=\"238\"><strong>Capacit\u00e9 install\u00e9e<\/strong><\/td>\n<td width=\"228\">80 MW<\/td>\n<\/tr>\n<tr>\n<td width=\"238\"><strong>G\u00e9n\u00e9ration annuelle moyenne<\/strong><\/td>\n<td width=\"228\">206 000 MWh<\/td>\n<\/tr>\n<tr>\n<td width=\"238\"><strong>Type d&#039;\u00e9tablissement<\/strong><\/td>\n<td width=\"228\">Sortie en s\u00e9rie<\/td>\n<\/tr>\n<tr>\n<td width=\"238\"><strong><span class='tooltipsall tooltip_post_id_5565 classtoolTips152'>F\u00e9d\u00e9ration internationale de radio-t\u00e9l\u00e9vision (FERC)<\/span> Non.<\/strong><\/td>\n<td width=\"228\">P-10813 d\u00e9livr\u00e9 en 1992, expire le 01\/09\/2042<\/td>\n<\/tr>\n<\/tbody>\n<\/table>\n<p>Le projet Summersville est situ\u00e9 sur la rivi\u00e8re Gauley dans les comt\u00e9s de Nicholas et de Fayette, en Virginie occidentale. Le projet utilise le Summersville appartenant au US Army Corps of Engineers (USACE) <span class='tooltipsall tooltip_post_id_5545 classtoolTips158'>barrage<\/span> Le barrage de Summersville est le plus grand lac de Virginie-Occidentale. Il a \u00e9t\u00e9 construit en 1966 en conjonction avec deux autres barrages afin de contr\u00f4ler les eaux de crue des rivi\u00e8res voisines. Les trois barrages fonctionnent comme un syst\u00e8me, contr\u00f4lant les rejets de d\u00e9bit dans la rivi\u00e8re Ohio. Depuis sa source dans les montagnes Allegheny, la rivi\u00e8re Gauley coule vers l&#039;ouest sur environ 98 miles jusqu&#039;\u00e0 Belva, en Virginie-Occidentale, o\u00f9 elle tourne brusquement vers le sud jusqu&#039;\u00e0 sa jonction avec la rivi\u00e8re New \u00e0 Gauley Bridge, en Virginie-Occidentale. La confluence des rivi\u00e8res New et Gauley forme la rivi\u00e8re Kanawha, qui coule ensuite sur environ 97 miles vers le nord-ouest jusqu&#039;\u00e0 la rivi\u00e8re Ohio \u00e0 Point Pleasant, en Virginie-Occidentale. Le projet hydro\u00e9lectrique a \u00e9t\u00e9 ajout\u00e9 au barrage existant en 2001 et appartient \u00e0 la ville de Summersville, en Virginie-Occidentale, et est exploit\u00e9 par Gauley River Power Partners.<\/p>\n<p>Le projet comprend un <span class='tooltipsall tooltip_post_id_5624 classtoolTips102'>centrale<\/span>, structure d&#039;admission, <span class='tooltipsall tooltip_post_id_5619 classtoolTips124'>conduite forc\u00e9e<\/span>, deux <span class='tooltipsall tooltip_post_id_5576 classtoolTips39'>Turbine Francis<\/span>-g\u00e9n\u00e9rateurs, un <span class='tooltipsall tooltip_post_id_5656 classtoolTips92'>sous-station<\/span>, canal de fuite et \u00e9quipement de transmission.<\/p>\n<p>Le barrage de Summersville est exploit\u00e9 par l&#039;USACE qui contr\u00f4le la quantit\u00e9 et le d\u00e9bit d&#039;eau lib\u00e9r\u00e9e par le barrage. Les op\u00e9rations du projet sont coordonn\u00e9es toutes les heures avec l&#039;USACE. L&#039;eau est extraite du r\u00e9servoir par une structure d&#039;admission qui m\u00e8ne \u00e0 un tunnel de sortie de 29 pieds de diam\u00e8tre. Le projet hydro\u00e9lectrique a\u00e8re l&#039;eau lors de sa lib\u00e9ration contr\u00f4l\u00e9e dans la rivi\u00e8re Gauley. Une conduite forc\u00e9e en acier de 17 pieds de diam\u00e8tre transporte l&#039;eau jusqu&#039;\u00e0 la centrale \u00e9lectrique situ\u00e9e en aval du barrage sur la rive droite de la rivi\u00e8re. La centrale \u00e9lectrique contient deux <span class='tooltipsall tooltip_post_id_5576 classtoolTips39'>Turbines Francis<\/span> avec une capacit\u00e9 combin\u00e9e de 80 MW.<\/p>\n<p>Le projet fonctionne selon un mode de fonctionnement \u00e0 d\u00e9bit constant bas\u00e9 sur les rejets de l&#039;USACE depuis le barrage. Un d\u00e9bit minimum de 100 pi3\/s est \u00e9vacu\u00e9 du r\u00e9servoir \u00e0 tout moment. Ce d\u00e9bit augmente en fonction des p\u00e9riodes de remplissage du r\u00e9servoir. Ce r\u00e9gime d&#039;\u00e9coulement a \u00e9t\u00e9 \u00e9labor\u00e9 en consultation avec le D\u00e9partement de la protection de l&#039;environnement de Virginie-Occidentale et l&#039;USACE.<\/p>\n<p>Les eaux situ\u00e9es dans la zone du projet sont class\u00e9es comme \u00e9tant de haute qualit\u00e9 en tant que ressource nationale en eau. La rivi\u00e8re dans la zone du projet est r\u00e9pertori\u00e9e comme d\u00e9grad\u00e9e en termes de pH et de mercure. La cause de cette d\u00e9gradation est probablement due aux d\u00e9p\u00f4ts acides et non aux op\u00e9rations du projet. Le propri\u00e9taire du projet surveille l&#039;oxyg\u00e8ne dissous (OD) dans les rejets d&#039;eau et augmente l&#039;OD dans les rejets afin de garantir la pr\u00e9servation de la qualit\u00e9 de l&#039;eau. Les rapports de surveillance de l&#039;OD sont soumis au D\u00e9partement de la protection de l&#039;environnement de Virginie-Occidentale.<\/p>\n<p>Historiquement, il n&#039;y a eu aucune trace de <span class='tooltipsall tooltip_post_id_5518 classtoolTips36'>poisson anadrome<\/span> esp\u00e8ces dans la zone du projet. La rivi\u00e8re Gauley se trouve dans l&#039;aire de r\u00e9partition historique de la <span class='tooltipsall tooltip_post_id_5538 classtoolTips75'>catadrome<\/span> Anguille d&#039;Am\u00e9rique, mais son passage a \u00e9t\u00e9 bloqu\u00e9 au d\u00e9but des ann\u00e9es 1900 par la construction de plusieurs barrages de navigation sur les rivi\u00e8res Mississippi et Ohio. Le D\u00e9partement des ressources naturelles de Virginie-Occidentale (WVDNR) a cr\u00e9\u00e9 une p\u00eache diversifi\u00e9e dans le lac Summersville gr\u00e2ce \u00e0 des efforts de repeuplement. Bien que la taille de la population soit petite, la p\u00eache abrite des esp\u00e8ces d&#039;eau chaude et d&#039;eau froide, notamment l&#039;achigan \u00e0 grande bouche et l&#039;achigan \u00e0 petite bouche, le poisson-chat de rivi\u00e8re, le poisson-chat \u00e0 t\u00eate plate, le crapet noir, le dor\u00e9 jaune, la truite arc-en-ciel, le crapet arlequin et la perchaude. Le tron\u00e7on en aval du barrage abrite une p\u00eacherie d&#039;eau froide toute l&#039;ann\u00e9e pour la truite et le dor\u00e9 jaune, \u00e9tablie gr\u00e2ce aux efforts de repeuplement du WVDNR.<\/p>\n<p>Les terres du projet s&#039;\u00e9tendent sur moins de deux acres. Les seules terres appartenant au projet abritent la centrale \u00e9lectrique, le reste de la zone \u00e9tant d\u00e9tenu et g\u00e9r\u00e9 par l&#039;USACE ou le WVDNR. La zone est caract\u00e9ris\u00e9e par des cr\u00eates abruptes, des foss\u00e9s \u00e9troits et des vall\u00e9es en forme de V avec des falaises presque verticales. Le lit du cours d&#039;eau est compos\u00e9 de rapides, de cataractes et de gros rochers.<\/p>\n<p>Les esp\u00e8ces menac\u00e9es ou en voie de disparition potentiellement pr\u00e9sentes dans les environs du projet comprennent la spir\u00e9e de Virginie, la chauve-souris de l&#039;Indiana, la chauve-souris \u00e0 grandes oreilles de Virginie, la chauve-souris \u00e0 longues oreilles du Nord, le dard sucr\u00e9 et cinq esp\u00e8ces de moules d&#039;eau douce. Le propri\u00e9taire du projet a consult\u00e9 le US Fish and Wildlife Service pour assurer la protection de la spir\u00e9e de Virginie, inscrite sur la liste f\u00e9d\u00e9rale, lors de l&#039;installation du corridor de la ligne de transmission. Un plan d&#039;\u00e9vitement a \u00e9t\u00e9 \u00e9labor\u00e9 pour garantir que les activit\u00e9s de construction contourneraient toute population de l&#039;esp\u00e8ce v\u00e9g\u00e9tale. Les op\u00e9rations du projet n&#039;ont aucun impact sur aucune des esp\u00e8ces r\u00e9pertori\u00e9es en raison du contr\u00f4le exerc\u00e9 par l&#039;USACE sur le paysage environnant.<\/p>\n<p>Le barrage de Summersville, construit en 1966, est admissible \u00e0 l&#039;inscription sur la liste <span class='tooltipsall tooltip_post_id_5606 classtoolTips1'>Registre national des lieux historiques<\/span>. Aucune autre ressource culturelle ou historique n&#039;est pr\u00e9sente dans la zone du projet ou sur les terres environnantes appartenant \u00e0 l&#039;USACE. La Division de la culture et de l&#039;histoire de Virginie-Occidentale (WVDCH) a \u00e9t\u00e9 consult\u00e9e pour \u00e9valuer les \u00e9ventuels impacts sur les ressources historiques lors de la construction du corridor de transmission. L&#039;agence a confirm\u00e9 que la construction du corridor n&#039;aurait aucun impact sur les ressources. Le propri\u00e9taire du projet doit consulter la WVDCH avant toute activit\u00e9 de d\u00e9frichage ou de perturbation des terres afin de garantir la protection de toute ressource potentielle non identifi\u00e9e.<\/p>\n<p>Les ressources r\u00e9cr\u00e9atives non li\u00e9es au projet comprennent des sentiers d&#039;acc\u00e8s, des ponts \u00e0 pas de pierre \u00e0 faible niveau d&#039;eau, des structures d&#039;attraction pour les poissons et une rampe de mise \u00e0 l&#039;eau pour bateaux dans le lac Summersville. Une rampe de mise \u00e0 l&#039;eau pour radeau en eau vive est situ\u00e9e en aval du barrage, ainsi qu&#039;une zone de mise \u00e0 l&#039;eau pour kayaks et une plate-forme de p\u00eache pour handicap\u00e9s. Le lac Summersville est une zone de loisirs populaire et l&#039;USACE g\u00e8re un grand terrain de camping, une marina, trois rampes de mise \u00e0 l&#039;eau pour bateaux, deux rampes de mise \u00e0 l&#039;eau hivernales pour bateaux, des abris de pique-nique, une zone de baignade, des sentiers de randonn\u00e9e et un acc\u00e8s \u00e0 la p\u00eache. La chasse, l&#039;escalade et la plong\u00e9e sous-marine sont \u00e9galement prises en charge. L&#039;USACE propose \u00e9galement 20 jours de rafting en eau vive \u00e0 l&#039;automne. American Whitewater organise chaque ann\u00e9e en septembre un Gauley Fest - le plus grand festival de pagayage au monde - attirant des milliers de pagayeurs de tout le pays.<\/p>\n<hr \/>\n<h3>\u00c9tat de conformit\u00e9<\/h3>\n<p><strong>Il n\u2019y a pas de conditions sp\u00e9cifiques \u00e0 l\u2019\u00e9tablissement dans le certificat actuel.\u00a0<\/strong><\/p>\n<p><strong>2025:<\/strong> Aucun changement important ni probl\u00e8me de conformit\u00e9 n&#039;ont \u00e9t\u00e9 identifi\u00e9s. Le projet reste conforme sur la base de l&#039;examen annuel.<\/p>\n<p><strong>2024:<\/strong> Aucun changement important ni probl\u00e8me de conformit\u00e9 n&#039;ont \u00e9t\u00e9 identifi\u00e9s. Le projet reste conforme sur la base de l&#039;examen annuel.<\/p>\n<p><strong>2023:<\/strong> Aucun changement important ni probl\u00e8me de conformit\u00e9 n&#039;ont \u00e9t\u00e9 identifi\u00e9s. Le projet reste conforme sur la base de l&#039;examen annuel.<\/p>\n<p><strong>2022:<\/strong> Aucun changement important ni probl\u00e8me de conformit\u00e9 n&#039;a \u00e9t\u00e9 identifi\u00e9. Le projet reste conforme sur la base de l&#039;examen annuel. Le projet a signal\u00e9 que WVDEP a publi\u00e9 une nouvelle <span class='tooltipsall tooltip_post_id_5609 classtoolTips147'>NPDES<\/span> permis de rejet d&#039;eau de refroidissement sans contact qui a supprim\u00e9 les limites de temp\u00e9rature strictes puisque les temp\u00e9ratures du lac Summersville \u00e9taient souvent plus \u00e9lev\u00e9es que les limites du permis pr\u00e9c\u00e9dent, et exige \u00e0 la place une surveillance continue de la temp\u00e9rature de l&#039;eau permettant au projet de fonctionner dans les conditions du permis.<\/p>\n<p><strong>2021:<\/strong> Aucun changement ni probl\u00e8me de conformit\u00e9 n&#039;a \u00e9t\u00e9 signal\u00e9. Le projet reste conforme sur la base de l&#039;examen annuel.<\/p>\n<p><strong>2020:<\/strong> Aucun changement ni probl\u00e8me de conformit\u00e9 n&#039;a \u00e9t\u00e9 signal\u00e9. Le projet reste conforme sur la base de l&#039;examen annuel.<\/p>\n<p><strong>2019:<\/strong> Le rapport annuel pour le certificat actuel n\u2019est pas encore entr\u00e9 en vigueur.<\/p>\n<hr \/>\n<h3>Historique des certifications<\/h3>\n<p><strong>1er janvier 2022 :<\/strong> La dur\u00e9e du certificat LIHI a \u00e9t\u00e9 prolong\u00e9e conform\u00e9ment \u00e0 la r\u00e9vision 2.05 du manuel de certification LIHI 2e \u00e9dition publi\u00e9 le 1er janvier 2022. Reportez-vous au tableau des \u00e9tablissements ci-dessus pour conna\u00eetre la nouvelle dur\u00e9e.<\/p>\n<p><strong>25 septembre 2020 :<\/strong> La d\u00e9cision de recertifier le projet Summersville est devenue d\u00e9finitive apr\u00e8s la cl\u00f4ture de la p\u00e9riode d&#039;appel le 19 septembre 2020, aucun appel n&#039;ayant \u00e9t\u00e9 d\u00e9pos\u00e9. La p\u00e9riode de certification s&#039;\u00e9tend du 10 novembre 2019 au 9 novembre 2024.<\/p>\n<p><strong>20 ao\u00fbt 2020 : <\/strong> Le Low Impact Hydropower Institute (LIHI) a approuv\u00e9 de mani\u00e8re pr\u00e9liminaire le projet Summersville (LIHI #17) pour une nouvelle p\u00e9riode de 5 ans de certification \u00e0 faible impact. Cette d\u00e9cision est pr\u00e9liminaire en attendant la p\u00e9riode d&#039;appel de 30 jours. Seuls ceux qui ont comment\u00e9 la demande initiale pendant la p\u00e9riode de commentaires de 60 jours sont \u00e9ligibles pour d\u00e9poser un appel. Un tel appel doit inclure une explication sur la raison pour laquelle le projet ne r\u00e9pond pas aux crit\u00e8res du LIHI. Les demandes d&#039;appel peuvent \u00eatre soumises par courrier \u00e9lectronique \u00e0 <a href=\"mailto:comments@lowimpacthydro.org\">comments@lowimpacthydro.org<\/a> avec \u00ab Summersville Project \u00bb dans l\u2019objet du message, ou par courrier adress\u00e9 au Low Impact Hydropower Institute, 329 Massachusetts Ave, Suite 6, Lexington, MA 02420. Toutes les demandes seront publi\u00e9es sur le site Web. Le demandeur aura la possibilit\u00e9 de r\u00e9pondre et toute r\u00e9ponse sera \u00e9galement publi\u00e9e. <strong>Les demandes doivent \u00eatre re\u00e7ues avant 17 heures, heure de l&#039;Est, le 19 septembre 2020.<\/strong>. Le dossier complet et le rapport de l&#039;examinateur sont disponibles ci-dessous. Si aucune demande d&#039;appel n&#039;est re\u00e7ue et que la d\u00e9cision devient d\u00e9finitive, la p\u00e9riode de certification du projet s&#039;\u00e9tendra du 10 novembre 2019 au 9 novembre 2024.<\/p>\n<p><strong>7 mai 2020 :<\/strong> Le Low Impact Hydropower Institute a re\u00e7u une demande compl\u00e8te de recertification \u00e0 faible impact du projet hydro\u00e9lectrique de Summersville. La demande compl\u00e8te est disponible ci-dessous. Le LIHI sollicite les commentaires du public sur cette demande. Les commentaires directement li\u00e9s \u00e0 des crit\u00e8res sp\u00e9cifiques du LIHI (d\u00e9bits, qualit\u00e9 de l&#039;eau, <span class='tooltipsall tooltip_post_id_5566 classtoolTips59'>passage des poissons<\/span>, etc.) seront tr\u00e8s utiles, mais tous les commentaires seront pris en compte. Les commentaires peuvent \u00eatre soumis \u00e0 l&#039;Institut par courrier \u00e9lectronique \u00e0 l&#039;adresse\u00a0<a href=\"mailto:comments@lowimpacthydro.org\">comments@lowimpacthydro.org<\/a>\u00a0avec \u00ab Commentaires sur le projet Summersville \u00bb dans la ligne d&#039;objet, ou par courrier adress\u00e9 au Low Impact Hydropower Institute, 329 Massachusetts Avenue, Suite 6, Lexington, MA 02420.\u00a0 <strong>Les commentaires doivent \u00eatre re\u00e7us au plus tard \u00e0 17 heures, heure de l&#039;Est, le 6 juillet 2020.<\/strong>\u00a0\u00e0 prendre en consid\u00e9ration. Tous les commentaires seront publi\u00e9s sur le site Web et le candidat aura la possibilit\u00e9 d&#039;y r\u00e9pondre. Toute r\u00e9ponse sera \u00e9galement publi\u00e9e.<\/p>\n<p><strong>17 avril 2015 :\u00a0<\/strong>Le directeur g\u00e9n\u00e9ral, Mike Sale, en vertu de l&#039;autorit\u00e9 d\u00e9l\u00e9gu\u00e9e par le conseil d&#039;administration du LIHI, a d\u00e9termin\u00e9 que le projet Summersville continue de r\u00e9pondre aux crit\u00e8res de certification \u00e0 faible impact. La d\u00e9cision de certifier le projet hydro\u00e9lectrique Summersville est valable pour une dur\u00e9e de 5 ans, \u00e0 compter du 10 novembre 2014 et jusqu&#039;au 10 novembre 2019, avec les conditions suivantes :<\/p>\n<ul style=\"color: black;\">\n<li><em><strong>Condition<\/strong><\/em> <em><strong>Satisfait 2017<\/strong><\/em>. <strong>Condition 1. <\/strong>Le propri\u00e9taire de l\u2019installation doit fournir au LIHI une copie \u00e9lectronique du formulaire r\u00e9vis\u00e9 80 sur les utilisations r\u00e9cr\u00e9atives de la rivi\u00e8re au plus tard le 1er juillet 2015.<\/li>\n<li><strong>Condition 2.<\/strong>\u00a0 Le propri\u00e9taire de l&#039;\u00e9tablissement doit fournir au LIHI une mise \u00e0 jour de l&#039;\u00e9tat d&#039;avancement des manquements \u00e0 la DO et des d\u00e9p\u00f4ts FERC associ\u00e9s, ainsi que sa lettre de conformit\u00e9 annuelle. Cette mise \u00e0 jour de l&#039;\u00e9tat d&#039;avancement contiendra des copies de toute correspondance et de tout document pertinents, y compris des explications et des mesures correctives li\u00e9es \u00e0 toute d\u00e9ficience de la DO survenue au cours de l&#039;ann\u00e9e \u00e9coul\u00e9e.<\/li>\n<\/ul>\n<p><strong>5 janvier 2015 :\u00a0 <\/strong>Le Low Impact Hydropower Institute a re\u00e7u une demande compl\u00e8te et ponctuelle pour un nouveau mandat de certification \u00e0 faible impact pour le projet de Summersville le 18 septembre 2014. Veuillez consulter les dossiers de candidature ci-dessous.<\/p>\n<p><strong>10 novembre 2014 :<\/strong>\u00a0 La p\u00e9riode de certification du projet Summersville a \u00e9t\u00e9 prolong\u00e9e jusqu&#039;au 31 mars 2015 pour tenir compte des retards administratifs internes dans le traitement de la demande de projet pour une p\u00e9riode suppl\u00e9mentaire. La demande sera publi\u00e9e sous peu.<\/p>\n<p><strong>4 mars 2010 :<\/strong> Le conseil d&#039;administration du Low Impact Hydropower Institute a d\u00e9termin\u00e9 que le projet Summersville continue de r\u00e9pondre aux crit\u00e8res de certification. Cette recertification entre en vigueur le 10 novembre 2009 et expirera le 10 novembre 2014.<\/p>\n<p><strong>25 novembre 2009 :<\/strong> Gauley River Power Partners, Inc. a soumis une demande de recertification du projet hydro\u00e9lectrique de Summersville. Les commentaires doivent \u00eatre re\u00e7us avant le 25 janvier 2010.<\/p>\n<p><strong>28 avril 2005 :<\/strong> Le projet hydro\u00e9lectrique de Summersville a \u00e9t\u00e9 certifi\u00e9 comme \u00e9tant \u00e0 faible impact pour une p\u00e9riode de cinq ans, \u00e0 compter du 10 novembre 2004 et expirant le 10 novembre 2009.<\/p>\n<p><strong>10 novembre 2004 :<\/strong> Gauley River Partners, Inc. a soumis une demande de certification du projet hydro\u00e9lectrique de Summersville, situ\u00e9 sur la rivi\u00e8re Gauley dans le comt\u00e9 de Nicholas, en Virginie-Occidentale.<\/p>\n<hr \/>\n<h3>Dossiers de certification<\/h3>\n<h4>Renouvellement de certification 2019-2020<\/h4>\n<ul style=\"color: black;\">\n<li><a href=\"https:\/\/lowimpacthydro.org\/wp-content\/uploads\/2021\/05\/Summersville_StageIIReport_2020_07_30.pdf\">Rapport de r\u00e9vision de la recertification de Summersville<\/a><\/li>\n<li><a href=\"https:\/\/lowimpacthydro.org\/wp-content\/uploads\/2020\/07\/Summersville-Gauley-LIHI-Recertification-Application_January-2020_Final_....pdf\">Demande de recertification pour Summersville 2020<\/a><\/li>\n<\/ul>\n<h4>Renouvellement de certification 2014-2015<\/h4>\n<ul style=\"color: black;\">\n<li><a href=\"https:\/\/lowimpacthydro.org\/wp-content\/uploads\/2020\/07\/20150410_Recertification-Review_Summersville.pdf\">Rapport de r\u00e9vision de la recertification de Summersville 2015<\/a><\/li>\n<li><a href=\"https:\/\/lowimpacthydro.org\/wp-content\/uploads\/2020\/07\/Summersville-LIHI_Questionnaire.pdf\">Questionnaire de recertification de Summersville<\/a><\/li>\n<\/ul>\n<h4>Recertification 2009<\/h4>\n<ul style=\"color: black;\">\n<li><a href=\"https:\/\/lowimpacthydro.org\/wp-content\/uploads\/2020\/07\/LIHI_Summersville_Re-Cert_Review_Final.doc\">Rapport de r\u00e9vision de la recertification de Summersville 2009<\/a><\/li>\n<\/ul>\n<h4>Certification 2004<\/h4>\n<ul style=\"color: black;\">\n<li><a href=\"https:\/\/lowimpacthydro.org\/wp-content\/uploads\/2020\/07\/LIHICertificationReportSummersvilleFinal011805.pdf\" target=\"_blank\" rel=\"noopener noreferrer\">Rapport de certification de Summersville<\/a><\/li>\n<li><a href=\"https:\/\/lowimpacthydro.org\/wp-content\/uploads\/2020\/07\/LIHIQuestionnaire.pdf\" target=\"_blank\" rel=\"noopener noreferrer\">Questionnaire de certification de Summersville<\/a><\/li>\n<li><a href=\"https:\/\/lowimpacthydro.org\/wp-content\/uploads\/2020\/07\/Agency-Letters.pdf\">Pi\u00e8ce jointe \u00e0 la demande \u2013 Lettres d\u2019agence<\/a><\/li>\n<li><a href=\"https:\/\/lowimpacthydro.org\/wp-content\/uploads\/2020\/07\/Contact-List.pdf\">Pi\u00e8ce jointe \u00e0 la demande \u2013 Liste de contacts<\/a><\/li>\n<li><a href=\"https:\/\/lowimpacthydro.org\/wp-content\/uploads\/2020\/07\/Project-Drawings.pdf\">Pi\u00e8ce jointe \u00e0 la demande \u2013 Dessins du projet<\/a><\/li>\n<\/ul>\n<hr \/>\n<h3>Documents cl\u00e9s<\/h3>\n<ul>\n<li><a href=\"https:\/\/lowimpacthydro.org\/wp-content\/uploads\/2020\/07\/Summersville-License-Order.pdf\">Ordonnance de licence FERC de Summersville<\/a><\/li>\n<li><a href=\"https:\/\/lowimpacthydro.org\/wp-content\/uploads\/2020\/07\/Summersville-EA.pdf\">\u00c9valuation environnementale de Summersville<\/a><\/li>\n<li><a href=\"https:\/\/lowimpacthydro.org\/wp-content\/uploads\/2020\/07\/Summersville-License-Amendment.pdf\">Modification de la licence FERC de Summersville<\/a><\/li>\n<li><a href=\"https:\/\/lowimpacthydro.org\/wp-content\/uploads\/2020\/07\/License-Amendment-II.pdf\">Modification II de la licence FERC<\/a><\/li>\n<\/ul>","protected":false},"excerpt":{"rendered":"<p>Project Name Summersville LIHI Certificate No. 17 LIHI Certificate Term November 10, 2019 &#8211; November 9, 2029 Owner Gauley River Power Partners, LP, a subsidiary of<span class=\"excerpt-hellip\"> [\u2026]<\/span><\/p>\n","protected":false},"author":1,"featured_media":-1,"parent":0,"menu_order":0,"comment_status":"closed","ping_status":"closed","template":"","meta":{"_coblocks_attr":"","_coblocks_dimensions":"","_coblocks_responsive_height":"","_coblocks_accordion_ie_support":"","om_disable_all_campaigns":false,"_monsterinsights_skip_tracking":false,"_monsterinsights_sitenote_active":false,"_monsterinsights_sitenote_note":"","_monsterinsights_sitenote_category":0,"footnotes":""},"class_list":["post-1195","page","type-page","status-publish","has-post-thumbnail","hentry"],"aioseo_notices":[],"_links":{"self":[{"href":"https:\/\/lowimpacthydro.org\/fr\/wp-json\/wp\/v2\/pages\/1195","targetHints":{"allow":["GET"]}}],"collection":[{"href":"https:\/\/lowimpacthydro.org\/fr\/wp-json\/wp\/v2\/pages"}],"about":[{"href":"https:\/\/lowimpacthydro.org\/fr\/wp-json\/wp\/v2\/types\/page"}],"author":[{"embeddable":true,"href":"https:\/\/lowimpacthydro.org\/fr\/wp-json\/wp\/v2\/users\/1"}],"replies":[{"embeddable":true,"href":"https:\/\/lowimpacthydro.org\/fr\/wp-json\/wp\/v2\/comments?post=1195"}],"version-history":[{"count":16,"href":"https:\/\/lowimpacthydro.org\/fr\/wp-json\/wp\/v2\/pages\/1195\/revisions"}],"predecessor-version":[{"id":10153,"href":"https:\/\/lowimpacthydro.org\/fr\/wp-json\/wp\/v2\/pages\/1195\/revisions\/10153"}],"wp:featuredmedia":[{"embeddable":true,"href":"https:\/\/lowimpacthydro.org\/fr\/wp-json\/"}],"wp:attachment":[{"href":"https:\/\/lowimpacthydro.org\/fr\/wp-json\/wp\/v2\/media?parent=1195"}],"curies":[{"name":"wp","href":"https:\/\/api.w.org\/{rel}","templated":true}]}}