{"id":1118,"date":"2020-07-21T16:32:56","date_gmt":"2020-07-21T20:32:56","guid":{"rendered":"https:\/\/lowimpacthydro.org\/?page_id=1118"},"modified":"2025-12-04T12:54:57","modified_gmt":"2025-12-04T17:54:57","slug":"lihi-certificate-61-ashton-hydroelectric-project-idaho","status":"publish","type":"page","link":"https:\/\/lowimpacthydro.org\/fr\/lihi-certificate-61-ashton-hydroelectric-project-idaho\/","title":{"rendered":"Certificat LIHI #61 \u2013 Projet hydro\u00e9lectrique d&#039;Ashton, Idaho"},"content":{"rendered":"<table class=\"alignright\" style=\"width: 351px; border: 2px; cellspacing: 2px; cellpadding: 2px; margin-left: 50px;\">\n<tbody>\n<tr>\n<td style=\"width: 39.1593%;\" width=\"238\"><strong>Nom du projet<\/strong><\/td>\n<td style=\"width: 59.0708%;\" width=\"234\">Ashton<\/td>\n<\/tr>\n<tr>\n<td style=\"width: 39.1593%;\" width=\"238\"><strong>Num\u00e9ro de certificat LIHI<\/strong><\/td>\n<td style=\"width: 59.0708%;\" width=\"234\">61<\/td>\n<\/tr>\n<tr>\n<td style=\"width: 39.1593%;\" width=\"238\"><strong>Dur\u00e9e du certificat LIHI<\/strong><\/td>\n<td style=\"width: 59.0708%;\" width=\"234\">31 d\u00e9cembre 2019 \u2013 30 d\u00e9cembre 2029<\/td>\n<\/tr>\n<tr>\n<td style=\"width: 39.1593%;\" width=\"238\"><strong>Propri\u00e9taire<\/strong><\/td>\n<td style=\"width: 59.0708%;\" width=\"234\">PacifiCorp \u00c9nergie<\/td>\n<\/tr>\n<tr>\n<td style=\"width: 39.1593%;\" width=\"238\"><strong>\u00c9tat<\/strong><\/td>\n<td style=\"width: 59.0708%;\" width=\"234\">Idaho<\/td>\n<\/tr>\n<tr>\n<td style=\"width: 39.1593%;\" width=\"238\"><strong>Emplacement<\/strong><\/td>\n<td style=\"width: 59.0708%;\" width=\"234\">Situ\u00e9 au mile 45 de la rivi\u00e8re sur la fourche Henry de la rivi\u00e8re Snake dans l&#039;Idaho.<\/td>\n<\/tr>\n<tr>\n<td style=\"width: 39.1593%;\" width=\"238\"><strong>Capacit\u00e9 install\u00e9e<\/strong><\/td>\n<td style=\"width: 59.0708%;\" width=\"234\">6,7 MW<\/td>\n<\/tr>\n<tr>\n<td style=\"width: 39.1593%;\" width=\"238\"><strong>G\u00e9n\u00e9ration annuelle moyenne<\/strong><\/td>\n<td style=\"width: 59.0708%;\" width=\"234\">33 268 MWh<\/td>\n<\/tr>\n<tr>\n<td style=\"width: 39.1593%;\" width=\"238\"><strong>Type d&#039;\u00e9tablissement<\/strong><\/td>\n<td style=\"width: 59.0708%;\" width=\"234\"><span class='tooltipsall tooltip_post_id_5643 classtoolTips52'>Au fil de l&#039;eau<\/span><\/td>\n<\/tr>\n<tr>\n<td style=\"width: 39.1593%;\" width=\"238\"><strong><span class='tooltipsall tooltip_post_id_5565 classtoolTips152'>F\u00e9d\u00e9ration internationale de radio-t\u00e9l\u00e9vision (FERC)<\/span> Non.<\/strong><\/td>\n<td style=\"width: 59.0708%;\" width=\"234\">P-2381 d\u00e9livr\u00e9 en 1987, expire le 31\/12\/2027<\/td>\n<\/tr>\n<\/tbody>\n<\/table>\n<p>Le projet hydro\u00e9lectrique d&#039;Ashton est situ\u00e9 sur la fourche Henry de la rivi\u00e8re Snake, dans le comt\u00e9 de Fremont, dans l&#039;Idaho. La rivi\u00e8re prend sa source \u00e0 l&#039;embouchure du lac Henry, situ\u00e9 dans la cha\u00eene continentale de la ligne de partage des eaux. <span class='tooltipsall tooltip_post_id_5545 classtoolTips158'>barrage<\/span> et <span class='tooltipsall tooltip_post_id_5624 classtoolTips102'>centrale<\/span> Les travaux ont \u00e9t\u00e9 achev\u00e9s en 1918 et ont commenc\u00e9 \u00e0 \u00eatre exploit\u00e9s la m\u00eame ann\u00e9e. Six ans plus tard, Utah Power &amp; Light a acquis le projet. Ce dernier a ensuite int\u00e9gr\u00e9 le portefeuille de PacifiCorp en 1988, suite \u00e0 la fusion d&#039;Utah Power &amp; Light et de Pacific Power. Deux autres barrages sont situ\u00e9s \u00e0 proximit\u00e9 du projet\u00a0: le barrage en amont. <a href=\"https:\/\/lowimpacthydro.org\/fr\/lihi-certificate-2-island-park-hydroelectric-project-idaho\/\">Projet Island Park (LIHI #2)<\/a> et en aval <a href=\"https:\/\/lowimpacthydro.org\/fr\/lihi-certificate-131-chester-diversion-hydroelectric-project-idaho\/\">Chester <span class='tooltipsall tooltip_post_id_5551 classtoolTips110'>D\u00e9rivation<\/span> Projet (LIHI #131<\/a>.<\/p>\n<p>Le projet comprend un barrage en terre et en enrochements de 17,2 m\u00e8tres de haut et 69 m\u00e8tres de long, dont la pente aval est recouverte de b\u00e9ton compact\u00e9 au rouleau. La cr\u00eate et la partie amont du barrage en b\u00e9ton ont \u00e9t\u00e9 enti\u00e8rement retir\u00e9es et remplac\u00e9es par un ouvrage achev\u00e9 en 2013. Ce projet permettra de d\u00e9verser l&#039;eau du r\u00e9servoir \u00e0 travers un ouvrage en b\u00e9ton arm\u00e9 de 25 m\u00e8tres de long. <span class='tooltipsall tooltip_post_id_5651 classtoolTips116'>d\u00e9versoir<\/span> surmont\u00e9 de six colonnes de 10 pieds de haut <span class='tooltipsall tooltip_post_id_5630 classtoolTips87'>radial <span class='tooltipsall tooltip_post_id_5578 classtoolTips153'>portes<\/span><\/span>. La centrale est situ\u00e9e sur la rive droite, avec des prises d&#039;eau int\u00e9gr\u00e9es contr\u00f4l\u00e9es par des v\u00e9rins verticaux <span class='tooltipsall tooltip_post_id_5649 classtoolTips91'>portes coulissantes<\/span> et trois unit\u00e9s de production verticales Francis d&#039;une capacit\u00e9 install\u00e9e totale de 6,7 MW.<\/p>\n<p>Le projet op\u00e8re dans un <span class='tooltipsall tooltip_post_id_5643 classtoolTips52'>au fil de l&#039;eau<\/span> Le projet pr\u00e9voit \u00e9galement la mise en eau d&#039;un r\u00e9servoir de 392 acres. Le projet est \u00e9galement autoris\u00e9 \u00e0 modifier temporairement l&#039;exploitation au fil de l&#039;eau en cas d&#039;urgence op\u00e9rationnelle ind\u00e9pendante de la volont\u00e9 du propri\u00e9taire ou par accord mutuel entre le projet et le D\u00e9partement de la p\u00eache et de la chasse de l&#039;Idaho (IDFG). Ces derni\u00e8res ann\u00e9es, la coordination a permis de s&#039;\u00e9carter de <span class='tooltipsall tooltip_post_id_5643 classtoolTips52'>au fil de l&#039;eau<\/span> Le mode a \u00e9t\u00e9 utilis\u00e9 pour r\u00e9aliser un relev\u00e9 a\u00e9rien pour la recherche sur les droits de propri\u00e9t\u00e9 et pour r\u00e9duire les fluctuations du d\u00e9bit en aval caus\u00e9es par les fluctuations diurnes en amont \u00e0 la fin de l&#039;\u00e9t\u00e9 et au d\u00e9but de l&#039;automne.<\/p>\n<p>Les eaux situ\u00e9es dans le p\u00e9rim\u00e8tre du projet ne figurent pas dans la liste du rapport int\u00e9gr\u00e9 305(b) de l&#039;IDEQ, car elles n&#039;ont pas \u00e9t\u00e9 \u00e9valu\u00e9es. Cependant, elles abritent une importante p\u00eache sportive non indig\u00e8ne. Le ma\u00eetre d&#039;ouvrage finance \u00e9galement des activit\u00e9s d&#039;empoissonnement de truites arc-en-ciel st\u00e9riles dans le r\u00e9servoir. Une \u00e9tude de surveillance de la qualit\u00e9 de l&#039;eau a \u00e9t\u00e9 men\u00e9e en 2014 apr\u00e8s la reconstruction du barrage d&#039;Ashton afin de v\u00e9rifier que le projet ne contribuait toujours pas au d\u00e9passement des crit\u00e8res de qualit\u00e9 de l&#039;eau de l&#039;\u00c9tat. Les r\u00e9sultats, soumis au D\u00e9partement de la qualit\u00e9 environnementale de l&#039;Idaho, ont d\u00e9montr\u00e9 que le projet n&#039;avait aucun impact n\u00e9gatif sur la qualit\u00e9 de l&#039;eau et avait m\u00eame am\u00e9lior\u00e9 la concentration d&#039;oxyg\u00e8ne dissous, jug\u00e9e faible, dans le r\u00e9servoir. <span class='tooltipsall tooltip_post_id_5583 classtoolTips100'>source<\/span>.<\/p>\n<p>Historiquement, le tron\u00e7on de la rivi\u00e8re Snake, dans la zone du projet, n&#039;abritait aucune esp\u00e8ce de poissons migrateurs. Les chutes Shoshone, une chute d&#039;eau de 60 m\u00e8tres de haut en aval de la rivi\u00e8re Snake, emp\u00eachent l&#039;acc\u00e8s aux <span class='tooltipsall tooltip_post_id_5518 classtoolTips36'>poisson anadrome<\/span> Dans tout le sud-est de l&#039;Idaho. Le programme de repeuplement de truites mentionn\u00e9 ci-dessus est financ\u00e9 par le projet, en consultation avec l&#039;IDFG. Les esp\u00e8ces riveraines r\u00e9sidentes comprennent le chevesne de l&#039;Utah, le meunier de l&#039;Utah, le cor\u00e9gone des montagnes, ainsi que des esp\u00e8ces non indig\u00e8nes, comme la truite arc-en-ciel, la truite brune et l&#039;omble de fontaine.<\/p>\n<p>Les terres du projet g\u00e9r\u00e9es pour l&#039;habitat comprennent 253 acres de <span class='tooltipsall tooltip_post_id_5540 classtoolTips16'>servitude de conservation<\/span> (CE) \u00e0 un <span class='tooltipsall tooltip_post_id_5670 classtoolTips125'>zone humide<\/span> Complexe, 1,6 hectare de terres agricoles sur les rives du r\u00e9servoir, 4,5 hectares de terres humides conc\u00e9d\u00e9es, 9,5 hectares de terres riveraines conc\u00e9d\u00e9es et 49 hectares de terres en propri\u00e9t\u00e9 priv\u00e9e g\u00e9r\u00e9es pour l&#039;habitat (les terres d&#039;exploitation ne sont pas incluses dans ces chiffres). Le barrage et la centrale sont situ\u00e9s dans une zone semi-aride peu peupl\u00e9e, o\u00f9 les principales utilisations des terres sont l&#039;agriculture irrigu\u00e9e et les loisirs de plein air, notamment la p\u00eache \u00e0 la truite et la chasse. PacifiCorp a mis \u00e0 jour le plan de mise en valeur de la faune sauvage avec l&#039;USFWS et l&#039;IDFG en 2016. Les zones terrestres au sein du bassin de retenue sont g\u00e9r\u00e9es et prot\u00e9g\u00e9es par un contr\u00f4le de l&#039;acc\u00e8s du b\u00e9tail par des cl\u00f4tures. <span class='tooltipsall tooltip_post_id_5540 classtoolTips16'>servitudes de conservation<\/span>, baux, plateformes de nidification pour rapaces et oiseaux aquatiques, et acquisition de propri\u00e9t\u00e9s en pleine propri\u00e9t\u00e9. La surveillance, l&#039;entretien des cl\u00f4tures et le contr\u00f4le des mauvaises herbes nuisibles sont effectu\u00e9s chaque ann\u00e9e sur ces propri\u00e9t\u00e9s, conform\u00e9ment au Plan de mise en valeur de la faune. Aucune esp\u00e8ce menac\u00e9e ou en voie de disparition n&#039;est pr\u00e9sente dans la zone du projet.<\/p>\n<p>Des \u00e9tudes sur les ressources culturelles et historiques ont \u00e9t\u00e9 men\u00e9es dans le cadre du projet et un plan de gestion des ressources culturelles a \u00e9t\u00e9 \u00e9labor\u00e9 pour les structures historiques identifi\u00e9es. Le Bureau de pr\u00e9servation historique de l&#039;\u00c9tat a conclu que l&#039;exploitation du projet n&#039;a aucun impact sur les ressources culturelles et historiques.<\/p>\n<p>Les ressources r\u00e9cr\u00e9atives du projet comprennent une aire de pique-nique informelle et un acc\u00e8s pour la p\u00eache en aval du barrage. L&#039;acc\u00e8s \u00e0 la zone est limit\u00e9 en raison de l&#039;\u00e9troit canyon dans lequel elle se trouve. Une aire de mise \u00e0 l&#039;eau et de d\u00e9barquement des plaisanciers est situ\u00e9e \u00e0 la t\u00eate du r\u00e9servoir. Ce site comprend deux rampes de mise \u00e0 l&#039;eau, des toilettes s\u00e8ches et des aires de pique-nique. Il est g\u00e9r\u00e9 dans le cadre d&#039;un accord de partenariat avec le comt\u00e9 de Fremont. L&#039;acc\u00e8s public est gratuit.<\/p>\n<hr \/>\n<h3>\u00c9tat de conformit\u00e9<\/h3>\n<p><strong>Le certificat comprend la condition sp\u00e9cifique \u00e0 l&#039;\u00e9tablissement suivante :<\/strong><\/p>\n<p><strong>Condition 1 :<\/strong> Le propri\u00e9taire de l&#039;installation doit consulter le SHPO et les tribus concern\u00e9es au sujet des impacts potentiels sur les ressources culturelles ou historiques submerg\u00e9es, avant tout rabattement pr\u00e9vu susceptible d&#039;exposer ces ressources. La documentation de tout rabattement et des consultations associ\u00e9es doit \u00eatre fournie dans les rapports annuels de conformit\u00e9 soumis au LIHI.<\/p>\n<p><strong>2025:<\/strong> Aucun changement important ni probl\u00e8me de conformit\u00e9 n&#039;ont \u00e9t\u00e9 relev\u00e9s. Le projet demeure conforme suite \u00e0 l&#039;examen annuel. Concernant la condition 1, aucune activit\u00e9 n&#039;a \u00e9t\u00e9 signal\u00e9e. Pacificorp a d\u00e9pos\u00e9 un projet de licence. <span class='tooltipsall tooltip_post_id_5562 classtoolTips113'>exemption<\/span> une demande en mai 2025, plut\u00f4t qu&#039;une demande de renouvellement de licence.<\/p>\n<p><strong>2024:<\/strong> Aucun changement important ni probl\u00e8me de conformit\u00e9 n&#039;a \u00e9t\u00e9 identifi\u00e9. Le projet demeure conforme suite \u00e0 l&#039;examen annuel. Concernant la condition 1, le projet n&#039;a signal\u00e9 aucune activit\u00e9.<\/p>\n<p><strong>2023:<\/strong> Aucun changement important ni probl\u00e8me de conformit\u00e9 n&#039;a \u00e9t\u00e9 identifi\u00e9. Le projet demeure conforme suite \u00e0 l&#039;examen annuel. Concernant la condition 1, le projet n&#039;a signal\u00e9 aucune activit\u00e9.<\/p>\n<p><strong>2022:<\/strong> Aucun changement important ni probl\u00e8me de conformit\u00e9 n&#039;a \u00e9t\u00e9 identifi\u00e9. Le projet demeure conforme suite \u00e0 l&#039;examen annuel. Concernant la condition 1, le projet n&#039;a signal\u00e9 aucune activit\u00e9. Le projet a entam\u00e9 le processus de renouvellement de licence aupr\u00e8s de la FERC avec le d\u00e9p\u00f4t de l&#039;avis d&#039;intention et du formulaire de demande d&#039;autorisation (PAD) le 5 juillet 2022, conform\u00e9ment au processus de renouvellement de licence TLP.<\/p>\n<p><strong>2021:<\/strong> Aucun changement ni probl\u00e8me de conformit\u00e9 n&#039;a \u00e9t\u00e9 signal\u00e9. Le projet demeure conforme suite \u00e0 l&#039;examen annuel. Concernant la condition 1, le projet n&#039;a signal\u00e9 aucune activit\u00e9.<\/p>\n<p><strong>2020:<\/strong> Aucun changement ni probl\u00e8me de conformit\u00e9 n&#039;a \u00e9t\u00e9 signal\u00e9. Le projet demeure conforme suite \u00e0 l&#039;examen annuel. Concernant la condition 1, le projet n&#039;a signal\u00e9 aucune activit\u00e9.<\/p>\n<hr \/>\n<h3>Historique des certifications<\/h3>\n<p><strong>1er janvier 2022 :<\/strong> La dur\u00e9e du certificat LIHI a \u00e9t\u00e9 prolong\u00e9e conform\u00e9ment \u00e0 la r\u00e9vision 2.05 du manuel de certification LIHI 2e \u00e9dition publi\u00e9 le 1er janvier 2022. Reportez-vous au tableau des \u00e9tablissements ci-dessus pour conna\u00eetre la nouvelle dur\u00e9e.<\/p>\n<p><strong>5 novembre 2020 :<\/strong> La d\u00e9cision de recertifier le projet Ashton est devenue d\u00e9finitive apr\u00e8s la cl\u00f4ture de la p\u00e9riode d&#039;appel, le 31 octobre 2020, sans qu&#039;aucun appel n&#039;ait \u00e9t\u00e9 d\u00e9pos\u00e9. La p\u00e9riode de certification s&#039;\u00e9tend du 31 d\u00e9cembre 2019 au 30 d\u00e9cembre 2024.<\/p>\n<p><strong>1er octobre 2020 :<\/strong> Le Low Impact Hydropower Institute (LIHI) a approuv\u00e9 \u00e0 titre pr\u00e9liminaire le projet Ashton pour une nouvelle p\u00e9riode de cinq ans de certification \u00e0 faible impact. Le projet est situ\u00e9 \u00e0 Henry&#039;s Fork, sur la rivi\u00e8re Snake, dans l&#039;Idaho. Cette d\u00e9cision est provisoire, dans l&#039;attente d&#039;un d\u00e9lai d&#039;appel de 30 jours. Seuls les participants ayant comment\u00e9 la demande initiale pendant ce d\u00e9lai de 60 jours sont autoris\u00e9s \u00e0 d\u00e9poser un recours. Ce recours doit inclure une explication expliquant en quoi le projet ne r\u00e9pond pas aux crit\u00e8res du LIHI. Les demandes de recours peuvent \u00eatre soumises par courriel \u00e0 l&#039;adresse suivante\u00a0: <a href=\"mailto:comments@lowimpacthydro.org\">comments@lowimpacthydro.org<\/a> avec \u00ab\u00a0Projet Ashton\u00a0\u00bb en objet, ou par courrier adress\u00e9 au Low Impact Hydropower Institute, 329 Massachusetts Ave, Suite 6, Lexington, MA 02420. Toutes les demandes seront publi\u00e9es sur le site web. Le demandeur aura la possibilit\u00e9 de r\u00e9pondre, et toute r\u00e9ponse sera \u00e9galement publi\u00e9e. <strong>Les demandes doivent \u00eatre re\u00e7ues avant 17 h, heure de l\u2019Est, le 31 octobre 2020.<\/strong> Le dossier complet et le rapport d&#039;\u00e9valuation sont disponibles ci-dessous. Si aucune demande d&#039;appel n&#039;est re\u00e7ue et que la d\u00e9cision devient d\u00e9finitive, la p\u00e9riode de certification du projet s&#039;\u00e9tendra du 31 d\u00e9cembre 2019 au 30 d\u00e9cembre 2024.<\/p>\n<p><strong>13 juillet 2020 :<\/strong> Le Low Impact Hydropower Institute a re\u00e7u une demande compl\u00e8te de recertification \u00ab\u00a0faible impact\u00a0\u00bb pour le projet hydro\u00e9lectrique d&#039;Ashton. Le dossier complet est disponible ci-dessous. Le LIHI sollicite les commentaires du public sur cette demande. Les commentaires directement li\u00e9s \u00e0 ses crit\u00e8res sp\u00e9cifiques (d\u00e9bits, qualit\u00e9 de l&#039;eau, etc.) <span class='tooltipsall tooltip_post_id_5566 classtoolTips59'>passage des poissons<\/span>, etc.) seront tr\u00e8s utiles, mais tous les commentaires seront pris en compte. Les commentaires peuvent \u00eatre soumis \u00e0 l&#039;Institut par courrier \u00e9lectronique \u00e0 l&#039;adresse\u00a0<a href=\"mailto:comments@lowimpacthydro.org\">comments@lowimpacthydro.org<\/a>\u00a0avec \u00ab Commentaires sur le projet Ashton \u00bb dans la ligne d&#039;objet, ou par courrier adress\u00e9 au Low Impact Hydropower Institute, 329 Massachusetts Avenue, Suite 6, Lexington, MA 02420.\u00a0 <strong>Les commentaires doivent \u00eatre re\u00e7us au plus tard \u00e0 17 heures, heure de l&#039;Est, le 11 septembre 2020.<\/strong>\u00a0\u00e0 prendre en consid\u00e9ration. Tous les commentaires seront publi\u00e9s sur le site Web et le candidat aura la possibilit\u00e9 d&#039;y r\u00e9pondre. Toute r\u00e9ponse sera \u00e9galement publi\u00e9e.<\/p>\n<p><strong>8 novembre 2015 :<\/strong> Michael J. Sale, directeur ex\u00e9cutif du LIHI, s&#039;appuyant sur les pouvoirs d\u00e9l\u00e9gu\u00e9s par le conseil d&#039;administration du LIHI, a certifi\u00e9 que le projet hydro\u00e9lectrique d&#039;Ashton (FERC n\u00b0 P-2381) continue de satisfaire aux crit\u00e8res de certification du LIHI. Une d\u00e9cision pr\u00e9liminaire a \u00e9t\u00e9 annonc\u00e9e le 9 novembre 2015, et une p\u00e9riode d&#039;appel de 30 jours \u00e9tait ouverte jusqu&#039;au 8 d\u00e9cembre 2015. Aucune demande d&#039;appel n&#039;a \u00e9t\u00e9 re\u00e7ue. La certification du projet Ashton entrera en vigueur le 31 d\u00e9cembre 2014 pour une dur\u00e9e de cinq (5) ans, qui expirera le 31 d\u00e9cembre 2019.<\/p>\n<p><strong>3 f\u00e9vrier 2015 :<\/strong> Le Low Impact Hydropower Institute a re\u00e7u une demande compl\u00e8te et ponctuelle pour une nouvelle p\u00e9riode de certification Low Impact pour le projet hydro\u00e9lectrique d&#039;Ashton. Veuillez consulter les dossiers de candidature ci-dessous.<\/p>\n<p><strong>22 octobre 2010 :<\/strong> Le projet hydro\u00e9lectrique d&#039;Ashton a \u00e9t\u00e9 certifi\u00e9 \u00e0 faible impact pour une dur\u00e9e de cinq ans, \u00e0 compter du 31 d\u00e9cembre 2009 et expirant le 31 d\u00e9cembre 2014.<\/p>\n<p><strong>1er mars 2010 :<\/strong> LIHI a re\u00e7u une lettre de commentaires de la Fondation Henry Fork. Une copie de cette lettre peut \u00eatre consult\u00e9e ou t\u00e9l\u00e9charg\u00e9e dans la section \u00ab\u00a0Fichiers\u00a0\u00bb ci-dessous (Ashton LIHI sur ltrhd.doc).<\/p>\n<p><strong>31 d\u00e9cembre 2009 :<\/strong> PacifiCorp Energy a d\u00e9pos\u00e9 une demande de certification pour le projet hydro\u00e9lectrique d&#039;Ashton. La p\u00e9riode de consultation publique sera ouverte pendant 60 jours.<\/p>\n<hr \/>\n<h3>Dossiers de certification<\/h3>\n<h4>Recertification 2020<\/h4>\n<ul style=\"color: black;\">\n<li><a href=\"https:\/\/lowimpacthydro.org\/wp-content\/uploads\/2023\/06\/Ashton-Recertification-Report-2020.pdf\">Rapport de recertification Ashton 2020<\/a><\/li>\n<li><a href=\"https:\/\/lowimpacthydro.org\/wp-content\/uploads\/2020\/07\/Ashton-LIHI-61-Recert-App-Final-20191223.pdf\">Demande de recertification Ashton<\/a><\/li>\n<\/ul>\n<h4>Recertification 2014<\/h4>\n<ul style=\"color: black;\">\n<li><a href=\"https:\/\/lowimpacthydro.org\/wp-content\/uploads\/2020\/07\/RecommendationMemoAshton.pdf\" target=\"_blank\" rel=\"noopener noreferrer\">Rapport de recommandation de recertification d&#039;Ashton<\/a><\/li>\n<li><a href=\"https:\/\/lowimpacthydro.org\/wp-content\/uploads\/2020\/07\/2014-Ashton-Recertification-Questionnaire.pdf\" target=\"_blank\" rel=\"noopener noreferrer\">Questionnaire de recertification Ashton 2014<\/a><\/li>\n<li><a href=\"https:\/\/lowimpacthydro.org\/wp-content\/uploads\/2020\/07\/2014-Ashton-Attachments-to-Recertification-Questionnaire.pdf\" target=\"_blank\" rel=\"noopener noreferrer\">Pi\u00e8ces jointes d&#039;Ashton au questionnaire de recertification 2014<\/a><\/li>\n<li><a href=\"https:\/\/lowimpacthydro.org\/wp-content\/uploads\/2020\/07\/2014-Ashton-Recertification-Statement.pdf\" target=\"_blank\" rel=\"noopener noreferrer\">D\u00e9claration de recertification d&#039;Ashton 2014<\/a><\/li>\n<\/ul>\n<h4>Certification 2009<\/h4>\n<ul style=\"color: black;\">\n<li><a href=\"https:\/\/lowimpacthydro.org\/wp-content\/uploads\/2020\/07\/Ashton-Report_FINAL.pdf\">Rapport d&#039;examen de la certification Ashton<\/a><\/li>\n<li><a href=\"https:\/\/lowimpacthydro.org\/wp-content\/uploads\/2020\/07\/AshtonQuestionnaire.pdf\" target=\"_blank\" rel=\"noopener noreferrer\">Questionnaire de certification Ashton<\/a><\/li>\n<li><a href=\"https:\/\/lowimpacthydro.org\/wp-content\/uploads\/2020\/07\/AshtonAttachmentstoQuestionnaire.pdf\" target=\"_blank\" rel=\"noopener noreferrer\">Pi\u00e8ces jointes du questionnaire Ashton<\/a><\/li>\n<li><a href=\"https:\/\/lowimpacthydro.org\/wp-content\/uploads\/2020\/07\/AshtonCertificationStatement.pdf\" target=\"_blank\" rel=\"noopener noreferrer\">D\u00e9claration de certification Ashton<\/a><\/li>\n<li><a href=\"https:\/\/lowimpacthydro.org\/wp-content\/uploads\/2020\/07\/AshtonLIHIonltrhd.doc\" target=\"_blank\" rel=\"noopener noreferrer\">Lettre de commentaires de la Fondation Henry&#039;s Fork Inc. \u2013 Certification Ashton<\/a><\/li>\n<\/ul>\n<hr \/>\n<h3>Documents cl\u00e9s<\/h3>\n<ul>\n<li><a href=\"https:\/\/lowimpacthydro.org\/wp-content\/uploads\/2023\/06\/1987-FERC-license-Ashton.pdf\">Licence FERC 1987<\/a><\/li>\n<li><a href=\"https:\/\/lowimpacthydro.org\/wp-content\/uploads\/2023\/06\/1986-FERC-EA-Ashton.pdf\">\u00c9valuation environnementale de la FERC de 1986<\/a><\/li>\n<li><a href=\"https:\/\/lowimpacthydro.org\/wp-content\/uploads\/2023\/06\/1985-WQC-Ashton.pdf\">Certification de la qualit\u00e9 de l&#039;eau 1985<\/a><\/li>\n<\/ul>","protected":false},"excerpt":{"rendered":"<p>Project Name Ashton LIHI Certificate No. 61 LIHI Certificate Term December 31, 2019 &#8211; December 30, 2029 Owner PacifiCorp Energy State Idaho Location Located at river<span class=\"excerpt-hellip\"> [\u2026]<\/span><\/p>\n","protected":false},"author":1,"featured_media":-1,"parent":0,"menu_order":0,"comment_status":"closed","ping_status":"closed","template":"","meta":{"_coblocks_attr":"","_coblocks_dimensions":"","_coblocks_responsive_height":"","_coblocks_accordion_ie_support":"","om_disable_all_campaigns":false,"_monsterinsights_skip_tracking":false,"_monsterinsights_sitenote_active":false,"_monsterinsights_sitenote_note":"","_monsterinsights_sitenote_category":0,"footnotes":""},"class_list":["post-1118","page","type-page","status-publish","has-post-thumbnail","hentry"],"aioseo_notices":[],"_links":{"self":[{"href":"https:\/\/lowimpacthydro.org\/fr\/wp-json\/wp\/v2\/pages\/1118","targetHints":{"allow":["GET"]}}],"collection":[{"href":"https:\/\/lowimpacthydro.org\/fr\/wp-json\/wp\/v2\/pages"}],"about":[{"href":"https:\/\/lowimpacthydro.org\/fr\/wp-json\/wp\/v2\/types\/page"}],"author":[{"embeddable":true,"href":"https:\/\/lowimpacthydro.org\/fr\/wp-json\/wp\/v2\/users\/1"}],"replies":[{"embeddable":true,"href":"https:\/\/lowimpacthydro.org\/fr\/wp-json\/wp\/v2\/comments?post=1118"}],"version-history":[{"count":13,"href":"https:\/\/lowimpacthydro.org\/fr\/wp-json\/wp\/v2\/pages\/1118\/revisions"}],"predecessor-version":[{"id":10193,"href":"https:\/\/lowimpacthydro.org\/fr\/wp-json\/wp\/v2\/pages\/1118\/revisions\/10193"}],"wp:featuredmedia":[{"embeddable":true,"href":"https:\/\/lowimpacthydro.org\/fr\/wp-json\/"}],"wp:attachment":[{"href":"https:\/\/lowimpacthydro.org\/fr\/wp-json\/wp\/v2\/media?parent=1118"}],"curies":[{"name":"wp","href":"https:\/\/api.w.org\/{rel}","templated":true}]}}