{"id":1088,"date":"2020-07-20T23:11:44","date_gmt":"2020-07-21T03:11:44","guid":{"rendered":"https:\/\/lowimpacthydro.org\/?page_id=1088"},"modified":"2026-04-15T12:19:44","modified_gmt":"2026-04-15T16:19:44","slug":"lihi-certificate-115-glendale-hydroelectric-project-massachusetts","status":"publish","type":"page","link":"https:\/\/lowimpacthydro.org\/fr\/lihi-certificate-115-glendale-hydroelectric-project-massachusetts\/","title":{"rendered":"Certificat LIHI #115 \u2013 Projet hydro\u00e9lectrique de Glendale, Massachusetts"},"content":{"rendered":"<table class=\"alignright\" style=\"width: 351px; border: 2px; cellspacing: 2px; cellpadding: 2px; margin-left: 50px;\">\n<tbody>\n<tr style=\"height: 24px;\">\n<td style=\"width: 38.2026%; height: 24px;\"><strong>Nom du projet<\/strong><\/td>\n<td style=\"width: 52.7788%; height: 24px;\">Glendale<\/td>\n<\/tr>\n<tr style=\"height: 24px;\">\n<td style=\"width: 38.2026%; height: 24px;\"><strong>Num\u00e9ro de certificat LIHI<\/strong><\/td>\n<td style=\"width: 52.7788%; height: 24px;\">115<\/td>\n<\/tr>\n<tr style=\"height: 77px;\">\n<td style=\"width: 38.2026%; height: 77px;\"><strong>Dur\u00e9e du certificat LIHI<br \/>\n<\/strong><\/td>\n<td style=\"width: 52.7788%; height: 77px;\">\n<p style=\"text-align: left;\">1er avril 2019 \u2013 31 mars 2029<\/p>\n<\/td>\n<\/tr>\n<tr style=\"height: 24px;\">\n<td style=\"width: 38.2026%; height: 24px;\"><strong>Propri\u00e9taire<\/strong><\/td>\n<td style=\"width: 52.7788%; height: 24px;\">Hitchcock Hydro, LLC, une filiale de Relevate Power LLC<\/td>\n<\/tr>\n<tr style=\"height: 24px;\">\n<td style=\"width: 38.2026%; height: 24px;\"><strong>\u00c9tat<\/strong><\/td>\n<td style=\"width: 52.7788%; height: 24px;\">Massachusetts<\/td>\n<\/tr>\n<tr style=\"height: 72px;\">\n<td style=\"width: 38.2026%; height: 72px;\"><strong>Emplacement<\/strong><\/td>\n<td style=\"width: 52.7788%; height: 72px;\">Situ\u00e9 au mile 122 sur la rivi\u00e8re Housatonic dans la ville de Stockbridge, comt\u00e9 de Berkshire, MA.<\/td>\n<\/tr>\n<tr style=\"height: 24px;\">\n<td style=\"width: 38.2026%; height: 24px;\"><strong>Capacit\u00e9 install\u00e9e<\/strong><\/td>\n<td style=\"width: 52.7788%; height: 24px;\">1,14 MW<\/td>\n<\/tr>\n<tr style=\"height: 48px;\">\n<td style=\"width: 38.2026%; height: 48px;\"><strong>G\u00e9n\u00e9ration annuelle moyenne<\/strong><\/td>\n<td style=\"width: 52.7788%; height: 48px;\">5 000 MWH<\/td>\n<\/tr>\n<tr style=\"height: 24px;\">\n<td style=\"width: 38.2026%; height: 24px;\"><strong>Type d&#039;\u00e9tablissement<\/strong><\/td>\n<td style=\"width: 52.7788%; height: 24px;\"><span class='tooltipsall tooltip_post_id_5643 classtoolTips52'>Au fil de l&#039;eau<\/span><\/td>\n<\/tr>\n<tr style=\"height: 24px;\">\n<td style=\"width: 38.2026%; height: 24px;\"><strong><span class='tooltipsall tooltip_post_id_5565 classtoolTips152'>F\u00e9d\u00e9ration internationale de radio-t\u00e9l\u00e9vision (FERC)<\/span> Non.<\/strong><\/td>\n<td style=\"width: 52.7788%; height: 24px;\">P-2801 d\u00e9livr\u00e9 en 2009, expire le 31\/10\/2049<\/td>\n<\/tr>\n<\/tbody>\n<\/table>\n<p>Le projet Glendale est situ\u00e9 sur la rivi\u00e8re Housatonic dans la ville de Stockbridge, dans le comt\u00e9 de Berkshire, au Massachusetts. <span class='tooltipsall tooltip_post_id_5545 classtoolTips158'>barrage<\/span> et <span class='tooltipsall tooltip_post_id_5624 classtoolTips102'>centrale<\/span> ont \u00e9t\u00e9 construits en 1906. La rivi\u00e8re Housatonic a une superficie totale de drainage de 1 948 milles carr\u00e9s, coulant de son <span class='tooltipsall tooltip_post_id_5583 classtoolTips100'>sources<\/span> Pr\u00e8s de la ville de Pittsfield, vers le sud sur environ 240 kilom\u00e8tres \u00e0 travers l&#039;ouest du Massachusetts et le Connecticut, avant de se jeter dans le d\u00e9troit de Long Island entre Stratford et Milford, dans le Connecticut. Ce projet est le septi\u00e8me barrage sur le fleuve en amont de son embouchure dans le d\u00e9troit de Long Island.<\/p>\n<p>Le projet comprend une structure en b\u00e9ton de 250 pieds de long et de 30 pieds de haut. <span class='tooltipsall tooltip_post_id_5580 classtoolTips81'>barrage-poids<\/span> avec une longueur de 182 pieds <span class='tooltipsall tooltip_post_id_5651 classtoolTips116'>d\u00e9versoir<\/span> et une gu\u00e9rite contenant deux portes de 10 pieds sur 10 \u00e0 commande manuelle <span class='tooltipsall tooltip_post_id_5537 classtoolTips143'>canal<\/span> admission <span class='tooltipsall tooltip_post_id_5578 classtoolTips153'>portes<\/span> et une fente de waste gate \u00e9quip\u00e9e de deux waste gates de 8 pieds sur 8 pieds. Une nouvelle verticale <span class='tooltipsall tooltip_post_id_5576 classtoolTips39'>Turbine Francis<\/span> Le groupe \u00e9lectrog\u00e8ne est situ\u00e9 dans la gu\u00e9rite et a une puissance install\u00e9e de 0,165 MW. Il est utilis\u00e9 pour produire de l&#039;\u00e9lectricit\u00e9 \u00e0 partir du d\u00e9bit minimal requis par le projet. La prise d&#039;eau est \u00e9quip\u00e9e de grilles \u00e0 gravats espac\u00e9es de 2,5 cm. Un canal de prise d&#039;eau de 450 m\u00e8tres de long et 12 m\u00e8tres de large achemine l&#039;eau vers un bassin d&#039;admission \u00e9quip\u00e9 de grilles \u00e0 gravats espac\u00e9es de 2,5 cm et d&#039;une vanne de d\u00e9charge hydraulique. Une vanne en acier de 76 m\u00e8tres de long et 3,6 m\u00e8tres de diam\u00e8tre <span class='tooltipsall tooltip_post_id_5619 classtoolTips124'>conduite forc\u00e9e<\/span> Le canal de fuite achemine l&#039;eau du canal jusqu&#039;\u00e0 la centrale \u00e9lectrique principale, compos\u00e9e de quatre turbines verticales semi-Kaplan (\u00e0 pales fixes) d&#039;une puissance install\u00e9e totale de 1,14 MW. Le canal de fuite mesure 91 m\u00e8tres de long et cr\u00e9e une d\u00e9rivation de 760 m\u00e8tres de long entre le barrage et le canal de fuite.<\/p>\n<p>Le projet op\u00e8re dans <span class='tooltipsall tooltip_post_id_5643 classtoolTips52'>au fil de l&#039;eau<\/span> Le projet pr\u00e9voit un mode de fonctionnement et la mise en eau d&#039;un r\u00e9servoir de 23 acres. Le projet exige un d\u00e9bit minimal de 90 pi\u00b3\/s (ou un d\u00e9bit entrant si inf\u00e9rieur) dirig\u00e9 vers le tron\u00e7on de d\u00e9rivation afin de prot\u00e9ger et d&#039;am\u00e9liorer l&#039;habitat des poissons et de la vie aquatique. Le r\u00e9gime d&#039;\u00e9coulement a \u00e9t\u00e9 \u00e9labor\u00e9 en consultation avec la FERC et le D\u00e9partement de la protection de l&#039;environnement du Massachusetts. Le projet utilise un <span class='tooltipsall tooltip_post_id_5626 classtoolTips6'>Contr\u00f4leur logique programmable<\/span> pour assurer l&#039;exploitation au fil de l&#039;eau.<\/p>\n<p>Les eaux situ\u00e9es dans la zone du projet sont class\u00e9es comme \u00e9tant de classe B et d\u00e9grad\u00e9es en raison de la pr\u00e9sence de moules z\u00e9br\u00e9es et d&#039;une croissance excessive d&#039;algues. <span class='tooltipsall tooltip_post_id_5616 classtoolTips157'>biph\u00e9nyles polychlor\u00e9s<\/span> (PCB) dans les tissus et les s\u00e9diments des poissons, ainsi que le phosphore total. Un site Superfund \u00e0 Pittsfield, dans le Massachusetts, est responsable de la d\u00e9gradation des PCB. Le plan de surveillance et de contr\u00f4le des esp\u00e8ces envahissantes du projet exige un rapport semestriel sur la pr\u00e9sence d&#039;esp\u00e8ces envahissantes et les efforts de contr\u00f4le et d&#039;\u00e9limination. Ce rapport est soumis au D\u00e9partement de la protection de l&#039;environnement du Massachusetts, \u00e0 la Division des p\u00eaches et de la faune du Massachusetts et au Service am\u00e9ricain de la p\u00eache et de la faune sauvage. L&#039;exploitation au fil de l&#039;eau et le d\u00e9bit minimal continu ont efficacement \u00e9limin\u00e9 tout impact du projet sur la qualit\u00e9 de l&#039;eau.<\/p>\n<p>Les barrages en aval cr\u00e9ent un obstacle au passage en amont. Aucune esp\u00e8ce de poisson migrateur n&#039;a \u00e9t\u00e9 identifi\u00e9e dans la zone du projet. Des grilles \u00e0 d\u00e9chets espac\u00e9es de 2,5 cm et dont la vitesse d&#039;approche ne d\u00e9passe pas 60 cm par seconde att\u00e9nuent les risques. <span class='tooltipsall tooltip_post_id_5558 classtoolTips77'>entra\u00eenement<\/span>.<\/p>\n<p>La propri\u00e9t\u00e9 du projet s&#039;\u00e9tend sur environ 12 acres. Il n&#039;y a pas de terres de valeur \u00e9cologique significative dans la zone du projet. Le littoral varie de bas en haut <span class='tooltipsall tooltip_post_id_5670 classtoolTips125'>zone humide<\/span> zone aux berges abruptes et en pente. Le d\u00e9veloppement r\u00e9sidentiel, les routes et la voie ferr\u00e9e limitent la v\u00e9g\u00e9tation <span class='tooltipsall tooltip_post_id_5635 classtoolTips115'>riverain<\/span> zone. Un plan de contr\u00f4le des esp\u00e8ces envahissantes est n\u00e9cessaire pour contr\u00f4ler et surveiller les esp\u00e8ces v\u00e9g\u00e9tales envahissantes et les fortes densit\u00e9s de moules z\u00e9br\u00e9es dans la zone du projet.<\/p>\n<p>Les esp\u00e8ces menac\u00e9es et en voie de disparition potentiellement pr\u00e9sentes \u00e0 proximit\u00e9 du projet comprennent : la chauve-souris nordique \u00e0 longues oreilles, le jonc nain, le meunier rouge, le gomphe \u00e0 poil court et la moule grimpante.<\/p>\n<p>Le projet ne pr\u00e9voit pas d&#039;abattage d&#039;arbres ni d&#039;activit\u00e9s ayant un impact sur l&#039;habitat des populations de chauves-souris nordiques. Toute gestion de la v\u00e9g\u00e9tation dans le bassin de retenue ou le tron\u00e7on de contournement pourrait n\u00e9cessiter un plan de protection des plantes rares, pr\u00e9c\u00e9d\u00e9 d&#039;un inventaire des plantes rares. Une consultation avec le Programme du patrimoine naturel et des esp\u00e8ces menac\u00e9es de la Division des p\u00eaches et de la faune du Massachusetts a permis d&#039;\u00e9tablir quatre conditions \u00e0 respecter pour \u00e9viter la capture interdite d&#039;esp\u00e8ces inscrites sur la liste de l&#039;\u00c9tat, notamment des dispositions relatives \u00e0 la vidange et au remplissage non urgents, \u00e0 la gestion de la v\u00e9g\u00e9tation et \u00e0 la gestion des esp\u00e8ces menac\u00e9es. <span class='tooltipsall tooltip_post_id_5670 classtoolTips125'>zones humides<\/span> protection.<\/p>\n<p>Le site du projet Glendale, qui comprend 11 structures actuelles et anciennes, est inscrit au Registre national des biens historiques. Le ma\u00eetre d&#039;ouvrage doit consulter le Bureau de pr\u00e9servation historique de l&#039;\u00c9tat, la FERC et la Commission de pr\u00e9servation historique de la ville de Stockbridge avant d&#039;entreprendre toute activit\u00e9 susceptible de perturber le sol.<\/p>\n<p>Les ressources r\u00e9cr\u00e9atives du projet comprennent un portage pour canots et un acc\u00e8s \u00e0 la p\u00eache. Une rivi\u00e8re <a href=\"https:\/\/hvatoday.org\/publications\/\">guide de pagaie<\/a> est accessible et le tron\u00e7on aval est d\u00e9sign\u00e9 comme rapide de classe III. L&#039;acc\u00e8s public est gratuit.<\/p>\n<hr \/>\n<h3>\u00c9tat de conformit\u00e9<\/h3>\n<p><strong>Le certificat comprend la condition sp\u00e9cifique \u00e0 l&#039;\u00e9tablissement suivante :<\/strong><\/p>\n<p><strong>Condition 1 : <\/strong>Le propri\u00e9taire de l&#039;installation doit se conformer aux quatre conditions \u00e9num\u00e9r\u00e9es dans la lettre de la Division des p\u00eaches et de la faune du Massachusetts dat\u00e9e du 19 novembre 2019, soumise dans le cadre de la demande LIHI. Le propri\u00e9taire doit r\u00e9sumer toutes les activit\u00e9s li\u00e9es \u00e0 ces conditions dans les rapports annuels de conformit\u00e9.<\/p>\n<p><strong>2026<\/strong> Aucun changement important ni probl\u00e8me de conformit\u00e9 n&#039;a \u00e9t\u00e9 identifi\u00e9. Le projet demeure conforme suite \u00e0 l&#039;examen annuel. Concernant la condition 1, le projet a d\u00e9clar\u00e9 \u00eatre conforme aux conditions du MDFW et aucune activit\u00e9 connexe n&#039;a \u00e9t\u00e9 men\u00e9e.<\/p>\n<p><strong>2025<\/strong> Aucun changement important ni probl\u00e8me de conformit\u00e9 n&#039;a \u00e9t\u00e9 identifi\u00e9. Le projet demeure conforme suite \u00e0 l&#039;examen annuel. Concernant la condition 1, le projet a d\u00e9clar\u00e9 \u00eatre conforme aux conditions du MDFW et aucune activit\u00e9 connexe n&#039;a \u00e9t\u00e9 men\u00e9e.<\/p>\n<p><strong>2024:<\/strong> Aucun changement important ni probl\u00e8me de conformit\u00e9 n&#039;a \u00e9t\u00e9 identifi\u00e9. Le projet demeure conforme suite \u00e0 l&#039;examen annuel. Concernant la condition 1, le projet a d\u00e9clar\u00e9 \u00eatre conforme aux conditions du MDFW et aucune activit\u00e9 connexe n&#039;a \u00e9t\u00e9 men\u00e9e.<\/p>\n<p><strong>2023:<\/strong> Aucun changement important ni probl\u00e8me de conformit\u00e9 n&#039;a \u00e9t\u00e9 identifi\u00e9. Le projet demeure conforme suite \u00e0 l&#039;examen annuel. Concernant la condition 1, le projet a d\u00e9clar\u00e9 \u00eatre conforme aux conditions du MDFW et aucune activit\u00e9 connexe n&#039;a \u00e9t\u00e9 men\u00e9e.<\/p>\n<p><strong>2022:<\/strong> Aucun changement important ni probl\u00e8me de conformit\u00e9 n&#039;a \u00e9t\u00e9 identifi\u00e9. Le projet demeure conforme suite \u00e0 l&#039;examen annuel. Concernant la condition 1, le projet a d\u00e9clar\u00e9 \u00eatre conforme aux conditions du MDFW et aucune activit\u00e9 connexe n&#039;a \u00e9t\u00e9 men\u00e9e.<\/p>\n<p><strong>2021:<\/strong> Aucun changement ni probl\u00e8me de conformit\u00e9 n&#039;a \u00e9t\u00e9 signal\u00e9. Le projet demeure conforme \u00e0 l&#039;issue de l&#039;examen annuel. Concernant la condition 1, le projet a d\u00e9clar\u00e9 \u00eatre conforme aux conditions du MDFW et aucune activit\u00e9 connexe n&#039;a \u00e9t\u00e9 men\u00e9e.<\/p>\n<p><strong>2020:<\/strong> Le rapport annuel pour le certificat actuel n\u2019est pas encore entr\u00e9 en vigueur.<\/p>\n<hr \/>\n<h3>Historique des certifications<\/h3>\n<p><strong>1er janvier 2022 :<\/strong> La dur\u00e9e du certificat LIHI a \u00e9t\u00e9 prolong\u00e9e conform\u00e9ment \u00e0 la r\u00e9vision 2.05 du manuel de certification LIHI 2e \u00e9dition publi\u00e9 le 1er janvier 2022. Reportez-vous au tableau des \u00e9tablissements ci-dessus pour conna\u00eetre la nouvelle dur\u00e9e.<\/p>\n<p><strong>31 mars 2020 :<\/strong> La d\u00e9cision de recertifier le projet Glendale est devenue d\u00e9finitive apr\u00e8s la cl\u00f4ture de la p\u00e9riode d&#039;appel, le 27 mars 2020, sans qu&#039;aucun appel n&#039;ait \u00e9t\u00e9 d\u00e9pos\u00e9. La p\u00e9riode de certification s&#039;\u00e9tend du 1er avril 2019 au 31 mars 2024.<\/p>\n<p><strong>26 f\u00e9vrier 2020 :<\/strong> Le Low Impact Hydropower Institute a approuv\u00e9 \u00e0 titre pr\u00e9liminaire la recertification du projet Glendale pour une nouvelle p\u00e9riode de cinq ans. Cette d\u00e9cision est provisoire, dans l&#039;attente d&#039;un d\u00e9lai d&#039;appel de 30 jours. Seuls les intervenants ayant comment\u00e9 la demande initiale pendant ce d\u00e9lai de 60 jours sont autoris\u00e9s \u00e0 d\u00e9poser un recours. Ce recours doit inclure une explication expliquant en quoi le projet ne r\u00e9pond pas aux crit\u00e8res du LIHI. Les demandes de recours peuvent \u00eatre soumises par courriel \u00e0 l&#039;adresse suivante\u00a0: <a href=\"mailto:comments@lowimpacthydro.org\">comments@lowimpacthydro.org<\/a> avec \u00ab\u00a0Projet Glendale\u00a0\u00bb en objet, ou par courrier adress\u00e9 au Low Impact Hydropower Institute, 329 Massachusetts Ave, Suite 6, Lexington, MA 02420. Toutes les demandes seront publi\u00e9es sur le site web. Le demandeur aura la possibilit\u00e9 de r\u00e9pondre, et toute r\u00e9ponse sera \u00e9galement publi\u00e9e. <strong>Les demandes doivent \u00eatre re\u00e7ues avant 17 h, heure de l&#039;Est, le 27 mars 2020.<\/strong>Le dossier complet et le rapport d&#039;\u00e9valuation sont disponibles ci-dessous. Si aucune demande d&#039;appel n&#039;est re\u00e7ue et que la d\u00e9cision devient d\u00e9finitive, la p\u00e9riode de certification du projet s&#039;\u00e9tendra du 1er avril 2019 au 31 mars 2024.<\/p>\n<p><strong>16 d\u00e9cembre 2019 :<\/strong> Le Low Impact Hydropower Institute a re\u00e7u une demande compl\u00e8te de recertification \u00e0 faible impact pour le projet hydro\u00e9lectrique de Glendale. Le LIHI sollicite les commentaires du public sur cette demande. Plus pr\u00e9cis\u00e9ment, nous souhaitons savoir si, selon vous, le projet r\u00e9pond aux crit\u00e8res de certification \u00e0 faible impact du LIHI, tels que r\u00e9vis\u00e9s dans la 2e \u00e9dition du manuel. Veuillez consulter le programme et les crit\u00e8res dans la version r\u00e9vis\u00e9e du LIHI. <a href=\"https:\/\/lowimpacthydro.org\/wp-content\/uploads\/2020\/07\/2nd-edition-handbook-20160315-rev2.02-7-20-16.pdf\">Manuel<\/a><a href=\"https:\/\/lowimpacthydro.org\/wp-content\/uploads\/2020\/07\/2nd-edition-handbook-20160315-rev2.02-7-20-16.pdf\">\u00a0<\/a>et examinez ensuite les documents de candidature du projet ci-dessous. Les commentaires directement li\u00e9s \u00e0 des crit\u00e8res LIHI sp\u00e9cifiques (d\u00e9bits, qualit\u00e9 de l&#039;eau, <span class='tooltipsall tooltip_post_id_5566 classtoolTips59'>passage des poissons<\/span>, etc.) seront tr\u00e8s utiles, mais tous les commentaires seront pris en compte. Les commentaires peuvent \u00eatre soumis \u00e0 l&#039;Institut par courrier \u00e9lectronique \u00e0 l&#039;adresse\u00a0<a href=\"mailto:comments@lowimpacthydro.org\">comments@lowimpacthydro.org<\/a> avec \u00ab\u00a0Commentaires sur le projet Glendale\u00a0\u00bb dans la ligne d&#039;objet, ou par courrier adress\u00e9 au Low Impact Hydropower Institute, 329 Massachusetts Avenue, Suite 6, Lexington, MA 02420.\u00a0 <strong>Les commentaires doivent \u00eatre re\u00e7us au plus tard \u00e0 17 heures, heure de l&#039;Est, le 14 f\u00e9vrier 2020.<\/strong>\u00a0\u00e0 prendre en consid\u00e9ration. Tous les commentaires seront publi\u00e9s sur le site Web et le candidat aura la possibilit\u00e9 d&#039;y r\u00e9pondre. Toute r\u00e9ponse sera \u00e9galement publi\u00e9e.<\/p>\n<p><strong>23 juin 2014 :<\/strong> Le projet Glendale est certifi\u00e9 \u00e0 faible impact pour une dur\u00e9e de cinq ans \u00e0 compter du 1er avril 2014 et expirant le 1er avril 2019.<\/p>\n<p><strong>30 mai 2014 : <\/strong>La p\u00e9riode de commentaires publics sur la demande est close.<\/p>\n<p><strong>28 mai 2014 : <\/strong>Le Low Impact Hydropower Institute a re\u00e7u une lettre de commentaires de Dennis Regan de la Housatonic Valley Association concernant la certification du projet Glendale.<\/p>\n<p><strong>1er avril 2014 : <\/strong>Littleville Power Company, Inc., une filiale d&#039;ENEL Green Power North America, a soumis une demande de certification pour le projet Glendale ; la p\u00e9riode de commentaires publics est ouverte.<\/p>\n<hr \/>\n<h3>Dossiers de certification<\/h3>\n<h4>Recertification 2019<\/h4>\n<ul style=\"color: black;\">\n<li><a href=\"https:\/\/lowimpacthydro.org\/wp-content\/uploads\/2020\/07\/Glendale-Stage-II-report_2020_02_25.pdf\">Rapport de recertification de Glendale 2019<\/a><\/li>\n<li><a href=\"https:\/\/lowimpacthydro.org\/wp-content\/uploads\/2020\/07\/Glendale-LIHI-Recertification-FINAL-090419.pdf\">Demande de recertification Glendale 2019<\/a><\/li>\n<\/ul>\n<h4>Certification 2014<\/h4>\n<ul style=\"color: black;\">\n<li><a href=\"https:\/\/lowimpacthydro.org\/wp-content\/uploads\/2020\/07\/20140613-FL-Glendale-Certification-Report-01.pdf\">Rapport d&#039;examen de la certification Glendale 2014<\/a><\/li>\n<li><a href=\"https:\/\/lowimpacthydro.org\/wp-content\/uploads\/2020\/07\/P-2801-Glendale-LIHI-Application_Questionnaire_021914.pdf\">Questionnaire de demande de certification Glendale 2014<\/a><\/li>\n<li><a href=\"https:\/\/lowimpacthydro.org\/wp-content\/uploads\/2020\/07\/Glendale-LIHI-Application_Attachments-A-Flows_part1.pdf\">Pi\u00e8ce jointe \u00e0 la demande \u2013 Flux Partie 1<\/a><\/li>\n<li><a href=\"https:\/\/lowimpacthydro.org\/wp-content\/uploads\/2020\/07\/Glendale-LIHI-Application_Attachments-A-Flows_part2.pdf\">Pi\u00e8ce jointe \u00e0 la demande \u2013 Flux, partie 2<\/a><\/li>\n<li><a href=\"https:\/\/lowimpacthydro.org\/wp-content\/uploads\/2020\/07\/Glendale-LIHI-Application_Attachments-A-Flows_part3.pdf\">Pi\u00e8ce jointe \u00e0 la demande \u2013 Flux Partie 3<\/a><\/li>\n<li><a href=\"https:\/\/lowimpacthydro.org\/wp-content\/uploads\/2020\/07\/Glendale-LIHI-Application_Attachments-B-water-quality_part1.pdf\">Pi\u00e8ce jointe \u00e0 la demande \u2013 Qualit\u00e9 de l&#039;eau, partie 1<\/a><\/li>\n<li><a href=\"https:\/\/lowimpacthydro.org\/wp-content\/uploads\/2020\/07\/Glendale-LIHI-Application_Attachments-B-water-quality_part2.pdf\">Pi\u00e8ce jointe \u00e0 la demande \u2013 Qualit\u00e9 de l&#039;eau, partie 2<\/a><\/li>\n<li><a href=\"https:\/\/lowimpacthydro.org\/wp-content\/uploads\/2020\/07\/Glendale-LIHI-Application_Attachments-B-water-quality_part3.pdf\">Pi\u00e8ce jointe \u00e0 la demande \u2013 Qualit\u00e9 de l&#039;eau, partie 3<\/a><\/li>\n<li><a href=\"https:\/\/lowimpacthydro.org\/wp-content\/uploads\/2020\/07\/Glendale-LIHI-Application_Attachments-C-FISH-PP.pdf\">Pi\u00e8ce jointe \u00e0 la demande \u2013 Passage des poissons<\/a><\/li>\n<li><a href=\"https:\/\/lowimpacthydro.org\/wp-content\/uploads\/2020\/07\/Glendale-LIHI-Application_Attachments-D-Shoreline-P.pdf\">Pi\u00e8ce jointe \u00e0 la demande \u2013 Protection du littoral<\/a><\/li>\n<li><a href=\"https:\/\/lowimpacthydro.org\/wp-content\/uploads\/2020\/07\/Glendale-LIHI-Application_Attachments-E-TE-species.pdf\">Pi\u00e8ce jointe \u00e0 la demande \u2013 Esp\u00e8ces menac\u00e9es et en voie de disparition<\/a><\/li>\n<li><a href=\"https:\/\/lowimpacthydro.org\/wp-content\/uploads\/2020\/07\/Glendale-LIHI-Application_Attachments-F-CRMP.pdf\">Pi\u00e8ce jointe \u00e0 la demande \u2013 Plan de gestion des ressources culturelles<\/a><\/li>\n<li><a href=\"https:\/\/lowimpacthydro.org\/wp-content\/uploads\/2020\/07\/Glendale-LIHI-Application_Attachments-G-RECREATION.pdf\">Pi\u00e8ce jointe \u00e0 la demande \u2013 Loisirs<\/a><\/li>\n<li><a href=\"https:\/\/lowimpacthydro.org\/wp-content\/uploads\/2020\/07\/UPLOAD-W-REST-OF-PDFS.jpg\">Carte du bassin<\/a><\/li>\n<li><a href=\"https:\/\/lowimpacthydro.org\/wp-content\/uploads\/2020\/07\/Glendale-LIHI-Application_Attachments-18-New-Generation.pdf\">Nouvelle g\u00e9n\u00e9ration<\/a><\/li>\n<li><a href=\"https:\/\/lowimpacthydro.org\/wp-content\/uploads\/2020\/07\/MADFW-Glendale-LIHI-comments04282014.pdf\">Commentaires sur le projet Glendale<\/a><\/li>\n<li><a href=\"https:\/\/lowimpacthydro.org\/wp-content\/uploads\/2020\/07\/Glendale-2014-Application-Comments.pdf\">Commentaires sur la demande de certification Glendale 2014<\/a><\/li>\n<\/ul>\n<hr \/>\n<h3>Documents cl\u00e9s<\/h3>\n<ul>\n<li><a href=\"https:\/\/lowimpacthydro.org\/wp-content\/uploads\/2020\/07\/Glendale-LIHI-Application_Attachment-6-LICENSE.pdf\">Licence FERC 2009 <\/a><\/li>\n<li><a href=\"https:\/\/lowimpacthydro.org\/wp-content\/uploads\/2023\/06\/2009-FERC-EA-Glendale.pdf\">\u00c9valuation environnementale de la FERC 2009<\/a><\/li>\n<li><a href=\"https:\/\/lowimpacthydro.org\/wp-content\/uploads\/2021\/01\/Glendale-WQC-2009.pdf\">Certification de la qualit\u00e9 de l&#039;eau 2009<\/a><\/li>\n<\/ul>","protected":false},"excerpt":{"rendered":"<p>Project Name Glendale LIHI Certificate No. 115 LIHI Certificate Term April 1, 2019 &#8211; Mach 31, 2029 Owner Hitchcock Hydro, LLC, a subsidiary of Relevate Power<span class=\"excerpt-hellip\"> [\u2026]<\/span><\/p>\n","protected":false},"author":1,"featured_media":-1,"parent":0,"menu_order":0,"comment_status":"closed","ping_status":"closed","template":"","meta":{"_coblocks_attr":"","_coblocks_dimensions":"","_coblocks_responsive_height":"","_coblocks_accordion_ie_support":"","om_disable_all_campaigns":false,"_monsterinsights_skip_tracking":false,"_monsterinsights_sitenote_active":false,"_monsterinsights_sitenote_note":"","_monsterinsights_sitenote_category":0,"footnotes":""},"class_list":["post-1088","page","type-page","status-publish","has-post-thumbnail","hentry"],"aioseo_notices":[],"_links":{"self":[{"href":"https:\/\/lowimpacthydro.org\/fr\/wp-json\/wp\/v2\/pages\/1088","targetHints":{"allow":["GET"]}}],"collection":[{"href":"https:\/\/lowimpacthydro.org\/fr\/wp-json\/wp\/v2\/pages"}],"about":[{"href":"https:\/\/lowimpacthydro.org\/fr\/wp-json\/wp\/v2\/types\/page"}],"author":[{"embeddable":true,"href":"https:\/\/lowimpacthydro.org\/fr\/wp-json\/wp\/v2\/users\/1"}],"replies":[{"embeddable":true,"href":"https:\/\/lowimpacthydro.org\/fr\/wp-json\/wp\/v2\/comments?post=1088"}],"version-history":[{"count":14,"href":"https:\/\/lowimpacthydro.org\/fr\/wp-json\/wp\/v2\/pages\/1088\/revisions"}],"predecessor-version":[{"id":10501,"href":"https:\/\/lowimpacthydro.org\/fr\/wp-json\/wp\/v2\/pages\/1088\/revisions\/10501"}],"wp:featuredmedia":[{"embeddable":true,"href":"https:\/\/lowimpacthydro.org\/fr\/wp-json\/"}],"wp:attachment":[{"href":"https:\/\/lowimpacthydro.org\/fr\/wp-json\/wp\/v2\/media?parent=1088"}],"curies":[{"name":"wp","href":"https:\/\/api.w.org\/{rel}","templated":true}]}}