{"id":10350,"date":"2026-02-16T13:07:06","date_gmt":"2026-02-16T18:07:06","guid":{"rendered":"https:\/\/lowimpacthydro.org\/?page_id=10350"},"modified":"2026-04-09T09:28:23","modified_gmt":"2026-04-09T13:28:23","slug":"chicopee-falls-project-massachusetts","status":"publish","type":"page","link":"https:\/\/lowimpacthydro.org\/fr\/chicopee-falls-project-massachusetts\/","title":{"rendered":"Pending Application &#8211; Chicopee Falls Project, Massachusetts"},"content":{"rendered":"<table class=\"alignright\" style=\"width: 351px; border: 2px; cellspacing: 2px; cellpadding: 2px; margin-left: 50px;\">\n<tbody>\n<tr>\n<td style=\"border-style: solid;\" width=\"162\"><strong>Nom du projet<\/strong><\/td>\n<td style=\"border-style: solid;\" width=\"180\">Chutes de Chicopee<\/td>\n<\/tr>\n<tr>\n<td style=\"border-style: solid;\"><strong>Num\u00e9ro de certificat LIHI<br \/>\n<\/strong><\/td>\n<td style=\"border-style: solid;\">n \/ A<\/td>\n<\/tr>\n<tr>\n<td style=\"border-style: solid;\"><strong>Dur\u00e9e du certificat LIHI<br \/>\n<\/strong><\/td>\n<td style=\"border-style: solid;\">n \/ A<\/td>\n<\/tr>\n<tr>\n<td style=\"border-style: solid;\" width=\"162\"><strong>Propri\u00e9taire<\/strong><\/td>\n<td style=\"border-style: solid;\" width=\"180\">Service d&#039;\u00e9clairage \u00e9lectrique de Chicopee (exploit\u00e9 par Ware River Power Inc.)<\/td>\n<\/tr>\n<tr>\n<td style=\"border-style: solid;\" width=\"162\"><strong>\u00c9tat<\/strong><\/td>\n<td style=\"border-style: solid;\" width=\"180\">Massachusetts<\/td>\n<\/tr>\n<tr>\n<td style=\"border-style: solid;\" width=\"162\"><strong>Emplacement<\/strong><\/td>\n<td style=\"border-style: solid;\" width=\"180\">Mile 2,9 de la rivi\u00e8re Chicopee, comt\u00e9 de Hampden<\/td>\n<\/tr>\n<tr>\n<td style=\"border-style: solid;\" width=\"162\"><strong>Capacit\u00e9 install\u00e9e<\/strong><\/td>\n<td style=\"border-style: solid;\" width=\"180\">2,5 MW<\/td>\n<\/tr>\n<tr>\n<td style=\"border-style: solid;\" width=\"162\"><strong>G\u00e9n\u00e9ration annuelle moyenne<\/strong><\/td>\n<td style=\"border-style: solid;\" width=\"180\">8 850 MWh<\/td>\n<\/tr>\n<tr>\n<td style=\"border-style: solid;\" width=\"162\"><strong>Type d&#039;\u00e9tablissement<\/strong><\/td>\n<td style=\"border-style: solid;\" width=\"180\"><span class='tooltipsall tooltip_post_id_5643 classtoolTips52'>Au fil de l&#039;eau<\/span><\/td>\n<\/tr>\n<tr>\n<td style=\"border-style: solid;\" width=\"162\"><strong><span class='tooltipsall tooltip_post_id_5565 classtoolTips152'>F\u00e9d\u00e9ration internationale de radio-t\u00e9l\u00e9vision (FERC)<\/span> Non.<\/strong><\/td>\n<td style=\"border-style: solid;\" width=\"180\">P-6522 exempt\u00e9 d\u00e9livr\u00e9 le 8 d\u00e9cembre 1982<\/td>\n<\/tr>\n<\/tbody>\n<\/table>\n<p>Le projet Chicopee Falls est situ\u00e9 dans la ville de Chicopee, dans le Massachusetts, et est le deuxi\u00e8me <span class='tooltipsall tooltip_post_id_5545 classtoolTips158'>barrage<\/span> Le barrage se situe sur la rivi\u00e8re Chicopee, en amont de son confluent avec le fleuve Connecticut. Bien que la rivi\u00e8re Chicopee ne mesure que 29 kilom\u00e8tres de long, son bassin versant, d&#039;une superficie de 1\u00a0870 kilom\u00e8tres carr\u00e9s, est le plus vaste du Massachusetts et le plus important bassin versant d&#039;un affluent du fleuve Connecticut. Durant la r\u00e9volution industrielle, la rivi\u00e8re Chicopee est devenue une destination particuli\u00e8rement pris\u00e9e pour la production d&#039;hydro\u00e9lectricit\u00e9, notamment en raison de sa d\u00e9nivellation de 79 m\u00e8tres sur son cours. Le barrage a \u00e9t\u00e9 construit en 1898 et la centrale hydro\u00e9lectrique a \u00e9t\u00e9 mise en service en 1985.<\/p>\n<p>Il y a six centrales hydro\u00e9lectriques sur le fleuve, dont <a href=\"https:\/\/lowimpacthydro.org\/fr\/lihi-certificate-170-dwight-project-massachusetts\/\">Dwight (LIHI #170)<\/a> situ\u00e9 \u00e0 2,7 kilom\u00e8tres en aval. En remontant le courant depuis les chutes Chicopee, on trouve <a href=\"https:\/\/lowimpacthydro.org\/fr\/lihi-certificate-112-indian-orchard-hydroelectric-project-massachusetts\/\">Verger indien (LIHI #112)<\/a>, <a href=\"https:\/\/lowimpacthydro.org\/fr\/lihi-certificate-102-putts-bridge-hydroelectric-project-massachusetts\/\">Pont Putts (LIHI #102)<\/a>, <a href=\"https:\/\/lowimpacthydro.org\/fr\/lihi-certificate-88-collins-hydroelectric-project-massachusetts\/\">Collins (LIHI #88)<\/a>, et <a href=\"https:\/\/lowimpacthydro.org\/fr\/lihi-certificate-96-red-bridge-hydroelectric-project-massachusetts\/\">Pont Rouge (LIHI #96)<\/a>.<\/p>\n<p>Le projet consiste en un bloc de granit de 3 m\u00e8tres de haut et de 78 m\u00e8tres de long. <span class='tooltipsall tooltip_post_id_5600 classtoolTips84'>barrage en ma\u00e7onnerie<\/span> avec un syst\u00e8me hydraulique en bois de 1,4 pied de haut <span class='tooltipsall tooltip_post_id_5569 classtoolTips79'>tableaux d&#039;affichage<\/span>; une structure de gu\u00e9rite, une structure de vanne sans d\u00e9versoir, des murs de sout\u00e8nement, un <span class='tooltipsall tooltip_post_id_5537 classtoolTips143'>canal<\/span> admission avec deux <span class='tooltipsall tooltip_post_id_5582 classtoolTips122'>portes de t\u00eate<\/span>; deux <span class='tooltipsall tooltip_post_id_5619 classtoolTips124'>conduites forc\u00e9es<\/span> compos\u00e9 d&#039;un caisson en b\u00e9ton de 7,3 m\u00e8tres de large et de sections d&#039;acier apparentes, chacune d&#039;environ 27,4 m\u00e8tres de long\u00a0; de prises d&#039;eau avec grilles \u00e0 d\u00e9chets en acier espac\u00e9es de 4,4 cm\u00a0; un <span class='tooltipsall tooltip_post_id_5624 classtoolTips102'>centrale<\/span> L&#039;ouvrage comprend deux turbines bulbes ESAC\u00a0: la turbine\u00a01, d&#039;une puissance de 1\u00a0700\u00a0kW et d&#039;un d\u00e9bit de 1\u00a0050\u00a0pieds cubes par seconde (pi\u00b3\/s), et la turbine\u00a02, d&#039;une puissance de 800\u00a0kW et d&#039;un d\u00e9bit de 500\u00a0pi\u00b3\/s\u00a0; ainsi que les installations annexes. Le barrage cr\u00e9e un r\u00e9servoir d&#039;une capacit\u00e9 de 310\u00a0acres-pieds et un tron\u00e7on de d\u00e9rivation d&#039;environ 500\u00a0pieds de long.<\/p>\n<p>Le projet fonctionne de mani\u00e8re instantan\u00e9e <span class='tooltipsall tooltip_post_id_5643 classtoolTips52'>au fil de l&#039;eau<\/span> Un syst\u00e8me de contr\u00f4le automatis\u00e9 (PLC) et SCADA assure le maintien de niveaux de retenue stables et minimise les fluctuations. <span class='tooltipsall tooltip_post_id_5525 classtoolTips28'>d\u00e9bit de base<\/span> Un d\u00e9bit de 357 pieds cubes par seconde est pr\u00e9vu en aval du canal de fuite et un d\u00e9bit instantan\u00e9 minimal \u00e9gal ou sup\u00e9rieur au d\u00e9bit d&#039;\u00e9tiage d\u00e9cennal de 127 pieds cubes par seconde est lib\u00e9r\u00e9 au niveau du barrage dans la zone contourn\u00e9e pendant le fonctionnement de l&#039;installation hydro\u00e9lectrique pour la protection des ressources aquatiques et de la qualit\u00e9 de l&#039;eau.<\/p>\n<p>Les eaux situ\u00e9es dans la zone concern\u00e9e par le projet sont class\u00e9es comme p\u00eacheries d&#039;eau chaude de cat\u00e9gorie B. Elles sont \u00e9galement consid\u00e9r\u00e9es comme d\u00e9grad\u00e9es en raison de la pr\u00e9sence d&#039;E. coli et de coliformes f\u00e9caux, probablement due \u00e0 des conditions m\u00e9t\u00e9orologiques humides combin\u00e9es \u00e0 des d\u00e9bordements d&#039;\u00e9gouts en amont du projet. La ch\u00e2taigne d&#039;eau, une esp\u00e8ce envahissante, est pr\u00e9sente dans le bassin de retenue.<\/p>\n<p>La seule esp\u00e8ce de poisson migrateur actuellement pr\u00e9sente dans la rivi\u00e8re est l&#039;anguille d&#039;Am\u00e9rique, observ\u00e9e en amont du projet, ce qui indique que certaines anguilles peuvent franchir naturellement le projet. Les esp\u00e8ces anadromes, notamment l&#039;alose d&#039;Am\u00e9rique, la lamproie marine et le hareng de rivi\u00e8re, ainsi que de nombreuses anguilles d&#039;Am\u00e9rique, sont emp\u00each\u00e9es d&#039;acc\u00e9der au projet des chutes Chicopee par le barrage Dwight en aval, qui ne poss\u00e8de aucun dispositif de franchissement. <span class='tooltipsall tooltip_post_id_5566 classtoolTips59'>passage des poissons<\/span> Le bassin versant de la rivi\u00e8re Chicopee ne fait actuellement l&#039;objet d&#039;aucun programme de gestion des poissons migrateurs. Les esp\u00e8ces de poissons r\u00e9sidentes de la rivi\u00e8re Chicopee comprennent le barbotte noire, le crapet arlequin, la truite brune, la truite arc-en-ciel, le brochet maill\u00e9, le poisson-chat, la carpe, le m\u00e9n\u00e9, le crapet-soleil et l&#039;achigan.<\/p>\n<p>Le projet s&#039;\u00e9tend sur environ 6 acres de terre ferme et environ 4,4 acres sous l&#039;eau. Il est situ\u00e9 dans une zone fortement urbanis\u00e9e, malgr\u00e9 la pr\u00e9sence d&#039;\u00e9troites bandes v\u00e9g\u00e9talis\u00e9es le long du rivage du bassin de retenue et sur la rive nord des tron\u00e7ons d\u00e9vi\u00e9s et en aval. Du fait de cette forte urbanisation, la zone du projet ne comprend aucun site pr\u00e9sentant une valeur \u00e9cologique significative. De plus, elle ne rec\u00e8le aucun habitat essentiel pour les esp\u00e8ces menac\u00e9es ou en voie de disparition.<\/p>\n<p>Le Service am\u00e9ricain de la p\u00eache et de la faune sauvage (USFWS) indique que la chauve-souris tricolore, une esp\u00e8ce propos\u00e9e pour inscription sur la liste des esp\u00e8ces menac\u00e9es, pourrait \u00eatre pr\u00e9sente dans la zone du projet. Le papillon monarque, \u00e9galement menac\u00e9, pourrait aussi y \u00eatre pr\u00e9sent. Le projet \u00e9tant situ\u00e9 en zone urbaine et ne n\u00e9cessitant ni coupe d&#039;arbres ni gestion importante de la v\u00e9g\u00e9tation, il est peu probable que ces deux esp\u00e8ces soient affect\u00e9es par les op\u00e9rations. Le service de cartographie biologique du Massachusetts (Massachusetts Biomapper) indique qu&#039;aucun habitat essentiel ni paysage naturel critique n&#039;est pr\u00e9sent \u00e0 proximit\u00e9 imm\u00e9diate du projet.<\/p>\n<p>Il n&#039;existe aucun site arch\u00e9ologique r\u00e9pertori\u00e9 d&#039;int\u00e9r\u00eat historique dans la zone de la centrale hydro\u00e9lectrique de Chicopee, \u00e0 l&#039;exception du pont comm\u00e9moratif Deady, qui permet \u00e0 la route 33 (Memorial Drive) de franchir la rivi\u00e8re Chicopee \u00e0 proximit\u00e9 du barrage, pr\u00e8s de la maison des vannes. La r\u00e9gion de Chicopee \u00e9tait habit\u00e9e par des Am\u00e9rindiens avant la colonisation europ\u00e9enne. Les tribus reconnues par le gouvernement f\u00e9d\u00e9ral sont la tribu Mashpee Wampanoag et la tribu Wampanoag de Gay. <span class='tooltipsall tooltip_post_id_5581 classtoolTips154'>T\u00eate<\/span> (Aquinnah) du Massachusetts. La nation Nipmuc est une tribu reconnue par l&#039;\u00c9tat.<\/p>\n<p>La zone du projet pr\u00e9sente un int\u00e9r\u00eat r\u00e9cr\u00e9atif limit\u00e9. La portion de rivi\u00e8re imm\u00e9diatement en aval du barrage appartient \u00e0 des entreprises priv\u00e9es, tandis que d&#039;autres parties du terrain sont soumises \u00e0 des restrictions pour des raisons de s\u00e9curit\u00e9 publique. Il existe des portages non li\u00e9s au projet en amont et en aval, et il est probable que des acc\u00e8s informels pour la p\u00eache soient \u00e9galement possibles.<\/p>\n<hr \/>\n<h3>Historique des certifications<\/h3>\n<p><strong>18 f\u00e9vrier 2026<\/strong> L&#039;Institut de l&#039;hydro\u00e9lectricit\u00e9 \u00e0 faible impact (LIHI) a re\u00e7u un dossier complet de demande de certification \u00e0 faible impact pour le projet hydro\u00e9lectrique de Chicopee Falls. Le LIHI sollicite l&#039;avis du public sur cette demande. Plus pr\u00e9cis\u00e9ment, nous souhaitons savoir si vous estimez que le projet r\u00e9pond aux crit\u00e8res de certification \u00e0 faible impact du LIHI, tels que r\u00e9vis\u00e9s dans la 2e \u00e9dition du manuel en vigueur au moment du d\u00e9p\u00f4t de la demande. Veuillez consulter le programme et les crit\u00e8res dans le manuel du LIHI. <a href=\"https:\/\/lowimpacthydro.org\/wp-content\/uploads\/2025\/02\/2nd-Edition-Handbook-Rev.-2.06-clean-final.pdf\">Manuel R\u00e9vision 2.06<\/a> et consultez ensuite les documents de candidature du projet ci-dessous.<\/p>\n<p>Les commentaires directement li\u00e9s \u00e0 des crit\u00e8res sp\u00e9cifiques du LIHI (d\u00e9bits, qualit\u00e9 de l&#039;eau, passage des poissons, etc.) seront les plus utiles, mais tous les commentaires seront pris en compte. Les commentaires peuvent \u00eatre envoy\u00e9s \u00e0 l&#039;Institut par courrier \u00e9lectronique \u00e0 l&#039;adresse <a href=\"mailto:comments@lowimpacthydro.org\">comments@lowimpacthydro.org<\/a> avec \u201c\u00a0Commentaires sur le projet Chicopee Falls\u00a0\u201d en objet, ou par courrier adress\u00e9 au Low Impact Hydropower Institute, 68 Harrison Ave Ste 605, PMB 113938 Boston, Massachusetts 02111-1929.\u00a0 <strong>Les commentaires doivent \u00eatre re\u00e7us au plus tard \u00e0 17 h, heure de l&#039;Est, le 19 avril 2026.<\/strong>\u00a0\u00e0 prendre en consid\u00e9ration. Tous les commentaires seront publi\u00e9s sur le site Web et le candidat aura la possibilit\u00e9 d&#039;y r\u00e9pondre. Toute r\u00e9ponse sera \u00e9galement publi\u00e9e.<\/p>\n<hr \/>\n<h3>Dossiers de certification<\/h3>\n<h4>Demande 2026<\/h4>\n<ul style=\"color: black;\">\n<li><a href=\"https:\/\/lowimpacthydro.org\/wp-content\/uploads\/2026\/02\/Chicopee-Falls-LIHI-Application.pdf\">Demande d&#039;admission \u00e0 Chicopee Falls<\/a><\/li>\n<li><a href=\"https:\/\/lowimpacthydro.org\/wp-content\/uploads\/2026\/02\/Chicopee-Falls-Attachment-A-FERC-Exemption-amendments-and-application.pdf\">Pi\u00e8ce jointe A \u00e0 la demande<\/a><\/li>\n<li><a href=\"https:\/\/lowimpacthydro.org\/wp-content\/uploads\/2026\/02\/Chicopee-Falls-Attachment-B.pdf\">Pi\u00e8ce jointe B \u00e0 la demande<\/a><\/li>\n<li><a href=\"https:\/\/lowimpacthydro.org\/wp-content\/uploads\/2026\/02\/Chicopee-Falls-Attachment-C.pdf\">Pi\u00e8ce jointe \u00e0 la demande C<\/a><\/li>\n<li><a href=\"https:\/\/lowimpacthydro.org\/wp-content\/uploads\/2026\/02\/Chicopee-Falls-Attachment-D-CF_Property-Map.pdf\">Annexe D de la demande<\/a><\/li>\n<li><a href=\"https:\/\/lowimpacthydro.org\/wp-content\/uploads\/2026\/04\/FWS-Letter-on-LIHI-for-Chicopee-Falls-Project-2026.pdf\">Lettre de commentaires de l&#039;USFWS<\/a><\/li>\n<li><a href=\"https:\/\/lowimpacthydro.org\/wp-content\/uploads\/2026\/04\/MassWildlife_Chicopee_River_LIHI_Comments.pdf\">Lettre de commentaires du MDFW<\/a><\/li>\n<\/ul>\n<hr \/>\n<h3>Documents cl\u00e9s<\/h3>\n<ul style=\"color: black;\">\n<li><a href=\"https:\/\/lowimpacthydro.org\/wp-content\/uploads\/2026\/02\/1982-Chicopee-Falls-FERC-Exemption.pdf\">Chutes Chicopee FERC <span class='tooltipsall tooltip_post_id_5562 classtoolTips113'>Exemption<\/span> 1982<\/a><\/li>\n<\/ul>","protected":false},"excerpt":{"rendered":"<p>Project Name Chicopee Falls LIHI Certificate No. n\/a LIHI Certificate Term n\/a Owner Chicopee Electric Light Dept. (operated by Ware River Power Inc.) State Massachusetts Location<span class=\"excerpt-hellip\"> [\u2026]<\/span><\/p>\n","protected":false},"author":4,"featured_media":-1,"parent":0,"menu_order":0,"comment_status":"closed","ping_status":"closed","template":"","meta":{"_coblocks_attr":"","_coblocks_dimensions":"","_coblocks_responsive_height":"","_coblocks_accordion_ie_support":"","om_disable_all_campaigns":false,"_monsterinsights_skip_tracking":false,"_monsterinsights_sitenote_active":false,"_monsterinsights_sitenote_note":"","_monsterinsights_sitenote_category":0,"footnotes":""},"class_list":["post-10350","page","type-page","status-publish","has-post-thumbnail","hentry"],"aioseo_notices":[],"_links":{"self":[{"href":"https:\/\/lowimpacthydro.org\/fr\/wp-json\/wp\/v2\/pages\/10350","targetHints":{"allow":["GET"]}}],"collection":[{"href":"https:\/\/lowimpacthydro.org\/fr\/wp-json\/wp\/v2\/pages"}],"about":[{"href":"https:\/\/lowimpacthydro.org\/fr\/wp-json\/wp\/v2\/types\/page"}],"author":[{"embeddable":true,"href":"https:\/\/lowimpacthydro.org\/fr\/wp-json\/wp\/v2\/users\/4"}],"replies":[{"embeddable":true,"href":"https:\/\/lowimpacthydro.org\/fr\/wp-json\/wp\/v2\/comments?post=10350"}],"version-history":[{"count":12,"href":"https:\/\/lowimpacthydro.org\/fr\/wp-json\/wp\/v2\/pages\/10350\/revisions"}],"predecessor-version":[{"id":10474,"href":"https:\/\/lowimpacthydro.org\/fr\/wp-json\/wp\/v2\/pages\/10350\/revisions\/10474"}],"wp:featuredmedia":[{"embeddable":true,"href":"https:\/\/lowimpacthydro.org\/fr\/wp-json\/"}],"wp:attachment":[{"href":"https:\/\/lowimpacthydro.org\/fr\/wp-json\/wp\/v2\/media?parent=10350"}],"curies":[{"name":"wp","href":"https:\/\/api.w.org\/{rel}","templated":true}]}}