{"id":10297,"date":"2026-01-22T10:29:56","date_gmt":"2026-01-22T15:29:56","guid":{"rendered":"https:\/\/lowimpacthydro.org\/?page_id=10297"},"modified":"2026-03-30T09:30:51","modified_gmt":"2026-03-30T13:30:51","slug":"tannery-island-project-new-york","status":"publish","type":"page","link":"https:\/\/lowimpacthydro.org\/fr\/tannery-island-project-new-york\/","title":{"rendered":"Pending Application &#8211; Tannery Island Project, New York"},"content":{"rendered":"<table class=\"alignright\" style=\"width: 351px; border: 2px; cellspacing: 2px; cellpadding: 2px; margin-left: 50px;\">\n<tbody>\n<tr>\n<td style=\"border-style: solid;\" width=\"162\"><strong>Nom du projet<\/strong><\/td>\n<td style=\"border-style: solid;\" width=\"180\">\u00cele Tannery<\/td>\n<\/tr>\n<tr>\n<td style=\"border-style: solid;\"><strong>Num\u00e9ro de certificat LIHI<br \/>\n<\/strong><\/td>\n<td style=\"border-style: solid;\">n \/ A<\/td>\n<\/tr>\n<tr>\n<td style=\"border-style: solid;\"><strong>Dur\u00e9e du certificat LIHI<br \/>\n<\/strong><\/td>\n<td style=\"border-style: solid;\">n \/ A<\/td>\n<\/tr>\n<tr>\n<td style=\"border-style: solid;\" width=\"162\"><strong>Propri\u00e9taire<\/strong><\/td>\n<td style=\"border-style: solid;\" width=\"180\">Tannery Island Hydro, LLC, une filiale de Relevate Power<\/td>\n<\/tr>\n<tr>\n<td style=\"border-style: solid;\" width=\"162\"><strong>\u00c9tat<\/strong><\/td>\n<td style=\"border-style: solid;\" width=\"180\">New York<\/td>\n<\/tr>\n<tr>\n<td style=\"border-style: solid;\" width=\"162\"><strong>Emplacement<\/strong><\/td>\n<td style=\"border-style: solid;\" width=\"180\">Mile 33,1 de la rivi\u00e8re Black \u00e0 Carthage et West Carthage, \u00c9tat de New York<\/td>\n<\/tr>\n<tr>\n<td style=\"border-style: solid;\" width=\"162\"><strong>Capacit\u00e9 install\u00e9e<\/strong><\/td>\n<td style=\"border-style: solid;\" width=\"180\">1,875 MW<\/td>\n<\/tr>\n<tr>\n<td style=\"border-style: solid;\" width=\"162\"><strong>G\u00e9n\u00e9ration annuelle moyenne<\/strong><\/td>\n<td style=\"border-style: solid;\" width=\"180\">7 468 MWh<\/td>\n<\/tr>\n<tr>\n<td style=\"border-style: solid;\" width=\"162\"><strong>Type d&#039;\u00e9tablissement<\/strong><\/td>\n<td style=\"border-style: solid;\" width=\"180\"><span class='tooltipsall tooltip_post_id_5643 classtoolTips52'>Au fil de l&#039;eau<\/span><\/td>\n<\/tr>\n<tr>\n<td style=\"border-style: solid;\" width=\"162\"><strong><span class='tooltipsall tooltip_post_id_5565 classtoolTips152'>F\u00e9d\u00e9ration internationale de radio-t\u00e9l\u00e9vision (FERC)<\/span> Non.<\/strong><\/td>\n<td style=\"border-style: solid;\" width=\"180\">P-4908 <span class='tooltipsall tooltip_post_id_5562 classtoolTips113'>exemption<\/span> publi\u00e9 le 7 juin 1982 (r\u00e9tabli le 11 juillet 1983)<\/td>\n<\/tr>\n<\/tbody>\n<\/table>\n<p>Le projet hydro\u00e9lectrique de Tannery Island est situ\u00e9 au kilom\u00e8tre 53,3 (33,1 miles) de la rivi\u00e8re Black, dans l&#039;\u00c9tat de New York. La rivi\u00e8re Black est fortement am\u00e9nag\u00e9e, avec 21 barrages sur son cours et plusieurs retenues d&#039;eau alimentant le r\u00e9seau de barges de l&#039;\u00c9tat de New York. <span class='tooltipsall tooltip_post_id_5537 classtoolTips143'>Canal<\/span> Syst\u00e8me. Le projet se situe \u00e0 proximit\u00e9 imm\u00e9diate des papeteries de Carthage (Carthage PMM). <span class='tooltipsall tooltip_post_id_5545 classtoolTips158'>Barrage<\/span> (FERC n\u00b0 10887), le barrage de Carthage Mill (extr\u00e9mit\u00e9 ouest) (FERC n\u00b0 5800) et le barrage de Long Falls (FERC n\u00b0 4636). Les barrages en aval comprennent le <a href=\"https:\/\/lowimpacthydro.org\/fr\/lihi-certificate-34-black-river-and-beebee-island-hydroelectric-projects-new-york\/\">Projet Black River\/Beebee Island<\/a> (LIHI #34) situ\u00e9 entre le mille fluvial 27,5 et le mille fluvial 9.<\/p>\n<p>Le projet comprend trois barrages, chacun dirigeant une partie des eaux entrantes vers le <span class='tooltipsall tooltip_post_id_5624 classtoolTips102'>centrale<\/span> bassin de stockage :<\/p>\n<ul style=\"color: black;\">\n<li>Le barrage de tannerie \u201c A \u201d est une structure en b\u00e9ton \u00e0 gravit\u00e9. <span class='tooltipsall tooltip_post_id_5651 classtoolTips116'>d\u00e9versoir<\/span> d&#039;une longueur d&#039;environ 117 pieds, int\u00e9gr\u00e9 au bassin d&#039;avant par une ouverture <span class='tooltipsall tooltip_post_id_5574 classtoolTips146'>buse<\/span> avec un mur en aile gravitaire de 63 pieds de long formant le mur avant de la centrale et un mur en aile gravitaire de 50 pieds de long qui fonctionne comme <span class='tooltipsall tooltip_post_id_5545 classtoolTips158'>barrage<\/span>\u2019l&#039;est <span class='tooltipsall tooltip_post_id_5514 classtoolTips118'>pilier<\/span>.<\/li>\n<li>Les deux autres ouvrages, connus sous le nom de barrages de Spicer Pond, sont des barrages-poids en b\u00e9ton. <span class='tooltipsall tooltip_post_id_5651 classtoolTips116'>d\u00e9versoirs<\/span> avec des cr\u00eates d&#039;\u00e9l\u00e9vation irr\u00e9guli\u00e8res.<\/li>\n<li>Le barrage \u201c\u00a0B\u00a0\u201d (barrage Little Spicer) relie les \u00eeles Tannery et Wind et mesure environ 32 m\u00e8tres de long, avec une hauteur d&#039;eau saisonni\u00e8re de 30 centim\u00e8tres. <span class='tooltipsall tooltip_post_id_5569 classtoolTips79'>tableaux d&#039;affichage<\/span> (avec trois ouvertures d&#039;\u00e9coulement minimales de largeurs variables).<\/li>\n<li>Le barrage \u201c\u00a0C\u00a0\u201d (barrage Big Spicer) s&#039;\u00e9tend sur environ 85 m\u00e8tres entre Wind Island et Devil Island et est surmont\u00e9 de d\u00e9versoirs de 30 cm de hauteur (avec cinq ouvertures de d\u00e9bit minimal de largeurs variables). Le barrage \u201c\u00a0C\u00a0\u201d comprend \u00e9galement un mur en aile inclin\u00e9 vers le barrage de la papeterie Carthage Paper Makers Mill (Carthage PMM) situ\u00e9 en amont et long de 30 m\u00e8tres. La hauteur des barrages varie entre 60 cm et 1,80 m.<\/li>\n<\/ul>\n<p>La retenue correspond au canal de fuite\/de d\u00e9rivation du barrage de Carthage PMM. Les barrages de Tannery Island cr\u00e9ent un tron\u00e7on de d\u00e9rivation n\u00e9gligeable qui se d\u00e9verse directement dans la retenue du barrage de Carthage Mill (extr\u00e9mit\u00e9 ouest).<\/p>\n<p>La centrale hydro\u00e9lectrique est une structure \u00e0 ciel ouvert abritant cinq turbines-g\u00e9n\u00e9rateurs submersibles de type Flygt. Parmi ces cinq turbines, trois sont \u00e0 h\u00e9lices fixes et deux \u00e0 pales r\u00e9glables. \u00c9quip\u00e9es de lames de 30 cm (12 pouces), chaque unit\u00e9 produit environ 375 kW \u00e0 une puissance nette de 120 kW. <span class='tooltipsall tooltip_post_id_5581 classtoolTips154'>t\u00eate<\/span> de 15,8 pieds, ce qui donne une capacit\u00e9 install\u00e9e totale de 1 875 kW pour l&#039;ensemble de l&#039;installation. <span class='tooltipsall tooltip_post_id_5594 classtoolTips140'>Admission<\/span> Les grilles \u00e0 poubelle ont un espacement libre de 2 pouces.<\/p>\n<p>Le projet concerne une installation au fil de l&#039;eau avec un niveau minimal de bassin variable selon les saisons et une superficie d&#039;environ 8,5 acres, pour une capacit\u00e9 de stockage brute d&#039;environ 68 acres-pieds. Les apports de la rivi\u00e8re Black en provenance de l&#039;amont sont r\u00e9gul\u00e9s par\u2026 <a href=\"https:\/\/hrbrrd.ny.gov\/\">District de r\u00e9gulation du fleuve Hudson et de la rivi\u00e8re Black<\/a>. La centrale hydro\u00e9lectrique et le d\u00e9versoir rejettent les eaux dans un canal de fuite d&#039;environ 700 pieds de long qui se m\u00e9lange aux flux provenant du tron\u00e7on de d\u00e9rivation jusqu&#039;\u00e0 la retenue des barrages de Long Falls et de Carthage Mill (extr\u00e9mit\u00e9 ouest).<\/p>\n<p>Il n&#039;existe pas de d\u00e9bit minimal requis par la FERC, mais le propri\u00e9taire du projet a accept\u00e9 de fournir un d\u00e9bit minimal de 106 pieds cubes par seconde, jug\u00e9 suffisant par le NYSDEC pour maintenir les niveaux d&#039;oxyg\u00e8ne dissous et les habitats aquatiques en aval. <span class='tooltipsall tooltip_post_id_5569 classtoolTips79'>Flashboards<\/span> sont install\u00e9s de fa\u00e7on saisonni\u00e8re du 15 avril au 17 d\u00e9cembre environ sur le barrage \u201c B \u201d et le barrage \u201c C \u201d, avec plusieurs encoches de d\u00e9bit minimum.<\/p>\n<p>Les eaux du p\u00e9rim\u00e8tre du projet sont class\u00e9es en cat\u00e9gorie C et conviennent aux usages suivants\u00a0: reproduction des poissons, des crustac\u00e9s et de la faune sauvage, p\u00eache et activit\u00e9s r\u00e9cr\u00e9atives impliquant un contact direct ou indirect avec l\u2019environnement. Ces eaux ne sont pas consid\u00e9r\u00e9es comme d\u00e9grad\u00e9es par l\u2019\u00c9tat de New York.<\/p>\n<p>Aucune esp\u00e8ce de poisson migrateur n&#039;est pr\u00e9sente \u00e0 proximit\u00e9 du projet, et des obstacles \u00e0 la migration existent bien en aval, \u00e0 Watertown (\u00c9tat de New York), aux chutes de Mill Street. Aucun amont <span class='tooltipsall tooltip_post_id_5566 classtoolTips59'>passage des poissons<\/span> Les esp\u00e8ces r\u00e9sidentes comprennent le crapet-soleil, l&#039;achigan \u00e0 petite bouche, le m\u00e9n\u00e9 jaune, la perchaude, le crapet de roche, le brochet maill\u00e9 et le dor\u00e9 jaune. Le passage de ces esp\u00e8ces en aval est assur\u00e9 par les d\u00e9bits minimaux et les d\u00e9versements des barrages.<\/p>\n<p>Le terrain concern\u00e9 par le projet est tr\u00e8s restreint\u00a0: il comprend 3,4 hectares d\u2019eau et moins de 0,4 hectare de terre. Ses limites englobent les barrages et la centrale hydro\u00e9lectrique et ne suivent qu\u2019une partie du rivage du r\u00e9servoir. Le terrain inclut \u00e9galement de petites portions des \u00eeles Wind et Tannery. La zone environnante est urbanis\u00e9e et comprend des sites commerciaux et industriels, ainsi que des routes sans int\u00e9r\u00eat \u00e9cologique.<\/p>\n<p>Les seules esp\u00e8ces menac\u00e9es ou en voie de disparition pr\u00e9sentes ou susceptibles de l&#039;\u00eatre sont la chauve-souris d&#039;Indiana et l&#039;oreillard atlantique (toutes deux inscrites sur les listes f\u00e9d\u00e9rales et \u00e9tatiques). Compte tenu de la faible emprise du projet et de l&#039;absence d&#039;arbres pouvant servir de g\u00eetes, il est peu probable que celui-ci ait un impact sur ces esp\u00e8ces.<\/p>\n<p>Aucun site arch\u00e9ologique ou historique r\u00e9pertori\u00e9 ne se trouve \u00e0 l&#039;int\u00e9rieur du p\u00e9rim\u00e8tre du projet, et aucune des structures pr\u00e9vues n&#039;est inscrite au Registre national des lieux historiques, bien que certaines, compte tenu de leur anciennet\u00e9, pourraient y \u00eatre \u00e9ligibles. Le ma\u00eetre d&#039;ouvrage a r\u00e9cemment contact\u00e9 des tribus am\u00e9rindiennes reconnues par le gouvernement f\u00e9d\u00e9ral, mais n&#039;a re\u00e7u aucune r\u00e9ponse. Aucun bien culturel traditionnel n&#039;est connu ou identifi\u00e9 dans la zone du projet.<\/p>\n<p>Le projet ne dispose d&#039;aucune installation r\u00e9cr\u00e9ative ni d&#039;aucun point d&#039;acc\u00e8s sp\u00e9cifique approuv\u00e9 par la FERC. La zone environnante est fortement industrialis\u00e9e et comprend plusieurs barrages et <span class='tooltipsall tooltip_post_id_5624 classtoolTips102'>centrales \u00e9lectriques<\/span> et serait dangereux pour les activit\u00e9s r\u00e9cr\u00e9atives nautiques. Un acc\u00e8s informel au bassin de retenue, au canal de fuite et \u00e0 la zone de d\u00e9rivation est possible via l&#039;\u00eele Tannery, o\u00f9 se trouve la centrale hydro\u00e9lectrique, accessible par la voie publique. Trois sites r\u00e9cr\u00e9atifs terrestres offrent des possibilit\u00e9s d&#039;activit\u00e9s \u00e0 proximit\u00e9 du projet\u00a0: le parc Long Falls. Ce parc, propri\u00e9t\u00e9 de la ville de Carthage, propose un stationnement, un sentier p\u00e9destre et des vues panoramiques sur la rivi\u00e8re Black, notamment sur les barrages \u201c\u00a0B\u00a0\u201d et \u201c\u00a0C\u00a0\u201d de l&#039;\u00eele Tannery. La rampe de mise \u00e0 l&#039;eau de West Carthage, \u00e9galement propri\u00e9t\u00e9 de la ville, comprend un stationnement, une rampe de mise \u00e0 l&#039;eau pav\u00e9e avec un quai d&#039;accueil, des bancs et des aires de pique-nique, et offre un acc\u00e8s \u00e0 la rive de la rivi\u00e8re Black. L&#039;acc\u00e8s public le plus proche \u00e0 la rivi\u00e8re Black se situe en aval des barrages de Carthage Mill (extr\u00e9mit\u00e9 ouest) et de Long Falls, \u00e0 la rampe de mise \u00e0 l&#039;eau de West Carthage. Le site r\u00e9cr\u00e9atif hydro\u00e9lectrique de Long Falls offre un stationnement, des aires de pique-nique, un petit sentier et un acc\u00e8s \u00e0 la rive de la zone de d\u00e9rivation de Long Falls et de Carthage Mill (extr\u00e9mit\u00e9 ouest) ainsi qu&#039;au canal de fuite de Long Falls. Il est g\u00e9r\u00e9 par le projet Long Falls.<\/p>\n<hr \/>\n<h3>Historique des certifications<\/h3>\n<p><strong>23 janvier 2026<\/strong> L&#039;Institut de l&#039;hydro\u00e9lectricit\u00e9 \u00e0 faible impact (LIHI) a re\u00e7u un dossier complet de demande de certification \u00e0 faible impact pour le projet hydro\u00e9lectrique de Tannery Island. Le LIHI sollicite l&#039;avis du public sur cette demande. Plus pr\u00e9cis\u00e9ment, nous souhaitons savoir si vous estimez que le projet r\u00e9pond aux crit\u00e8res de certification \u00e0 faible impact du LIHI, tels que r\u00e9vis\u00e9s dans la 2e \u00e9dition du manuel en vigueur au moment du d\u00e9p\u00f4t de la demande. Veuillez consulter le programme et les crit\u00e8res dans le manuel du LIHI. <a href=\"https:\/\/lowimpacthydro.org\/wp-content\/uploads\/2025\/02\/2nd-Edition-Handbook-Rev.-2.06-clean-final.pdf\">Manuel R\u00e9vision 2.06<\/a> et consultez ensuite les documents de candidature du projet ci-dessous.<\/p>\n<p>Les commentaires directement li\u00e9s \u00e0 des crit\u00e8res sp\u00e9cifiques du LIHI (d\u00e9bits, qualit\u00e9 de l&#039;eau, passage des poissons, etc.) seront les plus utiles, mais tous les commentaires seront pris en compte. Les commentaires peuvent \u00eatre envoy\u00e9s \u00e0 l&#039;Institut par courrier \u00e9lectronique \u00e0 l&#039;adresse <a href=\"mailto:comments@lowimpacthydro.org\">comments@lowimpacthydro.org<\/a> avec \u201c Commentaires sur le projet Tannery Island \u201d dans l\u2019objet, ou par courrier adress\u00e9 au Low Impact Hydropower Institute, 68 Harrison Ave Ste 605, PMB 113938 Boston, Massachusetts 02111-1929.\u00a0 <strong>Les commentaires doivent \u00eatre re\u00e7us au plus tard \u00e0 17 h, heure de l&#039;Est, le 24 mars 2026.<\/strong>\u00a0\u00e0 prendre en consid\u00e9ration. Tous les commentaires seront publi\u00e9s sur le site Web et le candidat aura la possibilit\u00e9 d&#039;y r\u00e9pondre. Toute r\u00e9ponse sera \u00e9galement publi\u00e9e.<\/p>\n<hr \/>\n<h3>Dossiers de certification<\/h3>\n<h4>Demande 2026<\/h4>\n<ul style=\"color: black;\">\n<li><a href=\"https:\/\/lowimpacthydro.org\/wp-content\/uploads\/2026\/01\/20251126-Tannery-LIHI-Revised-Application.pdf\">Demande LIHI de Tannery Island<\/a><\/li>\n<li><a href=\"https:\/\/lowimpacthydro.org\/wp-content\/uploads\/2026\/02\/Low-Impact-Hydro-Carthage-and-Tannery.pdf\">Commentaire de NY Rivers United<\/a><\/li>\n<li><a href=\"https:\/\/lowimpacthydro.org\/wp-content\/uploads\/2026\/03\/2026-03-27-Letter-FWS-to-LIHI-comments-on-Tannery-Island-LIHI-Application_signed.pdf\">Commentaire de l&#039;USFWS<\/a><\/li>\n<\/ul>\n<hr \/>\n<h3>Documents cl\u00e9s<\/h3>\n<ul style=\"color: black;\">\n<li><a href=\"https:\/\/lowimpacthydro.org\/wp-content\/uploads\/2026\/01\/19970522-Tannery-FERC-amendment.pdf\">\u00cele Tannery FERC <span class='tooltipsall tooltip_post_id_5562 classtoolTips113'>Exemption<\/span> Amendement de 1997<\/a><\/li>\n<li><a href=\"https:\/\/lowimpacthydro.org\/wp-content\/uploads\/2026\/01\/19970617-Tannery-Island-FERC-EA-for-amendment.pdf\">\u00c9valuation environnementale de Tannery Island par la FERC en vue de la modification de 1997<\/a><\/li>\n<li><a href=\"https:\/\/lowimpacthydro.org\/wp-content\/uploads\/2026\/01\/19811228-Tannery-exemption-application.pdf\">Demande d&#039;exemption de Tannery Island 1981<\/a><\/li>\n<li><a href=\"https:\/\/lowimpacthydro.org\/wp-content\/uploads\/2026\/01\/19830714-Tannery-and-Carthage-FERC-reinstatement-of-exemptions.pdf\">R\u00e9tablissement de l&#039;exemption par la FERC en 1983<\/a><\/li>\n<li><a href=\"https:\/\/lowimpacthydro.org\/wp-content\/uploads\/2026\/01\/19830504-Tannery-and-Carthage-Court-Judgment-re-exemptions.pdf\">Jugement du tribunal concernant l&#039;exemption de 1983<\/a><\/li>\n<li><a href=\"https:\/\/lowimpacthydro.org\/wp-content\/uploads\/2026\/01\/19820721-Tannery-and-Carthage-FERC-order-vacating-exemptions.pdf\">Ordonnance de la FERC annulant l&#039;exemption de 1982<\/a><\/li>\n<\/ul>","protected":false},"excerpt":{"rendered":"<p>Project Name Tannery Island LIHI Certificate No. n\/a LIHI Certificate Term n\/a Owner Tannery Island Hydro, LLC a subsidiary of Relevate Power State New York Location<span class=\"excerpt-hellip\"> [\u2026]<\/span><\/p>\n","protected":false},"author":4,"featured_media":-1,"parent":0,"menu_order":0,"comment_status":"closed","ping_status":"closed","template":"","meta":{"_coblocks_attr":"","_coblocks_dimensions":"","_coblocks_responsive_height":"","_coblocks_accordion_ie_support":"","om_disable_all_campaigns":false,"_monsterinsights_skip_tracking":false,"_monsterinsights_sitenote_active":false,"_monsterinsights_sitenote_note":"","_monsterinsights_sitenote_category":0,"footnotes":""},"class_list":["post-10297","page","type-page","status-publish","has-post-thumbnail","hentry"],"aioseo_notices":[],"_links":{"self":[{"href":"https:\/\/lowimpacthydro.org\/fr\/wp-json\/wp\/v2\/pages\/10297","targetHints":{"allow":["GET"]}}],"collection":[{"href":"https:\/\/lowimpacthydro.org\/fr\/wp-json\/wp\/v2\/pages"}],"about":[{"href":"https:\/\/lowimpacthydro.org\/fr\/wp-json\/wp\/v2\/types\/page"}],"author":[{"embeddable":true,"href":"https:\/\/lowimpacthydro.org\/fr\/wp-json\/wp\/v2\/users\/4"}],"replies":[{"embeddable":true,"href":"https:\/\/lowimpacthydro.org\/fr\/wp-json\/wp\/v2\/comments?post=10297"}],"version-history":[{"count":12,"href":"https:\/\/lowimpacthydro.org\/fr\/wp-json\/wp\/v2\/pages\/10297\/revisions"}],"predecessor-version":[{"id":10458,"href":"https:\/\/lowimpacthydro.org\/fr\/wp-json\/wp\/v2\/pages\/10297\/revisions\/10458"}],"wp:featuredmedia":[{"embeddable":true,"href":"https:\/\/lowimpacthydro.org\/fr\/wp-json\/"}],"wp:attachment":[{"href":"https:\/\/lowimpacthydro.org\/fr\/wp-json\/wp\/v2\/media?parent=10297"}],"curies":[{"name":"wp","href":"https:\/\/api.w.org\/{rel}","templated":true}]}}