{"id":10264,"date":"2026-01-08T15:06:35","date_gmt":"2026-01-08T20:06:35","guid":{"rendered":"https:\/\/lowimpacthydro.org\/?page_id=10264"},"modified":"2026-03-17T15:05:14","modified_gmt":"2026-03-17T19:05:14","slug":"hawks-nest-project-wv","status":"publish","type":"page","link":"https:\/\/lowimpacthydro.org\/fr\/hawks-nest-project-wv\/","title":{"rendered":"Pending Application &#8211; Hawks Nest Project, West Virginia"},"content":{"rendered":"<table class=\"alignright\" style=\"width: 351px; border: 2px; cellspacing: 2px; cellpadding: 2px; margin-left: 50px;\">\n<tbody>\n<tr>\n<td style=\"border-style: solid;\" width=\"162\"><strong>Nom du projet<\/strong><\/td>\n<td style=\"border-style: solid;\" width=\"180\">Nid de faucon<\/td>\n<\/tr>\n<tr>\n<td style=\"border-style: solid;\"><strong>Num\u00e9ro de certificat LIHI<br \/>\n<\/strong><\/td>\n<td style=\"border-style: solid;\">n \/ A<\/td>\n<\/tr>\n<tr>\n<td style=\"border-style: solid;\"><strong>Dur\u00e9e du certificat LIHI<br \/>\n<\/strong><\/td>\n<td style=\"border-style: solid;\">n \/ A<\/td>\n<\/tr>\n<tr>\n<td style=\"border-style: solid;\" width=\"162\"><strong>Propri\u00e9taire<\/strong><\/td>\n<td style=\"border-style: solid;\" width=\"180\">Hawks Nest Hydro LLC, une filiale de Brookfield Renewable Energy Group<\/td>\n<\/tr>\n<tr>\n<td style=\"border-style: solid;\" width=\"162\"><strong>\u00c9tat<\/strong><\/td>\n<td style=\"border-style: solid;\" width=\"180\">Virginie-Occidentale<\/td>\n<\/tr>\n<tr>\n<td style=\"border-style: solid;\" width=\"162\"><strong>Emplacement<\/strong><\/td>\n<td style=\"border-style: solid;\" width=\"180\">Mile 6,9 de la rivi\u00e8re New River, comt\u00e9 de Fayette<\/td>\n<\/tr>\n<tr>\n<td style=\"border-style: solid;\" width=\"162\"><strong>Capacit\u00e9 install\u00e9e<\/strong><\/td>\n<td style=\"border-style: solid;\" width=\"180\">102 MW<\/td>\n<\/tr>\n<tr>\n<td style=\"border-style: solid;\" width=\"162\"><strong>G\u00e9n\u00e9ration annuelle moyenne<\/strong><\/td>\n<td style=\"border-style: solid;\" width=\"180\">529 000 MWh<\/td>\n<\/tr>\n<tr>\n<td style=\"border-style: solid;\" width=\"162\"><strong>Type d&#039;\u00e9tablissement<\/strong><\/td>\n<td style=\"border-style: solid;\" width=\"180\"><span class='tooltipsall tooltip_post_id_5643 classtoolTips52'>Au fil de l&#039;eau<\/span><\/td>\n<\/tr>\n<tr>\n<td style=\"border-style: solid;\" width=\"162\"><strong><span class='tooltipsall tooltip_post_id_5565 classtoolTips152'>F\u00e9d\u00e9ration internationale de radio-t\u00e9l\u00e9vision (FERC)<\/span> Non.<\/strong><\/td>\n<td style=\"border-style: solid;\" width=\"180\">P-2512 d\u00e9livr\u00e9 en 2017, expire le 31\/01\/2064<\/td>\n<\/tr>\n<\/tbody>\n<\/table>\n<p>Le projet Hawks Nest est le cinqui\u00e8me <span class='tooltipsall tooltip_post_id_5545 classtoolTips158'>barrage<\/span> En amont de l&#039;embouchure de la New River, entre les villes d&#039;Ansted et de Gauley Bridge, en Virginie-Occidentale, se trouvent les trois barrages les plus en aval. Ces barrages sont g\u00e9r\u00e9s par le Corps des ing\u00e9nieurs de l&#039;arm\u00e9e am\u00e9ricaine (USACE). La New River, longue de 418 kilom\u00e8tres, prend sa source en Caroline du Nord, au confluent des bras nord et sud de la New River, puis coule vers le nord sur 275 kilom\u00e8tres \u00e0 travers la Virginie avant d&#039;atteindre la Virginie-Occidentale.<\/p>\n<p>La majeure partie de la New River entre l&#039;amont et le Bluestone de l&#039;USACE <span class='tooltipsall tooltip_post_id_5545 classtoolTips158'>Barrage<\/span> Le barrage de Hawks Nest, situ\u00e9 au kilom\u00e8tre 66,2 de la rivi\u00e8re, et le barrage de Hawks Nest, situ\u00e9 au kilom\u00e8tre 6,9, sont inclus dans la zone de 72\u00a0186 acres. <a href=\"https:\/\/www.nps.gov\/neri\/index.htm\">Parc national et r\u00e9serve de New River Gorge<\/a>. Avec une profondeur de plus de 300 m\u00e8tres, les spectaculaires gorges de la New River constituent un \u00e9l\u00e9ment physiographique majeur, bien que de nombreuses formations g\u00e9ologiques remarquables, telles que des falaises expos\u00e9es, des cit\u00e9s rocheuses, d&#039;\u00e9normes blocs erratiques, des surplombs rocheux, des s\u00e9diments charbonneux expos\u00e9s et des formations inhabituelles dues \u00e0 l&#039;alt\u00e9ration sph\u00e9ro\u00efdale, caract\u00e9risent \u00e9galement ce segment de la rivi\u00e8re.<\/p>\n<p>Le projet comprend :<\/p>\n<ul style=\"color: black;\">\n<li>un b\u00e9ton de 948 pieds de long <span class='tooltipsall tooltip_post_id_5651 classtoolTips116'>d\u00e9versoir<\/span> barrage d&#039;une hauteur maximale de 90 pieds et comportant 14 bassins de d\u00e9versoir, chacun \u00e9quip\u00e9 d&#039;un dispositif en acier de 25 pieds sur 50 pieds <span class='tooltipsall tooltip_post_id_5542 classtoolTips95'>porte de cr\u00eate<\/span>;<\/li>\n<li>un r\u00e9servoir d&#039;une superficie de 243 acres \u00e0 l&#039;altitude normale de la surface;<\/li>\n<li>une structure de prise d&#039;eau en b\u00e9ton avec des grilles de d\u00e9grillage, situ\u00e9e \u00e0 l&#039;ouest <span class='tooltipsall tooltip_post_id_5514 classtoolTips118'>pilier<\/span>;<\/li>\n<li>un tunnel de 16 240 pieds de long ;<\/li>\n<li>un bassin de compensation de 600 pieds de long sur 170 pieds de large et un r\u00e9servoir de compensation de 116 pieds de diam\u00e8tre ;<\/li>\n<li>une structure en acier de 107 pieds de long et de 30 pieds de diam\u00e8tre <span class='tooltipsall tooltip_post_id_5619 classtoolTips124'>conduite forc\u00e9e<\/span>;<\/li>\n<li>un collecteur menant \u00e0 cinq conduites en acier de 14 pieds de diam\u00e8tre <span class='tooltipsall tooltip_post_id_5619 classtoolTips124'>conduites forc\u00e9es<\/span> leur longueur varie de 42 pieds \u00e0 132 pieds (l&#039;une des cinq conduites forc\u00e9es n&#039;est pas utilis\u00e9e) ;<\/li>\n<li>un b\u00e9ton <span class='tooltipsall tooltip_post_id_5624 classtoolTips102'>centrale<\/span> avec quatre groupes turbine\/g\u00e9n\u00e9rateur identiques de 25,5 MW et 25 Hz ; et<\/li>\n<li>Infrastructures de transport et installations connexes.<\/li>\n<\/ul>\n<p>Le barrage cr\u00e9e un tron\u00e7on de d\u00e9rivation de 5,4 miles de long et la centrale hydro\u00e9lectrique est situ\u00e9e \u00e0 seulement 1,5 miles en amont du confluent des rivi\u00e8res New et Gauley, o\u00f9 ces rivi\u00e8res fusionnent pour former la rivi\u00e8re Kanawha.<\/p>\n<p>Le projet op\u00e8re dans un <span class='tooltipsall tooltip_post_id_5643 classtoolTips52'>au fil de l&#039;eau<\/span> Le niveau du r\u00e9servoir est maintenu par la production d&#039;\u00e9lectricit\u00e9 et le l\u00e2cher d&#039;un d\u00e9bit minimal de 300 pieds cubes par seconde (cfs) du 1er mars au 30 juin, et de 250 cfs pour tous les autres mois. Les d\u00e9bits minimaux sont achemin\u00e9s par la vanne de purge situ\u00e9e \u00e0 l&#039;extr\u00e9mit\u00e9 droite du d\u00e9versoir, et le surplus est \u00e9vacu\u00e9 par ce dernier. <span class='tooltipsall tooltip_post_id_5578 classtoolTips153'>portes<\/span> Lorsque le d\u00e9bit entrant d\u00e9passe la capacit\u00e9 de la centrale hydro\u00e9lectrique, une vitesse de mont\u00e9e en puissance limit\u00e9e \u00e0 30 cm par heure est requise de mars \u00e0 octobre lorsque le d\u00e9bit de la rivi\u00e8re est inf\u00e9rieur \u00e0 357 m\u00b3\/s, et lorsque le d\u00e9bit est de 74 m\u00b3\/s ou moins dans le tron\u00e7on de d\u00e9rivation.<\/p>\n<p>Le bassin de retenue est consid\u00e9r\u00e9 comme une \u201c\u00a0eau de niveau 3\u00a0\u201d, ce qui indique une ressource en eau d&#039;une qualit\u00e9 exceptionnelle au niveau national. Ces eaux d\u00e9sign\u00e9es comprennent celles des zones sauvages f\u00e9d\u00e9rales, les eaux f\u00e9d\u00e9rales sp\u00e9cifiquement d\u00e9sign\u00e9es, ainsi que les eaux de haute qualit\u00e9 ou les cours d&#039;eau \u00e0 truites se reproduisant naturellement dans les parcs d&#039;\u00c9tat, les parcs nationaux et les for\u00eats nationales. Le tron\u00e7on d\u00e9vi\u00e9 et le tron\u00e7on en aval sont class\u00e9s comme zone de p\u00eache en eau chaude, avec des usages suppl\u00e9mentaires d\u00e9sign\u00e9s pour l&#039;agriculture et la faune sauvage, ainsi que pour l&#039;approvisionnement en eau industrielle, le transport, le refroidissement et la production d&#039;\u00e9lectricit\u00e9. Le tron\u00e7on d\u00e9vi\u00e9 et le tron\u00e7on en aval, comme l&#039;ensemble de la rivi\u00e8re en aval du barrage, sont affect\u00e9s par la pr\u00e9sence de coliformes f\u00e9caux en raison de nombreux rejets d&#039;eaux us\u00e9es dans le bassin versant inf\u00e9rieur.<\/p>\n<p>Il n&#039;y a pas d&#039;esp\u00e8ces de poissons migrateurs dans la rivi\u00e8re New. Les chutes Kawana, situ\u00e9es en aval du projet Glen Ferris, emp\u00eachent les poissons migrateurs de provenir des habitats situ\u00e9s en amont. Cependant, trois <span class='tooltipsall tooltip_post_id_5623 classtoolTips51'>potamodrome<\/span> Des esp\u00e8ces ont \u00e9t\u00e9 historiquement trouv\u00e9es \u00e0 l&#039;int\u00e9rieur ou \u00e0 proximit\u00e9 du p\u00e9rim\u00e8tre du projet, notamment le poisson-chat et l&#039;hybride non indig\u00e8ne de bar ray\u00e9 et d&#039;alose. De nombreuses esp\u00e8ces de poissons r\u00e9sidentes sont pr\u00e9sentes, et la rivi\u00e8re New abrite une population exceptionnelle d&#039;achigans \u00e0 petite bouche. Il n&#039;y a pas <span class='tooltipsall tooltip_post_id_5566 classtoolTips59'>passage des poissons<\/span> et bien que le taux de survie en aval ait \u00e9t\u00e9 jug\u00e9 \u00e9lev\u00e9, il existe quelques exigences et, bien que la survie lors du passage en aval ait \u00e9t\u00e9 jug\u00e9e \u00e9lev\u00e9e, il y a quelques <span class='tooltipsall tooltip_post_id_5558 classtoolTips77'>entra\u00eenement<\/span> et le propri\u00e9taire du projet verse des indemnit\u00e9s annuelles de p\u00eache \u00e0 la Division des ressources naturelles de Virginie-Occidentale.<\/p>\n<p>Le projet s&#039;\u00e9tend sur 1\u00a0072 acres, dont une retenue de 243 acres, 209 acres de plan d&#039;eau dans les tron\u00e7ons d\u00e9vi\u00e9s et en aval, et environ 620 acres de terres principalement constitu\u00e9es de for\u00eat non am\u00e9nag\u00e9e. Une grande partie du site est entour\u00e9e par le parc national et la r\u00e9serve de New River George, le parc d&#039;\u00c9tat de Hawks Nest et la zone de gestion de la faune de Cotton Hill.<\/p>\n<p>La Virginie-Occidentale ne compte aucune esp\u00e8ce menac\u00e9e ou en voie de disparition inscrite sur sa liste d&#039;\u00c9tat. Parmi les esp\u00e8ces inscrites ou propos\u00e9es pour inscription au niveau f\u00e9d\u00e9ral et pr\u00e9sentes ou susceptibles d&#039;\u00eatre pr\u00e9sentes, on compte cinq esp\u00e8ces de chauves-souris, neuf esp\u00e8ces de moules d&#039;eau douce, la spir\u00e9e de Virginie (observations historiques uniquement) et le papillon monarque. Le tr\u00e8fle rampant, autrefois inscrit sur la liste, est \u00e9galement pr\u00e9sent et le ma\u00eetre d&#039;ouvrage met en \u0153uvre un plan de gestion pour cette esp\u00e8ce. Le projet limite l&#039;abattage d&#039;arbres pendant les p\u00e9riodes de repos des chauves-souris. Il a \u00e9t\u00e9 \u00e9tabli que le projet n&#039;a pas d&#039;impact n\u00e9gatif sur les moules ni sur la spir\u00e9e de Virginie.<\/p>\n<p>Il n&#039;existe aucune tribu indienne reconnue par le gouvernement f\u00e9d\u00e9ral en Virginie-Occidentale. L&#039;\u00c9tat de Virginie-Occidentale n&#039;a pas d&#039;\u00c9tat<\/p>\n<p>Le ma\u00eetre d&#039;ouvrage a consult\u00e9 neuf tribus indiennes reconnues par le gouvernement f\u00e9d\u00e9ral lors de l&#039;\u00e9laboration du plan de gestion des biens historiques du projet et a \u00e9galement consult\u00e9 d&#039;autres tribus indiennes afin d&#039;obtenir des informations compl\u00e9mentaires concernant les biens d&#039;importance religieuse ou culturelle traditionnelle susceptibles d&#039;\u00eatre situ\u00e9s dans la zone impact\u00e9e par le projet. Ce dernier a \u00e9t\u00e9 construit dans les ann\u00e9es 1930 par la New-Kanawha Power Company, filiale de Union Carbide and Carbon Corporation, pour alimenter les fours de fusion de l&#039;usine de ferroalliages Union Carbide pr\u00e8s d&#039;Alloy, en Virginie-Occidentale, \u00e0 une fr\u00e9quence de 25 hertz (Hz). Le projet a \u00e9t\u00e9 jug\u00e9 admissible au <span class='tooltipsall tooltip_post_id_5606 classtoolTips1'>Registre national des lieux historiques<\/span>, \u00e0 la fois comme une r\u00e9alisation d&#039;ing\u00e9nierie exceptionnelle et pour son association avec les \u00e9v\u00e9nements industriels li\u00e9s \u00e0 sa construction, notamment le <a href=\"https:\/\/www.nps.gov\/neri\/planyourvisit\/the-hawks-nest-tunnel-disaster-summersville-wv.htm\">Trag\u00e9die du Nid d&#039;Hawks<\/a> qui s&#039;est produit pendant la construction.<\/p>\n<p>Le projet est g\u00e9r\u00e9 selon un plan de gestion des loisirs. Les installations r\u00e9cr\u00e9atives comprennent le Hawks Nest. <span class='tooltipsall tooltip_post_id_5660 classtoolTips117'>Canal de fuite<\/span> L&#039;acc\u00e8s \u00e0 la p\u00eache, une aire de fr\u00e9quentation diurne situ\u00e9e \u00e0 proximit\u00e9 de la centrale hydro\u00e9lectrique de Hawks Nest, est accessible au public. Le secteur de Cotton Hill offre un acc\u00e8s r\u00e9cr\u00e9atif public \u00e0 la partie sup\u00e9rieure du canal de d\u00e9rivation de Hawks Nest et permet la randonn\u00e9e, l&#039;escalade, l&#039;observation de la faune et la p\u00eache. Des sentiers p\u00e9destres polyvalents servent \u00e9galement de points de mise \u00e0 l&#039;eau pour les plaisanciers souhaitant acc\u00e9der au canal. La chasse et le pi\u00e9geage y sont \u00e9galement autoris\u00e9s. On y trouve aussi un portage au niveau du barrage, une piste cyclable\/pi\u00e9tonne et une aire de fr\u00e9quentation diurne. Le projet est g\u00e9r\u00e9 selon un plan de l\u00e2cher d&#039;eau et le propri\u00e9taire tient \u00e0 jour un site web d&#039;information sur les d\u00e9bits du projet Hawks Nest. Ce site pr\u00e9sente le calendrier annuel de neuf l\u00e2chers d&#039;eau \u00e0 des fins r\u00e9cr\u00e9atives.<\/p>\n<hr \/>\n<h3>Historique des certifications<\/h3>\n<p><strong>15 janvier 2026<\/strong> L&#039;Institut de l&#039;\u00e9nergie hydro\u00e9lectrique \u00e0 faible impact (LIHI) a re\u00e7u un dossier complet de demande de certification \u00e0 faible impact pour le projet hydro\u00e9lectrique de Hawks Nest. Le LIHI sollicite l&#039;avis du public sur cette demande. Plus pr\u00e9cis\u00e9ment, nous souhaitons savoir si vous estimez que le projet r\u00e9pond aux crit\u00e8res de certification \u00e0 faible impact du LIHI, tels que r\u00e9vis\u00e9s dans la 2e \u00e9dition du manuel en vigueur au moment du d\u00e9p\u00f4t de la demande. Veuillez consulter le programme et les crit\u00e8res dans le manuel du LIHI. <a href=\"https:\/\/lowimpacthydro.org\/wp-content\/uploads\/2025\/02\/2nd-Edition-Handbook-Rev.-2.06-clean-final.pdf\">Manuel R\u00e9vision 2.06<\/a> et consultez ensuite les documents de candidature du projet ci-dessous.<\/p>\n<p>Les commentaires directement li\u00e9s \u00e0 des crit\u00e8res sp\u00e9cifiques du LIHI (d\u00e9bits, qualit\u00e9 de l&#039;eau, passage des poissons, etc.) seront les plus utiles, mais tous les commentaires seront pris en compte. Les commentaires peuvent \u00eatre envoy\u00e9s \u00e0 l&#039;Institut par courrier \u00e9lectronique \u00e0 l&#039;adresse <a href=\"mailto:comments@lowimpacthydro.org\">comments@lowimpacthydro.org<\/a> avec \u201c Commentaires sur le projet Hawks Nest \u201d dans l\u2019objet, ou par courrier adress\u00e9 au Low Impact Hydropower Institute, 68 Harrison Ave Ste 605, PMB 113938 Boston, Massachusetts 02111-1929.\u00a0 <strong>Les commentaires doivent \u00eatre re\u00e7us au plus tard \u00e0 17 h, heure de l&#039;Est, le 16 mars 2026.<\/strong>\u00a0\u00e0 prendre en consid\u00e9ration. Tous les commentaires seront publi\u00e9s sur le site Web et le candidat aura la possibilit\u00e9 d&#039;y r\u00e9pondre. Toute r\u00e9ponse sera \u00e9galement publi\u00e9e.<\/p>\n<hr \/>\n<h3>Dossiers de certification<\/h3>\n<h4>Demande 2026<\/h4>\n<ul style=\"color: black;\">\n<li><a href=\"https:\/\/lowimpacthydro.org\/wp-content\/uploads\/2026\/01\/HawksNest_LIHI_2025_ApplicationPackage_2.06_Revised-20260112.pdf\">Demande Hawks Nest<\/a><\/li>\n<li><a href=\"https:\/\/lowimpacthydro.org\/wp-content\/uploads\/2026\/01\/HawksNest_LIHI_2026_ApplicationAddendum_20260112.pdf\">Addendum \u00e0 la demande Hawks Nest<\/a><\/li>\n<li><a href=\"https:\/\/lowimpacthydro.org\/wp-content\/uploads\/2026\/03\/American-Whitewater-Comment-Hawks-Nest.pdf\">Commentaire sur American Whitewater<\/a><\/li>\n<\/ul>\n<hr \/>\n<h3>Documents cl\u00e9s<\/h3>\n<ul style=\"color: black;\">\n<li><a href=\"https:\/\/lowimpacthydro.org\/wp-content\/uploads\/2026\/03\/20260305-5235_Hawks-Nest-NonCapacity-Amendment-Application_reduced.pdf\">Demande de modification de licence sans capacit\u00e9 2026<\/a><\/li>\n<li><a href=\"https:\/\/lowimpacthydro.org\/wp-content\/uploads\/2026\/01\/20171222-Hawks-Nest-FERC-license-and-WQC.pdf\">Licence FERC et certificat de qualit\u00e9 de l&#039;eau 2017<\/a><\/li>\n<li><a href=\"https:\/\/lowimpacthydro.org\/wp-content\/uploads\/2026\/01\/20170919-WVDEP-letter_Hawks-Nest-Basis-for-Modified-WQC.pdf\">Lettre du WVDNR concernant la modification du WQC 2017<\/a><\/li>\n<li><a href=\"https:\/\/lowimpacthydro.org\/wp-content\/uploads\/2026\/01\/20171020-Hawks-Nest-and-Glen-Ferris-FERC-Final-EA.pdf\">\u00c9valuation environnementale de la FERC 2017<\/a><\/li>\n<\/ul>","protected":false},"excerpt":{"rendered":"<p>Project Name Hawks Nest LIHI Certificate No. n\/a LIHI Certificate Term n\/a Owner Hawks Nest Hydro LLC, a subsidiary of Brookfield Renewable Energy Group State West<span class=\"excerpt-hellip\"> [\u2026]<\/span><\/p>\n","protected":false},"author":4,"featured_media":-1,"parent":0,"menu_order":0,"comment_status":"closed","ping_status":"closed","template":"","meta":{"_coblocks_attr":"","_coblocks_dimensions":"","_coblocks_responsive_height":"","_coblocks_accordion_ie_support":"","om_disable_all_campaigns":false,"_monsterinsights_skip_tracking":false,"_monsterinsights_sitenote_active":false,"_monsterinsights_sitenote_note":"","_monsterinsights_sitenote_category":0,"footnotes":""},"class_list":["post-10264","page","type-page","status-publish","has-post-thumbnail","hentry"],"aioseo_notices":[],"_links":{"self":[{"href":"https:\/\/lowimpacthydro.org\/fr\/wp-json\/wp\/v2\/pages\/10264","targetHints":{"allow":["GET"]}}],"collection":[{"href":"https:\/\/lowimpacthydro.org\/fr\/wp-json\/wp\/v2\/pages"}],"about":[{"href":"https:\/\/lowimpacthydro.org\/fr\/wp-json\/wp\/v2\/types\/page"}],"author":[{"embeddable":true,"href":"https:\/\/lowimpacthydro.org\/fr\/wp-json\/wp\/v2\/users\/4"}],"replies":[{"embeddable":true,"href":"https:\/\/lowimpacthydro.org\/fr\/wp-json\/wp\/v2\/comments?post=10264"}],"version-history":[{"count":7,"href":"https:\/\/lowimpacthydro.org\/fr\/wp-json\/wp\/v2\/pages\/10264\/revisions"}],"predecessor-version":[{"id":10437,"href":"https:\/\/lowimpacthydro.org\/fr\/wp-json\/wp\/v2\/pages\/10264\/revisions\/10437"}],"wp:featuredmedia":[{"embeddable":true,"href":"https:\/\/lowimpacthydro.org\/fr\/wp-json\/"}],"wp:attachment":[{"href":"https:\/\/lowimpacthydro.org\/fr\/wp-json\/wp\/v2\/media?parent=10264"}],"curies":[{"name":"wp","href":"https:\/\/api.w.org\/{rel}","templated":true}]}}