{"id":9897,"date":"2025-08-08T11:11:26","date_gmt":"2025-08-08T15:11:26","guid":{"rendered":"https:\/\/lowimpacthydro.org\/?page_id=9897"},"modified":"2026-03-12T13:44:02","modified_gmt":"2026-03-12T17:44:02","slug":"center-rutland-project-vermont","status":"publish","type":"page","link":"https:\/\/lowimpacthydro.org\/es\/center-rutland-project-vermont\/","title":{"rendered":"Certificado LIHI #206 Centro Proyecto Rutland \u2013 Vermont"},"content":{"rendered":"<table class=\"alignright\" style=\"width: 351px; border: 2px; cellspacing: 2px; cellpadding: 2px; margin-left: 50px;\">\n<tbody>\n<tr>\n<td style=\"border-style: solid;\" width=\"162\"><strong>Nombre del proyecto<\/strong><\/td>\n<td style=\"border-style: solid;\" width=\"180\">Centro Rutland<\/td>\n<\/tr>\n<tr>\n<td style=\"border-style: solid;\"><strong>Certificado LIHI No.<br \/>\n<\/strong><\/td>\n<td style=\"border-style: solid;\">206<\/td>\n<\/tr>\n<tr>\n<td style=\"border-style: solid;\"><strong>Plazo del certificado LIHI<br \/>\n<\/strong><\/td>\n<td style=\"border-style: solid;\">30 de septiembre de 2025 -29 de septiembre de 2035<\/td>\n<\/tr>\n<tr>\n<td style=\"border-style: solid;\" width=\"162\"><strong>Due\u00f1o<\/strong><\/td>\n<td style=\"border-style: solid;\" width=\"180\">Corporaci\u00f3n de energ\u00eda Green Mountain<\/td>\n<\/tr>\n<tr>\n<td style=\"border-style: solid;\" width=\"162\"><strong>Estado<\/strong><\/td>\n<td style=\"border-style: solid;\" width=\"180\">Vermont<\/td>\n<\/tr>\n<tr>\n<td style=\"border-style: solid;\" width=\"162\"><strong>Ubicaci\u00f3n<\/strong><\/td>\n<td style=\"border-style: solid;\" width=\"180\">Milla fluvial 71 en Otter Creek<\/td>\n<\/tr>\n<tr>\n<td style=\"border-style: solid;\" width=\"162\"><strong>Capacidad instalada<\/strong><\/td>\n<td style=\"border-style: solid;\" width=\"180\">0,275 MW<\/td>\n<\/tr>\n<tr>\n<td style=\"border-style: solid;\" width=\"162\"><strong>Generaci\u00f3n media anual<\/strong><\/td>\n<td style=\"border-style: solid;\" width=\"180\">541 MWh<\/td>\n<\/tr>\n<tr>\n<td style=\"border-style: solid;\" width=\"162\"><strong>Tipo de instalaci\u00f3n<\/strong><\/td>\n<td style=\"border-style: solid;\" width=\"180\"><span class='tooltipsall tooltip_post_id_5643 classtoolTips52'>De pasada<\/span><\/td>\n<\/tr>\n<tr>\n<td style=\"border-style: solid;\" width=\"162\"><strong><span class='tooltipsall tooltip_post_id_5565 classtoolTips152'>Comisi\u00f3n Federal de Comercio<\/span> No.<\/strong><\/td>\n<td style=\"border-style: solid;\" width=\"180\">P-2445 emitido el 26 de diciembre de 2024; vence el 30\/11\/2064<\/td>\n<\/tr>\n<\/tbody>\n<\/table>\n<p>El Proyecto Hidroel\u00e9ctrico Center Rutland se ubica en el arroyo Otter, en el municipio de Rutland (adyacente a la ciudad de Rutland), en el condado de Rutland, Vermont. El proyecto se ubica en la milla fluvial 71. Varias otras presas se encuentran en el r\u00edo, incluyendo aguas abajo, <a href=\"https:\/\/lowimpacthydro.org\/es\/lihi-certificate-128-otter-creek-project-vt\/\">Proyecto Otter Creek, LIHI #128<\/a>, y bien r\u00edo abajo, <a href=\"https:\/\/lowimpacthydro.org\/es\/lihi-certificate-99-middlebury-lower-vermont\/\">Middlebury Lower, LIHI #99<\/a>, <a href=\"https:\/\/lowimpacthydro.org\/es\/lihi-certificate-98-weybridge-hydroelectric-project-vermont\/\">Weybridge, LIHI #98<\/a>, y <a href=\"https:\/\/lowimpacthydro.org\/es\/lihi-certificate-134-vergennes-hydroelectric-project-vermont\/\">Vergennes, LIHI #134<\/a>.<\/p>\n<p>Originalmente construido en 1850 y reconstruido en 1928, el <span class='tooltipsall tooltip_post_id_5545 classtoolTips158'>presa<\/span> es una estructura de gravedad de mamposter\u00eda de piedra y hormig\u00f3n de 190 pies de largo compuesta por una secci\u00f3n sin desbordamiento de 16 pies de largo y una secci\u00f3n de 174 pies de largo <span class='tooltipsall tooltip_post_id_5651 classtoolTips116'>aliviadero<\/span>y una secci\u00f3n de 16 pies de largo sin desbordamiento. El embalse tiene una superficie de 10,97 acres sin capacidad de almacenamiento utilizable a la elevaci\u00f3n normal de la superficie del agua de 505,05 pies. <span class='tooltipsall tooltip_post_id_5605 classtoolTips2'>Datum vertical geod\u00e9sico nacional<\/span> de 1929 (<span class='tooltipsall tooltip_post_id_5608 classtoolTips155'>Veh\u00edculo motorizado nacional<\/span> 29) La presa crea un tramo corto desviado de 250 pies de largo que incluye una cascada de lecho rocoso con poco valor de h\u00e1bitat acu\u00e1tico y una poza profunda en el extremo aguas abajo de la cascada de lecho rocoso que est\u00e1 remansada y conectada hidr\u00e1ulicamente al canal de descarga en todos los flujos de 40 pies c\u00fabicos por segundo o m\u00e1s.<\/p>\n<p>Un peque\u00f1o dep\u00f3sito de agua y una toma de mamposter\u00eda de hormig\u00f3n y m\u00e1rmol transportan agua a un pozo de acero de 6 pies de di\u00e1metro y 75 pies de largo. <span class='tooltipsall tooltip_post_id_5619 classtoolTips124'>compuerta<\/span> que conduce a la mamposter\u00eda de piedra y m\u00e1rmol de 40 pies de largo y 33 pies de ancho. <span class='tooltipsall tooltip_post_id_5624 classtoolTips102'>central el\u00e9ctrica<\/span>La central el\u00e9ctrica contiene una turbina de eje horizontal que impulsa un generador de 0,275 MW. Otras instalaciones incluyen una <span class='tooltipsall tooltip_post_id_5656 classtoolTips92'>subestaci\u00f3n<\/span>una l\u00ednea de transmisi\u00f3n de aproximadamente 24 metros de largo y 12,47 kilovoltios; un cable de fibra \u00f3ptica de 560 metros de largo para proporcionar comunicaciones de red inteligente al proyecto; y equipos e instalaciones auxiliares. Aunque los enchufes para <span class='tooltipsall tooltip_post_id_5569 classtoolTips79'>tablero de flash<\/span> Existen pasadores a lo largo de la cresta del aliviadero de hormig\u00f3n, la madera <span class='tooltipsall tooltip_post_id_5569 classtoolTips79'>tableros de flash<\/span> No est\u00e1n instalados actualmente y no han estado en funcionamiento desde 2012.<\/p>\n<p>El proyecto opera en un <span class='tooltipsall tooltip_post_id_5643 classtoolTips52'>de pasada<\/span> Modo donde el caudal de salida se aproxima al caudal de entrada y se gestiona de acuerdo con un Plan de Gesti\u00f3n y Monitoreo de Caudales. El caudal m\u00ednimo del tramo desviado es de 80 pies c\u00fabicos por segundo (cfs) o caudal de entrada, lo que sea menor, del 1 de junio al 15 de octubre, y de 60 pies c\u00fabicos por segundo (cfs) o caudal de entrada, lo que sea menor, del 16 de octubre al 31 de mayo. Estos niveles de caudal superan la recomendaci\u00f3n de la Agencia de Recursos Naturales de Vermont (VANR).<\/p>\n<p>Las aguas en el \u00e1rea del proyecto se clasifican como h\u00e1bitat para peces de agua fr\u00eda de Clase B(2), aptas para los usos designados de biota acu\u00e1tica, fauna y h\u00e1bitat acu\u00e1tico; est\u00e9tica; abastecimiento p\u00fablico de agua; riego de cultivos y otros usos agr\u00edcolas; nataci\u00f3n y otras actividades recreativas de contacto primario; y navegaci\u00f3n, pesca y otros usos recreativos. El \u00e1rea del proyecto no est\u00e1 catalogada como deteriorada por el VANR y el monitoreo de la calidad del agua indic\u00f3 que el proyecto no afecta negativamente la calidad del agua.<\/p>\n<p>Otter Creek admite especies de peces de agua fr\u00eda y c\u00e1lida y actualmente no tiene ninguna <span class='tooltipsall tooltip_post_id_5549 classtoolTips96'>di\u00e1dromo<\/span> Especies de peces presentes en las aguas del Proyecto; sin embargo, el Proyecto se encuentra dentro del \u00e1rea de distribuci\u00f3n hist\u00f3rica de la anguila americana y existen disposiciones para planes de paso de la anguila americana dentro de un a\u00f1o de la implementaci\u00f3n de las medidas de paso de anguilas r\u00edo arriba en el Proyecto Hidroel\u00e9ctrico Otter Creek (FERC n.\u00b0 2558), ubicado inmediatamente aguas abajo. Las especies residentes incluyen especies t\u00edpicas de aguas fr\u00edas y c\u00e1lidas. Los estantes para desechos tienen una separaci\u00f3n de barras de 9\/16 de pulgada, lo que evita que los peces queden atrapados. La velocidad de aproximaci\u00f3n a la toma es inferior a 1 pie por segundo (0,70 pies por segundo) durante la generaci\u00f3n completa, lo que reduce sustancialmente el riesgo de <span class='tooltipsall tooltip_post_id_5587 classtoolTips82'>instrucci\u00f3n<\/span> y <span class='tooltipsall tooltip_post_id_5558 classtoolTips77'>arrastre<\/span> porque los peces pueden nadar lejos de la entrada.<\/p>\n<p>El proyecto se ubica en una zona industrializada de la cuenca del arroyo Otter y cuenta con una costa limitada dentro del embalse. Las operaciones de pasada limitan el riesgo de erosi\u00f3n costera. Las tierras no acu\u00e1ticas del proyecto se limitan a aproximadamente 0,2 hect\u00e1reas (0,4 acre) alrededor de las estructuras del proyecto.<\/p>\n<p>Entre las especies amenazadas y en peligro de extinci\u00f3n que podr\u00edan estar presentes se incluyen el murci\u00e9lago orejudo norte\u00f1o y el murci\u00e9lago tricolor, cuya inclusi\u00f3n se ha propuesto, pero no se conocen hibern\u00e1culos invernales ni sitios de descanso de maternidad estival cerca del proyecto. La mariposa monarca, cuya inclusi\u00f3n se ha propuesto, y el \u00e1guila calva, tambi\u00e9n podr\u00edan estar presentes. Entre las especies de mejillones incluidas en la lista estatal que se encuentran en el embalse se encuentran el mejill\u00f3n (Lasmigona compressa) y el mejill\u00f3n (Strophitus undulatus). Dado que el proyecto opera en r\u00e9gimen de pasada, no se prev\u00e9 que las operaciones normales afecten a las especies de mejillones. Si fuera necesario vaciar el embalse, los propietarios consultar\u00edan con el VANR antes de planificar cualquier vaciado. Dada la peque\u00f1a superficie de 1,4 hect\u00e1reas y la falta de necesidad de tala de \u00e1rboles o gesti\u00f3n de la vegetaci\u00f3n no rutinaria, es improbable que el proyecto afecte a las especies protegidas.<\/p>\n<p>Todo el complejo hidroel\u00e9ctrico de Center Rutland ha sido documentado previamente en un <span class='tooltipsall tooltip_post_id_5606 classtoolTips1'>Registro Nacional de Lugares Hist\u00f3ricos<\/span> Formulario de registro para el Distrito Hist\u00f3rico de la Central Hidroel\u00e9ctrica Center Rutland (Distrito). La nominaci\u00f3n nunca se present\u00f3 al Registro Nacional, pero se mantuvo en los archivos del Departamento de Preservaci\u00f3n Hist\u00f3rica de Vermont (VDHP). El distrito abarca la central, las cataratas Mead y los edificios circundantes. Tambi\u00e9n se descubrieron artefactos ind\u00edgenas. El proyecto opera bajo un Plan de Gesti\u00f3n de Propiedades Hist\u00f3ricas que exige consultar con el VDHP y las tribus antes de realizar ciertas actividades para minimizar los posibles efectos sobre los recursos culturales y tribales. La licencia de la FERC tambi\u00e9n exige que el propietario dise\u00f1e e instale un quiosco de informaci\u00f3n sobre el patrimonio cultural para el municipio de Rutland, que se ubicar\u00e1 en el peque\u00f1o parque municipal no perteneciente al proyecto.<\/p>\n<p>El proyecto est\u00e1 desarrollando un Plan de Gesti\u00f3n Recreativa como parte de la nueva licencia de la FERC. Las instalaciones recreativas actuales del proyecto incluyen un acceso p\u00fablico informal a Otter Creek justo debajo del nivel de la presa en la margen norte, que consiste en un sendero de tierra lo suficientemente ancho para transportar canoas, con estacionamiento informal junto al sendero. Los pescadores utilizan el punto de acceso informal en la margen norte y acceden a la margen sur aguas abajo de la presa, desde la avenida Simons. Debido al uso hist\u00f3rico de esta \u00e1rea, el municipio de Rutland comenz\u00f3 a trabajar con el propietario en 2018 para discutir el desarrollo conjunto de un peque\u00f1o parque que se ubicar\u00eda dentro de esta \u00e1rea de uso informal. El acceso p\u00fablico es gratuito.<\/p>\n<hr \/>\n<h3>Estado de cumplimiento<\/h3>\n<p><strong>El Certificado incluye las siguientes condiciones espec\u00edficas de la instalaci\u00f3n:<\/strong><\/p>\n<ul style=\"color: black;\">\n<li><strong>Condici\u00f3n 1:<\/strong> Tras la aprobaci\u00f3n por parte de la FERC del HPMP requerido en virtud del Art\u00edculo 409, el Propietario de la Instalaci\u00f3n deber\u00e1 proporcionar a LIHI una copia del HPMP aprobado, la documentaci\u00f3n de las consultas con el VDHP y las Naciones Tribales afectadas, y un breve resumen de su estado de implementaci\u00f3n. Las actualizaciones sobre la implementaci\u00f3n del HPMP y cualquier consulta con el VDHP y las Naciones Tribales durante las obras de alteraci\u00f3n del suelo tambi\u00e9n deber\u00e1n proporcionarse en los informes anuales de cumplimiento a LIHI.<\/li>\n<li><strong>Condici\u00f3n 2:<\/strong> Tras la aprobaci\u00f3n por parte de la FERC del Plan de Monitoreo de Actividades Recreativas, requerido por el Art\u00edculo 407, el Propietario de la Instalaci\u00f3n deber\u00e1 presentar el plan aprobado a LIHI. Los informes anuales de cumplimiento a LIHI deber\u00e1n resumir el uso recreativo, la coordinaci\u00f3n con el Municipio de Rutland para el desarrollo de los quioscos y cualquier cambio en las condiciones de acceso p\u00fablico.<\/li>\n<\/ul>\n<p><strong>2025:<\/strong> El informe anual correspondiente al certificado actual a\u00fan no ha entrado en vigor.<\/p>\n<h3>Historial de certificaciones<\/h3>\n<p><strong>6 de enero de 2026:<\/strong> El Instituto de Energ\u00eda Hidroel\u00e9ctrica de Bajo Impacto ha emitido una decisi\u00f3n final sobre la certificaci\u00f3n del Proyecto Hidroel\u00e9ctrico Center Rutland. No se recibieron apelaciones durante el per\u00edodo de apelaci\u00f3n, que cerr\u00f3 el 4 de enero de 2026. El plazo de certificaci\u00f3n de 10 a\u00f1os es del 30 de septiembre de 2025 al 29 de septiembre de 2035.<\/p>\n<p><strong>5 de diciembre de 2025:<\/strong> El Instituto de Energ\u00eda Hidroel\u00e9ctrica de Bajo Impacto (LIHI) ha aprobado preliminarmente la Certificaci\u00f3n de Bajo Impacto para el Proyecto Hidroel\u00e9ctrico Center Rutland (pendiente de LIHI #206). La solicitud completa y el informe del revisor est\u00e1n disponibles a continuaci\u00f3n.<\/p>\n<p>Esta decisi\u00f3n es preliminar, a la espera del plazo de apelaci\u00f3n de 30 d\u00edas. Solo quienes comentaron sobre las solicitudes iniciales durante el plazo de 60 d\u00edas pueden presentar una apelaci\u00f3n. Dicha apelaci\u00f3n debe incluir una explicaci\u00f3n de por qu\u00e9 los Proyectos no cumplen con los criterios de LIHI. Las solicitudes de apelaci\u00f3n pueden enviarse por correo electr\u00f3nico a <a href=\"mailto:comments@lowimpacthydro.org\">comments@lowimpacthydro.org<\/a> Con el asunto &quot;Proyecto Centro Rutland&quot;, o por correo postal dirigido al Instituto de Energ\u00eda Hidroel\u00e9ctrica de Bajo Impacto, 68 Harrison Ave Ste 605, PMB 113938 Boston, Massachusetts 02111-1929. Todas las solicitudes se publicar\u00e1n en el sitio web. El solicitante tendr\u00e1 la oportunidad de responder, y cualquier respuesta tambi\u00e9n se publicar\u00e1. <strong>Las solicitudes deben recibirse antes de las 5 p. m., hora del Este, el 4 de enero de 2026.\u00a0<\/strong>Si no se reciben solicitudes de apelaci\u00f3n, el per\u00edodo de certificaci\u00f3n ser\u00e1 del 30 de septiembre de 2025 al 29 de septiembre de 2035.<\/p>\n<p><strong>30 de septiembre de 2025<\/strong><strong>: <\/strong>El Instituto de Energ\u00eda Hidroel\u00e9ctrica de Bajo Impacto (LIHI) ha recibido una solicitud completa para la Certificaci\u00f3n de Bajo Impacto del Proyecto Hidroel\u00e9ctrico Center Rutland. LIHI solicita comentarios p\u00fablicos sobre esta solicitud. En concreto, nos interesa saber si considera que el Proyecto cumple con los Criterios de Certificaci\u00f3n de Bajo Impacto de LIHI, revisados en la 2.\u00aa edici\u00f3n del Manual vigente al momento de la solicitud inicial. Por favor, revise el programa y los criterios en el sitio web de LIHI. <a href=\"https:\/\/lowimpacthydro.org\/wp-content\/uploads\/2025\/02\/2nd-Edition-Handbook-Rev.-2.06-clean-final.pdf\">Revisi\u00f3n del manual 2.06<\/a> y luego revise los materiales de solicitud del Proyecto a continuaci\u00f3n.<\/p>\n<p>Comentarios que est\u00e1n directamente relacionados con criterios espec\u00edficos de LIHI (caudales, calidad del agua, <span class='tooltipsall tooltip_post_id_5566 classtoolTips59'>paso de peces<\/span>, etc.) ser\u00e1n de gran ayuda, pero se tendr\u00e1n en cuenta todos los comentarios. Los comentarios pueden enviarse al Instituto por correo electr\u00f3nico a <a href=\"mailto:comments@lowimpacthydro.org\">comments@lowimpacthydro.org<\/a> con \u201cComentarios del Proyecto Center Rutland\u201d en la l\u00ednea de asunto, o por correo dirigido al Low Impact Hydropower Institute, 68 Harrison Ave Ste 605, PMB 113938 Boston, Massachusetts 02111-1929.\u00a0 <strong>Los comentarios deben recibirse antes de las 5 p. m., hora del Este, el 28 de noviembre de 2025.<\/strong>\u00a0Se considerar\u00e1n todos los comentarios. Se publicar\u00e1n en el sitio web y el solicitante tendr\u00e1 la oportunidad de responder. Tambi\u00e9n se publicar\u00e1n todas las respuestas.<\/p>\n<hr \/>\n<h3>Archivos de certificaci\u00f3n<\/h3>\n<h4>Solicitud 2025<\/h4>\n<ul style=\"color: black;\">\n<li><a href=\"https:\/\/lowimpacthydro.org\/wp-content\/uploads\/2025\/12\/Center-Rutland_LIHI_Review_Report_Final-Clean.pdf\">Informe de revisi\u00f3n del Centro Rutland 2025<\/a><\/li>\n<li><a href=\"https:\/\/lowimpacthydro.org\/wp-content\/uploads\/2025\/09\/P-2445_Center-Rutland-LIHI-Application_20250523-updated.pdf\">Solicitud de certificaci\u00f3n del Centro Rutland 2025<\/a><\/li>\n<li><a href=\"https:\/\/lowimpacthydro.org\/wp-content\/uploads\/2025\/12\/Nulhegan-Band-of-the-Coosuk-Abenaki-Nation-Comment-Center-Rutland.pdf\">Carta de comentario Nulhegan Band of the Coosuk \u2013 Naci\u00f3n Abenaki<\/a><\/li>\n<li><a href=\"https:\/\/lowimpacthydro.org\/wp-content\/uploads\/2025\/12\/Elnu-Abenaki-Comment-Center-Rutland.pdf\">Carta de comentarios de Elnu Abenaki<\/a><\/li>\n<\/ul>\n<hr \/>\n<h3>Documentos clave<\/h3>\n<ul style=\"color: black;\">\n<li><a href=\"https:\/\/lowimpacthydro.org\/wp-content\/uploads\/2025\/08\/20241226-Center-Rutland-license-and-WQC.pdf\">Licencia FERC del Centro Rutland y Certificaci\u00f3n de Calidad del Agua 2024<\/a><\/li>\n<li><a href=\"https:\/\/lowimpacthydro.org\/wp-content\/uploads\/2025\/08\/20240424-FERC-EA_Center-Rutland.pdf\">Evaluaci\u00f3n ambiental de la FERC del centro Rutland 2024<\/a><\/li>\n<\/ul>","protected":false},"excerpt":{"rendered":"<p>Project Name Center Rutland LIHI Certificate No. 206 LIHI Certificate Term September 30, 2025 -September 29, 2035 Owner Green Mountain Power Corp. State Vermont Location River<span class=\"excerpt-hellip\"> [\u2026]<\/span><\/p>\n","protected":false},"author":4,"featured_media":-1,"parent":0,"menu_order":0,"comment_status":"closed","ping_status":"closed","template":"","meta":{"_coblocks_attr":"","_coblocks_dimensions":"","_coblocks_responsive_height":"","_coblocks_accordion_ie_support":"","om_disable_all_campaigns":false,"_monsterinsights_skip_tracking":false,"_monsterinsights_sitenote_active":false,"_monsterinsights_sitenote_note":"","_monsterinsights_sitenote_category":0,"footnotes":""},"class_list":["post-9897","page","type-page","status-publish","has-post-thumbnail","hentry"],"aioseo_notices":[],"_links":{"self":[{"href":"https:\/\/lowimpacthydro.org\/es\/wp-json\/wp\/v2\/pages\/9897","targetHints":{"allow":["GET"]}}],"collection":[{"href":"https:\/\/lowimpacthydro.org\/es\/wp-json\/wp\/v2\/pages"}],"about":[{"href":"https:\/\/lowimpacthydro.org\/es\/wp-json\/wp\/v2\/types\/page"}],"author":[{"embeddable":true,"href":"https:\/\/lowimpacthydro.org\/es\/wp-json\/wp\/v2\/users\/4"}],"replies":[{"embeddable":true,"href":"https:\/\/lowimpacthydro.org\/es\/wp-json\/wp\/v2\/comments?post=9897"}],"version-history":[{"count":22,"href":"https:\/\/lowimpacthydro.org\/es\/wp-json\/wp\/v2\/pages\/9897\/revisions"}],"predecessor-version":[{"id":10419,"href":"https:\/\/lowimpacthydro.org\/es\/wp-json\/wp\/v2\/pages\/9897\/revisions\/10419"}],"wp:featuredmedia":[{"embeddable":true,"href":"https:\/\/lowimpacthydro.org\/es\/wp-json\/"}],"wp:attachment":[{"href":"https:\/\/lowimpacthydro.org\/es\/wp-json\/wp\/v2\/media?parent=9897"}],"curies":[{"name":"gracias","href":"https:\/\/api.w.org\/{rel}","templated":true}]}}