{"id":9342,"date":"2025-01-31T10:51:46","date_gmt":"2025-01-31T15:51:46","guid":{"rendered":"https:\/\/lowimpacthydro.org\/?page_id=9342"},"modified":"2026-03-12T11:03:06","modified_gmt":"2026-03-12T15:03:06","slug":"skelton-project","status":"publish","type":"page","link":"https:\/\/lowimpacthydro.org\/es\/skelton-project\/","title":{"rendered":"Proyecto Skelton \u2013 Maine"},"content":{"rendered":"<table class=\"alignright\" style=\"width: 351px; border: 2px; cellspacing: 2px; cellpadding: 2px; margin-left: 50px;\">\n<tbody>\n<tr>\n<td style=\"border-style: solid;\" width=\"162\"><strong>Nombre del proyecto<\/strong><\/td>\n<td style=\"border-style: solid;\" width=\"180\">Skelton<\/td>\n<\/tr>\n<tr>\n<td style=\"border-style: solid;\"><strong>Certificado LIHI No.<br \/>\n<\/strong><\/td>\n<td style=\"border-style: solid;\">203<\/td>\n<\/tr>\n<tr>\n<td style=\"border-style: solid;\"><strong>Plazo del certificado LIHI<br \/>\n<\/strong><\/td>\n<td style=\"border-style: solid;\">5 de marzo de 2025 \u2013 4 de marzo de 2035<\/td>\n<\/tr>\n<tr>\n<td style=\"border-style: solid;\" width=\"162\"><strong>Due\u00f1o<\/strong><\/td>\n<td style=\"border-style: solid;\" width=\"180\">Brookfield White Pine Hydro, LLC (una subsidiaria de Brookfield Renewable Energy Group)<\/td>\n<\/tr>\n<tr>\n<td style=\"border-style: solid;\" width=\"162\"><strong>Estado<\/strong><\/td>\n<td style=\"border-style: solid;\" width=\"180\">Maine<\/td>\n<\/tr>\n<tr>\n<td style=\"border-style: solid;\" width=\"162\"><strong>Ubicaci\u00f3n<\/strong><\/td>\n<td style=\"border-style: solid;\" width=\"180\">Milla fluvial 16 \u2013 R\u00edo Saco<\/td>\n<\/tr>\n<tr>\n<td style=\"border-style: solid;\" width=\"162\"><strong>Capacidad instalada<\/strong><\/td>\n<td style=\"border-style: solid;\" width=\"180\">21,6 MW<\/td>\n<\/tr>\n<tr>\n<td style=\"border-style: solid;\" width=\"162\"><strong>Generaci\u00f3n media anual<\/strong><\/td>\n<td style=\"border-style: solid;\" width=\"180\">108.204 MWh<\/td>\n<\/tr>\n<tr>\n<td style=\"border-style: solid;\" width=\"162\"><strong>Tipo de instalaci\u00f3n<\/strong><\/td>\n<td style=\"border-style: solid;\" width=\"180\">Modificado estacionalmente <span class='tooltipsall tooltip_post_id_5643 classtoolTips52'>de pasada<\/span><\/td>\n<\/tr>\n<tr>\n<td style=\"border-style: solid;\" width=\"162\"><strong><span class='tooltipsall tooltip_post_id_5565 classtoolTips152'>Comisi\u00f3n Federal de Comercio<\/span> No.<\/strong><\/td>\n<td style=\"border-style: solid;\" width=\"180\">P-2527. Licencia emitida en 1988, vence 31\/01\/2038.<\/td>\n<\/tr>\n<\/tbody>\n<\/table>\n<p>El Proyecto Skelton (FERC No. 2527) est\u00e1 ubicado en el r\u00edo Saco en el condado de York, Maine, aproximadamente 11,1 millas fluviales por encima del nivel del mar. <span class='tooltipsall tooltip_post_id_5581 classtoolTips154'>cabeza<\/span>de marea en Saco y a 16 millas fluviales desde la desembocadura del r\u00edo en Camp Ellis\/Hills Beach. El Proyecto <span class='tooltipsall tooltip_post_id_5545 classtoolTips158'>presa<\/span> y <span class='tooltipsall tooltip_post_id_5624 classtoolTips102'>central el\u00e9ctrica<\/span> Se ubican en las localidades de Buxton y Dayton, Maine. El embalse se encuentra en las localidades de Buxton, Dayton y Hollis. El proyecto es la segunda presa en el r\u00edo Saco y uno de los siete proyectos hidroel\u00e9ctricos ubicados en el cauce principal del r\u00edo.<\/p>\n<p>El proyecto consiste en un t\u00fanel de hormig\u00f3n de gravedad y tierra de 1.695 pies de largo. <span class='tooltipsall tooltip_post_id_5557 classtoolTips43'>presa de terrapl\u00e9n<\/span> Est\u00e1 rematada con una calzada y se construy\u00f3 originalmente entre 1947 y 1949. La presa consta de: (1) una secci\u00f3n de terrapl\u00e9n de tierra, de 365 metros de largo por 18 metros de alto, con una elevaci\u00f3n de coronaci\u00f3n de 43 metros (USGS); (2) un mamparo oeste y <span class='tooltipsall tooltip_post_id_5651 classtoolTips116'>aliviadero<\/span> Secci\u00f3n de la puerta, de unos 170 pies de largo por 75 pies de alto, rematada con cuatro Tainter <span class='tooltipsall tooltip_post_id_5578 classtoolTips153'>puertas<\/span>, cada uno de 32,5 pies de ancho por 20 pies de alto, con una elevaci\u00f3n de umbral de 108,0 pies (USGS); (3) una estructura de entrada, de 107 pies de largo por 146 pies de ancho, tiene dos aberturas de entrada, protegidas por rejillas de basura de barras de acero de 5\/8 de pulgada en aberturas de 3 pulgadas; (4) una <span class='tooltipsall tooltip_post_id_5568 classtoolTips128'>escala de peces<\/span> y secci\u00f3n de compuerta, de unos 30 pies de largo; (5) un mamparo este y secci\u00f3n de compuerta de aliviadero, de unos 188 pies de largo por 75 pies de alto, rematado con cuatro compuertas Tainter, cada una de 32,5 pies de ancho por 20 pies de alto, con una elevaci\u00f3n de umbral de 108,0 pies (USGS); y (6) un muro de contenci\u00f3n de hormig\u00f3n, que atraviesa el terrapl\u00e9n occidental de unos 763 pies de largo, con una elevaci\u00f3n de cresta de 143,0 pies (USGS).<\/p>\n<p>La presa forma un embalse ribere\u00f1o de aproximadamente 4,5 km de largo y hasta 300 m de ancho. El embalse incluye aproximadamente 3,4 km del arroyo Cook en su confluencia con el r\u00edo Saco. El l\u00edmite del proyecto se extiende aguas arriba hasta el cauce del Proyecto Bar Mills (FERC n.\u00b0 2194) y aguas abajo hasta el embalse. <a href=\"https:\/\/lowimpacthydro.org\/es\/lihi-certificate-169-cataract-hydroelectric-project-maine\/\">Proyecto de Cataratas, LIHI #169<\/a>M\u00e1s arriba se encuentra el <a href=\"https:\/\/lowimpacthydro.org\/es\/lihi-certificate-182-bonny-eagle-project-maine\/\">Proyecto Bonny Eagle (LIHI #182)<\/a>.<\/p>\n<p>La central el\u00e9ctrica es parte integral de la presa, que crea un embalse de 488 acres. La central el\u00e9ctrica contiene dos unidades de turbina\/generador Kaplan de eje vertical con una capacidad total de 21,6 MW. El proyecto opera como una instalaci\u00f3n de pasada con modificaci\u00f3n estacional. La operaci\u00f3n del proyecto se gestiona en conjunto con el flujo y almacenamiento de agua de los proyectos aguas arriba, de conformidad con el Acuerdo de Caudal del R\u00edo Saco de 1997, como se detalla a continuaci\u00f3n:<\/p>\n<ul style=\"color: black;\">\n<li>Del 1 de abril al 30 de junio, el proyecto funciona en modo de pasada con solo 1 pie de fluctuaci\u00f3n permitida con respecto al nivel normal del estanque lleno.<\/li>\n<li>Del 1 de julio al 30 de septiembre, el caudal m\u00ednimo aumenta a 400 pies c\u00fabicos por segundo (cfs) cuando la entrada supera los 400 pies c\u00fabicos por segundo. Cuando la entrada cae por debajo de 400 pies c\u00fabicos por segundo, el proyecto contin\u00faa liberando 400 pies c\u00fabicos por segundo extrayendo agua del embalse, con la reducci\u00f3n del nivel del embalse limitada a 4 pies o menos desde la elevaci\u00f3n m\u00e1xima del estanque. Una vez que la elevaci\u00f3n del embalse cae 4 pies por debajo de la elevaci\u00f3n m\u00e1xima del estanque, el caudal de salida es igual a la entrada.<\/li>\n<li>Del 1 de octubre al 15 de noviembre (sujeto al per\u00edodo alternativo de 6 semanas aprobado por la agencia), el caudal m\u00ednimo aumenta a 600 cfs o entrada, lo que sea menor.<\/li>\n<li>Del 15 de noviembre al 31 de marzo, el caudal m\u00ednimo es de 400 pies c\u00fabicos por segundo (cfs) cuando la entrada es superior a 400 pies c\u00fabicos por segundo. Cuando la entrada cae por debajo de 400 pies c\u00fabicos por segundo, el proyecto contin\u00faa liberando 400 pies c\u00fabicos por segundo extrayendo agua del embalse, con la reducci\u00f3n del nivel del embalse limitada a 4 pies o menos desde la elevaci\u00f3n m\u00e1xima del estanque. Una vez que la elevaci\u00f3n del embalse cae 4 pies por debajo de la elevaci\u00f3n m\u00e1xima del estanque, el caudal de salida es igual a la entrada.<\/li>\n<\/ul>\n<p>El r\u00edo Saco, en las inmediaciones del proyecto, es de Clase A, apto para los usos designados: agua potable tras su desinfecci\u00f3n; pesca; agricultura; recreaci\u00f3n acu\u00e1tica; suministro de agua para procesos industriales y refrigeraci\u00f3n; generaci\u00f3n de energ\u00eda hidroel\u00e9ctrica; y como h\u00e1bitat para peces y otras especies acu\u00e1ticas. El r\u00edo en las inmediaciones del proyecto no est\u00e1 catalogado como contaminado. Se realiz\u00f3 un monitoreo de la calidad del agua y el Departamento de Protecci\u00f3n Ambiental de Maine (DEP) confirm\u00f3 que el proyecto cumple con su certificaci\u00f3n de calidad del agua.<\/p>\n<p>El proyecto est\u00e1 equipado con upstream y downstream. <span class='tooltipsall tooltip_post_id_5566 classtoolTips59'>paso de peces<\/span> Instalaciones instaladas en 2001. El paso de peces aguas arriba se realiza mediante un elevador de peces ubicado en el lado sur de la central hidroel\u00e9ctrica, que consta de un sistema de agua de atracci\u00f3n, un sistema de concentraci\u00f3n de peces, una tolva\/elevador y sistemas de retenci\u00f3n de camiones y trampas. El paso de peces aguas abajo se realiza mediante una compuerta de troncos de hormig\u00f3n ubicada en el centro de la presa, equipada con una compuerta deslizante de 1,5 x 1,5 metros ubicada en la cabecera. El proyecto tambi\u00e9n cuenta con un paso de anguilas aguas arriba que entr\u00f3 en funcionamiento en 2013. Incluye una zona de flujo de agua de atracci\u00f3n de cemento rugoso en el lado este del aliviadero de Skelton que conduce a las anguilas juveniles a una rampa EnkaMat de 0,9 metros de largo y a un tanque elevador con una capacidad aproximada de 190 litros. El proyecto realiza paradas nocturnas durante la temporada de paso de anguilas aguas abajo.<\/p>\n<p>Las tierras circundantes al proyecto son principalmente forestales o de uso agr\u00edcola. No existen tierras de importancia ecol\u00f3gica. <span class='tooltipsall tooltip_post_id_5643 classtoolTips52'>De pasada<\/span> Las operaciones y las fluctuaciones limitadas de los embalses sirven para limitar la erosi\u00f3n y sirven para beneficiar a los yacimientos existentes. <span class='tooltipsall tooltip_post_id_5670 classtoolTips125'>humedales<\/span> y la vida silvestre.<\/p>\n<p>Las especies amenazadas o en peligro de extinci\u00f3n que pueden estar presentes incluyen la pogonia verticilada peque\u00f1a y la tortuga de Blanding (en peligro estatal). Otras especies propuestas para la lista incluyen el murci\u00e9lago tricolor y la mariposa monarca. Otros murci\u00e9lagos tambi\u00e9n pueden estar presentes, incluyendo el murci\u00e9lago caf\u00e9 peque\u00f1o en peligro estatal y el murci\u00e9lago orejudo del norte (tambi\u00e9n en peligro federal), y el murci\u00e9lago de patas peque\u00f1as del este, amenazado por el estado. Las \u00e1guilas calvas y otras aves migratorias tambi\u00e9n pueden estar presentes de forma peri\u00f3dica. Cuatro especies de plantas raras adyacentes al l\u00edmite del proyecto: hierba joe-pye hueca; gaulteria moteada; pasto bromo peludo; y casta\u00f1o americano. Es poco probable que las operaciones del proyecto afecten negativamente a ninguna especie protegida porque la eliminaci\u00f3n de vegetaci\u00f3n dentro de los 250 pies de cualquier v\u00eda fluvial est\u00e1 regulada por la Ley de Zonificaci\u00f3n Costera del Departamento de Protecci\u00f3n Ambiental de Maine y el proyecto normalmente no requiere talar \u00e1rboles ni realizar actividades terrestres de mayor impacto.<\/p>\n<p>Existen cuatro sitios arqueol\u00f3gicos en el \u00e1rea del proyecto que son elegibles para su inclusi\u00f3n en el <span class='tooltipsall tooltip_post_id_5606 classtoolTips1'>Registro Nacional de Lugares Hist\u00f3ricos<\/span>La Licencia de la FERC exige la implementaci\u00f3n del Acuerdo Program\u00e1tico de 1993 para proteger estos recursos. La revisi\u00f3n de los informes anuales exigidos por el Art\u00edculo 415 de los 10 a\u00f1os anteriores no revel\u00f3 problemas relacionados con los recursos culturales o hist\u00f3ricos del Proyecto.<\/p>\n<p>Las instalaciones recreativas del proyecto incluyen una rampa para embarcaciones en la orilla oeste, aguas arriba de la presa, que tambi\u00e9n sirve como punto de acceso para el transporte, y un sendero de transporte con punto de acceso en la orilla oeste, aguas abajo del canal de descarga. Las instalaciones recreativas son gratuitas.<\/p>\n<hr \/>\n<h3>Estado de cumplimiento<\/h3>\n<p><strong>El Certificado incluye las siguientes condiciones espec\u00edficas de la instalaci\u00f3n:\u00a0<\/strong><\/p>\n<p><strong>Condici\u00f3n 1<\/strong>El propietario de la instalaci\u00f3n debe presentar a LIHI los resultados de sus estudios de efectividad del paso aguas arriba de 2025 y la documentaci\u00f3n de los comentarios de la agencia sobre los resultados del estudio dentro de los 90 d\u00edas posteriores a la publicaci\u00f3n del informe final. En las presentaciones anuales posteriores de cumplimiento, se deben proporcionar a LIHI copias de todas las consultas y presentaciones relacionadas con cualquier modificaci\u00f3n del paso requerida como resultado de los estudios de efectividad. LIHI se reserva el derecho de modificar o agregar condiciones, y de reevaluar el cumplimiento del criterio de paso aguas arriba con base en la informaci\u00f3n proporcionada.<\/p>\n<p><strong>Condici\u00f3n 2:<\/strong> El propietario de la instalaci\u00f3n debe presentar a LIHI los resultados de sus estudios de efectividad del paso aguas abajo de 2025 y 2026, as\u00ed como la documentaci\u00f3n de los comentarios de la agencia sobre los resultados del estudio, en actualizaciones trimestrales de cumplimiento hasta que se completen los estudios. En las presentaciones anuales posteriores de cumplimiento, se deben proporcionar a LIHI copias de todas las consultas y presentaciones relacionadas con cualquier modificaci\u00f3n del paso requerida como resultado de los estudios de efectividad. LIHI se reserva el derecho de modificar o a\u00f1adir condiciones, y de reevaluar el cumplimiento del criterio de paso aguas arriba con base en la informaci\u00f3n proporcionada.<\/p>\n<p><strong>2026:<\/strong> No se identificaron cambios sustanciales ni problemas de cumplimiento. El proyecto sigue cumpliendo con los requisitos seg\u00fan la revisi\u00f3n anual. En cuanto a la Condici\u00f3n 1, el proyecto present\u00f3 a las agencias los resultados preliminares del estudio de paso de alosina y est\u00e1 a la espera de comentarios. Se elaborar\u00e1 un plan de estudio para 2026. Respecto a la Condici\u00f3n 2, el proyecto inform\u00f3 que el estudio de anguilas aguas abajo de 2025 se pospuso debido a la escasez de peces disponibles, pero se realiz\u00f3 un estudio piloto a menor escala. Los resultados se presentaron a las agencias y el proyecto est\u00e1 a la espera de sus comentarios.<\/p>\n<p><strong>2025:<\/strong> La presentaci\u00f3n de informes anuales para el Certificado actual a\u00fan no ha entrado en vigor.<\/p>\n<p>&nbsp;<\/p>\n<hr \/>\n<h3>Historial de certificaciones<\/h3>\n<p><strong>6 de agosto de 2025<\/strong>El Instituto de Energ\u00eda Hidroel\u00e9ctrica de Bajo Impacto ha emitido una decisi\u00f3n final sobre la certificaci\u00f3n del Proyecto Hidroel\u00e9ctrico Skelton. No se recibieron apelaciones durante el per\u00edodo de apelaci\u00f3n, que cerr\u00f3 el 31 de julio de 2025. El plazo de certificaci\u00f3n de 10 a\u00f1os es del 5 de marzo de 2025 al 4 de marzo de 2035.<\/p>\n<p><strong>1 de julio de 2025:<\/strong> El Instituto de Energ\u00eda Hidroel\u00e9ctrica de Bajo Impacto (LIHI) ha aprobado preliminarmente la Certificaci\u00f3n de Bajo Impacto para el Proyecto Hidroel\u00e9ctrico Skelton (pendiente de LIHI #203). La solicitud completa y el informe del revisor est\u00e1n disponibles a continuaci\u00f3n. Esta decisi\u00f3n es preliminar, a la espera del plazo de apelaci\u00f3n de 30 d\u00edas. Solo quienes presentaron comentarios sobre las solicitudes iniciales durante el plazo de 60 d\u00edas pueden presentar una apelaci\u00f3n. Dicha apelaci\u00f3n debe incluir una explicaci\u00f3n de por qu\u00e9 los proyectos no cumplen con los criterios de LIHI. Las solicitudes de apelaci\u00f3n pueden enviarse por correo electr\u00f3nico a <a href=\"mailto:comments@lowimpacthydro.org\">mailto:comments@lowimpacthydro.org<\/a> Con el asunto &quot;Proyecto Skelton&quot;, o por correo postal dirigido al Instituto de Energ\u00eda Hidroel\u00e9ctrica de Bajo Impacto, 68 Harrison Ave Ste 605, PMB 113938, Boston, Massachusetts 02111-1929. Todas las solicitudes se publicar\u00e1n en el sitio web. El solicitante tendr\u00e1 la oportunidad de responder, y cualquier respuesta tambi\u00e9n se publicar\u00e1. Las solicitudes deben recibirse antes de las 17:00 h, hora del este, del 31 de julio de 2025. Si no se reciben solicitudes de apelaci\u00f3n, el plazo de certificaci\u00f3n ser\u00e1 del 5 al 4 de marzo de 2025.<\/p>\n<p><strong>6 de marzo de 2025<\/strong><strong>: <\/strong>El Instituto de Energ\u00eda Hidroel\u00e9ctrica de Bajo Impacto (LIHI) ha recibido una solicitud completa para la Certificaci\u00f3n de Bajo Impacto del Proyecto Hidroel\u00e9ctrico Skelton. LIHI solicita comentarios p\u00fablicos sobre esta solicitud. En concreto, nos interesa saber si considera que el Proyecto cumple con los Criterios de Certificaci\u00f3n de Bajo Impacto de LIHI, revisados en la 2.\u00aa edici\u00f3n del Manual vigente al momento de la solicitud inicial. Por favor, revise el programa y los criterios en el sitio web de LIHI. <a href=\"https:\/\/lowimpacthydro.org\/wp-content\/uploads\/2023\/11\/Password-Protected-2nd-Edition-Handbook-Rev.-2.05-2022-01-01.pdf\">Revisi\u00f3n del manual 2.05<\/a>y luego revise los materiales de solicitud del Proyecto a continuaci\u00f3n. Los comentarios directamente relacionados con criterios espec\u00edficos del LIHI (caudales, calidad del agua, paso de peces, etc.) ser\u00e1n de gran ayuda, pero todos los comentarios ser\u00e1n considerados. Los comentarios pueden enviarse al Instituto por correo electr\u00f3nico a <a href=\"mailto:comments@lowimpacthydro.org\">comments@lowimpacthydro.org<\/a>\u00a0con \u201cComentarios del Proyecto Skelton\u201d en la l\u00ednea de asunto, o por correo dirigido al Low Impact Hydropower Institute, 68 Harrison Ave Ste 605, PMB 113938 Boston, Massachusetts 02111-1929.\u00a0 <strong>Los comentarios deben recibirse antes de las 5 p. m., hora del Este, del 5 de mayo de 2025.<\/strong>\u00a0Se considerar\u00e1n todos los comentarios. Se publicar\u00e1n en el sitio web y el solicitante tendr\u00e1 la oportunidad de responder. Tambi\u00e9n se publicar\u00e1n todas las respuestas.<\/p>\n<hr \/>\n<h3>Archivos de certificaci\u00f3n<\/h3>\n<h4>Solicitud 2025<\/h4>\n<ul style=\"color: black;\">\n<li><a href=\"https:\/\/lowimpacthydro.org\/wp-content\/uploads\/2025\/09\/Skelton-Stage-2-report_final.pdf\">Informe de revisi\u00f3n de la certificaci\u00f3n Skelton 2025<\/a><\/li>\n<li><a href=\"https:\/\/lowimpacthydro.org\/wp-content\/uploads\/2025\/03\/20250228-Revised-LIHI-Application-Skelton.pdf\">Solicitud de Skelton LIHI<\/a><\/li>\n<li><a href=\"https:\/\/lowimpacthydro.org\/wp-content\/uploads\/2025\/03\/TU-Comments-on-Skelton-LIHI-Application.pdf\">Comentarios de la TU\u00a0<\/a><\/li>\n<li><a href=\"https:\/\/lowimpacthydro.org\/wp-content\/uploads\/2025\/04\/TU-Comments-on-Skelton-LIHI-Application-Follow-up-with-Attachment.pdf\">Comentarios de seguimiento de TU\u00a0<\/a><\/li>\n<li><a href=\"https:\/\/lowimpacthydro.org\/wp-content\/uploads\/2025\/04\/Response-20250429-To-LIHI-Skelton-Response-to-TU-March-26th-Comments.pdf\">Respuesta de Brookfield a los comentarios de TU<\/a><\/li>\n<li><a href=\"https:\/\/lowimpacthydro.org\/wp-content\/uploads\/2025\/05\/20250331-Saco-Diadromous-Annual-Passage-Report.pdf\">R\u00edo Saco 2024 <span class='tooltipsall tooltip_post_id_5549 classtoolTips96'>Di\u00e1dromo<\/span> <span class='tooltipsall tooltip_post_id_5566 classtoolTips59'>Paso de peces<\/span> Informe<\/a><\/li>\n<\/ul>\n<hr \/>\n<h3>Documentos clave<\/h3>\n<ul>\n<li><a href=\"https:\/\/lowimpacthydro.org\/wp-content\/uploads\/2025\/07\/19980227-Skelton-FERC-license-and-WQC.pdf\">Licencia FERC y certificado de calidad del agua de Skelton, 1998<\/a><\/li>\n<li><a href=\"https:\/\/lowimpacthydro.org\/wp-content\/uploads\/2025\/07\/19970725-Skelton-instream-flow-agreement.pdf\">Acuerdo sobre el caudal del r\u00edo Saco de 1997<\/a><\/li>\n<li><a href=\"https:\/\/lowimpacthydro.org\/wp-content\/uploads\/2025\/07\/19961003-FERC-FEIS-Saco-River.pdf\">Declaraci\u00f3n de Impacto Ambiental de la FERC del r\u00edo Saco de 1996<\/a><\/li>\n<li><a href=\"https:\/\/lowimpacthydro.org\/wp-content\/uploads\/2025\/07\/2019-Saco-River-Fisheries-Assessment-Agreement-Amendment.pdf\">Enmienda del Acuerdo de Evaluaci\u00f3n Pesquera del R\u00edo Saco de 2019<\/a><\/li>\n<li><a href=\"https:\/\/lowimpacthydro.org\/wp-content\/uploads\/2025\/07\/2007-Saco-River-Fisheries-Assessment-Agreement.pdf\">Acuerdo de evaluaci\u00f3n de la pesca del r\u00edo Saco de 2007<\/a><\/li>\n<li><a href=\"https:\/\/lowimpacthydro.org\/wp-content\/uploads\/2025\/07\/1994-Saco-River-Fish-Passage-Agreement.pdf\">Acuerdo sobre el paso de peces del r\u00edo Saco de 1994<\/a><\/li>\n<\/ul>","protected":false},"excerpt":{"rendered":"<p>Project Name Skelton LIHI Certificate No. 203 LIHI Certificate Term March 5, 2025 &#8211; March 4, 2035 Owner Brookfield White Pine Hydro, LLC\u00a0(a subsidiary of Brookfield<span class=\"excerpt-hellip\"> [\u2026]<\/span><\/p>\n","protected":false},"author":3,"featured_media":-1,"parent":0,"menu_order":0,"comment_status":"closed","ping_status":"closed","template":"","meta":{"_coblocks_attr":"","_coblocks_dimensions":"","_coblocks_responsive_height":"","_coblocks_accordion_ie_support":"","om_disable_all_campaigns":false,"_monsterinsights_skip_tracking":false,"_monsterinsights_sitenote_active":false,"_monsterinsights_sitenote_note":"","_monsterinsights_sitenote_category":0,"footnotes":""},"class_list":["post-9342","page","type-page","status-publish","has-post-thumbnail","hentry"],"aioseo_notices":[],"_links":{"self":[{"href":"https:\/\/lowimpacthydro.org\/es\/wp-json\/wp\/v2\/pages\/9342","targetHints":{"allow":["GET"]}}],"collection":[{"href":"https:\/\/lowimpacthydro.org\/es\/wp-json\/wp\/v2\/pages"}],"about":[{"href":"https:\/\/lowimpacthydro.org\/es\/wp-json\/wp\/v2\/types\/page"}],"author":[{"embeddable":true,"href":"https:\/\/lowimpacthydro.org\/es\/wp-json\/wp\/v2\/users\/3"}],"replies":[{"embeddable":true,"href":"https:\/\/lowimpacthydro.org\/es\/wp-json\/wp\/v2\/comments?post=9342"}],"version-history":[{"count":24,"href":"https:\/\/lowimpacthydro.org\/es\/wp-json\/wp\/v2\/pages\/9342\/revisions"}],"predecessor-version":[{"id":10411,"href":"https:\/\/lowimpacthydro.org\/es\/wp-json\/wp\/v2\/pages\/9342\/revisions\/10411"}],"wp:featuredmedia":[{"embeddable":true,"href":"https:\/\/lowimpacthydro.org\/es\/wp-json\/"}],"wp:attachment":[{"href":"https:\/\/lowimpacthydro.org\/es\/wp-json\/wp\/v2\/media?parent=9342"}],"curies":[{"name":"gracias","href":"https:\/\/api.w.org\/{rel}","templated":true}]}}