{"id":8957,"date":"2024-05-16T15:43:10","date_gmt":"2024-05-16T19:43:10","guid":{"rendered":"https:\/\/lowimpacthydro.org\/?page_id=8957"},"modified":"2025-11-25T13:33:26","modified_gmt":"2025-11-25T18:33:26","slug":"wells-dam-wa","status":"publish","type":"page","link":"https:\/\/lowimpacthydro.org\/es\/wells-dam-wa\/","title":{"rendered":"Solicitud pendiente \u2013 Proyecto de la presa Wells, WA"},"content":{"rendered":"<table class=\"alignright\" style=\"width: 351px; border: 2px; cellspacing: 2px; cellpadding: 2px; margin-left: 50px;\">\n<tbody>\n<tr>\n<td style=\"border-style: solid;\" width=\"162\"><strong>Nombre del proyecto<\/strong><\/td>\n<td style=\"border-style: solid;\" width=\"180\">Pozos <span class='tooltipsall tooltip_post_id_5545 classtoolTips158'>Presa<\/span><\/td>\n<\/tr>\n<tr>\n<td style=\"border-style: solid;\"><strong>Certificado LIHI No.<br \/>\n<\/strong><\/td>\n<td style=\"border-style: solid;\"><\/td>\n<\/tr>\n<tr>\n<td style=\"border-style: solid;\"><strong>Plazo del certificado LIHI<br \/>\n<\/strong><\/td>\n<td style=\"border-style: solid;\"><\/td>\n<\/tr>\n<tr>\n<td style=\"border-style: solid;\" width=\"162\"><strong>Due\u00f1o<\/strong><\/td>\n<td style=\"border-style: solid;\" width=\"180\">Distrito de Servicios P\u00fablicos No. 1 del Condado de Douglas<\/td>\n<\/tr>\n<tr>\n<td style=\"border-style: solid;\" width=\"162\"><strong>Estado<\/strong><\/td>\n<td style=\"border-style: solid;\" width=\"180\">Washington<\/td>\n<\/tr>\n<tr>\n<td style=\"border-style: solid;\" width=\"162\"><strong>Ubicaci\u00f3n<\/strong><\/td>\n<td style=\"border-style: solid;\" width=\"180\">Milla fluvial 515,6 en el r\u00edo Columbia.<\/td>\n<\/tr>\n<tr>\n<td style=\"border-style: solid;\" width=\"162\"><strong>Capacidad instalada<\/strong><\/td>\n<td style=\"border-style: solid;\" width=\"180\">843,6 MW<\/td>\n<\/tr>\n<tr>\n<td style=\"border-style: solid;\" width=\"162\"><strong>Generaci\u00f3n media anual<\/strong><\/td>\n<td style=\"border-style: solid;\" width=\"180\">4.262.714 MWh<\/td>\n<\/tr>\n<tr>\n<td style=\"border-style: solid;\" width=\"162\"><strong>Tipo de instalaci\u00f3n<\/strong><\/td>\n<td style=\"border-style: solid;\" width=\"180\">Modificado <span class='tooltipsall tooltip_post_id_5643 classtoolTips52'>de pasada<\/span><\/td>\n<\/tr>\n<tr>\n<td style=\"border-style: solid;\" width=\"162\"><strong><span class='tooltipsall tooltip_post_id_5565 classtoolTips152'>Comisi\u00f3n Federal de Comercio<\/span> No.<\/strong><\/td>\n<td style=\"border-style: solid;\" width=\"180\">P-2149. Licencia emitida el 09\/11\/2012, vence el 31\/10\/2052<\/td>\n<\/tr>\n<\/tbody>\n<\/table>\n<p>El Proyecto Hidroel\u00e9ctrico Wells se ubica en el r\u00edo Columbia, en los condados de Chelan, Douglas y Okanogan, Washington. El proyecto es propiedad del Distrito de Servicios P\u00fablicos n.\u00b0 1 del Condado de Douglas (Douglas PUD), que tambi\u00e9n lo opera. El Douglas PUD inici\u00f3 operaciones en 1945 como un sistema de distribuci\u00f3n de propiedad local. En 1957, comenz\u00f3 la construcci\u00f3n del proyecto Wells y la primera generaci\u00f3n de energ\u00eda se produjo en 1967.<\/p>\n<p>El Proyecto est\u00e1 ubicado cerca de las ciudades de Pateros, Brewster y Bridgeport en el r\u00edo Columbia en la milla fluvial 515.6. Las presas aguas arriba son Chief Joseph, operada por el Cuerpo de Ingenieros del Ej\u00e9rcito de los EE. UU. (USACE), en la milla fluvial 454.1 y Grand Coulee, operada por la Oficina de Reclamaci\u00f3n de los EE. UU., en la milla fluvial 596.6. Las presas inmediatamente aguas abajo son los otros proyectos de Mid-Columbia que pertenecen y son operados por el Distrito de Servicios P\u00fablicos No. 1 del Condado de Chelan y el Distrito de Servicios P\u00fablicos No. 1 del Condado de Grant; la presa Rocky Reach (Chelan) en la milla fluvial 473.4, la presa Rock Island (Chelan) en la milla fluvial 453.4, la presa Wanapum (Grant) en la milla fluvial 415.8 y la presa Priest Rapids (Grant) en 397.1. Las presas m\u00e1s abajo son los proyectos federales, todos administrados por el USACE; Presa McNeary en la milla fluvial 292, Presa John Day en la milla fluvial 215,6, Presa Dalles\u00a0<a href=\"https:\/\/lowimpacthydro.org\/es\/lihi-certificate-71-dalles-dam-north-fishway-hydroelectric-project-washington\/\">(Presa Dalles Norte <span class='tooltipsall tooltip_post_id_5568 classtoolTips128'>Paso de peces<\/span> La instalaci\u00f3n hidr\u00e1ulica cuenta con el certificado LIHI #71)<\/a> en la milla fluvial 191,5, y la presa Bonneville en la milla fluvial 146,1.<\/p>\n<p>El proyecto consiste en una <span class='tooltipsall tooltip_post_id_5545 classtoolTips158'>presa<\/span>, embalse, canal de descarga, patio de maniobras, l\u00ednea de transmisi\u00f3n, aguas arriba y aguas abajo <span class='tooltipsall tooltip_post_id_5566 classtoolTips59'>paso de peces<\/span> Instalaciones, un criadero de peces e instalaciones recreativas. La presa es una estructura hidrocombinada de 357 metros de largo y 49 metros de alto con 10 turbinas Kaplan verticales, 11 <span class='tooltipsall tooltip_post_id_5651 classtoolTips116'>aliviaderos<\/span>, instalaciones de paso de peces aguas arriba y aguas abajo, y un patio de maniobras. La hidrocombinada tiene un dise\u00f1o \u00fanico que incorpora... <span class='tooltipsall tooltip_post_id_5624 classtoolTips102'>central el\u00e9ctrica<\/span>, aliviaderos, patio de maniobras e instalaciones pesqueras, todo en una sola unidad en lugar de estructuras separadas. Seis de las unidades generadoras han sido renovadas y cada una tiene una capacidad nominal de 89 MW; cuatro a\u00fan no se han modernizado y cada una tiene una capacidad nominal de 77,4 MW. Se espera que las mejoras finalicen en 2027. Cada una de las 10 unidades tiene un rango de descarga hidr\u00e1ulica de 13 (carga m\u00ednima) a 22 kcfs (capacidad hidr\u00e1ulica m\u00e1xima). Cada una <span class='tooltipsall tooltip_post_id_5651 classtoolTips116'>aliviadero<\/span> Tiene 46 pies de ancho y el derrame est\u00e1 controlado por una puerta de 66 pies de alto.<\/p>\n<p>Las instalaciones de paso de peces incluyen dos escalas para peces aguas arriba y un sistema de derivaci\u00f3n para juveniles aguas abajo. Cada escala est\u00e1 ubicada en cada extremo de la hidrocombinada, y cada escala incluye un sistema de bombeo para proporcionar flujos de atracci\u00f3n a la entrada, una estaci\u00f3n de conteo, una trampa para peces y una instalaci\u00f3n de clasificaci\u00f3n, y un equipo de detecci\u00f3n de etiquetas con transpondedor pasivo integrado (PIT). El sistema de derivaci\u00f3n para juveniles aguas abajo consta de barreras de acero fabricadas que se insertan estacionalmente en las d\u00e1rsenas de aliviadero n\u00fameros 2, 4, 6, 8 y 10. Las barreras de acero tienen 22 metros de altura y bloquean todas las entradas del aliviadero, excepto una ranura vertical de 22 metros de alto por 4,8 metros de ancho. Est\u00e1n dise\u00f1adas para colapsar cuando el aliviadero... <span class='tooltipsall tooltip_post_id_5578 classtoolTips153'>puertas<\/span> se abren m\u00e1s de seis pies.<\/p>\n<p>El proyecto tambi\u00e9n incluye el criadero Wells, ubicado en el lado aguas abajo del r\u00edo oeste. <span class='tooltipsall tooltip_post_id_5514 classtoolTips118'>contrafuerte<\/span> de la presa Wells.<\/p>\n<hr \/>\n<h3>Historial de certificaciones<\/h3>\n<p><strong>21 de noviembre de 2025:<\/strong> Douglas PUD ha decidido retirar su solicitud de LIHI.<\/p>\n<p><strong>21 de mayo de 2025:<\/strong> Debido al hecho de que algunas partes interesadas clave no fueron notificadas sobre la solicitud de LIHI presentada originalmente en mayo de 2024 por el Distrito de Servicios P\u00fablicos No. 1 del Condado de Douglas para el Proyecto de la Represa Wells, LIHI est\u00e1 abriendo un segundo per\u00edodo de comentarios p\u00fablicos para la solicitud.<\/p>\n<p>LIHI solicita comentarios directamente relacionados con criterios espec\u00edficos de LIHI (caudales, calidad del agua, paso de peces, etc.), pero todos ser\u00e1n considerados. Los comentarios pueden enviarse a LIHI por correo electr\u00f3nico a\u00a0<a href=\"mailto:comments@lowimpacthydro.org\">comments@lowimpacthydro.org<\/a>\u00a0con \u201cComentarios sobre el Proyecto Wells Dam\u201d en la l\u00ednea de asunto, o por correo dirigido al Low Impact Hydropower Institute, 68 Harrison Ave Ste 605, PMB 113938 Boston, Massachusetts 02111-1929.\u00a0<strong>Los comentarios deben recibirse en el Instituto antes de las 5 p. m., hora del Este, el 20 de julio de 2025 para ser considerados.<\/strong>Todos los comentarios se publicar\u00e1n en el sitio web y el solicitante tendr\u00e1 la oportunidad de responder. Cualquier respuesta tambi\u00e9n se publicar\u00e1.<\/p>\n<p><strong>Comparta esto con otras partes interesadas dentro de su organizaci\u00f3n y red, ya que queremos asegurarnos de que todas las partes interesadas tengan la oportunidad de comentar.<\/strong><\/p>\n<p>La descripci\u00f3n del proyecto, la solicitud completa y los comentarios y respuestas recibidos hasta la fecha se pueden encontrar a continuaci\u00f3n.<\/p>\n<p><strong>21 de octubre de 2024:<\/strong> El per\u00edodo de apelaci\u00f3n se ha suspendido a la espera de recibir y revisar nueva informaci\u00f3n. Consulte la secci\u00f3n &quot;Expedientes de Certificaci\u00f3n&quot; a continuaci\u00f3n para obtener m\u00e1s comentarios sobre la solicitud y la respuesta de Douglas PUD.<\/p>\n<p><strong>3 de octubre de 2024:<\/strong> El Instituto de Energ\u00eda Hidroel\u00e9ctrica de Bajo Impacto (LIHI) ha aprobado preliminarmente la Certificaci\u00f3n de Bajo Impacto para el Proyecto Hidroel\u00e9ctrico de la Presa Wells. La solicitud completa y el informe del revisor est\u00e1n disponibles a continuaci\u00f3n. Esta decisi\u00f3n es preliminar, a la espera del plazo de apelaci\u00f3n de 30 d\u00edas. Solo quienes presentaron comentarios sobre las solicitudes iniciales durante el plazo de 60 d\u00edas pueden presentar una apelaci\u00f3n. Dicha apelaci\u00f3n debe incluir una explicaci\u00f3n de por qu\u00e9 los proyectos no cumplen con los criterios del LIHI. Las solicitudes de apelaci\u00f3n pueden enviarse por correo electr\u00f3nico a <a href=\"mailto:comments@lowimpacthydro.org\">comments@lowimpacthydro.org<\/a> con \u201cSolicitud de apelaci\u00f3n de la presa Wells\u201d en la l\u00ednea de asunto, o por correo dirigido al Low Impact Hydropower Institute, 68 Harrison Ave Ste 605, PMB 113938, Boston, MA 02111-1929. <strong>Las solicitudes deben recibirse antes de las 5:00 p. m., hora del Este, el 3 de noviembre de 2024.<\/strong>Todas las solicitudes se publicar\u00e1n en el sitio web. El solicitante tendr\u00e1 la oportunidad de responder, y cualquier respuesta tambi\u00e9n se publicar\u00e1. Si no se reciben solicitudes de apelaci\u00f3n, el plazo de certificaci\u00f3n ser\u00e1 del 9 de julio de 2024 al 8 de julio de 2037.<\/p>\n<p><strong>28 de mayo de 2024:<\/strong> El Instituto de Energ\u00eda Hidroel\u00e9ctrica de Bajo Impacto (LIHI) ha recibido una solicitud completa para la Certificaci\u00f3n de Bajo Impacto del Proyecto Hidroel\u00e9ctrico de la Presa Wells. LIHI solicita comentarios p\u00fablicos sobre esta solicitud. En concreto, nos interesa saber si considera que el Proyecto cumple con los Criterios de Certificaci\u00f3n de Bajo Impacto de LIHI, revisados en la 2.\u00aa edici\u00f3n del Manual. Por favor, revise el programa y los criterios en la versi\u00f3n revisada de LIHI. <a href=\"https:\/\/lowimpacthydro.org\/wp-content\/uploads\/2020\/07\/2nd-edition-handbook-20160315-rev2.02-7-20-16.pdf\">Manual<\/a> y luego revise los materiales de solicitud del Proyecto a continuaci\u00f3n. Los comentarios que est\u00e9n directamente relacionados con criterios espec\u00edficos de LIHI (flujos, calidad del agua, paso de peces, etc.) ser\u00e1n de gran ayuda, pero se considerar\u00e1n todos los comentarios. Los comentarios pueden enviarse al Instituto por correo electr\u00f3nico a\u00a0<a href=\"mailto:comments@lowimpacthydro.org\">comments@lowimpacthydro.org<\/a> con \u201cComentarios sobre el Proyecto de la Presa Wells\u201d en la l\u00ednea de asunto, o por correo dirigido al Low Impact Hydropower Institute, 1167 Massachusetts Avenue, Arlington, MA 02476. <strong>Los comentarios deben recibirse antes de las 5 p. m., hora del Este, del 27 de julio de 2024.<\/strong>\u00a0Se considerar\u00e1n todos los comentarios. Se publicar\u00e1n en el sitio web y el solicitante tendr\u00e1 la oportunidad de responder. Tambi\u00e9n se publicar\u00e1n todas las respuestas.<\/p>\n<hr \/>\n<h3>Archivos de certificaci\u00f3n<\/h3>\n<ul style=\"color: black;\">\n<li><a href=\"https:\/\/lowimpacthydro.org\/wp-content\/uploads\/2024\/10\/Final-Wells_Project_StageII_Review-_Report.pdf\">Informe de revisi\u00f3n de la certificaci\u00f3n LIHI de la presa Wells 2024<\/a><\/li>\n<li><a href=\"https:\/\/lowimpacthydro.org\/wp-content\/uploads\/2024\/05\/LIHI-Application-final.pdf\">Solicitud de certificaci\u00f3n de la presa Wells 2024<\/a><\/li>\n<li><a href=\"https:\/\/lowimpacthydro.org\/wp-content\/uploads\/2024\/10\/Wells-Dam-letters-of-appreciation.pdf\">Cartas de agradecimiento de Wells Dam 2024<\/a><\/li>\n<\/ul>\n<p><strong>Primer per\u00edodo de comentarios:<\/strong><\/p>\n<ul style=\"color: black;\">\n<li><a href=\"https:\/\/lowimpacthydro.org\/wp-content\/uploads\/2024\/10\/2024-07-31-K-Capuder-Wells-Dam-application-comments.pdf\">Correo electr\u00f3nico de comentarios de la tribu Colville de 2024<\/a><\/li>\n<li><a href=\"https:\/\/lowimpacthydro.org\/wp-content\/uploads\/2025\/02\/CRITFC-comment-Wells-Dam.pdf\">Comentarios de CRITFC<\/a><\/li>\n<li><a href=\"https:\/\/lowimpacthydro.org\/wp-content\/uploads\/2025\/02\/YN-comments-on-Wells-Dam-LIHI-Certification-Nov-8-2024.pdf\">Comentarios de la Naci\u00f3n Yakama<\/a><\/li>\n<li><a href=\"https:\/\/lowimpacthydro.org\/wp-content\/uploads\/2025\/02\/WDFW_Wells-Dam-Comments-Nov-15-2024.pdf\">Comentarios de WDFW<\/a><\/li>\n<li><a href=\"https:\/\/lowimpacthydro.org\/wp-content\/uploads\/2025\/03\/2025-03-12-final-comments-and-recommendations-WellsLIHICert.pdf\">Recomendaciones de los comentaristas<\/a><\/li>\n<li><a href=\"https:\/\/lowimpacthydro.org\/wp-content\/uploads\/2025\/02\/Final-Douglas-PUD-Letter-Response-to-Comments-for-LIHI-1.15.2025.pdf\">Respuesta de Douglas PUD a los comentarios<\/a><\/li>\n<li><a href=\"https:\/\/lowimpacthydro.org\/wp-content\/uploads\/2025\/03\/2025-03-27-PUD-response-RE_-DCPUD-Letter-Response-to-Comments-Regarding-Wells-LIHI-Certification-Application.pdf\">Respuesta de Douglas PUD a preguntas adicionales sobre LIHI<\/a><\/li>\n<\/ul>\n<p><strong>Segundo per\u00edodo de comentarios:<\/strong><\/p>\n<ul>\n<li><a href=\"https:\/\/lowimpacthydro.org\/wp-content\/uploads\/2025\/06\/City-of-Pateros-Mayor-Comment-Letter.pdf\">Comentario de la ciudad de Pateros<\/a><\/li>\n<li><a href=\"https:\/\/lowimpacthydro.org\/wp-content\/uploads\/2025\/06\/City-of-Bridgeport-Comments.pdf\">Comentario de la ciudad de Bridgeport<\/a><\/li>\n<li><a href=\"https:\/\/lowimpacthydro.org\/wp-content\/uploads\/2025\/06\/Hurds-Guide-Service-Comment-Letter-Wells-Dam-Certification-Application-2025.pdf\">Carta de comentarios del servicio de gu\u00edas de Hurds\u00a0<\/a><\/li>\n<li><a href=\"https:\/\/lowimpacthydro.org\/wp-content\/uploads\/2025\/07\/STOI-Letter-of-Support-for-DPUD-LIHI-Cert_Signed.pdf\">Carta de comentarios de la tribu ind\u00edgena Spokane\u00a0<\/a><\/li>\n<li><a href=\"https:\/\/lowimpacthydro.org\/wp-content\/uploads\/2025\/07\/Colville-letter-to-LIHI-for-DPUD-July2025.pdf\">Carta de comentarios de las Tribus Confederadas de la Reserva Colville\u00a0<\/a><\/li>\n<li><a href=\"https:\/\/lowimpacthydro.org\/wp-content\/uploads\/2025\/07\/Yakama-Nation-Second-Comment-Period-for-Wells-Dam.pdf\">Carta de comentarios de las Tribus y Bandas Confederadas de la Naci\u00f3n Yakama\u00a0<\/a><\/li>\n<li><a href=\"https:\/\/lowimpacthydro.org\/wp-content\/uploads\/2025\/07\/Washington-Department-of-Fish-and-Wildlife-Comment-Letter-Wells-Dam-Certification-Application-2025.pdf\">Carta de comentarios del Departamento de Pesca y Vida Silvestre de Washington\u00a0<\/a><\/li>\n<li><a href=\"https:\/\/lowimpacthydro.org\/wp-content\/uploads\/2025\/07\/Columbia-Riverkeeper-et-al-Comment-Letter-Wells-Dam-Certification-Application.pdf\">Carta de comentarios de Columbia Riverkeeper\u00a0<\/a><\/li>\n<li><a href=\"https:\/\/lowimpacthydro.org\/wp-content\/uploads\/2025\/07\/17-July-2025_-Wells_LowImpactHydropowerInstitute_CRITFC.pdf\">Carta de comentarios de la Comisi\u00f3n Intertribal de Pesca del R\u00edo Columbia\u00a0<\/a><\/li>\n<li><a href=\"https:\/\/lowimpacthydro.org\/wp-content\/uploads\/2025\/07\/UCUT-letter-of-support-for-DPUD-LIHI-Application.pdf\">Carta de comentarios de las Tribus Unidas del Alto Columbia<\/a><\/li>\n<li><a href=\"https:\/\/lowimpacthydro.org\/wp-content\/uploads\/2025\/07\/2025.SOS_.LIHI_.Wells_.Dam_.July24-1.pdf\">Carta de comentarios de la Coalici\u00f3n para Salvar Nuestro Salm\u00f3n Salvaje\u00a0<\/a><\/li>\n<li><a href=\"https:\/\/lowimpacthydro.org\/wp-content\/uploads\/2025\/07\/Trout_Unlimited_LIHI_Certification_letter_07202025.pdf\">Carta de comentarios de Trout Unlimited\u00a0<\/a><\/li>\n<li><a href=\"https:\/\/lowimpacthydro.org\/wp-content\/uploads\/2025\/07\/07_10_2025-Brewster-Letter-re-LIHI-Wells-Dam.pdf\">Comentario de la ciudad de Brewster<\/a><\/li>\n<li><a href=\"https:\/\/lowimpacthydro.org\/wp-content\/uploads\/2025\/07\/MVFF-letter-of-support-LIHI-certification-of-the-Wells-Project-06-20-2025.pdf\">Comentario de los pescadores con mosca de Methow Valley<\/a><\/li>\n<li><a href=\"https:\/\/lowimpacthydro.org\/wp-content\/uploads\/2025\/08\/Douglas-PUD-LIHI-Second-Response-Letter-and-YN-Detailed-Response-August-2025.pdf\">Respuesta de Douglas PUD a los comentarios del segundo per\u00edodo de comentarios<\/a><\/li>\n<\/ul>\n<hr \/>\n<h3>Documentos clave<\/h3>\n<ul>\n<li><a href=\"https:\/\/douglaspud.org\/download\/71\/report\/14082\/2024_12_31-douglas-final-2024-wells-hcp-comprehensive-nni-progress-report.pdf\">Informe de progreso integral de 2024: Estado del logro de la NNI en el marco del <span class='tooltipsall tooltip_post_id_5518 classtoolTips36'>Peces an\u00e1dromos<\/span> Acuerdo y Plan de Conservaci\u00f3n del H\u00e1bitat<\/a><\/li>\n<li><a href=\"https:\/\/lowimpacthydro.org\/wp-content\/uploads\/2025\/08\/20250528-Final-2024-Wells-ASA-and-HCP-Annual-Report.pdf\">Informe anual del Plan de Conservaci\u00f3n del H\u00e1bitat 2024\u00a0<\/a><strong><br \/>\n<\/strong><\/li>\n<li><a href=\"https:\/\/lowimpacthydro.org\/wp-content\/uploads\/2025\/08\/2024-Wells-Final-Aquatic-Settlement-Agreement-Annual-Report.pdf\">Informe anual del Acuerdo de Soluci\u00f3n Acu\u00e1tica de 2024<\/a><\/li>\n<li><a href=\"https:\/\/lowimpacthydro.org\/wp-content\/uploads\/2024\/05\/20121109-Wells-FERC-license.pdf\">Licencia FERC 2012, certificaci\u00f3n de calidad del agua y prescripciones de Fishway<\/a><\/li>\n<li><a href=\"https:\/\/lowimpacthydro.org\/wp-content\/uploads\/2024\/05\/20111025-Wells-Final-EIS.pdf\">Declaraci\u00f3n de Impacto Ambiental de la FERC de 2011<\/a><\/li>\n<li><a href=\"https:\/\/lowimpacthydro.org\/wp-content\/uploads\/2025\/03\/20100527-2009-Aquatic-Settlement-Agreement.pdf\">Acuerdo de Soluci\u00f3n Acu\u00e1tica y Planes de Gesti\u00f3n de 2009<\/a><\/li>\n<li><a href=\"https:\/\/lowimpacthydro.org\/wp-content\/uploads\/2024\/08\/Wells-Dam-WDFW-Off-License-Settlement-Agreement.pdf\">Acuerdo de conciliaci\u00f3n sobre licencias para venta de bebidas alcoh\u00f3licas de 2007<\/a><\/li>\n<li><a href=\"https:\/\/lowimpacthydro.org\/wp-content\/uploads\/2024\/08\/2002-Wells-HCP.pdf\">Plan de Conservaci\u00f3n del H\u00e1bitat de 2002<\/a><\/li>\n<\/ul>","protected":false},"excerpt":{"rendered":"<p>Project Name Wells Dam LIHI Certificate No. LIHI Certificate Term Owner Public Utility District No. 1 of Douglas County State Washington Location River Mile 515.6 on<span class=\"excerpt-hellip\"> [\u2026]<\/span><\/p>\n","protected":false},"author":3,"featured_media":-1,"parent":0,"menu_order":0,"comment_status":"closed","ping_status":"closed","template":"","meta":{"_coblocks_attr":"","_coblocks_dimensions":"","_coblocks_responsive_height":"","_coblocks_accordion_ie_support":"","om_disable_all_campaigns":false,"_monsterinsights_skip_tracking":false,"_monsterinsights_sitenote_active":false,"_monsterinsights_sitenote_note":"","_monsterinsights_sitenote_category":0,"footnotes":""},"class_list":["post-8957","page","type-page","status-publish","has-post-thumbnail","hentry"],"_links":{"self":[{"href":"https:\/\/lowimpacthydro.org\/es\/wp-json\/wp\/v2\/pages\/8957","targetHints":{"allow":["GET"]}}],"collection":[{"href":"https:\/\/lowimpacthydro.org\/es\/wp-json\/wp\/v2\/pages"}],"about":[{"href":"https:\/\/lowimpacthydro.org\/es\/wp-json\/wp\/v2\/types\/page"}],"author":[{"embeddable":true,"href":"https:\/\/lowimpacthydro.org\/es\/wp-json\/wp\/v2\/users\/3"}],"replies":[{"embeddable":true,"href":"https:\/\/lowimpacthydro.org\/es\/wp-json\/wp\/v2\/comments?post=8957"}],"version-history":[{"count":49,"href":"https:\/\/lowimpacthydro.org\/es\/wp-json\/wp\/v2\/pages\/8957\/revisions"}],"predecessor-version":[{"id":10180,"href":"https:\/\/lowimpacthydro.org\/es\/wp-json\/wp\/v2\/pages\/8957\/revisions\/10180"}],"wp:featuredmedia":[{"embeddable":true,"href":"https:\/\/lowimpacthydro.org\/es\/wp-json\/"}],"wp:attachment":[{"href":"https:\/\/lowimpacthydro.org\/es\/wp-json\/wp\/v2\/media?parent=8957"}],"curies":[{"name":"gracias","href":"https:\/\/api.w.org\/{rel}","templated":true}]}}