{"id":893,"date":"2020-07-17T18:40:56","date_gmt":"2020-07-17T22:40:56","guid":{"rendered":"https:\/\/lowimpacthydro.org\/new\/?page_id=893"},"modified":"2025-09-05T10:44:19","modified_gmt":"2025-09-05T14:44:19","slug":"lihi-certificate-127-crocker-dam-project-ma","status":"publish","type":"page","link":"https:\/\/lowimpacthydro.org\/es\/lihi-certificate-127-crocker-dam-project-ma\/","title":{"rendered":"Certificado LIHI #127 \u2013 Proyecto de la presa Crocker, MA"},"content":{"rendered":"<table class=\"alignright\" style=\"width: 351px; border: 2px; cellspacing: 2px; cellpadding: 2px; margin-left: 50px;\">\n<tbody>\n<tr>\n<td><strong>Nombre del proyecto<\/strong><\/td>\n<td>Crocker <span class='tooltipsall tooltip_post_id_5545 classtoolTips158'>Presa<\/span><\/td>\n<\/tr>\n<tr>\n<td><strong>Certificado LIHI No.<\/strong><\/td>\n<td>127<\/td>\n<\/tr>\n<tr>\n<td><strong>Plazo del certificado LIHI<br \/>\n<\/strong><\/td>\n<td>15 de septiembre de 2020 \u2013 14 de septiembre de 2030<\/td>\n<\/tr>\n<tr>\n<td><strong>Due\u00f1o<\/strong><\/td>\n<td>Presa del r\u00edo Whitman, Inc.<\/td>\n<\/tr>\n<tr>\n<td><strong>Estado<\/strong><\/td>\n<td>Massachusetts<\/td>\n<\/tr>\n<tr>\n<td><strong>Ubicaci\u00f3n<\/strong><\/td>\n<td>Ubicado en la milla fluvial 2.5 del r\u00edo Whitman en Westminster, MA.<\/td>\n<\/tr>\n<tr>\n<td><strong>Capacidad instalada<\/strong><\/td>\n<td>0,174 MW<\/td>\n<\/tr>\n<tr>\n<td><strong>Generaci\u00f3n media anual<\/strong><\/td>\n<td>887 MWh<\/td>\n<\/tr>\n<tr>\n<td><strong>Tipo de instalaci\u00f3n<\/strong><\/td>\n<td><span class='tooltipsall tooltip_post_id_5643 classtoolTips52'>De pasada<\/span><\/td>\n<\/tr>\n<tr>\n<td><strong><span class='tooltipsall tooltip_post_id_5565 classtoolTips152'>Comisi\u00f3n Federal de Comercio<\/span> No.<\/strong><\/td>\n<td>P-13237 emitido en 2012, vence el 31\/08\/2052<\/td>\n<\/tr>\n<\/tbody>\n<\/table>\n<p>El Proyecto de la Presa Crocker se ubica en el r\u00edo Whitman, en la ciudad de Westminster, condado de Worcester, Massachusetts. El r\u00edo Whitman nace en la desembocadura del lago Wampanoag, atraviesa Ashburnham, Westminster y Fitchburg, Massachusetts, y finalmente se fusiona con Flag Brook para formar el r\u00edo North Nashua. Este \u00faltimo fluye hacia el r\u00edo Nashua, uni\u00e9ndose finalmente al r\u00edo Merrimack en Nashua, New Hampshire. <span class='tooltipsall tooltip_post_id_5545 classtoolTips158'>presa<\/span> En 1933 se construyeron una caseta de vigilancia y una puerta de entrada para abastecer de agua a la antigua Crocker Paper Company y sus predecesoras con fines industriales. El proyecto hidroel\u00e9ctrico comenz\u00f3 su construcci\u00f3n en 2016 y se complet\u00f3 en 2019. Las operaciones del proyecto comenzaron en 2020. Dos presas se encuentran aguas arriba del proyecto: la presa del lago Wampanoag y la presa Westminster. <span class='tooltipsall tooltip_post_id_5588 classtoolTips83'>Embargo<\/span> Presas, ambas sin energ\u00eda el\u00e9ctrica y propiedad del due\u00f1o del proyecto. La \u00fanica presa aguas abajo del r\u00edo Whitman es el estanque Snows Mill, tambi\u00e9n sin energ\u00eda el\u00e9ctrica. Otras presas aguas abajo del r\u00edo Nashua incluyen la presa Arden Mill, tambi\u00e9n sin energ\u00eda el\u00e9ctrica. <a href=\"https:\/\/lowimpacthydro.org\/es\/lihi-certificate-44-ice-house-hydropower-project-massachusetts\/\">Casa de hielo (LIHI #44)<\/a>, la presa Pepperell en Pepperell, Massachusetts y otras presas en New Hampshire, incluidas <a href=\"https:\/\/lowimpacthydro.org\/es\/lihi-certificate-54-jackson-mills-hydroelectric-project-new-hampshire\/\">Jackson Mills (LIHI #54)<\/a>.<\/p>\n<p>El proyecto incluye un terrapl\u00e9n de tierra de 520 pies de largo y 38,5 pies de alto y <span class='tooltipsall tooltip_post_id_5600 classtoolTips84'>presa de mamposter\u00eda<\/span> con un arco de 120 pies de largo <span class='tooltipsall tooltip_post_id_5651 classtoolTips116'>aliviadero<\/span> Secci\u00f3n rematada con una viga de madera de 26 pulgadas de alto. <span class='tooltipsall tooltip_post_id_5569 classtoolTips79'>tableros de flash<\/span>. El <span class='tooltipsall tooltip_post_id_5570 classtoolTips114'>compuerta<\/span> Tiene 8 pies de ancho y 12 pies de alto, y la puerta de barro tiene 3 pies de ancho y 3 pies de alto. La caseta de entrada est\u00e1 equipada con una puerta de 47 pies de largo y 42 pulgadas de di\u00e1metro. <span class='tooltipsall tooltip_post_id_5619 classtoolTips124'>compuerta<\/span> y un nuevo basurero met\u00e1lico de 5,5 metros de alto y 2 metros de ancho con una separaci\u00f3n entre barras de 2,5 cm. El nuevo <span class='tooltipsall tooltip_post_id_5624 classtoolTips102'>central el\u00e9ctrica<\/span> Contiene una unidad generadora de turbina de 174 kW. El canal de descarga es nuevo y mide 6 metros de ancho, 1,8 metros de profundidad y 10,6 metros de largo. El proyecto es un verdadero proyecto de pasada, con la central el\u00e9ctrica ubicada junto al embalse, lo que crea un tramo de derivaci\u00f3n muy corto (unos 17 metros).<\/p>\n<p>El proyecto opera en <span class='tooltipsall tooltip_post_id_5643 classtoolTips52'>de pasada<\/span> y embalsa un embalse de 102,9 acres. Los sensores de elevaci\u00f3n del estanque env\u00edan datos a un <span class='tooltipsall tooltip_post_id_5626 classtoolTips6'>Controlador l\u00f3gico programable<\/span> Esto garantiza que la elevaci\u00f3n del embalse se mantenga dentro de 15 cm. Todos los caudales inferiores a la capacidad hidr\u00e1ulica m\u00ednima de la turbina de 13 pies c\u00fabicos por segundo (cfs) se vierten, al igual que todos los caudales superiores a la capacidad hidr\u00e1ulica m\u00e1xima de la turbina de 60 cfs. El r\u00e9gimen de caudal se desarroll\u00f3 en consulta con el Departamento de Protecci\u00f3n Ambiental de Massachusetts.<\/p>\n<p>Las aguas dentro del alcance del proyecto est\u00e1n designadas como Clase B, adecuadas para peces y h\u00e1bitat acu\u00e1tico, apoyo a la vida silvestre y uso primario y secundario. <span class='tooltipsall tooltip_post_id_5646 classtoolTips7'>recreaci\u00f3n secundaria<\/span>Actualmente, el proyecto est\u00e1 realizando un monitoreo de la calidad del agua para confirmar que el proyecto no afecte negativamente la temperatura del agua ni las concentraciones de ox\u00edgeno disuelto.<\/p>\n<p>Las represas aguas abajo en el cauce principal del r\u00edo Nashua crean barreras aguas arriba. <span class='tooltipsall tooltip_post_id_5566 classtoolTips59'>paso de peces<\/span> para <span class='tooltipsall tooltip_post_id_5518 classtoolTips36'>pez an\u00e1dromo<\/span> Especies. Por lo tanto, no hay especies migratorias de peces presentes en el r\u00edo. Hay anguilas americanas en el r\u00edo Nashua y en el Proyecto Ice House aguas abajo, pero no se han registrado anguilas en el \u00e1rea del proyecto de la presa Crocker. Las especies ribere\u00f1as residentes incluyen una poblaci\u00f3n natural de trucha de arroyo, as\u00ed como especies comunes como la perca azul, la dace de nariz negra y la dace de nariz larga, el pez luna rayado, el lucio cadena, el carite com\u00fan y dorado, el pez ca\u00edda, la lobina negra y la lobina de boca chica, la perca calabaza, el matalote blanco, el bagre amarillo y la perca amarilla. La instalaci\u00f3n de rejillas para basura de profundidad completa con un espacio libre de 2.5 cm mitiga el potencial de <span class='tooltipsall tooltip_post_id_5558 classtoolTips77'>arrastre<\/span>La velocidad de aproximaci\u00f3n promedia 0,46 pies\/segundo e incluso en condiciones de agua alta esta velocidad no superar\u00eda el umbral recomendado de 2,0 pies\/segundo.<\/p>\n<p>Los terrenos del proyecto abarcan 4.5 acres. Las costas que rodean el embalse est\u00e1n cubiertas de vegetaci\u00f3n densa, incluyendo bosques, matorrales y maleza, y varios lotes de viviendas. El proyecto se construy\u00f3 bajo una Orden de Condiciones de la Comisi\u00f3n de Conservaci\u00f3n de la Ciudad de Westminster, en virtud de la Ley de Massachusetts. <span class='tooltipsall tooltip_post_id_5670 classtoolTips125'>Humedales<\/span> Ley de Protecci\u00f3n. Westminster tambi\u00e9n tiene una ley local. <span class='tooltipsall tooltip_post_id_5670 classtoolTips125'>humedales<\/span> Ordenanza que protege la calidad y cantidad de las aguas superficiales y subterr\u00e1neas, previene inundaciones y da\u00f1os por tormentas, y protege la vida silvestre que depende de los humedales y su h\u00e1bitat. Desde la finalizaci\u00f3n de la construcci\u00f3n en enero de 2020, no se han realizado actividades que afecten la costa ni la cuenca hidrogr\u00e1fica. No existen terrenos de valor ecol\u00f3gico significativo en el \u00e1rea del proyecto.<\/p>\n<p>Las especies amenazadas o en peligro de extinci\u00f3n potencialmente presentes en las inmediaciones del proyecto incluyen el murci\u00e9lago orejudo norte\u00f1o. Consultas con la Oficina de Patrimonio Natural de Massachusetts indican que no se encuentran hibern\u00e1culos ni \u00e1rboles de descanso para la especie en el \u00e1rea del proyecto. Debido a la peque\u00f1a huella del proyecto y a la falta de tala de \u00e1rboles, es improbable que el proyecto afecte a las especies de murci\u00e9lagos incluidas en la lista. El h\u00e1bitat prioritario para la tortuga de bosque se encuentra cerca, pero no dentro del \u00e1rea del proyecto. Las operaciones de pasada y el mantenimiento de niveles estables de embalse mitigan cualquier impacto en el h\u00e1bitat. Tambi\u00e9n hay varias especies de aves migratorias que podr\u00edan encontrarse en el \u00e1rea del proyecto, pero las operaciones no las afectan debido a la falta de tala de \u00e1rboles en la zona. Estas especies incluyen el \u00e1guila calva, el cuclillo de pico negro, el tordo bobolink, la reinita canadiense, la reinita de Cabo Mayo, la reinita de pradera, el mirlo herrumbroso y el zorzal de bosque.<\/p>\n<p>Los recursos hist\u00f3ricos en el \u00e1rea del proyecto incluyen la presa y la caseta de vigilancia que se construyeron originalmente en 1933. Aunque actualmente no est\u00e1n catalogadas, estas propiedades son elegibles para ser incluidas en el listado. <span class='tooltipsall tooltip_post_id_5606 classtoolTips1'>Registro Nacional de Lugares Hist\u00f3ricos<\/span>Un letrero en el \u00e1rea recreativa cercana detalla la historia del sitio desde 1767, cuando se construy\u00f3 el primer molino harinero. La Oficina Estatal de Preservaci\u00f3n Hist\u00f3rica ha concluido que es improbable que el proyecto afecte a propiedades hist\u00f3ricas.<\/p>\n<p>El proyecto no incluye instalaciones recreativas formales. El acceso p\u00fablico es gratuito siempre que sea seguro hacerlo en el proyecto. El \u00c1rea Recreativa Crocker Pond de la ciudad de Westminster se encuentra junto a la presa y el canal de descarga en el lado suroeste y es una popular zona recreativa urbanizada que incluye un amplio estacionamiento y una playa de embalse. Las instalaciones adicionales incluyen \u00e1reas de picnic, un mirador, un \u00e1rea de juegos infantiles, una zona de nataci\u00f3n, senderos y una rampa para embarcaciones.<\/p>\n<hr \/>\n<h3>Estado de cumplimiento<\/h3>\n<p><strong>El Certificado incluye las siguientes condiciones espec\u00edficas de la instalaci\u00f3n:<\/strong><\/p>\n<p><strong><em>Condici\u00f3n satisfecha en 2021.<\/em> Condici\u00f3n 1.<\/strong> El propietario de la instalaci\u00f3n deber\u00e1 proporcionar a LIHI una copia del informe final de monitoreo de la calidad del agua posterior a la operaci\u00f3n para el monitoreo que se realizar\u00e1 en el verano de 2021. La presentaci\u00f3n deber\u00e1 incluir los comentarios del MDEP y cualquier recomendaci\u00f3n de modificaciones a las operaciones para garantizar que se cumplan los est\u00e1ndares de calidad del agua.<\/p>\n<p><strong>2025:<\/strong> No se identificaron cambios materiales ni problemas de cumplimiento. El proyecto sigue cumpliendo con los requisitos seg\u00fan la revisi\u00f3n anual.<\/p>\n<p><strong>2024:<\/strong> No se identificaron cambios materiales ni problemas de cumplimiento. El proyecto sigue cumpliendo con los requisitos seg\u00fan la revisi\u00f3n anual.<\/p>\n<p><strong>2023:<\/strong> No se identificaron cambios materiales ni problemas de cumplimiento. El proyecto sigue cumpliendo con los requisitos seg\u00fan la revisi\u00f3n anual.<\/p>\n<p><strong>2022:<\/strong> No se identificaron cambios materiales ni problemas de cumplimiento. El proyecto sigue cumpliendo con los requisitos seg\u00fan la revisi\u00f3n anual.<strong><br \/>\n<\/strong><\/p>\n<p><strong>2021:<\/strong> No se reportaron cambios ni problemas de cumplimiento. El proyecto se mantiene en cumplimiento seg\u00fan la revisi\u00f3n anual. Para la Condici\u00f3n 1, el proyecto present\u00f3 el informe de monitoreo a LIHI, MDEP y FERC, e inform\u00f3 que no recibi\u00f3 comentarios ni recomendaciones de MDEP, por lo que cumple con la condici\u00f3n.<\/p>\n<p><strong>2020:<\/strong> La presentaci\u00f3n de informes anuales para el Certificado actual a\u00fan no ha entrado en vigor.<\/p>\n<hr \/>\n<h3>Historial de certificaciones<\/h3>\n<p><strong>1 de enero de 2022:<\/strong> El plazo del Certificado LIHI se ha extendido de acuerdo con la Revisi\u00f3n 2.05 del Manual de Certificaci\u00f3n LIHI 2.\u00aa Edici\u00f3n emitido el 1 de enero de 2022. Consulte la tabla de instalaciones anterior para conocer el nuevo plazo.<\/p>\n<p><strong>17 de noviembre de 2020:<\/strong> La decisi\u00f3n de recertificar el Proyecto Crocker qued\u00f3 firme tras el cierre del plazo de apelaciones el 29 de noviembre de 2020, sin que se presentaran apelaciones. El plazo de la certificaci\u00f3n es del 15 de septiembre de 2020 al 14 de septiembre de 2025.<\/p>\n<p><strong>30 de octubre de 2020:<\/strong> El Instituto de Energ\u00eda Hidroel\u00e9ctrica de Bajo Impacto (LIHI) ha aprobado preliminarmente la recertificaci\u00f3n del Proyecto de la Presa Crocker (LIHI #127) por un nuevo per\u00edodo de 5 a\u00f1os de Certificaci\u00f3n de Bajo Impacto. Esta decisi\u00f3n es preliminar, a la espera del plazo de apelaci\u00f3n de 30 d\u00edas. Solo quienes presentaron comentarios sobre la solicitud inicial durante el plazo de 60 d\u00edas pueden presentar una apelaci\u00f3n. Dicha apelaci\u00f3n debe incluir una explicaci\u00f3n de por qu\u00e9 el Proyecto no cumple con los criterios del LIHI. Las solicitudes de apelaci\u00f3n pueden enviarse por correo electr\u00f3nico a <a href=\"mailto:comments@lowimpacthydro.org\">comments@lowimpacthydro.org<\/a> Con el asunto &quot;Proyecto de la Presa Crocker&quot;, o por correo postal dirigido al Instituto de Energ\u00eda Hidroel\u00e9ctrica de Bajo Impacto, 329 Massachusetts Ave, Suite 6, Lexington, MA 02420. Todas las solicitudes se publicar\u00e1n en el sitio web. El solicitante tendr\u00e1 la oportunidad de responder, y cualquier respuesta tambi\u00e9n se publicar\u00e1. <strong>Las solicitudes deben recibirse antes de las 5 p. m., hora del Este, el 29 de noviembre de 2020.<\/strong> La solicitud completa y el informe del revisor est\u00e1n disponibles a continuaci\u00f3n. Si no se reciben solicitudes de apelaci\u00f3n y la decisi\u00f3n es definitiva, el plazo de certificaci\u00f3n del Proyecto ser\u00e1 del 15 de septiembre de 2020 al 14 de septiembre de 2025.<\/p>\n<p><strong>28 de agosto de 2020:<\/strong> El Instituto de Energ\u00eda Hidroel\u00e9ctrica de Bajo Impacto (LIHI) ha recibido una solicitud completa para la recertificaci\u00f3n de Bajo Impacto del Proyecto Hidroel\u00e9ctrico de la Presa Crocker. La solicitud completa se encuentra a continuaci\u00f3n. El LIHI solicita comentarios del p\u00fablico sobre esta solicitud. Los comentarios directamente relacionados con criterios espec\u00edficos del LIHI (caudales, calidad del agua, paso de peces, etc.) ser\u00e1n de gran ayuda, pero todos los comentarios ser\u00e1n considerados. Los comentarios pueden enviarse al Instituto por correo electr\u00f3nico a <a href=\"mailto:comments@lowimpacthydro.org\">comments@lowimpacthydro.org<\/a> con \u201cComentarios sobre el Proyecto de la Presa Crocker\u201d en la l\u00ednea de asunto, o por correo dirigido al Low Impact Hydropower Institute, 329 Massachusetts Avenue, Suite 6, Lexington, MA 02420. <strong>Los comentarios deben recibirse antes de las 5 p. m., hora del Este, el 27 de octubre de 2020 para ser considerados.<\/strong> Todos los comentarios se publicar\u00e1n en el sitio web y el solicitante tendr\u00e1 la oportunidad de responder. Las respuestas tambi\u00e9n se publicar\u00e1n.<\/p>\n<p><strong>4 de diciembre de 2015:<\/strong>\u00a0El Director Ejecutivo de LIHI, Michael J. Sale, en ejercicio de la autoridad delegada por la Junta Directiva de LIHI y tras una revisi\u00f3n completa del informe del Revisor de la Solicitud, as\u00ed como de todos los comentarios p\u00fablicos y la documentaci\u00f3n adicional proporcionada por el Solicitante, ha certificado que el Proyecto Hidroel\u00e9ctrico de la Presa Crocker (FERC n.\u00b0 P-13237) cumple con los Criterios de Certificaci\u00f3n de LIHI. Se anunci\u00f3 una Decisi\u00f3n Preliminar el 14 de diciembre de 2015, y se abri\u00f3 un plazo de apelaci\u00f3n de 30 d\u00edas hasta el 14 de enero de 2016. No se recibieron solicitudes de apelaci\u00f3n. Esta Decisi\u00f3n de Certificaci\u00f3n incluye cinco condiciones espec\u00edficas de la instalaci\u00f3n, a saber:<\/p>\n<ul style=\"color: black;\">\n<li><strong><em>Satisfecho 2020<\/em>, Condici\u00f3n 1.<\/strong>\u00a0 Dentro de los tres meses siguientes a la instalaci\u00f3n de la turbina, el propietario de la instalaci\u00f3n deber\u00e1 enviar a LIHI una copia del plan que presente al MDEP para supervisar la operaci\u00f3n de pasada. El propietario deber\u00e1 notificar a LIHI cuando el plan haya sido aprobado por el MDEP.<\/li>\n<li><strong><em>Satisfecho 2020<\/em>, Condici\u00f3n 2.<\/strong>\u00a0 Dentro de los 3 meses siguientes a la instalaci\u00f3n de la turbina, el propietario de la instalaci\u00f3n deber\u00e1 enviar a LIHI una copia del plan presentado ante el MDEP para el monitoreo y mantenimiento de los est\u00e1ndares de ox\u00edgeno disuelto de 6 mg\/l, y deber\u00e1 notificar a LIHI cuando el MDEP haya aprobado dicho plan.<\/li>\n<li><strong><em>Satisfecho 2020<\/em>, Condici\u00f3n 3.<\/strong>\u00a0 De acuerdo con el Certificado de Calidad del Agua aplicable, el propietario de la instalaci\u00f3n deber\u00e1 instalar rejillas para basura transparentes de una pulgada de profundidad completa con velocidades menores o iguales a 2 pies por segundo en las entradas para reducir <span class='tooltipsall tooltip_post_id_5587 classtoolTips82'>instrucci\u00f3n<\/span> y arrastre de peces en las instalaciones.<\/li>\n<li><strong><em>Exento 2020<\/em>, Condici\u00f3n 4.<\/strong>\u00a0 El propietario de la instalaci\u00f3n deber\u00e1 notificar a LIHI dentro de los 30 d\u00edas posteriores a cualquier decisi\u00f3n de las agencias de recursos pesqueros pertinentes (MDFW y\/o USFWS) que requiera la instalaci\u00f3n de instalaciones de paso de peces.<\/li>\n<li><strong><em>Satisfecho 2020<\/em>, Condici\u00f3n 5.<\/strong>\u00a0 El propietario de la instalaci\u00f3n deber\u00e1 notificar a LIHI cuando la instalaci\u00f3n entre en funcionamiento y comience a producir electricidad. Esta notificaci\u00f3n deber\u00e1 realizarse lo antes posible y, en todo caso, en un plazo m\u00e1ximo de 30 d\u00edas tras la puesta en marcha.<\/li>\n<\/ul>\n<p>La fecha de certificaci\u00f3n efectiva para el Proyecto de la Represa Crocker es el 15 de septiembre de 2015 por un per\u00edodo de cinco (5) a\u00f1os, que vencer\u00e1 el 15 de septiembre de 2020.<\/p>\n<p><strong>21 de septiembre de 2015:<\/strong>\u00a0El 15 de septiembre de 2015, el Low Impact Hydropower Institute (LIHI) recibi\u00f3 una solicitud completa de Whitman River Dam, Inc. para la Certificaci\u00f3n de Bajo Impacto del Proyecto Hidroel\u00e9ctrico Crocker Dam, FERC No. 13237, ubicado en el r\u00edo Whitman en Westminster, Massachusetts.<\/p>\n<hr \/>\n<h3>Archivos de certificaci\u00f3n<\/h3>\n<h4>Recertificaci\u00f3n 2020<\/h4>\n<ul style=\"color: black;\">\n<li><a href=\"https:\/\/lowimpacthydro.org\/wp-content\/uploads\/2020\/10\/Crocker-Dam-Review-Report_2020_10_28.pdf\" target=\"_blank\" rel=\"noopener noreferrer\">Informe de revisi\u00f3n de la recertificaci\u00f3n de la presa Crocker 2020<\/a><\/li>\n<li><a href=\"https:\/\/lowimpacthydro.org\/wp-content\/uploads\/2020\/08\/LIHI-Recertification-Application-Whitman-River-Dam-Inc.-8-16-2020.pdf\" target=\"_blank\" rel=\"noopener noreferrer\">Solicitud de recertificaci\u00f3n de la presa Crocker 2020<\/a><\/li>\n<\/ul>\n<h4>Certificaci\u00f3n 2015<\/h4>\n<ul style=\"color: black;\">\n<li><a href=\"https:\/\/lowimpacthydro.org\/wp-content\/uploads\/2020\/07\/Crocker-Dam-Full-App-Review_V2.pdf\">Informe de revisi\u00f3n de la certificaci\u00f3n de la presa Crocker 2015<\/a><\/li>\n<li><a href=\"https:\/\/lowimpacthydro.org\/wp-content\/uploads\/2020\/07\/20150916_Crocker-Dam-LIHI-Application.pdf\">Solicitud de certificaci\u00f3n de la presa Crocker 2015<\/a><\/li>\n<li><a href=\"https:\/\/lowimpacthydro.org\/wp-content\/uploads\/2020\/07\/MA-DFW-Crocker-Dam-LIHI-letter.pdf\">Carta de comentarios de la Divisi\u00f3n de Pesca y Vida Silvestre de Massachusetts: Certificaci\u00f3n de la presa Crocker<\/a><\/li>\n<\/ul>\n<hr \/>\n<h3>Documentos clave<\/h3>\n<ul>\n<li><a href=\"https:\/\/lowimpacthydro.org\/wp-content\/uploads\/2020\/12\/2012-Crocker-Dam-FERC-license.pdf\">Licencia FERC de la presa Crocker 2012<\/a><\/li>\n<li><a href=\"https:\/\/lowimpacthydro.org\/wp-content\/uploads\/2020\/12\/2012-Crocker-Dam-FERC-EA.pdf\">Evaluaci\u00f3n ambiental de la FERC de la presa Crocker 2012<\/a><\/li>\n<li><a href=\"https:\/\/lowimpacthydro.org\/wp-content\/uploads\/2020\/12\/2011-Crocker-Dam-WQC.pdf\">Certificado de calidad del agua de la presa Crocker 2011<\/a><\/li>\n<\/ul>","protected":false},"excerpt":{"rendered":"<p>Project Name Crocker Dam LIHI Certificate No. 127 LIHI Certificate Term September 15, 2020 &#8211; September 14, 2030 Owner Whitman River Dam, Inc. State Massachusetts Location<span class=\"excerpt-hellip\"> [\u2026]<\/span><\/p>\n","protected":false},"author":3,"featured_media":-1,"parent":0,"menu_order":0,"comment_status":"closed","ping_status":"closed","template":"","meta":{"_coblocks_attr":"","_coblocks_dimensions":"","_coblocks_responsive_height":"","_coblocks_accordion_ie_support":"","om_disable_all_campaigns":false,"_monsterinsights_skip_tracking":false,"_monsterinsights_sitenote_active":false,"_monsterinsights_sitenote_note":"","_monsterinsights_sitenote_category":0,"footnotes":""},"class_list":["post-893","page","type-page","status-publish","has-post-thumbnail","hentry"],"aioseo_notices":[],"_links":{"self":[{"href":"https:\/\/lowimpacthydro.org\/es\/wp-json\/wp\/v2\/pages\/893","targetHints":{"allow":["GET"]}}],"collection":[{"href":"https:\/\/lowimpacthydro.org\/es\/wp-json\/wp\/v2\/pages"}],"about":[{"href":"https:\/\/lowimpacthydro.org\/es\/wp-json\/wp\/v2\/types\/page"}],"author":[{"embeddable":true,"href":"https:\/\/lowimpacthydro.org\/es\/wp-json\/wp\/v2\/users\/3"}],"replies":[{"embeddable":true,"href":"https:\/\/lowimpacthydro.org\/es\/wp-json\/wp\/v2\/comments?post=893"}],"version-history":[{"count":11,"href":"https:\/\/lowimpacthydro.org\/es\/wp-json\/wp\/v2\/pages\/893\/revisions"}],"predecessor-version":[{"id":10031,"href":"https:\/\/lowimpacthydro.org\/es\/wp-json\/wp\/v2\/pages\/893\/revisions\/10031"}],"wp:featuredmedia":[{"embeddable":true,"href":"https:\/\/lowimpacthydro.org\/es\/wp-json\/"}],"wp:attachment":[{"href":"https:\/\/lowimpacthydro.org\/es\/wp-json\/wp\/v2\/media?parent=893"}],"curies":[{"name":"gracias","href":"https:\/\/api.w.org\/{rel}","templated":true}]}}