{"id":851,"date":"2020-07-17T17:37:23","date_gmt":"2020-07-17T21:37:23","guid":{"rendered":"https:\/\/lowimpacthydro.org\/new\/?page_id=851"},"modified":"2025-09-29T15:43:59","modified_gmt":"2025-09-29T19:43:59","slug":"lihi-certificate-131-chester-diversion-hydroelectric-project-idaho","status":"publish","type":"page","link":"https:\/\/lowimpacthydro.org\/es\/lihi-certificate-131-chester-diversion-hydroelectric-project-idaho\/","title":{"rendered":"Certificado LIHI #131 \u2013 Proyecto Hidroel\u00e9ctrico de Desv\u00edo de Chester, Idaho"},"content":{"rendered":"<table class=\"alignright\" style=\"width: 351px; border: 2px; cellspacing: 2px; cellpadding: 2px; margin-left: 50px;\">\n<tbody>\n<tr>\n<td style=\"width: 179px;\"><strong>Nombre del proyecto<\/strong><\/td>\n<td style=\"width: 182px;\">Chester <span class='tooltipsall tooltip_post_id_5551 classtoolTips110'>Desviaci\u00f3n<\/span><\/td>\n<\/tr>\n<tr>\n<td style=\"width: 179px;\"><strong>Certificado LIHI No.<\/strong><\/td>\n<td style=\"width: 182px;\">131<\/td>\n<\/tr>\n<tr>\n<td style=\"width: 179px;\"><strong>Plazo del certificado LIHI<br \/>\n<\/strong><\/td>\n<td style=\"width: 182px;\">17 de octubre de 2016 \u2013<br \/>\n17 de octubre de 2029<\/td>\n<\/tr>\n<tr>\n<td style=\"width: 179px;\"><strong>Due\u00f1o<\/strong><\/td>\n<td style=\"width: 182px;\">Cooperativa El\u00e9ctrica Rural de Fall River<\/td>\n<\/tr>\n<tr>\n<td style=\"width: 179px;\"><strong>Estado<\/strong><\/td>\n<td style=\"width: 182px;\">Idaho<\/td>\n<\/tr>\n<tr>\n<td style=\"width: 179px;\"><strong>Ubicaci\u00f3n<\/strong><\/td>\n<td style=\"width: 182px;\">Milla fluvial 38,5 en la bifurcaci\u00f3n Henry&#039;s Fork del r\u00edo Snake en el condado de Fremont<\/td>\n<\/tr>\n<tr>\n<td style=\"width: 179px;\"><strong>Capacidad instalada<\/strong><\/td>\n<td style=\"width: 182px;\">3,3 MW<\/td>\n<\/tr>\n<tr>\n<td style=\"width: 179px;\"><strong>Generaci\u00f3n media anual<\/strong><\/td>\n<td style=\"width: 182px;\">16.800 MWh<\/td>\n<\/tr>\n<tr>\n<td style=\"width: 179px;\"><strong>Tipo de instalaci\u00f3n<\/strong><\/td>\n<td style=\"width: 182px;\"><span class='tooltipsall tooltip_post_id_5643 classtoolTips52'>De pasada<\/span><\/td>\n<\/tr>\n<tr>\n<td style=\"width: 179px;\"><strong><span class='tooltipsall tooltip_post_id_5565 classtoolTips152'>Comisi\u00f3n Federal de Comercio<\/span> No.<\/strong><\/td>\n<td style=\"width: 182px;\">P-11879 emitido en 2008, vence el 30\/06\/2048<\/td>\n<\/tr>\n<\/tbody>\n<\/table>\n<p>El Proyecto de Desv\u00edo de Chester se ubica en la bifurcaci\u00f3n Henrys del r\u00edo Snake, en el condado de Fremont, Idaho. Se encuentra a unos 10,5 kil\u00f3metros r\u00edo abajo.<a href=\"https:\/\/lowimpacthydro.org\/es\/lihi-certificate-61-ashton-hydroelectric-project-idaho\/\"> Proyecto Ashton (LIHI #61)<\/a> y 52,5 millas r\u00edo abajo del <a href=\"https:\/\/lowimpacthydro.org\/es\/lihi-certificate-2-island-park-hydroelectric-project-idaho\/\">Proyecto del Parque Insular (LIHI #2)<\/a>.<\/p>\n<p>Las instalaciones del proyecto son propiedad de Fall River Rural Electric Cooperative y est\u00e1n operadas por ella, mientras que <span class='tooltipsall tooltip_post_id_5545 classtoolTips158'>presa<\/span> es propiedad del Distrito de Irrigaci\u00f3n Fremont Madison. El Chester <span class='tooltipsall tooltip_post_id_5552 classtoolTips50'>Presa de desviaci\u00f3n<\/span> (tambi\u00e9n conocida como la presa de desviaci\u00f3n Cross Cut) y el sistema de riego Cross Cut asociado <span class='tooltipsall tooltip_post_id_5537 classtoolTips143'>Canal<\/span> Fueron construidas en 1938 por la Oficina de Reclamaci\u00f3n de los Estados Unidos (BOR) como parte de su Proyecto Minidoka. En virtud de un Memorando de Entendimiento del 16 de noviembre de 2007 entre el propietario del proyecto y el Distrito de Riego Fremont Madison, Fall River tiene autorizaci\u00f3n para utilizar la Presa de Derivaci\u00f3n de Chester para generar energ\u00eda hidroel\u00e9ctrica. Fall River es responsable de cubrir todos los costos asociados con la ingenier\u00eda, la construcci\u00f3n, la operaci\u00f3n y el mantenimiento del proyecto hidroel\u00e9ctrico.<\/p>\n<p>Antes de la construcci\u00f3n de la central hidroel\u00e9ctrica, la presa de derivaci\u00f3n de Chester existente consist\u00eda en una presa de hormig\u00f3n. <span class='tooltipsall tooltip_post_id_5580 classtoolTips81'>presa de gravedad<\/span>, una puerta radial en el extremo sur de la <span class='tooltipsall tooltip_post_id_5551 classtoolTips110'>desviaci\u00f3n<\/span> Una estructura para controlar los caudales hacia el Canal de Riego Cross Cut y una compuerta radial adicional m\u00e1s peque\u00f1a en el lado norte de la estructura de desviaci\u00f3n para controlar los caudales hacia el Canal de Riego Last Chance. La construcci\u00f3n de la central hidroel\u00e9ctrica comenz\u00f3 en 2009 y finaliz\u00f3 en 2014.<\/p>\n<p>El proyecto incluye: la presa de concreto propiedad del Distrito de Irrigaci\u00f3n Fremont Madison con una longitud de cresta de 355 pies y una altura estructural de 17 pies; un dique inflable de 38 pulgadas de alto <span class='tooltipsall tooltip_post_id_5590 classtoolTips101'>presa de goma<\/span> Atornillado a la cresta de la presa; un aliviadero de 355 pies de largo <span class='tooltipsall tooltip_post_id_5651 classtoolTips116'>aliviadero<\/span>; una estructura de control de flujo ubicada en el lado sur de la presa, con una compuerta radial que controla los flujos hacia el Canal de Irrigaci\u00f3n Cross Cut; una estructura de control de flujo ubicada en el lado norte de la presa con una compuerta radial que controla los flujos hacia el Canal de Irrigaci\u00f3n Last Chance; una estructura de entrada de concreto de 50 pies de ancho en el lado sur del aliviadero; una compuerta adyacente a la estructura de entrada en el extremo sur del aliviadero; un espaciado de 1.5 pulgadas <span class='tooltipsall tooltip_post_id_5567 classtoolTips78'>Pantalla de pescado<\/span> a trav\u00e9s de la entrada de la turbina y espaciados a 0,25 pulgadas <span class='tooltipsall tooltip_post_id_5567 classtoolTips78'>Pantallas para peces<\/span> a trav\u00e9s de las entradas de ambos canales de irrigaci\u00f3n; obras de cabecera del Canal de Irrigaci\u00f3n Cross Cut; obras de cabecera del Canal de Irrigaci\u00f3n Last Chance; un canal de concreto <span class='tooltipsall tooltip_post_id_5624 classtoolTips102'>central el\u00e9ctrica<\/span> Con tres turbinas generadoras tipo Kaplan con una capacidad instalada total de 3,3 MW; y un muro de hormig\u00f3n ubicado inmediatamente debajo de la central el\u00e9ctrica que dirige el flujo hacia el centro de Henrys Fork. El l\u00edmite del proyecto incluye la presa de derivaci\u00f3n de Chester, el embalse de la presa de derivaci\u00f3n de Chester y los terrenos asociados con... <span class='tooltipsall tooltip_post_id_5537 classtoolTips143'>canal<\/span> obras de cabecera, casa de m\u00e1quinas, estacionamiento, rampas para embarcaciones aguas arriba y aguas abajo, y la l\u00ednea de transmisi\u00f3n primaria.<\/p>\n<p>El Proyecto opera en un <span class='tooltipsall tooltip_post_id_5643 classtoolTips52'>de pasada<\/span> y embalsa un embalse de 55 acres. Una vez cubiertas las necesidades de riego, se desv\u00edan hasta 3500 pies c\u00fabicos por segundo (cfs) a la central el\u00e9ctrica para su generaci\u00f3n. Cualquier caudal superior a las necesidades de riego y energ\u00eda se desborda por la presa de derivaci\u00f3n de Chester. El proyecto prev\u00e9 un caudal m\u00ednimo de 25 cfs a trav\u00e9s de la compuerta para permitir el flujo aguas abajo. <span class='tooltipsall tooltip_post_id_5566 classtoolTips59'>paso de peces<\/span>El r\u00e9gimen de flujo es monitoreado por la Fundaci\u00f3n Henrys Fork y el Departamento de Pesca y Caza de Idaho para garantizar la protecci\u00f3n del h\u00e1bitat de los peces y la vida silvestre.<\/p>\n<p>Las aguas dentro del alcance del proyecto est\u00e1n designadas como ribere\u00f1as por el Servicio Nacional de Pesca y Vida Silvestre del USFWS. <span class='tooltipsall tooltip_post_id_5670 classtoolTips125'>Humedal<\/span> Inventario. Los usos designados en Idaho incluyen el suministro de agua para la agricultura, la vida acu\u00e1tica en aguas fr\u00edas, el suministro de agua para uso dom\u00e9stico, la recreaci\u00f3n de contacto primario, el h\u00e1bitat de la fauna silvestre y el desove de salm\u00f3nidos. Cuatro estaciones de monitoreo de la calidad del agua, propiedad de la Cooperativa El\u00e9ctrica Rural de Fall River, registran la temperatura, <span class='tooltipsall tooltip_post_id_5668 classtoolTips108'>turbiedad<\/span>y los niveles de ox\u00edgeno disuelto. Los datos de 2015 no detectaron cambios sistem\u00e1ticos en estos indicadores, y la consulta con el Departamento de Calidad Ambiental de Idaho confirm\u00f3 que el proyecto no est\u00e1 afectando la calidad del agua.<\/p>\n<p>La bifurcaci\u00f3n Henrys del r\u00edo Snake alberga una poblaci\u00f3n autosuficiente de trucha arco\u00edris y se considera una pesquer\u00eda de primera categor\u00eda, una pesquer\u00eda recreativa de alt\u00edsima calidad. Una escala de peces aguas arriba proporciona a las especies ribere\u00f1as (trucha marr\u00f3n, cor\u00e9gono de monta\u00f1a, matalote de Utah, cacho de Utah, dace moteado, escorpi\u00f3n moteado y carpita de r\u00edo) acceso a los tramos superiores del r\u00edo. Una consulta con el Departamento de Pesca y Caza de Idaho en 2016 confirm\u00f3 la eficacia de la escala para facilitar el paso aguas arriba. El paso de peces aguas abajo se proporciona mediante la compuerta con un caudal de 25 pies c\u00fabicos por segundo. Este r\u00e9gimen de caudal es un caudal est\u00e1ndar para el paso de peces aguas abajo recomendado por la Administraci\u00f3n Nacional Oce\u00e1nica y Atmosf\u00e9rica (NOAA). Las rejillas de entrada de una pulgada y \u00bc mitigan el potencial de flujo aguas abajo. <span class='tooltipsall tooltip_post_id_5558 classtoolTips77'>arrastre<\/span>.<\/p>\n<p>La propiedad del proyecto consta de aproximadamente 108 acres. Los terrenos circundantes incluyen una costa plana con abundante vegetaci\u00f3n y tierras agr\u00edcolas, adem\u00e1s de bosques. <span class='tooltipsall tooltip_post_id_5670 classtoolTips125'>humedales<\/span>y zonas de matorrales arbustivos. Debido a la naturaleza de la costa, el riesgo de erosi\u00f3n es bajo. El revestimiento de escollera de cantos rodados debajo de la presa refuerza el lecho y las orillas del r\u00edo, mitigando a\u00fan m\u00e1s el riesgo de erosi\u00f3n.<\/p>\n<p>Las especies amenazadas y en peligro de extinci\u00f3n que podr\u00edan encontrarse en la propiedad del proyecto incluyen: \u00e1guilas calvas, \u00e1guilas calvas y truchas degolladas de Yellowstone. No se prev\u00e9n impactos en las especies incluidas en la lista debido a las operaciones del proyecto. Las instalaciones para el paso de peces permiten una mayor interconexi\u00f3n del r\u00edo, lo cual favorece la sostenibilidad de las especies ribere\u00f1as, especialmente la trucha degollada de Yellowstone. Se establecieron condiciones especiales en la licencia del proyecto para mitigar cualquier posible perturbaci\u00f3n de las poblaciones de \u00e1guilas calvas durante la construcci\u00f3n del proyecto.<\/p>\n<p><strong>PLUS-Est\u00e1ndar:<\/strong> El propietario del proyecto desarroll\u00f3 un plan de monitoreo de truchas que incluye la realizaci\u00f3n de actividades de monitoreo y la elaboraci\u00f3n de informes anuales sobre las poblaciones de truchas residentes. Se monitorea la estructura de tama\u00f1o, as\u00ed como la presencia, ausencia y distribuci\u00f3n espacial de la trucha degollada en las inmediaciones del proyecto. El propietario financia proactivamente estos estudios de investigaci\u00f3n y la elaboraci\u00f3n de informes.<\/p>\n<p>Los recursos culturales e hist\u00f3ricos en las inmediaciones del proyecto incluyen la presa y 22 sitios relacionados con el Canal de Irrigaci\u00f3n Cross Cut que son elegibles para su inclusi\u00f3n en la lista <span class='tooltipsall tooltip_post_id_5606 classtoolTips1'>Registro Nacional de Lugares Hist\u00f3ricos<\/span>Se desarroll\u00f3 un plan de gesti\u00f3n de propiedades hist\u00f3ricas para el proyecto, en consulta con la Oficina Estatal de Preservaci\u00f3n Hist\u00f3rica (SHPO). El plan establece el proceso para identificar la naturaleza y la importancia de las propiedades hist\u00f3ricas en el \u00e1rea del proyecto y proporciona directrices para el mantenimiento rutinario, las actividades operativas, las mejoras y el acceso p\u00fablico. Se presentaron informes bienales hasta que la SHPO determin\u00f3 que el proyecto no tiene impacto adverso en los recursos culturales o hist\u00f3ricos.<\/p>\n<p>Los recursos recreativos del proyecto incluyen una rampa de concreto para embarcaciones y una plataforma de pesca, construidas seg\u00fan las directrices de la Ley de Estadounidenses con Discapacidades (ADA). El acceso p\u00fablico es gratuito.<\/p>\n<hr \/>\n<h3>Estado de cumplimiento<\/h3>\n<p><strong>La certificaci\u00f3n incluye las siguientes condiciones espec\u00edficas de la instalaci\u00f3n.<\/strong><\/p>\n<ul style=\"color: black;\">\n<li><strong>Condici\u00f3n 1.<\/strong>\u00a0 El propietario de la instalaci\u00f3n deber\u00e1 cumplir con los plazos, el monitoreo y el alcance de los estudios en todos los aspectos del Plan de Monitoreo de Truchas relacionados con la restauraci\u00f3n de la trucha degollada de Yellowstone. En su declaraci\u00f3n anual de cumplimiento a LIHI, el propietario de la instalaci\u00f3n deber\u00e1 resumir el progreso de a\u00f1os anteriores con respecto al plan. Si se realizan cambios en dicho plan, se notificar\u00e1 a LIHI dentro de los 30 d\u00edas posteriores a su finalizaci\u00f3n.<\/li>\n<\/ul>\n<p><strong>2025:<\/strong> No se identificaron cambios sustanciales ni problemas de cumplimiento. El proyecto se mantiene en cumplimiento seg\u00fan la revisi\u00f3n anual. Para la Condici\u00f3n 1, el proyecto present\u00f3 su informe anual de monitoreo de truchas, indicando que el estado no realiz\u00f3 estudios en 2024.<\/p>\n<p><strong>2024:<\/strong> No se identificaron cambios sustanciales ni problemas de cumplimiento. El proyecto se mantiene en cumplimiento seg\u00fan la revisi\u00f3n anual. Para la Condici\u00f3n 1, el proyecto present\u00f3 su informe anual de monitoreo de truchas, indicando que el estado no realiz\u00f3 estudios en 2023.<\/p>\n<p><strong>2023:<\/strong> No se identificaron cambios sustanciales ni problemas de cumplimiento. El proyecto se mantiene en cumplimiento seg\u00fan la revisi\u00f3n anual. Para la Condici\u00f3n 1, el proyecto present\u00f3 su informe anual de monitoreo de truchas, indicando que el estado no realiz\u00f3 estudios en 2022.<\/p>\n<p><strong>2022<\/strong>No se identificaron cambios sustanciales ni problemas de cumplimiento. El proyecto se mantiene en cumplimiento seg\u00fan la revisi\u00f3n anual. En cuanto a la Condici\u00f3n 1, el proyecto inform\u00f3 estar a la espera de la emisi\u00f3n del informe estatal de 2021.<\/p>\n<p><strong>2021:<\/strong> No se reportaron cambios ni problemas de cumplimiento. El proyecto mantiene su cumplimiento seg\u00fan la revisi\u00f3n anual. Para la Condici\u00f3n 1, el proyecto present\u00f3 el informe de monitoreo de truchas.<\/p>\n<p><strong>2020:<\/strong> No se informaron cambios ni problemas de cumplimiento. El proyecto sigue cumpliendo con los requisitos seg\u00fan la revisi\u00f3n anual. En cuanto a la condici\u00f3n 1, el proyecto no inform\u00f3 cambios en su estado.<\/p>\n<p><strong>2019:<\/strong> No se informaron cambios ni problemas de cumplimiento. El proyecto sigue cumpliendo con los requisitos seg\u00fan la revisi\u00f3n anual. En cuanto a la condici\u00f3n 1, el proyecto no inform\u00f3 cambios en su estado.<\/p>\n<p><strong>2018:<\/strong> No se informaron cambios ni problemas de cumplimiento. El proyecto sigue cumpliendo con los requisitos seg\u00fan la revisi\u00f3n anual. En cuanto a la condici\u00f3n 1, el proyecto no inform\u00f3 cambios en su estado.<\/p>\n<p><strong>2017:<\/strong> No se reportaron cambios ni problemas de cumplimiento. El proyecto mantiene su cumplimiento seg\u00fan la revisi\u00f3n anual. Para la Condici\u00f3n 1, el proyecto present\u00f3 el informe de monitoreo de truchas.<\/p>\n<p><strong>2016:<\/strong> La presentaci\u00f3n de informes anuales para el Certificado actual a\u00fan no ha entrado en vigor.<\/p>\n<hr \/>\n<h3>Historial de certificaciones<\/h3>\n<p><strong>1 de enero de 2022:<\/strong> El plazo del Certificado LIHI se ha extendido de acuerdo con la Revisi\u00f3n 2.05 del Manual de Certificaci\u00f3n LIHI 2.\u00aa Edici\u00f3n emitido el 1 de enero de 2022. Consulte la tabla de instalaciones anterior para conocer el nuevo plazo.<\/p>\n<p><strong>20 de enero de 2017:<\/strong> La Directora Ejecutiva de LIHI, Shannon Ames, en ejercicio de la autoridad delegada por la Junta Directiva de LIHI, ha emitido una Decisi\u00f3n Preliminar de Certificaci\u00f3n que establece que el Proyecto Hidroel\u00e9ctrico de Desv\u00edo de Chester (FERC n.\u00b0 P-11879) cumple con los Criterios de Certificaci\u00f3n de LIHI. El proyecto de Desv\u00edo de Chester tambi\u00e9n cumple con un est\u00e1ndar PLUS gracias a sus esfuerzos de gesti\u00f3n de especies en peligro de extinci\u00f3n, lo que le otorga tres a\u00f1os adicionales de vigencia de la certificaci\u00f3n. Seg\u00fan lo dispuesto en la Secci\u00f3n 4.2.5 de LIHI 2<sup>Dakota del Norte<\/sup> Manual de Edici\u00f3n, la Decisi\u00f3n Preliminar de Certificaci\u00f3n, junto con el informe del Revisor de la Solicitud y (si se prepar\u00f3) el informe del Director Ejecutivo, se publicar\u00e1n en la p\u00e1gina web del Instituto durante 30 d\u00edas. Se notificar\u00e1 la publicaci\u00f3n a todas las personas u organizaciones que comentaron sobre la Solicitud inicial. Cualquier persona que haya comentado puede presentar una carta al Director Ejecutivo solicitando una apelaci\u00f3n dentro del plazo de 30 d\u00edas. La solicitud de apelaci\u00f3n debe indicar las razones espec\u00edficas por las que la central hidroel\u00e9ctrica no cumpli\u00f3 con uno o m\u00e1s criterios. Solo las personas u organizaciones que comentaron sobre la Solicitud inicial pueden presentar una apelaci\u00f3n. Si no se presenta una apelaci\u00f3n dentro del plazo de 30 d\u00edas, el Director Ejecutivo emitir\u00e1 la Certificaci\u00f3n LIHI para la central y publicar\u00e1 una notificaci\u00f3n de certificaci\u00f3n en el sitio web del Instituto. Una vez finalizada, la fecha de entrada en vigor de la certificaci\u00f3n para el Proyecto de Desv\u00edo de Chester es el 17 de octubre de 2016 por un per\u00edodo de ocho (8) a\u00f1os, que vencer\u00e1 el 17 de octubre de 2024.<\/p>\n<p><strong>20 de octubre de 2016:<\/strong> El 17 de octubre de 2016, el Instituto de Energ\u00eda Hidroel\u00e9ctrica de Bajo Impacto (LIHI) recibi\u00f3 una solicitud completa de la Cooperativa El\u00e9ctrica Rural de Fall River (Fall River) para la Certificaci\u00f3n de Bajo Impacto del proyecto hidroel\u00e9ctrico Chester Diversion (FERC n.\u00b0 11879), ubicado en la bifurcaci\u00f3n Henry&#039;s del r\u00edo Snake, en el condado de Fremont, Idaho. LIHI solicita comentarios del p\u00fablico sobre esta solicitud. En concreto, nos interesa saber si considera que el proyecto Chester Diversion cumple con los Criterios de Certificaci\u00f3n de Bajo Impacto de LIHI. La solicitud para Chester Diversion est\u00e1 sujeta a revisi\u00f3n seg\u00fan los criterios del Manual de Certificaci\u00f3n, 2.\u00aa edici\u00f3n, de marzo de 2016. Consulte el programa y los criterios en el Manual de Certificaci\u00f3n de LIHI de 2016.\u00a0<a href=\"https:\/\/lowimpacthydro.org\/wp-content\/uploads\/2020\/07\/2nd-edition-handbook-20160307-FINAL-CLEAN.pdf\" target=\"_blank\" rel=\"noopener noreferrer\">Manual<\/a> y luego revise los materiales de solicitud del Proyecto para 2016, publicados en la p\u00e1gina del proyecto. Los comentarios directamente relacionados con criterios espec\u00edficos del LIHI (caudales, calidad del agua, paso de peces, etc.) ser\u00e1n de gran ayuda, pero todos los comentarios ser\u00e1n considerados. Los comentarios pueden enviarse al Instituto por correo electr\u00f3nico a\u00a0<a href=\"mailto:comments@lowimpacthydro.org\">comments@lowimpacthydro.org<\/a>\u00a0con \u201cComentarios sobre el Proyecto de Desv\u00edo de Chester\u201d en el asunto, o por correo dirigido al Low Impact Hydropower Institute, PO Box 194, Harrington Park, Nueva Jersey 07640. El per\u00edodo de comentarios p\u00fablicos de 60 d\u00edas comienza el 20 de octubre de 2016. \u00a0<strong>Los comentarios deben recibirse en el Instituto antes de las 5 p. m., hora del Este, el 19 de diciembre de 2016.<\/strong>\u00a0Se considerar\u00e1n todos los comentarios. Se publicar\u00e1n en el sitio web y el solicitante tendr\u00e1 la oportunidad de responder. Tambi\u00e9n se publicar\u00e1n todas las respuestas.<\/p>\n<hr \/>\n<h3>Archivos de certificaci\u00f3n<\/h3>\n<h4>Certificaci\u00f3n 2017<\/h4>\n<ul style=\"color: black;\">\n<li><a href=\"https:\/\/lowimpacthydro.org\/wp-content\/uploads\/2020\/07\/20170115-FL-Chester-Diversion-Reviewers-Report.pdf\">Informe de revisi\u00f3n de la certificaci\u00f3n de desv\u00edo de Chester 2017<\/a><\/li>\n<li><a href=\"https:\/\/lowimpacthydro.org\/wp-content\/uploads\/2020\/07\/Chester-Diversion-2016-Application-Part-1.pdf\">Solicitud de Desv\u00edo de Chester \u2013 Parte 1 2016<\/a><\/li>\n<\/ul>\n<hr \/>\n<h3>Documentos clave<\/h3>\n<ul>\n<li><a href=\"https:\/\/lowimpacthydro.org\/wp-content\/uploads\/2020\/12\/2008-Chester-Diversion-FERC-License.pdf\">Licencia FERC de Chester Diversion 2008<\/a><\/li>\n<li><a href=\"https:\/\/lowimpacthydro.org\/wp-content\/uploads\/2020\/12\/2008Chester-Diversion-FERC-EA.pdf\">Evaluaci\u00f3n ambiental de la FERC sobre el desv\u00edo de Chester de 2008<\/a><\/li>\n<li><a href=\"https:\/\/lowimpacthydro.org\/wp-content\/uploads\/2020\/12\/2007-Chester-Diversion-Settlement-Agreement.pdf\">Acuerdo de conciliaci\u00f3n de desv\u00edo de Chester de 2007<\/a><\/li>\n<li><a href=\"https:\/\/lowimpacthydro.org\/wp-content\/uploads\/2020\/12\/2007-Chester-Diversion-MOU.pdf\">Memorando de Entendimiento sobre el Desv\u00edo de Chester de 2007<\/a><\/li>\n<li><a href=\"https:\/\/lowimpacthydro.org\/wp-content\/uploads\/2020\/12\/2005-Chester-Diversion-WQC.pdf\">Certificado de calidad del agua de desviaci\u00f3n de Chester 2005<\/a><\/li>\n<\/ul>","protected":false},"excerpt":{"rendered":"<p>Project Name Chester Diversion LIHI Certificate No. 131 LIHI Certificate Term October 17, 2016 &#8211; October 17, 2029 Owner Fall River Rural Electric Cooperative State Idaho<span class=\"excerpt-hellip\"> [\u2026]<\/span><\/p>\n","protected":false},"author":3,"featured_media":-1,"parent":0,"menu_order":0,"comment_status":"closed","ping_status":"closed","template":"","meta":{"_coblocks_attr":"","_coblocks_dimensions":"","_coblocks_responsive_height":"","_coblocks_accordion_ie_support":"","om_disable_all_campaigns":false,"_monsterinsights_skip_tracking":false,"_monsterinsights_sitenote_active":false,"_monsterinsights_sitenote_note":"","_monsterinsights_sitenote_category":0,"footnotes":""},"class_list":["post-851","page","type-page","status-publish","has-post-thumbnail","hentry"],"aioseo_notices":[],"_links":{"self":[{"href":"https:\/\/lowimpacthydro.org\/es\/wp-json\/wp\/v2\/pages\/851","targetHints":{"allow":["GET"]}}],"collection":[{"href":"https:\/\/lowimpacthydro.org\/es\/wp-json\/wp\/v2\/pages"}],"about":[{"href":"https:\/\/lowimpacthydro.org\/es\/wp-json\/wp\/v2\/types\/page"}],"author":[{"embeddable":true,"href":"https:\/\/lowimpacthydro.org\/es\/wp-json\/wp\/v2\/users\/3"}],"replies":[{"embeddable":true,"href":"https:\/\/lowimpacthydro.org\/es\/wp-json\/wp\/v2\/comments?post=851"}],"version-history":[{"count":10,"href":"https:\/\/lowimpacthydro.org\/es\/wp-json\/wp\/v2\/pages\/851\/revisions"}],"predecessor-version":[{"id":10107,"href":"https:\/\/lowimpacthydro.org\/es\/wp-json\/wp\/v2\/pages\/851\/revisions\/10107"}],"wp:featuredmedia":[{"embeddable":true,"href":"https:\/\/lowimpacthydro.org\/es\/wp-json\/"}],"wp:attachment":[{"href":"https:\/\/lowimpacthydro.org\/es\/wp-json\/wp\/v2\/media?parent=851"}],"curies":[{"name":"gracias","href":"https:\/\/api.w.org\/{rel}","templated":true}]}}