{"id":774,"date":"2020-07-17T14:26:53","date_gmt":"2020-07-17T18:26:53","guid":{"rendered":"https:\/\/lowimpacthydro.org\/new\/?page_id=774"},"modified":"2025-10-02T11:41:07","modified_gmt":"2025-10-02T15:41:07","slug":"lihi-certificate-139-gambo-hydroelectric-project-maine","status":"publish","type":"page","link":"https:\/\/lowimpacthydro.org\/es\/lihi-certificate-139-gambo-hydroelectric-project-maine\/","title":{"rendered":"Certificado LIHI n.\u00ba 139 \u2013 Proyecto hidroel\u00e9ctrico Gambo \u2013 R\u00edo Presumpscot, Maine"},"content":{"rendered":"<table class=\"alignright\" style=\"width: 351px; border: 2px; cellspacing: 2px; cellpadding: 2px; margin-left: 50px;\">\n<tbody>\n<tr>\n<td width=\"238\"><strong>Nombre del proyecto<\/strong><\/td>\n<td width=\"282\">Gambo<\/td>\n<\/tr>\n<tr>\n<td width=\"238\"><strong>Certificado LIHI No.<\/strong><\/td>\n<td width=\"282\">139<\/td>\n<\/tr>\n<tr>\n<td width=\"238\"><strong>Plazo del certificado LIHI<\/strong><\/td>\n<td width=\"282\">5 de septiembre de 2017 \u2013 4 de septiembre de 2027<\/td>\n<\/tr>\n<tr>\n<td width=\"238\"><strong>Due\u00f1o<\/strong><\/td>\n<td width=\"282\">Presumpscot Hydro LLC, una subsidiaria de Relevate Power LLC<\/td>\n<\/tr>\n<tr>\n<td width=\"238\"><strong>Estado<\/strong><\/td>\n<td width=\"282\">Maine<\/td>\n<\/tr>\n<tr>\n<td width=\"238\"><strong>Ubicaci\u00f3n<\/strong><\/td>\n<td width=\"282\">Windham y Gorham, condados de Cumberland<br \/>\nMilla fluvial 18,6<br \/>\n<span style=\"font-family: inherit; font-size: inherit;\">R\u00edo Presumpscot<\/span><\/td>\n<\/tr>\n<tr>\n<td width=\"238\"><strong>Capacidad instalada<\/strong><\/td>\n<td width=\"282\">1,9 MW<\/td>\n<\/tr>\n<tr>\n<td width=\"238\"><strong>Generaci\u00f3n media anual<\/strong><\/td>\n<td width=\"282\">7.000 MWH<\/td>\n<\/tr>\n<tr>\n<td width=\"238\"><strong>Tipo de instalaci\u00f3n<\/strong><\/td>\n<td width=\"282\"><span class='tooltipsall tooltip_post_id_5643 classtoolTips52'>de pasada<\/span><\/td>\n<\/tr>\n<tr>\n<td width=\"238\"><strong><span class='tooltipsall tooltip_post_id_5565 classtoolTips152'>Comisi\u00f3n Federal de Comercio<\/span> No.<\/strong><\/td>\n<td width=\"282\">P-2931 emitido en 2003, vence el 30\/09\/2053<\/td>\n<\/tr>\n<\/tbody>\n<\/table>\n<p>El Proyecto Gambo se ubica en el r\u00edo Presumpscot, en el condado de Cumberland, Maine. El proyecto se ha utilizado casi continuamente para la generaci\u00f3n hidroel\u00e9ctrica desde su construcci\u00f3n original (c. 1850). El sitio fue desarrollado originalmente como un aserradero en el siglo XVIII por Jonathan Lovett y posteriormente form\u00f3 parte de la f\u00e1brica de p\u00f3lvora Oriental hasta c. 1904. El actual... <span class='tooltipsall tooltip_post_id_5545 classtoolTips158'>presa<\/span> fue construido en 1912 por EI duPont de Nemours Company, que utiliz\u00f3 el sitio para fabricar harina de madera para dinamita hasta 1950. Entre 1950 y 1960, el sitio fue propiedad de la ciudad de Windham, la Administraci\u00f3n de Peque\u00f1as Empresas de EE. UU. y Commercial Chemical Corp, pero no se sab\u00eda que se hubiera utilizado. En 1960, el Sr. Lawrence Keddy comenz\u00f3 a usar el sitio para proporcionar energ\u00eda a su f\u00e1brica de acero de Little Falls. Tambi\u00e9n vendi\u00f3 parte de la energ\u00eda a Central Maine Power Company. SD Warren (posteriormente renombrada Sappi North America, Inc.) compr\u00f3 el Proyecto Gambo a Commercial Chemical Corporation el 18 de octubre de 1974 y la propiedad de John Phinney en el lado de Gorham del r\u00edo en 1978. El proyecto fue posteriormente revendido. En el r\u00edo Presumpscot hay seis instalaciones hidroel\u00e9ctricas entre el lago Sebago y el oc\u00e9ano Atl\u00e1ntico en Portland, Maine. El proyecto Gambo es el cuarto proyecto hidroel\u00e9ctrico aguas abajo de la salida del lago Sebago. Los proyectos upstream incluyen Eel Weir, <a href=\"https:\/\/lowimpacthydro.org\/es\/lihi-certificate-129-north-gorham-project-maine\/\">Gorham del Norte (LIHI #129)<\/a>y Dundee. Los proyectos aguas abajo incluyen <a href=\"https:\/\/lowimpacthydro.org\/es\/lihi-certificate-140-little-falls-hydroelectric-project-maine\/\">Peque\u00f1as Cataratas (LIHI #140)<\/a> y <a href=\"https:\/\/lowimpacthydro.org\/es\/lihi-certificate-141-mallison-falls-hydroelectric-project-maine\/\">Cataratas Mallison (#141)<\/a>.<\/p>\n<p>El proyecto incluye la presa, <span class='tooltipsall tooltip_post_id_5651 classtoolTips116'>aliviadero<\/span>, <span class='tooltipsall tooltip_post_id_5537 classtoolTips143'>canal<\/span> consumo, <span class='tooltipsall tooltip_post_id_5624 classtoolTips102'>central el\u00e9ctrica<\/span>Dos turbinas, un tramo de derivaci\u00f3n e instalaciones de paso aguas arriba. La presa es una estructura de hormig\u00f3n armado de 91 metros de largo y 7,3 metros de alto, que consta de una secci\u00f3n de aliviadero de 76 metros de largo. Estructura de madera de 36 cent\u00edmetros de alto. <span class='tooltipsall tooltip_post_id_5569 classtoolTips79'>tableros de flash<\/span> Existen en la secci\u00f3n del aliviadero de la presa. La estructura de toma del canal tiene 15 metros de largo y conduce a una compuerta y a un canal de entrada revestido de hormig\u00f3n de 223 metros de largo y 4,5 metros de profundidad. La central el\u00e9ctrica es una estructura de hormig\u00f3n y ladrillo que contiene dos tramos verticales. <span class='tooltipsall tooltip_post_id_5576 classtoolTips39'>Turbinas Francis<\/span> Conexi\u00f3n directa a generadores con una capacidad instalada total de 1,9 MW. El tramo de derivaci\u00f3n del proyecto tiene 91 metros de longitud y fluye libremente entre la presa y las aguas de descarga de la central el\u00e9ctrica. Una l\u00ednea de transmisi\u00f3n de 11 kV y 12,8 km de longitud conecta el proyecto a la red el\u00e9ctrica.<\/p>\n<p>El proyecto opera con agua de pasada y embalsa un embalse de 151 acres. El proyecto proporciona un caudal m\u00ednimo de 66 pies c\u00fabicos por segundo (cfs). Se requieren 100 cfs cuando la temperatura del agua supera los 22 \u00b0C antes de las 8:00 a. m. en el embalse de Gambo para cumplir y mantener los criterios de ox\u00edgeno disuelto de Clase B. <span class='tooltipsall tooltip_post_id_5588 classtoolTips83'>Embargo<\/span> Las fluctuaciones se limitan a 30 cm desde la cresta de la presa y se monitorean mediante sensores de presi\u00f3n. El r\u00e9gimen de caudal se desarroll\u00f3 de acuerdo con las normas del Departamento de Protecci\u00f3n Ambiental de Maine (MEDEP) y el Departamento de Recursos Marinos de Maine (MDMR) para la protecci\u00f3n de la pesca y la idoneidad del h\u00e1bitat ribere\u00f1o.<\/p>\n<p>Las aguas dentro del alcance del proyecto se clasifican como Clase B y han estado hist\u00f3ricamente deterioradas por bajos niveles de ox\u00edgeno disuelto. El monitoreo realizado por MEDEP ha confirmado que el aumento de los caudales m\u00ednimos proporcionados por el proyecto ha permitido el cumplimiento total del est\u00e1ndar de ox\u00edgeno disuelto.<\/p>\n<p>Las represas aguas abajo evitan <span class='tooltipsall tooltip_post_id_5518 classtoolTips36'>pez an\u00e1dromo<\/span> Pasaje en el proyecto. Con la enmienda de la licencia de la FERC de 2019 que incorpora una certificaci\u00f3n de calidad del agua modificada y t\u00e9rminos revisados del USFWS, an\u00e1dromos <span class='tooltipsall tooltip_post_id_5566 classtoolTips59'>paso de peces<\/span> Ya no es necesario durante la vigencia de la licencia de la FERC. Las instalaciones para el paso de anguilas se instalaron en 2007 y se han modernizado para facilitar el acceso de la anguila americana. Del 1 de septiembre al 31 de octubre, el proyecto suspende sus operaciones durante 8 horas a partir del atardecer. Esto facilita la migraci\u00f3n de la anguila americana r\u00edo abajo. Las interrupciones se coordinan con el MDMR y el Servicio de Pesca y Vida Silvestre de EE. UU. para determinar el momento m\u00e1s efectivo. Los flujos pasan por el aliviadero y garantizan una migraci\u00f3n segura hacia el tramo de derivaci\u00f3n.<\/p>\n<p>La propiedad del proyecto consta de 25 acres, sin incluir el embalse. Se desarroll\u00f3 un plan de gesti\u00f3n costera para mantener una zona de amortiguamiento que proteja especies vegetales sensibles, recursos est\u00e9ticos y acceso recreativo. El Plan de Gesti\u00f3n de la Costa (SMP) se desarroll\u00f3 en consulta con el Servicio de Parques Nacionales, la Oficina de Planificaci\u00f3n Estatal de Maine, el MDIFW y el Proyecto del Estuario de la Bah\u00eda de Casco. La zona de amortiguamiento abarca todos los terrenos del proyecto dentro de los 200 pies de la elevaci\u00f3n normal de pleamar.<\/p>\n<p>Las especies amenazadas y en peligro de extinci\u00f3n que podr\u00edan estar en las inmediaciones del proyecto incluyen: murci\u00e9lago orejudo del norte, murci\u00e9lago de patas peque\u00f1as del este, murci\u00e9lago caf\u00e9 peque\u00f1o, tortuga de arroyo, avetoro com\u00fan, zarapito real, tortuga de caja del este y tortuga moteada. Las actividades que podr\u00edan afectar a las especies incluidas en la lista incluyen: eliminaci\u00f3n de \u00e1rboles grandes que puedan proporcionar h\u00e1bitat de descanso para los murci\u00e9lagos; exposici\u00f3n\/deshidrataci\u00f3n del mejill\u00f3n de arroyo durante vaciados significativos y prolongados del embalse, p\u00e9rdida o fragmentaci\u00f3n del h\u00e1bitat debido al desarrollo del avetoro com\u00fan, el zarapito real y la tortuga moteada, captura directa de tortugas de caja para mascotas. El propietario del proyecto expres\u00f3 que ninguna de estas actividades est\u00e1 prevista en el proyecto.<\/p>\n<p>Los recursos culturales en las inmediaciones del proyecto incluyen Cumberland y Oxford <span class='tooltipsall tooltip_post_id_5537 classtoolTips143'>Canal<\/span>, el Complejo Oriental Powder Mill y el Puente Gambo Pony Truss. El propietario del proyecto presenta informes anuales a la Oficina Estatal de Preservaci\u00f3n Hist\u00f3rica y a la Naci\u00f3n Ind\u00edgena Penobscot, detallando las actividades realizadas conforme a su plan de gesti\u00f3n de propiedades hist\u00f3ricas.<\/p>\n<p>Los recursos recreativos del proyecto incluyen un sendero para transportar canoas, un punto de acceso para pescadores a pie y una rampa para botes en la parte superior de un autom\u00f3vil.<\/p>\n<hr \/>\n<h3>Estado de cumplimiento<\/h3>\n<p><strong>El Certificado incluye las siguientes condiciones espec\u00edficas de la instalaci\u00f3n:<\/strong><\/p>\n<p><strong><em>Condici\u00f3n parcialmente satisfecha en 2022 con finalizaci\u00f3n de modificaciones.<\/em>. Condici\u00f3n 1: <\/strong>El Propietario notificar\u00e1 a LIHI cuando se completen las modificaciones al Proyecto para mejorar el paso de anguilas r\u00edo arriba y presentar\u00e1 copias de los comentarios del MDMR y del USFWS sobre si estas modificaciones son suficientes o si se requieren pruebas de eficacia adicionales para confirmar que las anguilas pasan r\u00edo arriba de forma segura en el Proyecto. Si se requieren pruebas adicionales, tambi\u00e9n se proporcionar\u00e1 a LIHI el cronograma y los resultados finales, junto con los comentarios de la agencia sobre el informe, las recomendaciones de la agencia para las modificaciones, y los planes y el cronograma de las modificaciones necesarias.<\/p>\n<p><strong>Condici\u00f3n 2. <\/strong> El Propietario deber\u00e1 actualizar a LIHI sobre las siguientes actividades en la declaraci\u00f3n anual de cumplimiento de LIHI:<\/p>\n<p style=\"padding-left: 40px;\"><strong>a)<\/strong> El estado de la condici\u00f3n 1 anterior.<\/p>\n<p style=\"padding-left: 40px;\"><strong>b)<\/strong> <em><strong>Satisfecho en 2019 con la enmienda de la FERC.<\/strong><\/em> El estado de las actividades de paso de peces an\u00e1dromos aguas arriba y aguas abajo en el Proyecto y en el Proyecto Saccarappa. Las actualizaciones deben incluir res\u00famenes de las consultas con las agencias y las partes interesadas, as\u00ed como las recomendaciones realizadas, cualquier cambio en los planes de paso de peces con respecto a los descritos en la solicitud de LIHI, y cualquier cambio en los requisitos de paso o en el calendario de implementaci\u00f3n en ambos Proyectos. LIHI se reserva el derecho de suspender su certificaci\u00f3n si las agencias no determinan que se est\u00e1 proporcionando un paso seguro en el Proyecto y que no se han eximido dichas necesidades.<\/p>\n<p style=\"padding-left: 40px;\"><strong>do)<\/strong> Un resumen de cualquier consulta con MIF&amp;W y\/o USFWS relacionada con especies incluidas en la lista estatal o federal identificadas como posiblemente presentes en el sitio y que podr\u00edan verse afectadas por actividades de construcci\u00f3n u operaciones no rutinarias o actividades de mantenimiento. Esto tambi\u00e9n incluir\u00eda las reducciones de los niveles de los embalses que expondr\u00edan una parte importante del fondo del r\u00edo, entre otras actividades no rutinarias. Tambi\u00e9n se proporcionar\u00e1 un resumen de las actividades desencadenantes relevantes y las medidas implementadas durante el a\u00f1o para proteger dichas especies.<\/p>\n<p><strong>2025: <\/strong>No se identificaron cambios sustanciales ni problemas de cumplimiento. El proyecto se mantiene en cumplimiento seg\u00fan la revisi\u00f3n anual. Para las Condiciones 1 y 2a, el proyecto present\u00f3 los informes requeridos y un plan de estudio del paso de anguilas aguas abajo para 2025. Para la Condici\u00f3n 2c, el proyecto inform\u00f3 que se hab\u00eda iniciado el desv\u00edo de la l\u00ednea de transmisi\u00f3n. Se realizaron estudios antes de la construcci\u00f3n para garantizar la ausencia de murci\u00e9lagos orejudos del norte ni pogonias verticiladas.<\/p>\n<p><strong>2024: <\/strong>No se identificaron cambios sustanciales ni problemas de cumplimiento. El proyecto se mantiene en cumplimiento seg\u00fan la revisi\u00f3n anual. Para las Condiciones 1, 2a y 2b, el proyecto present\u00f3 a la FERC el informe de 2023 sobre el paso de anguilas aguas arriba, incluyendo los comentarios y respuestas de la agencia. Para la Condici\u00f3n 2c, el proyecto no report\u00f3 actividad.<\/p>\n<p><strong>2023: <\/strong>No se identificaron cambios sustanciales ni problemas de cumplimiento. El proyecto se mantiene en cumplimiento seg\u00fan la revisi\u00f3n anual. Para las Condiciones 1, 2a y 2b, el proyecto inform\u00f3 la finalizaci\u00f3n de las pruebas de efectividad del paso de anguilas en 2023. Para la Condici\u00f3n 2c, el proyecto no report\u00f3 actividad.<\/p>\n<p><strong>2022: <\/strong>No se identificaron cambios sustanciales ni problemas de cumplimiento. El proyecto se mantiene en cumplimiento seg\u00fan la revisi\u00f3n anual. Para las Condiciones 1, 2a y 2b, el proyecto inform\u00f3 que se completaron las modificaciones del paso de anguilas y que la consulta con la agencia sobre pruebas adicionales se completar\u00e1 en 2022. Para la Condici\u00f3n 2c, el proyecto no report\u00f3 actividad.<\/p>\n<p><strong>2021:<\/strong> No se reportaron cambios ni problemas de cumplimiento. El proyecto se mantiene en cumplimiento seg\u00fan la revisi\u00f3n anual. Para las Condiciones 1, 2a y 2b, el proyecto inform\u00f3 que se estaban realizando modificaciones en el paso de anguilas aguas arriba y que la agencia hab\u00eda aprobado realizar pruebas de eficacia en 2023. Para la Condici\u00f3n 2c, el proyecto no report\u00f3 actividad.<\/p>\n<p><strong>2020:<\/strong> No se reportaron cambios ni problemas de cumplimiento. El proyecto se mantiene en cumplimiento seg\u00fan la revisi\u00f3n anual. Para las Condiciones 1, 2a y 2b, el proyecto no report\u00f3 cambios en su estado, previendo la finalizaci\u00f3n de las modificaciones en 2021. Para la Condici\u00f3n 2c, el proyecto no report\u00f3 actividad.<\/p>\n<p><strong>2019:<\/strong> No se reportaron cambios ni problemas de cumplimiento. El proyecto se mantiene en cumplimiento seg\u00fan la revisi\u00f3n anual. Para las Condiciones 1 y 2a, el proyecto no report\u00f3 cambios en su estado debido a altos caudales. Para la Condici\u00f3n 2b, el proyecto inform\u00f3 que se hab\u00eda iniciado la remoci\u00f3n de la presa de Saccarappa y que la enmienda a la licencia de la FERC, que incorpora una certificaci\u00f3n de calidad del agua modificada y las condiciones revisadas del USFWS, ya no requiere el paso de peces an\u00e1dromos durante la vigencia actual de la licencia de la FERC. Para la Condici\u00f3n 2c, el proyecto no report\u00f3 actividad.<\/p>\n<p><strong>2018:<\/strong> No se reportaron cambios ni problemas de cumplimiento. El proyecto se mantiene en cumplimiento seg\u00fan la revisi\u00f3n anual. Para las Condiciones 1 y 2a, el proyecto no report\u00f3 cambios de estatus. Para la Condici\u00f3n 2b, el proyecto report\u00f3 la presentaci\u00f3n ante la FERC de la solicitud de renuncia a la licencia del proyecto Saccarapa. Para la Condici\u00f3n 2c, el proyecto no report\u00f3 cambios de estatus.<\/p>\n<hr \/>\n<h3>Historial de certificaciones<\/h3>\n<p><strong>1 de enero de 2022:<\/strong> El plazo del Certificado LIHI se ha extendido de acuerdo con la Revisi\u00f3n 2.05 del Manual de Certificaci\u00f3n LIHI 2.\u00aa Edici\u00f3n emitido el 1 de enero de 2022. Consulte la tabla de instalaciones anterior para conocer el nuevo plazo.<\/p>\n<p><strong>5 de marzo de 2018<\/strong> El plazo de apelaci\u00f3n de 30 d\u00edas para la decisi\u00f3n preliminar de certificaci\u00f3n del Proyecto Hidroel\u00e9ctrico Gambo finaliz\u00f3 el 1 de marzo de 2018 sin que se presentaran apelaciones. Por lo tanto, la decisi\u00f3n es definitiva y Dundee cuenta con el Certificado LIHI #138. El plazo del Certificado ser\u00e1 del 5 de septiembre de 2017 al 4 de septiembre de 2022.<\/p>\n<p><strong>30 de enero de 2018<\/strong> El 24 de enero de 2018, el Instituto de Energ\u00eda Hidroel\u00e9ctrica de Bajo Impacto (LIHI) aprob\u00f3 preliminarmente la Certificaci\u00f3n de Bajo Impacto para el proyecto Gambo. Esta decisi\u00f3n es preliminar, a la espera del plazo de apelaci\u00f3n de 30 d\u00edas. Solo quienes presentaron comentarios durante el plazo de 60 d\u00edas para la solicitud inicial pueden presentar una apelaci\u00f3n. Dicha apelaci\u00f3n debe incluir una explicaci\u00f3n de por qu\u00e9 el proyecto no cumple con los criterios del LIHI. Las solicitudes de apelaci\u00f3n pueden presentarse a\u00a0<a href=\"mailto:comments@lowimpacthydro.org\">comments@lowimpacthydro.org<\/a>.\u00a0<strong>Las solicitudes deben recibirse antes de las 5:00 p. m., hora del Este, el 1 de marzo de 2018.<\/strong><\/p>\n<p><strong>7 de septiembre de 2017 \u2013<\/strong>\u00a0El 7 de septiembre de 2017, el Low Impact Hydropower Institute (LIHI) recibi\u00f3 una solicitud completa de SD Warren Company d\/b\/a Sappi North America para la Certificaci\u00f3n de Bajo Impacto del Proyecto Hidroel\u00e9ctrico Gambo, FERC No. P-2931, ubicado en el r\u00edo Presumpscot en Maine.<\/p>\n<p>LIHI solicita comentarios sobre la solicitud de certificaci\u00f3n de Gambo. Los comentarios directamente relacionados con criterios espec\u00edficos de LIHI (caudales, calidad del agua, paso de peces, etc.) ser\u00e1n de gran ayuda, pero todos los comentarios ser\u00e1n considerados. Los comentarios pueden enviarse al Instituto por correo electr\u00f3nico a\u00a0<a href=\"mailto:comments@lowimpacthydro.org\">comments@lowimpacthydro.org<\/a>\u00a0con \u201cComentarios del Proyecto Gambo\u201d en la l\u00ednea de asunto, o por correo dirigido al Low Impact Hydropower Institute, 329 Massachusetts Avenue, Suite 2, Lexington, MA 02420.\u00a0\u00a0<strong>Los comentarios deben recibirse en el Instituto antes de las 5:00 p. m., hora del Este, el 7 de noviembre de 2017.<\/strong>\u00a0Se considerar\u00e1n todos los comentarios. Se publicar\u00e1n en el sitio web y el solicitante tendr\u00e1 la oportunidad de responder. Tambi\u00e9n se publicar\u00e1n todas las respuestas.<\/p>\n<hr \/>\n<h3>Archivos de certificaci\u00f3n<\/h3>\n<h4>Certificaci\u00f3n 2017<\/h4>\n<ul style=\"color: black;\">\n<li><a href=\"https:\/\/lowimpacthydro.org\/wp-content\/uploads\/2025\/03\/1-Gambo-certification-report-with-Appendices.pdf\">Informe de revisi\u00f3n de la certificaci\u00f3n Gambo 2017<\/a><\/li>\n<li><a href=\"https:\/\/lowimpacthydro.org\/wp-content\/uploads\/2020\/07\/20170901-P-2931_Gambo-LIHI-Application_Filing-Copy.pdf\">Solicitud de Certificaci\u00f3n Gambo 2017<\/a><\/li>\n<li><a href=\"https:\/\/lowimpacthydro.org\/wp-content\/uploads\/2020\/07\/CLF-FOPR-Comments-to-LIHI-10-31-17_SAPPI-PROJECTS-MAINE.pdf\">Carta de comentarios de la Fundaci\u00f3n para el Derecho de la Conservaci\u00f3n y los Amigos del r\u00edo Presumpscot: Proyectos Sappi Maine 2017<\/a><\/li>\n<li><a href=\"https:\/\/lowimpacthydro.org\/wp-content\/uploads\/2020\/07\/20171117_Sappi-response-CLF-Comments_Sappi-LIHI-application.pdf\">Respuesta de Sappi a la carta de comentarios de la Fundaci\u00f3n para el Derecho de la Conservaci\u00f3n y los Amigos del r\u00edo Presumpscot<\/a><\/li>\n<\/ul>\n<hr \/>\n<h3>Documentos clave<\/h3>\n<ul>\n<li><a href=\"https:\/\/lowimpacthydro.org\/wp-content\/uploads\/2023\/09\/2019-FERC-amendment-Dundee-Gambo-Little-Falls-Mallison-Falls.pdf\">Enmienda de la licencia FERC de 2019 para proyectos Presumpscot<\/a><\/li>\n<li><a href=\"https:\/\/lowimpacthydro.org\/wp-content\/uploads\/2020\/12\/2017-Presumpscot-Projects-FERC-Amendment-and-Amended-WQC.pdf\">Enmienda de la licencia FERC y certificado de calidad del agua enmendado de 2017 para proyectos Presumpscot<\/a><\/li>\n<li><a href=\"https:\/\/lowimpacthydro.org\/wp-content\/uploads\/2020\/12\/2016-Presumpscot-Projects-FERC-Amendment-and-Amended-WQC.pdf\">Enmienda de la licencia FERC y certificado de calidad del agua enmendado de 2016 para proyectos Presumpscot<\/a><\/li>\n<li><a href=\"https:\/\/lowimpacthydro.org\/wp-content\/uploads\/2020\/12\/2016-Settlement-Agreement-on-multiple-projects-fishways.pdf\">Acuerdo de conciliaci\u00f3n de los proyectos Presumpscot de 2016<\/a><\/li>\n<li><a href=\"https:\/\/lowimpacthydro.org\/wp-content\/uploads\/2020\/12\/2003-Gambo-FERC-License-and-WQC.pdf\">Licencia FERC de Gambo y certificado de calidad del agua 2003<\/a><\/li>\n<li><a href=\"https:\/\/lowimpacthydro.org\/wp-content\/uploads\/2020\/12\/2002-Presumpscot-Projects-FERC-EIS-Part-1.pdf\">Proyectos Presumpscot Declaraci\u00f3n de impacto ambiental de la FERC 2002 Parte 1<\/a><\/li>\n<li><a href=\"https:\/\/lowimpacthydro.org\/wp-content\/uploads\/2020\/12\/2002-Presumpscot-Projects-FERC-EIS-Part-2.pdf\">Proyectos Presumpscot Declaraci\u00f3n de impacto ambiental de la FERC 2002 Parte 2<\/a><\/li>\n<\/ul>","protected":false},"excerpt":{"rendered":"<p>Project Name Gambo LIHI Certificate No. 139 LIHI Certificate Term September 5, 2017 &#8211; September 4, 2027 Owner Presumpscot Hydro LLC, a subsidiary of Relevate Power<span class=\"excerpt-hellip\"> [\u2026]<\/span><\/p>\n","protected":false},"author":3,"featured_media":-1,"parent":0,"menu_order":0,"comment_status":"closed","ping_status":"closed","template":"","meta":{"_coblocks_attr":"","_coblocks_dimensions":"","_coblocks_responsive_height":"","_coblocks_accordion_ie_support":"","om_disable_all_campaigns":false,"_monsterinsights_skip_tracking":false,"_monsterinsights_sitenote_active":false,"_monsterinsights_sitenote_note":"","_monsterinsights_sitenote_category":0,"footnotes":""},"class_list":["post-774","page","type-page","status-publish","has-post-thumbnail","hentry"],"aioseo_notices":[],"_links":{"self":[{"href":"https:\/\/lowimpacthydro.org\/es\/wp-json\/wp\/v2\/pages\/774","targetHints":{"allow":["GET"]}}],"collection":[{"href":"https:\/\/lowimpacthydro.org\/es\/wp-json\/wp\/v2\/pages"}],"about":[{"href":"https:\/\/lowimpacthydro.org\/es\/wp-json\/wp\/v2\/types\/page"}],"author":[{"embeddable":true,"href":"https:\/\/lowimpacthydro.org\/es\/wp-json\/wp\/v2\/users\/3"}],"replies":[{"embeddable":true,"href":"https:\/\/lowimpacthydro.org\/es\/wp-json\/wp\/v2\/comments?post=774"}],"version-history":[{"count":18,"href":"https:\/\/lowimpacthydro.org\/es\/wp-json\/wp\/v2\/pages\/774\/revisions"}],"predecessor-version":[{"id":10121,"href":"https:\/\/lowimpacthydro.org\/es\/wp-json\/wp\/v2\/pages\/774\/revisions\/10121"}],"wp:featuredmedia":[{"embeddable":true,"href":"https:\/\/lowimpacthydro.org\/es\/wp-json\/"}],"wp:attachment":[{"href":"https:\/\/lowimpacthydro.org\/es\/wp-json\/wp\/v2\/media?parent=774"}],"curies":[{"name":"gracias","href":"https:\/\/api.w.org\/{rel}","templated":true}]}}