{"id":7654,"date":"2023-06-06T09:35:32","date_gmt":"2023-06-06T13:35:32","guid":{"rendered":"https:\/\/lowimpacthydro.org\/?page_id=7654"},"modified":"2026-02-26T11:34:18","modified_gmt":"2026-02-26T16:34:18","slug":"hailesboro-no-4-project-new-york","status":"publish","type":"page","link":"https:\/\/lowimpacthydro.org\/es\/hailesboro-no-4-project-new-york\/","title":{"rendered":"Certificado LIHI #198 \u2013 Proyecto Hailesboro n.\u00b0 4, Nueva York"},"content":{"rendered":"<table class=\"alignright\" style=\"width: 351px; border: 2px; cellspacing: 2px; cellpadding: 2px; margin-left: 50px;\">\n<tbody>\n<tr>\n<td style=\"border-style: solid;\" width=\"162\"><strong>Nombre del proyecto<\/strong><\/td>\n<td style=\"border-style: solid;\" width=\"180\">Hailesboro N.\u00ba 4<\/td>\n<\/tr>\n<tr>\n<td style=\"border-style: solid;\"><strong>Certificado LIHI No.<br \/>\n<\/strong><\/td>\n<td style=\"border-style: solid;\">198<\/td>\n<\/tr>\n<tr>\n<td style=\"border-style: solid;\"><strong>Plazo del certificado LIHI<br \/>\n<\/strong><\/td>\n<td style=\"border-style: solid;\">3 de febrero de 2023 \u2013 2 de febrero de 2033<\/td>\n<\/tr>\n<tr>\n<td style=\"border-style: solid;\" width=\"162\"><strong>Due\u00f1o<\/strong><\/td>\n<td style=\"border-style: solid;\" width=\"180\">Hydro Development Group Acquisition, LLC, una subsidiaria de Patriot Hydro. LLC<\/td>\n<\/tr>\n<tr>\n<td style=\"border-style: solid;\" width=\"162\"><strong>Estado<\/strong><\/td>\n<td style=\"border-style: solid;\" width=\"180\">Nueva York<\/td>\n<\/tr>\n<tr>\n<td style=\"border-style: solid;\" width=\"162\"><strong>Ubicaci\u00f3n<\/strong><\/td>\n<td style=\"border-style: solid;\" width=\"180\">Milla fluvial 67,7 en el r\u00edo Oswegatchie, condado de St. Lawrence, Nueva York<\/td>\n<\/tr>\n<tr>\n<td style=\"border-style: solid;\" width=\"162\"><strong>Capacidad instalada<\/strong><\/td>\n<td style=\"border-style: solid;\" width=\"180\">1,9 MW<\/td>\n<\/tr>\n<tr>\n<td style=\"border-style: solid;\" width=\"162\"><strong>Generaci\u00f3n media anual<\/strong><\/td>\n<td style=\"border-style: solid;\" width=\"180\">10.647 MWh<\/td>\n<\/tr>\n<tr>\n<td style=\"border-style: solid;\" width=\"162\"><strong>Tipo de instalaci\u00f3n<\/strong><\/td>\n<td style=\"border-style: solid;\" width=\"180\">Flujo de r\u00edo<\/td>\n<\/tr>\n<tr>\n<td style=\"border-style: solid;\" width=\"162\"><strong><span class='tooltipsall tooltip_post_id_5565 classtoolTips152'>Comisi\u00f3n Federal de Comercio<\/span> No.<\/strong><\/td>\n<td style=\"border-style: solid;\" width=\"180\">P-6058. Emitida en 2002, vence el 31\/12\/2032.<\/td>\n<\/tr>\n<\/tbody>\n<\/table>\n<p>El Proyecto Hailesboro No. 4 (FERC No. 6058) se ubica en el r\u00edo Oswegatchie, en el condado de St. Lawrence, Nueva York. El r\u00edo Oswegatchie, de 212 kil\u00f3metros de longitud, se encuentra en la cuenca del r\u00edo St. Lawrence. <span class='tooltipsall tooltip_post_id_5583 classtoolTips100'>cabeceras<\/span> del r\u00edo Oswegatchie se encuentran en las monta\u00f1as Adirondack y el r\u00edo fluye generalmente hacia el oeste y luego hacia el norte antes de desembocar en el r\u00edo San Lorenzo en Ogdensburg, Nueva York.<\/p>\n<p>El proyecto est\u00e1 ubicado en la milla fluvial (RM) 67,7 y es el s\u00e9ptimo <span class='tooltipsall tooltip_post_id_5545 classtoolTips158'>presa<\/span> aguas arriba de la desembocadura, y el m\u00e1s aguas abajo de tres proyectos asociados que tambi\u00e9n incluyen <a href=\"https:\/\/lowimpacthydro.org\/es\/hailesboro-no-3-project-new-york\/\">Hailesboro No. 3 (LIHI #197)<\/a> y <a href=\"https:\/\/lowimpacthydro.org\/es\/hailesboro-no-6-project-new-york\/\">Hailesboro No. 6 (LIHI #199)<\/a>El r\u00edo se divide en tres ramales aguas arriba de Hailesboro No. 6 (rama Island) y entre los proyectos que se recombinan aguas abajo de Hailesboro No. 3.<\/p>\n<p>El proyecto se construy\u00f3 originalmente en 1936 y opera bajo una licencia emitida por la Comisi\u00f3n Federal Reguladora de Energ\u00eda el 30 de octubre de 2002, que fue modificada el 19 de septiembre de 2012 y vence el 31 de diciembre de 2032.<\/p>\n<p>El proyecto consiste en:<\/p>\n<ul style=\"color: black;\">\n<li>una presa de gravedad de hormig\u00f3n compuesta por la presa #1 de 105 pies de largo y 14 pies de alto coronada por un sistema neum\u00e1tico de 2 pies de alto <span class='tooltipsall tooltip_post_id_5542 classtoolTips95'>puerta de la cresta<\/span> y la presa #2 de 58 pies de largo y 5 pies de alto coronada por una estructura de madera de 2 pies de alto. <span class='tooltipsall tooltip_post_id_5569 classtoolTips79'>tableros de flash<\/span>;<\/li>\n<li>un embalse con una superficie de 2 acres y un volumen bruto de almacenamiento de 20 acres-pies a una elevaci\u00f3n normal de la superficie del agua de 461 pies <span class='tooltipsall tooltip_post_id_5608 classtoolTips155'>Veh\u00edculo motorizado nacional<\/span> que crea un tramo desviado de 0,4 millas de largo;<\/li>\n<li>una estructura de entrada cerrada con rejillas de basura de acero que tienen un espacio libre de 1,75 pulgadas;<\/li>\n<li>una c\u00e1mara de carga revestida de hormig\u00f3n de 170 pies de largo <span class='tooltipsall tooltip_post_id_5537 classtoolTips143'>canal<\/span> con compuerta;<\/li>\n<li>un hormig\u00f3n armado y mamposter\u00eda de hormig\u00f3n <span class='tooltipsall tooltip_post_id_5624 classtoolTips102'>central el\u00e9ctrica<\/span> que contiene dos unidades de turbina tipo Francis, de doble corredor y montadas horizontalmente; una unidad generadora de 900 kW y una unidad generadora de 1.000 kW para una capacidad instalada total de 1.900 kW;<\/li>\n<li>un 2,4\/23 kV <span class='tooltipsall tooltip_post_id_5656 classtoolTips92'>subestaci\u00f3n<\/span>, una l\u00ednea de transmisi\u00f3n de 23 kV de 50 pies de largo e instalaciones conexas; y<\/li>\n<li>Una gravedad de hormig\u00f3n de 73 pies de largo por 3 pies de alto <span class='tooltipsall tooltip_post_id_5551 classtoolTips110'>desviaci\u00f3n<\/span> presa (Island Branch Weir), rematada con tablas de madera de 1 pie de alto, ubicada a la entrada del Island Branch del r\u00edo Oswegatchie.<\/li>\n<\/ul>\n<p>El Proyecto opera en un <span class='tooltipsall tooltip_post_id_5643 classtoolTips52'>de pasada<\/span> modo con entrada que se aproxima a la salida y fluctuaciones m\u00ednimas en la elevaci\u00f3n de la superficie del agua del embalse. <span class='tooltipsall tooltip_post_id_5588 classtoolTips83'>Embargo<\/span> Los descensos del nivel del agua se limitan a no m\u00e1s de 3 pulgadas por debajo de la parte superior de los pretiles de la presa o de la cresta de la presa si no hay pretiles en su lugar. <span class='tooltipsall tooltip_post_id_5643 classtoolTips52'>De pasada<\/span> Las operaciones y la elevaci\u00f3n de la superficie del agua del embalse se monitorean de acuerdo con un Plan de Monitoreo de Caudales. Caudales m\u00ednimos de 20 pies c\u00fabicos por segundo (PCS) <span class='tooltipsall tooltip_post_id_5545 classtoolTips158'>Presa<\/span> El caudal de #1 y 8 pies c\u00fabicos por segundo (cfs) de la presa #2 se suministra al tramo desviado, excepto durante la temporada de desove de la lucioperca americana, cuando se debe liberar un caudal m\u00ednimo combinado de 105 pies c\u00fabicos por segundo (cfs) por debajo de las dos presas. Se suministra un caudal m\u00ednimo de 30 pies c\u00fabicos por segundo (cfs) al ramal de la isla a trav\u00e9s de una muesca en el vertedero. Estos niveles de caudal se determinaron mediante un estudio de caudal demostrativo realizado al momento de la concesi\u00f3n de la licencia y en consulta con las agencias de recursos.<\/p>\n<p>El r\u00edo Oswegatchie en las cercan\u00edas del proyecto est\u00e1 designado como agua de Clase A. Los mejores usos de las aguas de Clase A son como fuente de suministro de agua para beber, fines culinarios o de procesamiento de alimentos, primarios y secundarios. <span class='tooltipsall tooltip_post_id_5646 classtoolTips7'>recreaci\u00f3n de contacto secundario<\/span>y pesca. Los tramos del proyecto no est\u00e1n catalogados como afectados por el NYSDEC y las operaciones de pasada no afectan la calidad del agua.<\/p>\n<p>No hay peces migratorios en los tramos del proyecto debido a la presencia de varias presas r\u00edo abajo, as\u00ed como cascadas naturales que bloquean el movimiento de los peces r\u00edo arriba. Las pesquer\u00edas residentes del r\u00edo Oswegatchie, en las inmediaciones del proyecto, consisten en una mezcla de especies de aguas c\u00e1lidas y fr\u00edas. Las especies m\u00e1s abundantes capturadas durante los estudios fueron la lubina, el pez de ca\u00edda y la calabaza. La baja velocidad de aproximaci\u00f3n de 2,7 m\/s permite que la mayor\u00eda de los peces eviten la entrada. <span class='tooltipsall tooltip_post_id_5558 classtoolTips77'>arrastre<\/span> en las turbinas. Adem\u00e1s, muchos peces m\u00e1s peque\u00f1os que podr\u00edan no ser capaces de nadar a velocidades superiores a las de aproximaci\u00f3n suelen ser lo suficientemente peque\u00f1os como para evitar los impactos de las palas de la turbina y atravesar una central el\u00e9ctrica sin sufrir da\u00f1os. Las medidas adicionales de protecci\u00f3n de los peces incluyeron la modificaci\u00f3n del desag\u00fce de la compuerta para minimizar las lesiones a los peces que pasan r\u00edo abajo a trav\u00e9s del caudal m\u00ednimo de 20 pies c\u00fabicos por segundo en la presa #1; la provisi\u00f3n de un... <span class='tooltipsall tooltip_post_id_5620 classtoolTips86'>piscina de inmersi\u00f3n<\/span> (al menos 1 pie de profundidad por cada 4 pies de ca\u00edda), una superficie lisa en la compuerta de derivaci\u00f3n y una dispersi\u00f3n adecuada del flujo a trav\u00e9s de la compuerta para proporcionar profundidades suficientes para el movimiento seguro de los peces; y consulta con el Interior y NYSDEC sobre la necesidad de rejillas para basura con un espacio libre m\u00e1ximo de 1 pulgada cuando las rejillas para basura existentes necesiten ser reemplazadas, lo que a\u00fan no ha ocurrido.<\/p>\n<p>Los terrenos del proyecto abarcan aproximadamente 2 acres para el embalse y aproximadamente 0,5 acres alrededor de las instalaciones. No existen terrenos de importancia ecol\u00f3gica ni h\u00e1bitats cr\u00edticos en las inmediaciones. Las operaciones de pasada y las restricciones del embalse limitan las fluctuaciones en la elevaci\u00f3n de la superficie del agua del embalse, que de otro modo podr\u00edan contribuir a la erosi\u00f3n costera. Se implementan medidas de control de erosi\u00f3n y sedimentos, as\u00ed como monitoreo, durante las actividades rutinarias de mantenimiento o construcci\u00f3n.<\/p>\n<p>La \u00fanica especie amenazada o en peligro de extinci\u00f3n a nivel federal que podr\u00eda estar presente en las inmediaciones del proyecto es el murci\u00e9lago orejudo norte\u00f1o. Varias aves migratorias podr\u00edan estar presentes en las \u00e1reas del proyecto, como el mart\u00edn pescador ce\u00f1ido, el cuclillo de pico negro, el vencejo de chimenea, la reinita alidorada y el zorzal maculado. La peque\u00f1a huella del proyecto y la ausencia de tala de \u00e1rboles limitan cualquier posible impacto sobre estas especies. Solo se podr\u00e1n talar los \u00e1rboles muertos alrededor del embalse si representan un peligro para la navegaci\u00f3n o las operaciones del proyecto.<\/p>\n<p>No se conocen recursos sobre el suelo ni arqueol\u00f3gicos enumerados o que sean elegibles para ser incluidos en el <span class='tooltipsall tooltip_post_id_5606 classtoolTips1'>Registro Nacional de Lugares Hist\u00f3ricos<\/span> En el \u00e1rea del Proyecto. No se han identificado bienes culturales tradicionales. Sin embargo, debido a la antig\u00fcedad de la presa y la central el\u00e9ctrica, es posible que sean elegibles para su inclusi\u00f3n en la lista, sujeto a la determinaci\u00f3n de su relevancia hist\u00f3rica. El Oficial Estatal de Preservaci\u00f3n Hist\u00f3rica (SHPO) revis\u00f3 el proyecto al momento de renovar la licencia y determin\u00f3 que no afectar\u00eda los recursos culturales. En caso de que se encuentren sitios arqueol\u00f3gicos o hist\u00f3ricos durante la operaci\u00f3n y el mantenimiento del Proyecto, el propietario consultar\u00e1 con el SHPO y elaborar\u00e1 un plan de gesti\u00f3n de recursos culturales.<\/p>\n<p>Las instalaciones recreativas incluyen un acceso para embarcaciones desde el techo del veh\u00edculo en el embalse y un estacionamiento cerca de la central el\u00e9ctrica que conduce al acceso para pescar desde la orilla en el embalse Hailesboro No. 3. El acceso recreativo es gratuito.<\/p>\n<hr \/>\n<h3>Estado de cumplimiento<\/h3>\n<p><strong>El Certificado incluye las siguientes condiciones espec\u00edficas de la instalaci\u00f3n:<\/strong><\/p>\n<p><strong>Condici\u00f3n 1<\/strong><strong>.\u00a0 <\/strong>En las presentaciones anuales de cumplimiento a LIHI, el Propietario de la instalaci\u00f3n deber\u00e1 proporcionar actualizaciones sobre el estado del acceso de transporte aguas abajo del Proyecto Hailesboro No. 3, incluida la comunicaci\u00f3n realizada con la FERC y los propietarios de tierras con respecto a la adquisici\u00f3n de tierras adyacentes al canal de descarga de Hailesboro No. 3 necesarias para construir el acceso de transporte; o el Propietario deber\u00e1 proporcionar documentaci\u00f3n del cierre del problema con la FERC seg\u00fan el Art\u00edculo 410(2) de la licencia de Hailesboro No. 4 si un acceso en Hailesboro No. 3 ya no es relevante o necesario.<\/p>\n<p><strong>2026:<\/strong> No se identificaron cambios sustanciales ni problemas de cumplimiento. El proyecto se mantiene en cumplimiento seg\u00fan la revisi\u00f3n anual. En cuanto a la Condici\u00f3n 1, el proyecto inform\u00f3 que mantiene conversaciones en curso con un propietario de terrenos colindantes para acceder al r\u00edo.<\/p>\n<p><strong>2025:<\/strong> No se identificaron cambios sustanciales ni problemas de cumplimiento. El proyecto se mantiene en cumplimiento seg\u00fan la revisi\u00f3n anual. En cuanto a la Condici\u00f3n 1, el proyecto inform\u00f3 que uno de los dos propietarios colindantes que respondieron no est\u00e1 dispuesto a permitir el transporte de carga en su propiedad.<\/p>\n<p><strong>2024:<\/strong> No se identificaron cambios sustanciales ni problemas de cumplimiento. El proyecto se mantiene en cumplimiento seg\u00fan la revisi\u00f3n anual. En cuanto a la Condici\u00f3n 1, el proyecto inform\u00f3 haber enviado cartas a dos propietarios de tierras, sin haber recibido a\u00fan respuesta.<\/p>\n<p><strong>2023:<\/strong> La presentaci\u00f3n de informes anuales para el Certificado actual a\u00fan no ha entrado en vigor.<\/p>\n<hr \/>\n<h3>Historial de certificaciones<\/h3>\n<p><strong>6 de junio de 2023:<\/strong> La certificaci\u00f3n de los proyectos Hailesboro n.\u00b0 3, n.\u00b0 4 y n.\u00b0 6 es definitiva tras el cierre del per\u00edodo de apelaci\u00f3n el 3 de junio de 2023, sin que se hayan presentado solicitudes de apelaci\u00f3n. El plazo de certificaci\u00f3n para cada proyecto es del 3 de febrero de 2023 al 2 de febrero de 2033.<\/p>\n<p><strong>4 de mayo de 2023:<\/strong> El Instituto de Energ\u00eda Hidroel\u00e9ctrica de Bajo Impacto (LIHI) ha aprobado preliminarmente la Certificaci\u00f3n de Bajo Impacto para los Proyectos Hidroel\u00e9ctricos Hailesboro n.\u00b0 3, n.\u00b0 4 y n.\u00b0 6. La solicitud completa y el informe del revisor est\u00e1n disponibles a continuaci\u00f3n. Esta decisi\u00f3n es preliminar, a la espera del plazo de apelaci\u00f3n de 30 d\u00edas. Solo quienes presentaron comentarios sobre las solicitudes iniciales durante el plazo de 60 d\u00edas pueden presentar una apelaci\u00f3n. Dicha apelaci\u00f3n debe incluir una explicaci\u00f3n de por qu\u00e9 los Proyectos no cumplen con los criterios del LIHI. Las solicitudes de apelaci\u00f3n pueden enviarse por correo electr\u00f3nico a <a href=\"mailto:comments@lowimpacthydro.org\">comments@lowimpacthydro.org<\/a> Con el asunto &quot;Proyectos Hailesboro&quot;, o por correo postal dirigido al Instituto de Energ\u00eda Hidroel\u00e9ctrica de Bajo Impacto, 1167 Massachusetts Ave, Arlington, MA 02476. Todas las solicitudes se publicar\u00e1n en el sitio web. El solicitante tendr\u00e1 la oportunidad de responder, y cualquier respuesta tambi\u00e9n se publicar\u00e1. <strong>Las solicitudes deben recibirse antes de las 5 p. m., hora del Este, el 3 de junio de 2023. <\/strong><\/p>\n<p><strong>7 de febrero de 2023:<\/strong> El Instituto de Energ\u00eda Hidroel\u00e9ctrica de Bajo Impacto (LIHI) ha recibido una solicitud completa para la Certificaci\u00f3n de Bajo Impacto del Proyecto Hidroel\u00e9ctrico Hailesboro n.\u00b0 3, 4 y 6. LIHI solicita comentarios p\u00fablicos sobre esta solicitud. En concreto, nos interesa saber si considera que el Proyecto cumple con los Criterios de Certificaci\u00f3n de Bajo Impacto de LIHI, revisados en la 2.\u00aa edici\u00f3n del Manual. Por favor, revise el programa y los criterios en la versi\u00f3n revisada de LIHI. <a href=\"https:\/\/lowimpacthydro.org\/wp-content\/uploads\/2020\/07\/2nd-edition-handbook-20160315-rev2.02-7-20-16.pdf\">Manual<\/a><a href=\"https:\/\/lowimpacthydro.org\/wp-content\/uploads\/2020\/07\/2nd-edition-handbook-20160315-rev2.02-7-20-16.pdf\">\u00a0<\/a>y luego revise los materiales de solicitud del Proyecto a continuaci\u00f3n. Comentarios que est\u00e1n directamente relacionados con criterios espec\u00edficos de LIHI (caudales, calidad del agua, <span class='tooltipsall tooltip_post_id_5566 classtoolTips59'>paso de peces<\/span>, etc.) ser\u00e1n de gran ayuda, pero se tendr\u00e1n en cuenta todos los comentarios. Los comentarios pueden enviarse al Instituto por correo electr\u00f3nico a\u00a0<a href=\"mailto:comments@lowimpacthydro.org\">comments@lowimpacthydro.org<\/a> con \u201cComentarios del proyecto Hailesboro 3, 4 y 6\u201d en la l\u00ednea de asunto, o por correo dirigido al Low Impact Hydropower Institute, 1167 Massachusetts Avenue, Arlington, MA 02476. <strong>Los comentarios deben recibirse antes de las 5 p. m., hora del Este, del 8 de abril de 2023.<\/strong>\u00a0Se considerar\u00e1n todos los comentarios. Se publicar\u00e1n en el sitio web y el solicitante tendr\u00e1 la oportunidad de responder. Tambi\u00e9n se publicar\u00e1n todas las respuestas.<\/p>\n<hr \/>\n<h3>Archivos de certificaci\u00f3n<\/h3>\n<h4>Certificaci\u00f3n 2023<\/h4>\n<ul style=\"color: black;\">\n<li><a href=\"https:\/\/lowimpacthydro.org\/wp-content\/uploads\/2023\/06\/Hailesboro-346-Stage-2-report_2023-04-17_final.pdf\">Hailesboro n.\u00b0 3, 4 y 6 \u2013 Informe de revisi\u00f3n de certificaci\u00f3n de 2023<\/a><\/li>\n<li><a href=\"https:\/\/lowimpacthydro.org\/wp-content\/uploads\/2023\/02\/20221106_Hailesboro-LIHI-Application_complete.pdf\">Hailesboro n.\u00b0 3, 4 y 6 \u2013 Solicitud de certificaci\u00f3n 2022<\/a><\/li>\n<\/ul>\n<hr \/>\n<h3>Documentos clave<\/h3>\n<ul>\n<li><a href=\"https:\/\/lowimpacthydro.org\/wp-content\/uploads\/2023\/06\/20021030-Hailesboro-No.-4-FERC-license.pdf\">Licencia FERC 2002, Certificaci\u00f3n de Calidad del Agua, Evaluaci\u00f3n Ambiental FERC<\/a><\/li>\n<\/ul>","protected":false},"excerpt":{"rendered":"<p>Project Name Hailesboro No. 4 LIHI Certificate No. 198 LIHI Certificate Term February 3, 2023 &#8211; February 2, 2033 Owner Hydro Development Group Acquisition, LLC &#8211;<span class=\"excerpt-hellip\"> [\u2026]<\/span><\/p>\n","protected":false},"author":3,"featured_media":-1,"parent":0,"menu_order":0,"comment_status":"closed","ping_status":"closed","template":"","meta":{"_coblocks_attr":"","_coblocks_dimensions":"","_coblocks_responsive_height":"","_coblocks_accordion_ie_support":"","om_disable_all_campaigns":false,"_monsterinsights_skip_tracking":false,"_monsterinsights_sitenote_active":false,"_monsterinsights_sitenote_note":"","_monsterinsights_sitenote_category":0,"footnotes":""},"class_list":["post-7654","page","type-page","status-publish","has-post-thumbnail","hentry"],"aioseo_notices":[],"_links":{"self":[{"href":"https:\/\/lowimpacthydro.org\/es\/wp-json\/wp\/v2\/pages\/7654","targetHints":{"allow":["GET"]}}],"collection":[{"href":"https:\/\/lowimpacthydro.org\/es\/wp-json\/wp\/v2\/pages"}],"about":[{"href":"https:\/\/lowimpacthydro.org\/es\/wp-json\/wp\/v2\/types\/page"}],"author":[{"embeddable":true,"href":"https:\/\/lowimpacthydro.org\/es\/wp-json\/wp\/v2\/users\/3"}],"replies":[{"embeddable":true,"href":"https:\/\/lowimpacthydro.org\/es\/wp-json\/wp\/v2\/comments?post=7654"}],"version-history":[{"count":16,"href":"https:\/\/lowimpacthydro.org\/es\/wp-json\/wp\/v2\/pages\/7654\/revisions"}],"predecessor-version":[{"id":10382,"href":"https:\/\/lowimpacthydro.org\/es\/wp-json\/wp\/v2\/pages\/7654\/revisions\/10382"}],"wp:featuredmedia":[{"embeddable":true,"href":"https:\/\/lowimpacthydro.org\/es\/wp-json\/"}],"wp:attachment":[{"href":"https:\/\/lowimpacthydro.org\/es\/wp-json\/wp\/v2\/media?parent=7654"}],"curies":[{"name":"gracias","href":"https:\/\/api.w.org\/{rel}","templated":true}]}}