{"id":733,"date":"2020-07-17T12:47:07","date_gmt":"2020-07-17T16:47:07","guid":{"rendered":"https:\/\/lowimpacthydro.org\/new\/?page_id=733"},"modified":"2025-07-14T11:35:26","modified_gmt":"2025-07-14T15:35:26","slug":"lihi-certificate-144-emeryville-hydroelectric-project-new-york","status":"publish","type":"page","link":"https:\/\/lowimpacthydro.org\/es\/lihi-certificate-144-emeryville-hydroelectric-project-new-york\/","title":{"rendered":"Certificado LIHI n.\u00b0 #144 \u2013 Proyecto Emeryville"},"content":{"rendered":"<table class=\"alignright\" style=\"width: 351px; border: 2px; cellspacing: 2px; cellpadding: 2px; margin-left: 50px;\">\n<tbody>\n<tr>\n<td style=\"border-style: solid; width: 36.7257%;\" width=\"143\"><strong>Nombre del proyecto<\/strong><\/td>\n<td style=\"border-style: solid; width: 69.0266%;\" width=\"243\">Emeryville<\/td>\n<\/tr>\n<tr>\n<td style=\"border-style: solid; width: 36.7257%;\" width=\"143\"><strong>Certificado LIHI No.<\/strong><\/td>\n<td style=\"border-style: solid; width: 69.0266%;\" width=\"243\">144<\/td>\n<\/tr>\n<tr>\n<td style=\"border-style: solid; width: 36.7257%;\" width=\"143\"><strong>Plazo del certificado LIHI<br \/>\n<\/strong><\/td>\n<td style=\"border-style: solid; width: 69.0266%;\" width=\"243\">10 de julio de 2018 \u2013 9 de julio de 2028<\/td>\n<\/tr>\n<tr>\n<td style=\"border-style: solid; width: 36.7257%;\" width=\"143\"><strong>Due\u00f1o<\/strong><\/td>\n<td style=\"border-style: solid; width: 69.0266%;\" width=\"243\">KE Emeryville LLC<\/td>\n<\/tr>\n<tr>\n<td style=\"border-style: solid; width: 36.7257%;\" width=\"143\"><strong>Estado<\/strong><\/td>\n<td style=\"border-style: solid; width: 69.0266%;\" width=\"243\">Nueva York<\/td>\n<\/tr>\n<tr>\n<td style=\"border-style: solid; width: 36.7257%;\" width=\"143\"><strong>Ubicaci\u00f3n<\/strong><\/td>\n<td style=\"border-style: solid; width: 69.0266%;\" width=\"243\">Milla fluvial 70 en el r\u00edo Oswegatchie<\/td>\n<\/tr>\n<tr>\n<td style=\"border-style: solid; width: 36.7257%;\" width=\"143\"><strong>Capacidad instalada<\/strong><\/td>\n<td style=\"border-style: solid; width: 69.0266%;\" width=\"243\">3,48 MW<\/td>\n<\/tr>\n<tr>\n<td style=\"border-style: solid; width: 36.7257%;\" width=\"143\"><strong>Generaci\u00f3n media anual<\/strong><\/td>\n<td style=\"border-style: solid; width: 69.0266%;\" width=\"243\">18.761 MWh<\/td>\n<\/tr>\n<tr>\n<td style=\"border-style: solid; width: 36.7257%;\" width=\"143\"><strong>Tipo de instalaci\u00f3n<\/strong><\/td>\n<td style=\"border-style: solid; width: 69.0266%;\" width=\"243\"><span class='tooltipsall tooltip_post_id_5643 classtoolTips52'>De pasada<\/span><\/td>\n<\/tr>\n<tr>\n<td style=\"border-style: solid; width: 36.7257%;\" width=\"143\"><strong><span class='tooltipsall tooltip_post_id_5565 classtoolTips152'>Comisi\u00f3n Federal de Comercio<\/span> No.<\/strong><\/td>\n<td style=\"border-style: solid; width: 69.0266%;\" width=\"243\">P-2850 emitido en 2012, vence el 31\/05\/2052<\/td>\n<\/tr>\n<\/tbody>\n<\/table>\n<p>El Proyecto Emeryville se ubica en el r\u00edo Oswegatchie, en la ciudad de Fowler, Nueva York. El r\u00edo Oswegatchie, de 212 kil\u00f3metros de longitud y afluente del r\u00edo San Lorenzo, cuenta con numerosas presas e instalaciones hidroel\u00e9ctricas. <span class='tooltipsall tooltip_post_id_5583 classtoolTips100'>cabeceras<\/span> En el noroeste de Adirondacks hasta su confluencia con el r\u00edo San Lorenzo, el proyecto Emeryville es el noveno proyecto aguas arriba. <span class='tooltipsall tooltip_post_id_5545 classtoolTips158'>presa<\/span> Ubicado aproximadamente a dos millas r\u00edo abajo del Hollow <span class='tooltipsall tooltip_post_id_5545 classtoolTips158'>Presa<\/span> (FERC #6972) y dos millas aguas arriba de la presa Fowler #7 (FERC #6059). El <a href=\"https:\/\/lowimpacthydro.org\/es\/lihi-certificate-161-oswegatchie-river-hydroelectric-new-york\/\">Proyecto multidesarrollo de Oswegatchie (LIHI #161)<\/a> y el <a href=\"https:\/\/lowimpacthydro.org\/es\/lihi-certificate-32-newton-falls-hydroelectric-project-new-york\/\">Proyecto Newton Falls (LIHI #32)<\/a> Ambos est\u00e1n ubicados aguas arriba del proyecto y el <a href=\"https:\/\/lowimpacthydro.org\/es\/hailesboro-no-6-project-new-york\/\">Hailesboro No. 6 (LIHI #199)<\/a>, <a href=\"https:\/\/lowimpacthydro.org\/es\/hailesboro-no-4-project-new-york\/\">Hailesboro No. 4 (LIHI #198)<\/a> y <a href=\"https:\/\/lowimpacthydro.org\/es\/hailesboro-no-3-project-new-york\/\">Hailesboro No. 3 (LIHI #197)<\/a> Los proyectos est\u00e1n ubicados aguas abajo de la presa Fowler #7.<\/p>\n<p>La historia del sitio se remonta al siglo XIX, cuando la energ\u00eda hidr\u00e1ulica se utilizaba originalmente para impulsar las trituradoras de pulpa. En 1938, Rushmore Paper Mills, Inc. demoli\u00f3 la f\u00e1brica de pulpa y la reemplaz\u00f3 por una central hidroel\u00e9ctrica. Hampshire Paper Company (HPC) compr\u00f3 el sitio a Rushmore Paper Mills en 1953. En 1987, HPC emprendi\u00f3 un importante programa de renovaci\u00f3n, retirando y reemplazando... <span class='tooltipsall tooltip_post_id_5624 classtoolTips102'>central el\u00e9ctrica<\/span>Equipo de turbina-generador, patio de maniobras y partes de la toma. El proyecto es actualmente propiedad de KE Emeryville, LLC.<\/p>\n<p>El proyecto incluye la presa, <span class='tooltipsall tooltip_post_id_5619 classtoolTips124'>compuerta<\/span>, estructura de toma, tramo de derivaci\u00f3n y central el\u00e9ctrica con una turbina. La presa es un relleno de madera y tierra existente de 5,2 metros de altura y 57 metros de longitud, con cubierta de hormig\u00f3n. <span class='tooltipsall tooltip_post_id_5580 classtoolTips81'>presa de gravedad<\/span> con un hormig\u00f3n de 176 pies de largo <span class='tooltipsall tooltip_post_id_5651 classtoolTips116'>aliviadero<\/span> Equipado con 2,4 pies de altura <span class='tooltipsall tooltip_post_id_5569 classtoolTips79'>tableros de flash<\/span> y un vertedero de caudal m\u00ednimo de 1.2 metros de ancho y 1.5 metros de profundidad. La estructura de toma consiste en una compuerta de hormig\u00f3n armado de 42 metros de largo por 9 metros de ancho. <span class='tooltipsall tooltip_post_id_5574 classtoolTips146'>canal artificial<\/span>, equipado con cuatro <span class='tooltipsall tooltip_post_id_5582 classtoolTips122'>compuertas de entrada<\/span> y rejillas para basura con espaciado libre de barras de 5 pulgadas. La tuber\u00eda forzada de 60 pies de largo y 14 pies de di\u00e1metro conduce a la central el\u00e9ctrica de concreto que contiene el sistema horizontal. <span class='tooltipsall tooltip_post_id_5523 classtoolTips24'>turbina de flujo axial<\/span> Con una capacidad instalada de 3.481 MW, los caudales se descargan al canal de descarga y la energ\u00eda generada se env\u00eda a la red a trav\u00e9s de la l\u00ednea de transmisi\u00f3n de 24 metros de longitud y 23 kilovoltios. El tramo desviado tiene 70 metros de longitud y discurre bajo la Ruta 22, entre la presa de Emeryville y aguas abajo de la central el\u00e9ctrica.<\/p>\n<p>El proyecto opera en <span class='tooltipsall tooltip_post_id_5643 classtoolTips52'>de pasada<\/span> El proyecto proporciona caudales m\u00ednimos de 20 pies c\u00fabicos por segundo (cfs) en el tramo desviado durante todo el a\u00f1o. Un sensor en la cabecera del estanque monitorea la elevaci\u00f3n del embalse y ajusta autom\u00e1ticamente la descarga de la turbina para mantenerla. El r\u00e9gimen de caudal se desarroll\u00f3 en colaboraci\u00f3n con el Departamento de Conservaci\u00f3n Ambiental de Nueva York (NYSDEC) y el Servicio de Pesca y Vida Silvestre de los Estados Unidos (USFWS). Este r\u00e9gimen tiene como objetivo proteger las especies acu\u00e1ticas y mejorar el h\u00e1bitat.<\/p>\n<p>Las aguas dentro del alcance del proyecto est\u00e1n designadas como Clase A. Los usos designados, seg\u00fan lo prescrito por NYSDEC, incluyen el suministro para fines de bebida, culinarios o de procesamiento de alimentos, agua primaria y <span class='tooltipsall tooltip_post_id_5646 classtoolTips7'>recreaci\u00f3n de contacto secundario<\/span>y pesca. Las pruebas de calidad del agua revelaron que los bioindicadores, como el ox\u00edgeno disuelto y los niveles de pH, se mantuvieron sin cambios aguas arriba y aguas abajo del proyecto.<\/p>\n<p>No hay especies de peces migratorios en el r\u00edo Oswegatchie en el proyecto y el paso aguas arriba tambi\u00e9n est\u00e1 bloqueado por presas aguas abajo. Un canal de derivaci\u00f3n proporciona paso a los peces residentes hacia un <span class='tooltipsall tooltip_post_id_5620 classtoolTips86'>piscina de inmersi\u00f3n<\/span> En el tramo desviado. Se instalan trampas de basura con una separaci\u00f3n de 2,5 cm cada temporada (del 15 de marzo al 30 de noviembre), lo que impide el paso de peces por las turbinas. El propietario del proyecto mejor\u00f3 esto. <span class='tooltipsall tooltip_post_id_5566 classtoolTips59'>paso de peces<\/span> profundizando y ampliando la poza de inmersi\u00f3n, as\u00ed como eliminando rocas que ten\u00edan el potencial de da\u00f1ar las especies ribere\u00f1as en el canal de derivaci\u00f3n.<\/p>\n<p>La propiedad del proyecto abarca aproximadamente 55 acres, sin incluir el embalse. Se ha implementado un plan de monitoreo de especies invasoras para erradicar las poblaciones de la golondrina p\u00e1lida. Se han instalado letreros informativos, puntos de disposici\u00f3n p\u00fablica y personal capacitado en la identificaci\u00f3n de la especie, as\u00ed como en los procedimientos adecuados de remoci\u00f3n y disposici\u00f3n.<\/p>\n<p>Las especies amenazadas y en peligro de extinci\u00f3n que podr\u00edan estar en las inmediaciones del proyecto incluyen: murci\u00e9lago orejudo norte\u00f1o, murci\u00e9lago de Indiana, esturi\u00f3n de lago, mero, dardo de arena oriental y juncia de Fernald. No existen h\u00e1bitats cr\u00edticos para ninguna de estas especies de murci\u00e9lagos en la zona del proyecto. La especie de juncia no se ve afectada por las operaciones del proyecto y se sabe que las especies de peces se encuentran aguas abajo del proyecto, pero no en sus inmediaciones. No se ha observado ning\u00fan h\u00e1bitat de desove en la zona del proyecto, a pesar de la existencia de un h\u00e1bitat adecuado.<\/p>\n<p>La Oficina de Preservaci\u00f3n Hist\u00f3rica del Estado y el Cuerpo de Ingenieros del Ej\u00e9rcito de EE. UU. han se\u00f1alado que las operaciones del proyecto no tienen impacto en ninguna propiedad hist\u00f3rica registrada.<\/p>\n<p>Los recursos recreativos del proyecto incluyen dos rampas para embarcaciones que brindan acceso al embalse y al canal de desag\u00fce, un sendero para transportar canoas y un \u00e1rea de picnic.<\/p>\n<hr \/>\n<h3>Estado de cumplimiento<\/h3>\n<p><strong>No existen condiciones espec\u00edficas de la instalaci\u00f3n en el Certificado actual<\/strong><\/p>\n<p><strong>2025: <\/strong>No se identificaron cambios materiales ni problemas de cumplimiento. El proyecto sigue cumpliendo con los requisitos seg\u00fan la revisi\u00f3n anual. <strong><br \/>\n<\/strong><\/p>\n<p><strong>2024: <\/strong>No se identificaron cambios materiales ni problemas de cumplimiento. El proyecto sigue cumpliendo con los requisitos seg\u00fan la revisi\u00f3n anual.<\/p>\n<p><strong>2023: <\/strong>No se identificaron cambios materiales ni problemas de cumplimiento. El proyecto sigue cumpliendo con los requisitos seg\u00fan la revisi\u00f3n anual.<\/p>\n<p><strong>2022: <\/strong>No se identificaron cambios materiales ni problemas de cumplimiento. El proyecto sigue cumpliendo con los requisitos seg\u00fan la revisi\u00f3n anual.<\/p>\n<p><strong>2021:<\/strong> No se informaron cambios ni problemas de cumplimiento. El proyecto sigue cumpliendo con los requisitos seg\u00fan la revisi\u00f3n anual.<\/p>\n<p><strong>2020:<\/strong> No se informaron cambios ni problemas de cumplimiento. El proyecto sigue cumpliendo con los requisitos seg\u00fan la revisi\u00f3n anual.<\/p>\n<p><strong>2019:<\/strong> No se informaron cambios ni problemas de cumplimiento. El proyecto sigue cumpliendo con los requisitos seg\u00fan la revisi\u00f3n anual.<\/p>\n<p><strong>2018:<\/strong> La presentaci\u00f3n de informes anuales para el Certificado actual a\u00fan no ha entrado en vigor.<\/p>\n<hr \/>\n<h3>Historial de certificaciones<\/h3>\n<p><strong>1 de enero de 2022:<\/strong> El plazo del Certificado LIHI se ha extendido de acuerdo con la Revisi\u00f3n 2.05 del Manual de Certificaci\u00f3n LIHI 2.\u00aa Edici\u00f3n emitido el 1 de enero de 2022. Consulte la tabla de instalaciones anterior para conocer el nuevo plazo.<\/p>\n<p><strong>10 de octubre de 2018: <\/strong>El plazo de apelaci\u00f3n de 30 d\u00edas para la decisi\u00f3n preliminar de certificaci\u00f3n del Proyecto Hidroel\u00e9ctrico Emeryville finaliz\u00f3 el 6 de octubre de 2018 sin que se presentaran apelaciones. Por lo tanto, la decisi\u00f3n es definitiva y el Proyecto Hidroel\u00e9ctrico Emeryville recibe el Certificado LIHI #144. El plazo del certificado es del 10 de julio de 2018 al 9 de julio de 2023.<\/p>\n<p><strong>4 de septiembre de 2018:<\/strong>El Instituto de Energ\u00eda Hidroel\u00e9ctrica de Bajo Impacto (LIHI) aprob\u00f3 preliminarmente la Certificaci\u00f3n de Bajo Impacto para el Proyecto Hidroel\u00e9ctrico Emeryville. Esta decisi\u00f3n es preliminar, a la espera del plazo de apelaci\u00f3n de 30 d\u00edas. Solo quienes presentaron comentarios en la solicitud inicial durante el plazo de 60 d\u00edas pueden presentar una apelaci\u00f3n. Dicha apelaci\u00f3n debe incluir una explicaci\u00f3n de por qu\u00e9 los proyectos no cumplen con los criterios del LIHI. Las solicitudes de apelaci\u00f3n pueden enviarse por correo electr\u00f3nico a <a href=\"mailto:comments@lowimpacthydro.org\">comments@lowimpacthydro.org<\/a> Con el asunto &quot;Proyecto Hidroel\u00e9ctrico Emeryville&quot;, o por correo postal dirigido al Instituto de Energ\u00eda Hidroel\u00e9ctrica de Bajo Impacto, 329 Massachusetts Ave, Suite 2, Lexington, MA 02420. Todas las solicitudes se publicar\u00e1n en el sitio web y el solicitante tendr\u00e1 la oportunidad de responder. Cualquier respuesta tambi\u00e9n se publicar\u00e1. <strong>Las solicitudes deben recibirse antes de las 5 p. m., hora del Este, el 6 de octubre de 2018.<\/strong> La solicitud completa y el informe de los revisores est\u00e1n disponibles a continuaci\u00f3n. Si no se reciben solicitudes de apelaci\u00f3n y la decisi\u00f3n es definitiva, el plazo de certificaci\u00f3n del Proyecto Emeryville ser\u00e1 del 10 de julio de 2018 al 9 de julio de 2023.<\/p>\n<p><strong>20 de febrero de 2018:<\/strong> El Instituto de Energ\u00eda Hidroel\u00e9ctrica de Bajo Impacto (LIHI) ha recibido una solicitud completa de KEI (USA) Power Management Inc. para la Certificaci\u00f3n de Bajo Impacto del Proyecto Hidroel\u00e9ctrico Emeryville (FERC n.\u00b0 2850), propiedad de KE Emeryville LLC. El proyecto se ubica en la milla fluvial 70 del r\u00edo Oswegatchie, en la ciudad de Fowler, condado de St. Lawrence, Nueva York, y es el noveno desarrollo hidroel\u00e9ctrico aguas arriba de la confluencia con el r\u00edo San Lorenzo. LIHI solicita comentarios sobre la solicitud de certificaci\u00f3n de Emeryville. Los comentarios directamente relacionados con criterios espec\u00edficos de LIHI (caudales, calidad del agua, paso de peces, etc.) ser\u00e1n de suma utilidad, pero todos los comentarios ser\u00e1n considerados. Los comentarios pueden enviarse al Instituto por correo electr\u00f3nico a\u00a0<a href=\"mailto:comments@lowimpacthydro.org\">comments@lowimpacthydro.org<\/a>\u00a0con \u201cComentarios de Emeryville\u201d en la l\u00ednea de asunto, o por correo dirigido al Low Impact Hydropower Institute, 329 Massachusetts Avenue, Suite 2, Lexington, MA 02420.\u00a0 <strong>Los comentarios deben recibirse en el Instituto antes de las 5 p. m., hora del Este, el 21 de abril de 2018.<\/strong>\u00a0Se considerar\u00e1n todos los comentarios. Se publicar\u00e1n en el sitio web y el solicitante tendr\u00e1 la oportunidad de responder. Tambi\u00e9n se publicar\u00e1n todas las respuestas.<\/p>\n<hr \/>\n<h3>Archivos de certificaci\u00f3n<\/h3>\n<h4>Certificaci\u00f3n 2018<\/h4>\n<ul style=\"color: black;\">\n<li><a href=\"https:\/\/lowimpacthydro.org\/wp-content\/uploads\/2020\/07\/Emeryville-2018-Final-Certification-Report.pdf\">Informe de revisi\u00f3n de certificaci\u00f3n de Emeryville 2018<\/a><\/li>\n<li><a href=\"https:\/\/lowimpacthydro.org\/wp-content\/uploads\/2020\/07\/20180705-Final-Emeryville-LIHI-Application-1.pdf\">Solicitud de certificaci\u00f3n de Emeryville 2018<\/a><\/li>\n<\/ul>\n<hr \/>\n<h3>Documentos clave<\/h3>\n<ul>\n<li><a href=\"https:\/\/lowimpacthydro.org\/wp-content\/uploads\/2020\/12\/2012-Emeryville-FERC-license.pdf\">Licencia FERC de Emeryville 2012<\/a><\/li>\n<li><a href=\"https:\/\/lowimpacthydro.org\/wp-content\/uploads\/2020\/12\/2011-Emeryville-WQC.pdf\">Certificado de calidad del agua de Emeryville 2011<\/a><\/li>\n<li><a href=\"https:\/\/lowimpacthydro.org\/wp-content\/uploads\/2020\/12\/2011-Emeryville-FERC-EA.pdf\">Evaluaci\u00f3n ambiental de la FERC de Emeryville 2011<\/a><\/li>\n<li><a href=\"https:\/\/lowimpacthydro.org\/wp-content\/uploads\/2020\/12\/2010-Emeryville-Settlement-Agreement.pdf\">Acuerdo de conciliaci\u00f3n de Emeryville de 2010<\/a><\/li>\n<\/ul>","protected":false},"excerpt":{"rendered":"<p>Project Name Emeryville LIHI Certificate No. 144 LIHI Certificate Term July 10, 2018 &#8211; July 9, 2028 Owner KE Emeryville LLC State New York Location River<span class=\"excerpt-hellip\"> [\u2026]<\/span><\/p>\n","protected":false},"author":3,"featured_media":-1,"parent":0,"menu_order":0,"comment_status":"closed","ping_status":"closed","template":"","meta":{"_coblocks_attr":"","_coblocks_dimensions":"","_coblocks_responsive_height":"","_coblocks_accordion_ie_support":"","om_disable_all_campaigns":false,"_monsterinsights_skip_tracking":false,"_monsterinsights_sitenote_active":false,"_monsterinsights_sitenote_note":"","_monsterinsights_sitenote_category":0,"footnotes":""},"class_list":["post-733","page","type-page","status-publish","has-post-thumbnail","hentry"],"aioseo_notices":[],"_links":{"self":[{"href":"https:\/\/lowimpacthydro.org\/es\/wp-json\/wp\/v2\/pages\/733","targetHints":{"allow":["GET"]}}],"collection":[{"href":"https:\/\/lowimpacthydro.org\/es\/wp-json\/wp\/v2\/pages"}],"about":[{"href":"https:\/\/lowimpacthydro.org\/es\/wp-json\/wp\/v2\/types\/page"}],"author":[{"embeddable":true,"href":"https:\/\/lowimpacthydro.org\/es\/wp-json\/wp\/v2\/users\/3"}],"replies":[{"embeddable":true,"href":"https:\/\/lowimpacthydro.org\/es\/wp-json\/wp\/v2\/comments?post=733"}],"version-history":[{"count":10,"href":"https:\/\/lowimpacthydro.org\/es\/wp-json\/wp\/v2\/pages\/733\/revisions"}],"predecessor-version":[{"id":9798,"href":"https:\/\/lowimpacthydro.org\/es\/wp-json\/wp\/v2\/pages\/733\/revisions\/9798"}],"wp:featuredmedia":[{"embeddable":true,"href":"https:\/\/lowimpacthydro.org\/es\/wp-json\/"}],"wp:attachment":[{"href":"https:\/\/lowimpacthydro.org\/es\/wp-json\/wp\/v2\/media?parent=733"}],"curies":[{"name":"gracias","href":"https:\/\/api.w.org\/{rel}","templated":true}]}}