{"id":723,"date":"2020-07-17T01:43:34","date_gmt":"2020-07-17T05:43:34","guid":{"rendered":"https:\/\/lowimpacthydro.org\/new\/?page_id=723"},"modified":"2025-04-30T12:03:00","modified_gmt":"2025-04-30T16:03:00","slug":"lihi-certificate-145-opal-springs-hydroelectric-project-oregon","status":"publish","type":"page","link":"https:\/\/lowimpacthydro.org\/es\/lihi-certificate-145-opal-springs-hydroelectric-project-oregon\/","title":{"rendered":"Certificado LIHI n.\u00b0 #145 \u2013 Proyecto Opal Springs, OR"},"content":{"rendered":"<table class=\"alignright\" style=\"width: 351px; border: 2px; cellspacing: 2px; cellpadding: 2px; margin-left: 50px;\">\n<tbody>\n<tr>\n<td style=\"width: 249.517px;\"><strong>Nombre del proyecto<\/strong><\/td>\n<td style=\"width: 233.483px;\">Manantiales de \u00f3palo<\/td>\n<\/tr>\n<tr>\n<td style=\"width: 249.517px;\"><strong>Certificado LIHI No.<\/strong><\/td>\n<td style=\"width: 233.483px;\">145<\/td>\n<\/tr>\n<tr>\n<td style=\"width: 249.517px;\"><strong>Plazo del certificado LIHI<br \/>\n<\/strong><\/td>\n<td style=\"width: 233.483px;\">25 de abril de 2018 \u2013 24 de abril de 2033<\/td>\n<\/tr>\n<tr>\n<td style=\"width: 249.517px;\"><strong>Due\u00f1o<\/strong><\/td>\n<td style=\"width: 233.483px;\">Distrito de Agua del Valle de Deschutes<\/td>\n<\/tr>\n<tr>\n<td style=\"width: 249.517px;\"><strong>Estado<\/strong><\/td>\n<td style=\"width: 233.483px;\">Oreg\u00f3n<\/td>\n<\/tr>\n<tr>\n<td style=\"width: 249.517px;\"><strong>Ubicaci\u00f3n<\/strong><\/td>\n<td style=\"width: 233.483px;\"><span class='tooltipsall tooltip_post_id_5545 classtoolTips158'>Presa<\/span> Ubicado en la milla fluvial 7.2 en el r\u00edo Crooked en Culver, condado de Jefferson<\/td>\n<\/tr>\n<tr>\n<td style=\"width: 249.517px;\"><strong>Capacidad instalada<\/strong><\/td>\n<td style=\"width: 233.483px;\">4,3 MW<\/td>\n<\/tr>\n<tr>\n<td style=\"width: 249.517px;\"><strong>Generaci\u00f3n media anual<\/strong><\/td>\n<td style=\"width: 233.483px;\">29.509 MWh<\/td>\n<\/tr>\n<tr>\n<td style=\"width: 249.517px;\"><strong>Tipo de instalaci\u00f3n<\/strong><\/td>\n<td style=\"width: 233.483px;\">Flujo de r\u00edo<\/td>\n<\/tr>\n<tr>\n<td style=\"width: 249.517px;\"><strong><span class='tooltipsall tooltip_post_id_5565 classtoolTips152'>Comisi\u00f3n Federal de Comercio<\/span> No.<\/strong><\/td>\n<td style=\"width: 233.483px;\">P-5891 emitido en 1982, vence el 1\/11\/2032<\/td>\n<\/tr>\n<\/tbody>\n<\/table>\n<p>El Proyecto Opal Springs se ubica en la cuenca baja del r\u00edo Crooked, dentro de una profunda garganta, aproximadamente a 8 kil\u00f3metros al suroeste de Culver, en el condado de Jefferson, Oreg\u00f3n. El proyecto es propiedad del Distrito de Agua del Valle de Deschutes, que abastece de agua potable a la regi\u00f3n. El proyecto se ubica aproximadamente a 16 kil\u00f3metros r\u00edo arriba del... <a href=\"https:\/\/lowimpacthydro.org\/es\/lihi-certificate-25-pelton-round-butte-project-oregon\/\">Proyecto Pelton Round Butte (LIHI #25)<\/a> y aguas abajo de otros cuatro proyectos hidroel\u00e9ctricos. El original de 6 pies de altura <span class='tooltipsall tooltip_post_id_5551 classtoolTips110'>desviaci\u00f3n<\/span> <span class='tooltipsall tooltip_post_id_5545 classtoolTips158'>presa<\/span> Se construy\u00f3 en la d\u00e9cada de 1920 para impulsar una bomba de turbina. En 1985, la presa se elev\u00f3 4,5 metros hasta su altura actual.<\/p>\n<p>El proyecto consta de la presa, la estructura de toma, <span class='tooltipsall tooltip_post_id_5619 classtoolTips124'>compuerta<\/span>, dos bombas de riego y una <span class='tooltipsall tooltip_post_id_5624 classtoolTips102'>central el\u00e9ctrica<\/span> Con una unidad generadora. La presa es una presa de desviaci\u00f3n de enrocado de hormig\u00f3n de 6,4 metros de altura y 61 metros de longitud, controlada con un sistema fijo. <span class='tooltipsall tooltip_post_id_5569 classtoolTips79'>tableros de flash<\/span>La estructura de toma es una estructura rectangular de hormig\u00f3n de 13,4 x 10,1 metros y 10,3 metros de altura. El proyecto tambi\u00e9n incluye dos conductos de metal corrugado enterrados de 3,8 metros de di\u00e1metro y 350 metros de longitud; un tanque de compensaci\u00f3n-bifurcador de acero de 9,1 metros de di\u00e1metro; una tuber\u00eda forzada de acero de 4,8 metros de di\u00e1metro y 48 metros de longitud; dos bombas de riego accionadas por turbinas; y una central el\u00e9ctrica con una unidad generadora de turbina de tubo horizontal con una capacidad de 4,3 MW.<\/p>\n<p>El proyecto opera en un <span class='tooltipsall tooltip_post_id_5643 classtoolTips52'>de pasada<\/span> El proyecto crea un embalse de 14.4 acres. El proyecto proporciona un caudal m\u00ednimo continuo de 50 pies c\u00fabicos por segundo (o caudal de entrada si es menor) para proteger los recursos acu\u00e1ticos. Este r\u00e9gimen de caudal se modific\u00f3 temporalmente en consulta con el Departamento de Pesca y Vida Silvestre de Oreg\u00f3n, el Servicio de Pesca y Vida Silvestre de los Estados Unidos (USFWS) y el Servicio Nacional de Pesca Marina para proporcionar caudales de atracci\u00f3n para los salm\u00f3nidos adultos migratorios.<\/p>\n<p>Las aguas dentro del alcance del proyecto se consideran contaminadas por exceder los criterios num\u00e9ricos de pH, temperatura, E. coli y desarrollo de algas\/malezas acu\u00e1ticas. Tras el monitoreo y an\u00e1lisis de la calidad del agua, se ha determinado que el proyecto no contribuye a estas contaminaciones. El Departamento de Calidad Ambiental de Oreg\u00f3n ha confirmado que el proyecto no es la causa de las contaminaciones.<\/p>\n<p>En 2015, el propietario del proyecto solicit\u00f3 una modificaci\u00f3n de la licencia de no capacidad para <span class='tooltipsall tooltip_post_id_5566 classtoolTips59'>paso de peces<\/span> instalaciones. La necesidad de un paso para peces en el proyecto fue impulsada por la instalaci\u00f3n de un paso para peces aguas abajo. <a href=\"https:\/\/lowimpacthydro.org\/es\/lihi-certificate-25-pelton-round-butte-project-oregon-2\/\">Proyecto Pelton Round Butte<\/a>. El <a href=\"https:\/\/lowimpacthydro.org\/es\/lihi-certificate-25-pelton-round-butte-project-oregon-2\/\">Pelton Round Butte<\/a> paso de peces creado <span class='tooltipsall tooltip_post_id_5518 classtoolTips36'>pez an\u00e1dromo<\/span> Presencia en el proyecto Opal Springs. Para establecer las prescripciones de pesca adecuadas, el propietario del proyecto se comprometi\u00f3 voluntariamente con las partes interesadas y se elabor\u00f3 un Acuerdo de Transacci\u00f3n multipartito en 2015, que se modific\u00f3 en 2017.<\/p>\n<p>Las mejoras del paso de peces incluyeron:<\/p>\n<ul style=\"color: black;\">\n<li>Construcci\u00f3n de una escala para peces que facilita el acceso a los h\u00e1bitats de desove, crianza y alimentaci\u00f3n de la subcuenca del r\u00edo Crooked para la trucha arco\u00edris an\u00e1droma adulta de verano, el salm\u00f3n Chinook de primavera y la trucha toro migratoria, esta \u00faltima clasificada como amenazada seg\u00fan la Ley de Especies en Peligro de Extinci\u00f3n (ESA). Adem\u00e1s, las instalaciones reconectaron poblaciones de trucha de banda roja nativa aguas arriba y aguas abajo del proyecto. Puede consultar un video del proyecto de la escala para peces. <a href=\"https:\/\/www.crwc.info\/\">AQU\u00cd<\/a>.<\/li>\n<li>Aumentar la elevaci\u00f3n m\u00e1xima operativa del embalse mediante la adici\u00f3n de un nivel fijo <span class='tooltipsall tooltip_post_id_5569 classtoolTips79'>tablero de flash<\/span>Esta nueva elevaci\u00f3n permiti\u00f3 al propietario construir rutas de paso alternativas r\u00edo abajo para los peces migratorios y permiti\u00f3 el establecimiento de un sistema de cr\u00e9dito de agua para complementar el flujo hacia el tramo de derivaci\u00f3n del proyecto y a trav\u00e9s de la escala de peces.<\/li>\n<li>Modificaci\u00f3n de la rugosidad existente <span class='tooltipsall tooltip_post_id_5651 classtoolTips116'>aliviadero<\/span> creando un \u00fanico canal liso para permitir el paso seguro, oportuno y eficaz de los peces r\u00edo abajo.<\/li>\n<li>Establecer un sistema de cr\u00e9dito de agua conocido como <span class='tooltipsall tooltip_post_id_5535 classtoolTips137'>Derivaci\u00f3n<\/span> Cuenta de Devengo de Flujo. Esta agua sirve como... <span class='tooltipsall tooltip_post_id_5522 classtoolTips37'>flujo de atracci\u00f3n<\/span> para los peces adultos que migran r\u00edo arriba y que pueden estar atrapados en el canal de descarga del proyecto, y como paso alternativo para los migrantes r\u00edo abajo.<\/li>\n<li>Implementaci\u00f3n de un programa de monitoreo y evaluaci\u00f3n para evaluar el paso aguas arriba y aguas abajo en relaci\u00f3n con los objetivos de desempe\u00f1o establecidos.<\/li>\n<li>Gesti\u00f3n adaptativa del proyecto y sus operaciones para cumplir con los objetivos de desempe\u00f1o del paso de peces.<\/li>\n<\/ul>\n<p><strong>PLUS-Est\u00e1ndar:<\/strong> Las instalaciones del paso de peces implementaron un enfoque de gesti\u00f3n adaptativa para garantizar que tanto el paso aguas arriba como aguas abajo cumplan con los criterios de supervivencia requeridos de 90%, con una meta de 97%. Gracias a los esfuerzos voluntarios del propietario del proyecto, mucho antes del vencimiento de su licencia FERC, se han puesto a disposici\u00f3n m\u00e1s de 160 kil\u00f3metros de h\u00e1bitat de desove aguas arriba del proyecto.<\/p>\n<p>El proyecto cuenta con un peque\u00f1o l\u00edmite que se encuentra rodeado de acantilados extremadamente inclinados, no conteniendo tierras de valor ecol\u00f3gico significativo. <span class='tooltipsall tooltip_post_id_5670 classtoolTips125'>Humedal<\/span> En 2014 se realizaron estudios para el Departamento de Tierras Estatales de Oreg\u00f3n y el Cuerpo de Ingenieros del Ej\u00e9rcito de EE. UU. para determinar la presencia y ubicaci\u00f3n de <span class='tooltipsall tooltip_post_id_5670 classtoolTips125'>humedales<\/span> a lo largo de las costas del proyecto. Se determin\u00f3 que la elevaci\u00f3n propuesta del embalse afectar\u00eda solo 0,018 acres de <span class='tooltipsall tooltip_post_id_5670 classtoolTips125'>humedal<\/span>.<\/p>\n<p>Las especies amenazadas y en peligro de extinci\u00f3n que podr\u00edan encontrarse en las inmediaciones del proyecto incluyen: el b\u00faho moteado del norte, la trucha toro, la trucha arco\u00edris del r\u00edo Columbia medio y el lince canadiense. El proyecto no incluye h\u00e1bitat cr\u00edtico para las especies incluidas, excepto la trucha toro, debido a su peque\u00f1o l\u00edmite. No se prev\u00e9 que el proyecto tenga ning\u00fan efecto sobre la especie, seg\u00fan lo confirmado por el USFWS. Las medidas de mitigaci\u00f3n asociadas con las instalaciones de paso de peces se ejecutan de conformidad con los planes de recuperaci\u00f3n de la trucha toro y contribuir\u00e1n a restaurar la conectividad fluvial y el h\u00e1bitat hist\u00f3rico de la especie.<\/p>\n<p>Tras consultar con la Oficina Estatal de Preservaci\u00f3n Hist\u00f3rica (SHPO), se determin\u00f3 que el proyecto no albergaba ning\u00fan recurso hist\u00f3rico ni cultural en su zona. Consultas posteriores con la SHPO concluyeron que la implementaci\u00f3n del proyecto de mejora del paso de peces no afectar\u00eda ninguna propiedad hist\u00f3rica. Puede encontrar informaci\u00f3n sobre la historia del proyecto y del Distrito de Aguas. <a href=\"https:\/\/www.dvwd.org\/history.html\">AQU\u00cd<\/a>.<\/p>\n<p>Los recursos recreativos del proyecto incluyen una rampa para kayak\/canoa, pesca recreativa, senderos de grava, mesas de picnic y ba\u00f1os.<\/p>\n<p><strong>PLUS-Est\u00e1ndar:<\/strong> La \u00fanica prescripci\u00f3n recreativa de la Licencia FERC es el requisito de proporcionar acceso p\u00fablico. El propietario opera y mantiene voluntariamente las instalaciones mencionadas en respuesta a la actividad n\u00e1utica en aguas bravas y al reconocimiento de la necesidad de servicios recreativos.<\/p>\n<p>Se puede encontrar un v\u00eddeo interesante sobre el proyecto, el paso de peces y la pesca. <a href=\"https:\/\/www.youtube.com\/watch?v=U5phgWTVDxk\">AQU\u00cd<\/a>.<\/p>\n<hr \/>\n<h3>Estado de cumplimiento<\/h3>\n<p><strong>El Certificado incluye las siguientes condiciones espec\u00edficas de la instalaci\u00f3n:<\/strong><\/p>\n<p><strong>Condici\u00f3n 1:<\/strong> Los informes anuales de monitoreo de flujo deber\u00e1n presentarse una vez finalizadas las mejoras del paso de peces en 2019. El propietario de la instalaci\u00f3n deber\u00e1 proporcionar copias de los informes y res\u00famenes de las actividades de monitoreo de flujo en las declaraciones de cumplimiento anuales presentadas a LIHI.<\/p>\n<p><strong>Condici\u00f3n 2:<\/strong> Dado que el plazo de LIHI se extender\u00e1 m\u00e1s all\u00e1 de la primera revisi\u00f3n de cinco a\u00f1os del programa de gesti\u00f3n adaptativa del paso de peces, el propietario de la instalaci\u00f3n deber\u00e1 proporcionar un resumen en las declaraciones anuales de cumplimiento presentadas a LIHI de las actividades relacionadas con la implementaci\u00f3n del Acuerdo de conciliaci\u00f3n. <span class='tooltipsall tooltip_post_id_5566 classtoolTips59'>Paso de peces<\/span> Las medidas del Plan de Protecci\u00f3n; y proporcionar\u00e1 a LIHI una copia de los resultados del primer Intervalo de Evaluaci\u00f3n de Desempe\u00f1o de 5 a\u00f1os, incluyendo cualquier recomendaci\u00f3n de la agencia para modificar las instalaciones de paso de peces o el programa de monitoreo. LIHI se reserva el derecho de revocar la norma PLUS para el paso de peces si las agencias determinan que no se est\u00e1n cumpliendo los Objetivos de Desempe\u00f1o del paso de peces.<\/p>\n<p><strong>2025:<\/strong> No se identificaron cambios sustanciales ni problemas de cumplimiento. El proyecto se mantiene en cumplimiento seg\u00fan la revisi\u00f3n anual. Para las Condiciones 1 y 2, se presentaron informes y planes anuales. El informe quinquenal de la Condici\u00f3n 2 se presentar\u00e1 en 2025.<\/p>\n<p><strong>2024:<\/strong> No se identificaron cambios sustanciales ni problemas de cumplimiento. El proyecto se mantiene en cumplimiento seg\u00fan la revisi\u00f3n anual. Para las Condiciones 1 y 2, se presentaron informes y planes anuales.<\/p>\n<p><strong>2023:<\/strong> No se identificaron cambios sustanciales ni problemas de cumplimiento. El proyecto se mantiene en cumplimiento seg\u00fan la revisi\u00f3n anual. Para las Condiciones 1 y 2, se presentaron el informe anual de 2022 y el plan de 2023.<\/p>\n<p><strong>2022:<\/strong> No se identificaron cambios sustanciales ni problemas de cumplimiento. El proyecto se mantiene en cumplimiento seg\u00fan la revisi\u00f3n anual. Para las Condiciones 1 y 2, se presentaron el informe anual de 2021 y el plan de 2022.<\/p>\n<p><strong>2021:<\/strong> No se reportaron cambios ni problemas de cumplimiento. El proyecto se mantiene en cumplimiento seg\u00fan la revisi\u00f3n anual. Para las Condiciones 1 y 2, se presentaron el informe anual de 2020 y el plan de 2021.<\/p>\n<p><strong>2020:<\/strong> No se reportaron cambios ni problemas de cumplimiento. El proyecto se mantiene en cumplimiento seg\u00fan la revisi\u00f3n anual. 2020 fue el primer a\u00f1o de operaciones de paso de peces. Para las Condiciones 1 y 2, se presentaron el informe anual de 2019 y el plan de 2020.<\/p>\n<p><strong>2019:<\/strong> No se presentaron problemas de cumplimiento. El proyecto se mantiene en cumplimiento seg\u00fan la revisi\u00f3n anual. En cuanto a las Condiciones 1 y 2, no se reportaron cambios a la espera de la finalizaci\u00f3n del proyecto. <span class='tooltipsall tooltip_post_id_5568 classtoolTips128'>escala de peces<\/span>.<\/p>\n<p><strong>2018:<\/strong> La presentaci\u00f3n de informes anuales para el Certificado actual a\u00fan no ha entrado en vigor.<\/p>\n<hr \/>\n<h3>Historial de certificaciones<\/h3>\n<p><strong>1 de enero de 2022:<\/strong> El plazo del Certificado LIHI se ha extendido de acuerdo con la Revisi\u00f3n 2.05 del Manual de Certificaci\u00f3n LIHI 2.\u00aa Edici\u00f3n emitido el 1 de enero de 2022. Consulte la tabla de instalaciones anterior para conocer el nuevo plazo.<\/p>\n<p><strong>13 de noviembre de 2018:<\/strong>La decisi\u00f3n de certificar el Proyecto Hidroel\u00e9ctrico Opal Springs es definitiva. No se recibieron apelaciones durante el per\u00edodo de apelaci\u00f3n, que cerr\u00f3 el 8 de noviembre de 2018. El nuevo plazo de certificaci\u00f3n del Proyecto es del 25 de abril de 2018 al 24 de abril de 2028.<\/p>\n<p><strong>9 de octubre de 2018:<\/strong> El 8 de octubre de 2018, el Instituto de Energ\u00eda Hidroel\u00e9ctrica de Bajo Impacto (LIHI) aprob\u00f3 preliminarmente la Certificaci\u00f3n de Bajo Impacto para el Proyecto Hidroel\u00e9ctrico Opal Springs. Esta decisi\u00f3n es preliminar, a la espera del plazo de apelaci\u00f3n de 30 d\u00edas. Solo quienes comentaron sobre la solicitud inicial durante el plazo de 60 d\u00edas pueden presentar una apelaci\u00f3n. Dicha apelaci\u00f3n debe incluir una explicaci\u00f3n de por qu\u00e9 el Proyecto no cumple con los criterios del LIHI. Las solicitudes de apelaci\u00f3n pueden enviarse por correo electr\u00f3nico a <a href=\"mailto:comments@lowimpacthydro.org\">comments@lowimpacthydro.org<\/a> Con el asunto &quot;Proyecto Hidroel\u00e9ctrico Opal Springs&quot;, o por correo postal dirigido al Instituto de Energ\u00eda Hidroel\u00e9ctrica de Bajo Impacto, 329 Massachusetts Ave, Suite 2, Lexington, MA 02420. Todas las solicitudes se publicar\u00e1n en el sitio web. El solicitante tendr\u00e1 la oportunidad de responder, y cualquier respuesta tambi\u00e9n se publicar\u00e1. <strong>Las solicitudes deben recibirse antes de las 5 p. m., hora del Este, el 8 de noviembre de 2018.\u00a0 <\/strong>Si no se reciben solicitudes de apelaci\u00f3n y la decisi\u00f3n es definitiva, el per\u00edodo de certificaci\u00f3n para el Proyecto Opal Springs (pendiente LIHI # 145) ser\u00e1 del 25 de abril de 2018 al 24 de abril de 2028.<\/p>\n<p><strong>1 de mayo de 2018: <\/strong>El Instituto de Energ\u00eda Hidroel\u00e9ctrica de Bajo Impacto (LIHI) ha recibido una solicitud completa del Distrito H\u00eddrico del Valle de Deschutes para la Certificaci\u00f3n de Bajo Impacto del Proyecto Hidroel\u00e9ctrico Opal Springs (FERC n.\u00b0 5891). La presa del proyecto se ubica en la milla fluvial 7.0 del r\u00edo Crooked, afluente del r\u00edo Deschutes, en la ciudad de Culver, condado de Jefferson, Oreg\u00f3n. El LIHI solicita comentarios sobre la solicitud de certificaci\u00f3n de Opal Springs. Los comentarios directamente relacionados con criterios espec\u00edficos del LIHI (caudales, calidad del agua, paso de peces, etc.) ser\u00e1n de suma utilidad, pero todos los comentarios ser\u00e1n considerados. Los comentarios pueden enviarse al Instituto por correo electr\u00f3nico a\u00a0<a href=\"mailto:comments@lowimpacthydro.org\">comments@lowimpacthydro.org<\/a>\u00a0con \u201cComentarios de Opal Springs\u201d en la l\u00ednea de asunto, o por correo dirigido al Low Impact Hydropower Institute, 329 Massachusetts Avenue, Suite 2, Lexington, MA 02420.\u00a0 <strong>Los comentarios deben recibirse en el Instituto antes de las 5 p. m., hora del Este, el 30 de junio de 2018.<\/strong>\u00a0Se considerar\u00e1n todos los comentarios. Se publicar\u00e1n en el sitio web y el solicitante tendr\u00e1 la oportunidad de responder. Tambi\u00e9n se publicar\u00e1n todas las respuestas.<\/p>\n<hr \/>\n<h3>Archivos de certificaci\u00f3n<\/h3>\n<h4>Certificaci\u00f3n 2018<\/h4>\n<ul style=\"color: black;\">\n<li><a href=\"https:\/\/lowimpacthydro.org\/wp-content\/uploads\/2020\/07\/Opal-Springs_Review_Report-2018-10-08.pdf\">Informe de revisi\u00f3n de la certificaci\u00f3n de Opal Springs 2018<\/a><\/li>\n<li><a href=\"https:\/\/lowimpacthydro.org\/wp-content\/uploads\/2020\/07\/Opal-Springs_LIHI-Application-Final-04-2018.pdf\">Solicitud de certificaci\u00f3n de Opal Springs 2018<\/a><\/li>\n<li><a href=\"https:\/\/lowimpacthydro.org\/wp-content\/uploads\/2020\/09\/Opal-Springs_Application-Supplemental-Information-2018-09-14.pdf\">Informaci\u00f3n complementaria de la solicitud de certificaci\u00f3n de Opal Springs 2018<\/a><\/li>\n<\/ul>\n<hr \/>\n<h3>Documentos clave<\/h3>\n<ul>\n<li><a href=\"https:\/\/lowimpacthydro.org\/wp-content\/uploads\/2020\/12\/2018-Opal-Springs-FERC-Amendment.pdf\">Enmienda de la FERC de Opal Springs de 2018<\/a><\/li>\n<li><a href=\"https:\/\/lowimpacthydro.org\/wp-content\/uploads\/2020\/12\/2017-Opal-Springs-Applicant-Prepared-EA-Revision.pdf\">Revisi\u00f3n de la evaluaci\u00f3n ambiental de Opal Springs de 2017<\/a><\/li>\n<li><a href=\"https:\/\/lowimpacthydro.org\/wp-content\/uploads\/2020\/12\/2017-Opal-Springs-Amended-WQC.pdf\">Certificado de calidad del agua de Opal Springs (modificado en 2017)<\/a><\/li>\n<li><a href=\"https:\/\/lowimpacthydro.org\/wp-content\/uploads\/2020\/12\/2016-Opal-Springs-WQC.pdf\">Certificado de calidad del agua de Opal Springs 2016<\/a><\/li>\n<li><a href=\"https:\/\/lowimpacthydro.org\/wp-content\/uploads\/2020\/12\/2015-Opal-Springs-Fish-Passage-Settlement-Agreement.pdf\">Acuerdo de conciliaci\u00f3n del paso de peces de Opal Springs de 2015<\/a><\/li>\n<li><a href=\"https:\/\/lowimpacthydro.org\/wp-content\/uploads\/2020\/12\/2015-Opal-Springs-Applicant-Prepared-EA.pdf\">Evaluaci\u00f3n ambiental de Opal Springs 2015<\/a><\/li>\n<li><a href=\"https:\/\/lowimpacthydro.org\/wp-content\/uploads\/2020\/12\/1982-Opal-Springs-FERC-license.pdf\">Licencia FERC de Opal Springs de 1982<\/a><\/li>\n<\/ul>","protected":false},"excerpt":{"rendered":"<p>Project Name Opal Springs LIHI Certificate No. 145 LIHI Certificate Term April 25, 2018 \u2013 April 24, 2033 Owner Deschutes Valley Water District State Oregon Location<span class=\"excerpt-hellip\"> [\u2026]<\/span><\/p>\n","protected":false},"author":3,"featured_media":4088,"parent":0,"menu_order":0,"comment_status":"closed","ping_status":"closed","template":"","meta":{"_coblocks_attr":"","_coblocks_dimensions":"","_coblocks_responsive_height":"","_coblocks_accordion_ie_support":"","om_disable_all_campaigns":false,"_monsterinsights_skip_tracking":false,"_monsterinsights_sitenote_active":false,"_monsterinsights_sitenote_note":"","_monsterinsights_sitenote_category":0,"footnotes":""},"class_list":["post-723","page","type-page","status-publish","has-post-thumbnail","hentry"],"aioseo_notices":[],"_links":{"self":[{"href":"https:\/\/lowimpacthydro.org\/es\/wp-json\/wp\/v2\/pages\/723","targetHints":{"allow":["GET"]}}],"collection":[{"href":"https:\/\/lowimpacthydro.org\/es\/wp-json\/wp\/v2\/pages"}],"about":[{"href":"https:\/\/lowimpacthydro.org\/es\/wp-json\/wp\/v2\/types\/page"}],"author":[{"embeddable":true,"href":"https:\/\/lowimpacthydro.org\/es\/wp-json\/wp\/v2\/users\/3"}],"replies":[{"embeddable":true,"href":"https:\/\/lowimpacthydro.org\/es\/wp-json\/wp\/v2\/comments?post=723"}],"version-history":[{"count":13,"href":"https:\/\/lowimpacthydro.org\/es\/wp-json\/wp\/v2\/pages\/723\/revisions"}],"predecessor-version":[{"id":9590,"href":"https:\/\/lowimpacthydro.org\/es\/wp-json\/wp\/v2\/pages\/723\/revisions\/9590"}],"wp:featuredmedia":[{"embeddable":true,"href":"https:\/\/lowimpacthydro.org\/es\/wp-json\/wp\/v2\/media\/4088"}],"wp:attachment":[{"href":"https:\/\/lowimpacthydro.org\/es\/wp-json\/wp\/v2\/media?parent=723"}],"curies":[{"name":"gracias","href":"https:\/\/api.w.org\/{rel}","templated":true}]}}