{"id":714,"date":"2020-07-16T16:33:35","date_gmt":"2020-07-16T20:33:35","guid":{"rendered":"https:\/\/lowimpacthydro.org\/new\/?page_id=714"},"modified":"2025-10-24T11:08:39","modified_gmt":"2025-10-24T15:08:39","slug":"lihi-certificate-146-essex-19-hydroelectric-project-vermont","status":"publish","type":"page","link":"https:\/\/lowimpacthydro.org\/es\/lihi-certificate-146-essex-19-hydroelectric-project-vermont\/","title":{"rendered":"Certificado LIHI #146 - Proyecto Essex 19, VT"},"content":{"rendered":"<table class=\"alignright\" style=\"width: 351px; border: 2px; cellspacing: 2px; cellpadding: 2px; margin-left: 50px;\">\n<tbody>\n<tr style=\"height: 24px;\">\n<td style=\"width: 48.0712%; height: 24px;\"><strong>Nombre del proyecto<\/strong><\/td>\n<td style=\"width: 49.2582%; height: 24px;\">Essex 19<\/td>\n<\/tr>\n<tr style=\"height: 24px;\">\n<td style=\"width: 48.0712%; height: 24px;\"><strong>Certificado LIHI No.<\/strong><\/td>\n<td style=\"width: 49.2582%; height: 24px;\">146<\/td>\n<\/tr>\n<tr style=\"height: 48px;\">\n<td style=\"width: 48.0712%; height: 48px;\"><strong>Plazo del certificado LIHI<br \/>\n<\/strong><\/td>\n<td style=\"width: 49.2582%; height: 48px;\">31 de octubre de 2018 \u2013 30 de octubre de 2023, prorrogado hasta el 30 de octubre de 2026<\/td>\n<\/tr>\n<tr style=\"height: 48px;\">\n<td style=\"width: 48.0712%; height: 48px;\"><strong>Due\u00f1o<\/strong><\/td>\n<td style=\"width: 49.2582%; height: 48px;\">Corporaci\u00f3n de energ\u00eda Green Mountain<\/td>\n<\/tr>\n<tr style=\"height: 24px;\">\n<td style=\"width: 48.0712%; height: 24px;\"><strong>Estado<\/strong><\/td>\n<td style=\"width: 49.2582%; height: 24px;\">Vermont<\/td>\n<\/tr>\n<tr style=\"height: 120px;\">\n<td style=\"width: 48.0712%; height: 120px;\"><strong>Ubicaci\u00f3n<\/strong><\/td>\n<td style=\"width: 49.2582%; height: 120px;\">Milla fluvial 17,6 en el cauce principal del r\u00edo Winooski en los municipios de Essex Junction y Williston, condado de Chittenden, Vermont.<\/td>\n<\/tr>\n<tr style=\"height: 24px;\">\n<td style=\"width: 48.0712%; height: 24px;\"><strong>Capacidad instalada<\/strong><\/td>\n<td style=\"width: 49.2582%; height: 24px;\">8,05 MW<\/td>\n<\/tr>\n<tr style=\"height: 61px;\">\n<td style=\"width: 48.0712%; height: 10px;\"><strong>Generaci\u00f3n media anual<\/strong><\/td>\n<td style=\"width: 49.2582%; height: 10px;\">42.925 MWh<\/td>\n<\/tr>\n<tr style=\"height: 24px;\">\n<td style=\"width: 48.0712%; height: 24px;\"><strong>Tipo de instalaci\u00f3n<\/strong><\/td>\n<td style=\"width: 49.2582%; height: 24px;\">Modificado <span class='tooltipsall tooltip_post_id_5617 classtoolTips132'>alcanzando su punto m\u00e1ximo<\/span><\/td>\n<\/tr>\n<tr style=\"height: 48px;\">\n<td style=\"width: 48.0712%; height: 48px;\"><strong><span class='tooltipsall tooltip_post_id_5565 classtoolTips152'>Comisi\u00f3n Federal de Comercio<\/span> No.<\/strong><\/td>\n<td style=\"width: 49.2582%; height: 48px;\">P-2513 emitido en 1995, vence el 28\/02\/2025<\/td>\n<\/tr>\n<\/tbody>\n<\/table>\n<p>El Proyecto Essex 19 se ubica en el cauce principal del r\u00edo Winooski, en las localidades de Essex Junction y Williston, en el condado de Chittenden, Vermont. El r\u00edo Winooski fluye hacia el noroeste hasta el lago Champlain. <span class='tooltipsall tooltip_post_id_5545 classtoolTips158'>presa<\/span> Se construy\u00f3 en las cataratas Hubble entre 1913 y 1917; sin embargo, desde finales del siglo XVIII existe una presa en este lugar. La presa original se derrumb\u00f3 en 1798, y se construy\u00f3 otra justo aguas arriba de la ubicaci\u00f3n actual. Poco despu\u00e9s de 1830, se construy\u00f3 una presa de madera justo aguas abajo de la ubicaci\u00f3n actual. El proyecto se ubica aguas abajo de otros nueve proyectos hidroel\u00e9ctricos, incluyendo el <a href=\"https:\/\/lowimpacthydro.org\/es\/lihi-certificate-77-winooski-8-hydroelectric-project-vermont\/\">Proyecto Winooski No. 8 (LIHI #77<\/a>). Continuando r\u00edo abajo, hay otros dos proyectos hidroel\u00e9ctricos, uno de los cuales es el <a href=\"https:\/\/lowimpacthydro.org\/es\/lihi-certificate-16-winooski-one-chace-mill-hydroelectric-project-vermont\/\">Proyecto Winooski One (Chace Mill) (LIHI #16)<\/a>El proyecto Essex 19 es propiedad de Green Mountain Power (GMP), la primera empresa de servicios p\u00fablicos de energ\u00eda certificada como <a href=\"https:\/\/bcorporation.net\/\">Corporaci\u00f3n B.<\/a><\/p>\n<p>El proyecto incluye un proyecto de hormig\u00f3n <span class='tooltipsall tooltip_post_id_5580 classtoolTips81'>presa de gravedad<\/span>, <span class='tooltipsall tooltip_post_id_5651 classtoolTips116'>aliviadero<\/span>, seis <span class='tooltipsall tooltip_post_id_5619 classtoolTips124'>tuber\u00edas forzadas<\/span>, <span class='tooltipsall tooltip_post_id_5624 classtoolTips102'>central el\u00e9ctrica<\/span>, cuatro turbinas tipo Francis, una unidad de caudal m\u00ednimo, alcance desviado y <span class='tooltipsall tooltip_post_id_5566 classtoolTips59'>paso de peces<\/span> instalaci\u00f3n.<\/p>\n<p>La presa tiene 495 pies de largo con una secci\u00f3n de aliviadero no controlado de 345 pies de largo por 45 pies de alto coronada con un inflable de 5 pies de alto. <span class='tooltipsall tooltip_post_id_5569 classtoolTips79'>tableros de flash<\/span>y una secci\u00f3n de punta de 84 pies de largo por 45 pies de alto rematada con tablas de despegue inflables de 6.5 pies de alto. Dos tubos de acero de 3 pies de di\u00e1metro\/<span class='tooltipsall tooltip_post_id_5551 classtoolTips110'>desviaci\u00f3n<\/span> Tuber\u00edas forzadas y cuatro tuber\u00edas forzadas de acero\/derivaci\u00f3n de 2,7 metros de di\u00e1metro se extienden desde la presa hasta la central el\u00e9ctrica. Esta \u00faltima contiene cuatro turbinas horizontales tipo Francis, as\u00ed como una unidad de caudal m\u00ednimo ubicada en una antigua bah\u00eda de excitaci\u00f3n en desuso, que consiste en una turbina horizontal doble tipo Francis. La capacidad total instalada es de 8,05 MW.<\/p>\n<p>El proyecto funciona en gran medida como una instalaci\u00f3n de punta modificada con suministro estacional. <span class='tooltipsall tooltip_post_id_5643 classtoolTips52'>de pasada<\/span> Opera y almacena un embalse de 352 acres. Los caudales var\u00edan estacionalmente:<\/p>\n<ul style=\"color: black;\">\n<li>Del 16 de mayo al 15 de junio, el proyecto prev\u00e9 un caudal m\u00ednimo de 1.000 pies c\u00fabicos por segundo, o una entrada si es menor, para la protecci\u00f3n del h\u00e1bitat de desove e incubaci\u00f3n del esturi\u00f3n del Atl\u00e1ntico.<\/li>\n<li>Del 16 de junio al 31 de marzo, el proyecto prev\u00e9 un caudal m\u00ednimo de 450 pies c\u00fabicos por segundo, o una entrada si es menor, para la protecci\u00f3n del h\u00e1bitat de los salm\u00f3nidos.<\/li>\n<li>Del 1 de abril al 15 de mayo, el proyecto opera en r\u00e9gimen de pasada con un caudal m\u00ednimo de 50 pies c\u00fabicos por segundo (o caudal de entrada, si es menor), hacia el tramo desviado a trav\u00e9s del paso de peces (desde la instalaci\u00f3n de la unidad de caudal m\u00ednimo, el proyecto libera todos los caudales inferiores a 100 pies c\u00fabicos por segundo hacia el tramo desviado a trav\u00e9s del paso de peces aguas abajo). El caudal de salida se aproxima al caudal de entrada de forma instant\u00e1nea para proteger el h\u00e1bitat de desove e incubaci\u00f3n de la lucioperca americana.<\/li>\n<\/ul>\n<p>El proyecto cuenta con licencia para operaciones limitadas durante el pico de demanda entre el 16 de mayo y el 31 de marzo, pero GMP no opera el proyecto durante ese periodo. Cuando el caudal del r\u00edo supera los 275 pies c\u00fabicos por segundo (cfs), los caudales se liberan a trav\u00e9s de la derivaci\u00f3n (mediante el paso de peces aguas abajo) y de las turbinas. Cuando los caudales del r\u00edo superan los 100 pies c\u00fabicos por segundo (cfs), los caudales se liberan tanto a trav\u00e9s de la derivaci\u00f3n como de la unidad de caudal m\u00ednimo, y cuando los caudales son inferiores a 100 pies c\u00fabicos por segundo (cfs), los caudales se liberan a trav\u00e9s de la derivaci\u00f3n. Este r\u00e9gimen de caudal se desarroll\u00f3 en consulta con la Agencia de Recursos Naturales de Vermont (VANR) para garantizar la protecci\u00f3n del h\u00e1bitat acu\u00e1tico.<\/p>\n<p>Las aguas dentro del alcance del proyecto, tanto aguas arriba como aguas abajo, se clasifican como contaminadas debido a la presencia de E. coli. Sin embargo, el VANR ha determinado que el deterioro no se debe a las operaciones del proyecto. El deterioro aguas abajo se debe a los desbordamientos de las alcantarillas combinadas de las ciudades de Burlington y Essex, y el deterioro aguas arriba se debe, de igual manera, a los desbordamientos de la Planta de Tratamiento de Aguas Residuales de Montpelier.<\/p>\n<p>El r\u00edo Winooski y la cuenca del lago Champlain alguna vez albergaron muchos <span class='tooltipsall tooltip_post_id_5518 classtoolTips36'>pez an\u00e1dromo<\/span> especies como el esturi\u00f3n y el salm\u00f3n del Atl\u00e1ntico. Sin embargo, la destrucci\u00f3n del h\u00e1bitat y la sobrepesca... <span class='tooltipsall tooltip_post_id_5561 classtoolTips99'>extirpado<\/span> Estas especies de la zona hace unos 150 a\u00f1os. Desde entonces, se han realizado esfuerzos para facilitar el paso del salm\u00f3n sin litoral desde el lago Champlain hasta los r\u00edos para el desove. El propietario del proyecto se coordina con el proyecto de elevaci\u00f3n de peces Winooski One para facilitar la migraci\u00f3n de la poblaci\u00f3n de salm\u00f3n. <span class='tooltipsall tooltip_post_id_5666 classtoolTips49'>trampa y cami\u00f3n<\/span> Los costos de operaci\u00f3n se comparten entre las instalaciones y el salm\u00f3n se libera aguas arriba del proyecto. En julio de 2018 se implementaron medidas temporales para el paso aguas abajo con una estructura de vertedero temporal. En 2019, se construyeron estructuras m\u00e1s permanentes con la asesor\u00eda del Servicio de Pesca y Vida Silvestre de los Estados Unidos (USFWS) y VANR. El propietario incorpor\u00f3 las recomendaciones de estas agencias en el vertedero permanente para el paso de peces aguas abajo y cambi\u00f3 la temporada de paso aguas abajo seg\u00fan lo solicitado por el USFWS. Los vertederos de basura con una separaci\u00f3n de una pulgada mitigan el potencial de <span class='tooltipsall tooltip_post_id_5558 classtoolTips77'>arrastre<\/span>.<\/p>\n<p>Los terrenos del proyecto abarcan aproximadamente 4,5 acres. Si bien no existen terrenos de valor ecol\u00f3gico significativo en el \u00e1rea del proyecto, un plan de gesti\u00f3n del paisaje rige la gesti\u00f3n de la vegetaci\u00f3n. Este plan garantiza la integraci\u00f3n de las obras del proyecto con el paisaje, as\u00ed como el mantenimiento de la vegetaci\u00f3n alrededor de la central el\u00e9ctrica y el tramo de circunvalaci\u00f3n.<\/p>\n<p>Entre las especies amenazadas o en peligro de extinci\u00f3n que podr\u00edan encontrarse en las inmediaciones del proyecto se incluyen el murci\u00e9lago orejudo norte\u00f1o, el murci\u00e9lago de Indiana, el escarabajo tigre de adoqu\u00edn, la serpiente de cascabel de Boott y el murci\u00e9lago tricolor. Las operaciones de flujo del proyecto no interfieren con ninguna de las especies mencionadas y existe una falta de h\u00e1bitat adecuado dentro de los l\u00edmites del proyecto para ninguna de las especies incluidas.<\/p>\n<p>La infraestructura del proyecto, incluida la presa, la estructura de toma, las tuber\u00edas forzadas y la central el\u00e9ctrica, es elegible para su inclusi\u00f3n en la lista <span class='tooltipsall tooltip_post_id_5606 classtoolTips1'>Registro Nacional de Lugares Hist\u00f3ricos<\/span>Estas estructuras representan los a\u00f1os de formaci\u00f3n de la industria hidroel\u00e9ctrica en Vermont, antes de la Primera Guerra Mundial. Los informes anuales de las actividades realizadas en el marco del plan de gesti\u00f3n de recursos culturales del proyecto se presentan ante la Divisi\u00f3n de Preservaci\u00f3n Hist\u00f3rica de Vermont y la FERC.<\/p>\n<p>Los recursos recreativos del proyecto incluyen un porteo de canoas, una rampa para botes, un \u00e1rea de uso diurno y se\u00f1alizaci\u00f3n interpretativa. El acceso p\u00fablico es gratuito.<\/p>\n<hr \/>\n<h3>Estado de cumplimiento<\/h3>\n<p><strong>El certificado incluye las siguientes condiciones:<\/strong><\/p>\n<p><strong>Condici\u00f3n 1:<\/strong> El Propietario de la instalaci\u00f3n seguir\u00e1 colaborando con el VDEC para determinar cualquier necesidad adicional de monitoreo continuo e informes de operaciones y flujos, actualizar el plan de cumplimiento operativo del Proyecto en consulta con las agencias de recursos y, con el consentimiento de estas, presentar dicho plan ante la FERC. El Propietario informar\u00e1 sobre el progreso de estas iniciativas hasta que el plan final sea presentado y aprobado por la FERC, en las declaraciones anuales de cumplimiento presentadas a LIHI.<\/p>\n<p><strong><em>Condici\u00f3n satisfecha en 2019<\/em>. Condici\u00f3n 2:<\/strong> El propietario de la instalaci\u00f3n deber\u00e1 completar la instalaci\u00f3n durante la temporada de construcci\u00f3n de 2019 de las mejoras permanentes del vertedero, incluidas las necesarias. <span class='tooltipsall tooltip_post_id_5620 classtoolTips86'>piscina de inmersi\u00f3n<\/span> o modificaciones de rocas en consulta con el Departamento de Conservaci\u00f3n de Recursos Naturales (VDEC) y el Servicio de Pesca y Vida Silvestre (USFWS). El Propietario deber\u00e1 presentar ante la FERC el procedimiento operativo est\u00e1ndar (POE) revisado del paso aguas abajo y el ajuste de la sincronizaci\u00f3n del paso de manantial solicitado por la agencia, y proporcionar una copia a LIHI. Al iniciar las operaciones del paso, y en consulta con las agencias de recursos, el Propietario deber\u00e1 implementar el monitoreo y las pruebas de efectividad del paso aguas abajo, de conformidad con el Art\u00edculo 410 de la licencia o los requisitos actualizados correspondientes. El Propietario deber\u00e1 informar sobre el estado del paso aguas abajo en las declaraciones anuales de cumplimiento que presente a LIHI.<\/p>\n<p><strong>2025:<\/strong> No se identificaron cambios sustanciales ni problemas de cumplimiento. El proyecto se mantiene en cumplimiento seg\u00fan la revisi\u00f3n anual. Para la Condici\u00f3n 1, el proyecto inform\u00f3 sobre la renovaci\u00f3n de la licencia en curso, incluyendo estudios y consultas en curso sobre el paso de peces r\u00edo abajo y los recursos culturales.<\/p>\n<p><strong>2024:<\/strong> No se identificaron cambios sustanciales ni problemas de cumplimiento. El proyecto se mantiene en cumplimiento seg\u00fan la revisi\u00f3n anual. Para la Condici\u00f3n 1, el proyecto inform\u00f3 sobre la renovaci\u00f3n de la licencia en curso, incluyendo estudios y consultas sobre el paso de peces r\u00edo abajo y los recursos culturales.<\/p>\n<p><strong>2023:<\/strong> No se identificaron cambios sustanciales ni problemas de cumplimiento. El proyecto se mantiene en cumplimiento seg\u00fan la revisi\u00f3n anual. Para la Condici\u00f3n 1, el proyecto inform\u00f3 la finalizaci\u00f3n de la mayor\u00eda de los estudios de renovaci\u00f3n de licencias y present\u00f3 la solicitud de licencia final el 28 de febrero de 2023.<\/p>\n<p><strong>2022:<\/strong> No se identificaron cambios sustanciales ni problemas de cumplimiento. El proyecto se mantiene en cumplimiento seg\u00fan la revisi\u00f3n anual. Para la Condici\u00f3n 1, el proyecto inform\u00f3 la finalizaci\u00f3n del monitoreo de la calidad del agua. Se prev\u00e9n estudios de caudal de derivaci\u00f3n y caudal est\u00e9tico en 2022. Los documentos de renovaci\u00f3n de la licencia indican que el proyecto planea pasar a operaciones de pasada con la nueva licencia.<\/p>\n<p><strong>2021:<\/strong> No se reportaron cambios ni problemas de cumplimiento. El proyecto mantiene su cumplimiento seg\u00fan la revisi\u00f3n anual. Para la Condici\u00f3n 1, el proyecto report\u00f3 la presentaci\u00f3n trimestral de informes de renovaci\u00f3n de licencias ante la FERC.<\/p>\n<p><strong>2020:<\/strong> No se reportaron cambios ni problemas de cumplimiento. El proyecto se mantiene en cumplimiento seg\u00fan la revisi\u00f3n anual. El proyecto inici\u00f3 la renovaci\u00f3n de la licencia de la FERC con la presentaci\u00f3n del PAD el 27 de febrero de 2020. Para la Condici\u00f3n 1, la consulta informada del proyecto continuar\u00e1 durante el proceso de renovaci\u00f3n de la licencia.<\/p>\n<p><strong>2019:<\/strong> No se reportaron problemas de cumplimiento. El proyecto sigue vigente seg\u00fan la revisi\u00f3n anual. Para la Condici\u00f3n 1, el proyecto inform\u00f3 que se est\u00e1 llevando a cabo una consulta con la agencia centrada en el paso de peces r\u00edo abajo. Para la Condici\u00f3n 1, el proyecto inform\u00f3 la instalaci\u00f3n de mejoras en la presa y la aprobaci\u00f3n de una extensi\u00f3n de dos semanas de la temporada de paso r\u00edo abajo, del 15 de abril al 30 de junio, por parte de la agencia, lo que cumple con la condici\u00f3n.<\/p>\n<p><strong>2018:<\/strong> La presentaci\u00f3n de informes anuales para el Certificado actual a\u00fan no ha entrado en vigor.<\/p>\n<hr \/>\n<h3>Historial de certificaciones<\/h3>\n<p><strong>18 de diciembre de 2018: <\/strong>La decisi\u00f3n de certificar el Proyecto Hidroel\u00e9ctrico Essex 19 es definitiva. No se recibieron apelaciones durante el per\u00edodo de apelaci\u00f3n, que cerr\u00f3 el 16 de diciembre de 2018. El nuevo plazo de certificaci\u00f3n del Proyecto es del 31 de octubre de 2018 al 30 de octubre de 2023.<\/p>\n<p><strong>16 de noviembre de 2018:<\/strong>El Instituto de Energ\u00eda Hidroel\u00e9ctrica de Bajo Impacto (LIHI) aprob\u00f3 preliminarmente la Certificaci\u00f3n de Bajo Impacto para el Proyecto Hidroel\u00e9ctrico Essex 19. Esta decisi\u00f3n es preliminar, a la espera del plazo de apelaci\u00f3n de 30 d\u00edas. Solo quienes presentaron comentarios sobre la solicitud inicial durante el plazo de 60 d\u00edas pueden presentar una apelaci\u00f3n. Dicha apelaci\u00f3n debe incluir una explicaci\u00f3n de por qu\u00e9 el Proyecto no cumple con los criterios del LIHI. Las solicitudes de apelaci\u00f3n pueden enviarse por correo electr\u00f3nico a <a href=\"mailto:comments@lowimpacthydro.org\">comments@lowimpacthydro.org<\/a> Con el asunto &quot;Proyecto Hidroel\u00e9ctrico Essex 19&quot;, o por correo postal dirigido al Instituto de Energ\u00eda Hidroel\u00e9ctrica de Bajo Impacto, 329 Massachusetts Ave, Suite 2, Lexington, MA 02420. Todas las solicitudes se publicar\u00e1n en el sitio web. El solicitante tendr\u00e1 la oportunidad de responder, y cualquier respuesta tambi\u00e9n se publicar\u00e1. <strong>Las solicitudes deben recibirse antes de las 5 p. m., hora del Este, el 16 de diciembre de 2018.\u00a0 <\/strong>La solicitud completa y el informe de los revisores est\u00e1n disponibles a continuaci\u00f3n. Si no se reciben solicitudes de apelaci\u00f3n y la decisi\u00f3n es definitiva, el plazo de certificaci\u00f3n del Proyecto Essex 19 ser\u00e1 del 31 de octubre de 2018 al 30 de octubre de 2023.<\/p>\n<p><strong>6 de enero de 2016: <\/strong>El 30 de diciembre de 2016, el Low Impact Hydropower Institute (LIHI) recibi\u00f3 una solicitud completa de Green Mountain Power Corporation para la Certificaci\u00f3n de Bajo Impacto del proyecto hidroel\u00e9ctrico Essex 19, ubicado en la milla fluvial 17,6 en el cauce principal del r\u00edo Winooski en los municipios de Essex Junction y Williston, condado de Chittenden, Vermont.<\/p>\n<hr \/>\n<h3>Archivos de certificaci\u00f3n<\/h3>\n<h4>Certificaci\u00f3n 2018<\/h4>\n<ul style=\"color: black;\">\n<li><a href=\"https:\/\/lowimpacthydro.org\/wp-content\/uploads\/2020\/07\/Essex-19-Certification-Report-Final-2018-11-06.pdf\">Informe final de revisi\u00f3n de la certificaci\u00f3n Essex 19 (2018)<\/a><\/li>\n<li><a href=\"https:\/\/lowimpacthydro.org\/wp-content\/uploads\/2020\/07\/Essex-19-Certification-Report-Final-2018-11-06.pdf\">Solicitud de certificaci\u00f3n LIHI de Essex 19 2016<\/a><\/li>\n<li><a href=\"https:\/\/lowimpacthydro.org\/wp-content\/uploads\/2020\/07\/USFWS-ltr-regrading-LIHI-certification.pdf\">Carta de comentarios del Servicio de Pesca y Vida Silvestre de EE. UU. de 2016<\/a><\/li>\n<li><a href=\"https:\/\/lowimpacthydro.org\/wp-content\/uploads\/2020\/07\/20170312_VTANR_Essex-19-LIHI-Comments-1.pdf\">Carta de comentarios del Departamento de Conservaci\u00f3n Ambiental de Vermont (2017)<\/a><\/li>\n<li><a href=\"https:\/\/lowimpacthydro.org\/wp-content\/uploads\/2020\/07\/GMP-Response-to-VDEC-LIHI-Letter-E19-2017-04-06.pdf\">Respuesta de Green Mountain Power a la carta de comentarios del Departamento de Conservaci\u00f3n Ambiental de Vermont de 2017<\/a><\/li>\n<\/ul>\n<hr \/>\n<h3>Documentos clave<\/h3>\n<ul>\n<li><a href=\"https:\/\/lowimpacthydro.org\/wp-content\/uploads\/2020\/12\/1995-Essex-19-FERC-license-and-EA.pdf\">Licencia FERC Essex 19 de 1995<\/a><\/li>\n<li><a href=\"https:\/\/lowimpacthydro.org\/wp-content\/uploads\/2020\/12\/1993-Essex-19-WQC.pdf\">Certificado de calidad del agua de Essex 19, 1993<\/a><\/li>\n<\/ul>","protected":false},"excerpt":{"rendered":"<p>Project Name Essex 19 LIHI Certificate No. 146 LIHI Certificate Term October 31, 2018 \u2013 October 30, 2023 extended to October 30, 2026 Owner Green Mountain<span class=\"excerpt-hellip\"> [\u2026]<\/span><\/p>\n","protected":false},"author":3,"featured_media":-1,"parent":0,"menu_order":0,"comment_status":"closed","ping_status":"closed","template":"","meta":{"_coblocks_attr":"","_coblocks_dimensions":"","_coblocks_responsive_height":"","_coblocks_accordion_ie_support":"","om_disable_all_campaigns":false,"_monsterinsights_skip_tracking":false,"_monsterinsights_sitenote_active":false,"_monsterinsights_sitenote_note":"","_monsterinsights_sitenote_category":0,"footnotes":""},"class_list":["post-714","page","type-page","status-publish","has-post-thumbnail","hentry"],"aioseo_notices":[],"_links":{"self":[{"href":"https:\/\/lowimpacthydro.org\/es\/wp-json\/wp\/v2\/pages\/714","targetHints":{"allow":["GET"]}}],"collection":[{"href":"https:\/\/lowimpacthydro.org\/es\/wp-json\/wp\/v2\/pages"}],"about":[{"href":"https:\/\/lowimpacthydro.org\/es\/wp-json\/wp\/v2\/types\/page"}],"author":[{"embeddable":true,"href":"https:\/\/lowimpacthydro.org\/es\/wp-json\/wp\/v2\/users\/3"}],"replies":[{"embeddable":true,"href":"https:\/\/lowimpacthydro.org\/es\/wp-json\/wp\/v2\/comments?post=714"}],"version-history":[{"count":20,"href":"https:\/\/lowimpacthydro.org\/es\/wp-json\/wp\/v2\/pages\/714\/revisions"}],"predecessor-version":[{"id":10141,"href":"https:\/\/lowimpacthydro.org\/es\/wp-json\/wp\/v2\/pages\/714\/revisions\/10141"}],"wp:featuredmedia":[{"embeddable":true,"href":"https:\/\/lowimpacthydro.org\/es\/wp-json\/"}],"wp:attachment":[{"href":"https:\/\/lowimpacthydro.org\/es\/wp-json\/wp\/v2\/media?parent=714"}],"curies":[{"name":"gracias","href":"https:\/\/api.w.org\/{rel}","templated":true}]}}