{"id":7043,"date":"2023-03-07T08:26:55","date_gmt":"2023-03-07T13:26:55","guid":{"rendered":"https:\/\/lowimpacthydro.org\/?page_id=7043"},"modified":"2023-07-21T13:11:53","modified_gmt":"2023-07-21T13:11:53","slug":"dexter-project-new-york","status":"publish","type":"page","link":"https:\/\/lowimpacthydro.org\/es\/dexter-project-new-york\/","title":{"rendered":"Proyecto Dexter: Solicitud completa recibida"},"content":{"rendered":"<table class=\"alignright\" style=\"width: 351px; border: 2px; cellspacing: 2px; cellpadding: 2px; margin-left: 50px;\">\n<tbody>\n<tr>\n<td style=\"border-style: solid;\" width=\"162\"><strong>Nombre del proyecto<\/strong><\/td>\n<td style=\"border-style: solid;\" width=\"180\">Diestro<\/td>\n<\/tr>\n<tr>\n<td style=\"border-style: solid;\"><strong>Certificado LIHI No.<br \/>\n<\/strong><\/td>\n<td style=\"border-style: solid;\">N \/ A<\/td>\n<\/tr>\n<tr>\n<td style=\"border-style: solid;\"><strong>Plazo del certificado LIHI<br \/>\n<\/strong><\/td>\n<td style=\"border-style: solid;\">N \/ A<\/td>\n<\/tr>\n<tr>\n<td style=\"border-style: solid;\" width=\"162\"><strong>Due\u00f1o<\/strong><\/td>\n<td style=\"border-style: solid;\" width=\"180\">Hydro Development Group Acquisition LLC, una subsidiaria de LS Power\/ Patriot Hydro LLC<\/td>\n<\/tr>\n<tr>\n<td style=\"border-style: solid;\" width=\"162\"><strong>Estado<\/strong><\/td>\n<td style=\"border-style: solid;\" width=\"180\">Nueva York<\/td>\n<\/tr>\n<tr>\n<td style=\"border-style: solid;\" width=\"162\"><strong>Ubicaci\u00f3n<\/strong><\/td>\n<td style=\"border-style: solid;\" width=\"180\">Milla fluvial 1,5 en el r\u00edo Negro<\/td>\n<\/tr>\n<tr>\n<td style=\"border-style: solid;\" width=\"162\"><strong>Capacidad instalada<\/strong><\/td>\n<td style=\"border-style: solid;\" width=\"180\">4,3 MW<\/td>\n<\/tr>\n<tr>\n<td style=\"border-style: solid;\" width=\"162\"><strong>Generaci\u00f3n media anual<\/strong><\/td>\n<td style=\"border-style: solid;\" width=\"180\">16.244 MWh<\/td>\n<\/tr>\n<tr>\n<td style=\"border-style: solid;\" width=\"162\"><strong>Tipo de instalaci\u00f3n<\/strong><\/td>\n<td style=\"border-style: solid;\" width=\"180\"><span class='tooltipsall tooltip_post_id_5643 classtoolTips52'>De pasada<\/span><\/td>\n<\/tr>\n<tr>\n<td style=\"border-style: solid;\" width=\"162\"><strong><span class='tooltipsall tooltip_post_id_5565 classtoolTips152'>Comisi\u00f3n Federal de Comercio<\/span> No.<\/strong><\/td>\n<td style=\"border-style: solid;\" width=\"180\">P-2695. Licencia <span class='tooltipsall tooltip_post_id_5562 classtoolTips113'>exenci\u00f3n<\/span> Emitida el 4 de junio de 1982, enmendada el 5 de agosto de 1986<\/td>\n<\/tr>\n<\/tbody>\n<\/table>\n<p>El Proyecto Hidroel\u00e9ctrico Dexter se ubica en el r\u00edo Black, en el condado de Jefferson, Nueva York, y es propiedad de Hydro Development Group Acquisition, LLC (HDG), quien tambi\u00e9n lo opera. El r\u00edo Black se encuentra en la cuenca hidrogr\u00e1fica del r\u00edo Black y tiene una longitud de 200 kil\u00f3metros. Las presas de Dexter fueron construidas originalmente alrededor de 1900 por Dexter Sulphite Pulp and Paper Company. La documentaci\u00f3n hist\u00f3rica indica que HDG adquiri\u00f3 el proyecto en 1978. Desde entonces, se han producido varios cambios de propiedad:<\/p>\n<ul style=\"color: black;\">\n<li>Consolidated Hydro, Inc. (CHI) adquiri\u00f3 HDG en 1995. CHI se reorganiz\u00f3 como CHI Energy, Inc. aproximadamente en 1998.<\/li>\n<li>CHI Energy, Inc. fue adquirida por Enel SPA en diciembre de 2000 y pas\u00f3 a llamarse Enel North America, Inc. (Enel). Enel sufri\u00f3 cambios de nombre posteriores, pero sigui\u00f3 siendo la misma empresa.<\/li>\n<li>La exenci\u00f3n se transfiri\u00f3 de HDG a Hydro Development Group Acquisition, LLC en marzo de 2015. Esto fue parte de una gran reorganizaci\u00f3n de Enel Green Power North America, Inc.<\/li>\n<li>Central Rivers Power (CRP) adquiri\u00f3 el Proyecto Dexter (como parte de una flota m\u00e1s grande de activos hidroel\u00e9ctricos) en enero de 2020, pero no cambi\u00f3 el nombre del exento.<\/li>\n<li>LS Power adquiri\u00f3 la mayor\u00eda de los activos hidroel\u00e9ctricos de CRP a fines de diciembre de 2022 y form\u00f3 Patriot Hydro, LLC, de la cual HDG es una subsidiaria.<\/li>\n<\/ul>\n<p>La exenci\u00f3n fue modificada en 1985 para reurbanizar el proyecto mediante el retiro de tres unidades de turbinas y la instalaci\u00f3n de seis nuevas unidades, una nueva <span class='tooltipsall tooltip_post_id_5656 classtoolTips92'>subestaci\u00f3n<\/span>, una nueva l\u00ednea de transmisi\u00f3n y la reubicaci\u00f3n de la escala de peces aguas arriba en <span class='tooltipsall tooltip_post_id_5545 classtoolTips158'>Presa<\/span>#18. En respuesta a la Evaluaci\u00f3n Ambiental (EA) de la FERC, el Servicio de Pesca y Vida Silvestre de EE. UU. apoy\u00f3 la reubicaci\u00f3n de la escala de peces. La EA tambi\u00e9n cita conversaciones telef\u00f3nicas con el Departamento de Conservaci\u00f3n Ambiental del Estado de Nueva York (NYSDEC) que indican que el proyecto no afectar\u00eda significativamente los recursos.<\/p>\n<p>El proyecto consiste en:<\/p>\n<ol>\n<li style=\"list-style-type: none;\">\n<ol style=\"color: black;\">\n<li>tres presas de gravedad de hormig\u00f3n armado, una de 12 pies de alto y 141,5 pies de largo, una de 8 pies de alto y 145 pies de largo, y una de 12 pies de alto y 433 pies de largo, cada una coronada con <span class='tooltipsall tooltip_post_id_5569 classtoolTips79'>tableros de flash<\/span>;<\/li>\n<li>un embalse que cubre 120 acres a una altura de 262,5 pies (ft.) sobre el nivel medio del mar (msnm) y que tiene una capacidad de almacenamiento de 120 acres-pies;<\/li>\n<li>tres existentes <span class='tooltipsall tooltip_post_id_5624 classtoolTips102'>potencias<\/span> que contiene seis unidades de turbina\/generaci\u00f3n con una capacidad total de 4.325 kW y todas funcionando bajo un <span class='tooltipsall tooltip_post_id_5581 classtoolTips154'>cabeza<\/span> de 14 pies;<\/li>\n<li>una l\u00ednea de transmisi\u00f3n de 2,3 kV y 450 pies de longitud, y<\/li>\n<li>instalaciones anexas.<\/li>\n<\/ol>\n<\/li>\n<\/ol>\n<hr \/>\n<h3>Archivos de certificaci\u00f3n<\/h3>\n<ul style=\"color: black;\">\n<li><a href=\"https:\/\/lowimpacthydro.org\/wp-content\/uploads\/2023\/03\/4888019_Dexter-Revised-LIHI-Application-20230213.pdf\">Proyecto Dexter \u2013 Solicitud de Certificaci\u00f3n 2023<\/a><\/li>\n<li><a href=\"https:\/\/lowimpacthydro.org\/wp-content\/uploads\/2023\/06\/2023-06-05-Letter-FWS-to-LIHI-comments-on-Dexter-LIHI-Application_signed.pdf\">Carta de comentarios del USFWS<\/a><\/li>\n<li><a href=\"https:\/\/lowimpacthydro.org\/wp-content\/uploads\/2023\/06\/2023-06-05-NYSDEC-email-Dexter-project-comments.pdf\">Correo electr\u00f3nico de comentarios del NYSDEC<\/a><\/li>\n<\/ul>\n<hr \/>\n<h3>Documentos clave<\/h3>\n<ul>\n<li><a href=\"https:\/\/lowimpacthydro.org\/wp-content\/uploads\/2023\/06\/19820607-FERC-exemption-Dexter.pdf\">1982 FERC <span class='tooltipsall tooltip_post_id_5562 classtoolTips113'>Exenci\u00f3n<\/span><\/a><\/li>\n<li><a href=\"https:\/\/lowimpacthydro.org\/wp-content\/uploads\/2023\/06\/Dexter-WQC.pdf\">Certificaci\u00f3n de calidad del agua de 1981<\/a><\/li>\n<li><a href=\"https:\/\/lowimpacthydro.org\/wp-content\/uploads\/2023\/06\/19860807-FERC-exemption-amendment-Dexter.pdf\">Enmienda de exenci\u00f3n de la FERC de 1986<\/a><\/li>\n<li><a href=\"https:\/\/lowimpacthydro.org\/wp-content\/uploads\/2023\/06\/19860724-FERC-EA-for-amendment-Dexter.pdf\">Evaluaci\u00f3n ambiental de la FERC de 1986<\/a><\/li>\n<li><a href=\"https:\/\/lowimpacthydro.org\/wp-content\/uploads\/2023\/06\/19870105-USFWS-1986-comments-terms-and-conditions.pdf\">Comentarios y recomendaciones del USFWS de 1986<\/a><\/li>\n<li><a href=\"https:\/\/lowimpacthydro.org\/wp-content\/uploads\/2023\/06\/19860324-USFWS-Comments-on-amendment-application-Dexter.pdf\">T\u00e9rminos y condiciones del USFWS de 1986<\/a><\/li>\n<\/ul>\n<p>&nbsp;<\/p>","protected":false},"excerpt":{"rendered":"<p>Project Name Dexter LIHI Certificate No. N\/A LIHI Certificate Term N\/A Owner Hydro Development Group Acquisition LLC, a subsidiary of LS Power\/ Patriot Hydro LLC State<span class=\"excerpt-hellip\"> [\u2026]<\/span><\/p>\n","protected":false},"author":3,"featured_media":4088,"parent":0,"menu_order":0,"comment_status":"closed","ping_status":"closed","template":"","meta":{"_coblocks_attr":"","_coblocks_dimensions":"","_coblocks_responsive_height":"","_coblocks_accordion_ie_support":"","om_disable_all_campaigns":false,"_monsterinsights_skip_tracking":false,"_monsterinsights_sitenote_active":false,"_monsterinsights_sitenote_note":"","_monsterinsights_sitenote_category":0,"footnotes":""},"class_list":["post-7043","page","type-page","status-publish","has-post-thumbnail","hentry"],"aioseo_notices":[],"_links":{"self":[{"href":"https:\/\/lowimpacthydro.org\/es\/wp-json\/wp\/v2\/pages\/7043","targetHints":{"allow":["GET"]}}],"collection":[{"href":"https:\/\/lowimpacthydro.org\/es\/wp-json\/wp\/v2\/pages"}],"about":[{"href":"https:\/\/lowimpacthydro.org\/es\/wp-json\/wp\/v2\/types\/page"}],"author":[{"embeddable":true,"href":"https:\/\/lowimpacthydro.org\/es\/wp-json\/wp\/v2\/users\/3"}],"replies":[{"embeddable":true,"href":"https:\/\/lowimpacthydro.org\/es\/wp-json\/wp\/v2\/comments?post=7043"}],"version-history":[{"count":8,"href":"https:\/\/lowimpacthydro.org\/es\/wp-json\/wp\/v2\/pages\/7043\/revisions"}],"predecessor-version":[{"id":7691,"href":"https:\/\/lowimpacthydro.org\/es\/wp-json\/wp\/v2\/pages\/7043\/revisions\/7691"}],"wp:featuredmedia":[{"embeddable":true,"href":"https:\/\/lowimpacthydro.org\/es\/wp-json\/wp\/v2\/media\/4088"}],"wp:attachment":[{"href":"https:\/\/lowimpacthydro.org\/es\/wp-json\/wp\/v2\/media?parent=7043"}],"curies":[{"name":"gracias","href":"https:\/\/api.w.org\/{rel}","templated":true}]}}