{"id":6946,"date":"2023-02-07T13:17:10","date_gmt":"2023-02-07T18:17:10","guid":{"rendered":"https:\/\/lowimpacthydro.org\/?page_id=6946"},"modified":"2023-06-05T16:06:44","modified_gmt":"2023-06-05T20:06:44","slug":"hailesboro-no-3-4-6-project","status":"publish","type":"page","link":"https:\/\/lowimpacthydro.org\/es\/hailesboro-no-3-4-6-project\/","title":{"rendered":"Proyectos Hailesboro n.\u00b0 3, 4 y 6: Solicitud completa recibida"},"content":{"rendered":"<table class=\"alignright\" style=\"width: 351px; border: 2px; cellspacing: 2px; cellpadding: 2px; margin-left: 50px;\">\n<tbody>\n<tr>\n<td style=\"border-style: solid;\" width=\"162\"><strong>Nombre del proyecto<\/strong><\/td>\n<td style=\"border-style: solid;\" width=\"180\">Hailesboro n.\u00b0 3, 4 y 6<\/td>\n<\/tr>\n<tr>\n<td style=\"border-style: solid;\"><strong>Certificado LIHI No.<br \/>\n<\/strong><\/td>\n<td style=\"border-style: solid;\">Pendiente # 197, 198, 199<\/td>\n<\/tr>\n<tr>\n<td style=\"border-style: solid;\"><strong>Plazo del certificado LIHI<br \/>\n<\/strong><\/td>\n<td style=\"border-style: solid;\">3 de febrero de 2023 \u2013 2 de febrero de 2033<\/td>\n<\/tr>\n<tr>\n<td style=\"border-style: solid;\" width=\"162\"><strong>Due\u00f1o<\/strong><\/td>\n<td style=\"border-style: solid;\" width=\"180\">Adquisici\u00f3n de Hydro Development Group, LLC<\/p>\n<p>una subsidiaria de Patriot Hydro. LLC<\/td>\n<\/tr>\n<tr>\n<td style=\"border-style: solid;\" width=\"162\"><strong>Estado<\/strong><\/td>\n<td style=\"border-style: solid;\" width=\"180\">Nueva York<\/td>\n<\/tr>\n<tr>\n<td style=\"border-style: solid;\" width=\"162\"><strong>Ubicaci\u00f3n<\/strong><\/td>\n<td style=\"border-style: solid;\" width=\"180\">N.\u00ba 3 \u2013 Milla fluvial 67,5, N.\u00ba 4 \u2013 Milla fluvial 67,7, N.\u00ba 6 \u2013 Milla fluvial 68 en el r\u00edo Oswegatchie, condado de St. Lawrence, Nueva York<\/td>\n<\/tr>\n<tr>\n<td style=\"border-style: solid;\" width=\"162\"><strong>Capacidad instalada<\/strong><\/td>\n<td style=\"border-style: solid;\" width=\"180\">N\u00b0 3: 1 MW<\/p>\n<p>N\u00b0 4: 1,9 MW<\/p>\n<p>N\u00b0 6: 0,9 MW<\/td>\n<\/tr>\n<tr>\n<td style=\"border-style: solid;\" width=\"162\"><strong>Generaci\u00f3n media anual<\/strong><\/td>\n<td style=\"border-style: solid;\" width=\"180\">N.\u00b0 3: 3.993 MWh<\/p>\n<p>N.\u00b0 4: 10.647 MWh<\/p>\n<p>N.\u00b0 6: 4.728 MWh<\/td>\n<\/tr>\n<tr>\n<td style=\"border-style: solid;\" width=\"162\"><strong>Tipo de instalaci\u00f3n<\/strong><\/td>\n<td style=\"border-style: solid;\" width=\"180\">Flujo de r\u00edo<\/td>\n<\/tr>\n<tr>\n<td style=\"border-style: solid;\" width=\"162\"><strong><span class='tooltipsall tooltip_post_id_5565 classtoolTips152'>Comisi\u00f3n Federal de Comercio<\/span> No.<\/strong><\/td>\n<td style=\"border-style: solid;\" width=\"180\">N\u00fam. 3: P-5633. <span class='tooltipsall tooltip_post_id_5562 classtoolTips113'>Exenci\u00f3n<\/span> emitida el 14 de julio de 1982, enmendada el 11 de junio de 1998.<\/p>\n<p>N\u00fam. 4: P-6058. Emitida el 30 de octubre de 2002, con vencimiento el 31 de diciembre de 2032.<\/p>\n<p>No. 6: P-3181. Exenci\u00f3n expedida el 17 de septiembre de 1981.<\/td>\n<\/tr>\n<\/tbody>\n<\/table>\n<p>Los Proyectos Hidroel\u00e9ctricos Hailesboro n.\u00b0 6 (FERC n.\u00b0 3181), Hailesboro n.\u00b0 4 (FERC n.\u00b0 6058) y Hailesboro n.\u00b0 3 (FERC n.\u00b0 5633), denominados colectivamente los Proyectos Hailesboro, se ubican en el r\u00edo Oswegatchie, en el condado de St. Lawrence, Nueva York. Los proyectos son propiedad de Hydro Development Group Acquisition, LLC (HDGA), que tambi\u00e9n los opera. El r\u00edo Oswegatchie, de 212 kil\u00f3metros de longitud, se encuentra en la cuenca del r\u00edo St. Lawrence.<\/p>\n<p>El Proyecto Hailesboro No. 6 es el m\u00e1s aguas arriba de los tres proyectos y est\u00e1 ubicado en la milla fluvial (RM) 68,2. El Proyecto opera bajo un <span class='tooltipsall tooltip_post_id_5562 classtoolTips113'>exenci\u00f3n<\/span> emitida por la Comisi\u00f3n Federal Reguladora de Energ\u00eda el 17 de septiembre de 1981.<br \/>\nEl proyecto consiste en (1) un sistema de desbordamiento por gravedad de hormig\u00f3n armado de 10 pies de alto y 150 pies de largo <span class='tooltipsall tooltip_post_id_5545 classtoolTips158'>presa<\/span> con una elevaci\u00f3n de cresta de 487 pies <span class='tooltipsall tooltip_post_id_5605 classtoolTips2'>Datum vertical geod\u00e9sico nacional<\/span> (<span class='tooltipsall tooltip_post_id_5608 classtoolTips155'>Veh\u00edculo motorizado nacional<\/span>); (2) un dep\u00f3sito con una superficie de 4 acres y una capacidad de almacenamiento insignificante a una elevaci\u00f3n normal de la superficie de 487 pies NGVD; (3) una estructura de entrada de 40 pies de ancho y 70 pies de largo con <span class='tooltipsall tooltip_post_id_5578 classtoolTips153'>puertas<\/span> y basureros a lo largo de la orilla sur (izquierda); (4) una <span class='tooltipsall tooltip_post_id_5624 classtoolTips102'>central el\u00e9ctrica<\/span> que contiene dos turbinas de 800 caballos de fuerza y 500 caballos de fuerza, conectadas a dos generadores de 550 kilovatios (kW) y 350 kW, respectivamente, a una <span class='tooltipsall tooltip_post_id_5581 classtoolTips154'>cabeza<\/span> de 19 pies y un caudal de 700 pies c\u00fabicos por segundo (cfs); (5) un canal de descarga corto; (6) aparamenta el\u00e9ctrica; (7) una l\u00ednea de transmisi\u00f3n de 2,3 kilovoltios (kV) de 75 pies de longitud; y (8) instalaciones auxiliares. Hailesboro No. 6 tiene una capacidad instalada de 900 kW y opera en un <span class='tooltipsall tooltip_post_id_5643 classtoolTips52'>de pasada<\/span> Modo (ROR). La presa crea un tramo corto desviado, de aproximadamente 107 metros de longitud.<\/p>\n<p>El Proyecto Hailesboro No. 4 est\u00e1 ubicado en RM 67.7, aproximadamente 0.5 millas r\u00edo abajo de Hailesboro No. 6. El Proyecto opera bajo una licencia emitida por FERC el 30 de octubre de 2002, que fue modificada el 19 de septiembre de 2012. El Proyecto consiste en (1) una presa de gravedad de concreto compuesta por: (i) la presa #1 de 105 pies de largo y 14 pies de alto, coronada por un sistema neum\u00e1tico de 2 pies de alto <span class='tooltipsall tooltip_post_id_5542 classtoolTips95'>puerta de la cresta<\/span>; y (ii) la presa #2 de 58 pies de largo y 5 pies de alto coronada por una presa de madera de 2 pies de alto. <span class='tooltipsall tooltip_post_id_5569 classtoolTips79'>tableros de flash<\/span>; (2) un dep\u00f3sito con una superficie de 2 acres y un volumen bruto de almacenamiento de 20 acres-pies a una elevaci\u00f3n normal de la superficie del agua de 461 pies NGVD; (3) una estructura de entrada con compuertas y rejillas de basura de acero que tienen un espacio libre de 1,75 pulgadas; (4) una c\u00e1mara de carga revestida de hormig\u00f3n de 170 pies de largo <span class='tooltipsall tooltip_post_id_5537 classtoolTips143'>canal<\/span> con compuerta de esclusa; (5) una central el\u00e9ctrica de hormig\u00f3n armado y mamposter\u00eda de hormig\u00f3n que contiene dos unidades de turbinas de tipo Francis, de doble rodete, montadas horizontalmente; una unidad generadora de 900 kW y una unidad generadora de 1.000 kW para una capacidad instalada total de 1.900 kW; (6) una planta de 2,4\/23 kV <span class='tooltipsall tooltip_post_id_5656 classtoolTips92'>subestaci\u00f3n<\/span>, y una l\u00ednea de transmisi\u00f3n de 23 kV y 50 pies de largo; (7) instalaciones auxiliares; y (8) una l\u00ednea de gravedad de concreto de 73 pies de largo por 3 pies de alto. <span class='tooltipsall tooltip_post_id_5551 classtoolTips110'>desviaci\u00f3n<\/span> Presa (presa Island Branch), coronada con tablillas de madera de 30 cm de altura, ubicada a la entrada del Island Branch del r\u00edo Oswegatchie, con una muesca para proporcionar un caudal m\u00ednimo de 30 pies c\u00fabicos por segundo (cfs) en el tramo desviado de 0,65 km de longitud. El proyecto opera en modo ROR autom\u00e1tico mediante control de nivel del estanque. Una muesca en la presa Island Branch hacia el Island Branch proporciona un caudal m\u00ednimo de 30 pies c\u00fabicos por segundo. Caudales m\u00ednimos por debajo de... <span class='tooltipsall tooltip_post_id_5545 classtoolTips158'>Presa<\/span> La presa #1 y la presa #2 tienen un caudal de 20 pies c\u00fabicos por segundo y 8 pies c\u00fabicos por segundo, respectivamente, con ajustes estacionales seg\u00fan el Certificado de Calidad del Agua (CCA) del proyecto. El canal de descarga descarga directamente en la cabecera del Proyecto Hailesboro N.\u00b0 3.<\/p>\n<p>El Proyecto Hailesboro No. 3 se ubica en RM 67.5, aproximadamente 0,25 millas r\u00edo abajo de Hailesboro No. 4. El Proyecto opera bajo una exenci\u00f3n emitida por la FERC el 14 de julio de 1982, modificada por la Orden de la FERC emitida el 11 de junio de 1998.<\/p>\n<p>El proyecto consiste en (1) una presa de hormig\u00f3n armado de 16 pies de alto y 68 pies de largo con un puente de 24 pies de largo <span class='tooltipsall tooltip_post_id_5651 classtoolTips116'>aliviadero<\/span> Secci\u00f3n con elevaci\u00f3n de cresta de 427,2 pies NGVD y con una secci\u00f3n de entrada a la izquierda (sur) <span class='tooltipsall tooltip_post_id_5514 classtoolTips118'>contrafuerte<\/span> y una secci\u00f3n de compuerta con compuerta en el estribo derecho; (2) un embalse con una superficie de 6,5 acres y una capacidad de almacenamiento insignificante a una elevaci\u00f3n normal de la superficie de 427,2 pies NGVD; (3) una estructura de entrada de compuerta de madera, de 90 pies de largo y 9 pies de di\u00e1metro. <span class='tooltipsall tooltip_post_id_5619 classtoolTips124'>compuerta<\/span>Una tuber\u00eda forzada de 29 metros de largo y 2,6 metros de di\u00e1metro, y una caja de entrada de hormig\u00f3n con dos turbinas; (4) una central el\u00e9ctrica con dos unidades generadoras de 500 kW; (5) un canal de descarga; (5) una subestaci\u00f3n; (6) instalaciones auxiliares; y (7) una l\u00ednea de transmisi\u00f3n de 2,3 kV de 400 metros de largo. El Proyecto tiene una capacidad instalada de 1000 kW y opera en modo ROR, proporcionando un caudal m\u00ednimo de 0,3 m\u00b3\/s al tramo desviado de aproximadamente 60 metros de largo.<\/p>\n<hr \/>\n<h3>Archivos:<\/h3>\n<ul style=\"color: black;\">\n<li><a href=\"https:\/\/lowimpacthydro.org\/wp-content\/uploads\/2023\/06\/Hailesboro-346-Stage-2-report_2023-04-17_final.pdf\">Hailesboro n.\u00b0 3, 4 y 6 \u2013 Informe de revisi\u00f3n de certificaci\u00f3n de 2023<\/a><\/li>\n<li><a href=\"https:\/\/lowimpacthydro.org\/wp-content\/uploads\/2023\/02\/20221106_Hailesboro-LIHI-Application_complete.pdf\">Hailesboro n.\u00b0 3, 4 y 6 \u2013 Solicitud de certificaci\u00f3n 2022<\/a><\/li>\n<\/ul>","protected":false},"excerpt":{"rendered":"<p>Project Name Hailesboro No. 3, 4, &amp; 6 LIHI Certificate No. Pending # 197, 198, 199 LIHI Certificate Term February 3, 2023 &#8211; February 2, 2033<span class=\"excerpt-hellip\"> [\u2026]<\/span><\/p>\n","protected":false},"author":3,"featured_media":4088,"parent":0,"menu_order":0,"comment_status":"closed","ping_status":"closed","template":"","meta":{"_coblocks_attr":"","_coblocks_dimensions":"","_coblocks_responsive_height":"","_coblocks_accordion_ie_support":"","om_disable_all_campaigns":false,"_monsterinsights_skip_tracking":false,"_monsterinsights_sitenote_active":false,"_monsterinsights_sitenote_note":"","_monsterinsights_sitenote_category":0,"footnotes":""},"class_list":["post-6946","page","type-page","status-publish","has-post-thumbnail","hentry"],"aioseo_notices":[],"_links":{"self":[{"href":"https:\/\/lowimpacthydro.org\/es\/wp-json\/wp\/v2\/pages\/6946","targetHints":{"allow":["GET"]}}],"collection":[{"href":"https:\/\/lowimpacthydro.org\/es\/wp-json\/wp\/v2\/pages"}],"about":[{"href":"https:\/\/lowimpacthydro.org\/es\/wp-json\/wp\/v2\/types\/page"}],"author":[{"embeddable":true,"href":"https:\/\/lowimpacthydro.org\/es\/wp-json\/wp\/v2\/users\/3"}],"replies":[{"embeddable":true,"href":"https:\/\/lowimpacthydro.org\/es\/wp-json\/wp\/v2\/comments?post=6946"}],"version-history":[{"count":9,"href":"https:\/\/lowimpacthydro.org\/es\/wp-json\/wp\/v2\/pages\/6946\/revisions"}],"predecessor-version":[{"id":7644,"href":"https:\/\/lowimpacthydro.org\/es\/wp-json\/wp\/v2\/pages\/6946\/revisions\/7644"}],"wp:featuredmedia":[{"embeddable":true,"href":"https:\/\/lowimpacthydro.org\/es\/wp-json\/wp\/v2\/media\/4088"}],"wp:attachment":[{"href":"https:\/\/lowimpacthydro.org\/es\/wp-json\/wp\/v2\/media?parent=6946"}],"curies":[{"name":"gracias","href":"https:\/\/api.w.org\/{rel}","templated":true}]}}