{"id":6776,"date":"2022-12-08T11:59:34","date_gmt":"2022-12-08T16:59:34","guid":{"rendered":"https:\/\/lowimpacthydro.org\/?page_id=6776"},"modified":"2026-01-08T10:00:16","modified_gmt":"2026-01-08T15:00:16","slug":"rollinsford-project-new-hampshire-maine","status":"publish","type":"page","link":"https:\/\/lowimpacthydro.org\/es\/rollinsford-project-new-hampshire-maine\/","title":{"rendered":"Proyecto Rollinsford, Nueva Hampshire\/Maine"},"content":{"rendered":"<table class=\"alignright\" style=\"width: 351px; border: 2px; cellspacing: 2px; cellpadding: 2px; margin-left: 50px;\">\n<tbody>\n<tr>\n<td width=\"162\"><strong>Nombre del proyecto<\/strong><\/td>\n<td width=\"165\">Rollinsford<\/td>\n<\/tr>\n<tr>\n<td style=\"width: 154px;\"><strong>Certificado LIHI No.<\/strong><\/td>\n<td style=\"width: 211px;\">#196<\/td>\n<\/tr>\n<tr>\n<td style=\"width: 154px;\"><strong>Plazo del certificado LIHI<\/strong><\/td>\n<td style=\"width: 211px;\">30 de diciembre de 2022 \u2013 29 de diciembre de 2032<\/td>\n<\/tr>\n<tr>\n<td width=\"162\"><strong>Due\u00f1o<\/strong><\/td>\n<td width=\"165\">Ciudad de Rollinsford, NH (operada por Green Mountain Power Corporation)<\/td>\n<\/tr>\n<tr>\n<td width=\"162\"><strong>Estado<\/strong><\/td>\n<td width=\"165\">Nueva Hampshire y Maine<\/td>\n<\/tr>\n<tr>\n<td width=\"162\"><strong>Ubicaci\u00f3n<\/strong><\/td>\n<td width=\"165\">Milla fluvial 0,9 en el r\u00edo Salmon Falls<\/td>\n<\/tr>\n<tr>\n<td width=\"162\"><strong>Capacidad instalada<\/strong><\/td>\n<td width=\"165\">1,5 MW<\/td>\n<\/tr>\n<tr>\n<td width=\"162\"><strong>Generaci\u00f3n media anual<\/strong><\/td>\n<td width=\"165\">5.873 MWh<\/td>\n<\/tr>\n<tr>\n<td width=\"162\"><strong>Tipo de instalaci\u00f3n<\/strong><\/td>\n<td width=\"165\">Flujo de r\u00edo<\/td>\n<\/tr>\n<tr>\n<td width=\"162\"><strong><span class='tooltipsall tooltip_post_id_5565 classtoolTips152'>Comisi\u00f3n Federal de Comercio<\/span> No.<\/strong><\/td>\n<td width=\"165\">P-3777, expedido en 2022, con vencimiento el 01\/06\/2062<\/td>\n<\/tr>\n<\/tbody>\n<\/table>\n<p>El Proyecto Rollinsford est\u00e1 ubicado en el r\u00edo Salmon Falls en la ciudad de Rollinsford, condado de Strafford, New Hampshire, y la ciudad de South Berwick, condado de York, Maine. La mayor parte de la infraestructura del proyecto, incluida la toma, <span class='tooltipsall tooltip_post_id_5619 classtoolTips124'>tuber\u00edas forzadas<\/span>, y <span class='tooltipsall tooltip_post_id_5624 classtoolTips102'>central el\u00e9ctrica<\/span> est\u00e1n en Rollinsford, NH con la izquierda <span class='tooltipsall tooltip_post_id_5514 classtoolTips118'>contrafuerte<\/span> del <span class='tooltipsall tooltip_post_id_5545 classtoolTips158'>presa<\/span> Ubicado en South Berwick, ME. La presa del proyecto se construy\u00f3 en 1910 con la incorporaci\u00f3n de la <span class='tooltipsall tooltip_post_id_5619 classtoolTips124'>compuerta<\/span> en 1928. Los componentes hidroel\u00e9ctricos del proyecto se instalaron en 1983.<\/p>\n<p>El proyecto es la segunda presa en el r\u00edo Salmon Falls, precedida s\u00f3lo por la <a href=\"https:\/\/lowimpacthydro.org\/es\/south-berwick-project-new-hampshire-maine\/\">Proyecto South Berwick (LIHI #195)<\/a>. Varios kil\u00f3metros aguas abajo de la presa de South Berwick, el r\u00edo Salmon Falls se une al r\u00edo Cocheco para formar la confluencia con el r\u00edo Piscataqua cerca de Dover, NH. Aguas arriba del Proyecto Rollinsford, hist\u00f3ricamente hab\u00eda 24 presas, pero algunas han sido demolidas, da\u00f1adas o est\u00e1n en ruinas. Actualmente, hay 15 presas en el r\u00edo Salmon Falls, siete de las cuales se utilizan para la generaci\u00f3n de energ\u00eda hidroel\u00e9ctrica, incluyendo <a href=\"https:\/\/lowimpacthydro.org\/es\/lower-great-falls-project-nh-me\/\">Grandes Cataratas Inferiores (LIHI #202)<\/a> y <a href=\"https:\/\/lowimpacthydro.org\/es\/lihi-certificate-100-south-milton-hydroelectric-project-new-hampshire\/\">South Milton (LIHI #100)<\/a>. Las dem\u00e1s presas se utilizan para el control de inundaciones, el suministro de agua y la recreaci\u00f3n.<\/p>\n<p>El proyecto incluye:<\/p>\n<ul style=\"color: black;\">\n<li>Un bloque de hormig\u00f3n de 19 pies de alto y 317 pies de largo. <span class='tooltipsall tooltip_post_id_5580 classtoolTips81'>presa de gravedad<\/span> que consta de un estribo izquierdo de 12 pies de largo, un estribo de 247 pies de largo <span class='tooltipsall tooltip_post_id_5651 classtoolTips116'>aliviadero<\/span> secci\u00f3n, un estribo derecho de 22 pies de largo y una secci\u00f3n cerrada de 36 pies de largo que contiene cinco elevaciones verticales <span class='tooltipsall tooltip_post_id_5578 classtoolTips153'>puertas<\/span>, con una elevaci\u00f3n de cresta de aproximadamente 70 pies sobre el nivel medio del mar (msl) y 15 pulgadas de alto <span class='tooltipsall tooltip_post_id_5569 classtoolTips79'>tableros de flash<\/span>;<\/li>\n<li>una secci\u00f3n de aliviadero integral de 247 pies de largo con una capacidad de descarga de inundaciones de 17.300 pies c\u00fabicos por segundo (cfs);<\/li>\n<li>un embalse con un volumen bruto de 456 acres-pies y una superficie de 84 acres en el estanque normal, con un volumen de almacenamiento utilizable insignificante;<\/li>\n<li>una estructura de entrada de hormig\u00f3n reforzado en el estribo izquierdo (este) de la presa que mide aproximadamente 52 pies de ancho por 82 pies de largo;<\/li>\n<li>cinco compuertas levadizas verticales operadas manualmente ubicadas en la entrada de la obra de entrada, cada una de aproximadamente 5,5 pies de alto y 5,5 pies de ancho. Dos de las compuertas se operan con actuadores de manivela Rodney Hunt, y las tres compuertas restantes se operan con actuadores de volante Rodney Hunt;<\/li>\n<li>bastidores de basura con un espacio libre entre barras de 2,5 pulgadas y que miden 17,6 pies de alto por 22,8 pies de ancho;<\/li>\n<li>una tuber\u00eda forzada de hormig\u00f3n que mide 10 pies cuadrados por 600 pies de largo, que se extiende desde la estructura de la obra de admisi\u00f3n hasta el compartimiento de carga de la central el\u00e9ctrica;<\/li>\n<li>un dep\u00f3sito de carga que mide aproximadamente 40 pies de ancho por 30 pies de largo construido de hormig\u00f3n armado con una elevaci\u00f3n de cresta de 73,0 pies sobre el nivel del mar;<\/li>\n<li>una central el\u00e9ctrica de mamposter\u00eda de ladrillo de 38 pies de largo por 60 pies de ancho;<\/li>\n<li>Dos generadores s\u00edncronos Siemens Allis verticales id\u00e9nticos de 750 kilovatios (kW) cada uno con un voltaje de salida de 4160 voltios y dos generadores s\u00edncronos verticales id\u00e9nticos James Leffel Co. Tipo \u201cZ\u201d <span class='tooltipsall tooltip_post_id_5576 classtoolTips39'>Turbinas Francis<\/span>, cada uno con una potencia nominal de 1000 caballos de fuerza (hp) y funcionando a 360 revoluciones por minuto (rpm) a un caudal nominal de 228 pies c\u00fabicos por segundo (cfs) y un promedio <span class='tooltipsall tooltip_post_id_5581 classtoolTips154'>cabeza<\/span> de 45 pies;<\/li>\n<li>un tramo de derivaci\u00f3n de 680 pies de largo entre la presa y el canal de descarga; y<\/li>\n<li>instalaciones anexas.<\/li>\n<\/ul>\n<p>El proyecto opera en <span class='tooltipsall tooltip_post_id_5643 classtoolTips52'>de pasada<\/span> Se proporciona un caudal m\u00ednimo de derivaci\u00f3n de 35 pies c\u00fabicos por segundo a trav\u00e9s de una muesca en los tableros de control. Para garantizar las operaciones de pasada, un transductor de presi\u00f3n transmite informaci\u00f3n sobre el nivel del agua del embalse a un <span class='tooltipsall tooltip_post_id_5626 classtoolTips6'>controlador l\u00f3gico programable<\/span> que ajusta las operaciones de acuerdo con los cambios en los caudales de los r\u00edos. Esto proporciona un nivel de embalse constante y garantiza los caudales naturales de los r\u00edos para apoyar y proteger los recursos acu\u00e1ticos y <span class='tooltipsall tooltip_post_id_5635 classtoolTips115'>ribere\u00f1o<\/span> h\u00e1bitat. Este r\u00e9gimen de flujo se desarroll\u00f3 en consulta con el Departamento de Servicios Ambientales de New Hampshire (NHDES) y el Departamento de Protecci\u00f3n Ambiental de Maine (MDEP).<\/p>\n<p>Las aguas dentro del alcance del proyecto est\u00e1n designadas como Clase B en New Hampshire y Clase C en Maine. Los cuerpos de agua de Clase B de New Hampshire se consideran aceptables para la pesca, la nataci\u00f3n y otros fines recreativos y, despu\u00e9s del tratamiento, son posibles fuentes de agua. En Maine, las aguas de Clase C deben garantizar la idoneidad para los usos designados de agua potable, pesca, agricultura, recreaci\u00f3n, procesos industriales, agua de refrigeraci\u00f3n, generaci\u00f3n de energ\u00eda hidroel\u00e9ctrica, navegaci\u00f3n y h\u00e1bitat para peces y otras formas de vida acu\u00e1tica. El r\u00edo est\u00e1 catalogado como deteriorado por el NHDES en cuanto a pH y plantas acu\u00e1ticas no aut\u00f3ctonas y por el MDEP en cuanto a E. coli, amon\u00edaco, eutrofizaci\u00f3n, ox\u00edgeno disuelto y demanda bioqu\u00edmica de ox\u00edgeno. El monitoreo para determinar otras medidas de mitigaci\u00f3n est\u00e1 en curso y se completar\u00e1 en 2024.<\/p>\n<p><span class='tooltipsall tooltip_post_id_5549 classtoolTips96'>Di\u00e1dromo<\/span> Los peces que hist\u00f3ricamente han estado presentes en el r\u00edo Salmon Falls incluyen el s\u00e1balo americano, la anguila americana y el arenque de r\u00edo (arenque de lomo azul y s\u00e1balo americano). El salm\u00f3n del Atl\u00e1ntico tambi\u00e9n estuvo presente hasta alrededor de 1750, ya que las represas r\u00edo arriba, la sobrepesca y la contaminaci\u00f3n por aserr\u00edn interrumpieron estos recorridos hasta que el salm\u00f3n ya no regres\u00f3 al r\u00edo. No se ha registrado s\u00e1balo americano en el tramo entre los proyectos South Berwick y Rollinsford. Las instalaciones de paso en el proyecto South Berwick han sido utilizadas por el arenque de r\u00edo, por lo que r\u00edo arriba <span class='tooltipsall tooltip_post_id_5566 classtoolTips59'>paso de peces<\/span> Actualmente se encuentra en desarrollo en el proyecto Rollinsford. El pasaje se completar\u00e1 en el sitio en 2026 o mediante <span class='tooltipsall tooltip_post_id_5666 classtoolTips49'>trampa y cami\u00f3n<\/span> operaciones para 2025. El desarrollo de las instalaciones de paso est\u00e1 en marcha en consulta con el Servicio de Pesca y Vida Silvestre de EE. UU., el Departamento de Recursos Marinos de Maine y el Departamento de Pesca y Caza de NH. Tambi\u00e9n se est\u00e1n desarrollando instalaciones de paso r\u00edo abajo para la anguila americana, el s\u00e1balo americano y el arenque de r\u00edo en consulta con las agencias pesqueras. Las instalaciones de paso est\u00e1n programadas para operar en 2025.<\/p>\n<p>Adem\u00e1s de las especies de peces migratorios, el \u00e1rea del proyecto alberga especies residentes, como la perca amarilla, la lubina negra, el pez luna, el pez dorado, el pez gato marr\u00f3n y el lucio de aleta roja, as\u00ed como peces que dependen de los r\u00edos, como el pez matalote blanco y el pez de oto\u00f1o. En el proyecto hay varias especies no aut\u00f3ctonas, como la perca negra, el pez luna y varias especies de lubina que se introdujeron en el r\u00edo Salmon Falls mediante iniciativas de repoblaci\u00f3n.<\/p>\n<p>Las tierras del proyecto constan de 4 acres. El uso de la tierra adyacente y dentro de los l\u00edmites del proyecto es principalmente desarrollado, forestal o agr\u00edcola. Aguas arriba de la presa, la tierra en New Hampshire est\u00e1 forestada, parte de la cual linda con el bosque conservado en la propiedad de Scoutland. La propiedad de Scoutland es propiedad de la ciudad de Rollinsford y abarca alrededor de 87,8 acres para protecci\u00f3n de cuencas hidrogr\u00e1ficas, h\u00e1bitat de vida silvestre y oportunidades recreativas. En Maine, aguas arriba de la presa, las orillas est\u00e1n cubiertas de vegetaci\u00f3n pero dan paso a tierras agr\u00edcolas, tanto cultivos como pastizales. Aproximadamente 15 acres de <span class='tooltipsall tooltip_post_id_5670 classtoolTips125'>humedal<\/span> El h\u00e1bitat se encuentra dentro del l\u00edmite del Proyecto Rollinsford, incluidos 8 acres de vegetaci\u00f3n emergente. <span class='tooltipsall tooltip_post_id_5670 classtoolTips125'>humedales<\/span>, 6,5 acres de humedales con matorrales, arbustos y bosques y un estanque de agua dulce de 0,5 acres. Los humedales emergentes son peque\u00f1as islas ubicadas dentro del embalse, mientras que los humedales con matorrales, arbustos y bosques y el estanque de agua dulce est\u00e1n dispersos a lo largo de la costa del embalse.<\/p>\n<p>Entre las especies amenazadas o en peligro de extinci\u00f3n que podr\u00edan estar presentes en las inmediaciones del proyecto se encuentran el murci\u00e9lago orejudo del norte, la tortuga de Blanding y el conejo de cola de algod\u00f3n de Nueva Inglaterra. El \u00e1rea del proyecto no incluye ning\u00fan h\u00e1bitat cr\u00edtico para estas especies. El manejo de la vegetaci\u00f3n es m\u00ednimo y no se espera que afecte a ninguna de las especies incluidas en la lista. <span class='tooltipsall tooltip_post_id_5643 classtoolTips52'>De pasada<\/span> Las operaciones y la huella limitada del proyecto garantizan poco o ning\u00fan impacto en la costa del proyecto.<\/p>\n<p>El proyecto est\u00e1 ubicado parcialmente dentro del Distrito Hist\u00f3rico de Salmon Falls Mill, que figura en la lista <span class='tooltipsall tooltip_post_id_5606 classtoolTips1'>Registro Nacional de Lugares Hist\u00f3ricos<\/span>El Distrito est\u00e1 ubicado en el lado de New Hampshire de la ribera del r\u00edo e incluye cuatro edificios de f\u00e1bricas textiles y sus estructuras complementarias, incluida la central el\u00e9ctrica de Rollinsford, la presa y la estructura de la toma de agua. Los edificios del Distrito se construyeron entre 1840 y 1860 y est\u00e1n hechos de ladrillo rojo, un ejemplo t\u00edpico de una peque\u00f1a comunidad manufacturera textil del norte de Nueva Inglaterra. En la actualidad, los cuatro edificios de la f\u00e1brica textil est\u00e1n ocupados por un gremio de artistas y tambi\u00e9n se utilizan como oficinas y espacios comerciales. El puente ferroviario de Boston y Maine y el puente de Rollinsford <span class='tooltipsall tooltip_post_id_5545 classtoolTips158'>Presa<\/span> est\u00e1n aportando recursos al car\u00e1cter del Distrito. El puente ferroviario de Boston y Maine que cruza el r\u00edo Salmon Falls justo aguas abajo de la presa del Proyecto se construy\u00f3 en 1888 como un puente de celos\u00eda con una subestructura de mamposter\u00eda de piedra tallada. La presa del Proyecto se construy\u00f3 entre 1909 y 1910, reemplazando la presa de madera original de 1843.<\/p>\n<p>El proyecto tiene una superficie relativamente peque\u00f1a y no hay instalaciones recreativas oficiales. Sin embargo, la ciudad de Rollinsford posee, opera y mantiene varias instalaciones recreativas parcialmente dentro y\/o adyacentes al l\u00edmite del proyecto. El parque Bicentennial est\u00e1 ubicado justo aguas arriba de la presa a lo largo del lado de New Hampshire del embalse y ofrece un mirador, bancos, estacionamiento para algunos veh\u00edculos y una rampa para botes de grava y concreto que brinda acceso al embalse. Tambi\u00e9n hay un sendero primitivo sin marcar cerca y, aguas abajo, el Proyecto South Berwick tiene un embarcadero en el embalse de ese proyecto. Hay otros sitios recreativos adyacentes al Proyecto Rollinsford, incluidos Malley Farm y The Mills en Salmon Falls.<\/p>\n<hr \/>\n<h3>Estado de cumplimiento<\/h3>\n<p><strong>El Certificado incluye las siguientes condiciones espec\u00edficas de la instalaci\u00f3n:<\/strong><\/p>\n<p><strong>Condici\u00f3n 1:<\/strong> En las presentaciones de cumplimiento anuales correspondientes a LIHI, el propietario de la instalaci\u00f3n deber\u00e1 proporcionar un resumen de los resultados del monitoreo de la calidad del agua de 2023 y 2024, incluidos los comentarios de la agencia y cualquier alternativa operativa propuesta para garantizar que se cumplan los est\u00e1ndares de calidad del agua, incluida la consulta a la agencia y, si es necesario, un plan y un cronograma para la implementaci\u00f3n de la(s) alternativa(s) seleccionada(s).<\/p>\n<p><strong>Condici\u00f3n 2:<\/strong> En las presentaciones anuales de cumplimiento a LIHI, el propietario de la instalaci\u00f3n deber\u00e1 proporcionar actualizaciones sobre el estado de las actividades de paso de peces r\u00edo arriba y r\u00edo abajo, incluida la construcci\u00f3n de pasos provisionales y permanentes. <span class='tooltipsall tooltip_post_id_5568 classtoolTips128'>escalas para peces<\/span> o prescripciones alternativas, resultados de estudios y monitoreo y comentarios de las agencias sobre ellos, y cualquier consulta relacionada con las agencias hasta que todas las medidas de aprobaci\u00f3n se implementen y las agencias de recursos consideren suficientes.<\/p>\n<p><strong>Condici\u00f3n 3:<\/strong> En las presentaciones anuales de cumplimiento a LIHI, el propietario de la instalaci\u00f3n deber\u00e1 informar sobre la consulta con MDIFW sobre las oportunidades de mejoras para acceder a las oportunidades de pesca en la ribera del r\u00edo, con un plan y un cronograma para la implementaci\u00f3n, si se necesitan mejoras. Si no se requieren mejoras, este resultado se informar\u00e1 con la documentaci\u00f3n de acuerdo de MDIFW.<\/p>\n<p><strong>2025:<\/strong> No se identificaron cambios sustanciales ni problemas de cumplimiento. El proyecto se mantiene en cumplimiento seg\u00fan la revisi\u00f3n anual. Para la Condici\u00f3n 1, el proyecto inform\u00f3 la presentaci\u00f3n del informe de calidad del agua. Para la Condici\u00f3n 2, el proyecto inform\u00f3 la finalizaci\u00f3n de la instalaci\u00f3n del paso de peces aguas abajo. Para la Condici\u00f3n 3, el proyecto envi\u00f3 un memorando con recomendaciones al MDIFW y est\u00e1 a la espera de su respuesta.<\/p>\n<p><strong>2024:<\/strong> No se identificaron cambios sustanciales ni problemas de cumplimiento. El proyecto se mantiene en cumplimiento seg\u00fan la revisi\u00f3n anual. Para la Condici\u00f3n 1, el proyecto inform\u00f3 que realiz\u00f3 un estudio de calidad del agua en 2024 y que se planea un mayor monitoreo para 2025. Para la Condici\u00f3n 2, el proyecto inform\u00f3 que prepar\u00f3 los documentos finales de dise\u00f1o para el paso de peces r\u00edo abajo. Para la Condici\u00f3n 3, el proyecto inform\u00f3 que prepar\u00f3 un an\u00e1lisis detallado de los recursos recreativos actuales en el \u00e1rea inmediata, incluyendo oportunidades de pesca junto al arroyo.<\/p>\n<p><strong>2023:<\/strong> No se identificaron cambios materiales ni problemas de cumplimiento. El proyecto sigue cumpliendo con los requisitos seg\u00fan la revisi\u00f3n anual. En 2023, el proyecto present\u00f3 ante la FERC varios planes que requieren licencia. Para la Condici\u00f3n 1, el proyecto inform\u00f3 haber recibido una extensi\u00f3n para el monitoreo de la calidad del agua debido a los altos caudales en 2023. Para la Condici\u00f3n 2, el proyecto inform\u00f3 haber consultado con el Servicio de Pesca y Vida Silvestre de los EE. UU. y otras agencias en el proceso de dise\u00f1o para la instalaci\u00f3n de instalaciones de paso de peces r\u00edo abajo, incluida una visita al sitio y una reuni\u00f3n para discutir alternativas de dise\u00f1o conceptual. Para la Condici\u00f3n 3, el proyecto inform\u00f3 sobre la consulta en curso con MDIFW sobre el acceso al tramo de derivaci\u00f3n.<\/p>\n<p><strong>2022:<\/strong> La presentaci\u00f3n de informes anuales para el Certificado actual a\u00fan no ha entrado en vigor.<\/p>\n<hr \/>\n<h3>Historial de certificaciones<\/h3>\n<p><strong>21 de abril de 2023:<\/strong> El Instituto de Energ\u00eda Hidroel\u00e9ctrica de Bajo Impacto ha aprobado preliminarmente la Certificaci\u00f3n de Bajo Impacto para el Proyecto Hidroel\u00e9ctrico Rollinsford (pendiente de LIHI #196). Esta decisi\u00f3n es preliminar a la espera del per\u00edodo de apelaci\u00f3n de 30 d\u00edas. Solo aquellos que comentaron sobre las solicitudes iniciales durante el per\u00edodo de comentarios de 60 d\u00edas son elegibles para presentar una apelaci\u00f3n. Dicha apelaci\u00f3n debe incluir una explicaci\u00f3n de por qu\u00e9 los Proyectos no cumplen con los criterios de LIHI. Las solicitudes de apelaci\u00f3n se pueden enviar por correo electr\u00f3nico a comments@lowimpacthydro.org con \u201cProyecto Rollinsford\u201d en la l\u00ednea de asunto, o por correo postal dirigido al Instituto de Energ\u00eda Hidroel\u00e9ctrica de Bajo Impacto, 1167 Massachusetts Ave, Arlington, MA 02476. Todas las solicitudes se publicar\u00e1n en el sitio web. El solicitante tendr\u00e1 la oportunidad de responder y cualquier respuesta tambi\u00e9n se publicar\u00e1. <strong>Las solicitudes deben recibirse antes de las 5 p. m., hora del Este, del 24 de mayo de 2023. <\/strong>La solicitud completa y el informe del revisor est\u00e1n disponibles a continuaci\u00f3n. Si no se reciben solicitudes de apelaci\u00f3n, los plazos de certificaci\u00f3n ser\u00e1n del 30 de diciembre de 2022 al 29 de diciembre de 2032.<\/p>\n<p><strong>4 de enero de 2023: <\/strong>El Instituto de Energ\u00eda Hidroel\u00e9ctrica de Bajo Impacto ha recibido una solicitud completa para la Certificaci\u00f3n de Bajo Impacto del Proyecto Hidroel\u00e9ctrico Rollinsford. LIHI est\u00e1 buscando comentarios p\u00fablicos sobre esta solicitud. Espec\u00edficamente, estamos interesados en saber si usted piensa que el Proyecto cumple con los Criterios de Certificaci\u00f3n de Bajo Impacto de LIHI, seg\u00fan lo revisado en el Manual de 2da Edici\u00f3n. Los materiales de solicitud del Proyecto se pueden encontrar a continuaci\u00f3n. Los comentarios que est\u00e9n directamente relacionados con criterios espec\u00edficos de LIHI (caudales, calidad del agua, paso de peces, etc.) ser\u00e1n m\u00e1s \u00fatiles, pero todos los comentarios ser\u00e1n considerados. Los comentarios pueden enviarse al Instituto por correo electr\u00f3nico a\u00a0<a href=\"mailto:comments@lowimpacthydro.org\">comments@lowimpacthydro.org<\/a>\u00a0con \u201cComentarios del Proyecto Rollinsford\u201d en la l\u00ednea de asunto, o por correo dirigido al Low Impact Hydropower Institute, 1167 Massachusetts Avenue, Arlington, MA 02476.\u00a0 <strong>Los comentarios deben recibirse antes de las 5:00 p. m., hora del Este, el 5 de marzo de 2023.<\/strong>\u00a0Se considerar\u00e1n todos los comentarios. Se publicar\u00e1n en el sitio web y el solicitante tendr\u00e1 la oportunidad de responder. Tambi\u00e9n se publicar\u00e1n todas las respuestas.<\/p>\n<hr \/>\n<h3>Archivos de certificaci\u00f3n<\/h3>\n<h4>Certificaci\u00f3n 2023<\/h4>\n<ul style=\"color: black;\">\n<li><a href=\"https:\/\/lowimpacthydro.org\/wp-content\/uploads\/2023\/04\/Rollinsford-Certification-Review_03012023_Final-revised.pdf\">Informe de revisi\u00f3n de la certificaci\u00f3n de Rollinsford 2023<\/a><\/li>\n<li><a href=\"https:\/\/lowimpacthydro.org\/wp-content\/uploads\/2022\/12\/Rollinsford_LIHI_Certification_Application-Intake-Review-jcg-2022-09-20.pdf\">Proyecto Rollinsford \u2013 Solicitud de certificaci\u00f3n 2022<\/a><\/li>\n<li><a href=\"https:\/\/lowimpacthydro.org\/wp-content\/uploads\/2023\/01\/Maine-Council-of-Trout-Unlimited-Comment-Letter-Rollinsford-Certification-2023.pdf\">Carta de comentarios del Consejo de Trout Unlimited de Maine: Certificaci\u00f3n Rollinsford 2023<\/a><\/li>\n<\/ul>\n<hr \/>\n<h3>Documentos clave<\/h3>\n<ul>\n<li><a href=\"https:\/\/lowimpacthydro.org\/wp-content\/uploads\/2023\/06\/2022-06-16-FERC-License-inc-WQCs-and-Section-18-Prescriptions-Rollinsford.pdf\">Licencia FERC 2022 que incluye certificaciones de calidad del agua de NH y ME, Secci\u00f3n 18 <span class='tooltipsall tooltip_post_id_5568 classtoolTips128'>Paso de peces<\/span> Recetas<\/a><\/li>\n<li><a href=\"https:\/\/lowimpacthydro.org\/wp-content\/uploads\/2023\/06\/2021-08-23-FERC-Environmental-Assessment-Rollinsford.pdf\">Evaluaci\u00f3n ambiental de la FERC de 2022<\/a><\/li>\n<li><a href=\"https:\/\/lowimpacthydro.org\/wp-content\/uploads\/2023\/06\/2021-03-05-Re-Submittal-of-Offer-of-Settlement-FINAL-Rollinsford.pdf\">Acuerdo de conciliaci\u00f3n de 2021<\/a><\/li>\n<li><a href=\"https:\/\/lowimpacthydro.org\/wp-content\/uploads\/2023\/06\/2021-04-22-GMP-Response-to-FERC-AIR-on-Settlement-Agreement-Rollinsford.pdf\">Respuestas de 2021 a la solicitud de informaci\u00f3n sobre el acuerdo de conciliaci\u00f3n de la FERC<\/a><\/li>\n<\/ul>","protected":false},"excerpt":{"rendered":"<p>Project Name Rollinsford LIHI Certificate No. #196 LIHI Certificate Term December 30, 2022 &#8211; December 29, 2032 Owner Town of Rollinsford, NH (operated by Green Mountain<span class=\"excerpt-hellip\"> [\u2026]<\/span><\/p>\n","protected":false},"author":3,"featured_media":-1,"parent":0,"menu_order":0,"comment_status":"closed","ping_status":"closed","template":"","meta":{"_coblocks_attr":"","_coblocks_dimensions":"","_coblocks_responsive_height":"","_coblocks_accordion_ie_support":"","om_disable_all_campaigns":false,"_monsterinsights_skip_tracking":false,"_monsterinsights_sitenote_active":false,"_monsterinsights_sitenote_note":"","_monsterinsights_sitenote_category":0,"footnotes":""},"class_list":["post-6776","page","type-page","status-publish","has-post-thumbnail","hentry"],"aioseo_notices":[],"_links":{"self":[{"href":"https:\/\/lowimpacthydro.org\/es\/wp-json\/wp\/v2\/pages\/6776","targetHints":{"allow":["GET"]}}],"collection":[{"href":"https:\/\/lowimpacthydro.org\/es\/wp-json\/wp\/v2\/pages"}],"about":[{"href":"https:\/\/lowimpacthydro.org\/es\/wp-json\/wp\/v2\/types\/page"}],"author":[{"embeddable":true,"href":"https:\/\/lowimpacthydro.org\/es\/wp-json\/wp\/v2\/users\/3"}],"replies":[{"embeddable":true,"href":"https:\/\/lowimpacthydro.org\/es\/wp-json\/wp\/v2\/comments?post=6776"}],"version-history":[{"count":15,"href":"https:\/\/lowimpacthydro.org\/es\/wp-json\/wp\/v2\/pages\/6776\/revisions"}],"predecessor-version":[{"id":10258,"href":"https:\/\/lowimpacthydro.org\/es\/wp-json\/wp\/v2\/pages\/6776\/revisions\/10258"}],"wp:featuredmedia":[{"embeddable":true,"href":"https:\/\/lowimpacthydro.org\/es\/wp-json\/"}],"wp:attachment":[{"href":"https:\/\/lowimpacthydro.org\/es\/wp-json\/wp\/v2\/media?parent=6776"}],"curies":[{"name":"gracias","href":"https:\/\/api.w.org\/{rel}","templated":true}]}}