{"id":6770,"date":"2022-12-08T11:30:23","date_gmt":"2022-12-08T16:30:23","guid":{"rendered":"https:\/\/lowimpacthydro.org\/?page_id=6770"},"modified":"2026-01-08T09:54:44","modified_gmt":"2026-01-08T14:54:44","slug":"south-berwick-project-new-hampshire-maine","status":"publish","type":"page","link":"https:\/\/lowimpacthydro.org\/es\/south-berwick-project-new-hampshire-maine\/","title":{"rendered":"Proyecto South Berwick, Nueva Hampshire\/Maine"},"content":{"rendered":"<table class=\"alignright\" style=\"width: 351px; border: 2px; cellspacing: 2px; cellpadding: 2px; margin-left: 50px;\">\n<tbody>\n<tr>\n<td width=\"162\"><strong>Nombre del proyecto<\/strong><\/td>\n<td width=\"165\">Berwick del Sur<\/td>\n<\/tr>\n<tr>\n<td style=\"width: 154px;\"><strong>Certificado LIHI No.<\/strong><\/td>\n<td style=\"width: 211px;\">195<\/td>\n<\/tr>\n<tr>\n<td style=\"width: 154px;\"><strong>Plazo del certificado LIHI<\/strong><\/td>\n<td style=\"width: 211px;\">8 de diciembre de 2022 \u2013 7 de diciembre de 2032<\/td>\n<\/tr>\n<tr>\n<td width=\"162\"><strong>Due\u00f1o<\/strong><\/td>\n<td width=\"165\">Corporaci\u00f3n de energ\u00eda Green Mountain<\/td>\n<\/tr>\n<tr>\n<td width=\"162\"><strong>Estado<\/strong><\/td>\n<td width=\"165\">Nueva Hampshire y Maine<\/td>\n<\/tr>\n<tr>\n<td width=\"162\"><strong>Ubicaci\u00f3n<\/strong><\/td>\n<td width=\"165\">Milla fluvial 0 en el r\u00edo Salmon Falls<\/td>\n<\/tr>\n<tr>\n<td width=\"162\"><strong>Capacidad instalada<\/strong><\/td>\n<td width=\"165\">1,2 MW<\/td>\n<\/tr>\n<tr>\n<td width=\"162\"><strong>Generaci\u00f3n media anual<\/strong><\/td>\n<td width=\"165\">3.164 MWh<\/td>\n<\/tr>\n<tr>\n<td width=\"162\"><strong>Tipo de instalaci\u00f3n<\/strong><\/td>\n<td width=\"165\">Flujo de r\u00edo<\/td>\n<\/tr>\n<tr>\n<td width=\"162\"><strong><span class='tooltipsall tooltip_post_id_5565 classtoolTips152'>Comisi\u00f3n Federal de Comercio<\/span> No.<\/strong><\/td>\n<td width=\"165\">P-11163, expedida en 1997, con vencimiento el 30 de noviembre de 2037<\/td>\n<\/tr>\n<\/tbody>\n<\/table>\n<p>El proyecto South Berwick est\u00e1 ubicado en Maine y New Hampshire, en el r\u00edo Salmon Falls, y se encuentra en la intersecci\u00f3n de la ciudad de South Berwick en el condado de York, Maine, y la ciudad de Rollinsford en el condado de Strafford, New Hampshire. La mayor parte de la infraestructura del proyecto, incluida la toma de agua, <span class='tooltipsall tooltip_post_id_5619 classtoolTips124'>tuber\u00edas forzadas<\/span>, y <span class='tooltipsall tooltip_post_id_5624 classtoolTips102'>central el\u00e9ctrica<\/span> se encuentran en South Berwick. El derecho <span class='tooltipsall tooltip_post_id_5514 classtoolTips118'>contrafuerte<\/span> del <span class='tooltipsall tooltip_post_id_5545 classtoolTips158'>presa<\/span> se encuentra en Rollinsford.<\/p>\n<p>El r\u00edo Salmon Falls es un afluente costero del r\u00edo Piscataqua y drena una cuenca hidrogr\u00e1fica de 560 kil\u00f3metros cuadrados. La presa South Berwick divide las secciones ribere\u00f1a y mareal del r\u00edo y es la primera presa del r\u00edo Salmon Falls. El tramo del r\u00edo, debajo del proyecto, hasta la costa, est\u00e1 influenciado por las mareas. No existen presas ni estructuras aguas abajo entre el proyecto y la desembocadura del r\u00edo. Aproximadamente 6,3 kil\u00f3metros aguas abajo, el r\u00edo Salmon Falls se une al r\u00edo Cocheco para formar la confluencia del r\u00edo Piscataqua. Existen numerosas presas ubicadas aguas arriba del proyecto, incluyendo <a href=\"https:\/\/lowimpacthydro.org\/es\/rollinsford-project-new-hampshire-maine\/\">Rollinsford (LIHI #196)<\/a>, <a href=\"https:\/\/lowimpacthydro.org\/es\/lower-great-falls-project-nh-me\/\">Grandes Cataratas Inferiores (LIHI #202)<\/a>, y <a href=\"https:\/\/lowimpacthydro.org\/es\/lihi-certificate-100-south-milton-hydroelectric-project-new-hampshire\/\">South Milton (LIHI #100)<\/a>.<\/p>\n<p>La presa de South Berwick se construy\u00f3 originalmente en 1831. En 1923 se construy\u00f3 la central el\u00e9ctrica actual. A finales de los a\u00f1os 90, el proyecto se reform\u00f3 hasta alcanzar su configuraci\u00f3n y funcionamiento actuales.<\/p>\n<p>Las instalaciones del Proyecto incluyen:<\/p>\n<ul style=\"color: black;\">\n<li>Un bloque de hormig\u00f3n de 18 pies de alto y 290 pies de largo. <span class='tooltipsall tooltip_post_id_5580 classtoolTips81'>presa de gravedad<\/span> con 2 pies de alto <span class='tooltipsall tooltip_post_id_5569 classtoolTips79'>tableros de flash<\/span>;<\/li>\n<li>un barco integral de 220 pies de largo <span class='tooltipsall tooltip_post_id_5651 classtoolTips116'>aliviadero<\/span> secci\u00f3n;<\/li>\n<li>un embalse con un volumen bruto de 641 acres-pies con una superficie de 58 acres a la elevaci\u00f3n normal del estanque de 24,95 pies sobre el nivel del mar y un volumen de almacenamiento utilizable insignificante;<\/li>\n<li>una estructura de entrada en el estribo izquierdo (oriental) de la presa;<\/li>\n<li>tres <span class='tooltipsall tooltip_post_id_5582 classtoolTips122'>compuertas de entrada<\/span> que alimentan tres tuber\u00edas forzadas de 8 pies de di\u00e1metro y 70 pies de largo;<\/li>\n<li>Rejillas para basura con un espacio libre de 1 pulgada orientadas en un \u00e1ngulo de 45 grados con respecto al r\u00edo<br \/>\ncanal y flujo;<\/li>\n<li>Un upstream y un downstream <span class='tooltipsall tooltip_post_id_5566 classtoolTips59'>paso de peces<\/span> instalaci\u00f3n;<\/li>\n<li>Dos compuertas de 4 pies por 4 pies <span class='tooltipsall tooltip_post_id_5578 classtoolTips153'>puertas<\/span> Se utilizan como compuertas para inundaciones y para bajar el nivel del estanque.<br \/>\nniveles;<\/li>\n<li>una central el\u00e9ctrica de hormig\u00f3n y ladrillo de 85 pies de largo por 30 pies de ancho;<\/li>\n<li>tres verticales <span class='tooltipsall tooltip_post_id_5576 classtoolTips39'>Turbina Francis<\/span>-unidades generadoras con una capacidad instalada total de 1,2<br \/>\nMW, equipo de conmutaci\u00f3n y sistema de control de la unidad; y<\/li>\n<li>instalaciones anexas.<\/li>\n<\/ul>\n<p>El proyecto opera en <span class='tooltipsall tooltip_post_id_5643 classtoolTips52'>de pasada<\/span> El modo de conducci\u00f3n proporciona un caudal m\u00ednimo de 44 pies c\u00fabicos por segundo para abordar los problemas de calidad del agua, y las operaciones de pasada garantizan la protecci\u00f3n de los recursos acu\u00e1ticos y <span class='tooltipsall tooltip_post_id_5635 classtoolTips115'>ribere\u00f1o<\/span> h\u00e1bitat. La elevaci\u00f3n del estanque en la cabecera se regula mediante un <span class='tooltipsall tooltip_post_id_5626 classtoolTips6'>Controlador l\u00f3gico programable<\/span> para garantizar que los niveles de los estanques de cabecera se mantengan constantes a medida que var\u00edan los niveles del r\u00edo. Un sistema inform\u00e1tico permite la recopilaci\u00f3n y el almacenamiento de datos para respaldar los requisitos de monitoreo y presentaci\u00f3n de informes. Este r\u00e9gimen de caudal se desarroll\u00f3 en consulta con el Departamento de Protecci\u00f3n Ambiental de Maine, el Servicio de Pesca y Vida Silvestre de los Estados Unidos y el Departamento de Pesca y Caza de New Hampshire (NHFGD).<\/p>\n<p>Las aguas dentro del alcance del proyecto est\u00e1n designadas como Categor\u00eda 4A, que delimita <span class='tooltipsall tooltip_post_id_5560 classtoolTips112'>estuarino<\/span> y aguas marinas que est\u00e1n deterioradas o amenazadas para uno o m\u00e1s usos designados pero que no requieren el desarrollo de un <span class='tooltipsall tooltip_post_id_5663 classtoolTips150'>Tmdl<\/span>A principios de la d\u00e9cada de 2000, el proyecto realiz\u00f3 varios a\u00f1os de monitoreo de la calidad del agua en las aguas residuales del proyecto. Una vez finalizado, el Departamento de Protecci\u00f3n Ambiental de Maine confirm\u00f3 las conclusiones de que el proyecto no contribuye ni causa el incumplimiento de los est\u00e1ndares de calidad del agua.<\/p>\n<p>El r\u00edo Salmon Falls ha albergado hist\u00f3ricamente varias <span class='tooltipsall tooltip_post_id_5549 classtoolTips96'>di\u00e1dromo<\/span> especies como el s\u00e1balo americano, la anguila americana y el arenque de r\u00edo. Las migraciones del salm\u00f3n del Atl\u00e1ntico se vieron gravemente afectadas, de modo que en 1750 (antes de la construcci\u00f3n de la presa), estas migraciones se vieron suficientemente alteradas por las antiguas presas r\u00edo arriba, la sobrepesca y la contaminaci\u00f3n por aserr\u00edn, de modo que el salm\u00f3n ya no regres\u00f3 al r\u00edo Salmon Falls para desovar. El canal de descarga del proyecto se pesca intensamente en primavera, cuando hay peces di\u00e1dromos. La operaci\u00f3n de las instalaciones del paso de peces se coordina anualmente con el NHFGD. El propietario del proyecto trabaja en estrecha colaboraci\u00f3n con el NHFGD y colabora con la instalaci\u00f3n de equipos de conteo de peces en la escala de peces, as\u00ed como con los conteos manuales en la <span class='tooltipsall tooltip_post_id_5556 classtoolTips98'>escalera de anguila<\/span>.<\/p>\n<p>La instalaci\u00f3n de paso de peces se construy\u00f3 entre el estribo izquierdo (este) de la presa y la estructura de entrada en 2002. La escalera para peces estilo Denil de 4 pies de ancho est\u00e1 construida de acero y hormig\u00f3n y est\u00e1 dise\u00f1ada para funcionar en modo de paso aguas arriba o aguas abajo. La entrada a la escalera para peces se encuentra en el canal de descarga del Proyecto, adyacente a la descarga de la Unidad de turbina-generador N.\u00ba 3. La salida de la escalera para peces, que tambi\u00e9n sirve como entrada de derivaci\u00f3n aguas abajo, est\u00e1 ubicada en el lado derecho (oeste) de los bastidores de basura en \u00e1ngulo. Cuando se opera como una instalaci\u00f3n de paso aguas abajo, los deflectores se quitan de la secci\u00f3n superior de la escalera para peces y se utilizan troncos de retenci\u00f3n para sellar la secci\u00f3n media e inferior de la escalera para redirigir el flujo y los peces que migran hacia afuera hacia un <span class='tooltipsall tooltip_post_id_5620 classtoolTips86'>piscina de inmersi\u00f3n<\/span> en el canal de descarga. El proyecto tambi\u00e9n proporciona un paso aguas arriba para la anguila americana, a trav\u00e9s de un <span class='tooltipsall tooltip_post_id_5556 classtoolTips98'>rampa para anguilas<\/span> Ubicado en la base de la presa. Las anguilas americanas juveniles suelen utilizar la escala de anguilas del Proyecto desde finales de la primavera hasta principios del oto\u00f1o. Otras especies de peces residentes en el r\u00edo Salmon Falls incluyen la perca amarilla, la lubina negra, el pez luna, el pez dorado, el pez gato pardo y el lucio de aleta roja. Adem\u00e1s, el h\u00e1bitat puede albergar peces que dependen de los r\u00edos, como el pez matalote blanco y el pez de oto\u00f1o. Hay varias especies no aut\u00f3ctonas en el proyecto, incluidas varias especies de lubina que se introdujeron a trav\u00e9s de programas de repoblaci\u00f3n.<\/p>\n<p>Las tierras del proyecto constan de aproximadamente 7 acres. Las tierras en las inmediaciones del proyecto son principalmente riberas de r\u00edos boscosas sin desarrollar con alg\u00fan desarrollo disperso. El \u00e1rea del canal de descarga se considera h\u00e1bitat estuarino intermareal debido a la influencia de las mareas. <span class='tooltipsall tooltip_post_id_5643 classtoolTips52'>De pasada<\/span> Las operaciones garantizan la protecci\u00f3n de las costas del proyecto.<\/p>\n<p>Las especies amenazadas o en peligro de extinci\u00f3n que podr\u00edan estar presentes en las inmediaciones del proyecto incluyen el murci\u00e9lago orejudo del norte, el esturi\u00f3n del Atl\u00e1ntico, el esturi\u00f3n de hocico corto, el \u00e1guila calva, la fangoria del Atl\u00e1ntico, la hierba del este, el junco grande, la hierba pigmea y el palo de arroyo costero. No se ha identificado ning\u00fan h\u00e1bitat cr\u00edtico para las especies incluidas en la lista en el \u00e1rea del proyecto. Se puede encontrar un h\u00e1bitat adecuado en las inmediaciones del proyecto, aunque las operaciones de pasada minimizan el potencial de impactos sobre estas especies. La gesti\u00f3n de la vegetaci\u00f3n en el proyecto se lleva a cabo fuera de las \u00e1reas de inter\u00e9s y no se espera que afecte a las especies incluidas en la lista.<\/p>\n<p>No se han identificado recursos culturales o hist\u00f3ricos en el \u00e1rea del proyecto con el consentimiento de la Comisi\u00f3n de Preservaci\u00f3n Hist\u00f3rica del Estado de Maine, que declar\u00f3 durante la renovaci\u00f3n de la licencia que &quot;no hab\u00eda sitios de importancia hist\u00f3rica, arquitect\u00f3nica o arqueol\u00f3gica que se ver\u00edan afectados por la operaci\u00f3n continua del Proyecto South Berwick&quot;. Aunque no est\u00e1 dentro de los l\u00edmites del proyecto, la hist\u00f3rica Casa de Conteo se encuentra en la esquina del r\u00edo Salmon Falls y Liberty Street en South Berwick. La Casa de Conteo fue incluida en la lista <span class='tooltipsall tooltip_post_id_5606 classtoolTips1'>Registro Nacional de Lugares Hist\u00f3ricos<\/span> en 1975. La Casa de Contabilidad no es operada ni mantenida por el proyecto.<\/p>\n<p>Los recursos recreativos del proyecto incluyen acceso para embarcaciones en el embarcadero de Foundry Street en el embalse, pesca en la orilla del embalse en el embarcadero y debajo del proyecto, y canotaje en el tramo aguas abajo del r\u00edo. La orilla este cerca de la central el\u00e9ctrica tambi\u00e9n ofrece acceso al r\u00edo. El acceso p\u00fablico es gratuito.<\/p>\n<hr \/>\n<h3>Estado de cumplimiento<\/h3>\n<p>El Certificado incluye las siguientes condiciones espec\u00edficas de la instalaci\u00f3n:<\/p>\n<p><strong>Condici\u00f3n 1<\/strong>:En los informes anuales de cumplimiento presentados a LIHI, el propietario de la instalaci\u00f3n deber\u00e1 resumir las operaciones de paso de peces aguas arriba y aguas abajo durante la temporada de paso anterior, describir las inspecciones y el mantenimiento que se hayan realizado, proporcionar copias de las comunicaciones con las agencias de recursos pesqueros y proporcionar un plan y un cronograma para la implementaci\u00f3n de las modificaciones que puedan requerir las agencias de recursos. En caso de que se implementen m\u00e9todos de paso alternativos en el proyecto, tambi\u00e9n se deber\u00e1 proporcionar un plan y un cronograma para dicho trabajo. LIHI se reserva el derecho de modificar esta condici\u00f3n en funci\u00f3n de la informaci\u00f3n proporcionada.<\/p>\n<p><strong>2025:<\/strong> No se identificaron cambios sustanciales ni problemas de cumplimiento. El proyecto se mantiene en cumplimiento seg\u00fan la revisi\u00f3n anual. Para la Condici\u00f3n 1, el proyecto inform\u00f3 que se complet\u00f3 la instalaci\u00f3n de la trampa\/cami\u00f3n. Las instalaciones de paso de peces aguas arriba y aguas abajo funcionaron sin incidentes, salvo por el mantenimiento rutinario.<\/p>\n<p><strong>2024:<\/strong> No se identificaron cambios materiales ni problemas de cumplimiento. El proyecto sigue cumpliendo con los requisitos seg\u00fan la revisi\u00f3n anual. Para la Condici\u00f3n 1, el proyecto present\u00f3 los documentos de dise\u00f1o final y la solicitud de enmienda de la FERC para la instalaci\u00f3n de la trampa y el transporte, programada para 2025. Las instalaciones de paso de peces aguas arriba y aguas abajo funcionaron sin incidentes, aparte del mantenimiento de rutina. La escala de peces de Denil pas\u00f3 aproximadamente 177.374 arenques r\u00edo arriba.<\/p>\n<p><strong>2023:<\/strong> No se identificaron cambios materiales ni problemas de cumplimiento. El proyecto sigue cumpliendo con los requisitos seg\u00fan la revisi\u00f3n anual. En el caso de la condici\u00f3n 1, el proyecto inform\u00f3 haber consultado al Servicio de Pesca y Vida Silvestre de los Estados Unidos y a otras agencias en el proceso de dise\u00f1o para la instalaci\u00f3n de una trampa y una instalaci\u00f3n de transporte, incluida una visita al sitio y una reuni\u00f3n para analizar alternativas de dise\u00f1o conceptual. Las instalaciones de paso de peces r\u00edo arriba y r\u00edo abajo funcionaron sin incidentes, aparte del mantenimiento de rutina. La escala de peces de Denil pas\u00f3 aproximadamente 70.625 arenques r\u00edo arriba.<\/p>\n<p><strong>2022:<\/strong> La presentaci\u00f3n de informes anuales para el Certificado actual a\u00fan no ha entrado en vigor.<\/p>\n<hr \/>\n<h3>Historial de certificaciones<\/h3>\n<p><strong>18 de abril de 2023: <\/strong>El Instituto de Energ\u00eda Hidroel\u00e9ctrica de Bajo Impacto ha emitido una decisi\u00f3n final sobre la certificaci\u00f3n del Proyecto Hidroel\u00e9ctrico de South Berwick. El plazo de certificaci\u00f3n es del 8 de diciembre de 2022 al 7 de diciembre de 2032.<\/p>\n<p><strong>13 de marzo de 2023:<\/strong> \u00a0El Instituto de Energ\u00eda Hidroel\u00e9ctrica de Bajo Impacto (LIHI) aprob\u00f3 preliminarmente la Certificaci\u00f3n de Bajo Impacto para el Proyecto Hidroel\u00e9ctrico South Berwick (pendiente de LIHI #195). La solicitud y el informe de revisi\u00f3n se encuentran a continuaci\u00f3n.<\/p>\n<p>Esta decisi\u00f3n es preliminar y est\u00e1 pendiente del per\u00edodo de apelaci\u00f3n de 30 d\u00edas. Solo aquellos que comentaron sobre la solicitud inicial durante el per\u00edodo de comentarios de 60 d\u00edas son elegibles para presentar una apelaci\u00f3n. Dicha apelaci\u00f3n debe incluir una explicaci\u00f3n de por qu\u00e9 el Proyecto no cumple con los criterios de LIHI. Las solicitudes de apelaci\u00f3n se pueden enviar por correo electr\u00f3nico a <a href=\"mailto:comments@lowimpacthydro.org\">comments@lowimpacthydro.org<\/a> con \u201cSouth Berwick Project\u201d en la l\u00ednea de asunto, o por correo dirigido al Low Impact Hydropower Institute, 1167 Massachusetts Ave, Arlington, MA 02476. Todas las solicitudes se publicar\u00e1n en el sitio web. El solicitante tendr\u00e1 la oportunidad de responder y cualquier respuesta tambi\u00e9n se publicar\u00e1. Las solicitudes deben recibirse antes de las 5:00 p. m., hora del este, el 1 de julio. <strong>12 de abril de 2023<\/strong>Si no se reciben solicitudes de apelaci\u00f3n, el per\u00edodo de certificaci\u00f3n ser\u00e1 del 8 de diciembre de 2022 al 7 de diciembre de 2032.<\/p>\n<p><strong>8 de diciembre de 2022: <\/strong>El Instituto de Energ\u00eda Hidroel\u00e9ctrica de Bajo Impacto ha recibido una solicitud completa para la Certificaci\u00f3n de Bajo Impacto del Proyecto Hidroel\u00e9ctrico de South Berwick. LIHI est\u00e1 buscando comentarios p\u00fablicos sobre esta solicitud. En concreto, nos interesa saber si usted cree que el Proyecto cumple con los Criterios de Certificaci\u00f3n de Bajo Impacto de LIHI, tal como se revisaron en el Manual de la 2.\u00aa edici\u00f3n. Los materiales de solicitud del Proyecto se pueden encontrar a continuaci\u00f3n.<\/p>\n<p>Los comentarios que est\u00e9n directamente relacionados con criterios espec\u00edficos del LIHI (caudales, calidad del agua, paso de peces, etc.) ser\u00e1n de gran ayuda, pero se tendr\u00e1n en cuenta todos los comentarios. Los comentarios pueden enviarse al Instituto por correo electr\u00f3nico a\u00a0<a href=\"mailto:comments@lowimpacthydro.org\">comments@lowimpacthydro.org<\/a>\u00a0con \u201cComentarios del Proyecto South Berwick\u201d en la l\u00ednea de asunto, o por correo dirigido al Low Impact Hydropower Institute, 1167 Massachusetts Avenue, Arlington, MA 02476.\u00a0 <strong>Los comentarios deben recibirse antes de las 5:00 p. m., hora del Este, el 6 de febrero de 2023.<\/strong>\u00a0Se considerar\u00e1n todos los comentarios. Se publicar\u00e1n en el sitio web y el solicitante tendr\u00e1 la oportunidad de responder. Tambi\u00e9n se publicar\u00e1n todas las respuestas.<\/p>\n<hr \/>\n<h3>Archivos de certificaci\u00f3n<\/h3>\n<h4>Certificaci\u00f3n 2023<\/h4>\n<ul style=\"color: black;\">\n<li><a href=\"https:\/\/lowimpacthydro.org\/wp-content\/uploads\/2023\/03\/South-Berwick-Certification-Review-Report-2023.pdf\">Informe de revisi\u00f3n de South Berwick 2023<\/a><\/li>\n<li><a href=\"https:\/\/lowimpacthydro.org\/wp-content\/uploads\/2022\/12\/South_Berwick_LIHI_Certification_Application-Intake-Review-jcg-2022-10-12.pdf\">Proyecto South Berwick \u2013 Solicitud de certificaci\u00f3n 2022<\/a><\/li>\n<li><a href=\"https:\/\/lowimpacthydro.org\/wp-content\/uploads\/2022\/12\/TU-Comments-on-South-Berwick-LIHI-Application-2022.pdf\">Carta de comentarios de la TU \u2013 Proyecto South Berwick<\/a><\/li>\n<\/ul>\n<hr \/>\n<h3>Documentos clave<\/h3>\n<ul>\n<li><a href=\"https:\/\/lowimpacthydro.org\/wp-content\/uploads\/2023\/06\/1997-12-11_FERC-License-South-Berwick.pdf\">Licencia FERC 1997<\/a><\/li>\n<li><a href=\"https:\/\/lowimpacthydro.org\/wp-content\/uploads\/2023\/06\/19970103-FERC-EA-South-Berwick.pdf\">Evaluaci\u00f3n ambiental de la FERC de 1996<\/a><\/li>\n<li><a href=\"https:\/\/lowimpacthydro.org\/wp-content\/uploads\/2023\/06\/1995-WQC-South-Berwick.pdf\">Certificaci\u00f3n de calidad del agua de Maine de 1995<\/a><\/li>\n<\/ul>","protected":false},"excerpt":{"rendered":"<p>Project Name South Berwick LIHI Certificate No. 195 LIHI Certificate Term December 8, 2022 &#8211; December 7, 2032 Owner Green Mountain Power Corporation State New Hampshire<span class=\"excerpt-hellip\"> [\u2026]<\/span><\/p>\n","protected":false},"author":3,"featured_media":-1,"parent":0,"menu_order":0,"comment_status":"closed","ping_status":"closed","template":"","meta":{"_coblocks_attr":"","_coblocks_dimensions":"","_coblocks_responsive_height":"","_coblocks_accordion_ie_support":"","om_disable_all_campaigns":false,"_monsterinsights_skip_tracking":false,"_monsterinsights_sitenote_active":false,"_monsterinsights_sitenote_note":"","_monsterinsights_sitenote_category":0,"footnotes":""},"class_list":["post-6770","page","type-page","status-publish","has-post-thumbnail","hentry"],"aioseo_notices":[],"_links":{"self":[{"href":"https:\/\/lowimpacthydro.org\/es\/wp-json\/wp\/v2\/pages\/6770","targetHints":{"allow":["GET"]}}],"collection":[{"href":"https:\/\/lowimpacthydro.org\/es\/wp-json\/wp\/v2\/pages"}],"about":[{"href":"https:\/\/lowimpacthydro.org\/es\/wp-json\/wp\/v2\/types\/page"}],"author":[{"embeddable":true,"href":"https:\/\/lowimpacthydro.org\/es\/wp-json\/wp\/v2\/users\/3"}],"replies":[{"embeddable":true,"href":"https:\/\/lowimpacthydro.org\/es\/wp-json\/wp\/v2\/comments?post=6770"}],"version-history":[{"count":18,"href":"https:\/\/lowimpacthydro.org\/es\/wp-json\/wp\/v2\/pages\/6770\/revisions"}],"predecessor-version":[{"id":10257,"href":"https:\/\/lowimpacthydro.org\/es\/wp-json\/wp\/v2\/pages\/6770\/revisions\/10257"}],"wp:featuredmedia":[{"embeddable":true,"href":"https:\/\/lowimpacthydro.org\/es\/wp-json\/"}],"wp:attachment":[{"href":"https:\/\/lowimpacthydro.org\/es\/wp-json\/wp\/v2\/media?parent=6770"}],"curies":[{"name":"gracias","href":"https:\/\/api.w.org\/{rel}","templated":true}]}}