{"id":6579,"date":"2022-09-22T10:22:49","date_gmt":"2022-09-22T14:22:49","guid":{"rendered":"https:\/\/lowimpacthydro.org\/?page_id=6579"},"modified":"2025-08-07T10:58:12","modified_gmt":"2025-08-07T14:58:12","slug":"meldahl-project","status":"publish","type":"page","link":"https:\/\/lowimpacthydro.org\/es\/meldahl-project\/","title":{"rendered":"Certificado LIHI #194 \u2013 Proyecto Meldahl, Ohio\/Kentucky"},"content":{"rendered":"<table class=\"alignright\" style=\"width: 351px; border: 2px; cellspacing: 2px; cellpadding: 2px; margin-left: 50px;\">\n<tbody>\n<tr>\n<td style=\"border-style: solid;\" width=\"162\"><strong>Nombre del proyecto<\/strong><\/td>\n<td style=\"border-style: solid;\" width=\"165\">Meldahl<\/td>\n<\/tr>\n<tr>\n<td style=\"border-style: solid;\"><strong>Certificado LIHI No.<br \/>\n<\/strong><\/td>\n<td style=\"border-style: solid;\">194<\/td>\n<\/tr>\n<tr>\n<td style=\"border-style: solid;\"><strong>Plazo del certificado LIHI<br \/>\n<\/strong><\/td>\n<td style=\"border-style: solid;\">21 de septiembre de 2022 \u2013 20 de septiembre de 2032<\/td>\n<\/tr>\n<tr>\n<td style=\"border-style: solid;\" width=\"162\"><strong>Due\u00f1o<\/strong><\/td>\n<td style=\"border-style: solid;\" width=\"165\">Energ\u00eda Municipal Americana, Inc.<\/td>\n<\/tr>\n<tr>\n<td style=\"border-style: solid;\" width=\"162\"><strong>Estado<\/strong><\/td>\n<td style=\"border-style: solid;\" width=\"165\">Ohio\/Kentucky<\/td>\n<\/tr>\n<tr>\n<td style=\"border-style: solid;\" width=\"162\"><strong>Ubicaci\u00f3n<\/strong><\/td>\n<td style=\"border-style: solid;\" width=\"165\">Milla fluvial 436,2 en el r\u00edo Ohio, condado de Clermont, Ohio\/condado de Bracken, Kentucky<\/td>\n<\/tr>\n<tr>\n<td style=\"border-style: solid;\" width=\"162\"><strong>Capacidad instalada<\/strong><\/td>\n<td style=\"border-style: solid;\" width=\"165\">105 MW<\/td>\n<\/tr>\n<tr>\n<td style=\"border-style: solid;\" width=\"162\"><strong>Generaci\u00f3n media anual<\/strong><\/td>\n<td style=\"border-style: solid;\" width=\"165\">514.157 MWh<\/td>\n<\/tr>\n<tr>\n<td style=\"border-style: solid;\" width=\"162\"><strong>Tipo de instalaci\u00f3n<\/strong><\/td>\n<td style=\"border-style: solid;\" width=\"165\">Flujo de r\u00edo<\/td>\n<\/tr>\n<tr>\n<td style=\"border-style: solid;\" width=\"162\"><strong><span class='tooltipsall tooltip_post_id_5565 classtoolTips152'>Comisi\u00f3n Federal de Comercio<\/span> No.<\/strong><\/td>\n<td style=\"border-style: solid;\" width=\"165\">P-12667 emitido en 2008, vence el 21\/05\/2058<\/td>\n<\/tr>\n<\/tbody>\n<\/table>\n<p>El Proyecto Meldahl est\u00e1 ubicado en el r\u00edo Ohio en el condado de Bracken, Kentucky y el condado de Clermont, Ohio, inmediatamente adyacente a las esclusas existentes del Capit\u00e1n Anthony Meldahl del Cuerpo de Ingenieros del Ej\u00e9rcito de los EE. UU. (USACE) y <span class='tooltipsall tooltip_post_id_5545 classtoolTips158'>Presa<\/span>, a 436 millas de su nacimiento en Pittsburgh, Pensilvania. Es la duod\u00e9cima esclusa y <span class='tooltipsall tooltip_post_id_5545 classtoolTips158'>presa<\/span> R\u00edo abajo de Pittsburgh, Pensilvania, donde el r\u00edo Ohio nace en la confluencia de los r\u00edos Allegheny y Monongahela. Una serie de esclusas y presas, operadas y mantenidas por el Cuerpo de Ingenieros del Ej\u00e9rcito de los Estados Unidos (USACE), regula la elevaci\u00f3n de las pozas en el r\u00edo Ohio para la navegaci\u00f3n. Estas presas crean 19 pozas r\u00edo arriba de la confluencia del r\u00edo Misisipi. Desde finales del siglo XIX, el r\u00edo Ohio se ha visto modificado en toda su longitud mediante la canalizaci\u00f3n y la construcci\u00f3n de m\u00e1s de 60 esclusas y presas para facilitar el tr\u00e1fico mar\u00edtimo.<\/p>\n<p>La construcci\u00f3n de la esclusa y la presa comenz\u00f3 en abril de 1958 y se complet\u00f3 y puso en funcionamiento en diciembre de 1964. El propietario del proyecto posee o mantiene otros cuatro proyectos hidroel\u00e9ctricos a lo largo del r\u00edo Ohio, incluidos: <a href=\"https:\/\/lowimpacthydro.org\/es\/lihi-certificate-187-willow-island-project-ohio-west-virginia\/\">Isla Willow (Proyecto FERC n.\u00b0 6902, LIHI #187)<\/a>, Belleville (Proyecto FERC No. 6939), Cannelton (Proyecto FERC No. 10228) y Smithland (Proyecto FERC No. 6641).<\/p>\n<p>La estructura existente del Cuerpo de Ingenieros del Ej\u00e9rcito de los Estados Unidos (USACE), que no forma parte del proyecto, consta de una esclusa principal de 365 metros de largo y 33 metros de ancho, y una esclusa auxiliar de 182 metros de largo y 33 metros de ancho. La presa, terminada en 1964, es un vertedero fijo de hormig\u00f3n con 12 tanques. <span class='tooltipsall tooltip_post_id_5578 classtoolTips153'>puertas<\/span>Cada una de 30 metros de largo y 10 metros de altura sobre los umbrales. La presa tiene 530 metros de longitud. En el extremo sur de la secci\u00f3n con compuertas de la presa, hay un vertedero de desbordamiento por gravedad de hormig\u00f3n de 113 metros de largo. <span class='tooltipsall tooltip_post_id_5624 classtoolTips102'>central el\u00e9ctrica<\/span> Est\u00e1 ubicado en la orilla de Kentucky aproximadamente a 550 pies del \u00faltimo <span class='tooltipsall tooltip_post_id_5651 classtoolTips116'>aliviadero<\/span> Muelle hasta el centro de la central el\u00e9ctrica. Las esclusas de navegaci\u00f3n se encuentran en la orilla de Ohio.<\/p>\n<p>La central hidroel\u00e9ctrica incluye una central de hormig\u00f3n armado de 64 metros de ancho que alberga tres turbinas Kaplan Bulb horizontales de 35 megavatios (MW) con una capacidad instalada total de 105 MW; un canal de toma de 560 metros de longitud; un canal de descarga de 560 metros de longitud; una l\u00ednea de transmisi\u00f3n de aproximadamente 8 kil\u00f3metros y 138 kilovoltios (kV) que conecta la central con una estaci\u00f3n de conmutaci\u00f3n adyacente a la l\u00ednea de transmisi\u00f3n Boone-Spurlock de East Kentucky Electric Cooperative, Inc.; y otras instalaciones auxiliares. El proyecto alcanz\u00f3 su plena operaci\u00f3n comercial en abril de 2016.<\/p>\n<p>El proyecto opera en un <span class='tooltipsall tooltip_post_id_5643 classtoolTips52'>de pasada<\/span> y almacena un embalse de 21,700 acres. Durante su funcionamiento normal, el proyecto puede generar energ\u00eda el\u00e9ctrica con una, dos o tres unidades las 24 horas del d\u00eda, cuando el caudal del r\u00edo oscila entre aproximadamente 2,300 pies c\u00fabicos por segundo (cfs) y unos 65,000 cfs. Durante los per\u00edodos de estiaje, cuando el r\u00edo Ohio se regula para proteger intereses federales como la navegaci\u00f3n, toda el agua descargada del Proyecto Meldahl es controlada por el Jefe de Esclusas y Presas de Meldahl. El Distrito Huntington del Cuerpo de Ingenieros del Ej\u00e9rcito de los Estados Unidos (USACE) tambi\u00e9n mantiene la balsa de navegaci\u00f3n aguas arriba al descargar cualquier caudal a trav\u00e9s de la esclusa y presa de Meldahl.<\/p>\n<p>Los usos designados para las aguas dentro del \u00e1rea del proyecto incluyen h\u00e1bitat acu\u00e1tico, recreaci\u00f3n y suministro p\u00fablico de agua. Sin embargo, la Comisi\u00f3n de Saneamiento del Agua del Valle del R\u00edo Ohio (ORSANCO) ha declarado que el r\u00edo Ohio est\u00e1 contaminado para el consumo de pescado debido a la presencia de PCB y <span class='tooltipsall tooltip_post_id_5550 classtoolTips127'>dioxina<\/span> Al igual que gran parte del r\u00edo, el r\u00edo, incluyendo las inmediaciones del proyecto, tambi\u00e9n se ve afectado por la contaminaci\u00f3n por E. coli.<\/p>\n<p>El r\u00edo Ohio, en las inmediaciones del Proyecto, alberga una amplia variedad de peces de aguas c\u00e1lidas. Entre los peces de caza se incluyen la lucioperca americana, el sauger, la lobina negra, la lobina negra, la lobina moteada, la lobina de roca, el bagre, la lobina rayada, la lobina rayada h\u00edbrida, el pez luna, la perca americana y la lobina blanca. Entre los peces no deportivos se incluyen el pez gato, el pez gato, el arenque listado, el ojo de luna, el cacho, el pez carite, el corvina, el matalote, el s\u00e1balo mollejero y la carpa. La Comisi\u00f3n de Reservas Naturales del Estado de Kentucky indica que varias especies de especial inter\u00e9s podr\u00edan encontrarse en el sitio del Proyecto o en sus alrededores, como el pez esp\u00e1tula, la lamprea plateada y el b\u00fafalo negro. El Departamento de Pesca y Recursos de Vida Silvestre de Kentucky ha considerado el tramo aguas abajo del proyecto como una excelente pesquer\u00eda. No <span class='tooltipsall tooltip_post_id_5518 classtoolTips36'>pez an\u00e1dromo<\/span> Las especies est\u00e1n presentes en el \u00e1rea del proyecto, aunque <span class='tooltipsall tooltip_post_id_5538 classtoolTips75'>cat\u00e1dromo<\/span> Se han encontrado muy pocos ejemplares de anguila americana. El paso se realiza a trav\u00e9s de las esclusas adyacentes.<\/p>\n<p>Cada turbina cuenta con una rejilla de arrastre con una separaci\u00f3n de 20 cm y una velocidad de aproximaci\u00f3n de 6,4 m\/s. La central el\u00e9ctrica contiene tres turbinas Kaplan de eje horizontal tipo bulbo. Si bien los peces podr\u00edan quedar atrapados, las turbinas Kaplan de gran di\u00e1metro, con baja velocidad de rotaci\u00f3n (62 rpm), cuatro \u00e1labes de gran di\u00e1metro, amplias separaciones entre \u00e1labes y bordes de ataque relativamente anchos y lisos, minimizan el impacto de las \u00e1labes y la mortalidad de los peces atrapados.<\/p>\n<p>Los terrenos del proyecto abarcan aproximadamente 82 acres. La construcci\u00f3n del proyecto hidroel\u00e9ctrico requiri\u00f3 el desmonte y la excavaci\u00f3n de 60 acres de terreno. Al finalizar, el propietario del proyecto consult\u00f3 con agencias estatales y el Cuerpo de Ingenieros del Ej\u00e9rcito de los Estados Unidos (USACE) para restaurar el \u00e1rea con mezclas de semillas nativas y cubierta vegetal. El propietario del proyecto tambi\u00e9n mejor\u00f3... <span class='tooltipsall tooltip_post_id_5635 classtoolTips115'>ribere\u00f1o<\/span> \u00e1reas a lo largo de Banklick Creek y el r\u00edo Licking Creek en todo el condado de Kenton, Kentucky, en coordinaci\u00f3n con USACE.<\/p>\n<p>Las especies amenazadas o en peligro de extinci\u00f3n potencialmente presentes en las inmediaciones del proyecto incluyen el mejill\u00f3n abanico, el mejill\u00f3n rosado, el mejill\u00f3n rosado anillado, el mejill\u00f3n nariz de oveja, el mejill\u00f3n pata naranja, el mejill\u00f3n zarapito, el mejill\u00f3n snuffbox, el mejill\u00f3n caja de anteojos, el mejill\u00f3n r\u00e1pido del norte, el mejill\u00f3n pata de conejo, el murci\u00e9lago gris, el murci\u00e9lago de Indiana, el murci\u00e9lago orejudo del norte, el \u00e1guila calva, el cuclillo de pico negro, la reinita cer\u00falea, la reinita de Kentucky, la reinita de pradera, la reinita protonotaria, el p\u00e1jaro carpintero de cabeza roja, el mirlo herrumbroso, el zorzal de bosque, el gavil\u00e1n aguilucho norte\u00f1o, la lib\u00e9lula corpora azul, el tr\u00e9bol b\u00fafalo corredor y la anguila americana. La consulta con los organismos reguladores durante la planificaci\u00f3n del proyecto hidroel\u00e9ctrico, junto con las operaciones de pasada del proyecto, minimiza la probabilidad de impactos adversos sobre las especies incluidas.<\/p>\n<p>Los recursos hist\u00f3ricos en las inmediaciones del proyecto incluyen una propiedad, las esclusas y la presa de Meldahl, y un sitio potencialmente elegible (BK-432) en Kentucky. El Oficial de Preservaci\u00f3n Hist\u00f3rica del Estado de Kentucky concluy\u00f3 que el proyecto hidroel\u00e9ctrico no afectar\u00eda estas propiedades.<\/p>\n<p>Los recursos recreativos del proyecto incluyen acceso para pesca, un muelle de pesca, \u00e1reas de picnic, acceso a la costa, ba\u00f1os y estacionamiento. A media milla r\u00edo abajo se encuentra el banco de arena de Big Snag Creek, un popular lugar recreativo para pescar, acampar y hacer picnics. El propietario del proyecto instal\u00f3 ondulaciones sumergidas en el canal de desag\u00fce del proyecto, por encima y por debajo del muelle de pesca, para mejorar el h\u00e1bitat pesquero y la pesca deportiva. El acceso p\u00fablico es gratuito.<\/p>\n<hr \/>\n<h3>Estado de cumplimiento<\/h3>\n<p><strong>El Certificado incluye las siguientes condiciones espec\u00edficas de la instalaci\u00f3n:<\/strong><\/p>\n<p><strong><em>Parcialmente satisfecho en 2023.<\/em> Condici\u00f3n 1: <\/strong>Dentro de los 6 meses posteriores a la Certificaci\u00f3n, el Propietario de la instalaci\u00f3n deber\u00e1 comunicarse con el Jefe de Esclusas de Meldahl con respecto a la facilitaci\u00f3n de los estudios de mejillones del USACE aguas abajo del Proyecto. <span class='tooltipsall tooltip_post_id_5660 classtoolTips117'>Canal de cola<\/span> de conformidad con el Memorando de Acuerdo Operativo vigente (<span class='tooltipsall tooltip_post_id_5602 classtoolTips160'>MOA<\/span>) entre el Cuerpo de Ingenieros del Ej\u00e9rcito de los Estados Unidos (USACE) y el Proyecto. De conformidad con el MOA, el propietario de la instalaci\u00f3n deber\u00e1 coordinar los cambios operativos temporales con el personal del Distrito Huntington del USACE cuando se le notifique oportunamente sobre un estudio de mejillones r\u00edo abajo planificado por el USACE. En las presentaciones anuales de cumplimiento de LIHI a LIHI, el propietario de la instalaci\u00f3n deber\u00e1 proporcionar:<\/p>\n<ul style=\"color: black;\">\n<li>Un resumen de las notificaciones pertinentes recibidas del Distrito, junto con la coordinaci\u00f3n posterior con el personal del Distrito;<\/li>\n<li>Cualquier consulta relacionada con USACE, FWS y agencias de recursos estatales; y<\/li>\n<li>Un resumen de cualquier cambio realizado a las instalaciones u operaciones del Proyecto para proteger las especies de mejillones incluidas en la lista.<\/li>\n<\/ul>\n<p><strong>Condici\u00f3n 2:<\/strong>\u00a0 De acuerdo con el Art\u00edculo 413 de la licencia, modificado en este documento para fines de certificaci\u00f3n LIHI, si se descubre evidencia arqueol\u00f3gica previamente no identificada, elementos culturales de los nativos americanos, restos humanos o propiedades hist\u00f3ricas durante el curso de la operaci\u00f3n o mantenimiento del Proyecto, el Propietario de la instalaci\u00f3n deber\u00e1 detener todas las actividades de limpieza y alteraci\u00f3n de tierras en las cercan\u00edas de las propiedades y consultar inmediatamente con la SHPO, el USACE, la Banda Unida Keetoowah de Cherokee, la Tribu Miami de Oklahoma, la Tribu Peoria de Indios de Oklahoma y la Banda Oriental de Indios Cherokee.<\/p>\n<p><strong>2025:<\/strong> No se identificaron cambios sustanciales ni problemas de cumplimiento. El proyecto se mantiene en cumplimiento seg\u00fan la revisi\u00f3n anual. En cuanto a las Condiciones 1 y 2, el proyecto no report\u00f3 actividad.<\/p>\n<p><strong>2024:<\/strong> No se identificaron cambios sustanciales ni problemas de cumplimiento. El proyecto se mantiene en cumplimiento seg\u00fan la revisi\u00f3n anual. Para la Condici\u00f3n 1, el proyecto report\u00f3 haber consultado con el administrador de esclusas, por lo que cumple parcialmente con la condici\u00f3n; solo se requiere el informe anual. Para la Condici\u00f3n 2, el proyecto no report\u00f3 actividad.<\/p>\n<p><strong>2023:<\/strong> No se identificaron cambios sustanciales ni problemas de cumplimiento. El proyecto se mantiene en cumplimiento seg\u00fan la revisi\u00f3n anual. En cuanto a la Condici\u00f3n 1, el proyecto report\u00f3 que no recibi\u00f3 notificaciones ni realiz\u00f3 consultas ni cambios. En cuanto a la Condici\u00f3n 2, el proyecto no report\u00f3 actividad.<\/p>\n<p><strong>2022:<\/strong> La presentaci\u00f3n de informes anuales para el Certificado actual a\u00fan no ha entrado en vigor.<\/p>\n<hr \/>\n<h3>Historial de certificaciones<\/h3>\n<p><strong>29 de marzo de 2023:<\/strong> El Instituto de Energ\u00eda Hidroel\u00e9ctrica de Bajo Impacto ha emitido una decisi\u00f3n final sobre la certificaci\u00f3n del Proyecto Hidroel\u00e9ctrico Meldahl. El plazo de certificaci\u00f3n es del 21 de septiembre de 2022 al 20 de septiembre de 2032.<\/p>\n<p><strong>21 de febrero de 2023:<\/strong> \u00a0El Instituto de Energ\u00eda Hidroel\u00e9ctrica de Bajo Impacto (LIHI) aprob\u00f3 preliminarmente la Certificaci\u00f3n de Bajo Impacto para el Proyecto Hidroel\u00e9ctrico Meldahl (pendiente de LIHI #194). La solicitud y el informe de revisi\u00f3n se encuentran a continuaci\u00f3n. Esta decisi\u00f3n es preliminar, a la espera del plazo de apelaci\u00f3n de 30 d\u00edas. Solo quienes presentaron comentarios sobre la solicitud inicial durante el plazo de 60 d\u00edas pueden presentar una apelaci\u00f3n. Dicha apelaci\u00f3n debe incluir una explicaci\u00f3n de por qu\u00e9 el Proyecto no cumple con los criterios del LIHI. Las solicitudes de apelaci\u00f3n pueden enviarse por correo electr\u00f3nico a <a href=\"mailto:comments@lowimpacthydro.org\">comments@lowimpacthydro.org<\/a> Con el asunto &quot;Proyecto Meldahl&quot;, o por correo postal dirigido al Instituto de Energ\u00eda Hidroel\u00e9ctrica de Bajo Impacto, 1167 Massachusetts Ave, Arlington, MA 02476. Todas las solicitudes se publicar\u00e1n en el sitio web. El solicitante tendr\u00e1 la oportunidad de responder, y cualquier respuesta tambi\u00e9n se publicar\u00e1. Las solicitudes deben recibirse antes de las 17:00 h, hora del este, del 23 de marzo de 2023. Si no se reciben solicitudes de apelaci\u00f3n, el plazo de certificaci\u00f3n ser\u00e1 del 21 de septiembre de 2022 al 20 de septiembre de 2032.<\/p>\n<p><strong>26 de septiembre de 2022:<\/strong> El Instituto de Energ\u00eda Hidroel\u00e9ctrica de Bajo Impacto (LIHI) ha recibido una solicitud completa para la Certificaci\u00f3n de Bajo Impacto del Proyecto Hidroel\u00e9ctrico Meldahl. LIHI solicita comentarios p\u00fablicos sobre esta solicitud. En concreto, nos interesa saber si considera que el Proyecto cumple con los Criterios de Certificaci\u00f3n de Bajo Impacto de LIHI, revisados en la 2.\u00aa edici\u00f3n del Manual. Por favor, revise el programa y los criterios en la versi\u00f3n revisada de LIHI.\u00a0<a href=\"https:\/\/lowimpacthydro.org\/wp-content\/uploads\/2020\/07\/2nd-edition-handbook-20160315-rev2.02-7-20-16.pdf\">Manual<\/a><a href=\"https:\/\/lowimpacthydro.org\/wp-content\/uploads\/2020\/07\/2nd-edition-handbook-20160315-rev2.02-7-20-16.pdf\">\u00a0<\/a>y luego revise los materiales de solicitud del Proyecto a continuaci\u00f3n. Comentarios que est\u00e1n directamente relacionados con criterios espec\u00edficos de LIHI (caudales, calidad del agua, <span class='tooltipsall tooltip_post_id_5566 classtoolTips59'>paso de peces<\/span>, etc.) ser\u00e1n de gran ayuda, pero se tendr\u00e1n en cuenta todos los comentarios. Los comentarios pueden enviarse al Instituto por correo electr\u00f3nico a\u00a0<a href=\"mailto:comments@lowimpacthydro.org\">comments@lowimpacthydro.org<\/a>\u00a0con \u201cComentarios del Proyecto Meldahl\u201d en la l\u00ednea de asunto, o por correo dirigido al Low Impact Hydropower Institute, 1167 Massachusetts Avenue, Suite 407, Arlington, MA 02476.\u00a0<strong>Los comentarios deben recibirse antes de las 5 p. m., hora del Este, del 25 de noviembre de 2022.<\/strong>\u00a0Se considerar\u00e1n todos los comentarios. Se publicar\u00e1n en el sitio web y el solicitante tendr\u00e1 la oportunidad de responder. Tambi\u00e9n se publicar\u00e1n todas las respuestas.<\/p>\n<hr \/>\n<h3>Archivos de certificaci\u00f3n<\/h3>\n<h4>Certificaci\u00f3n 2023<\/h4>\n<ul style=\"color: black;\">\n<li><a href=\"https:\/\/lowimpacthydro.org\/wp-content\/uploads\/2023\/02\/Meldahl-certification-review-2022-final-final.pdf\">Informe de revisi\u00f3n de Meldahl 2023<\/a><\/li>\n<li><a href=\"https:\/\/lowimpacthydro.org\/wp-content\/uploads\/2022\/12\/LIHI-Application-Meldahl-Hydroelectric-Project.pdf\">Solicitud de certificaci\u00f3n Meldahl 2022<\/a><\/li>\n<li><a href=\"https:\/\/lowimpacthydro.org\/wp-content\/uploads\/2022\/10\/Meldahl-Hydroelectric-Project-Clermont-County-Ohio-Bracken-County-Kentucky\u2013-Comments-of-the-Miami-Tribe-of-Oklahoma.pdf\">Carta de comentarios de la Tribu Miami de Oklahoma: Solicitud del Proyecto Meldahl 2022<\/a><\/li>\n<\/ul>\n<hr \/>\n<h3>Documentos clave<\/h3>\n<ul>\n<li><a href=\"https:\/\/lowimpacthydro.org\/wp-content\/uploads\/2024\/05\/2008-Meldahl-license.pdf\">Licencia FERC 2008<\/a><\/li>\n<li><a href=\"https:\/\/lowimpacthydro.org\/wp-content\/uploads\/2024\/05\/2008-Meldahl-license-errata.pdf\">Erratas de la licencia FERC de 2008<\/a><\/li>\n<li><a href=\"https:\/\/lowimpacthydro.org\/wp-content\/uploads\/2024\/05\/2008-Meldahl-WQ-conditions.pdf\">Certificaci\u00f3n de calidad del agua 2008<\/a><\/li>\n<li><a href=\"https:\/\/lowimpacthydro.org\/wp-content\/uploads\/2024\/05\/2008-Meldahl-EA.pdf\">Evaluaci\u00f3n ambiental de la FERC de 2008<\/a><\/li>\n<\/ul>","protected":false},"excerpt":{"rendered":"<p>Project Name Meldahl LIHI Certificate No. 194 LIHI Certificate Term September 21, 2022 &#8211; September 20, 2032 Owner American Municipal Power, Inc. State Ohio\/Kentucky Location River<span class=\"excerpt-hellip\"> [\u2026]<\/span><\/p>\n","protected":false},"author":3,"featured_media":-1,"parent":0,"menu_order":0,"comment_status":"closed","ping_status":"closed","template":"","meta":{"_coblocks_attr":"","_coblocks_dimensions":"","_coblocks_responsive_height":"","_coblocks_accordion_ie_support":"","om_disable_all_campaigns":false,"_monsterinsights_skip_tracking":false,"_monsterinsights_sitenote_active":false,"_monsterinsights_sitenote_note":"","_monsterinsights_sitenote_category":0,"footnotes":""},"class_list":["post-6579","page","type-page","status-publish","has-post-thumbnail","hentry"],"aioseo_notices":[],"_links":{"self":[{"href":"https:\/\/lowimpacthydro.org\/es\/wp-json\/wp\/v2\/pages\/6579","targetHints":{"allow":["GET"]}}],"collection":[{"href":"https:\/\/lowimpacthydro.org\/es\/wp-json\/wp\/v2\/pages"}],"about":[{"href":"https:\/\/lowimpacthydro.org\/es\/wp-json\/wp\/v2\/types\/page"}],"author":[{"embeddable":true,"href":"https:\/\/lowimpacthydro.org\/es\/wp-json\/wp\/v2\/users\/3"}],"replies":[{"embeddable":true,"href":"https:\/\/lowimpacthydro.org\/es\/wp-json\/wp\/v2\/comments?post=6579"}],"version-history":[{"count":37,"href":"https:\/\/lowimpacthydro.org\/es\/wp-json\/wp\/v2\/pages\/6579\/revisions"}],"predecessor-version":[{"id":9891,"href":"https:\/\/lowimpacthydro.org\/es\/wp-json\/wp\/v2\/pages\/6579\/revisions\/9891"}],"wp:featuredmedia":[{"embeddable":true,"href":"https:\/\/lowimpacthydro.org\/es\/wp-json\/"}],"wp:attachment":[{"href":"https:\/\/lowimpacthydro.org\/es\/wp-json\/wp\/v2\/media?parent=6579"}],"curies":[{"name":"gracias","href":"https:\/\/api.w.org\/{rel}","templated":true}]}}