{"id":559,"date":"2020-07-15T23:03:28","date_gmt":"2020-07-16T03:03:28","guid":{"rendered":"https:\/\/lowimpacthydro.org\/new\/?page_id=559"},"modified":"2025-06-11T14:45:31","modified_gmt":"2025-06-11T18:45:31","slug":"lihi-certificate-166-quinebaug-five-mile-pond-hydroelectric-project-connecticut","status":"publish","type":"page","link":"https:\/\/lowimpacthydro.org\/es\/lihi-certificate-166-quinebaug-five-mile-pond-hydroelectric-project-connecticut\/","title":{"rendered":"Proyecto del estanque Quinebaug-Five Mile \u2013 LIHI #166"},"content":{"rendered":"<table class=\"alignright\" style=\"width: 351px; border: 2px; cellspacing: 2px; cellpadding: 2px; margin-left: 50px;\">\n<tbody>\n<tr>\n<td width=\"162\"><strong>Nombre del proyecto<\/strong><\/td>\n<td width=\"165\">Quinebaug \u2013 Estanque de cinco millas<\/td>\n<\/tr>\n<tr>\n<td><strong>Certificaci\u00f3n LIHI No.<br \/>\n<\/strong><\/td>\n<td>166<\/td>\n<\/tr>\n<tr>\n<td><strong>Plazo de certificaci\u00f3n de LIHI<br \/>\n<\/strong><\/td>\n<td>21 de junio de 2019 \u2013 20 de junio de 2029<\/td>\n<\/tr>\n<tr>\n<td width=\"162\"><strong>Due\u00f1o<\/strong><\/td>\n<td width=\"165\">Quinebaug Associates, LLC, una subsidiaria de Relevate Power LLC<\/td>\n<\/tr>\n<tr>\n<td width=\"162\"><strong>Estado<\/strong><\/td>\n<td width=\"165\">Connecticut<\/td>\n<\/tr>\n<tr>\n<td width=\"162\"><strong>Ubicaci\u00f3n<\/strong><\/td>\n<td width=\"165\">Quinebaug: Milla fluvial 26,2 en el r\u00edo Quinebaug.<\/p>\n<p>Estanque de cinco millas: milla fluvial 0,2 en el r\u00edo Five Mile.<\/td>\n<\/tr>\n<tr>\n<td width=\"162\"><strong>Capacidad instalada<\/strong><\/td>\n<td width=\"165\"><strong>Total: 2,59 MW<\/strong><\/p>\n<p>Quinebaug: 2,24 MW<\/p>\n<p>Estanque de cinco millas: 0,35 MW<\/td>\n<\/tr>\n<tr>\n<td width=\"162\"><strong>Generaci\u00f3n media anual<\/strong><\/td>\n<td width=\"165\"><strong>Total: 7.945 MWh<\/strong><\/p>\n<p>Quinebaug: 6.925 MWh<\/p>\n<p>Estanque de cinco millas: 1.020 MWh<\/td>\n<\/tr>\n<tr>\n<td width=\"162\"><strong>Tipo de instalaci\u00f3n<\/strong><\/td>\n<td width=\"165\">Flujo de r\u00edo<\/td>\n<\/tr>\n<tr>\n<td width=\"162\"><strong><span class='tooltipsall tooltip_post_id_5565 classtoolTips152'>Comisi\u00f3n Federal de Comercio<\/span> No.<\/strong><\/td>\n<td width=\"165\">P-5062 expedido en 1987, vence el 28\/02\/2027<\/td>\n<\/tr>\n<\/tbody>\n<\/table>\n<p>El proyecto Quinebaug \u2013 Five Mile Pond est\u00e1 ubicado en la confluencia del r\u00edo Five Mile y el r\u00edo Quinebaug en las ciudades de Brooklyn y Killingly en el condado de Windham, Connecticut. Los dos proyectos, Quinebaug y Five Mile Pond, est\u00e1n ubicados muy cerca, pero en r\u00edos diferentes, y est\u00e1n autorizados bajo la misma licencia de la FERC. El proyecto fue construido y comenz\u00f3 a funcionar en 1990 por Diamond Power Corporation en represas construidas originalmente alrededor de 1885. El proyecto Five-Mile Pond es la primera y \u00fanica instalaci\u00f3n hidroel\u00e9ctrica en el r\u00edo Five Mile, aunque varias represas sin energ\u00eda se encuentran aguas arriba del proyecto, incluida Old Daniels. <span class='tooltipsall tooltip_post_id_5545 classtoolTips158'>Presa<\/span>, la presa Ballouville y dos presas sin nombre. El desarrollo de Quinebaug tiene varias presas aguas arriba, algunas utilizadas para el control de inundaciones, molinos o energ\u00eda hidroel\u00e9ctrica. Estas incluyen la presa Rogers, Cargill Falls, <a href=\"https:\/\/lowimpacthydro.org\/es\/lihi-certificate-3-putnam-hydropower-project-connecticut\/\">Putnam (LIHI #3)<\/a>, MSC y el control de inundaciones de West Thompson del Cuerpo de Ingenieros del Ej\u00e9rcito de EE. UU. <span class='tooltipsall tooltip_post_id_5545 classtoolTips158'>presa<\/span> Ubicado en el r\u00edo French, justo aguas arriba de su confluencia con el r\u00edo Quinebaug. Aguas abajo del desarrollo se encuentran las presas Aspinook (Wyre Wind), Tunnel Dam y Greenville.<\/p>\n<ul style=\"color: black;\">\n<li>Desarrollo de Quinebaug: El desarrollo consiste en la presa Rojak, de aproximadamente 250 pies de largo con una central el\u00e9ctrica de 30 pies de ancho, 7 pies de profundidad y 900 pies de largo. <span class='tooltipsall tooltip_post_id_5537 classtoolTips143'>canal<\/span> Estructura de admisi\u00f3n hacia la derecha y <span class='tooltipsall tooltip_post_id_5651 classtoolTips116'>aliviadero<\/span> a la izquierda (mirando r\u00edo abajo). La presa es una estructura de gravedad de mamposter\u00eda de piedra con una secci\u00f3n de aliviadero de desbordamiento de aproximadamente 130 pies de largo. Una turbina de h\u00e9lice de flujo axial est\u00e1 ubicada dentro de una caja de presi\u00f3n de acero en la secci\u00f3n sin desbordamiento de la presa y proporciona flujos m\u00ednimos en el tramo desviado de 0,3 millas. Inmediatamente aguas arriba de la presa <span class='tooltipsall tooltip_post_id_5624 classtoolTips102'>central el\u00e9ctrica<\/span> Es un canal y un vertedero auxiliar\/de desbordamiento de hormig\u00f3n armado de aproximadamente 200 pies de largo. La central el\u00e9ctrica contiene dos turbinas Kaplan\/bulbo con una capacidad combinada de 2,24 MW.<\/li>\n<li>Desarrollo Five Mile Pond: El desarrollo Five Mile Pond consta de una mamposter\u00eda de piedra <span class='tooltipsall tooltip_post_id_5580 classtoolTips81'>presa de gravedad<\/span> La presa tiene una longitud de aproximadamente 135 pies y una altura de 16,5 pies, con un aliviadero de 100 pies de largo. Hay un aliviadero a la izquierda (mirando r\u00edo abajo) y una estructura de entrada al canal hacia la derecha que tiene aproximadamente 30 pies de ancho, 12 pies de profundidad y 280 pies de largo. La presa crea un tramo desviado de aproximadamente 158 pies de largo. Inmediatamente aguas arriba de la central el\u00e9ctrica hay un aliviadero de desbordamiento del canal. El aliviadero est\u00e1 revestido de hormig\u00f3n y tiene aproximadamente 80 pies de largo. La central el\u00e9ctrica contiene una sola turbina Kaplan de doble regulaci\u00f3n con una capacidad de 0,35 MW.<\/li>\n<li>Quinebaug: El embalse creado por la presa tiene aproximadamente 85 acres. El desarrollo se ejecuta en forma instant\u00e1nea. <span class='tooltipsall tooltip_post_id_5643 classtoolTips52'>de pasada<\/span> Por lo tanto, no se utiliza ning\u00fan almacenamiento en el embalse para la generaci\u00f3n de energ\u00eda. El proyecto prev\u00e9 un caudal m\u00ednimo liberado en el tramo desviado de 77 pies c\u00fabicos por segundo, o un caudal de entrada si es menor.<\/li>\n<li>Estanque Five Mile: El embalse creado por la presa tiene aproximadamente 65 acres. El desarrollo funciona en modo de flujo instant\u00e1neo sin almacenamiento. El proyecto proporciona un caudal m\u00ednimo de derivaci\u00f3n de 15 pies c\u00fabicos por segundo, o caudal de entrada si es menor, que se libera al tramo de derivaci\u00f3n a trav\u00e9s de una muesca en el <span class='tooltipsall tooltip_post_id_5569 classtoolTips79'>tableros de flash<\/span>.<\/li>\n<\/ul>\n<p>Los reg\u00edmenes de flujo se desarrollaron por recomendaci\u00f3n del Servicio de Pesca y Vida Silvestre de Estados Unidos para mantener un h\u00e1bitat acu\u00e1tico adecuado. <span class='tooltipsall tooltip_post_id_5643 classtoolTips52'>De pasada<\/span> Las operaciones se mantienen utilizando un <span class='tooltipsall tooltip_post_id_5626 classtoolTips6'>Controlador l\u00f3gico programable<\/span> para ajustar la configuraci\u00f3n de la puerta adecuadamente.<\/p>\n<p>Las aguas del r\u00edo Quinebaug est\u00e1n designadas como de clase B. Estas aguas se gestionan para el h\u00e1bitat acu\u00e1tico y de vida silvestre, el suministro de agua agr\u00edcola e industrial y las actividades recreativas. Algunas \u00e1reas aguas arriba y aguas abajo dentro del alcance del desarrollo Quinebaug han sido clasificadas como no propicias para la vida acu\u00e1tica y\/o la recreaci\u00f3n debido a la presencia de E. coli. Seg\u00fan el Departamento de Energ\u00eda y Protecci\u00f3n Ambiental de Connecticut (CTDEEP), las operaciones hidroel\u00e9ctricas no est\u00e1n incluidas como una fuente potencial de este deterioro. En cuanto al r\u00edo Five Mile, las aguas no est\u00e1n incluidas como deterioradas y la consulta con el CTDEEP concluy\u00f3 que las operaciones del proyecto no tuvieron impactos adversos en la calidad del agua.<\/p>\n<p>Las represas aguas abajo crean barreras para <span class='tooltipsall tooltip_post_id_5566 classtoolTips59'>paso de peces<\/span> En ambos proyectos, los esfuerzos de restauraci\u00f3n en curso se centran en el s\u00e1balo americano, el arenque azul y la s\u00e1bala, todos ellos especies que alguna vez fueron comunes en el T\u00e1mesis. <span class='tooltipsall tooltip_post_id_5636 classtoolTips65'>Cuenca del r\u00edo<\/span> del cual forma parte el r\u00edo Quinebaug. Las \u00e1reas de desove de la especie fueron <span class='tooltipsall tooltip_post_id_5561 classtoolTips99'>extirpado<\/span> a mediados y fines del siglo XIX debido a la construcci\u00f3n de represas. El h\u00e1bitat de desove y crianza para arenques de r\u00edo, s\u00e1balos, lampreas marinas y anguilas americanas permanece por encima de las represas. Actualmente se est\u00e1n desarrollando disposiciones para el paso de peces en el Proyecto E\u00f3lico Wyre r\u00edo abajo que, una vez completado, convertir\u00e1 al proyecto Quinebaug en la pr\u00f3xima barrera para el paso de peces r\u00edo arriba. Una cascada en la desembocadura del r\u00edo Five Mile r\u00edo abajo de la represa Five Mile Pond forma una barrera hist\u00f3rica natural para el paso de especies an\u00e1dromas, pero se han identificado disposiciones para el paso futuro de la anguila americana. Los Bashracks con un espaciamiento de 3 pulgadas en el desarrollo Quinebaug y un espaciamiento de 2 pulgadas en el desarrollo Five Mile Pond mitigan el potencial de <span class='tooltipsall tooltip_post_id_5558 classtoolTips77'>arrastre<\/span> y <span class='tooltipsall tooltip_post_id_5587 classtoolTips82'>instrucci\u00f3n<\/span> Adem\u00e1s de la baja velocidad de aproximaci\u00f3n, por debajo de la recomendada est\u00e1ndar de 2 pies por segundo, Five Mile Pond tambi\u00e9n permite el paso aguas abajo a trav\u00e9s de la muesca de flujo m\u00ednimo en los deflectores del aliviadero, lo que conduce al tramo desviado.<\/p>\n<p>Las tierras del proyecto constan de aproximadamente 4 acres. La mitad de estas tierras est\u00e1n cubiertas de \u00e1rboles o maleza, mientras que la otra mitad es urbana\/desarrollada. No existen tierras de valor ecol\u00f3gico significativo en la limitada superficie del proyecto y sus operaciones de pasada minimizan la perturbaci\u00f3n de la costa y los recursos de la cuenca hidrogr\u00e1fica en ambos desarrollos.<\/p>\n<p>Entre las especies amenazadas o en peligro de extinci\u00f3n que podr\u00edan estar presentes en las inmediaciones del proyecto se encuentra el murci\u00e9lago orejudo del norte. Una de las principales preocupaciones de esta especie es la alteraci\u00f3n del h\u00e1bitat a causa del mantenimiento de los \u00e1rboles y la vegetaci\u00f3n. El mantenimiento habitual del complejo de Quinebaug incluye la eliminaci\u00f3n de la vegetaci\u00f3n, principalmente el corte del c\u00e9sped y el mantenimiento de la maleza. El complejo de Five Mile est\u00e1 rodeado de un denso uso residencial y urbano del suelo. A trav\u00e9s de consultas con la base de datos de diversidad natural del estado de Connecticut, no se identificaron h\u00e1bitats cr\u00edticos para los murci\u00e9lagos en el \u00e1rea del proyecto y, adem\u00e1s, es poco probable que la especie est\u00e9 presente debido a la peque\u00f1a superficie del proyecto y su ubicaci\u00f3n urbana.<\/p>\n<p>Las estructuras hist\u00f3ricas cercanas al alcance del proyecto incluyen restos del Molino Quinebaug - Distrito Hist\u00f3rico de Quebec Square, que figura en la <span class='tooltipsall tooltip_post_id_5606 classtoolTips1'>Registro Nacional de Lugares Hist\u00f3ricos<\/span>Cualquier actividad que altere la tierra debe ser precedida por una consulta con la Oficina de Preservaci\u00f3n Hist\u00f3rica del Estado.<\/p>\n<p>No existen instalaciones de recreaci\u00f3n formales en el proyecto. El acceso p\u00fablico es gratuito, pero solo en lugares seguros. Hay barreras para embarcaciones aguas arriba de las represas y se proporciona acceso informal para la pesca en la confluencia de los r\u00edos Quinebaug y Five Mile y en los embalses del proyecto. El uso p\u00fablico de las \u00e1reas de recreaci\u00f3n informales ha sido hist\u00f3ricamente limitado.<\/p>\n<hr \/>\n<h3>Estado de cumplimiento<\/h3>\n<p><strong>El Certificado incluye las siguientes condiciones espec\u00edficas de la instalaci\u00f3n:<\/strong><\/p>\n<p><strong>Condici\u00f3n 1: <\/strong>El propietario de la instalaci\u00f3n deber\u00e1 notificar a LIHI sobre la instalaci\u00f3n de instalaciones de paso aguas arriba y\/o aguas abajo en el Proyecto Wyre Wynd (Presa del estanque Aspinook) y proporcionar un cronograma para la instalaci\u00f3n de instalaciones de paso en el Proyecto del estanque Quinebaug-Five Mile de conformidad con el art\u00edculo 402 de la licencia FERC existente.<\/p>\n<p><strong>2025:<\/strong> No se identificaron cambios sustanciales ni problemas de cumplimiento. El proyecto se mantiene en cumplimiento seg\u00fan la revisi\u00f3n anual. El proyecto present\u00f3 su solicitud final de renovaci\u00f3n de licencia el 27 de febrero de 2025. Para la Condici\u00f3n 1, el proyecto inform\u00f3 que est\u00e1 en consulta con las agencias sobre el paso en el proyecto Wyre Wynd y present\u00f3 un plan de trampa\/cami\u00f3n aguas arriba el 20 de agosto de 2024.<\/p>\n<p><strong>2024:<\/strong> No se identificaron cambios materiales ni problemas de cumplimiento. El proyecto sigue cumpliendo con los requisitos seg\u00fan la revisi\u00f3n anual. En cuanto a la condici\u00f3n 1, el proyecto no inform\u00f3 cambios en su estado.<\/p>\n<p><strong>2023:<\/strong> No se identificaron cambios materiales ni problemas de cumplimiento. El proyecto sigue cumpliendo con los requisitos seg\u00fan la revisi\u00f3n anual. En cuanto a la condici\u00f3n 1, el proyecto no inform\u00f3 cambios en su estado, aunque el proyecto Wyre Wynd recibi\u00f3 una nueva licencia de la FERC el 11 de julio de 2023 que requiere medidas de paso de peces r\u00edo arriba, incluido un programa de trampas y camiones.<\/p>\n<p><strong>2022:<\/strong> No se identificaron cambios materiales ni problemas de cumplimiento. El proyecto sigue cumpliendo con los requisitos seg\u00fan la revisi\u00f3n anual. El proyecto comenz\u00f3 a renovar la licencia de la FERC con la presentaci\u00f3n del PAD el 28 de febrero de 2022. En cuanto a la condici\u00f3n 1, el proyecto no inform\u00f3 cambios en su estado.\u00a0 <strong><br \/>\n<\/strong><\/p>\n<p><strong>2021:<\/strong> No se informaron cambios ni problemas de cumplimiento. El proyecto sigue cumpliendo con los requisitos seg\u00fan la revisi\u00f3n anual. En cuanto a la condici\u00f3n 1, el proyecto no inform\u00f3 cambios en su estado.<\/p>\n<p><strong>2020:<\/strong> No se informaron cambios ni problemas de cumplimiento. El proyecto sigue cumpliendo con los requisitos seg\u00fan la revisi\u00f3n anual. En cuanto a la condici\u00f3n 1, el proyecto no inform\u00f3 cambios en su estado.<\/p>\n<p><strong>2019:<\/strong> La presentaci\u00f3n de informes anuales para el Certificado actual a\u00fan no ha entrado en vigor.<\/p>\n<hr \/>\n<h3>Historial de certificaciones<\/h3>\n<p><strong>1 de enero de 2022:<\/strong> El plazo del Certificado LIHI se ha extendido de acuerdo con la Revisi\u00f3n 2.05 del Manual de Certificaci\u00f3n LIHI 2.\u00aa Edici\u00f3n emitido el 1 de enero de 2022. Consulte la tabla de instalaciones anterior para conocer el nuevo plazo.<\/p>\n<p><strong>10 de diciembre de 2019:<\/strong> La decisi\u00f3n de certificar el proyecto Quinebaug \u2013 Five Mile Pond es definitiva. No se recibieron solicitudes de apelaci\u00f3n durante el per\u00edodo de apelaciones que cerr\u00f3 el 1 de diciembre de 2019. El proyecto es LIHI #166 y su vigencia va del 21 de junio de 2019 al 20 de junio de 2024.<\/p>\n<p><strong>31 de octubre de 2019:<\/strong> El Instituto de Energ\u00eda Hidroel\u00e9ctrica de Bajo Impacto (LIHI) ha aprobado preliminarmente la Certificaci\u00f3n de Bajo Impacto para el Proyecto Hidroel\u00e9ctrico Quinebaug \u2013 Five Mile Pond. Esta decisi\u00f3n es preliminar a la espera del per\u00edodo de apelaci\u00f3n de 30 d\u00edas. Solo aquellos que comentaron sobre la solicitud inicial durante el per\u00edodo de comentarios de 60 d\u00edas son elegibles para presentar una apelaci\u00f3n. Dicha apelaci\u00f3n debe incluir una explicaci\u00f3n de por qu\u00e9 el Proyecto no cumple con los criterios LIHI. Las solicitudes de apelaci\u00f3n se pueden enviar por correo electr\u00f3nico a <a href=\"mailto:comments@lowimpacthydro.org\">comments@lowimpacthydro.org<\/a> con \u201cQuinebaug \u2013 Five Mile Pond Hydroelectric Project\u201d en la l\u00ednea de asunto, o por correo dirigido al Low Impact Hydropower Institute, 329 Massachusetts Ave, Suite 6, Lexington, MA 02420. Todas las solicitudes se publicar\u00e1n en el sitio web. El solicitante tendr\u00e1 la oportunidad de responder y cualquier respuesta tambi\u00e9n se publicar\u00e1. <strong>Las solicitudes deben recibirse antes de las 5 p. m., hora del Este, el 1 de diciembre de 2019.\u00a0 <\/strong>La solicitud completa y el informe de los revisores est\u00e1n disponibles a continuaci\u00f3n. Si no se reciben solicitudes de apelaci\u00f3n y la decisi\u00f3n se vuelve definitiva, el plazo de certificaci\u00f3n del proyecto (pendiente de LIHI #166) ser\u00e1 el 21 de junio de 2019 por un per\u00edodo de cinco (5) a\u00f1os, que vencer\u00e1 el 20 de junio de 2024.<\/p>\n<p><strong>24 de agosto de 2019:<\/strong> El per\u00edodo de comentarios p\u00fablicos ha cerrado, la solicitud contin\u00faa bajo revisi\u00f3n en espera de recibir informaci\u00f3n adicional.<\/p>\n<p><strong>24 de junio de 2019: <\/strong>El Instituto de Energ\u00eda Hidroel\u00e9ctrica de Bajo Impacto ha recibido una solicitud completa para la Certificaci\u00f3n de Bajo Impacto del Proyecto Hidroel\u00e9ctrico Quinebaug \u2013 Five Mile Pond. LIHI est\u00e1 buscando comentarios p\u00fablicos sobre esta solicitud. Espec\u00edficamente, nos interesa saber si usted cree que el Proyecto cumple con los Criterios de Certificaci\u00f3n de Bajo Impacto de LIHI, seg\u00fan se revisaron en el Manual de la 2.\u00aa Edici\u00f3n. Revise el programa y los criterios en el Manual revisado de LIHI.\u00a0<a href=\"https:\/\/lowimpacthydro.org\/wp-content\/uploads\/2020\/05\/low-impact-hydropower-certification-handbook-2nd-edition.pdf\">Manual<\/a><a href=\"https:\/\/lowimpacthydro.org\/wp-content\/uploads\/2020\/05\/low-impact-hydropower-certification-handbook-2nd-edition.pdf\">\u00a0<\/a>y luego revise los materiales de solicitud del Proyecto a continuaci\u00f3n. Los comentarios que est\u00e9n directamente relacionados con criterios espec\u00edficos de LIHI (flujos, calidad del agua, paso de peces, etc.) ser\u00e1n de gran ayuda, pero se considerar\u00e1n todos los comentarios. Los comentarios pueden enviarse al Instituto por correo electr\u00f3nico a\u00a0<a href=\"mailto:comments@lowimpacthydro.org\">comments@lowimpacthydro.org<\/a>\u00a0con \u201cComentarios sobre el proyecto Quinebaug \u2013 Five Mile Pond\u201d en la l\u00ednea de asunto, o por correo dirigido al Low Impact Hydropower Institute, 329 Massachusetts Avenue, Suite 6, Lexington, MA 02420.\u00a0 <strong>Los comentarios deben recibirse antes de las 5:00 p. m., hora del Este, el 23 de agosto de 2019.<\/strong>\u00a0Se considerar\u00e1n todos los comentarios. Se publicar\u00e1n en el sitio web y el solicitante tendr\u00e1 la oportunidad de responder. Tambi\u00e9n se publicar\u00e1n todas las respuestas.<\/p>\n<hr \/>\n<h3>Archivos de certificaci\u00f3n<\/h3>\n<h4>Certificaci\u00f3n 2019<\/h4>\n<ul style=\"color: black;\">\n<li><a href=\"https:\/\/lowimpacthydro.org\/wp-content\/uploads\/2020\/07\/Quinebaug-Five-Mile-Pond-Review-Report_2019_10_31.pdf\">Informe de revisi\u00f3n de la certificaci\u00f3n de Quinebaug \u2013 Five Mile Pond 2019<\/a><\/li>\n<li><a href=\"https:\/\/lowimpacthydro.org\/wp-content\/uploads\/2020\/07\/Quinebaug-Five-Mile-LIHI-Application-FINAL-IV-062119-1.pdf\">Solicitud de certificaci\u00f3n de Five Mile Pond de Quinebaug para 2019<\/a><\/li>\n<\/ul>\n<hr \/>\n<h3>Documentos clave<\/h3>\n<ul>\n<li><a href=\"https:\/\/lowimpacthydro.org\/wp-content\/uploads\/2020\/12\/1987-Quinebaug-Five-Mile-Pond-FERC-license-and-EA.pdf\">Quinebaug \u2013 Five Mile Pond Licencia FERC de 1987 y evaluaci\u00f3n ambiental<\/a><\/li>\n<li><a href=\"https:\/\/lowimpacthydro.org\/wp-content\/uploads\/2020\/12\/1983-Quinebaug-Five-Mile-Pond-WQC.pdf\">Certificado de calidad del agua de Quinebaug \u2013 Five Mile Pond de 1983<\/a><\/li>\n<li><a href=\"https:\/\/lowimpacthydro.org\/wp-content\/uploads\/2020\/12\/2009-Shetucket-River-Diadromous-Fish-Restoration-Plan.pdf\">R\u00edo Shetucket <span class='tooltipsall tooltip_post_id_5549 classtoolTips96'>Di\u00e1dromo<\/span> Plan de recuperaci\u00f3n de peces 2009<\/a><\/li>\n<\/ul>","protected":false},"excerpt":{"rendered":"<p>Project Name Quinebaug &#8211; Five Mile Pond LIHI Certification No. 166 LIHI Certification Term June 21, 2019 &#8211; June 20, 2029 Owner Quinebaug Associates, LLC, a<span class=\"excerpt-hellip\"> [\u2026]<\/span><\/p>\n","protected":false},"author":3,"featured_media":-1,"parent":0,"menu_order":0,"comment_status":"closed","ping_status":"closed","template":"","meta":{"_coblocks_attr":"","_coblocks_dimensions":"","_coblocks_responsive_height":"","_coblocks_accordion_ie_support":"","om_disable_all_campaigns":false,"_monsterinsights_skip_tracking":false,"_monsterinsights_sitenote_active":false,"_monsterinsights_sitenote_note":"","_monsterinsights_sitenote_category":0,"footnotes":""},"class_list":["post-559","page","type-page","status-publish","has-post-thumbnail","hentry"],"aioseo_notices":[],"_links":{"self":[{"href":"https:\/\/lowimpacthydro.org\/es\/wp-json\/wp\/v2\/pages\/559","targetHints":{"allow":["GET"]}}],"collection":[{"href":"https:\/\/lowimpacthydro.org\/es\/wp-json\/wp\/v2\/pages"}],"about":[{"href":"https:\/\/lowimpacthydro.org\/es\/wp-json\/wp\/v2\/types\/page"}],"author":[{"embeddable":true,"href":"https:\/\/lowimpacthydro.org\/es\/wp-json\/wp\/v2\/users\/3"}],"replies":[{"embeddable":true,"href":"https:\/\/lowimpacthydro.org\/es\/wp-json\/wp\/v2\/comments?post=559"}],"version-history":[{"count":14,"href":"https:\/\/lowimpacthydro.org\/es\/wp-json\/wp\/v2\/pages\/559\/revisions"}],"predecessor-version":[{"id":9714,"href":"https:\/\/lowimpacthydro.org\/es\/wp-json\/wp\/v2\/pages\/559\/revisions\/9714"}],"wp:featuredmedia":[{"embeddable":true,"href":"https:\/\/lowimpacthydro.org\/es\/wp-json\/"}],"wp:attachment":[{"href":"https:\/\/lowimpacthydro.org\/es\/wp-json\/wp\/v2\/media?parent=559"}],"curies":[{"name":"gracias","href":"https:\/\/api.w.org\/{rel}","templated":true}]}}