{"id":5174,"date":"2022-03-29T11:49:46","date_gmt":"2022-03-29T15:49:46","guid":{"rendered":"https:\/\/lowimpacthydro.org\/?page_id=5174"},"modified":"2022-05-17T11:34:01","modified_gmt":"2022-05-17T15:34:01","slug":"brassua-project-me","status":"publish","type":"page","link":"https:\/\/lowimpacthydro.org\/es\/brassua-project-me\/","title":{"rendered":"Solicitud completa recibida \u2013 Proyecto Brassua, ME"},"content":{"rendered":"<table class=\"alignright\" style=\"width: 351px; border: 2px; cellspacing: 2px; cellpadding: 2px; margin-left: 50px;\">\n<tbody>\n<tr>\n<td width=\"238\"><strong>Nombre del proyecto<\/strong><\/td>\n<td width=\"234\">Brassua<\/td>\n<\/tr>\n<tr>\n<td width=\"238\"><strong>Certificado LIHI No.<\/strong><\/td>\n<td width=\"234\">N \/ A<\/td>\n<\/tr>\n<tr>\n<td width=\"238\"><strong>Plazo del certificado LIHI<\/strong><\/td>\n<td width=\"234\">N \/ A<\/td>\n<\/tr>\n<tr>\n<td width=\"238\"><strong>Due\u00f1o<\/strong><\/td>\n<td width=\"234\">Brookfield White Pine Hydro LLC; Merimil Limited Partnership; y Eagle Creek Kennebec Hydro, LLC<\/td>\n<\/tr>\n<tr>\n<td width=\"238\"><strong>Estado<\/strong><\/td>\n<td width=\"234\">Maine<\/td>\n<\/tr>\n<tr>\n<td width=\"238\"><strong>Ubicaci\u00f3n<\/strong><\/td>\n<td width=\"234\">Milla fluvial 3 en el r\u00edo Moose<\/td>\n<\/tr>\n<tr>\n<td width=\"238\"><strong>Capacidad instalada<\/strong><\/td>\n<td width=\"234\">4,18 MW<\/td>\n<\/tr>\n<tr>\n<td width=\"238\"><strong>Generaci\u00f3n media anual<\/strong><\/td>\n<td width=\"234\">17.879 MWh<\/td>\n<\/tr>\n<tr>\n<td width=\"238\"><strong>Tipo de instalaci\u00f3n<\/strong><\/td>\n<td width=\"234\">Almacenamiento y <span class='tooltipsall tooltip_post_id_5617 classtoolTips132'>Alcanzando su punto m\u00e1ximo<\/span><\/td>\n<\/tr>\n<tr>\n<td width=\"238\"><strong><span class='tooltipsall tooltip_post_id_5565 classtoolTips152'>Comisi\u00f3n Federal de Comercio<\/span> No.<\/strong><\/td>\n<td width=\"234\">P-2615, emitida el 1 de abril de 2020 y vence el 30 de abril de 2060<\/td>\n<\/tr>\n<\/tbody>\n<\/table>\n<p>El Proyecto Brassua se ubica en el r\u00edo Moose, en el condado de Somerset, Maine. La cuenca del r\u00edo Moose se encuentra dentro de la cuenca del r\u00edo Kennebec, en el oeste de Maine, principalmente en el condado de Somerset. El r\u00edo Moose tiene aproximadamente 122 kil\u00f3metros de longitud y un \u00e1rea de drenaje total de aproximadamente 1800 kil\u00f3metros cuadrados. El proyecto Brassua se ubica aproximadamente a 5 kil\u00f3metros r\u00edo arriba de la entrada del lago Moosehead y es el \u00fanico... <span class='tooltipsall tooltip_post_id_5545 classtoolTips158'>presa<\/span> en el r\u00edo Moose.<\/p>\n<p>El proyecto se construy\u00f3 originalmente como un proyecto de almacenamiento de embalse en 1927, entr\u00f3 en funcionamiento en 1928 y, desde entonces, ha proporcionado caudales fluviales estabilizados a otros intereses r\u00edo abajo. La Comisi\u00f3n Federal de Energ\u00eda (FPC) emiti\u00f3 una licencia original para el proyecto el 16 de septiembre de 1977. La licencia ten\u00eda una vigencia que comenz\u00f3 el 1 de abril de 1962 y finaliz\u00f3 el 31 de diciembre de 1993. El Proyecto Brassua cuenta con la licencia de la Comisi\u00f3n Federal Reguladora de Energ\u00eda (FERC) como Proyecto n.\u00ba 2615.<\/p>\n<p>La licencia del Proyecto fue modificada en 1987, lo que result\u00f3 en la aprobaci\u00f3n por parte de la FERC de la construcci\u00f3n de las instalaciones generadoras en 1989, tal como existen hoy. <span class='tooltipsall tooltip_post_id_5624 classtoolTips102'>central el\u00e9ctrica<\/span> se construy\u00f3 en 1989 y comenz\u00f3 a generar el 1 de octubre de 1989. Esta orden extendi\u00f3 el plazo de la licencia por 19 a\u00f1os, por lo que la expiraci\u00f3n de la licencia se design\u00f3 para el 31 de marzo de 2012. La FERC emiti\u00f3 una nueva licencia para el Proyecto Brassua a Brookfield White Pine Hydro LLC, Merimil Limited Partnership y Eagle Creek Kennebec Hydro, LLC (licenciatarios) el 15 de abril de 2020 por un per\u00edodo de 40 a\u00f1os, a partir del 1 de abril de 2020.<\/p>\n<p>El Proyecto consta de la presa, la central el\u00e9ctrica, el embalse y las instalaciones anexas. Incluye una presa de 548 metros de longitud que contiene un embalse de 3600 hect\u00e1reas (lago Brassua); un embalse de 33 metros de longitud <span class='tooltipsall tooltip_post_id_5619 classtoolTips124'>compuerta<\/span> Conectado a una central el\u00e9ctrica que contiene una sola turbina generadora con una capacidad instalada de 4,18 MW, y una l\u00ednea de transmisi\u00f3n de 34,5 kilovoltios y 610 metros de longitud. El proyecto opera como una instalaci\u00f3n de almacenamiento y generaci\u00f3n estacional, donde la liberaci\u00f3n de caudal se determina seg\u00fan los requisitos m\u00ednimos de caudal entrante y la demanda aguas abajo para la generaci\u00f3n hidroel\u00e9ctrica en el r\u00edo Kennebec, as\u00ed como para el control de inundaciones.<\/p>\n<p>La Brassua <span class='tooltipsall tooltip_post_id_5545 classtoolTips158'>Presa<\/span> Incluye las siguientes secciones:<\/p>\n<ul style= \"color:black\">\n<li>una secci\u00f3n de terrapl\u00e9n sur de 410 pies de largo con un muro central de hormig\u00f3n y coronado con una barrera contra olas de 3,5 pies de alto;<\/li>\n<li>una secci\u00f3n de terrapl\u00e9n de tierra con revestimiento de hormig\u00f3n de 342 pies de largo rematada con una barrera contra olas de 3,5 pies de alto;<\/li>\n<li>de 284 pies de largo <span class='tooltipsall tooltip_post_id_5517 classtoolTips119'>Emborracharse<\/span>-losa tipo y contrafuerte <span class='tooltipsall tooltip_post_id_5651 classtoolTips116'>aliviadero<\/span> secci\u00f3n con cinco verticales <span class='tooltipsall tooltip_post_id_5649 classtoolTips91'>deslizar <span class='tooltipsall tooltip_post_id_5578 classtoolTips153'>puertas<\/span><\/span>, una compuerta corrediza de acero para compuertas de troncos, diez puertas de madera <span class='tooltipsall tooltip_post_id_5655 classtoolTips105'>Detener registro<\/span> ranuras, cuatro puertas profundas;<\/li>\n<li>una elevaci\u00f3n de cresta de 1.074 pies sobre el nivel medio del mar (msnm) en la parte superior de las compuertas deslizantes verticales;<\/li>\n<li>Una secci\u00f3n de 19 pies de largo que consta de un hormig\u00f3n inactivo <span class='tooltipsall tooltip_post_id_5568 classtoolTips128'>escala de peces<\/span>;<\/li>\n<li>una secci\u00f3n de terrapl\u00e9n norte de 734 pies de largo con un muro central de hormig\u00f3n y coronado con una barrera contra olas de 3,5 pies de alto.<\/li>\n<\/ul>\n<p>La central el\u00e9ctrica se encuentra cerca del pie de la presa, en el lado aguas abajo del terrapl\u00e9n sur. La central el\u00e9ctrica contiene un generador de eje horizontal con una potencia nominal de 4180 kW. La turbina existente es una unidad Voith Kaplan de eje horizontal con doble regulaci\u00f3n y una potencia nominal de 6166 HP (4,6 MW). La capacidad hidr\u00e1ulica nominal de la unidad es de 1600 pies c\u00fabicos por segundo (cfs) a una presi\u00f3n nominal de 400 bar. <span class='tooltipsall tooltip_post_id_5581 classtoolTips154'>cabeza<\/span> de 30,1 pies. La capacidad hidr\u00e1ulica m\u00e1xima de las turbinas es de aproximadamente 1800 pies c\u00fabicos por segundo (cfs) y la m\u00ednima de aproximadamente 240 cfs.<\/p>\n<p>Desde el lago Brassua, el agua ingresa a una estructura de toma de concreto equipada con una rejilla de descarga con una separaci\u00f3n de barras de 7,6 cm. El agua fluye a trav\u00e9s de una tuber\u00eda forzada de concreto de 33,2 metros de largo hasta la unidad de turbina-generador ubicada en la central el\u00e9ctrica. Desde la central el\u00e9ctrica, el agua fluye a un canal de descarga de 12,1 metros de ancho y 18,2 metros de largo antes de desembocar en el r\u00edo Moose. El agua tambi\u00e9n se transporta desde el embalse hasta el tramo aguas abajo del r\u00edo Moose a trav\u00e9s de cuatro tuber\u00edas de salida de 1,8 metros de di\u00e1metro ubicadas en la base del aliviadero de la presa.<\/p>\n<p>El embalse existente del Proyecto, el lago Brassua, tiene una longitud aproximada de 12,4 kil\u00f3metros y una superficie de aproximadamente 3700 hect\u00e1reas, con una elevaci\u00f3n m\u00e1xima normal de 324 metros. A lo largo del embalse, el l\u00edmite del Proyecto sigue una elevaci\u00f3n de 324 metros. El l\u00edmite del Proyecto abarca las obras del Proyecto y se extiende aproximadamente 198 metros aguas abajo de la presa. La elevaci\u00f3n normal del agua de cola del Proyecto se encuentra entre 318 y 314 metros, dependiendo del aliviadero y la descarga de la unidad.<\/p>\n<hr>\n<h3>Archivos:<\/h3>\n<h4>Certificaci\u00f3n 2022<\/h4>\n<ul style= \"color:black\">\n<li><a href=\"https:\/\/lowimpacthydro.org\/wp-content\/uploads\/2022\/03\/20211202-Brassua-LIHI-Initial-Application.pdf\">Solicitud de certificaci\u00f3n Brassua LIHI<\/a><\/li>\n<li><a href=\"https:\/\/lowimpacthydro.org\/wp-content\/uploads\/2022\/05\/Maine-Trout-Unlimited-Comment-Letter-Brassua-Application-2022.pdf\">Carta de comentarios de Maine Trout Unlimited: Solicitud de Brassua 2022<\/a><\/li>\n<\/ul>","protected":false},"excerpt":{"rendered":"<p>Project Name Brassua LIHI Certificate No. N\/A LIHI Certificate Term N\/A Owner Brookfield White Pine Hydro LLC; Merimil Limited Partnership; and Eagle Creek Kennebec Hydro, LLC<span class=\"excerpt-hellip\"> [\u2026]<\/span><\/p>\n","protected":false},"author":3,"featured_media":4088,"parent":0,"menu_order":0,"comment_status":"closed","ping_status":"closed","template":"","meta":{"_coblocks_attr":"","_coblocks_dimensions":"","_coblocks_responsive_height":"","_coblocks_accordion_ie_support":"","om_disable_all_campaigns":false,"_monsterinsights_skip_tracking":false,"_monsterinsights_sitenote_active":false,"_monsterinsights_sitenote_note":"","_monsterinsights_sitenote_category":0,"footnotes":""},"class_list":["post-5174","page","type-page","status-publish","has-post-thumbnail","hentry"],"aioseo_notices":[],"_links":{"self":[{"href":"https:\/\/lowimpacthydro.org\/es\/wp-json\/wp\/v2\/pages\/5174","targetHints":{"allow":["GET"]}}],"collection":[{"href":"https:\/\/lowimpacthydro.org\/es\/wp-json\/wp\/v2\/pages"}],"about":[{"href":"https:\/\/lowimpacthydro.org\/es\/wp-json\/wp\/v2\/types\/page"}],"author":[{"embeddable":true,"href":"https:\/\/lowimpacthydro.org\/es\/wp-json\/wp\/v2\/users\/3"}],"replies":[{"embeddable":true,"href":"https:\/\/lowimpacthydro.org\/es\/wp-json\/wp\/v2\/comments?post=5174"}],"version-history":[{"count":5,"href":"https:\/\/lowimpacthydro.org\/es\/wp-json\/wp\/v2\/pages\/5174\/revisions"}],"predecessor-version":[{"id":6048,"href":"https:\/\/lowimpacthydro.org\/es\/wp-json\/wp\/v2\/pages\/5174\/revisions\/6048"}],"wp:featuredmedia":[{"embeddable":true,"href":"https:\/\/lowimpacthydro.org\/es\/wp-json\/wp\/v2\/media\/4088"}],"wp:attachment":[{"href":"https:\/\/lowimpacthydro.org\/es\/wp-json\/wp\/v2\/media?parent=5174"}],"curies":[{"name":"gracias","href":"https:\/\/api.w.org\/{rel}","templated":true}]}}