{"id":5167,"date":"2022-03-29T11:15:07","date_gmt":"2022-03-29T15:15:07","guid":{"rendered":"https:\/\/lowimpacthydro.org\/?page_id=5167"},"modified":"2025-07-10T10:29:04","modified_gmt":"2025-07-10T14:29:04","slug":"lihi-certificate-190-braddock-locks-and-dam-pa","status":"publish","type":"page","link":"https:\/\/lowimpacthydro.org\/es\/lihi-certificate-190-braddock-locks-and-dam-pa\/","title":{"rendered":"Certificado LIHI #190 \u2013 Esclusas y presa Braddock, PA"},"content":{"rendered":"<p>&nbsp;<\/p>\n<table class=\"alignright\" style=\"width: 351px; border: 2px; cellspacing: 2px; cellpadding: 2px; margin-left: 50px;\">\n<tbody>\n<tr>\n<td width=\"238\"><strong>Nombre del proyecto<\/strong><\/td>\n<td width=\"234\">Esclusas Braddock y <span class='tooltipsall tooltip_post_id_5545 classtoolTips158'>Presa<\/span><\/td>\n<\/tr>\n<tr>\n<td width=\"238\"><strong>Certificado LIHI No.<\/strong><\/td>\n<td width=\"234\">190<\/td>\n<\/tr>\n<tr>\n<td width=\"238\"><strong>Plazo del certificado LIHI<\/strong><\/td>\n<td width=\"234\">Se determinar\u00e1 cu\u00e1ndo el proyecto estar\u00e1 operativo<\/td>\n<\/tr>\n<tr>\n<td width=\"238\"><strong>Due\u00f1o<\/strong><\/td>\n<td width=\"234\">Fondo de amigos de Lock+ Hydro XLII, LLC<\/td>\n<\/tr>\n<tr>\n<td width=\"238\"><strong>Estado<\/strong><\/td>\n<td width=\"234\">Pensilvania<\/td>\n<\/tr>\n<tr>\n<td width=\"238\"><strong>Ubicaci\u00f3n<\/strong><\/td>\n<td width=\"234\">Milla fluvial 11,2 en el r\u00edo Monongahela<\/td>\n<\/tr>\n<tr>\n<td width=\"238\"><strong>Capacidad instalada<\/strong><\/td>\n<td width=\"234\">5,25 MW<\/td>\n<\/tr>\n<tr>\n<td width=\"238\"><strong>Generaci\u00f3n media anual<\/strong><\/td>\n<td width=\"234\">Se prev\u00e9n 32.263 MWh<\/td>\n<\/tr>\n<tr>\n<td width=\"238\"><strong>Tipo de instalaci\u00f3n<\/strong><\/td>\n<td width=\"234\"><span class='tooltipsall tooltip_post_id_5643 classtoolTips52'>De pasada<\/span><\/td>\n<\/tr>\n<tr>\n<td width=\"238\"><strong><span class='tooltipsall tooltip_post_id_5565 classtoolTips152'>Comisi\u00f3n Federal de Comercio<\/span> No.<\/strong><\/td>\n<td width=\"234\">P-13739, Emitida en 2015, vence el 31\/05\/2065<\/td>\n<\/tr>\n<\/tbody>\n<\/table>\n<p>El proyecto de esclusas y presa Braddock se ubica en el r\u00edo Monongahela, en el municipio de West Mifflin y la ciudad de Duquesne, Pensilvania. Est\u00e1 ubicado en un complejo del Cuerpo de Ingenieros del Ej\u00e9rcito (ACOE). <span class='tooltipsall tooltip_post_id_5545 classtoolTips158'>presa<\/span>Est\u00e1 previsto que el proyecto hidroel\u00e9ctrico inicie operaciones en 2026.<\/p>\n<p>El Sistema de Navegaci\u00f3n del R\u00edo Monongahela (ACOE) es una de las nueve estructuras de navegaci\u00f3n que conforman el Sistema de Navegaci\u00f3n del R\u00edo Monongahela, autorizado por el Congreso para proporcionar navegaci\u00f3n durante todo el a\u00f1o en el r\u00edo Monongahela entre Pittsburgh, Pensilvania, y Fairmont, Virginia Occidental. El sitio se denomin\u00f3 originalmente Presa Monongahela 2 y se construy\u00f3 en 1906. Fue reconstruido en 1953, demolido y reemplazado en 2004, rebautizado como Presa Braddock. El Sistema de Navegaci\u00f3n del R\u00edo Monongahela es la presa m\u00e1s aguas abajo del r\u00edo Monongahela y se encuentra a 11,2 millas r\u00edo arriba de la confluencia de los r\u00edos Monongahela y Allegheny, que se unen para formar el r\u00edo Ohio.<\/p>\n<p>El proyecto est\u00e1 situado en las esclusas y la presa de 1.007 pies de largo que incluyen:<\/p>\n<ul style=\"color: black;\">\n<li>una secci\u00f3n cerrada de 504 pies de largo (cuatro bah\u00edas cerradas de 110 pies de largo);<\/li>\n<li>un vertedero de cresta fija de 84 pies de largo;<\/li>\n<li>una esclusa del lado de la tierra de 110 pies de ancho por 720 pies de largo, y una esclusa del lado del r\u00edo de 56 pies de ancho por 360 pies de largo, que proporcionan una elevaci\u00f3n vertical de 8,7 pies;<\/li>\n<li>una derecha de 55 pies de largo <span class='tooltipsall tooltip_post_id_5514 classtoolTips118'>contrafuerte<\/span>; y<\/li>\n<li>un vertedero de cierre izquierdo de 133 pies de largo y 52 pies de ancho, construido con l\u00e1minas celulares y hormig\u00f3n tremie fundado sobre roca a una altura de 670.0 pies <span class='tooltipsall tooltip_post_id_5605 classtoolTips2'>Datum vertical geod\u00e9sico nacional<\/span> (<span class='tooltipsall tooltip_post_id_5608 classtoolTips155'>Veh\u00edculo motorizado nacional<\/span>).<\/li>\n<\/ul>\n<p>Seg\u00fan la licencia actual, el proyecto hidroel\u00e9ctrico Braddock propuesto constar\u00e1 de las siguientes nuevas instalaciones:<\/p>\n<ul style=\"color: black;\">\n<li>Un acero de 105 pies de ancho, 22 pies de profundidad y 40 pies de alto <span class='tooltipsall tooltip_post_id_5624 classtoolTips102'>central el\u00e9ctrica<\/span> anclado al vertedero de cierre izquierdo del ACOE;<\/li>\n<li>rejillas para basura en las tomas de la central el\u00e9ctrica, que se construir\u00e1n aproximadamente a 10 pies por debajo de la superficie del r\u00edo y que medir\u00e1n aproximadamente 30 pies de alto y 20 pies de ancho para cada toma, con un espaciado de 6 pulgadas;<\/li>\n<li>siete bajos<span class='tooltipsall tooltip_post_id_5581 classtoolTips154'>cabeza<\/span>, unidades turbina\/generador bulbo modulares horizontales, cada una con una capacidad instalada de 0,75 MW, para una capacidad total de 5,25 MW;<\/li>\n<li>un canal de aproximaci\u00f3n a la central el\u00e9ctrica;<\/li>\n<li>un canal de desag\u00fce que devuelve el flujo al r\u00edo Monongahela;<\/li>\n<li>una l\u00ednea de transmisi\u00f3n de 0,45 millas de largo y 23 kilovoltios (kV) construida entre la central el\u00e9ctrica y una l\u00ednea ferroviaria Union Railroad existente <span class='tooltipsall tooltip_post_id_5656 classtoolTips92'>subestaci\u00f3n<\/span>;<\/li>\n<li>un patio de maniobras de aproximadamente 460 pies cuadrados;<\/li>\n<li>una barrera fluvial instalada aguas arriba del Proyecto para evitar la entrada de escombros y embarcaciones; y<\/li>\n<li>instalaciones anexas.<\/li>\n<\/ul>\n<p>El proyecto operar\u00e1 en r\u00e9gimen de liberaci\u00f3n continua. La incorporaci\u00f3n de generaci\u00f3n hidroel\u00e9ctrica en esta presa generar\u00e1 mayores caudales en la margen oeste del r\u00edo. Por lo tanto, el titular del proyecto ha propuesto que la ACOE contin\u00fae liberando un m\u00ednimo de 201 TP3T de caudal disponible, hasta un caudal m\u00e1ximo de 9440 pies c\u00fabicos por segundo, a trav\u00e9s de la compuerta ambiental. El resto pasar\u00eda por las turbinas propuestas o por el otro lado. <span class='tooltipsall tooltip_post_id_5578 classtoolTips153'>puertas<\/span>La ACOE ha determinado que en lugar de variar el caudal, mantendr\u00eda un caudal m\u00ednimo de 7,250 pies c\u00fabicos por segundo a trav\u00e9s de la compuerta ambiental.<\/p>\n<p>Las aguas dentro del alcance del proyecto est\u00e1n designadas como pesquer\u00edas de aguas c\u00e1lidas con una clasificaci\u00f3n de Categor\u00eda 4a debido a un deterioro en el consumo de pescado causado por <span class='tooltipsall tooltip_post_id_5616 classtoolTips157'>bifenilos policlorados<\/span> (<span class='tooltipsall tooltip_post_id_5616 classtoolTips157'>PCB<\/span>). Tambi\u00e9n se ha catalogado un deterioro de categor\u00eda 5 debido a la presencia de pat\u00f3genos para estas aguas. Estas condiciones son preexistentes y no est\u00e1n causadas por el proyecto hidroel\u00e9ctrico propuesto.<\/p>\n<p>Hist\u00f3ricamente, dos <span class='tooltipsall tooltip_post_id_5518 classtoolTips36'>pez an\u00e1dromo<\/span> Varias especies han habitado el r\u00edo Monongahela: arenque listado y pez esp\u00e1tula americano. Aunque no est\u00e1 presente en el proyecto, la Comisi\u00f3n de Pesca y Embarcaciones de Pensilvania (PFBC) ha intentado restablecer el pez esp\u00e1tula americano mediante un programa de repoblaci\u00f3n aguas arriba del proyecto. El paso de especies migratorias y residentes se produce a trav\u00e9s de las c\u00e1maras de las esclusas durante los esclusajes programados, especialmente durante la temporada de desove de primavera. Al final del invierno y en primavera, se elevan las compuertas de la presa para permitir un r\u00edo con flujo libre durante estos per\u00edodos de caudal alto. Las especies de peces residentes en el \u00e1rea del proyecto incluyen peces carpita, s\u00e1balo mollejero, mojarra azul, bagre de canal, carpa com\u00fan, corvina de agua dulce, r\u00f3balo de roca, r\u00f3balo de boca chica, r\u00f3balo moteado y r\u00f3balo blanco. La PFBC repobla algunos peces deportivos.<\/p>\n<p>Los terrenos del proyecto hidroel\u00e9ctrico abarcan aproximadamente 1,4 acres. Debido al desarrollo industrial, existen escasas tierras de importancia ecol\u00f3gica en los l\u00edmites del proyecto.<\/p>\n<p>Las especies amenazadas o en peligro de extinci\u00f3n potencialmente presentes en las inmediaciones del proyecto incluyen el mejill\u00f3n abanico, el tabaquero, el mejill\u00f3n rosado, el mejill\u00f3n de patas anaranjadas, el mejill\u00f3n de concha y el mejill\u00f3n nariz de oveja. Estudios de campo exhaustivos no han detectado estas especies en el \u00e1rea del proyecto. El murci\u00e9lago de Indiana y el murci\u00e9lago orejudo del norte se encuentran en el condado de Allegheny. Sin embargo, el Servicio de Pesca y Vida Silvestre de EE. UU. no ha detectado que las actividades de construcci\u00f3n del proyecto representen una amenaza para estas especies. Entre las especies incluidas en la lista estatal se encuentran el esturi\u00f3n de boca negra, el dardo de arena oriental, el carite fantasma y el esturi\u00f3n de lago. Tras consultar con el Departamento de Conservaci\u00f3n y Recursos Naturales de Pensilvania, se concluy\u00f3 que no se prev\u00e9 ning\u00fan impacto en estas especies debido a la construcci\u00f3n del proyecto.<\/p>\n<p>No se han identificado recursos arqueol\u00f3gicos conocidos en la zona del proyecto. Los restos sumergidos de la esclusa y presa n.\u00ba 2 de la Compa\u00f1\u00eda de Navegaci\u00f3n Monongahela se encuentran a varios miles de pies r\u00edo arriba. Tambi\u00e9n existen otros recursos en las cercan\u00edas, pero tras consultar con la Oficina de Preservaci\u00f3n Hist\u00f3rica del Estado de Pensilvania, se concluy\u00f3 que, si bien es muy probable que existan recursos hist\u00f3ricos en la zona del proyecto, las actividades de construcci\u00f3n no tendr\u00e1n ning\u00fan impacto en ning\u00fan sitio.<\/p>\n<p>No existen recursos recreativos en la zona del proyecto debido a su alta industrializaci\u00f3n. Existen varios recursos recreativos en las cercan\u00edas, incluyendo el sendero Steel Valley del Gran Paso Allegheny, que permite a los visitantes ver las instalaciones del proyecto a varios cientos de metros al norte del sendero. Como parte de la construcci\u00f3n del proyecto, se incluir\u00e1 un \u00e1rea de descanso para los visitantes del sendero, a fin de brindar un respiro a quienes lo deseen.<\/p>\n<hr \/>\n<h3>Estado de cumplimiento<\/h3>\n<p><strong>El Certificado incluye las siguientes condiciones espec\u00edficas de la instalaci\u00f3n, pendientes de construcci\u00f3n y operaci\u00f3n:<\/strong><\/p>\n<p><strong>Condici\u00f3n 1: <\/strong>El propietario de la instalaci\u00f3n notificar\u00e1 a LIHI lo antes posible y, en un plazo m\u00e1ximo de 30 d\u00edas tras el inicio de la operaci\u00f3n comercial. El plazo de la Certificaci\u00f3n de LIHI comenzar\u00e1 cuando la instalaci\u00f3n comience a generar. LIHI se reserva el derecho de modificar, suspender o revocar la Certificaci\u00f3n si las consecuencias de la operaci\u00f3n de la instalaci\u00f3n provocan el incumplimiento de los criterios de LIHI.<\/p>\n<p><strong>Condici\u00f3n 2:<\/strong> El propietario de la instalaci\u00f3n deber\u00e1 proporcionar copias del ACOE final <span class='tooltipsall tooltip_post_id_5602 classtoolTips160'>MOA<\/span>El Plan Operativo exigido por la ACOE y el Plan de Monitoreo del Cumplimiento Operativo exigido por la FERC, una vez finalizados, confirman que los requisitos de estos planes demuestran el cumplimiento del criterio del R\u00e9gimen de Caudal Ecol\u00f3gico. Si el MOA exige un monitoreo adicional de la calidad del agua, el cronograma, los resultados y los comentarios de la agencia se resumir\u00e1n en los informes anuales de cumplimiento presentados a LIHI para confirmar el cumplimiento del criterio de calidad del agua.<\/p>\n<p><strong>Condici\u00f3n 3:<\/strong> El propietario de la instalaci\u00f3n notificar\u00e1 a LIHI dentro de los 60 d\u00edas siguientes al descubrimiento de cualquier recurso cultural durante la construcci\u00f3n. El estado de las medidas adoptadas, las copias de la correspondencia con la Oficina de Protecci\u00f3n Ambiental de Pensilvania (SHPO) y los planos finales se incluir\u00e1n en los informes anuales de cumplimiento a LIHI.<\/p>\n<p><strong>Condici\u00f3n 4:<\/strong> El propietario de la instalaci\u00f3n deber\u00e1 notificar a LIHI dentro de los 60 d\u00edas posteriores a la finalizaci\u00f3n de las caracter\u00edsticas recreativas pendientes en el \u00e1rea de descanso de Steel Valley Trail.<\/p>\n<p><strong>2025:<\/strong> No se identificaron cambios sustanciales ni problemas de cumplimiento. El proyecto se mantiene en cumplimiento seg\u00fan la revisi\u00f3n anual. En todas las condiciones, el proyecto no report\u00f3 cambios en su estado a la espera de la autorizaci\u00f3n de la Secci\u00f3n 408 del Cuerpo de Ingenieros del Ej\u00e9rcito de Estados Unidos (USACE).<\/p>\n<p><strong>2024:<\/strong> No se identificaron cambios sustanciales ni problemas de cumplimiento. El proyecto se mantiene en cumplimiento seg\u00fan la revisi\u00f3n anual. En todas las condiciones, el proyecto no report\u00f3 cambios en su estado.<\/p>\n<p><strong>2023:<\/strong> No se identificaron cambios sustanciales ni problemas de cumplimiento. El proyecto se mantiene en cumplimiento seg\u00fan la revisi\u00f3n anual. En todas las condiciones, el proyecto no report\u00f3 cambios en su estado, a la espera de la aprobaci\u00f3n de la ACOE y el inicio de la construcci\u00f3n.<\/p>\n<p><strong>2022:\u00a0<\/strong> La presentaci\u00f3n de informes anuales para el Certificado actual a\u00fan no ha entrado en vigor.<\/p>\n<hr \/>\n<h3>Historial de certificaciones<\/h3>\n<p><strong>28 de julio de 2022:<\/strong> La decisi\u00f3n de certificar el Proyecto de Esclusas y Presa Braddock qued\u00f3 firme tras el cierre del per\u00edodo de apelaciones el 21 de julio de 2022, sin que se presentaran apelaciones. El proyecto est\u00e1 certificado por un plazo de diez (10) a\u00f1os, que comenzar\u00e1 a contar a partir de su entrada en funcionamiento.<\/p>\n<p><strong>21 de junio de 2022:\u00a0<\/strong> El Instituto de Energ\u00eda Hidroel\u00e9ctrica de Bajo Impacto (LIHI) ha aprobado preliminarmente la Certificaci\u00f3n de Bajo Impacto (pendiente de LIHI #190) para el Proyecto Hidroel\u00e9ctrico Braddock Locks and Dam, ubicado en el r\u00edo Monongahela, Pensilvania. La solicitud completa y el informe del revisor est\u00e1n disponibles a continuaci\u00f3n. Esta decisi\u00f3n es preliminar, a la espera del plazo de apelaci\u00f3n de 30 d\u00edas. Solo quienes presentaron comentarios sobre la solicitud inicial durante el plazo de 60 d\u00edas pueden presentar una apelaci\u00f3n. Dicha apelaci\u00f3n debe incluir una explicaci\u00f3n de por qu\u00e9 el Proyecto no cumple con los criterios del LIHI. Las solicitudes de apelaci\u00f3n pueden enviarse por correo electr\u00f3nico a\u00a0<a href=\"mailto:comments@lowimpacthydro.org\">comments@lowimpacthydro.org<\/a>\u00a0Con el asunto &quot;Proyecto Braddock&quot;, o por correo postal dirigido al Instituto de Energ\u00eda Hidroel\u00e9ctrica de Bajo Impacto, 1167 Massachusetts Ave, Oficina 407, Arlington, MA 02476. Todas las solicitudes se publicar\u00e1n en el sitio web. El solicitante tendr\u00e1 la oportunidad de responder, y cualquier respuesta tambi\u00e9n se publicar\u00e1.\u00a0<strong>Las solicitudes deben recibirse antes de las 5 p. m., hora del Este, el 21 de julio de 2022.<\/strong>. Si no se reciben solicitudes de apelaci\u00f3n, el plazo de certificaci\u00f3n comenzar\u00e1 cuando el proyecto entre en funcionamiento.<\/p>\n<p><strong>30 de marzo de 2022:<\/strong> El Instituto de Energ\u00eda Hidroel\u00e9ctrica de Bajo Impacto (LIHI) ha recibido una solicitud completa para la Certificaci\u00f3n de Bajo Impacto del Proyecto de Esclusas y Presa Braddock, a\u00fan no construido. LIHI solicita comentarios p\u00fablicos sobre esta solicitud. En concreto, nos interesa saber si considera que el Proyecto cumple con los Criterios de Certificaci\u00f3n de Bajo Impacto de LIHI, revisados en la 2.\u00aa edici\u00f3n del Manual. Por favor, revise el programa y los criterios en la versi\u00f3n revisada de LIHI. <a href=\"https:\/\/lowimpacthydro.org\/wp-content\/uploads\/2021\/12\/2nd-Edition-Handbook-Rev.-2.05-2022-01-01-1.pdf\">Manual<\/a> y luego revise los materiales de solicitud del Proyecto a continuaci\u00f3n. Comentarios que est\u00e1n directamente relacionados con criterios espec\u00edficos de LIHI (caudales, calidad del agua, <span class='tooltipsall tooltip_post_id_5566 classtoolTips59'>paso de peces<\/span>, etc.) ser\u00e1n de gran ayuda, pero se tendr\u00e1n en cuenta todos los comentarios. Los comentarios pueden enviarse al Instituto por correo electr\u00f3nico a <a>comments@lowimpacthydro.org<\/a> con \u201cComentarios del Proyecto Braddock\u201d en la l\u00ednea de asunto, o por correo dirigido al Low Impact Hydropower Institute, 1167 Massachusetts Avenue, Arlington, MA 02476. <strong>Los comentarios deben recibirse antes de las 5 p. m., hora del Este, del 29 de mayo de 2022.<\/strong> Se considerar\u00e1n todos los comentarios. Se publicar\u00e1n en el sitio web y el solicitante tendr\u00e1 la oportunidad de responder. Tambi\u00e9n se publicar\u00e1n todas las respuestas.<\/p>\n<hr \/>\n<h3>Archivos de certificaci\u00f3n<\/h3>\n<h4>Certificaci\u00f3n 2022<\/h4>\n<ul style=\"color: black;\">\n<li><a href=\"https:\/\/lowimpacthydro.org\/wp-content\/uploads\/2023\/06\/Braddock-Certification-Report-060322-final-complete.pdf\">Informe de revisi\u00f3n de la certificaci\u00f3n de las esclusas y presas de Braddock 2022<\/a><\/li>\n<li><a href=\"https:\/\/lowimpacthydro.org\/wp-content\/uploads\/2022\/04\/20210601_Braddock-LIHI-Application.pdf\">Solicitud de LIHI para las esclusas y presas de Braddock<\/a><\/li>\n<li><a href=\"https:\/\/lowimpacthydro.org\/wp-content\/uploads\/2022\/03\/HGE-Braddock-LIHI-Supplemental-info-17MAR22-with-attachments.pdf\">Informaci\u00f3n complementaria sobre las esclusas y la presa Braddock <\/a><\/li>\n<\/ul>\n<hr \/>\n<h3>Documentos clave<\/h3>\n<ul>\n<li><a href=\"https:\/\/lowimpacthydro.org\/wp-content\/uploads\/2024\/05\/20150604-Braddock-FERC-license.pdf\">Licencia FERC 2015<\/a><\/li>\n<li><a href=\"https:\/\/lowimpacthydro.org\/wp-content\/uploads\/2024\/05\/2015-WQC-Braddock.pdf\">Certificaci\u00f3n de calidad del agua 2015<\/a><\/li>\n<li><a href=\"https:\/\/lowimpacthydro.org\/wp-content\/uploads\/2024\/05\/20140613-FERC-EA-Braddock.pdf\">Evaluaci\u00f3n ambiental de la FERC de 2014<\/a><\/li>\n<\/ul>","protected":false},"excerpt":{"rendered":"<p>&nbsp; Project Name Braddock Locks and Dam LIHI Certificate No. 190 LIHI Certificate Term TBD when project becomes operational Owner Lock+ Hydro Friends Fund XLII, LLC<span class=\"excerpt-hellip\"> [\u2026]<\/span><\/p>\n","protected":false},"author":3,"featured_media":-1,"parent":0,"menu_order":0,"comment_status":"closed","ping_status":"closed","template":"","meta":{"_coblocks_attr":"","_coblocks_dimensions":"","_coblocks_responsive_height":"","_coblocks_accordion_ie_support":"","om_disable_all_campaigns":false,"_monsterinsights_skip_tracking":false,"_monsterinsights_sitenote_active":false,"_monsterinsights_sitenote_note":"","_monsterinsights_sitenote_category":0,"footnotes":""},"class_list":["post-5167","page","type-page","status-publish","has-post-thumbnail","hentry"],"aioseo_notices":[],"_links":{"self":[{"href":"https:\/\/lowimpacthydro.org\/es\/wp-json\/wp\/v2\/pages\/5167","targetHints":{"allow":["GET"]}}],"collection":[{"href":"https:\/\/lowimpacthydro.org\/es\/wp-json\/wp\/v2\/pages"}],"about":[{"href":"https:\/\/lowimpacthydro.org\/es\/wp-json\/wp\/v2\/types\/page"}],"author":[{"embeddable":true,"href":"https:\/\/lowimpacthydro.org\/es\/wp-json\/wp\/v2\/users\/3"}],"replies":[{"embeddable":true,"href":"https:\/\/lowimpacthydro.org\/es\/wp-json\/wp\/v2\/comments?post=5167"}],"version-history":[{"count":15,"href":"https:\/\/lowimpacthydro.org\/es\/wp-json\/wp\/v2\/pages\/5167\/revisions"}],"predecessor-version":[{"id":9790,"href":"https:\/\/lowimpacthydro.org\/es\/wp-json\/wp\/v2\/pages\/5167\/revisions\/9790"}],"wp:featuredmedia":[{"embeddable":true,"href":"https:\/\/lowimpacthydro.org\/es\/wp-json\/"}],"wp:attachment":[{"href":"https:\/\/lowimpacthydro.org\/es\/wp-json\/wp\/v2\/media?parent=5167"}],"curies":[{"name":"gracias","href":"https:\/\/api.w.org\/{rel}","templated":true}]}}