{"id":5018,"date":"2022-02-03T14:32:20","date_gmt":"2022-02-03T19:32:20","guid":{"rendered":"https:\/\/lowimpacthydro.org\/?page_id=5018"},"modified":"2026-03-09T12:41:01","modified_gmt":"2026-03-09T16:41:01","slug":"lihi-certificate-188-cascade-project-new-hampshire","status":"publish","type":"page","link":"https:\/\/lowimpacthydro.org\/es\/lihi-certificate-188-cascade-project-new-hampshire\/","title":{"rendered":"Certificado LIHI #188 \u2013 Proyecto Cascade, NH"},"content":{"rendered":"<table class=\"alignright\" style=\"width: 351px; border: 2px; cellspacing: 2px; cellpadding: 2px; margin-left: 50px;\">\n<tbody>\n<tr>\n<td style=\"width: 154px;\"><strong>Nombre del proyecto<\/strong><\/td>\n<td style=\"width: 211px;\">Cascada<\/td>\n<\/tr>\n<tr>\n<td style=\"width: 154px;\"><strong>Certificado LIHI No.<\/strong><\/td>\n<td style=\"width: 211px;\">188<\/td>\n<\/tr>\n<tr>\n<td style=\"width: 154px;\"><strong>Plazo del certificado LIHI<\/strong><\/td>\n<td style=\"width: 211px;\">1 de marzo de 2022 \u2013 29 de febrero de 2032<\/td>\n<\/tr>\n<tr>\n<td style=\"width: 154px;\"><strong>Due\u00f1o<\/strong><\/td>\n<td style=\"width: 211px;\">Great Lakes Hydro America, LLC, una subsidiaria de Brookfield Renewable Energy Group<\/td>\n<\/tr>\n<tr>\n<td style=\"width: 154px;\"><strong>Estado<\/strong><\/td>\n<td style=\"width: 211px;\">Nuevo Hampshire\/td&gt;<\/td>\n<\/tr>\n<tr>\n<td style=\"width: 154px;\"><strong>Ubicaci\u00f3n<\/strong><\/td>\n<td style=\"width: 211px;\">Ubicado en la milla fluvial 135,6 del r\u00edo Androscoggin en Berl\u00edn y Gorham, condado de Coos<\/td>\n<\/tr>\n<tr>\n<td style=\"width: 154px;\"><strong>Capacidad instalada<\/strong><\/td>\n<td style=\"width: 211px;\">7,92 MW<\/td>\n<\/tr>\n<tr>\n<td style=\"width: 154px;\"><strong>Generaci\u00f3n media anual<\/strong><\/td>\n<td style=\"width: 211px;\">39.191 MWh<\/td>\n<\/tr>\n<tr>\n<td style=\"width: 154px;\"><strong>Tipo de instalaci\u00f3n<\/strong><\/td>\n<td style=\"width: 211px;\"><span class='tooltipsall tooltip_post_id_5643 classtoolTips52'>De pasada<\/span><\/td>\n<\/tr>\n<tr>\n<td style=\"width: 154px;\"><strong><span class='tooltipsall tooltip_post_id_5565 classtoolTips152'>Comisi\u00f3n Federal de Comercio<\/span> No.<\/strong><\/td>\n<td style=\"width: 211px;\">P-2327 emitido en 1994, vence el 31\/07\/2024 \u2013 extendido<\/td>\n<\/tr>\n<\/tbody>\n<\/table>\n<p>El Proyecto Cascade est\u00e1 ubicado en el r\u00edo Androscoggin, en la ciudad de Berl\u00edn y el pueblo de Gorham, New Hampshire. <span class='tooltipsall tooltip_post_id_5545 classtoolTips158'>presa<\/span> En 1903, la Berlin Mills Company construy\u00f3 una sala de molienda para proporcionar energ\u00eda hidromec\u00e1nica a las actividades de fabricaci\u00f3n de papel. La sala de molienda se convirti\u00f3 en una planta generadora hidroel\u00e9ctrica. <span class='tooltipsall tooltip_post_id_5624 classtoolTips102'>central el\u00e9ctrica<\/span> Entre 1913 y 1918, que incluy\u00f3 la sustituci\u00f3n de las unidades hidromec\u00e1nicas por turbinas\/generadores hidroel\u00e9ctricos. La energ\u00eda hidroel\u00e9ctrica se produjo por primera vez en 1914.<\/p>\n<p>El r\u00edo Androscoggin, con una extensi\u00f3n de 286 kil\u00f3metros, drena 8670 kil\u00f3metros cuadrados en Nuevo Hampshire y Maine. Se une al r\u00edo Kennebec en la bah\u00eda Merrymeeting, en Maine, antes de desembocar en el golfo de Maine y, posteriormente, en el oc\u00e9ano Atl\u00e1ntico. El proyecto es uno de varios proyectos hidroel\u00e9ctricos dentro de un radio de 17,7 kil\u00f3metros del r\u00edo Androscoggin, entre Berl\u00edn y Shelburne, Nuevo Hampshire, incluyendo... <a href=\"https:\/\/lowimpacthydro.org\/es\/lihi-certificate-173-sawmill-hydroelectric-project-new-hampshire\/\">Aserradero (LIHI #173)<\/a>, <a href=\"https:\/\/lowimpacthydro.org\/es\/lihi-certificate-174-cross-power-hydroelectric-project-new-hampshire\/\">Potencia cruzada (LIHI #174)<\/a>, <a href=\"https:\/\/lowimpacthydro.org\/es\/lihi-certificate-175-upper-gorham-hydroelectric-project-new-hampshire\/\">Alto Gorham (LIHI #175)<\/a>, <a href=\"https:\/\/lowimpacthydro.org\/es\/lihi-certificate-153-gorham-hydroelectric-project-new-hampshire\/\">Gorham (LIHI #153)<\/a>, <a href=\"https:\/\/lowimpacthydro.org\/es\/lihi-certificate-176-shelburne-hydroelectric-project-new-hampshire\/\">Shelburne (LIHI #176)<\/a>\u00a0 El proyecto Cascade est\u00e1 ubicado justo aguas abajo del <a href=\"https:\/\/lowimpacthydro.org\/es\/lihi-certificate-174-cross-power-hydroelectric-project-new-hampshire\/\">Proyecto Cross Power (LIHI #174)<\/a> e inmediatamente aguas arriba de la <a href=\"https:\/\/lowimpacthydro.org\/es\/lihi-certificate-175-upper-gorham-hydroelectric-project-new-hampshire\/\">Proyecto Upper Gorham (LIHI #175)<\/a>.<\/p>\n<p>La presa tiene la misma configuraci\u00f3n que en 1903. Es una presa de hormig\u00f3n de 583 pies de altura. <span class='tooltipsall tooltip_post_id_5580 classtoolTips81'>presa de gravedad<\/span> compuesto por:<\/p>\n<ul style=\"color: black;\">\n<li>Un hormig\u00f3n de 15 pies de ancho <span class='tooltipsall tooltip_post_id_5514 classtoolTips118'>contrafuerte<\/span> que se extiende unos 20 pies r\u00edo arriba y 30 pies r\u00edo abajo perpendicular al final del <span class='tooltipsall tooltip_post_id_5651 classtoolTips116'>aliviadero<\/span>,<\/li>\n<li>Un <span class='tooltipsall tooltip_post_id_5611 classtoolTips156'>ojiva<\/span> Secci\u00f3n de aliviadero, 313 pies de largo con 3 pies de alto <span class='tooltipsall tooltip_post_id_5569 classtoolTips79'>tableros de flash<\/span>,<\/li>\n<li>Una estructura de compuerta de c\u00e1mara de carga, de 50 metros de largo por 4,5 metros de ancho. Consta de 15 pilares de hormig\u00f3n de 0,9 metros de ancho y una plataforma de hormig\u00f3n con vigas de madera. <span class='tooltipsall tooltip_post_id_5578 classtoolTips153'>puertas<\/span>, cada uno de 9 pies de ancho y 11 pies de alto,<\/li>\n<li>Un estribo adyacente a la estructura de la compuerta de la c\u00e1mara de carga, compuesto por dos muros de contenci\u00f3n de hormig\u00f3n paralelos de 90 cm de ancho con relleno de tierra. Los muros de contenci\u00f3n se extienden aproximadamente 27,5 m, incluyendo 23,5 m ubicados tierra adentro de la ribera.<\/li>\n<li>Una c\u00e1mara de carga, aguas abajo de la estructura de la compuerta de la c\u00e1mara de carga, de aproximadamente 91 metros de largo por 73 metros de ancho, con una profundidad m\u00e1xima de 7,3 metros. El muro de la c\u00e1mara de carga es una estructura de gravedad de hormig\u00f3n que se extiende aproximadamente 100 metros aguas abajo. El muro tiene una altura m\u00e1xima de 12,5 metros, con una coronaci\u00f3n de 1,2 metros y 28 cent\u00edmetros de ancho.<\/li>\n<\/ul>\n<p>Dentro del muro de la antec\u00e1mara se encuentra:<\/p>\n<ul style=\"color: black;\">\n<li>Una puerta profunda ubicada unos 90 pies r\u00edo abajo.<\/li>\n<li>Una compuerta de 4 pies de ancho por 2,5 pies de profundidad ubicada a unos 193 pies r\u00edo abajo.<\/li>\n<li>Una plataforma de hormig\u00f3n ubicada en la parte superior del muro de la c\u00e1mara de carga, que mide 19 pies por 24 pies, para sostener una torre el\u00e9ctrica con l\u00edneas de transmisi\u00f3n.<\/li>\n<li>Una central el\u00e9ctrica de ladrillo y bloque con estructura de acero, que mide 135 pies de largo, 43 pies de ancho y 67 pies de alto con una adici\u00f3n de estructura de concreto que mide 19 pies por 24 pies. Tres <span class='tooltipsall tooltip_post_id_5619 classtoolTips124'>tuber\u00edas forzadas<\/span> plomo de la <span class='tooltipsall tooltip_post_id_5581 classtoolTips154'>cabeza<\/span> puertas a los tres <span class='tooltipsall tooltip_post_id_5576 classtoolTips39'>Turbinas Francis<\/span>.<\/li>\n<\/ul>\n<p>Un tramo de derivaci\u00f3n de canal de lecho rocoso de 400 pies de largo se alimenta del agua que pasa sobre el aliviadero.<\/p>\n<p>El proyecto opera en un <span class='tooltipsall tooltip_post_id_5643 classtoolTips52'>de pasada<\/span> modo y embalsa un dep\u00f3sito de 28 acres. <span class='tooltipsall tooltip_post_id_5591 classtoolTips139'>Afluencia<\/span> El proyecto est\u00e1 regulado por cinco dep\u00f3sitos de almacenamiento en el <span class='tooltipsall tooltip_post_id_5583 classtoolTips100'>cabeceras<\/span> del sistema del r\u00edo Androscoggin. El proyecto prev\u00e9 un caudal m\u00ednimo de 6 pies c\u00fabicos por segundo (cfs) o la entrada, lo que sea menor, a trav\u00e9s de un orificio en las compuertas del aliviadero para proporcionar un h\u00e1bitat estable a las especies residentes. Este r\u00e9gimen de caudal m\u00ednimo se desarroll\u00f3 en colaboraci\u00f3n con el Servicio de Pesca y Vida Silvestre de los Estados Unidos y el Departamento de Pesca y Caza de New Hampshire.<\/p>\n<p>Las aguas dentro del tramo del proyecto se clasifican como de Clase B, consideradas aceptables para el h\u00e1bitat de la biota acu\u00e1tica, la pesca, la recreaci\u00f3n primaria y el suministro de agua potable despu\u00e9s del tratamiento. El muestreo del embalse y del tramo desviado en 2020 confirm\u00f3 que los par\u00e1metros de calidad del agua cumpl\u00edan o superaban los est\u00e1ndares aceptados para aguas de Clase B.<\/p>\n<p>Las barreras naturales aguas abajo impiden el acceso de las especies migratorias en este tramo del r\u00edo Androscoggin. El Servicio Nacional de Pesca Marina ha concluido que, debido a las cataratas Lewiston y Rumford aguas abajo, especies como el salm\u00f3n del Atl\u00e1ntico, la s\u00e1bala blanca, el arenque de r\u00edo y la lubina rayada no podr\u00edan llegar a las aguas cercanas al proyecto. La anguila americana, una <span class='tooltipsall tooltip_post_id_5538 classtoolTips75'>cat\u00e1dromo<\/span> Esta especie est\u00e1 presente en la cuenca baja del r\u00edo Androscoggin, aunque en cantidades relativamente bajas. No se ha recolectado anguila americana durante los estudios de muestreo de peces en la cuenca alta del r\u00edo Androscoggin. Sin embargo, la cuenca alta del r\u00edo Androscoggin es una pesquer\u00eda popular de trucha de agua fr\u00eda y salm\u00f3n encerrado. Esta pesquer\u00eda se ve impulsada por la repoblaci\u00f3n de trucha y la reproducci\u00f3n silvestre en la cuenca alta y sus afluentes. Otras especies de peces residentes incluyen el pez de oto\u00f1o, la lobina de boca chica, el matalote blanco, el dace narigudo, el albur com\u00fan, el albur de cola moteada, la trucha arco\u00edris, el pez gato y la perca amarilla.<\/p>\n<p>Los terrenos limitados del proyecto consisten en aquellos asociados con las estructuras del proyecto. Un Plan de Gesti\u00f3n de la Costa rige el uso del terreno en el \u00e1rea del proyecto e implementa las disposiciones de la Ley de Protecci\u00f3n Integral de la Costa de New Hampshire (actualmente Ley de Protecci\u00f3n de la Calidad del Agua de la Costa). Esta pol\u00edtica enumera los usos de la costa dentro de una zona de amortiguamiento de 76 metros que est\u00e1n permitidos, prohibidos o restringidos, y establece normas para la plantaci\u00f3n y la remoci\u00f3n de vegetaci\u00f3n dentro de cualquier zona de amortiguamiento forestal existente.<\/p>\n<p>Las especies amenazadas o en peligro de extinci\u00f3n que podr\u00edan estar presentes en las inmediaciones del proyecto incluyen el lince canadiense, el murci\u00e9lago orejudo norte\u00f1o, el murci\u00e9lago de patas peque\u00f1as oriental, el murci\u00e9lago caf\u00e9 chico y el murci\u00e9lago tricolor. Debido a las limitadas actividades de mantenimiento que se realizan en el proyecto, no se prev\u00e9 que este tenga ning\u00fan impacto en las especies incluidas en la lista. Las operaciones de pasada tambi\u00e9n limitan las fluctuaciones del embalse y minimizan cualquier posible impacto adverso en el h\u00e1bitat costero y las especies residentes.<\/p>\n<p>El \u00e1rea del proyecto no alberga ning\u00fan recurso arqueol\u00f3gico ni cultural. El propietario del proyecto presenta un informe anual sobre la gesti\u00f3n de las estructuras de la propiedad, en particular la presa y la central el\u00e9ctrica.<\/p>\n<p>No se proporcionan recursos recreativos en la limitada zona del proyecto. Se proporciona acceso informal en el canal de descarga del proyecto Cross Power aguas arriba y hay dos parques municipales cercanos. El acceso aguas abajo se puede realizar desde un punto de carga de grava para embarcaciones a aproximadamente dos millas del proyecto. De lo contrario, no hay acceso seguro al embalse, al tramo de derivaci\u00f3n ni al canal de descarga, ya que los terrenos circundantes son boscosos y escarpados.<\/p>\n<hr \/>\n<h3>Estado de cumplimiento<\/h3>\n<p><strong>El Certificado incluye las siguientes condiciones espec\u00edficas de la instalaci\u00f3n:<\/strong><\/p>\n<p><b>Condici\u00f3n 1:<\/b> El Propietario de la instalaci\u00f3n deber\u00e1 informar a LIHI sobre el estado de la renovaci\u00f3n de la licencia del Proyecto, incluyendo estudios, presentaciones ante la FERC, consultas con la agencia de recursos, prescripciones y recomendaciones, y comentarios de la agencia sobre los resultados de los estudios. LIHI se reserva el derecho de modificar el Certificado o las condiciones en funci\u00f3n del resultado de la renovaci\u00f3n de la licencia.<\/p>\n<p><strong>2026:<\/strong> No se identificaron problemas de cumplimiento. El proyecto se mantiene en cumplimiento seg\u00fan la revisi\u00f3n anual. Para la Condici\u00f3n 1, el proyecto inform\u00f3 que la FERC emiti\u00f3 una nueva licencia el 10 de septiembre de 2025, lo que dio inicio a una revisi\u00f3n intermedia del LIHI.<\/p>\n<p><strong>2025:<\/strong> No se identificaron cambios sustanciales ni problemas de cumplimiento. El proyecto se mantiene en cumplimiento seg\u00fan la revisi\u00f3n anual. Para la Condici\u00f3n 1, el proyecto inform\u00f3 que el NHDES emiti\u00f3 una Certificaci\u00f3n de Calidad del Agua el 19 de septiembre de 2024 y la FERC emiti\u00f3 su Evaluaci\u00f3n Ambiental final el 7 de octubre de 2024.<\/p>\n<p><strong>2024:<\/strong> No se identificaron cambios sustanciales ni problemas de cumplimiento. El proyecto se mantiene en cumplimiento seg\u00fan la revisi\u00f3n anual. Para la Condici\u00f3n 1, la FERC emiti\u00f3 su Aviso de Listo para el An\u00e1lisis Ambiental y su intenci\u00f3n de preparar una evaluaci\u00f3n ambiental en 2023.<\/p>\n<p><strong>2023:<\/strong> No se identificaron cambios sustanciales ni problemas de cumplimiento. El proyecto se mantiene en cumplimiento seg\u00fan la revisi\u00f3n anual. Para la Condici\u00f3n 1, el proyecto inform\u00f3 la presentaci\u00f3n de la solicitud final de renovaci\u00f3n de la licencia el 1 de agosto de 2022.<\/p>\n<p><strong>2022:<\/strong> La presentaci\u00f3n de informes anuales para el Certificado actual a\u00fan no ha entrado en vigor.<\/p>\n<hr \/>\n<h3>Historial de certificaciones<\/h3>\n<p><strong>19 de mayo de 2022:<\/strong> La decisi\u00f3n de certificar el Proyecto Cascade qued\u00f3 firme tras el cierre del plazo de apelaciones el 18 de mayo de 2022, sin que se presentaran apelaciones. El plazo de certificaci\u00f3n es del 1 de marzo de 2022 al 29 de febrero de 2032.<\/p>\n<p><strong>18 de abril de 2022:<\/strong> El Instituto de Energ\u00eda Hidroel\u00e9ctrica de Bajo Impacto (LIHI) ha aprobado preliminarmente el Proyecto Cascade para un per\u00edodo de 10 a\u00f1os de Certificaci\u00f3n de Bajo Impacto. La solicitud completa y el informe del revisor est\u00e1n disponibles a continuaci\u00f3n. Esta decisi\u00f3n es preliminar, a la espera del plazo de apelaci\u00f3n de 30 d\u00edas. Solo quienes comentaron sobre la solicitud inicial durante el plazo de 60 d\u00edas pueden presentar una apelaci\u00f3n. Dicha apelaci\u00f3n debe incluir una explicaci\u00f3n de por qu\u00e9 el Proyecto no cumple con los criterios del LIHI. Las solicitudes de apelaci\u00f3n pueden enviarse por correo electr\u00f3nico a comments@lowimpacthydro.org con el asunto &quot;Cascade Project&quot;, o por correo postal dirigido al Instituto de Energ\u00eda Hidroel\u00e9ctrica de Bajo Impacto, 1167 Massachusetts Ave, Oficina 407, Arlington, MA 02476. Todas las solicitudes se publicar\u00e1n en el sitio web. El solicitante tendr\u00e1 la oportunidad de responder, y cualquier respuesta tambi\u00e9n se publicar\u00e1. <b>Las solicitudes deben recibirse antes de las 5 p. m., hora del Este, del 18 de mayo de 2022. <\/b>Si no se reciben solicitudes de apelaci\u00f3n y la decisi\u00f3n es definitiva, el per\u00edodo de Certificaci\u00f3n del Proyecto ser\u00e1 del 1 de marzo de 2022 al 29 de febrero de 2032.<\/p>\n<p><strong>7 de febrero de 2022:<\/strong> El Instituto de Energ\u00eda Hidroel\u00e9ctrica de Bajo Impacto (LIHI) ha recibido una solicitud completa para la Certificaci\u00f3n de Bajo Impacto del Proyecto Cascade. LIHI solicita comentarios p\u00fablicos sobre esta solicitud. En concreto, nos interesa saber si considera que el Proyecto cumple con los Criterios de Certificaci\u00f3n de Bajo Impacto de LIHI, revisados en la 2.\u00aa edici\u00f3n del Manual. Por favor, revise el programa y los criterios en la versi\u00f3n revisada de LIHI. <a href=\"https:\/\/lowimpacthydro.org\/wp-content\/uploads\/2021\/12\/2nd-Edition-Handbook-Rev.-2.05-2022-01-01-1.pdf\">Manual<\/a> y luego revise los materiales de solicitud del Proyecto a continuaci\u00f3n. Comentarios que est\u00e1n directamente relacionados con criterios espec\u00edficos de LIHI (caudales, calidad del agua, <span class='tooltipsall tooltip_post_id_5566 classtoolTips59'>paso de peces<\/span>, etc.) ser\u00e1n de gran ayuda, pero se tendr\u00e1n en cuenta todos los comentarios. Los comentarios pueden enviarse al Instituto por correo electr\u00f3nico a <a>comments@lowimpacthydro.org<\/a> con \u201cComentarios del Proyecto Cascade\u201d en la l\u00ednea de asunto, o por correo dirigido al Low Impact Hydropower Institute, 1167 Massachusetts Avenue, Arlington, MA 02476. <strong>Los comentarios deben recibirse antes de las 5 p. m., hora del Este, el <strong>8 de abril de 2022<\/strong> Para ser considerado.<\/strong> Todos los comentarios se publicar\u00e1n en el sitio web y el solicitante tendr\u00e1 la oportunidad de responder. Las respuestas tambi\u00e9n se publicar\u00e1n.<\/p>\n<hr \/>\n<h3>Archivos de certificaci\u00f3n<\/h3>\n<h4>Certificaci\u00f3n 2022<\/h4>\n<ul style=\"color: black;\">\n<li><a href=\"https:\/\/lowimpacthydro.org\/wp-content\/uploads\/2022\/05\/Cascade-Certification-Review-Report-final-2022-04-11.pdf\">Informe de revisi\u00f3n de la certificaci\u00f3n del Proyecto Cascade<\/a><\/li>\n<li><a href=\"https:\/\/lowimpacthydro.org\/wp-content\/uploads\/2022\/02\/20211008-Cascade-LIHI-Application.pdf\">Proyecto Cascade \u2013 Solicitud de Certificaci\u00f3n 2022<\/a><\/li>\n<\/ul>\n<p>&nbsp;<\/p>\n<hr \/>\n<h3>Documentos clave<\/h3>\n<ul>\n<li><a href=\"https:\/\/lowimpacthydro.org\/wp-content\/uploads\/2024\/05\/1994-Cascade-FERC-License.pdf\">Licencia FERC de 1994<\/a><\/li>\n<li><a href=\"https:\/\/lowimpacthydro.org\/wp-content\/uploads\/2024\/05\/1994-Cascade-FERC-License-errata.pdf\">Erratas de la licencia FERC de 1994<\/a><\/li>\n<li><a href=\"https:\/\/lowimpacthydro.org\/wp-content\/uploads\/2020\/12\/1993-Upper-Androscoggin-Basin-FERC-EIS.pdf\">Declaraci\u00f3n de Impacto Ambiental de la FERC de Upper Androscoggin de 1993<\/a><\/li>\n<li><a href=\"https:\/\/lowimpacthydro.org\/wp-content\/uploads\/2024\/05\/1989-Cascade-WQC.pdf\">Certificaci\u00f3n de calidad del agua de 1989<\/a><\/li>\n<\/ul>","protected":false},"excerpt":{"rendered":"<p>Project Name Cascade LIHI Certificate No. 188 LIHI Certificate Term March 1, 2022 &#8211; February 29, 2032 Owner Great Lakes Hydro America, LLC, a subsidiary of<span class=\"excerpt-hellip\"> [\u2026]<\/span><\/p>\n","protected":false},"author":3,"featured_media":-1,"parent":0,"menu_order":0,"comment_status":"closed","ping_status":"closed","template":"","meta":{"_coblocks_attr":"","_coblocks_dimensions":"","_coblocks_responsive_height":"","_coblocks_accordion_ie_support":"","om_disable_all_campaigns":false,"_monsterinsights_skip_tracking":false,"_monsterinsights_sitenote_active":false,"_monsterinsights_sitenote_note":"","_monsterinsights_sitenote_category":0,"footnotes":""},"class_list":["post-5018","page","type-page","status-publish","has-post-thumbnail","hentry"],"aioseo_notices":[],"_links":{"self":[{"href":"https:\/\/lowimpacthydro.org\/es\/wp-json\/wp\/v2\/pages\/5018","targetHints":{"allow":["GET"]}}],"collection":[{"href":"https:\/\/lowimpacthydro.org\/es\/wp-json\/wp\/v2\/pages"}],"about":[{"href":"https:\/\/lowimpacthydro.org\/es\/wp-json\/wp\/v2\/types\/page"}],"author":[{"embeddable":true,"href":"https:\/\/lowimpacthydro.org\/es\/wp-json\/wp\/v2\/users\/3"}],"replies":[{"embeddable":true,"href":"https:\/\/lowimpacthydro.org\/es\/wp-json\/wp\/v2\/comments?post=5018"}],"version-history":[{"count":14,"href":"https:\/\/lowimpacthydro.org\/es\/wp-json\/wp\/v2\/pages\/5018\/revisions"}],"predecessor-version":[{"id":10407,"href":"https:\/\/lowimpacthydro.org\/es\/wp-json\/wp\/v2\/pages\/5018\/revisions\/10407"}],"wp:featuredmedia":[{"embeddable":true,"href":"https:\/\/lowimpacthydro.org\/es\/wp-json\/"}],"wp:attachment":[{"href":"https:\/\/lowimpacthydro.org\/es\/wp-json\/wp\/v2\/media?parent=5018"}],"curies":[{"name":"gracias","href":"https:\/\/api.w.org\/{rel}","templated":true}]}}