{"id":4652,"date":"2021-08-03T11:26:24","date_gmt":"2021-08-03T15:26:24","guid":{"rendered":"https:\/\/lowimpacthydro.org\/?page_id=4652"},"modified":"2025-06-16T15:50:12","modified_gmt":"2025-06-16T19:50:12","slug":"lihi-certificate-181-white-river-lock-and-dam-no-3-hydroelectric-project-arkansas","status":"publish","type":"page","link":"https:\/\/lowimpacthydro.org\/es\/lihi-certificate-181-white-river-lock-and-dam-no-3-hydroelectric-project-arkansas\/","title":{"rendered":"Proyecto Hidroel\u00e9ctrico de la Esclusa y Presa n.\u00b0 3 del R\u00edo Blanco \u2013 LIHI #181, Arkansas"},"content":{"rendered":"<table class=\"alignright\" style=\"width: 351px; border: 2px; cellspacing: 2px; cellpadding: 2px; margin-left: 50px;\">\n<tbody>\n<tr style=\"height: 24px;\">\n<td style=\"height: 11px;\" width=\"162\"><strong>Nombre del proyecto<\/strong><\/td>\n<td style=\"height: 11px;\" width=\"165\">Esclusa del r\u00edo Blanco y <span class='tooltipsall tooltip_post_id_5545 classtoolTips158'>Presa<\/span> N\u00b0 3<\/td>\n<\/tr>\n<tr style=\"height: 56px;\">\n<td style=\"height: 12px;\"><strong>Certificado LIHI No.<\/strong><\/td>\n<td style=\"height: 12px;\">181<\/td>\n<\/tr>\n<tr style=\"height: 80px;\">\n<td style=\"height: 36px;\"><strong>Plazo del certificado LIHI<\/strong><\/td>\n<td style=\"height: 36px;\">9 de junio de 2021 \u2013 8 de junio de 2031 (opci\u00f3n de pr\u00f3rroga hasta el 8 de junio de 2034)<\/td>\n<\/tr>\n<tr style=\"height: 80px;\">\n<td style=\"height: 10px;\" width=\"162\"><strong>Due\u00f1o<\/strong><\/td>\n<td style=\"height: 10px;\" width=\"165\">Condado de Independence, Arkansas<\/td>\n<\/tr>\n<tr style=\"height: 56px;\">\n<td style=\"height: 10px;\" width=\"162\"><strong>Estado<\/strong><\/td>\n<td style=\"height: 10px;\" width=\"165\">Arkansas<\/td>\n<\/tr>\n<tr style=\"height: 104px;\">\n<td style=\"height: 26px;\" width=\"162\"><strong>Ubicaci\u00f3n<\/strong><\/td>\n<td style=\"height: 26px;\" width=\"165\">Milla fluvial 320,2 en el r\u00edo Blanco<\/td>\n<\/tr>\n<tr style=\"height: 56px;\">\n<td style=\"height: 21px;\" width=\"162\"><strong>Capacidad instalada<\/strong><\/td>\n<td style=\"height: 21px;\" width=\"165\">4,3 MW<\/td>\n<\/tr>\n<tr style=\"height: 80px;\">\n<td style=\"height: 36px;\" width=\"162\"><strong>Generaci\u00f3n media anual<\/strong><\/td>\n<td style=\"height: 36px;\" width=\"165\">18.764 MWh<\/td>\n<\/tr>\n<tr style=\"height: 56px;\">\n<td style=\"height: 23px;\" width=\"162\"><strong>Tipo de instalaci\u00f3n<\/strong><\/td>\n<td style=\"height: 23px;\" width=\"165\">Flujo de r\u00edo<\/td>\n<\/tr>\n<tr style=\"height: 56px;\">\n<td style=\"height: 17px;\" width=\"162\"><strong><span class='tooltipsall tooltip_post_id_5565 classtoolTips152'>Comisi\u00f3n Federal de Comercio<\/span> No.<\/strong><\/td>\n<td style=\"height: 17px;\" width=\"165\">P-4659, expedida en 1986, vence el 31\/01\/2036.<\/td>\n<\/tr>\n<\/tbody>\n<\/table>\n<p><a href=\"https:\/\/lowimpacthydro.org\/es\/lihi-certifcate-179-white-river-lock-and-dam-no-1-hydroelectric-project-arkansas\/\">Esclusa y presa n.\u00ba 1 del r\u00edo Blanco (LIHI #179)<\/a>, <a href=\"https:\/\/lowimpacthydro.org\/es\/lihi-certificate-180-white-river-lock-and-dam-no-2-hydroelectric-project-arkansas\/\">Esclusa y presa n.\u00ba 2 (LIHI #180)<\/a>, y los Proyectos Hidroel\u00e9ctricos de la Esclusa y Presa No. 3 \u201cShelby M. Knight\u201d (LD1, LD2, LD3) conocidos colectivamente como el \u201cProyecto Hidroel\u00e9ctrico del R\u00edo Blanco\u201d, est\u00e1n ubicados en el R\u00edo Blanco en el centro norte de Arkansas. El r\u00edo nace en el noroeste de Arkansas en las Monta\u00f1as de Boston y fluye al este hacia Fayetteville donde luego gira al norte. El r\u00edo ingresa a Misuri cerca de Eureka Springs. Luego fluye al sureste de regreso a Arkansas pasando por Bull Shoals, Mountain Home y Calico Rock. En Batesville, comienza la segunda secci\u00f3n del r\u00edo, conocida como el Bajo Blanco. Desde Batesville, el r\u00edo fluye al sur por 295 millas a trav\u00e9s de la regi\u00f3n del Delta de Arkansas antes de desembocar en el R\u00edo Misisipi. El r\u00edo pasa por m\u00faltiples lagos creados por ocho presas del Cuerpo de Ingenieros del Ej\u00e9rcito de los Estados Unidos (USACE). Seis lagos son operados juntos como un sistema para reducir la frecuencia y severidad de las inundaciones.<\/p>\n<p>Entre 1900 y 1908, el Cuerpo de Ingenieros del Ej\u00e9rcito de los Estados Unidos (USACE) construy\u00f3 las tres presas y esclusas de madera y hormig\u00f3n asociadas con los Proyectos. Las esclusas se utilizaban para la navegaci\u00f3n, moviendo barcos con cargamentos de madera, algod\u00f3n y productos mineros como piedra caliza y s\u00edlice. A mediados de la d\u00e9cada de 1950, el tren hab\u00eda reemplazado a los barcos como el principal medio de transporte de estos productos. El USACE desmantel\u00f3 las esclusas y vendi\u00f3 las propiedades. El desarrollo de la nueva capacidad hidroel\u00e9ctrica implic\u00f3 la participaci\u00f3n de una empresa de servicios p\u00fablicos, una universidad, una ciudad, un condado, el Congreso de los Estados Unidos, 27 a\u00f1os de trabajo, numerosos ingenieros y abogados, y mucha tenacidad y perseverancia por parte de un dedicado grupo de personas. La construcci\u00f3n del proyecto comenz\u00f3 en 2003 y los Proyectos entraron en funcionamiento entre 2006 y 2007. LD3 es el proyecto m\u00e1s aguas arriba de los tres, ubicado en el condado de Stone, Arkansas, en la milla fluvial 320.2.<\/p>\n<p>LD3 incluye un hormig\u00f3n y <span class='tooltipsall tooltip_post_id_5543 classtoolTips76'>cuna de madera<\/span> <span class='tooltipsall tooltip_post_id_5545 classtoolTips158'>presa<\/span> aproximadamente 750 pies de largo y 21 pies de alto con una tapa de concreto de 3 pies de alto agregada en 2010 que elev\u00f3 la altura de la presa a un <span class='tooltipsall tooltip_post_id_5651 classtoolTips116'>aliviadero<\/span> elevaci\u00f3n de la cresta de 275,5 pies (<span class='tooltipsall tooltip_post_id_5608 classtoolTips155'>Veh\u00edculo motorizado nacional<\/span>).<\/p>\n<p>La presa crea un embalse con una superficie de 787 acres. <span class='tooltipsall tooltip_post_id_5624 classtoolTips102'>central el\u00e9ctrica<\/span> Contiene una sola turbina Kaplan vertical y una unidad generadora de 4,3 MW con un caudal de dise\u00f1o de 3163 pies c\u00fabicos por segundo (cfs). La generaci\u00f3n anual promedio es de aproximadamente 18.700 MWh. Un sistema abierto...<span class='tooltipsall tooltip_post_id_5574 classtoolTips146'>canal artificial<\/span> El canal de desag\u00fce devuelve el caudal al r\u00edo 90 metros aguas abajo de la presa. El l\u00edmite del proyecto abarca la l\u00ednea de pleamar y aproximadamente 16 hect\u00e1reas de terreno alrededor de las estructuras del proyecto.<\/p>\n<p>El Proyecto se opera de forma instant\u00e1nea. <span class='tooltipsall tooltip_post_id_5643 classtoolTips52'>de pasada<\/span> Modo. Las entradas de LD1, LD2 y LD3 dependen de la salida de las presas del Cuerpo de Ingenieros del Ej\u00e9rcito de los Estados Unidos (USACE) aguas arriba en Bull Shoals, en el r\u00edo White, y del lago Norfolk, en el r\u00edo North Fork, junto con otros afluentes. No hay aliviadero. <span class='tooltipsall tooltip_post_id_5578 classtoolTips153'>puertas<\/span> en cualquiera de las presas. Las capacidades de caudal de las plantas son bajas en comparaci\u00f3n con el caudal del r\u00edo y los niveles de los embalses rara vez descienden hasta el l\u00edmite superior o por debajo de \u00e9l. <span class='tooltipsall tooltip_post_id_5651 classtoolTips116'>aliviaderos<\/span>. <span class='tooltipsall tooltip_post_id_5643 classtoolTips52'>De pasada<\/span> La operaci\u00f3n y los flujos se monitorean seg\u00fan el medidor USGS a lo largo del r\u00edo Blanco en Batesville, AR.<\/p>\n<p>Las aguas en el alcance de las tres instalaciones est\u00e1n catalogadas como propicias para la propagaci\u00f3n de peces y vida silvestre, primaria y <span class='tooltipsall tooltip_post_id_5646 classtoolTips7'>recreaci\u00f3n de contacto secundario<\/span>, y para usos dom\u00e9sticos, agr\u00edcolas e industriales. Se realiz\u00f3 un monitoreo de la calidad del agua entre 2014 y 2019 para garantizar que las instalaciones no afectaran negativamente el ox\u00edgeno disuelto y la temperatura del agua en el \u00e1rea del proyecto.<\/p>\n<p>La construcci\u00f3n original de las instalaciones de la esclusa y la presa inclu\u00eda <span class='tooltipsall tooltip_post_id_5566 classtoolTips59'>paso de peces<\/span> escaleras o <span class='tooltipsall tooltip_post_id_5568 classtoolTips128'>escalas para peces<\/span>Sin embargo, actualmente solo quedan restos de estas instalaciones. Las crecidas y las inundaciones en la zona del proyecto sin duda destruir\u00edan cualquier intento de proporcionar un paso permanente para peces en los proyectos. La Comisi\u00f3n de Pesca y Caza de Arkansas y el propietario del proyecto se han puesto en contacto para analizar la posibilidad de construir estructuras de paso estacional para peces, aunque no se han emitido recomendaciones ni prescripciones formales. Las especies de peces residentes incluyen la trucha arco\u00edris y la trucha degollada (repobladas anualmente en el lago Bull Shoals), la perca americana, la lubina negra, la lubina blanca, el bagre, la trucha de arroyo, el s\u00e1balo y la lucioperca americana. La trucha no es nativa de Arkansas, pero se ha observado que su pesca se debe a la descarga de agua fr\u00eda de las presas del Cuerpo de Ingenieros del Ej\u00e9rcito de Estados Unidos (USACE) a lo largo del r\u00edo White.<\/p>\n<p>Los terrenos del proyecto abarcan aproximadamente 16 hect\u00e1reas. Las propiedades que rodean LD3 son principalmente tierras forestales y agr\u00edcolas sin desarrollar. Se cuenta con un Plan de Control de Erosi\u00f3n y Sedimentaci\u00f3n, un Plan de Manejo de Fauna y Vegetaci\u00f3n y... <span class='tooltipsall tooltip_post_id_5670 classtoolTips125'>Humedal<\/span>\/<span class='tooltipsall tooltip_post_id_5572 classtoolTips80'>Llanura de inundaci\u00f3n<\/span> En los proyectos se implementaron planes de gesti\u00f3n y de protecci\u00f3n de aves rapaces. El Servicio de Pesca y Vida Silvestre de Estados Unidos (USFWS) y la AGFC revisaron los planes sin comentarios.<\/p>\n<p>Las especies amenazadas y en peligro de extinci\u00f3n potencialmente presentes en el \u00e1rea del proyecto incluyen el murci\u00e9lago orejudo norte\u00f1o, el murci\u00e9lago de Indiana, el murci\u00e9lago gris, el rasc\u00f3n negro oriental, el chorlito playero, el correlimos gordo, la salamandra gigante de Ozark, el tr\u00e9bol b\u00fafalo corredor y el tr\u00e9bol b\u00fafalo corredor. No existen h\u00e1bitats cr\u00edticos para estas especies en el \u00e1rea del proyecto y las operaciones del proyecto no las afectan.<\/p>\n<p>Se determin\u00f3 que las esclusas y represas eran elegibles para ser incluidas en la lista <span class='tooltipsall tooltip_post_id_5606 classtoolTips1'>Registro Nacional de Lugares Hist\u00f3ricos<\/span> La construcci\u00f3n de las centrales hidroel\u00e9ctricas requerir\u00eda la remoci\u00f3n de partes de las estructuras existentes de la esclusa y la presa. En ese momento, el Oficial de Preservaci\u00f3n Hist\u00f3rica del Estado de Arkansas (SHPO) observ\u00f3 que esto afectar\u00eda negativamente a las propiedades elegibles y recomend\u00f3 documentar los proyectos antes de la demolici\u00f3n. El LD3 requiri\u00f3 la coordinaci\u00f3n con el SHPO de Arkansas para registrar total o parcialmente la esclusa y la presa n.\u00b0 3 y elaborar un mapa a escala que mostrara la relaci\u00f3n entre la esclusa y la presa y otros complejos hist\u00f3ricos del r\u00edo Blanco. El propietario del proyecto cumpli\u00f3 con la solicitud y elabor\u00f3 dichos materiales para el registro hist\u00f3rico.<\/p>\n<p>Los recursos recreativos del proyecto son limitados debido a la falta de accesos al r\u00edo. Se puede navegar r\u00edo arriba y r\u00edo abajo. El acceso p\u00fablico es gratuito siempre que sea seguro.<\/p>\n<hr \/>\n<h3>Estado de cumplimiento<\/h3>\n<p><strong>El Certificado incluye las siguientes condiciones espec\u00edficas de la instalaci\u00f3n:<\/strong><\/p>\n<p><strong>Condici\u00f3n 1:<\/strong> Si el Propietario de la instalaci\u00f3n recibe una notificaci\u00f3n durante el plazo de esta Certificaci\u00f3n LIHI de USFWS o AGFC de que el paso ascendente y\/o descendente para organismos an\u00e1dromos o <span class='tooltipsall tooltip_post_id_5538 classtoolTips75'>cat\u00e1dromo<\/span> Si se requiere pescado en cualquiera de las instalaciones, el Propietario deber\u00e1 enviar a LIHI una copia de esa notificaci\u00f3n junto con un resumen de los planes y un cronograma para iniciar la consulta e implementar la aprobaci\u00f3n; y deber\u00e1 proporcionar una actualizaci\u00f3n del estado del progreso de la implementaci\u00f3n en las declaraciones de cumplimiento anuales.<\/p>\n<p><strong>Condici\u00f3n 2 (opcional):<\/strong> Si en cualquier momento antes de los seis meses previos al vencimiento de los t\u00e9rminos de la Certificaci\u00f3n para cada Proyecto, el Propietario implementa voluntariamente el paso estacional de anguilas r\u00edo arriba en uno o m\u00e1s de los Proyectos en ausencia de una recomendaci\u00f3n de la agencia en la Condici\u00f3n 1, LIHI revisar\u00e1 esa informaci\u00f3n y determinar\u00e1 si otorgar\u00e1 o no un est\u00e1ndar PLUS y extender\u00e1 el plazo del Certificado por tres a\u00f1os adicionales.<\/p>\n<p><strong>2025:<\/strong> No se identificaron cambios materiales ni problemas de cumplimiento. El proyecto sigue cumpliendo con los requisitos seg\u00fan la revisi\u00f3n anual. El proyecto no inform\u00f3 cambios en su estado de conservaci\u00f3n.<\/p>\n<p><strong>2024:<\/strong> No se identificaron cambios materiales ni problemas de cumplimiento. El proyecto sigue cumpliendo con los requisitos seg\u00fan la revisi\u00f3n anual. El proyecto no inform\u00f3 cambios en su estado de conservaci\u00f3n.<\/p>\n<p><strong>2023:<\/strong> No se identificaron cambios materiales ni problemas de cumplimiento. El proyecto sigue cumpliendo con los requisitos seg\u00fan la revisi\u00f3n anual. El proyecto no inform\u00f3 cambios en su estado de conservaci\u00f3n.<\/p>\n<p><strong>2022:<\/strong> No se identificaron cambios materiales ni problemas de cumplimiento. El proyecto sigue cumpliendo con los requisitos seg\u00fan la revisi\u00f3n anual. El proyecto no inform\u00f3 cambios en su estado de conservaci\u00f3n.<\/p>\n<p><strong>2021:<\/strong> La presentaci\u00f3n de informes anuales para el Certificado actual a\u00fan no ha entrado en vigor.<\/p>\n<hr \/>\n<h3>Historial de certificaciones<\/h3>\n<p><strong>1 de enero de 2022:<\/strong> El plazo del Certificado LIHI se ha extendido de acuerdo con la Revisi\u00f3n 2.05 del Manual de Certificaci\u00f3n LIHI 2.\u00aa Edici\u00f3n emitido el 1 de enero de 2022. Consulte la tabla de instalaciones anterior para conocer el nuevo plazo.<\/p>\n<p><strong> 3 de agosto de 2021:<\/strong> El Instituto de Energ\u00eda Hidroel\u00e9ctrica de Bajo Impacto ha emitido una decisi\u00f3n final sobre la certificaci\u00f3n del Proyecto de Esclusas y Presa N.\u00ba 3 del R\u00edo Blanco, ubicado en el r\u00edo Blanco, Arkansas. El plazo de apelaci\u00f3n de 30 d\u00edas finaliz\u00f3 el 31 de julio de 2021 y no se presentaron apelaciones. Por lo tanto, la decisi\u00f3n de certificar el proyecto es definitiva. El nuevo plazo es del 9 de junio de 2021 al 8 de junio de 2026.<\/p>\n<p><strong>1 de julio de 2021:<\/strong> El Instituto de Energ\u00eda Hidroel\u00e9ctrica de Bajo Impacto (LIHI, por sus siglas en ingl\u00e9s) ha aprobado preliminarmente la Certificaci\u00f3n de Bajo Impacto (pendiente LIHI #179, #180, #181) para los Proyectos Hidroel\u00e9ctricos de Esclusas y Presas N.\u00b0 1, N.\u00b0 2 y N.\u00b0 3 del R\u00edo Blanco ubicados en el R\u00edo Blanco en Arkansas. Esta decisi\u00f3n es preliminar a la espera del per\u00edodo de apelaci\u00f3n de 30 d\u00edas. Solo aquellos que comentaron sobre la solicitud inicial durante el per\u00edodo de comentarios de 60 d\u00edas son elegibles para presentar una apelaci\u00f3n. Dicha apelaci\u00f3n debe incluir una explicaci\u00f3n de por qu\u00e9 el Proyecto no cumple con los criterios del LIHI. Las solicitudes de apelaci\u00f3n se pueden enviar por correo electr\u00f3nico a <a href=\"#\">comments@lowimpacthydro.org<\/a> con \u201cWhite River Project\u201d en la l\u00ednea de asunto, o por correo dirigido al Low Impact Hydropower Institute, 1167 Massachusetts Ave, Arlington MA 02476. Todas las solicitudes se publicar\u00e1n en el sitio web. El solicitante tendr\u00e1 la oportunidad de responder y cualquier respuesta tambi\u00e9n se publicar\u00e1. <strong>Las solicitudes deben recibirse antes de las 5 p. m., hora del Este, del 31 de julio de 2021. <\/strong>La solicitud completa y el informe de revisi\u00f3n est\u00e1n disponibles a continuaci\u00f3n. Si no se reciben solicitudes de apelaci\u00f3n, los plazos de certificaci\u00f3n para cada proyecto ser\u00e1n del 9 de junio de 2021 al 8 de junio de 2026, a menos que se extiendan seg\u00fan la Condici\u00f3n 2.<\/p>\n<p><strong>27 de abril de 2021:<\/strong>\u00a0El Instituto de Energ\u00eda Hidroel\u00e9ctrica de Bajo Impacto ha recibido una solicitud completa para la Certificaci\u00f3n de Bajo Impacto del Proyecto Hidroel\u00e9ctrico White River. LIHI est\u00e1 buscando comentarios p\u00fablicos sobre esta solicitud. Espec\u00edficamente, nos interesa saber si usted cree que el Proyecto cumple con los Criterios de Certificaci\u00f3n de Bajo Impacto de LIHI, seg\u00fan se revisaron en el Manual de la 2.\u00aa Edici\u00f3n. Revise el programa y los criterios en el Manual revisado de LIHI.\u00a0<a href=\"https:\/\/lowimpacthydro.org\/es\/handbook-review\/\">Manual<\/a>\u00a0y luego revise los materiales de solicitud del Proyecto a continuaci\u00f3n. Los comentarios que est\u00e9n directamente relacionados con criterios espec\u00edficos de LIHI (flujos, calidad del agua, paso de peces, etc.) ser\u00e1n de gran ayuda, pero se considerar\u00e1n todos los comentarios. Los comentarios pueden enviarse al Instituto por correo electr\u00f3nico a\u00a0<a href=\"mailto:comments@lowimpacthydro.org\">comments@lowimpacthydro.org<\/a>\u00a0con \u201cComentarios del Proyecto White River\u201d en la l\u00ednea de asunto, o por correo dirigido al Low Impact Hydropower Institute, 1167 Massachusetts Avenue, Arlington, MA 02476.<strong>\u00a0Los comentarios deben recibirse antes de las 5:00 p. m., hora del Este, el 26 de junio de 2021.<\/strong>\u00a0Se considerar\u00e1n todos los comentarios. Se publicar\u00e1n en el sitio web y el solicitante tendr\u00e1 la oportunidad de responder. Tambi\u00e9n se publicar\u00e1n todas las respuestas.<\/p>\n<hr \/>\n<h3>Archivos de certificaci\u00f3n<\/h3>\n<h4>Certificaci\u00f3n 2021<\/h4>\n<ul style=\"color: black;\">\n<li><a href=\"https:\/\/lowimpacthydro.org\/wp-content\/uploads\/2021\/07\/White-River-Hydro-Review-Report-2021-06-29.pdf\">Informe de revisi\u00f3n de White River<\/a><\/li>\n<li><a href=\"https:\/\/lowimpacthydro.org\/wp-content\/uploads\/2021\/04\/White-River-LD1-3-LIHI-Application_03.10.21.pdf\">Solicitud de LD1-3 LIHI de White River_03.10.21<\/a><\/li>\n<\/ul>\n<hr \/>\n<h3>Documentos clave<\/h3>\n<ul>\n<li><a href=\"https:\/\/lowimpacthydro.org\/wp-content\/uploads\/2024\/05\/20021113-FERC-amendment-transmission-line-White-River-Dam-3.pdf\">Enmienda de la FERC de 2002: cambio de l\u00ednea de transmisi\u00f3n<\/a><\/li>\n<li><a href=\"https:\/\/lowimpacthydro.org\/wp-content\/uploads\/2024\/05\/20021122-FERC-amendment-transmission-errata-White-River-Dam-3.pdf\">Enmienda FERC de 2002 \u2013 erratas<\/a><\/li>\n<li><a href=\"https:\/\/lowimpacthydro.org\/wp-content\/uploads\/2024\/05\/2002-EA-of-White-River-projects-amendments.pdf\">Evaluaci\u00f3n ambiental de la FERC de 2002 para el cambio de l\u00ednea de transmisi\u00f3n<\/a><\/li>\n<li><a href=\"https:\/\/lowimpacthydro.org\/wp-content\/uploads\/2024\/05\/20010907-FERC-amendment-capacity-White-River-Dam-3.pdf\">Enmienda de la FERC de 2001: capacidad<\/a><\/li>\n<li><a href=\"https:\/\/lowimpacthydro.org\/wp-content\/uploads\/2024\/05\/20010124-FERC-Amendment-of-License-Term-White-River-projects.pdf\">Enmienda de la FERC de 2001: ampliaci\u00f3n del plazo<\/a><\/li>\n<li><a href=\"https:\/\/lowimpacthydro.org\/wp-content\/uploads\/2024\/05\/FERC-License-White-River-Dam-3.pdf\">Licencia FERC de 1986<\/a><\/li>\n<li><a href=\"https:\/\/lowimpacthydro.org\/wp-content\/uploads\/2024\/05\/1983-White-River-Dam-3-401-Water-Quality-Cert.pdf\">Certificaci\u00f3n de calidad del agua de 1983 <\/a><\/li>\n<\/ul>","protected":false},"excerpt":{"rendered":"<p>Project Name White River Lock and Dam No. 3 LIHI Certificate No. 181 LIHI Certificate Term June 9, 2021 &#8211; June 8, 2031 (option to extend<span class=\"excerpt-hellip\"> [\u2026]<\/span><\/p>\n","protected":false},"author":3,"featured_media":-1,"parent":0,"menu_order":0,"comment_status":"closed","ping_status":"closed","template":"","meta":{"_coblocks_attr":"","_coblocks_dimensions":"","_coblocks_responsive_height":"","_coblocks_accordion_ie_support":"","om_disable_all_campaigns":false,"_monsterinsights_skip_tracking":false,"_monsterinsights_sitenote_active":false,"_monsterinsights_sitenote_note":"","_monsterinsights_sitenote_category":0,"footnotes":""},"class_list":["post-4652","page","type-page","status-publish","has-post-thumbnail","hentry"],"aioseo_notices":[],"_links":{"self":[{"href":"https:\/\/lowimpacthydro.org\/es\/wp-json\/wp\/v2\/pages\/4652","targetHints":{"allow":["GET"]}}],"collection":[{"href":"https:\/\/lowimpacthydro.org\/es\/wp-json\/wp\/v2\/pages"}],"about":[{"href":"https:\/\/lowimpacthydro.org\/es\/wp-json\/wp\/v2\/types\/page"}],"author":[{"embeddable":true,"href":"https:\/\/lowimpacthydro.org\/es\/wp-json\/wp\/v2\/users\/3"}],"replies":[{"embeddable":true,"href":"https:\/\/lowimpacthydro.org\/es\/wp-json\/wp\/v2\/comments?post=4652"}],"version-history":[{"count":14,"href":"https:\/\/lowimpacthydro.org\/es\/wp-json\/wp\/v2\/pages\/4652\/revisions"}],"predecessor-version":[{"id":9730,"href":"https:\/\/lowimpacthydro.org\/es\/wp-json\/wp\/v2\/pages\/4652\/revisions\/9730"}],"wp:featuredmedia":[{"embeddable":true,"href":"https:\/\/lowimpacthydro.org\/es\/wp-json\/"}],"wp:attachment":[{"href":"https:\/\/lowimpacthydro.org\/es\/wp-json\/wp\/v2\/media?parent=4652"}],"curies":[{"name":"gracias","href":"https:\/\/api.w.org\/{rel}","templated":true}]}}