{"id":4435,"date":"2021-05-28T09:36:30","date_gmt":"2021-05-28T13:36:30","guid":{"rendered":"https:\/\/lowimpacthydro.org\/?page_id=4435"},"modified":"2025-06-11T11:39:05","modified_gmt":"2025-06-11T15:39:05","slug":"lihi-certificate-183-north-twin-project-maine","status":"publish","type":"page","link":"https:\/\/lowimpacthydro.org\/es\/lihi-certificate-183-north-twin-project-maine\/","title":{"rendered":"Proyecto North Twin, Maine"},"content":{"rendered":"<table class=\"alignright\" style=\"width: 351px; border: 2px; cellspacing: 2px; cellpadding: 2px; margin-left: 50px;\">\n<tbody>\n<tr>\n<td style=\"width: 154px;\"><strong>Nombre del proyecto<\/strong><\/td>\n<td style=\"width: 211px;\">Gemelo del norte<\/td>\n<\/tr>\n<tr>\n<td style=\"width: 154px;\"><strong>Certificado LIHI No.<\/strong><\/td>\n<td style=\"width: 211px;\">183<\/td>\n<\/tr>\n<tr>\n<td style=\"width: 154px;\"><strong>Plazo del certificado LIHI<\/strong><\/td>\n<td style=\"width: 211px;\">27 de mayo de 2021 \u2013 26 de mayo de 2031<\/td>\n<\/tr>\n<tr>\n<td style=\"width: 154px;\"><strong>Due\u00f1o<\/strong><\/td>\n<td style=\"width: 211px;\">Great Lakes Hydro America, LLC, una subsidiaria de Brookfield Renewable Energy Group<\/td>\n<\/tr>\n<tr>\n<td style=\"width: 154px;\"><strong>Estado<\/strong><\/td>\n<td style=\"width: 211px;\">Maine<\/td>\n<\/tr>\n<tr>\n<td style=\"width: 154px;\"><strong>Ubicaci\u00f3n<\/strong><\/td>\n<td style=\"width: 211px;\">Ubicado en la milla fluvial 14,97 en la rama oeste del r\u00edo Penobscot en Millinocket, condado de Penobscot<\/td>\n<\/tr>\n<tr>\n<td style=\"width: 154px;\"><strong>Capacidad instalada<\/strong><\/td>\n<td style=\"width: 211px;\">9,84 MW<\/td>\n<\/tr>\n<tr>\n<td style=\"width: 154px;\"><strong>Generaci\u00f3n media anual<\/strong><\/td>\n<td style=\"width: 211px;\">51.541 MWh<\/td>\n<\/tr>\n<tr>\n<td style=\"width: 154px;\"><strong>Tipo de instalaci\u00f3n<\/strong><\/td>\n<td style=\"width: 211px;\">Almacenar\/liberar<\/td>\n<\/tr>\n<tr>\n<td style=\"width: 154px;\"><strong><span class='tooltipsall tooltip_post_id_5565 classtoolTips152'>Comisi\u00f3n Federal de Comercio<\/span> No.<\/strong><\/td>\n<td style=\"width: 211px;\">P-2458 emitido en 1996, vence el 1\/10\/2026<\/td>\n<\/tr>\n<\/tbody>\n<\/table>\n<p>El Proyecto North Twin se ubica en el Brazo Oeste del r\u00edo Penobscot, aproximadamente a 24 km por encima de la confluencia con el Brazo Este, y aproximadamente 4 km aguas arriba del lago Quakish, cerca de Millinocket, Maine. El proyecto forma parte del Proyecto Hidroel\u00e9ctrico Penobscot Mills (PMHP).<\/p>\n<p>El PMHP consta de cuatro desarrollos hidroel\u00e9ctricos y una planta de almacenamiento. <span class='tooltipsall tooltip_post_id_5545 classtoolTips158'>presa<\/span> Ubicado entre la milla fluvial (RM) 2.0 y la RM 15.0 en el brazo oeste del r\u00edo Penobscot, cerca de Millinocket y East Millinocket, Maine. De aguas arriba a aguas abajo, estos proyectos hidroel\u00e9ctricos son el embalse de almacenamiento del lago Millinocket, North Twin, <a href=\"https:\/\/lowimpacthydro.org\/es\/lihi-certificate-167-millinocket-dolby-hydroelectric-project-maine\/\">Millinocket y <\/a><a href=\"https:\/\/lowimpacthydro.org\/es\/lihi-certificate-167-millinocket-dolby-hydroelectric-project-maine\/\">Dolby (LIHI #167)<\/a>y East Millinocket. Estos proyectos hidroel\u00e9ctricos se construyeron originalmente para satisfacer las demandas mec\u00e1nicas de la f\u00e1brica de papel Millinocket, construida en 1900, y la f\u00e1brica East Millinocket. <span class='tooltipsall tooltip_post_id_5545 classtoolTips158'>Presa<\/span>, construido en 1906.<\/p>\n<p>El r\u00edo Penobscot tiene 425 kil\u00f3metros de longitud, lo que lo convierte en el sistema fluvial m\u00e1s extenso de Maine. El r\u00edo drena casi un tercio del estado de Maine, con una cuenca hidrogr\u00e1fica de 22.800 kil\u00f3metros cuadrados. La cuenca tiene una baja densidad de poblaci\u00f3n, est\u00e1 mayormente cubierta de bosques y contiene numerosos lagos grandes y m\u00faltiples afluentes.<\/p>\n<p>La presa North Twin es una estructura de hormig\u00f3n y relleno de tierra ubicada a la salida del embalse, conocido como Elbow Lake. <span class='tooltipsall tooltip_post_id_5624 classtoolTips102'>central el\u00e9ctrica<\/span> Las secciones de hormig\u00f3n de la presa se ubican entre un dique sur de 152 metros de longitud y un dique norte de 87 metros de longitud. El embalse consta de cinco cuencas independientes: los lagos Elbow, South Twin, North Twin, Pemadumcook y Ambajejus (denominados colectivamente la Cadena de Lagos Pemadumcook). El embalse tiene una longitud aproximada de 19 kil\u00f3metros y una superficie de aproximadamente 7.000 hect\u00e1reas. La presa mide aproximadamente 328 metros de longitud e incluye:<\/p>\n<ul style=\"color: black;\">\n<li>Una secci\u00f3n de compuerta Tainter de 117 pies de largo compuesta por dos puertas Tainter de acero <span class='tooltipsall tooltip_post_id_5578 classtoolTips153'>puertas<\/span> y muelles asociados. Cada puerta mide aproximadamente 15 metros de ancho y 8,3 metros de alto.<\/li>\n<li>Una secci\u00f3n de hormig\u00f3n de 34 pies de ancho que contiene un vertedero. <span class='tooltipsall tooltip_post_id_5568 classtoolTips128'>escala de peces<\/span> y dos secciones de compuertas de troncos con compuertas, ubicadas en el extremo opuesto de la central el\u00e9ctrica desde el dique de tierra sur. Tres compuertas ubicadas aguas arriba de la escala para peces controlan el flujo de agua hacia las c\u00e1maras de la misma. Cada compuerta mide 43 cm de ancho por 60 cm de alto. Las compuertas est\u00e1n ubicadas a diferentes profundidades para que la escala para peces pueda permanecer operativa a diferentes niveles de agua del embalse. Las c\u00e1maras de la escala para peces se extienden aguas abajo de la compuerta aproximadamente 30,5 m a lo largo del lado noreste de la central el\u00e9ctrica. Hay una tuber\u00eda de gravedad de 20 cm de di\u00e1metro que proporciona flujos de atracci\u00f3n a la escala para peces. La tuber\u00eda se extiende desde un \u00e1rea cercana al tronco. <span class='tooltipsall tooltip_post_id_5650 classtoolTips136'>compuertas<\/span> A las entradas de las escalas para peces. La entrada de la tuber\u00eda cuenta con una compuerta deslizante con un recogedor de basura extra\u00edble aguas arriba. La tuber\u00eda se bifurca en su descarga para atraer a los peces a cada entrada de la escala.<\/li>\n<li>Una estructura de entrada de 11,3 m por 35,4 m con nueve compuertas. Cada compuerta mide 2,4 m de ancho por 4,9 m de alto y contiene rejillas para basura construidas con barras de acero de 9,5 mm (3\/8&quot;) y una abertura libre de 7,6 cm (2-5\/8&quot;) entre las barras.<\/li>\n<li>Una central el\u00e9ctrica con tres unidades generadoras. Las unidades 1 y 2 son verticales. <span class='tooltipsall tooltip_post_id_5576 classtoolTips39'>Turbina Francis<\/span>Generadores, cada uno con una capacidad hidr\u00e1ulica m\u00e1xima de 1350 pies c\u00fabicos por segundo (cfs) y una capacidad instalada de 3,2 MW. La Unidad 3 es una turbina\/generador Kaplan vertical con una capacidad hidr\u00e1ulica m\u00e1xima de 1800 pies c\u00fabicos por segundo (cfs) y una capacidad instalada de 3,44 MW. El agua sale de la central a trav\u00e9s de seis canales de descarga, cada uno de aproximadamente 4,2 metros de ancho. Un muro de contenci\u00f3n de hormig\u00f3n se extiende aproximadamente 8,5 metros aguas abajo de la central y protege el lado aguas abajo del dique de tierra sureste. El canal de descarga tiene aproximadamente 32 metros de ancho y transporta el agua desde la central hasta el r\u00edo.<\/li>\n<li>Seis diques de tierra con una longitud total de 767 metros, ubicados aguas arriba de la presa. Cinco diques, con una longitud total de 567 metros, se ubican a lo largo de la orilla oriental del embalse, cerca de la presa. Todos los diques tienen una elevaci\u00f3n de coronaci\u00f3n de entre 150 y 152 metros y un ancho m\u00e1ximo m\u00ednimo de 3 metros. Los diques son estructuras de relleno de tierra con tablestacas dentro del relleno. El sexto dique de tierra, de aproximadamente 200 metros de longitud, se ubica aproximadamente 11 RM aguas arriba de la presa, entre el embalse North Twin (en el lago Ambajejus) y el lago Millinocket.<\/li>\n<\/ul>\n<p>El proyecto opera con un sistema de almacenamiento anual, que generalmente utiliza la escorrent\u00eda de primavera para reabastecer el embalse. El agua se extrae a un ritmo controlado de los embalses de almacenamiento durante todo el a\u00f1o para cumplir con los requisitos del Plan de Uso del Agua (WUP) del proyecto y proporcionar la m\u00e1xima energ\u00eda de carga base sostenida de acuerdo con un <span class='tooltipsall tooltip_post_id_5642 classtoolTips89'>curva de regla<\/span>y para proporcionar capacidad de almacenamiento (control de inundaciones) para la pr\u00f3xima primavera, todo dentro de las limitaciones del WUP. El proyecto mantiene niveles de agua relativamente estables en el embalse North Twin desde el 1 de mayo hasta el 22 de agosto, a menos que el proyecto no pueda mantener el caudal m\u00ednimo de 2000 pies c\u00fabicos por segundo (cfs) en <a href=\"\/es\/&quot;https:\/\/lowimpacthydro.org\/lihi-certificate-167-millinocket-dolby-hydroelectric-project-maine\/\">Millinocket<\/a>Se proporciona un caudal m\u00ednimo de 3000 pies c\u00fabicos por segundo (cfs) del 22 de agosto al 15 de octubre, siempre que el nivel del agua del embalse sea lo suficientemente alto. Se proporciona un caudal m\u00ednimo de 2000 pies c\u00fabicos por segundo (cfs) en el ramal oeste en <a href=\"\/es\/&quot;https:\/\/lowimpacthydro.org\/lihi-certificate-167-millinocket-dolby-hydroelectric-project-maine\/\">Millinocket<\/a> y un caudal m\u00ednimo hacia el arroyo Millinocket, siempre que el agua permanezca almacenada aguas arriba. Se requiere un caudal m\u00ednimo de 60 pies c\u00fabicos por segundo (cfs) hacia el arroyo Millinocket, independientemente de la afluencia, del 1 de mayo al 15 de octubre. El resto del a\u00f1o, el caudal m\u00ednimo es de 60 pies c\u00fabicos por segundo o la afluencia si es menor. Este r\u00e9gimen de caudal se desarroll\u00f3 en consulta con el Servicio de Pesca y Vida Silvestre de los Estados Unidos (USFWS), el Departamento de Pesca Continental y Vida Silvestre de Maine (MDIFW) y el Departamento de Protecci\u00f3n Ambiental de Maine (MDEP).<\/p>\n<p>Las aguas dentro del alcance del proyecto se designan como aguas de Gran Estanque A (GPA), definidas como \u201ccualquier cuerpo de agua continental que, en estado natural, tenga una superficie superior a 10 acres y cualquier cuerpo de agua continental formado o aumentado artificialmente que tenga una superficie superior a 30 acres\u201d. Estas aguas son aptas para usos designados de agua potable despu\u00e9s de la desinfecci\u00f3n, recreaci\u00f3n acu\u00e1tica, pesca, agricultura, suministro de agua para procesos industriales y refrigeraci\u00f3n, generaci\u00f3n de energ\u00eda hidroel\u00e9ctrica, navegaci\u00f3n y como h\u00e1bitat para peces y otras especies acu\u00e1ticas. Aguas abajo del proyecto, las aguas se designan como Clase B, aptas para el suministro de agua potable despu\u00e9s del tratamiento, pesca, recreaci\u00f3n acu\u00e1tica, suministro de agua para procesos industriales y refrigeraci\u00f3n, y generaci\u00f3n de energ\u00eda hidroel\u00e9ctrica.<\/p>\n<p>Hist\u00f3ricamente, el brazo oeste del r\u00edo Penobscot se encuentra dentro del h\u00e1bitat del salm\u00f3n del Atl\u00e1ntico. Sin embargo, no... <span class='tooltipsall tooltip_post_id_5518 classtoolTips36'>pez an\u00e1dromo<\/span> Actualmente existen especies en el r\u00edo. La escala para peces aguas arriba de la presa sirve \u00fanicamente a las especies residentes. La escala se incorpor\u00f3 a la presa en 1934, se repar\u00f3 en 1984 y se modific\u00f3 en 1998 para abordar el drenaje de la salida de la escala en cotas bajas del embalse, la turbulencia excesiva dentro de las pozas y para aumentar el agua de atracci\u00f3n. La escala para peces aguas arriba est\u00e1 ubicada principalmente para permitir que los peces que han pasado r\u00edo abajo sobre la presa regresen r\u00edo arriba al embalse. La escala consiste en un dise\u00f1o de poza y vertedero con ranuras de 1.75 pies. El caudal de transporte para la escala es de 7 pies c\u00fabicos por segundo (cfs), con aproximadamente 2 cfs a trav\u00e9s de los orificios y 5 cfs sobre los vertederos. Un suplemento... <span class='tooltipsall tooltip_post_id_5522 classtoolTips37'>flujo de atracci\u00f3n<\/span> Se suministra un caudal de 3,5 pies c\u00fabicos por segundo (cfs) a trav\u00e9s de una tuber\u00eda de gravedad de 20 cm de di\u00e1metro. Entre las especies residentes se incluyen la trucha de arroyo, la lobina de boca chica, diversas especies de matalotes, alburnos y peces luna, peces de r\u00edo, dace de hocico negro oriental, cacho de arroyo, escorpi\u00f3n viscoso, lota y salm\u00f3n encerrado.<\/p>\n<p>Los terrenos del proyecto abarcan aproximadamente 2700 acres. Un Plan de Gesti\u00f3n Costera (PGC) rige el uso de los terrenos propiedad del proyecto y establece disposiciones de gesti\u00f3n, incluyendo una restricci\u00f3n de retranqueo de 200 pies para edificaciones y una restricci\u00f3n de 100 pies para la zona de amortiguamiento vegetal. El PGC tambi\u00e9n prev\u00e9 el acceso p\u00fablico adecuado a los embalses para fines recreativos. Asimismo, describe c\u00f3mo se gestionan los terrenos para asegurar la gesti\u00f3n eficaz y continua de los recursos forestales e h\u00eddricos renovables en las tierras asociadas, a la vez que se reconocen y protegen los valores recreativos y otros recursos naturales de dichas tierras. Los terrenos que rodean el proyecto est\u00e1n mayoritariamente forestados, con algunos usos agr\u00edcolas.<\/p>\n<p>Las especies amenazadas o en peligro de extinci\u00f3n que podr\u00edan estar presentes en las inmediaciones del proyecto incluyen el lince canadiense, el murci\u00e9lago orejudo norte\u00f1o, el murci\u00e9lago caf\u00e9 chico, el murci\u00e9lago de patas peque\u00f1as oriental, el murci\u00e9lago caf\u00e9 grande, el murci\u00e9lago rojo, el murci\u00e9lago canoso, el murci\u00e9lago de pelo plateado, el murci\u00e9lago tricolor, el caracol de estanque de boca grande, el mucket de marea, el mejill\u00f3n amarillo y la tortuga de bosque. No se prev\u00e9 que las operaciones rutinarias afecten a especies terrestres como los murci\u00e9lagos y el lince canadiense. Es posible que se realicen limpiezas peri\u00f3dicas de vegetaci\u00f3n para la seguridad de la presa, el acceso y otros fines, pero estas se realizar\u00e1n de acuerdo con la norma de la Secci\u00f3n 4(d) del Servicio de Pesca y Vida Silvestre de los Estados Unidos (USFWS) relativa a la protecci\u00f3n del murci\u00e9lago orejudo norte\u00f1o.<\/p>\n<p>Se ha implementado un plan de gesti\u00f3n de recursos culturales que abarca los desarrollos del PMHP para proteger y administrar los recursos culturales e hist\u00f3ricos en el \u00e1rea del proyecto. Solo un sitio de este tipo se encuentra en el \u00e1rea de desarrollo North Twin.<\/p>\n<p>Los recursos recreativos del proyecto incluyen tres embarcaderos, acceso para pescar y acceso para uso diurno y acampada. El acceso p\u00fablico es gratuito.<\/p>\n<hr \/>\n<h3>Estado de cumplimiento<\/h3>\n<p><strong>El Certificado incluye las siguientes condiciones espec\u00edficas de la instalaci\u00f3n:<\/strong><\/p>\n<p><strong>Condici\u00f3n 1:<\/strong> El propietario de la instalaci\u00f3n deber\u00e1 informar a LIHI, mediante declaraciones anuales de cumplimiento, sobre el estado actual de la renovaci\u00f3n de la licencia de la FERC, incluyendo estudios, presentaciones ante la FERC, consultas con la agencia de recursos, prescripciones y recomendaciones, y comentarios de la agencia sobre los resultados de los estudios. LIHI se reserva el derecho de modificar el Certificado o las condiciones en funci\u00f3n del resultado de la renovaci\u00f3n de la licencia.<\/p>\n<p><strong>2025:\u00a0<\/strong> No se identificaron cambios sustanciales ni problemas de cumplimiento. El proyecto se mantiene en cumplimiento seg\u00fan la revisi\u00f3n anual. Para la Condici\u00f3n 1, el proyecto inform\u00f3 la presentaci\u00f3n de la solicitud final de renovaci\u00f3n de la licencia el 30 de septiembre de 2024.<\/p>\n<p><strong>2024:\u00a0<\/strong> No se identificaron cambios sustanciales ni problemas de cumplimiento. El proyecto se mantiene en cumplimiento seg\u00fan la revisi\u00f3n anual. Para la Condici\u00f3n 1, el proyecto inform\u00f3 la presentaci\u00f3n del informe del Estudio Actualizado el 22 de abril de 2024 y el resumen de la reuni\u00f3n el 22 de mayo de 2023.<\/p>\n<p><strong>2023:\u00a0<\/strong> No se identificaron cambios sustanciales ni problemas de cumplimiento. El proyecto se mantiene en cumplimiento seg\u00fan la revisi\u00f3n anual. Para la Condici\u00f3n 1, el proyecto inform\u00f3 la presentaci\u00f3n del informe del Estudio Inicial el 24 de abril de 2023 y del resumen de la reuni\u00f3n el 31 de mayo de 2024. El proyecto present\u00f3 una solicitud preliminar de licencia el 3 de mayo de 2024, y se espera que la solicitud final se presente antes del 30 de septiembre de 2024.<\/p>\n<p><strong>2022:\u00a0<\/strong> No se identificaron cambios sustanciales ni problemas de cumplimiento. El proyecto se mantiene en cumplimiento seg\u00fan la revisi\u00f3n anual. Para la Condici\u00f3n 1, el proyecto inform\u00f3 la presentaci\u00f3n del Plan de Estudio Revisado y la emisi\u00f3n de la determinaci\u00f3n del Plan de Estudio por parte de la FERC. Los estudios del primer a\u00f1o se realizar\u00e1n en 2022.<\/p>\n<p><strong>2021:<\/strong>\u00a0 La presentaci\u00f3n de informes anuales para el Certificado actual a\u00fan no ha entrado en vigor.<\/p>\n<hr \/>\n<h3>Historial de certificaciones<\/h3>\n<p><strong>1 de enero de 2022:<\/strong> El plazo del Certificado LIHI se ha extendido de acuerdo con la Revisi\u00f3n 2.05 del Manual de Certificaci\u00f3n LIHI 2.\u00aa Edici\u00f3n emitido el 1 de enero de 2022. Consulte la tabla de instalaciones anterior para conocer el nuevo plazo.<\/p>\n<p><strong>7 de septiembre de 2021: <\/strong>El Instituto de Energ\u00eda Hidroel\u00e9ctrica de Bajo Impacto ha emitido una decisi\u00f3n final sobre la certificaci\u00f3n del Proyecto North Twin, ubicado en el brazo oeste del r\u00edo Penobscot, en Maine. El plazo de apelaci\u00f3n de 30 d\u00edas finaliz\u00f3 el 3 de septiembre de 2021 y no se presentaron apelaciones. Por lo tanto, la decisi\u00f3n de certificar el proyecto es definitiva. El plazo de certificaci\u00f3n es del 27 de mayo de 2021 al 26 de mayo de 2026.<\/p>\n<p><strong>4 de agosto de 2021:<\/strong> El Instituto de Energ\u00eda Hidroel\u00e9ctrica de Bajo Impacto (LIHI) ha aprobado preliminarmente el Proyecto North Twin para un per\u00edodo de 5 a\u00f1os de Certificaci\u00f3n de Bajo Impacto. Esta decisi\u00f3n es preliminar, a la espera del plazo de apelaci\u00f3n de 30 d\u00edas. Solo quienes presentaron comentarios sobre la solicitud inicial durante el plazo de 60 d\u00edas pueden presentar una apelaci\u00f3n. Dicha apelaci\u00f3n debe incluir una explicaci\u00f3n de por qu\u00e9 el Proyecto no cumple con los criterios del LIHI. Las solicitudes de apelaci\u00f3n pueden enviarse por correo electr\u00f3nico a <a href=\"#\">comments@lowimpacthydro.org<\/a> Con el asunto &quot;North Twin Project&quot;, o por correo postal dirigido al Instituto de Energ\u00eda Hidroel\u00e9ctrica de Bajo Impacto, 1167 Massachusetts Ave, Oficina 407, Arlington, MA 02476. Todas las solicitudes se publicar\u00e1n en el sitio web. El solicitante tendr\u00e1 la oportunidad de responder, y cualquier respuesta tambi\u00e9n se publicar\u00e1. <strong>Las solicitudes deben recibirse antes de las 5 p. m., hora del Este, el 3 de septiembre de 2021.<\/strong> La solicitud completa y el informe del revisor est\u00e1n disponibles a continuaci\u00f3n. Si no se reciben solicitudes de apelaci\u00f3n y la decisi\u00f3n es definitiva, el plazo de certificaci\u00f3n del Proyecto ser\u00e1 del 27 de mayo de 2021 al 26 de mayo de 2026.<\/p>\n<p><strong>28 de mayo de 2021:<\/strong> El Instituto de Energ\u00eda Hidroel\u00e9ctrica de Bajo Impacto (LIHI) ha recibido una solicitud completa para la Certificaci\u00f3n de Bajo Impacto del Proyecto Hidroel\u00e9ctrico North Twin. LIHI solicita comentarios p\u00fablicos sobre esta solicitud. En concreto, nos interesa saber si considera que el Proyecto cumple con los Criterios de Certificaci\u00f3n de Bajo Impacto de LIHI, revisados en la 2.\u00aa edici\u00f3n del Manual. Por favor, revise el programa y los criterios en la versi\u00f3n revisada de LIHI. <a href=\"https:\/\/lowimpacthydro.org\/wp-content\/uploads\/2020\/07\/2nd-Edition-Handbook-Rev.-2.04-2020-04-01.pdf\">Manual<\/a> y luego revise los materiales de solicitud del Proyecto a continuaci\u00f3n. Comentarios que est\u00e1n directamente relacionados con criterios espec\u00edficos de LIHI (caudales, calidad del agua, <span class='tooltipsall tooltip_post_id_5566 classtoolTips59'>paso de peces<\/span>, etc.) ser\u00e1n de gran ayuda, pero se tendr\u00e1n en cuenta todos los comentarios. Los comentarios pueden enviarse al Instituto por correo electr\u00f3nico a <a>comments@lowimpacthydro.org<\/a> con \u201cComentarios del Proyecto North Twin\u201d en la l\u00ednea de asunto, o por correo dirigido al Low Impact Hydropower Institute, 1167 Massachusetts Avenue, Arlington, MA 02476. <strong>Los comentarios deben recibirse antes de las 5 p. m., hora del Este, el <strong>27 de julio de 2021<\/strong> Para ser considerado.<\/strong> Todos los comentarios se publicar\u00e1n en el sitio web y el solicitante tendr\u00e1 la oportunidad de responder. Las respuestas tambi\u00e9n se publicar\u00e1n.<\/p>\n<hr \/>\n<h3>Archivos de certificaci\u00f3n<\/h3>\n<h4>Certificaci\u00f3n 2021<\/h4>\n<ul style=\"color: black;\">\n<li><a href=\"https:\/\/lowimpacthydro.org\/wp-content\/uploads\/2021\/08\/North-Twin-Certification-Review-Report.pdf\">Informe de revisi\u00f3n de la certificaci\u00f3n North Twin 2021<\/a><\/li>\n<li><a href=\"https:\/\/lowimpacthydro.org\/wp-content\/uploads\/2021\/05\/20210216-Initial-LIHI-Application-North-Twin.pdf\">Solicitud de certificaci\u00f3n North Twin 2021<\/a><\/li>\n<\/ul>\n<hr \/>\n<h3>Documentos clave<\/h3>\n<ul>\n<li><a href=\"https:\/\/lowimpacthydro.org\/wp-content\/uploads\/2024\/05\/1996-north-twin-FERC-license.pdf\">Licencia FERC de 1996<\/a><\/li>\n<li><a href=\"https:\/\/lowimpacthydro.org\/wp-content\/uploads\/2024\/05\/1996-Upper-Penobscot-FERC-EIS.pdf\">Declaraci\u00f3n final de impacto ambiental de la FERC de 1996<\/a><\/li>\n<li><a href=\"https:\/\/lowimpacthydro.org\/wp-content\/uploads\/2024\/05\/1993-north-twin-WQC.pdf\">Certificaci\u00f3n de calidad del agua de 1993<\/a><\/li>\n<\/ul>","protected":false},"excerpt":{"rendered":"<p>Project Name North Twin LIHI Certificate No. 183 LIHI Certificate Term May 27, 2021 &#8211; May 26, 2031 Owner Great Lakes Hydro America, LLC, a subsidiary<span class=\"excerpt-hellip\"> [\u2026]<\/span><\/p>\n","protected":false},"author":3,"featured_media":-1,"parent":0,"menu_order":0,"comment_status":"closed","ping_status":"closed","template":"","meta":{"_coblocks_attr":"","_coblocks_dimensions":"","_coblocks_responsive_height":"","_coblocks_accordion_ie_support":"","om_disable_all_campaigns":false,"_monsterinsights_skip_tracking":false,"_monsterinsights_sitenote_active":false,"_monsterinsights_sitenote_note":"","_monsterinsights_sitenote_category":0,"footnotes":""},"class_list":["post-4435","page","type-page","status-publish","has-post-thumbnail","hentry"],"aioseo_notices":[],"_links":{"self":[{"href":"https:\/\/lowimpacthydro.org\/es\/wp-json\/wp\/v2\/pages\/4435","targetHints":{"allow":["GET"]}}],"collection":[{"href":"https:\/\/lowimpacthydro.org\/es\/wp-json\/wp\/v2\/pages"}],"about":[{"href":"https:\/\/lowimpacthydro.org\/es\/wp-json\/wp\/v2\/types\/page"}],"author":[{"embeddable":true,"href":"https:\/\/lowimpacthydro.org\/es\/wp-json\/wp\/v2\/users\/3"}],"replies":[{"embeddable":true,"href":"https:\/\/lowimpacthydro.org\/es\/wp-json\/wp\/v2\/comments?post=4435"}],"version-history":[{"count":11,"href":"https:\/\/lowimpacthydro.org\/es\/wp-json\/wp\/v2\/pages\/4435\/revisions"}],"predecessor-version":[{"id":9708,"href":"https:\/\/lowimpacthydro.org\/es\/wp-json\/wp\/v2\/pages\/4435\/revisions\/9708"}],"wp:featuredmedia":[{"embeddable":true,"href":"https:\/\/lowimpacthydro.org\/es\/wp-json\/"}],"wp:attachment":[{"href":"https:\/\/lowimpacthydro.org\/es\/wp-json\/wp\/v2\/media?parent=4435"}],"curies":[{"name":"gracias","href":"https:\/\/api.w.org\/{rel}","templated":true}]}}