{"id":3746,"date":"2020-11-25T09:45:59","date_gmt":"2020-11-25T14:45:59","guid":{"rendered":"https:\/\/lowimpacthydro.org\/?page_id=3746"},"modified":"2025-08-05T13:53:00","modified_gmt":"2025-08-05T17:53:00","slug":"lihi-certificate-174-cross-power-hydroelectric-project-new-hampshire","status":"publish","type":"page","link":"https:\/\/lowimpacthydro.org\/es\/lihi-certificate-174-cross-power-hydroelectric-project-new-hampshire\/","title":{"rendered":"Certificado LIHI #174 \u2013 Proyecto Hidroel\u00e9ctrico Cross Power, Nuevo Hampshire"},"content":{"rendered":"<table class=\"alignright\" style=\"width: 351px; border: 2px; cellspacing: 2px; cellpadding: 2px; margin-left: 50px;\">\n<tbody>\n<tr>\n<td width=\"162\"><strong>Nombre del proyecto<\/strong><\/td>\n<td width=\"165\">Poder cruzado<\/td>\n<\/tr>\n<tr>\n<td width=\"162\"><strong>Certificado LIHI No.<\/strong><\/td>\n<td width=\"165\">174<\/td>\n<\/tr>\n<tr>\n<td width=\"162\"><strong>Plazo del certificado LIHI<\/strong><\/td>\n<td width=\"165\">31 de agosto de 2020 \u2013 30 de agosto de 2030<\/td>\n<\/tr>\n<tr>\n<td><strong>Due\u00f1o<\/strong><\/td>\n<td>Great Lakes Hydro America, LLC, una subsidiaria de Brookfield Renewable Energy Group<\/td>\n<\/tr>\n<tr>\n<td><strong>Estado<\/strong><\/td>\n<td>Nuevo Hampshire<\/td>\n<\/tr>\n<tr>\n<td><strong>Ubicaci\u00f3n<\/strong><\/td>\n<td>Milla fluvial 136,9 \u2013 R\u00edo Androscoggin<\/td>\n<\/tr>\n<tr>\n<td><strong>Capacidad instalada<\/strong><\/td>\n<td>3,22 MW<\/td>\n<\/tr>\n<tr>\n<td><strong>Generaci\u00f3n media anual<\/strong><\/td>\n<td>15.025 MWh<\/td>\n<\/tr>\n<tr>\n<td><strong>Tipo de instalaci\u00f3n<\/strong><\/td>\n<td>Flujo de r\u00edo<\/td>\n<\/tr>\n<tr>\n<td><strong><span class='tooltipsall tooltip_post_id_5565 classtoolTips152'>Comisi\u00f3n Federal de Comercio<\/span> No.<\/strong><\/td>\n<td>Cross Power P-2326<\/p>\n<p>Emitido en 1994, vence el 31\/07\/2024<\/td>\n<\/tr>\n<\/tbody>\n<\/table>\n<p>El Proyecto Cross Power se ubica en el r\u00edo Androscoggin, en el condado de Coos, al norte de Nuevo Hampshire. El r\u00edo Androscoggin atraviesa los estados de Nuevo Hampshire y Maine. Se une al r\u00edo Kennebec en la bah\u00eda Merrymeeting, en Maine, antes de desembocar en el golfo de Maine y posteriormente en el oc\u00e9ano Atl\u00e1ntico. La cuenca del r\u00edo Androscoggin alberga 19 proyectos hidroel\u00e9ctricos ubicados a lo largo de sus 286 kil\u00f3metros de longitud.<\/p>\n<p>El proyecto es uno de varios proyectos hidroel\u00e9ctricos dentro de un alcance de 11 millas del r\u00edo Androscoggin entre Berl\u00edn y Shelburne, New Hampshire, incluido el tramo aguas arriba. <a href=\"https:\/\/lowimpacthydro.org\/es\/lihi-certificate-173-sawmill-hydroelectric-project-new-hampshire\/\">Proyecto Aserradero (LIHI #173)<\/a> y proyectos posteriores: <a href=\"https:\/\/lowimpacthydro.org\/es\/lihi-certificate-188-cascade-project-new-hampshire\/\">Cascada (LIHI #188)<\/a>, <a href=\"https:\/\/lowimpacthydro.org\/es\/lihi-certificate-175-upper-gorham-hydroelectric-project-new-hampshire\/\">Alto Gorham (LIHI #175)<\/a>, <a href=\"https:\/\/lowimpacthydro.org\/es\/lihi-certificate-153-gorham-hydroelectric-project-new-hampshire\/\">Gorham (LIHI #153)<\/a>, y <a href=\"https:\/\/lowimpacthydro.org\/es\/lihi-certificate-176-shelburne-hydroelectric-project-new-hampshire\/\">Shelburne (LIHI #176)<\/a>.<\/p>\n<p>El poder de la cruz <span class='tooltipsall tooltip_post_id_5545 classtoolTips158'>presa<\/span> Se construy\u00f3 originalmente en 1903. Tiene 566 pies de largo con una altura m\u00e1xima de 20 pies y se compone de:<\/p>\n<ul style=\"color: black;\">\n<li>Secciones de hormig\u00f3n sin desbordamiento adosadas a un afloramiento de cornisa. Una secci\u00f3n contiene una abertura para troncos de retenci\u00f3n que se utiliza para el paso de los escombros acumulados. La otra secci\u00f3n se ubica desde el afloramiento hasta el... <span class='tooltipsall tooltip_post_id_5651 classtoolTips116'>aliviadero<\/span>.<\/li>\n<li>Una secci\u00f3n de aliviadero de 276 pies de largo con un nuevo dise\u00f1o de 42 pulgadas de alto <span class='tooltipsall tooltip_post_id_5569 classtoolTips79'>tableros de flash<\/span> Instalado en el oto\u00f1o de 2020.<\/li>\n<li>Una caseta de entrada de 5,8 metros de ancho por 37,5 metros de largo con cinco puestos. Cada puesto contiene cestos para basura de 6,6 metros de ancho por 5,7 metros de alto, con un espacio libre de 7,6 cm.<\/li>\n<li>Un muro de contenci\u00f3n de hormig\u00f3n que se extiende desde la puerta de entrada hasta el terrapl\u00e9n del r\u00edo.<\/li>\n<\/ul>\n<p>El <span class='tooltipsall tooltip_post_id_5624 classtoolTips102'>central el\u00e9ctrica<\/span> Se encuentra a 13 metros aguas abajo de la caseta de control. La central el\u00e9ctrica es una subestructura de hormig\u00f3n con una superestructura de ladrillo, con un a\u00f1adido en el lado de la costa aguas abajo que contiene cinco turbinas de h\u00e9lice horizontal con una capacidad instalada total de 3,22 MW.<\/p>\n<p>El proyecto opera en cuasi-<span class='tooltipsall tooltip_post_id_5643 classtoolTips52'>de pasada<\/span> El sistema embalsa un embalse de 22 acres. El embalse puede fluctuar en un rango de 6 pulgadas. Dado que el tramo de derivaci\u00f3n es muy corto, la central el\u00e9ctrica es esencial para la presa, y debido al remanso del Proyecto Cascade aguas abajo, no se especifica una liberaci\u00f3n m\u00ednima de caudal. El r\u00e9gimen de caudal se desarroll\u00f3 en consulta con el Servicio de Pesca y Vida Silvestre de los Estados Unidos (USFWS) y el Departamento de Servicios Ambientales de New Hampshire.<\/p>\n<p>Las aguas dentro del alcance del proyecto se clasifican como de Clase B, aptas para la pesca, la recreaci\u00f3n de contacto primario y el suministro de agua despu\u00e9s del tratamiento. Las aguas del proyecto est\u00e1n catalogadas como contaminadas debido a vertidos previos de varias f\u00e1bricas de papel. Dadas las operaciones de pasada, es improbable que el proyecto afecte negativamente la calidad del agua.<\/p>\n<p>El r\u00edo Androscoggin no es accesible para <span class='tooltipsall tooltip_post_id_5549 classtoolTips96'>di\u00e1dromo<\/span> Especies de peces en el alcance del proyecto. Especies como la s\u00e1balo americano, el arenque de lomo azul, la lubina rayada, la lamprea marina y el s\u00e1balo americano no est\u00e1n presentes en el \u00e1rea debido a las cascadas naturales r\u00edo abajo: Lewiston y Rumford Falls. La anguila americana est\u00e1 presente en los tramos inferiores del r\u00edo Androscoggin, aunque hist\u00f3ricamente ninguna ha llegado a las secciones superiores del r\u00edo. El \u00e1rea del proyecto sustenta el h\u00e1bitat de la pesca de agua fr\u00eda. El Departamento de Pesca y Caza de New Hampshire anualmente repobla truchas de arroyo, arco\u00edris y marrones r\u00edo arriba del proyecto. Las especies residentes del r\u00edo incluyen el pez de r\u00edo, la lubina de boca chica, el matalote blanco, el dace de hocico largo, el albur com\u00fan, el albur de cola moteada y la perca amarilla. El paso r\u00edo abajo puede ocurrir mediante el flujo del aliviadero, las liberaciones de compuertas de bajo nivel y el flujo de la toma de energ\u00eda a trav\u00e9s de las rejillas de basura. El proyecto no impide la finalizaci\u00f3n exitosa de los ciclos de vida de los peces residentes.<\/p>\n<p>Los terrenos del proyecto se limitan al \u00e1rea ocupada por la infraestructura. Las operaciones de pasada del proyecto y la limitada fluctuaci\u00f3n del embalse protegen las zonas costeras.<\/p>\n<p>Entre las especies amenazadas o en peligro de extinci\u00f3n que podr\u00edan estar presentes en las inmediaciones del proyecto se incluyen el murci\u00e9lago orejudo norte\u00f1o, el lince canadiense, el murci\u00e9lago de patas peque\u00f1as oriental, el murci\u00e9lago caf\u00e9 chico, el murci\u00e9lago tricolor, el \u00e1guila calva, la reinita de Cabo Mayo, el picogrueso vespertino, el mirlo herrumbroso, el zorzal de bosque, la tortuga de bosque, la marta americana, el halc\u00f3n peregrino y el chotacabras com\u00fan. Entre las especies vegetales se incluyen la twayblade aur\u00edculada, la cicely dulce de monta\u00f1a, la juncia de punta ovoide, la juncia parasol, la shinleaf rosada, la enramada de la virgen p\u00farpura, la orqu\u00eddea de hojas redondas, el helecho liso de acantilado, el ar\u00e1ndano enano, el helecho de bosque fragante, la twayblade de hojas de coraz\u00f3n y la hierba de sauce de Hornemann.<\/p>\n<p>Es poco probable que las especies de murci\u00e9lagos incluidas en la lista se vean afectadas por las operaciones del proyecto, ya que generalmente no se realizan actividades de desmonte ni mantenimiento del corredor. Se realizan algunas tareas de remoci\u00f3n de vegetaci\u00f3n y mantenimiento para garantizar la seguridad de la presa, pero dichas actividades se ajustan a la norma 4(d) del USFWS sobre la protecci\u00f3n del h\u00e1bitat de las especies de murci\u00e9lagos. La mayor\u00eda de las dem\u00e1s especies incluidas en la lista se han observado en las inmediaciones del proyecto, pero las operaciones de pasada y los l\u00edmites de fluctuaci\u00f3n del embalse mitigan cualquier impacto sobre estas especies.<\/p>\n<p>El \u00e1rea del proyecto no alberga ning\u00fan recurso hist\u00f3rico ni cultural conocido. Sin embargo, el proyecto opera bajo un Acuerdo Program\u00e1tico (AP) en consulta con la Oficina Estatal de Preservaci\u00f3n Hist\u00f3rica. El AP establece disposiciones que detallan el monitoreo y la presentaci\u00f3n de informes anuales sobre las actividades de reparaci\u00f3n y mejora realizadas, as\u00ed como las actividades programadas para el a\u00f1o siguiente.<\/p>\n<p>Los recursos recreativos del proyecto incluyen una zona de pesca en el canal de descarga. El acceso p\u00fablico es gratuito.<\/p>\n<hr \/>\n<h3>Estado de cumplimiento<\/h3>\n<p><strong>El Certificado incluye las siguientes condiciones espec\u00edficas de la instalaci\u00f3n:<\/strong><\/p>\n<p><strong>Condici\u00f3n 1:<\/strong> El Propietario de la instalaci\u00f3n deber\u00e1 informar a LIHI sobre el estado de la renovaci\u00f3n de la licencia del Proyecto, incluyendo estudios, presentaciones ante la FERC, consultas con la agencia de recursos, prescripciones y recomendaciones, y comentarios de la agencia sobre los resultados de los estudios. LIHI se reserva el derecho de modificar el Certificado o las condiciones en funci\u00f3n del resultado de la renovaci\u00f3n de la licencia.<\/p>\n<p><strong>2025:<\/strong> No se identificaron cambios sustanciales ni problemas de cumplimiento. El proyecto se mantiene en cumplimiento seg\u00fan la revisi\u00f3n anual. Para la Condici\u00f3n 1, el proyecto proporcion\u00f3 una actualizaci\u00f3n del estado y enlaces a los documentos de renovaci\u00f3n de licencias. La FERC emiti\u00f3 su Evaluaci\u00f3n Ambiental final el 7 de octubre de 2024 y el NHDES emiti\u00f3 una certificaci\u00f3n de calidad del agua el 19 de septiembre de 2024.<\/p>\n<p><strong>2024:<\/strong> No se identificaron cambios sustanciales ni problemas de cumplimiento. El proyecto se mantiene en cumplimiento seg\u00fan la revisi\u00f3n anual. Para la Condici\u00f3n 1, el proyecto proporcion\u00f3 una actualizaci\u00f3n del estado y enlaces a los documentos de renovaci\u00f3n de licencias. La FERC emiti\u00f3 su borrador de Evaluaci\u00f3n Ambiental el 23 de mayo de 2024. El proyecto report\u00f3 dos desviaciones de la cuenca hidrogr\u00e1fica, pero no infracciones de la FERC.<\/p>\n<p><strong>2023:<\/strong> No se identificaron cambios materiales ni problemas de cumplimiento. El proyecto sigue cumpliendo con los requisitos seg\u00fan la revisi\u00f3n anual. En cuanto a la condici\u00f3n 1, el proyecto no inform\u00f3 cambios en su estado.<\/p>\n<p><strong>2022:<\/strong> No se identificaron cambios sustanciales ni problemas de cumplimiento. El proyecto se mantiene en cumplimiento seg\u00fan la revisi\u00f3n anual. Para la Condici\u00f3n 1, el proyecto inform\u00f3 la presentaci\u00f3n de la solicitud final de renovaci\u00f3n de la licencia de la FERC el 29 de agosto de 2022.<\/p>\n<p><strong>2021:\u00a0<\/strong> No se reportaron cambios. El proyecto report\u00f3 una breve desviaci\u00f3n del caudal debido a un viaje en la estaci\u00f3n, lo cual no constituy\u00f3 una infracci\u00f3n de la FERC. El proyecto mantiene su cumplimiento seg\u00fan la revisi\u00f3n anual. Para la Condici\u00f3n 1, el proyecto inform\u00f3 la presentaci\u00f3n del informe inicial del estudio de renovaci\u00f3n de la licencia.<\/p>\n<p><strong>2020:<\/strong> La presentaci\u00f3n de informes anuales para el Certificado actual a\u00fan no ha entrado en vigor.<\/p>\n<hr \/>\n<h3>Historial de certificaciones<\/h3>\n<p><strong>1 de enero de 2022:<\/strong> El plazo del Certificado LIHI se ha extendido de acuerdo con la Revisi\u00f3n 2.05 del Manual de Certificaci\u00f3n LIHI 2.\u00aa Edici\u00f3n emitido el 1 de enero de 2022. Consulte la tabla de instalaciones anterior para conocer el nuevo plazo.<\/p>\n<p><strong>30 de noviembre de 2020:<\/strong> La decisi\u00f3n de certificar el Proyecto Cross Power qued\u00f3 firme tras el cierre del plazo de apelaciones el 27 de noviembre de 2020, sin que se presentaran apelaciones. El plazo de certificaci\u00f3n es del 31 de agosto de 2020 al 30 de agosto de 2025.<\/p>\n<p><strong>27 de octubre de 2020:<\/strong>El Instituto de Energ\u00eda Hidroel\u00e9ctrica de Bajo Impacto (LIHI) aprob\u00f3 preliminarmente la Certificaci\u00f3n de Bajo Impacto para los Proyectos Hidroel\u00e9ctricos Sawmill, Cross Power, Upper Gorham y Shelburne, ubicados en el r\u00edo Androscoggin, New Hampshire. Esta decisi\u00f3n es preliminar, a la espera del plazo de apelaci\u00f3n de 30 d\u00edas. Solo quienes comentaron sobre la solicitud inicial durante el plazo de 60 d\u00edas pueden presentar una apelaci\u00f3n. Dicha apelaci\u00f3n debe incluir una explicaci\u00f3n de por qu\u00e9 el Proyecto no cumple con los criterios del LIHI. Las solicitudes de apelaci\u00f3n para uno o m\u00e1s de estos proyectos pueden enviarse por correo electr\u00f3nico a <a href=\"mailto:comments@lowimpacthydro.org\">comments@lowimpacthydro.org<\/a> Con el asunto &quot;Proyectos del r\u00edo Androscoggin-NH&quot;, o por correo postal dirigido al Instituto de Energ\u00eda Hidroel\u00e9ctrica de Bajo Impacto, 329 Massachusetts Ave, Suite 6, Lexington, MA 02420. Todas las solicitudes se publicar\u00e1n en el sitio web. El solicitante tendr\u00e1 la oportunidad de responder, y cualquier respuesta tambi\u00e9n se publicar\u00e1. <strong>Las solicitudes deben recibirse antes de las 5 p. m., hora del Este, del 27 de noviembre de 2020.<\/strong>La solicitud completa y el informe de revisi\u00f3n est\u00e1n disponibles a continuaci\u00f3n. Si no se reciben solicitudes de apelaci\u00f3n, el per\u00edodo de certificaci\u00f3n para cada proyecto ser\u00e1 del 31 de agosto de 2020 al 30 de agosto de 2025.<\/p>\n<p><strong>13 de agosto de 2020:<\/strong> El Instituto de Energ\u00eda Hidroel\u00e9ctrica de Bajo Impacto (LIHI) ha recibido una solicitud completa para la Certificaci\u00f3n de Bajo Impacto de los Proyectos Hidroel\u00e9ctricos Sawmill, Cross Power, Upper Gorham y Shelburne, ubicados en el r\u00edo Androscoggin en New Hampshire. LIHI solicita comentarios p\u00fablicos sobre esta solicitud. En concreto, nos interesa saber si considera que los Proyectos cumplen con los Criterios de Certificaci\u00f3n de Bajo Impacto de LIHI, revisados en la 2.\u00aa edici\u00f3n del Manual. La solicitud se encuentra a continuaci\u00f3n. Los comentarios directamente relacionados con criterios espec\u00edficos de LIHI (caudales, calidad del agua, <span class='tooltipsall tooltip_post_id_5566 classtoolTips59'>paso de peces<\/span>, etc.) ser\u00e1n de gran ayuda, pero se tendr\u00e1n en cuenta todos los comentarios. Los comentarios pueden enviarse al Instituto por correo electr\u00f3nico a <a href=\"mailto:comments@lowimpacthydro.org\">comments@lowimpacthydro.org<\/a> con \u201cComentarios sobre el Proyecto Androscoggin River-NH\u201d en la l\u00ednea de asunto, o por correo dirigido al Low Impact Hydropower Institute, 329 Massachusetts Avenue, Suite 6, Lexington, MA 02420. <strong>Los comentarios deben recibirse antes de las 5 p. m., hora del Este, el 12 de octubre de 2020 para ser considerados.<\/strong> Todos los comentarios se publicar\u00e1n en el sitio web y el solicitante tendr\u00e1 la oportunidad de responder. Las respuestas tambi\u00e9n se publicar\u00e1n.<\/p>\n<hr \/>\n<h3>Archivos de certificaci\u00f3n<\/h3>\n<h4>Certificaci\u00f3n 2020<\/h4>\n<ul style=\"color: black;\">\n<li><a href=\"https:\/\/lowimpacthydro.org\/wp-content\/uploads\/2020\/11\/Berlin-NH-Projects-Certification-Review-2020.pdf\">Revisi\u00f3n de la certificaci\u00f3n de proyectos de NH en Berl\u00edn 2020<\/a><\/li>\n<li><a href=\"https:\/\/lowimpacthydro.org\/wp-content\/uploads\/2020\/12\/20200831-Berlin-NH-Revised-LIHI-Application.pdf\">Solicitud de certificaci\u00f3n de proyectos de Berl\u00edn NH 2020<\/a><\/li>\n<\/ul>\n<hr \/>\n<h3>Documentos clave<\/h3>\n<ul>\n<li><a href=\"https:\/\/lowimpacthydro.org\/wp-content\/uploads\/2020\/12\/1994-Cross-license.pdf\">Licencia FERC de Cross Power 1994<\/a><\/li>\n<li><a href=\"https:\/\/lowimpacthydro.org\/wp-content\/uploads\/2020\/12\/1993-Upper-Androscoggin-Basin-FERC-EIS.pdf\">Declaraci\u00f3n de Impacto Ambiental de la FERC de 1993 sobre la Cuenca Superior del Androscoggin<\/a><\/li>\n<li><a href=\"https:\/\/lowimpacthydro.org\/wp-content\/uploads\/2020\/12\/1991-Cross-WQC.pdf\">Certificado de calidad del agua de Cross Power 1991<\/a><\/li>\n<\/ul>","protected":false},"excerpt":{"rendered":"<p>Project Name Cross Power LIHI Certificate No. 174 LIHI Certificate Term August 31, 2020 &#8211; August 30, 2030 Owner Great Lakes Hydro America, LLC, a subsidiary<span class=\"excerpt-hellip\"> [\u2026]<\/span><\/p>\n","protected":false},"author":3,"featured_media":-1,"parent":0,"menu_order":0,"comment_status":"closed","ping_status":"closed","template":"","meta":{"_coblocks_attr":"","_coblocks_dimensions":"","_coblocks_responsive_height":"","_coblocks_accordion_ie_support":"","om_disable_all_campaigns":false,"_monsterinsights_skip_tracking":false,"_monsterinsights_sitenote_active":false,"_monsterinsights_sitenote_note":"","_monsterinsights_sitenote_category":0,"footnotes":""},"class_list":["post-3746","page","type-page","status-publish","has-post-thumbnail","hentry"],"aioseo_notices":[],"_links":{"self":[{"href":"https:\/\/lowimpacthydro.org\/es\/wp-json\/wp\/v2\/pages\/3746","targetHints":{"allow":["GET"]}}],"collection":[{"href":"https:\/\/lowimpacthydro.org\/es\/wp-json\/wp\/v2\/pages"}],"about":[{"href":"https:\/\/lowimpacthydro.org\/es\/wp-json\/wp\/v2\/types\/page"}],"author":[{"embeddable":true,"href":"https:\/\/lowimpacthydro.org\/es\/wp-json\/wp\/v2\/users\/3"}],"replies":[{"embeddable":true,"href":"https:\/\/lowimpacthydro.org\/es\/wp-json\/wp\/v2\/comments?post=3746"}],"version-history":[{"count":13,"href":"https:\/\/lowimpacthydro.org\/es\/wp-json\/wp\/v2\/pages\/3746\/revisions"}],"predecessor-version":[{"id":9874,"href":"https:\/\/lowimpacthydro.org\/es\/wp-json\/wp\/v2\/pages\/3746\/revisions\/9874"}],"wp:featuredmedia":[{"embeddable":true,"href":"https:\/\/lowimpacthydro.org\/es\/wp-json\/"}],"wp:attachment":[{"href":"https:\/\/lowimpacthydro.org\/es\/wp-json\/wp\/v2\/media?parent=3746"}],"curies":[{"name":"gracias","href":"https:\/\/api.w.org\/{rel}","templated":true}]}}