{"id":2601,"date":"2020-08-12T14:34:32","date_gmt":"2020-08-12T18:34:32","guid":{"rendered":"https:\/\/lowimpacthydro.org\/?page_id=2601"},"modified":"2025-11-10T10:55:20","modified_gmt":"2025-11-10T15:55:20","slug":"lihi-certificate-20-salmon-river-hydroelectric-project-new-york","status":"publish","type":"page","link":"https:\/\/lowimpacthydro.org\/es\/lihi-certificate-20-salmon-river-hydroelectric-project-new-york\/","title":{"rendered":"Certificado LIHI #20 \u2013 Proyecto Hidroel\u00e9ctrico del R\u00edo Salmon, Nueva York"},"content":{"rendered":"<table class=\"alignright\" style=\"width: 351px; border: 2px; cellspacing: 2px; cellpadding: 2px; margin-left: 50px;\">\n<tbody>\n<tr>\n<td style=\"width: 39.382%;\" width=\"238\"><strong>Nombre del proyecto<\/strong><\/td>\n<td style=\"width: 58.848%;\" width=\"264\">R\u00edo salm\u00f3n<\/td>\n<\/tr>\n<tr>\n<td style=\"width: 39.382%;\" width=\"238\"><strong>Certificado LIHI No.<\/strong><\/td>\n<td style=\"width: 58.848%;\" width=\"264\">20<\/td>\n<\/tr>\n<tr>\n<td style=\"width: 39.382%;\" width=\"238\"><strong>Plazo del certificado LIHI<\/strong><\/td>\n<td style=\"width: 58.848%;\" width=\"264\">14 de noviembre de 2021 \u2013 13 de noviembre de 2034<\/td>\n<\/tr>\n<tr>\n<td style=\"width: 39.382%;\" width=\"238\"><strong>Due\u00f1o<\/strong><\/td>\n<td style=\"width: 58.848%;\" width=\"264\">Erie Boulevard Hydropower, LP, una subsidiaria de Brookfield Renewable Energy Group<\/td>\n<\/tr>\n<tr>\n<td style=\"width: 39.382%;\" width=\"238\"><strong>Estado<\/strong><\/td>\n<td style=\"width: 58.848%;\" width=\"264\">Nueva York<\/td>\n<\/tr>\n<tr>\n<td style=\"width: 39.382%;\" width=\"238\"><strong>Ubicaci\u00f3n<\/strong><\/td>\n<td style=\"width: 58.848%;\" width=\"264\">Ubicado entre las millas 13.8 y 18 del r\u00edo Salmon en las ciudades de Redfield y Orwell, Oswego, Nueva York.<\/td>\n<\/tr>\n<tr>\n<td style=\"width: 39.382%;\" width=\"238\"><strong>Capacidad instalada<\/strong><\/td>\n<td style=\"width: 58.848%;\" width=\"264\"><strong>Total: 36,25 MW<\/strong><br \/>\nPuente de Bennett: 28,75 MW<br \/>\nColina del faro: 7,5 MW<\/td>\n<\/tr>\n<tr>\n<td style=\"width: 39.382%;\" width=\"238\"><strong>Generaci\u00f3n media anual<\/strong><\/td>\n<td style=\"width: 58.848%;\" width=\"264\">116.354 MWh<\/td>\n<\/tr>\n<tr>\n<td style=\"width: 39.382%;\" width=\"238\"><strong>Tipo de instalaci\u00f3n<\/strong><\/td>\n<td style=\"width: 58.848%;\" width=\"264\"><em>Puente de Bennett<\/em>:Tienda de temporada y de lanzamiento que opera en un <span class='tooltipsall tooltip_post_id_5617 classtoolTips132'>alcanzando su punto m\u00e1ximo<\/span> modo.<br \/>\n<em>Colina del faro<\/em>:Almacenamiento y liberaci\u00f3n que opera en modo re-regulador.<\/td>\n<\/tr>\n<tr>\n<td style=\"width: 39.382%;\" width=\"238\"><strong><span class='tooltipsall tooltip_post_id_5565 classtoolTips152'>Comisi\u00f3n Federal de Comercio<\/span> No.<\/strong><\/td>\n<td style=\"width: 58.848%;\" width=\"264\">P-11408 expedido en 1996, vence el 31\/01\/2036<\/td>\n<\/tr>\n<\/tbody>\n<\/table>\n<p>El Proyecto del r\u00edo Salmon consta de dos desarrollos a lo largo del r\u00edo Salmon en las ciudades de Redfield, Orwell y Oswego, Nueva York. El r\u00edo Salmon tiene una cuenca de drenaje de 285 millas cuadradas ubicada en la regi\u00f3n centro-norte del estado y desemboca en el lago Ontario en Port Ontario en el condado de Oswego. El plan operativo del proyecto se desarroll\u00f3 a trav\u00e9s de la Oferta de liquidaci\u00f3n del proyecto del r\u00edo Salmon (SRPSO) en consulta con el Departamento de Conservaci\u00f3n Ambiental del Estado de Nueva York (NYSDEC), New York Rivers United, Adirondack Mountain Club y Trout Unlimited. La SRPSO fue dise\u00f1ada para garantizar la operaci\u00f3n continua del proyecto con medidas de protecci\u00f3n ambiental a largo plazo y el equilibrio de los valores de energ\u00eda y no energ\u00eda en el r\u00edo Salmon. <span class='tooltipsall tooltip_post_id_5636 classtoolTips65'>Cuenca del r\u00edo<\/span>.<\/p>\n<p>El proyecto incluye dos desarrollos:<\/p>\n<ul style=\"color: black;\">\n<li>Desarrollo del Puente de Bennett: El <span class='tooltipsall tooltip_post_id_5545 classtoolTips158'>presa<\/span> Es un edificio de hormig\u00f3n de 607 pies de largo y 45 pies de alto. <span class='tooltipsall tooltip_post_id_5580 classtoolTips81'>presa de gravedad<\/span> con una estructura de entrada de hormig\u00f3n armado, de 92 pies de largo por 39,5 pies de ancho por 53 pies de alto. La presa est\u00e1 compuesta por una secci\u00f3n sin desbordamiento de 107 pies de largo, una secci\u00f3n sin compuerta de 244 pies de largo <span class='tooltipsall tooltip_post_id_5651 classtoolTips116'>aliviadero<\/span> Secci\u00f3n equipada con 2 pies de altura <span class='tooltipsall tooltip_post_id_5569 classtoolTips79'>tableros de flash<\/span>y una secci\u00f3n de aliviadero con compuerta de 256 pies de largo con once Tainter de 11,5 pies de alto por 20 pies de ancho. <span class='tooltipsall tooltip_post_id_5578 classtoolTips153'>puertas<\/span>La presa contiene un embalse con una superficie m\u00e1xima de 3550 acres, lo que crea un tramo de derivaci\u00f3n de 3,5 millas de largo. Tres diques de tierra de 100 pies, 1330 pies y 695 pies de largo se encuentran a lo largo de la costa sur del embalse. El sistema de conductos de 10 000 pies de largo consta de: una secci\u00f3n de t\u00fanel de hormig\u00f3n de 650 pies de largo y 12 pies de di\u00e1metro; una secci\u00f3n de tuber\u00eda de pl\u00e1stico reforzado de 7790 pies de largo y 12 pies de di\u00e1metro; una secci\u00f3n de tuber\u00eda de acero de 1200 pies de largo y 11,5 pies de di\u00e1metro; un tanque de compensaci\u00f3n de 105 pies de alto; un distribuidor de acero de 200 pies de largo y 12 pies de di\u00e1metro; y cuatro <span class='tooltipsall tooltip_post_id_5619 classtoolTips124'>tuber\u00edas forzadas<\/span>, cada uno de 330 pies de largo y 8 pies de di\u00e1metro, con v\u00e1lvulas de cierre y de aire asociadas. <span class='tooltipsall tooltip_post_id_5624 classtoolTips102'>central el\u00e9ctrica<\/span> Est\u00e1 hecho de hormig\u00f3n, ladrillo y acero, y contiene cuatro estructuras horizontales. <span class='tooltipsall tooltip_post_id_5576 classtoolTips39'>Turbina Francis<\/span>-unidades generadoras con una capacidad combinada de 28,75 MW.<\/li>\n<li>Desarrollo de Lighthouse Hill: La presa es una presa de gravedad de hormig\u00f3n de 382 pies de largo que consta de una secci\u00f3n sin desbordamiento de 155 pies de largo y 59 pies de alto, una secci\u00f3n de aliviadero sin compuertas de 43 pies de largo y 53 pies de alto controlada por tableros de descarga de 1 pie de alto, y una secci\u00f3n de aliviadero de 184 pies de largo y 46 pies de alto, con compuertas con ocho compuertas Tainter de 20 pies de ancho por 7 pies de alto equipadas con tableros de descarga de 1 pie de alto. La presa embalsa un embalse con una superficie m\u00e1xima de 170 acres que crea un tramo de derivaci\u00f3n de 0,57 millas de largo. El dique de tierra tiene 324 pies de largo y 40 pies de alto. El desarrollo tiene tres tuber\u00edas forzadas de hormig\u00f3n de 17 pies de ancho por 8 pies de alto por 62 pies de largo y una secci\u00f3n de compuerta de 15 pies de largo que conduce a la central el\u00e9ctrica. La central el\u00e9ctrica est\u00e1 construida de hormig\u00f3n, ladrillo y acero con una estructura de entrada que contiene dos unidades de turbina-generador Francis verticales y una unidad de turbina-generador de flujo ambiental. La capacidad combinada de todas las unidades es de 7,5 MW. La unidad generadora de flujo ambiental funciona para liberar continuamente durante todo el a\u00f1o. <span class='tooltipsall tooltip_post_id_5525 classtoolTips28'>flujos de base<\/span>El canal de descarga tiene 40 pies de ancho y 2.800 pies de largo.<\/li>\n<\/ul>\n<p>El proyecto funciona como una instalaci\u00f3n de almacenamiento y liberaci\u00f3n estacional en un modo pico en el desarrollo Bennett&#039;s Bridge y como una instalaci\u00f3n de almacenamiento y liberaci\u00f3n en un modo de re-regulaci\u00f3n en el desarrollo Lighthouse Hill. Los caudales son dictados por el SRPSO y un Equipo Asesor de Gesti\u00f3n de Caudales es responsable de evaluar las condiciones cambiantes que pueden afectar los caudales del r\u00edo y, por lo tanto, cambiar las operaciones de caudal del proyecto. El equipo est\u00e1 formado por NYSDEC, el Servicio de Pesca y Vida Silvestre de los Estados Unidos (USFWS), el Servicio de Parques Nacionales, la Oficina de Parques, Recreaci\u00f3n y Preservaci\u00f3n Hist\u00f3rica del Estado de Nueva York, American Whitewater, New York Rivers United, Trout Unlimited, Adirondack Mountain Club, Oswego County River Guides, Oswego County Federation of Sportsmen&#039;s Clubs, los legisladores del condado de Oswego, el alcalde de la aldea de Pulaski, el legislador del condado de Albion, el supervisor de la ciudad de Redfield, la C\u00e1mara de Comercio de Pulaski\/Eastern Shore, el Comit\u00e9 de Pesca del R\u00edo Salmon y el propietario del proyecto.<\/p>\n<p>El desarrollo del Puente Bennett proporciona un caudal m\u00ednimo continuo de 20 pies c\u00fabicos por segundo desde el 1 de julio hasta el 30 de septiembre y 7 pies c\u00fabicos por segundo el resto del a\u00f1o hacia el tramo de derivaci\u00f3n, con restricciones de aumento gradual del embalse que var\u00edan seg\u00fan el flujo de entrada. El desarrollo de Lighthouse Hill se opera de acuerdo con un <span class='tooltipsall tooltip_post_id_5642 classtoolTips89'>curva de regla<\/span> Proteger y mejorar los recursos acu\u00e1ticos, la calidad del agua, la pesca, los recursos est\u00e9ticos y los recursos recreativos. El desarrollo proporciona un caudal de 22 pies c\u00fabicos por segundo directamente al criadero de peces del r\u00edo Salmon.<\/p>\n<p>Las aguas dentro del alcance del proyecto est\u00e1n designadas como pesquer\u00edas de agua fr\u00eda que sustentan la trucha. Estas aguas son las m\u00e1s adecuadas para la pesca y todos los dem\u00e1s usos, excepto como fuente de suministro de agua para beber, con fines culinarios o de procesamiento de alimentos y como recreaci\u00f3n de contacto primario. El tramo del r\u00edo tambi\u00e9n est\u00e1 catalogado como deteriorado por <span class='tooltipsall tooltip_post_id_5616 classtoolTips157'>PCB<\/span> y Mirex, sedimentos contaminados. NYSDEC ha determinado que el proyecto no contribuye ni causa este deterioro.<\/p>\n<p>Hist\u00f3ricamente, el paso de peces en las inmediaciones del proyecto ha estado bloqueado por las cataratas naturales Salmon River Falls de 110 pies, ubicadas aproximadamente a 1 milla r\u00edo abajo del puente Bennett. Las agencias de recursos no han prescrito ninguna instalaci\u00f3n de paso en el proyecto. Los contenedores de basura se instalan en los desarrollos Lighthouse Hill y Bennett&#039;s Bridge con un espaciado de 1 pulgada y capas superpuestas de 1,5 pulgadas respectivamente.<\/p>\n<p>Las tierras del proyecto consisten principalmente en tierras forestales estatales, propiedad del estado de Nueva York y gestionadas por \u00e9l. Los embalses del proyecto tienen zonas de amortiguaci\u00f3n espec\u00edficas para fines de conservaci\u00f3n.<\/p>\n<p><strong>PLUS-Est\u00e1ndar:<\/strong> Gracias a esfuerzos voluntarios, el propietario del proyecto colabor\u00f3 con el Estado para desarrollar pr\u00e1cticas de uso de la tierra que sean compatibles con las propiedades estatales adyacentes. Se desarroll\u00f3 un Plan de Gesti\u00f3n del Uso de la Tierra (LUMP, por sus siglas en ingl\u00e9s) con NYSDEC, que brinda disposiciones de gesti\u00f3n para las costas y protege las propiedades no desarrolladas en el \u00e1rea. El propietario del proyecto tambi\u00e9n estableci\u00f3 y financia el Fondo de Mejora del R\u00edo Salmon, que apoya los esfuerzos realizados en el marco del LUMP para el r\u00edo Salmon.<\/p>\n<p>Las especies amenazadas o en peligro de extinci\u00f3n que podr\u00edan estar presentes en las inmediaciones del proyecto incluyen el \u00e1guila calva, el zampull\u00edn picogrueso, el murci\u00e9lago orejudo norte\u00f1o y el murci\u00e9lago de Indiana. El \u00e1guila calva es una especie transitoria ocasional en la zona, pero no se ve afectada por las operaciones del proyecto. Cualquier actividad con el potencial de afectar a las especies incluidas en la lista, como la tala, debe contar primero con la aprobaci\u00f3n y consulta del USFWS.<\/p>\n<p>Los recursos hist\u00f3ricos del proyecto incluyen la central el\u00e9ctrica, la presa y el tanque de reserva del puente Bennett. Se ha implementado un plan de gesti\u00f3n de propiedades hist\u00f3ricas en el proyecto que incluye disposiciones que exigen la presentaci\u00f3n de informes anuales sobre las actividades realizadas en el proyecto a la Oficina Estatal de Preservaci\u00f3n Hist\u00f3rica.<\/p>\n<p>Los recursos recreativos del proyecto incluyen \u00e1reas de picnic, acceso para pescar, rampas para botes, un \u00e1rea para acampar, se\u00f1alizaci\u00f3n interpretativa y senderos para caminatas. Adem\u00e1s, el propietario del proyecto proporciona permisos para actividades de navegaci\u00f3n en aguas bravas al menos cinco fines de semana al a\u00f1o. Los caudales de aguas bravas se proporcionan de la siguiente manera: un fin de semana en junio: 400 pies c\u00fabicos por segundo; dos fines de semana en julio: 750 pies c\u00fabicos por segundo; el primer fin de semana completo en agosto: 750 pies c\u00fabicos por segundo; y el primer fin de semana en septiembre: 750 pies c\u00fabicos por segundo. Los cronogramas de caudales est\u00e1n disponibles en <a href=\"https:\/\/safewaters.com\/facility\/lighthouse-hill\">https:\/\/safewaters.com\/facility\/lighthouse-hill<\/a>El acceso p\u00fablico se proporciona de forma gratuita.<\/p>\n<hr \/>\n<h3>Estado de cumplimiento<\/h3>\n<p><strong>En el Certificado actual no existen condiciones espec\u00edficas para ninguna instalaci\u00f3n.<\/strong><\/p>\n<p><strong>2025:<\/strong> No se identificaron cambios materiales ni problemas de cumplimiento. El proyecto sigue cumpliendo con los requisitos seg\u00fan la revisi\u00f3n anual.<\/p>\n<p><strong>2024:<\/strong> No se identificaron cambios materiales ni problemas de cumplimiento. El proyecto sigue cumpliendo con los requisitos seg\u00fan la revisi\u00f3n anual.<\/p>\n<p><strong>2023:<\/strong> No se identificaron cambios materiales ni problemas de cumplimiento. El proyecto sigue cumpliendo con los requisitos seg\u00fan la revisi\u00f3n anual.<\/p>\n<p><strong>2022:<\/strong> No se identificaron cambios materiales ni problemas de cumplimiento. El proyecto sigue cumpliendo con los requisitos seg\u00fan la revisi\u00f3n anual.<\/p>\n<p><strong>2021:<\/strong> El informe anual correspondiente al certificado actual a\u00fan no ha entrado en vigor.<\/p>\n<hr \/>\n<h3>Historial de certificaciones<\/h3>\n<p><strong>9 de marzo de 2022: <\/strong>El Instituto de Energ\u00eda Hidroel\u00e9ctrica de Bajo Impacto ha emitido una decisi\u00f3n final sobre la recertificaci\u00f3n del Proyecto del R\u00edo Salmon. El plazo de apelaci\u00f3n de 30 d\u00edas cerr\u00f3 el 19 de febrero de 2022 y no se presentaron apelaciones. Por lo tanto, la decisi\u00f3n de recertificar el proyecto ahora es definitiva. El nuevo plazo es del 14 de noviembre de 2021 al 13 de noviembre de 2034, de acuerdo con la extensi\u00f3n del plazo que entr\u00f3 en vigencia el 1 de enero de 2022 en la Revisi\u00f3n 2.05 del Manual de Certificaci\u00f3n de LIHI, 2.\u00aa Edici\u00f3n.<\/p>\n<p><strong>20 de enero de 2022:<\/strong> El Instituto de Energ\u00eda Hidroel\u00e9ctrica de Bajo Impacto (LIHI, por sus siglas en ingl\u00e9s) ha aprobado preliminarmente el Proyecto del R\u00edo Salmon para un nuevo per\u00edodo de 13 a\u00f1os de Certificaci\u00f3n de Bajo Impacto. Esta decisi\u00f3n es preliminar a la espera del per\u00edodo de apelaci\u00f3n de 30 d\u00edas. Solo aquellos que comentaron sobre la solicitud inicial durante el per\u00edodo de comentarios de 60 d\u00edas son elegibles para presentar una apelaci\u00f3n. Dicha apelaci\u00f3n debe incluir una explicaci\u00f3n de por qu\u00e9 el Proyecto no cumple con los criterios del LIHI. Las solicitudes de apelaci\u00f3n se pueden enviar por correo electr\u00f3nico a <a href=\"#\">comments@lowimpacthydro.org<\/a> con \u201cSalmon River Project\u201d en la l\u00ednea de asunto, o por correo dirigido al Low Impact Hydropower Institute, 1167 Massachusetts Ave, Office 407, Arlington, MA 02476. Todas las solicitudes se publicar\u00e1n en el sitio web. El solicitante tendr\u00e1 la oportunidad de responder y cualquier respuesta tambi\u00e9n se publicar\u00e1. <strong>Las solicitudes deben recibirse antes de las 5 p. m., hora del Este, el 19 de febrero de 2022.<\/strong> La solicitud completa y el informe del revisor est\u00e1n disponibles a continuaci\u00f3n. Si no se reciben solicitudes de apelaci\u00f3n y la decisi\u00f3n se vuelve definitiva, el per\u00edodo de certificaci\u00f3n del proyecto ser\u00e1 del 14 de noviembre de 2021 al 13 de noviembre de 2034.<\/p>\n<p><strong>27 de octubre de 2021:<\/strong> El Instituto de Energ\u00eda Hidroel\u00e9ctrica de Bajo Impacto (LIHI) ha recibido una solicitud de recertificaci\u00f3n completa de Erie Boulevard Hydropower, LP para el Proyecto del R\u00edo Salmon. LIHI est\u00e1 buscando comentarios sobre esta solicitud. Los comentarios que est\u00e9n directamente relacionados con criterios espec\u00edficos de LIHI (caudales, calidad del agua, <span class='tooltipsall tooltip_post_id_5566 classtoolTips59'>paso de peces<\/span>, etc.) ser\u00e1n de gran ayuda, pero se tendr\u00e1n en cuenta todos los comentarios. Los comentarios pueden enviarse a LIHI por correo electr\u00f3nico a <a href=\"#\">comments@lowimpacthydro.org<\/a> con \u201cComentarios sobre el Proyecto del R\u00edo Salmon\u201d en la l\u00ednea de asunto, o por correo dirigido al Low Impact Hydropower Institute, 1167 Massachusetts Avenue, Oficina 407, Arlington, MA 02476. <strong>Los comentarios deben recibirse en el Instituto antes de las 5 p. m., hora del Este, el 26 de diciembre de 2021 para ser considerados. <\/strong>Todos los comentarios se publicar\u00e1n en el sitio web y el solicitante tendr\u00e1 la oportunidad de responder. Las respuestas tambi\u00e9n se publicar\u00e1n. La solicitud completa se puede encontrar a continuaci\u00f3n.<\/p>\n<p><strong>8 de diciembre de 2014:<\/strong>\u00a0El Director Ejecutivo, Michael J. Sale, determin\u00f3 que el Proyecto Hidroel\u00e9ctrico del R\u00edo Salmon (FERC No. 11408), Certificado LIHI No. 20, cumple con los requisitos del Programa de Certificaci\u00f3n del Instituto de Energ\u00eda Hidroel\u00e9ctrica de Bajo Impacto (LIHI). La decisi\u00f3n de certificar el Proyecto Hidroel\u00e9ctrico del R\u00edo Salmon es por un per\u00edodo de 8 a\u00f1os, con vigencia a partir del 14 de noviembre de 2013 y vencimiento el 14 de noviembre de 2021.<\/p>\n<p><strong>18 de noviembre de 2013:<\/strong> Erie Boulevard Hydropower, LP ha presentado una solicitud de recertificaci\u00f3n del Proyecto del r\u00edo Salmon. Debido a un retraso administrativo, se ha concedido al certificado actual una pr\u00f3rroga de tres meses m\u00e1s all\u00e1 de la fecha de vencimiento del 14 de noviembre de 2013.<\/p>\n<p><strong>28 de marzo de 2006:<\/strong> El Proyecto Hidroel\u00e9ctrico del R\u00edo Salmon ha sido certificado como de bajo impacto por un per\u00edodo de ocho a\u00f1os, a partir del 14 de noviembre de 2005 y hasta el 14 de noviembre de 2013.<\/p>\n<p><strong>14 de noviembre de 2005:<\/strong> Se present\u00f3 una solicitud de certificaci\u00f3n del proyecto hidroel\u00e9ctrico del r\u00edo Salm\u00f3n.<\/p>\n<hr \/>\n<h3>Archivos de certificaci\u00f3n<\/h3>\n<h4>Recertificaci\u00f3n 2021<\/h4>\n<ul style=\"color: black;\">\n<li><a href=\"https:\/\/lowimpacthydro.org\/wp-content\/uploads\/2022\/01\/Salmon-River-Stage-II-Recertification-Review-2021.pdf\"> Informe de revisi\u00f3n de la recertificaci\u00f3n del r\u00edo Salmon 2021<\/a><\/li>\n<li><a href=\"https:\/\/lowimpacthydro.org\/wp-content\/uploads\/2021\/12\/Salmon-River-LIHI-Application_Stage-II_FINAL.pdf\"> Solicitud de recertificaci\u00f3n del r\u00edo Salmon 2021<\/a><\/li>\n<\/ul>\n<h4>Recertificaci\u00f3n 2013<\/h4>\n<ul style=\"color: black;\">\n<li><a href=\"https:\/\/lowimpacthydro.org\/wp-content\/uploads\/2020\/08\/Recertification-Review-FL.pdf\">Informe de revisi\u00f3n de la recertificaci\u00f3n del r\u00edo Salmon<\/a><\/li>\n<li><a href=\"https:\/\/lowimpacthydro.org\/wp-content\/uploads\/2023\/05\/Salmon-River-LIHI-Questionnaire-2013.doc\">Cuestionario sobre el r\u00edo Salmon<\/a><\/li>\n<li><a href=\"https:\/\/lowimpacthydro.org\/wp-content\/uploads\/2020\/08\/Brookfield-Response-to-Petition-20131031.pdf\">Respuesta de Brookfield a la petici\u00f3n 20131031<\/a><\/li>\n<li><a href=\"https:\/\/lowimpacthydro.org\/wp-content\/uploads\/2020\/08\/Pape-Salmon-River-Comments12212013.pdf\">Comentarios sobre el r\u00edo Pape Salmon 2013<\/a><\/li>\n<li><a href=\"https:\/\/lowimpacthydro.org\/wp-content\/uploads\/2020\/08\/ReservoirUsersPetition10182013.pdf\"><span class='tooltipsall tooltip_post_id_5633 classtoolTips103'>Dep\u00f3sito<\/span> Petici\u00f3n de los usuarios 2013<\/a><\/li>\n<\/ul>\n<h4>Certificaci\u00f3n 2005<\/h4>\n<ul style=\"color: black;\">\n<li><a href=\"https:\/\/lowimpacthydro.org\/wp-content\/uploads\/2020\/08\/Salmon-River-Review-Report-2-06-revised-3-23-06.doc\">Informe de revisi\u00f3n de la certificaci\u00f3n del r\u00edo Salmon<\/a><\/li>\n<li><a href=\"https:\/\/lowimpacthydro.org\/wp-content\/uploads\/2020\/08\/Salmon-River-LIHI-Questionairre-11-14-05.pdf\">Cuestionario sobre el r\u00edo Salmon<\/a><\/li>\n<li><a href=\"https:\/\/lowimpacthydro.org\/wp-content\/uploads\/2020\/08\/NY-General-land-Use-Policy.pdf\">Pol\u00edtica general de uso del suelo de Nueva York<\/a><\/li>\n<\/ul>\n<hr \/>\n<h3>Documentos clave<\/h3>\n<ul>\n<li><a href=\"https:\/\/lowimpacthydro.org\/wp-content\/uploads\/2023\/05\/FERC-License-EA-and-settlement-Salmon-River.pdf\">Licencia FERC del r\u00edo Salmon, evaluaci\u00f3n ambiental y acuerdo de conciliaci\u00f3n<\/a><\/li>\n<li><a href=\"https:\/\/lowimpacthydro.org\/wp-content\/uploads\/2020\/08\/11408_Salmon_WQC.pdf\">Certificado de calidad del agua del r\u00edo Salmon<\/a><\/li>\n<\/ul>","protected":false},"excerpt":{"rendered":"<p>Project Name Salmon River LIHI Certificate No. 20 LIHI Certificate Term November 14, 2021 &#8211; November 13, 2034 Owner Erie Boulevard Hydropower, LP, a subsidiary of<span class=\"excerpt-hellip\"> [\u2026]<\/span><\/p>\n","protected":false},"author":3,"featured_media":-1,"parent":0,"menu_order":0,"comment_status":"closed","ping_status":"closed","template":"","meta":{"_coblocks_attr":"","_coblocks_dimensions":"","_coblocks_responsive_height":"","_coblocks_accordion_ie_support":"","om_disable_all_campaigns":false,"_monsterinsights_skip_tracking":false,"_monsterinsights_sitenote_active":false,"_monsterinsights_sitenote_note":"","_monsterinsights_sitenote_category":0,"footnotes":""},"class_list":["post-2601","page","type-page","status-publish","has-post-thumbnail","hentry"],"aioseo_notices":[],"_links":{"self":[{"href":"https:\/\/lowimpacthydro.org\/es\/wp-json\/wp\/v2\/pages\/2601","targetHints":{"allow":["GET"]}}],"collection":[{"href":"https:\/\/lowimpacthydro.org\/es\/wp-json\/wp\/v2\/pages"}],"about":[{"href":"https:\/\/lowimpacthydro.org\/es\/wp-json\/wp\/v2\/types\/page"}],"author":[{"embeddable":true,"href":"https:\/\/lowimpacthydro.org\/es\/wp-json\/wp\/v2\/users\/3"}],"replies":[{"embeddable":true,"href":"https:\/\/lowimpacthydro.org\/es\/wp-json\/wp\/v2\/comments?post=2601"}],"version-history":[{"count":15,"href":"https:\/\/lowimpacthydro.org\/es\/wp-json\/wp\/v2\/pages\/2601\/revisions"}],"predecessor-version":[{"id":10155,"href":"https:\/\/lowimpacthydro.org\/es\/wp-json\/wp\/v2\/pages\/2601\/revisions\/10155"}],"wp:featuredmedia":[{"embeddable":true,"href":"https:\/\/lowimpacthydro.org\/es\/wp-json\/"}],"wp:attachment":[{"href":"https:\/\/lowimpacthydro.org\/es\/wp-json\/wp\/v2\/media?parent=2601"}],"curies":[{"name":"gracias","href":"https:\/\/api.w.org\/{rel}","templated":true}]}}