{"id":2480,"date":"2020-07-29T13:00:40","date_gmt":"2020-07-29T17:00:40","guid":{"rendered":"https:\/\/lowimpacthydro.org\/?page_id=2480"},"modified":"2025-11-24T13:45:17","modified_gmt":"2025-11-24T18:45:17","slug":"lihi-certificate-2-island-park-hydroelectric-project-idaho","status":"publish","type":"page","link":"https:\/\/lowimpacthydro.org\/es\/lihi-certificate-2-island-park-hydroelectric-project-idaho\/","title":{"rendered":"Certificado LIHI #2 \u2013 Proyecto Hidroel\u00e9ctrico Island Park, Idaho"},"content":{"rendered":"<table class=\"alignright\" style=\"width: 351px; border: 2px; cellspacing: 2px; cellpadding: 2px; margin-left: 50px;\">\n<tbody>\n<tr>\n<td style=\"width: 221px;\"><strong>Nombre del proyecto<\/strong><\/td>\n<td style=\"width: 221px;\">Parque de la isla<\/td>\n<\/tr>\n<tr>\n<td style=\"width: 221px;\"><strong>Certificado LIHI No.<br \/>\n<\/strong><\/td>\n<td style=\"width: 221px;\">2<\/td>\n<\/tr>\n<tr>\n<td style=\"width: 221px;\"><strong>Plazo del certificado LIHI<br \/>\n<\/strong><\/td>\n<td style=\"width: 221px;\">29 de diciembre de 2021 \u2013 28 de diciembre de 2031<\/td>\n<\/tr>\n<tr>\n<td style=\"width: 221px;\"><strong>Due\u00f1o<\/strong><\/td>\n<td style=\"width: 221px;\">Cooperativa El\u00e9ctrica Rural Fall River, Inc.<\/td>\n<\/tr>\n<tr>\n<td style=\"width: 221px;\"><strong>Estado<\/strong><\/td>\n<td style=\"width: 221px;\">Idaho<\/td>\n<\/tr>\n<tr>\n<td style=\"width: 221px;\"><strong>Ubicaci\u00f3n<\/strong><\/td>\n<td style=\"width: 221px;\">Ubicado en la milla fluvial 91 en Henry&#039;s Fork del r\u00edo Snake, 0,4 millas r\u00edo arriba de su confluencia con el r\u00edo Buffalo y aproximadamente 40 millas al norte de Ashton en el condado de Fremont, Idaho.<\/td>\n<\/tr>\n<tr>\n<td style=\"width: 221px;\"><strong>Capacidad instalada<\/strong><\/td>\n<td style=\"width: 221px;\">4,8 MW<\/td>\n<\/tr>\n<tr>\n<td style=\"width: 221px;\"><strong>Generaci\u00f3n media anual<\/strong><\/td>\n<td style=\"width: 221px;\">18.537 MWh<\/td>\n<\/tr>\n<tr>\n<td style=\"width: 221px;\"><strong>Tipo de instalaci\u00f3n<\/strong><\/td>\n<td style=\"width: 221px;\">Ejecuci\u00f3n de la liberaci\u00f3n<\/td>\n<\/tr>\n<tr>\n<td style=\"width: 221px;\"><strong><span class='tooltipsall tooltip_post_id_5565 classtoolTips152'>Comisi\u00f3n Federal de Comercio<\/span> No.<\/strong><\/td>\n<td style=\"width: 221px;\">P-2973 emitido en 1988, vence el 30\/09\/2038<\/td>\n<\/tr>\n<\/tbody>\n<\/table>\n<p>El proyecto Island Park es un proyecto de lanzamiento continuo. <span class='tooltipsall tooltip_post_id_5551 classtoolTips110'>desviaci\u00f3n<\/span> proyecto ubicado en la Oficina de Recuperaci\u00f3n de los Estados Unidos (USBR) <span class='tooltipsall tooltip_post_id_5545 classtoolTips158'>presa<\/span> que represa el embalse de Island Park, de 3194 hect\u00e1reas, en la bifurcaci\u00f3n Henry del r\u00edo Snake. El r\u00edo nace en la desembocadura del lago Henry, ubicado en las monta\u00f1as de la Divisoria Continental. Otras presas en las inmediaciones del proyecto incluyen <a href=\"https:\/\/lowimpacthydro.org\/es\/lihi-certificate-21-buffalo-river-hydroelectric-project-idaho\/\">R\u00edo Buffalo (LIHI #21)<\/a> Ubicado justo aguas arriba de la confluencia del r\u00edo Buffalo con Henry&#039;s Fork aguas abajo de la salida de Island Park. <span class='tooltipsall tooltip_post_id_5633 classtoolTips103'>Dep\u00f3sito<\/span>, y m\u00e1s abajo el <a href=\"https:\/\/lowimpacthydro.org\/es\/lihi-certificate-61-ashton-hydroelectric-project-idaho\/\">Proyecto Ashton (LIHI #61)<\/a> y el r\u00edo abajo <a href=\"https:\/\/lowimpacthydro.org\/es\/lihi-certificate-131-chester-diversion-hydroelectric-project-idaho\/\">Chester <span class=\"tooltipsall tooltip_post_id_5551 classtoolTips104\" data-hasqtip=\"39\"><span class='tooltipsall tooltip_post_id_5551 classtoolTips110'>Desviaci\u00f3n<\/span><\/span> Proyecto (LIHI #131<\/a>.<\/p>\n<p>La presa y el embalse no forman parte del proyecto hidroel\u00e9ctrico. Dado que USBR tiene control total sobre las descargas de la presa, el proyecto no exige un caudal m\u00ednimo. El proyecto s\u00ed prev\u00e9 descargas de caudal gradual de 30 a 35 pies c\u00fabicos por segundo (cfs) por media hora y descargas no superiores a 50 pies c\u00fabicos por segundo (cfs) por media hora. Este r\u00e9gimen de caudal se desarroll\u00f3 por recomendaci\u00f3n del Departamento de Pesca y Caza de Idaho.<\/p>\n<p>Las aguas dentro del alcance del proyecto se clasifican como Categor\u00eda 3, Aguas No Evaluadas, en el embalse y el segmento r\u00edo abajo. El \u00e1rea del proyecto se gestiona para sustentar la vida acu\u00e1tica, en particular las comunidades de aguas fr\u00edas, as\u00ed como para la recreaci\u00f3n de contacto primario, el suministro de agua para uso dom\u00e9stico y el desove de salm\u00f3nidos. Una instalaci\u00f3n de aireaci\u00f3n garantiza que las concentraciones de ox\u00edgeno disuelto en el agua aumenten a medida que pasan por el proyecto. Esta instalaci\u00f3n retiene el agua durante dos minutos en los caudales m\u00e1ximos y a\u00f1ade 11.330 kg de ox\u00edgeno al agua diariamente. Las descargas tambi\u00e9n se modulan para lograr una temperatura \u00f3ptima mezclando agua de la superficie del embalse con agua m\u00e1s fr\u00eda de aguas m\u00e1s profundas.<\/p>\n<p>En la d\u00e9cada de 1930, la construcci\u00f3n del r\u00edo Buffalo <span class='tooltipsall tooltip_post_id_5545 classtoolTips158'>Presa<\/span> bloque\u00f3 el paso aguas arriba hacia el r\u00edo Buffalo. Adem\u00e1s, existen barreras naturales aguas abajo en el r\u00edo Snake que hist\u00f3ricamente han bloqueado <span class='tooltipsall tooltip_post_id_5549 classtoolTips96'>di\u00e1dromo<\/span> Acceso de peces al \u00e1rea del proyecto. La bifurcaci\u00f3n Henrys alberga poblaciones de trucha arco\u00edris, trucha de arroyo, cor\u00e9gono de monta\u00f1a y varias especies no cineg\u00e9ticas. La toma del proyecto cuenta con una malla de 9,5 mm que limita la migraci\u00f3n de peces del embalse hacia la pesquer\u00eda de agua fr\u00eda aguas abajo. La cuenca de aireaci\u00f3n oxigena el agua descargada, promueve la supervivencia de los peces y mantiene el h\u00e1bitat bajo la presa.<\/p>\n<p>Los terrenos del proyecto abarcan 1,2 acres, propiedad del Servicio Forestal de los Estados Unidos (USFS). Dado que el \u00e1rea del proyecto es de propiedad federal (USFW o USBR), el proyecto no tiene ninguna obligaci\u00f3n de control ni gesti\u00f3n territorial en lo que respecta a la costa del embalse. <span class='tooltipsall tooltip_post_id_5619 classtoolTips124'>compuerta<\/span> y las l\u00edneas de transmisi\u00f3n est\u00e1n enterradas y los materiales de construcci\u00f3n y colores se mezclan con el \u00e1rea circundante para proteger los valores est\u00e9ticos.<\/p>\n<p>Entre las especies amenazadas o en peligro de extinci\u00f3n que podr\u00edan estar presentes en las inmediaciones del proyecto se encuentran el oso grizzly y el lince canadiense. El Departamento de Pesca y Caza de Idaho (IDFG) ha confirmado la presencia de estas especies en las inmediaciones del proyecto. Se ha implementado un plan de recuperaci\u00f3n del oso grizzly, cuyas operaciones no interfieren con dicho plan. Tras consultar con el IDFG y el USFWS, el proyecto no afecta negativamente a ninguna de las especies incluidas en la lista.<\/p>\n<p>No se han identificado recursos culturales ni hist\u00f3ricos para el proyecto. La presa de Island Park es elegible para su inclusi\u00f3n en la lista de <span class='tooltipsall tooltip_post_id_5606 classtoolTips1'>Registro Nacional de Lugares Hist\u00f3ricos<\/span> Por su contribuci\u00f3n al desarrollo hist\u00f3rico del noreste de Idaho. La Oficina Estatal de Preservaci\u00f3n Hist\u00f3rica ha concluido que el proyecto hidroel\u00e9ctrico no afecta los recursos culturales ni hist\u00f3ricos de la zona, aunque se requiere consulta si el proyecto planea realizar actividades de desmonte o alteraci\u00f3n de tierras en el futuro.<\/p>\n<p>Los recursos recreativos del proyecto incluyen una rampa para embarcaciones, una plataforma de pesca, se\u00f1alizaci\u00f3n interpretativa y una ruta de senderismo. Estas instalaciones son inspeccionadas anualmente por el Servicio Forestal de los Estados Unidos (USFS) como parte del permiso de uso especial con el que opera el proyecto. El acceso p\u00fablico es gratuito.<\/p>\n<hr \/>\n<h3>Estado de cumplimiento<\/h3>\n<p><strong>El Certificado incluye las siguientes condiciones espec\u00edficas de la instalaci\u00f3n:<\/strong><\/p>\n<p><strong>Condici\u00f3n 1:<\/strong> El propietario de la instalaci\u00f3n incluir\u00e1 un an\u00e1lisis de la medici\u00f3n y el informe de la tasa de aumento gradual en las reuniones anuales de las partes interesadas y proporcionar\u00e1 a LIHI, en las declaraciones anuales de cumplimiento, un resumen de la reuni\u00f3n anual y cualquier comentario o inquietud de las partes interesadas sobre las tasas de aumento gradual. Si la FERC requiere informes adicionales sobre la desviaci\u00f3n de la tasa de aumento gradual o modificaciones al plan de tasa de aumento gradual vigente durante el plazo de la Certificaci\u00f3n de LIHI, el propietario de la instalaci\u00f3n proporcionar\u00e1 a LIHI toda la correspondencia relacionada y una copia de cualquier plan revisado aprobado por la FERC dentro de los 60 d\u00edas posteriores a su aprobaci\u00f3n.<\/p>\n<p><strong><em>Condici\u00f3n satisfecha en 2025.<\/em> Condici\u00f3n 2:<\/strong> En sus informes anuales de cumplimiento, el propietario de la instalaci\u00f3n deber\u00e1 proporcionar una actualizaci\u00f3n sobre el programa temporal quinquenal de pruebas de l\u00edmites de ox\u00edgeno disuelto (OD), cuya finalizaci\u00f3n est\u00e1 prevista para octubre de 2024. El objetivo de este programa temporal es corregir las diferencias entre las normas estatales de calidad del agua y los requisitos de la Licencia de la FERC. Si este programa da lugar a la adopci\u00f3n permanente de nuevos niveles de OD, el propietario deber\u00e1 presentar la documentaci\u00f3n de la FERC que modifique estos requisitos, as\u00ed como la aprobaci\u00f3n, tanto de la FERC como del USFS, del Plan revisado que requiere dicha aprobaci\u00f3n. LIHI se reserva el derecho de revisar la certificaci\u00f3n y\/o modificar o a\u00f1adir condiciones seg\u00fan el resultado final de este asunto.<\/p>\n<p><strong>2025:<\/strong> No se identificaron cambios sustanciales ni problemas significativos de cumplimiento. El proyecto se mantiene en cumplimiento seg\u00fan la revisi\u00f3n anual. Para la Condici\u00f3n 1, el proyecto proporcion\u00f3 documentaci\u00f3n de los informes presentados y la satisfacci\u00f3n de las partes interesadas con las operaciones actuales. Para la Condici\u00f3n 2, la FERC modific\u00f3 el art\u00edculo 401 de la licencia para que los l\u00edmites temporales de DO sean permanentes: 7 mg\/L en marzo, 8 mg\/L en abril y mayo, 7 mg\/L en junio y 6 mg\/L en julio-febrero. La FERC indic\u00f3 que el proyecto no necesita revisar su plan de monitoreo, por lo que cumple con la condici\u00f3n.<\/p>\n<p><strong>2024:<\/strong> No se identificaron cambios sustanciales ni problemas de cumplimiento significativos. El proyecto mantiene su cumplimiento seg\u00fan la revisi\u00f3n anual. Para la Condici\u00f3n 1, el proyecto proporcion\u00f3 documentaci\u00f3n de los informes presentados y la satisfacci\u00f3n de las partes interesadas con las operaciones actuales. Para la Condici\u00f3n 2, el proyecto present\u00f3 una solicitud a la FERC, con la aprobaci\u00f3n de la agencia, para que los l\u00edmites temporales de DO se convirtieran en permanentes.<\/p>\n<p><strong>2023:<\/strong> No se identificaron cambios sustanciales ni problemas de cumplimiento significativos. El proyecto mantiene su cumplimiento seg\u00fan la revisi\u00f3n anual. Para las Condiciones 1 y 2, el proyecto proporcion\u00f3 documentaci\u00f3n de los informes presentados y la satisfacci\u00f3n de las partes interesadas con las operaciones actuales.<\/p>\n<p><strong>2022:<\/strong> No se identificaron cambios sustanciales ni problemas de cumplimiento significativos. El proyecto se mantiene en cumplimiento seg\u00fan la revisi\u00f3n anual. Se inform\u00f3 a la FERC sobre una desviaci\u00f3n breve del ox\u00edgeno disuelto debido a un mal funcionamiento del equipo de aireaci\u00f3n. Para las Condiciones 1 y 2, el proyecto proporcion\u00f3 documentaci\u00f3n que demostraba la satisfacci\u00f3n de las partes interesadas con las operaciones actuales.<\/p>\n<p><strong>2021:<\/strong> La presentaci\u00f3n de informes anuales para el Certificado actual a\u00fan no ha entrado en vigor.<\/p>\n<hr \/>\n<h3>Historial de certificaciones<\/h3>\n<p><strong>8 de julio de 2022:<\/strong> El Instituto de Energ\u00eda Hidroel\u00e9ctrica de Bajo Impacto (LIHI) ha emitido una decisi\u00f3n final sobre la recertificaci\u00f3n del Proyecto Island Park. El plazo de apelaci\u00f3n de 30 d\u00edas finaliz\u00f3 el 2 de julio de 2022 y no se presentaron apelaciones. Por lo tanto, la decisi\u00f3n de recertificar el proyecto es definitiva. El nuevo plazo es del 29 de diciembre de 2021 al 28 de diciembre de 2031, de acuerdo con la extensi\u00f3n del plazo que entr\u00f3 en vigor el 1 de enero de 2022 en la Revisi\u00f3n 2.05 del LIHI 2.<sup>Dakota del Norte<\/sup> Edici\u00f3n Manual de Certificaci\u00f3n.<\/p>\n<p><strong>2 de junio de 2022:<\/strong> El Instituto de Energ\u00eda Hidroel\u00e9ctrica de Bajo Impacto (LIHI) ha aprobado preliminarmente el Proyecto Island Park para un nuevo per\u00edodo de 10 a\u00f1os de Certificaci\u00f3n de Bajo Impacto. Esta decisi\u00f3n es preliminar, a la espera del plazo de apelaci\u00f3n de 30 d\u00edas. Solo quienes comentaron sobre la solicitud inicial durante el plazo de 60 d\u00edas pueden presentar una apelaci\u00f3n. Dicha apelaci\u00f3n debe incluir una explicaci\u00f3n de por qu\u00e9 el Proyecto no cumple con los criterios del LIHI. Las solicitudes de apelaci\u00f3n pueden enviarse por correo electr\u00f3nico a <a href=\"https:\/\/lowimpacthydro.org\/es\/lihi-certificate-77-winooski-8-hydroelectric-project-vermont\/\">comments@lowimpacthydro.org<\/a> Con el asunto &quot;Island Park Project&quot;, o por correo postal dirigido al Instituto de Energ\u00eda Hidroel\u00e9ctrica de Bajo Impacto, 1167 Massachusetts Ave, Oficina 407, Arlington, MA 02476. Todas las solicitudes se publicar\u00e1n en el sitio web. El solicitante tendr\u00e1 la oportunidad de responder, y cualquier respuesta tambi\u00e9n se publicar\u00e1. <strong>Las solicitudes deben recibirse antes de las 5 p. m., hora del Este, el 2 de julio de 2022.<\/strong> La solicitud completa y el informe del revisor est\u00e1n disponibles a continuaci\u00f3n. Si no se reciben solicitudes de apelaci\u00f3n y la decisi\u00f3n es definitiva, el plazo de certificaci\u00f3n del Proyecto ser\u00e1 del 29 de diciembre de 2021 al 28 de diciembre de 2031.<\/p>\n<p><strong>4 de enero de 2022:<\/strong> El Instituto de Energ\u00eda Hidroel\u00e9ctrica de Bajo Impacto (LIHI) recibi\u00f3 una solicitud de recertificaci\u00f3n completa de la Cooperativa El\u00e9ctrica Rural de Fall River para el Proyecto Island Park. LIHI solicita comentarios sobre esta solicitud. Los comentarios directamente relacionados con criterios espec\u00edficos de LIHI (caudales, calidad del agua, <span class='tooltipsall tooltip_post_id_5566 classtoolTips59'>paso de peces<\/span>, etc.) ser\u00e1n de gran ayuda, pero se tendr\u00e1n en cuenta todos los comentarios. Los comentarios pueden enviarse a LIHI por correo electr\u00f3nico a <a href=\"#\">comments@lowimpacthydro.org<\/a> con \u201cComentarios del Proyecto Island Park\u201d en la l\u00ednea de asunto, o por correo dirigido al Low Impact Hydropower Institute, 1167 Massachusetts Avenue, Oficina 407, Arlington, MA 02476. <strong>Los comentarios deben recibirse en el Instituto antes de las 5 p. m., hora del Este, el 5 de marzo de 2022 para ser considerados.<\/strong> Todos los comentarios se publicar\u00e1n en el sitio web y el solicitante tendr\u00e1 la oportunidad de responder. Las respuestas tambi\u00e9n se publicar\u00e1n. La solicitud completa se puede encontrar a continuaci\u00f3n.<\/p>\n<p><strong>29 de enero de 2018<\/strong>El plazo de apelaci\u00f3n para la Decisi\u00f3n Preliminar de Certificaci\u00f3n del proyecto hidroel\u00e9ctrico Island Park ha finalizado sin solicitudes de apelaci\u00f3n. Por lo tanto, la decisi\u00f3n es definitiva. Island Park cuenta con el Certificado LIHI #2.<\/p>\n<p><strong>27 de diciembre de 2017<\/strong>:El Proyecto Hidroel\u00e9ctrico Island Park, ID (LIHI #2) en Henry&#039;s Fork del r\u00edo Snake en Idaho, ha recibido la Certificaci\u00f3n preliminar de Bajo Impacto.<\/p>\n<p>La Certificaci\u00f3n del Proyecto Hidroel\u00e9ctrico Island Park incluye la siguiente condici\u00f3n:<\/p>\n<ul style=\"color: black;\">\n<li><strong><em>Condici\u00f3n modificada en la recertificaci\u00f3n de 2022<\/em>. Condici\u00f3n 1:<\/strong>\u00a0En su informe anual de cumplimiento, el Propietario informar\u00e1 sobre cualquier Orden o correspondencia de la FERC en respuesta a la notificaci\u00f3n del Agente del Propietario a la FERC, con fecha del 13 de diciembre de 2017, relativa al estado del art\u00edculo 401 de la licencia y las mediciones de ox\u00edgeno disuelto. El Propietario proporcionar\u00e1 una actualizaci\u00f3n del estado de avance en la correcci\u00f3n de las diferencias entre los est\u00e1ndares estatales de calidad del agua y los requisitos de la licencia de la FERC junto con la declaraci\u00f3n anual de cumplimiento presentada a LIHI. LIHI se reserva el derecho de revisar o cancelar la certificaci\u00f3n, o de modificar o a\u00f1adir condiciones en funci\u00f3n del resultado de estos asuntos.<\/li>\n<\/ul>\n<p>Seg\u00fan lo estipulado en el Manual de Certificaci\u00f3n de LIHI, la decisi\u00f3n preliminar tendr\u00e1 un plazo de 30 d\u00edas para apelarla. Quienes hayan presentado comentarios durante el plazo de 60 d\u00edas para comentarios p\u00fablicos podr\u00e1n presentar solicitudes de apelaci\u00f3n. Toda apelaci\u00f3n debe incluir razones espec\u00edficas por las que el apelante considera que la instalaci\u00f3n hidroel\u00e9ctrica no cumple uno o m\u00e1s criterios. Las solicitudes de apelaci\u00f3n pueden enviarse por correo electr\u00f3nico a <a href=\"mailto:comments@lowimpacthydropower.org?subject=Appeal%20Request%3A\" target=\"_blank\" rel=\"noopener noreferrer\" data-cke-saved-href=\"mailto:comments@lowimpacthydropower.org?subject=Appeal%20Request%3A\">comments@lowimpacthydro.org<\/a> Con el asunto &quot;Proyecto Hidroel\u00e9ctrico Island Park&quot;, o por correo postal dirigido al Instituto de Energ\u00eda Hidroel\u00e9ctrica de Bajo Impacto, 329 Massachusetts Ave, Suite 2, Lexington, MA 02420. Todas las solicitudes se publicar\u00e1n en este sitio web y el solicitante tendr\u00e1 la oportunidad de responder. Cualquier respuesta tambi\u00e9n se publicar\u00e1. <strong>Las solicitudes deben recibirse antes de las 5 p. m. EST del 26 de enero de 2018.<\/strong>Puede encontrar m\u00e1s detalles sobre el proceso de apelaci\u00f3n en nuestro manual. <a href=\"http:\/\/lowimpacthydro.org\/wp-content\/uploads\/2016\/03\/2nd-edition-handbook-20160315-rev2.02-7-20-16.pdf\" target=\"_blank\" rel=\"noopener noreferrer\" data-cke-saved-href=\"http:\/\/lowimpacthydro.org\/wp-content\/uploads\/2016\/03\/2nd-edition-handbook-20160315-rev2.02-7-20-16.pdf\">AQU\u00cd.<\/a><\/p>\n<p><strong>30 de diciembre de 2016<\/strong> El 23 de diciembre de 2016, el Instituto de Energ\u00eda Hidroel\u00e9ctrica de Bajo Impacto (LIHI) recibi\u00f3 una solicitud completa de la Cooperativa El\u00e9ctrica Rural Fall River, Inc., para la Certificaci\u00f3n de Bajo Impacto del Proyecto Hidroel\u00e9ctrico Island Park, previamente certificado (FERC n.\u00b0 2973), ubicado en la bifurcaci\u00f3n Henry del r\u00edo Snake, aproximadamente en la milla fluvial (RM) 91, 0,6 km aguas arriba de su confluencia con el r\u00edo Buffalo y aproximadamente 64 km al norte de Ashton, en el condado de Fremont, Idaho. LIHI solicita comentarios del p\u00fablico sobre esta solicitud. En concreto, nos interesa saber si considera que el proyecto Island Park cumple con los Criterios de Certificaci\u00f3n de Bajo Impacto de LIHI. La solicitud de Island Park est\u00e1 sujeta a revisi\u00f3n seg\u00fan los Criterios del Manual de Certificaci\u00f3n de LIHI de 2014. Consulte el programa y los criterios en el Manual de Certificaci\u00f3n de LIHI de 2014.\u00a0<a href=\"https:\/\/lowimpacthydro.org\/wp-content\/uploads\/2014\/08\/LIHI_Handbook_20140409_wAppC20150101.pdf\" target=\"_blank\" rel=\"noopener noreferrer\">Manual<\/a>\u00a0y luego revise los materiales de solicitud del Proyecto para 2016, publicados en la p\u00e1gina del proyecto. Los comentarios directamente relacionados con criterios espec\u00edficos del LIHI (caudales, calidad del agua, paso de peces, etc.) ser\u00e1n de gran ayuda, pero todos los comentarios ser\u00e1n considerados. Los comentarios pueden enviarse al Instituto por correo electr\u00f3nico a\u00a0<a href=\"mailto:comments@lowimpacthydro.org\" target=\"_blank\" rel=\"noopener noreferrer\" data-cke-saved-href=\"mailto:dhall@lowimpacthydro.org?subject=Raquette%20Project%20Comments\">comments@lowimpacthydro.org<\/a>\u00a0con \u201cComentarios del Proyecto Island Park\u201d en el asunto, o por correo dirigido al Low Impact Hydropower Institute, PO Box 194, Harrington Park, Nueva Jersey 07640. El per\u00edodo de comentarios p\u00fablicos de 60 d\u00edas comienza el 3 de enero de 2017. \u00a0<strong>Los comentarios deben recibirse en el Instituto antes de las 5:00 p. m., hora del Este, el 4 de marzo de 2017.<\/strong>\u00a0Se considerar\u00e1n todos los comentarios. Se publicar\u00e1n en el sitio web y el solicitante tendr\u00e1 la oportunidad de responder. Tambi\u00e9n se publicar\u00e1n todas las respuestas.<\/p>\n<p><strong>2011:<\/strong> El proyecto Island Park recibi\u00f3 la primera certificaci\u00f3n de bajo impacto de LIHI con el Certificado n.\u00ba 2 el 7 de junio de 2001, por un per\u00edodo de dos a\u00f1os, que finaliz\u00f3 el 7 de junio de 2003. La certificaci\u00f3n se prorrog\u00f3 en 2003, cuando LIHI extendi\u00f3 su vigencia de dos a cinco a\u00f1os. Recibi\u00f3 una nueva certificaci\u00f3n por un per\u00edodo de cinco a\u00f1os, del 24 de junio de 2006 al 24 de junio de 2011. La instalaci\u00f3n opt\u00f3 por no renovar su certificaci\u00f3n en 2011.<\/p>\n<hr \/>\n<h3>Archivos de certificaci\u00f3n<\/h3>\n<h4>Recertificaci\u00f3n 2021-2022<\/h4>\n<ul style=\"color: black;\">\n<li><a href=\"https:\/\/lowimpacthydro.org\/wp-content\/uploads\/2022\/06\/Island-Park-Recertification-Report-2022-04-11-LIHI-rev.pdf\">Informe de revisi\u00f3n de la recertificaci\u00f3n de Island Park 2022<\/a><\/li>\n<li><a href=\"https:\/\/lowimpacthydro.org\/wp-content\/uploads\/2022\/01\/Island-Park-Recertification-Application.pdf\">Solicitud de recertificaci\u00f3n de Island Park 2021<\/a><\/li>\n<li><a href=\"https:\/\/lowimpacthydro.org\/wp-content\/uploads\/2022\/03\/Henrys-Fork-Foundation-Comment-Letter-Island-Park-Recertification-2021.pdf\">Carta de comentarios de la Fundaci\u00f3n Henry&#039;s Fork: Recertificaci\u00f3n de Island Park 2021<\/a><\/li>\n<\/ul>\n<h4>Recertificaci\u00f3n 2017<\/h4>\n<ul style=\"color: black;\">\n<li><a href=\"https:\/\/lowimpacthydro.org\/wp-content\/uploads\/2020\/07\/Island-Park-Report-of-the-ED-2017.pdf\">Informe de recertificaci\u00f3n del Director Ejecutivo de Island Park 2017<\/a><\/li>\n<li><a href=\"https:\/\/lowimpacthydro.org\/wp-content\/uploads\/2020\/07\/IslandPark-Reviewer-Report-Final-2017_03_16.pdf\">Informe de revisi\u00f3n de la recertificaci\u00f3n de Island Park 2017<\/a><\/li>\n<li><a href=\"https:\/\/lowimpacthydro.org\/wp-content\/uploads\/2021\/10\/IDFG-letter_20171025_071217.pdf\"> Carta del IDFG<\/a><\/li>\n<li><a href=\"https:\/\/lowimpacthydro.org\/wp-content\/uploads\/2022\/03\/Island-Park-LIHI-Support-Letter_WQ-2017_08-17.pdf\"> Carta de comentarios de la Fundaci\u00f3n Henry&#039;s Fork de 2017<\/a><\/li>\n<li><a href=\"https:\/\/lowimpacthydro.org\/wp-content\/uploads\/2021\/10\/001-Island-Park-Application-Long-Form_FINAL_-12_23_2016.pdf\">Solicitud de ingreso a la LIHI de Island Park 2016<\/a><\/li>\n<\/ul>\n<h4>Recertificaci\u00f3n de 2006<\/h4>\n<ul style=\"color: black;\">\n<li><a href=\"https:\/\/lowimpacthydro.org\/wp-content\/uploads\/2022\/02\/LIHI-IslandPark-pressrelease-10-12-06.pdf\"> Comunicado de prensa sobre la recertificaci\u00f3n de Island Park, 10-12-06<\/a><\/li>\n<li><a href=\"https:\/\/lowimpacthydro.org\/wp-content\/uploads\/2022\/02\/Island-Park-Recertification-Recommendation-Report-2006.pdf\">Informe de recertificaci\u00f3n de Island Park 2006<\/a><\/li>\n<li><a href=\"https:\/\/lowimpacthydro.org\/wp-content\/uploads\/2020\/07\/IP-reinstate-letter-3-15-05.pdf\">Carta de restablecimiento de Island Park 2005<\/a><\/li>\n<\/ul>\n<h4>Certificaci\u00f3n 2001<\/h4>\n<ul style=\"color: black;\">\n<li><a href=\"https:\/\/lowimpacthydro.org\/wp-content\/uploads\/2020\/07\/AmendedReviewMay2001.pdf\">Revisi\u00f3n de la certificaci\u00f3n de Island Park 2001<\/a><\/li>\n<li><a href=\"https:\/\/lowimpacthydro.org\/wp-content\/uploads\/2020\/07\/ipapp.pdf\">Solicitud de certificaci\u00f3n de Island Park<\/a><\/li>\n<\/ul>\n<hr \/>\n<h3>Documentos clave<\/h3>\n<ul>\n<li><a href=\"https:\/\/lowimpacthydro.org\/wp-content\/uploads\/2023\/05\/19881030-FERC-license-Island-Park.pdf\">Licencia FERC de Island Park<\/a><\/li>\n<li><a href=\"https:\/\/lowimpacthydro.org\/wp-content\/uploads\/2023\/05\/19860303-WQC-Island-Park.pdf\">Certificaci\u00f3n de calidad del agua de Island Park<\/a><\/li>\n<\/ul>","protected":false},"excerpt":{"rendered":"<p>Project Name Island Park LIHI Certificate No. 2 LIHI Certificate Term December 29, 2021 &#8211; December 28, 2031 Owner Fall River Rural Electric Cooperative, Inc. State<span class=\"excerpt-hellip\"> [\u2026]<\/span><\/p>\n","protected":false},"author":3,"featured_media":-1,"parent":0,"menu_order":0,"comment_status":"closed","ping_status":"closed","template":"","meta":{"_coblocks_attr":"","_coblocks_dimensions":"","_coblocks_responsive_height":"","_coblocks_accordion_ie_support":"","om_disable_all_campaigns":false,"_monsterinsights_skip_tracking":false,"_monsterinsights_sitenote_active":false,"_monsterinsights_sitenote_note":"","_monsterinsights_sitenote_category":0,"footnotes":""},"class_list":["post-2480","page","type-page","status-publish","has-post-thumbnail","hentry"],"aioseo_notices":[],"_links":{"self":[{"href":"https:\/\/lowimpacthydro.org\/es\/wp-json\/wp\/v2\/pages\/2480","targetHints":{"allow":["GET"]}}],"collection":[{"href":"https:\/\/lowimpacthydro.org\/es\/wp-json\/wp\/v2\/pages"}],"about":[{"href":"https:\/\/lowimpacthydro.org\/es\/wp-json\/wp\/v2\/types\/page"}],"author":[{"embeddable":true,"href":"https:\/\/lowimpacthydro.org\/es\/wp-json\/wp\/v2\/users\/3"}],"replies":[{"embeddable":true,"href":"https:\/\/lowimpacthydro.org\/es\/wp-json\/wp\/v2\/comments?post=2480"}],"version-history":[{"count":19,"href":"https:\/\/lowimpacthydro.org\/es\/wp-json\/wp\/v2\/pages\/2480\/revisions"}],"predecessor-version":[{"id":10177,"href":"https:\/\/lowimpacthydro.org\/es\/wp-json\/wp\/v2\/pages\/2480\/revisions\/10177"}],"wp:featuredmedia":[{"embeddable":true,"href":"https:\/\/lowimpacthydro.org\/es\/wp-json\/"}],"wp:attachment":[{"href":"https:\/\/lowimpacthydro.org\/es\/wp-json\/wp\/v2\/media?parent=2480"}],"curies":[{"name":"gracias","href":"https:\/\/api.w.org\/{rel}","templated":true}]}}