{"id":235,"date":"2020-02-17T03:36:35","date_gmt":"2020-02-17T08:36:35","guid":{"rendered":"http:\/\/lowimpacthydro.org\/new\/?page_id=235"},"modified":"2020-02-17T03:36:35","modified_gmt":"2020-02-17T08:36:35","slug":"faq","status":"publish","type":"page","link":"https:\/\/lowimpacthydro.org\/es\/faq\/","title":{"rendered":"Preguntas frecuentes (FAQ)"},"content":{"rendered":"<p>Aqu\u00ed es donde debes responder las preguntas m\u00e1s frecuentes de los clientes potenciales. Es recomendable cubrir aspectos como la pol\u00edtica de devoluciones, la informaci\u00f3n sobre la garant\u00eda del producto, los env\u00edos y las devoluciones, etc. Consulta los ejemplos a continuaci\u00f3n.<\/p><hr class=\"is-style-fullwidth wp-block-coblocks-dynamic-separator\" style=\"height:50px\"><h3 class=\"wp-block-heading\">\u00bfCu\u00e1l es su pol\u00edtica de devoluci\u00f3n?<\/h3><p>Devuelva cualquiera de nuestros productos, sin preguntas, dentro de los 30 d\u00edas posteriores a la compra. Incluso pagamos el env\u00edo de devoluci\u00f3n.<\/p><hr class=\"is-style-fullwidth wp-block-coblocks-dynamic-separator\" style=\"height:50px\"><h3 class=\"wp-block-heading\">\u00bfRealizan env\u00edos al extranjero y a apartados de correos?<\/h3><p>S\u00ed, enviaremos su paquete a cualquier lugar que pueda aceptar entregas.<\/p><hr class=\"is-style-fullwidth wp-block-coblocks-dynamic-separator\" style=\"height:50px\"><h3 class=\"wp-block-heading\">\u00bfTiene servicio de atenci\u00f3n al cliente?<\/h3><p>\u00a1Por supuesto! Nuestros amables y expertos representantes de atenci\u00f3n al cliente est\u00e1n disponibles para responder sus preguntas las 24 horas, los 7 d\u00edas de la semana, los 365 d\u00edas del a\u00f1o.<\/p>","protected":false},"excerpt":{"rendered":"<p>This is where you should answer the most common questions prospective customers might have. It&#8217;s a good idea to cover things like your return policy, product<span class=\"excerpt-hellip\"> [\u2026]<\/span><\/p>\n","protected":false},"author":1,"featured_media":4088,"parent":0,"menu_order":0,"comment_status":"closed","ping_status":"closed","template":"","meta":{"_coblocks_attr":"","_coblocks_dimensions":"","_coblocks_responsive_height":"","_coblocks_accordion_ie_support":"","om_disable_all_campaigns":false,"_monsterinsights_skip_tracking":false,"_monsterinsights_sitenote_active":false,"_monsterinsights_sitenote_note":"","_monsterinsights_sitenote_category":0,"footnotes":""},"class_list":["post-235","page","type-page","status-publish","has-post-thumbnail","hentry"],"aioseo_notices":[],"_links":{"self":[{"href":"https:\/\/lowimpacthydro.org\/es\/wp-json\/wp\/v2\/pages\/235","targetHints":{"allow":["GET"]}}],"collection":[{"href":"https:\/\/lowimpacthydro.org\/es\/wp-json\/wp\/v2\/pages"}],"about":[{"href":"https:\/\/lowimpacthydro.org\/es\/wp-json\/wp\/v2\/types\/page"}],"author":[{"embeddable":true,"href":"https:\/\/lowimpacthydro.org\/es\/wp-json\/wp\/v2\/users\/1"}],"replies":[{"embeddable":true,"href":"https:\/\/lowimpacthydro.org\/es\/wp-json\/wp\/v2\/comments?post=235"}],"version-history":[{"count":1,"href":"https:\/\/lowimpacthydro.org\/es\/wp-json\/wp\/v2\/pages\/235\/revisions"}],"predecessor-version":[{"id":326,"href":"https:\/\/lowimpacthydro.org\/es\/wp-json\/wp\/v2\/pages\/235\/revisions\/326"}],"wp:featuredmedia":[{"embeddable":true,"href":"https:\/\/lowimpacthydro.org\/es\/wp-json\/wp\/v2\/media\/4088"}],"wp:attachment":[{"href":"https:\/\/lowimpacthydro.org\/es\/wp-json\/wp\/v2\/media?parent=235"}],"curies":[{"name":"gracias","href":"https:\/\/api.w.org\/{rel}","templated":true}]}}