{"id":2321,"date":"2020-07-29T09:31:37","date_gmt":"2020-07-29T13:31:37","guid":{"rendered":"https:\/\/lowimpacthydro.org\/?page_id=2321"},"modified":"2025-08-01T11:35:26","modified_gmt":"2025-08-01T15:35:26","slug":"lihi-certificate-16-winooski-one-chace-mill-hydroelectric-project-vermont","status":"publish","type":"page","link":"https:\/\/lowimpacthydro.org\/es\/lihi-certificate-16-winooski-one-chace-mill-hydroelectric-project-vermont\/","title":{"rendered":"Certificado LIHI #16 \u2013 Proyecto hidroel\u00e9ctrico Winooski One\/Chace Mill, Vermont"},"content":{"rendered":"<table class=\"alignright\" style=\"width: 351px; border: 2px; cellspacing: 2px; cellpadding: 2px; margin-left: 50px;\">\n<tbody>\n<tr style=\"height: 39px;\">\n<td style=\"height: 39px;\" width=\"238\"><strong>Nombre del proyecto<\/strong><\/td>\n<td style=\"height: 39px;\" width=\"246\">Winooski One\/Chace Mill<\/td>\n<\/tr>\n<tr style=\"height: 39px;\">\n<td style=\"height: 39px;\" width=\"238\"><strong>Certificado LIHI No.<\/strong><\/td>\n<td style=\"height: 39px;\" width=\"246\">16<\/td>\n<\/tr>\n<tr style=\"height: 86px;\">\n<td style=\"height: 86px;\" width=\"238\"><strong>Plazo del certificado LIHI<\/strong><\/td>\n<td style=\"height: 86px;\" width=\"246\">29 de julio de 2019 \u2013 28 de julio de 2032<\/td>\n<\/tr>\n<tr style=\"height: 39px;\">\n<td style=\"height: 39px;\" width=\"238\"><strong>Due\u00f1o<\/strong><\/td>\n<td style=\"height: 39px;\" width=\"246\">Departamento de Electricidad de Burlington<\/td>\n<\/tr>\n<tr style=\"height: 39px;\">\n<td style=\"height: 39px;\" width=\"238\"><strong>Estado<\/strong><\/td>\n<td style=\"height: 39px;\" width=\"246\">Vermont<\/td>\n<\/tr>\n<tr style=\"height: 79px;\">\n<td style=\"height: 79px;\" width=\"238\"><strong>Ubicaci\u00f3n<\/strong><\/td>\n<td style=\"height: 79px;\" width=\"246\">Ubicado en la milla fluvial 10 en las cataratas Winooski inferiores en el r\u00edo Winooski<\/td>\n<\/tr>\n<tr style=\"height: 39px;\">\n<td style=\"height: 39px;\" width=\"238\"><strong>Capacidad instalada<\/strong><\/td>\n<td style=\"height: 39px;\" width=\"246\">7.455 MW<\/td>\n<\/tr>\n<tr style=\"height: 61px;\">\n<td style=\"height: 61px;\" width=\"238\"><strong>Generaci\u00f3n media anual<\/strong><\/td>\n<td style=\"height: 61px;\" width=\"246\">30.000 MWh<\/td>\n<\/tr>\n<tr style=\"height: 39px;\">\n<td style=\"height: 39px;\" width=\"238\"><strong>Tipo de instalaci\u00f3n<\/strong><\/td>\n<td style=\"height: 39px;\" width=\"246\"><span class='tooltipsall tooltip_post_id_5643 classtoolTips52'>De pasada<\/span><\/td>\n<\/tr>\n<tr style=\"height: 59px;\">\n<td style=\"height: 59px;\" width=\"238\"><strong><span class='tooltipsall tooltip_post_id_5565 classtoolTips152'>Comisi\u00f3n Federal de Comercio<\/span> No.<\/strong><\/td>\n<td style=\"height: 59px;\" width=\"246\">P-2756 emitido en 1988, vence el 31\/10\/2028<\/td>\n<\/tr>\n<\/tbody>\n<\/table>\n<p>El proyecto Winooski One\/Chace Mill se ubica en la parte baja de las cataratas Winooski, en el r\u00edo Winooski, diez millas aguas arriba de su confluencia con el lago Champlain, entre la ciudad de Winooski, en la orilla norte, y la ciudad de Burlington, en la orilla sur. El proyecto se construy\u00f3 entre 1990 y 1993 y el propietario del proyecto arrienda el terreno y los derechos de agua a la ciudad de Burlington. La ciudad de Burlington tiene la opci\u00f3n de comprar la instalaci\u00f3n al cumplirse 20 a\u00f1os de la licencia; la licencia es propiedad conjunta de Winooski One Partners y la ciudad. El proyecto se ubica aguas abajo del Proyecto Hidroel\u00e9ctrico Gorge No. 18, el <a href=\"https:\/\/lowimpacthydro.org\/es\/lihi-certificate-146-essex-19-hydroelectric-project-vermont\/\">Proyecto hidroel\u00e9ctrico Essex No. 19 (LIHI #146)<\/a>, y el Proyecto Hidroel\u00e9ctrico Bolton Falls.<\/p>\n<p>El proyecto incluye hormig\u00f3n armado de 200 pies de largo y 35 pies de alto. <span class='tooltipsall tooltip_post_id_5545 classtoolTips158'>presa<\/span>, situado inmediatamente aguas abajo y colindante con un hist\u00f3rico <span class='tooltipsall tooltip_post_id_5543 classtoolTips76'>cuna de madera<\/span> presa construida en 1876; una presa basculante de 100 pies de largo y 8 pies de alto <span class='tooltipsall tooltip_post_id_5542 classtoolTips95'>puerta de la cresta<\/span>, instalada en la parte superior de la presa; una estructura de entrada de concreto de 70 pies de largo, que dirige el flujo del r\u00edo hacia el <span class='tooltipsall tooltip_post_id_5624 classtoolTips102'>central el\u00e9ctrica<\/span> permitiendo <span class='tooltipsall tooltip_post_id_5643 classtoolTips52'>de pasada<\/span> operaci\u00f3n; una compuerta basculante de 36 pies de largo entre la estructura de entrada y la derecha <span class='tooltipsall tooltip_post_id_5514 classtoolTips118'>contrafuerte<\/span> de la compuerta principal de la cresta basculante; una central el\u00e9ctrica de hormig\u00f3n armado que consta de tres turbinas y generadores Kaplan id\u00e9nticos con una capacidad combinada de 7,455 MW; una instalaci\u00f3n de trampa para peces de hormig\u00f3n armado; y un canal de descarga de 45 pies de ancho y 125 pies de largo excavado en la roca de la cornisa.<\/p>\n<p>El proyecto opera con un sistema de flujo instant\u00e1neo de pasada y confina un embalse de 5,5 acres. El proyecto proporciona un caudal m\u00ednimo continuo de 168 pies c\u00fabicos por segundo (cfs) en el tramo de derivaci\u00f3n de 265 pies de longitud. El r\u00e9gimen de caudal se desarroll\u00f3 con la asesor\u00eda del Servicio de Pesca y Vida Silvestre de los Estados Unidos (USWFS) y la Agencia de Recursos Naturales de Vermont (VANR) y busca mitigar el impacto del proyecto en los recursos pesqueros y de vida silvestre. La principal preocupaci\u00f3n que aborda este r\u00e9gimen de caudal es la baja concentraci\u00f3n de ox\u00edgeno disuelto, que se mitiga mediante la reaireaci\u00f3n asociada al caudal m\u00ednimo.<\/p>\n<p>Las aguas dentro del alcance del proyecto se clasifican como de Clase B, gestionadas para mantener un nivel de calidad que favorezca plenamente la biota acu\u00e1tica, la vida silvestre y el h\u00e1bitat acu\u00e1tico; la est\u00e9tica; el suministro p\u00fablico de agua; el riego; la nataci\u00f3n; la navegaci\u00f3n, la pesca y otros usos recreativos. Las aguas est\u00e1n contaminadas por E. coli debido a los desbordamientos de aguas residuales de las plantas de tratamiento de aguas residuales. El proyecto no es responsable de este deterioro, seg\u00fan lo confirmado por el Departamento de Conservaci\u00f3n Ambiental de Vermont (VDEC).<\/p>\n<p>El r\u00edo Winooski es una pesquer\u00eda fundamental en Vermont, hogar de truchas, lubinas, percas, peces peque\u00f1os, luciopercas, salmones encerrados y muchas otras especies de peces. <span class='tooltipsall tooltip_post_id_5566 classtoolTips59'>paso de peces<\/span> Se facilita mediante un elevador de peces que opera del 15 de marzo al 1 de mayo y del 1 de octubre al 15 de noviembre. Los peces recolectados se transportan en camiones r\u00edo arriba del proyecto y algunos r\u00edo arriba, por encima del proyecto Essex 19. Esta instalaci\u00f3n de paso de peces es un componente clave del programa de restauraci\u00f3n de salm\u00f3nidos de la Cooperativa de Pesca y Vida Silvestre del Lago Champlain, ya que permite el acceso del salm\u00f3n a importantes zonas de desove y crianza. El Departamento de Pesca y Vida Silvestre de Vermont (VDFW) confirma que las instalaciones de paso apoyan de manera eficiente y eficaz los objetivos pesqueros. El paso de peces r\u00edo abajo se facilita mediante dos puntos de entrada en la presa, as\u00ed como... <span class='tooltipsall tooltip_post_id_5651 classtoolTips116'>aliviadero<\/span> que se desborda durante gran parte del per\u00edodo migratorio de primavera. El paso se opera en cooperaci\u00f3n con el USFWS y el VDFW.<\/p>\n<p>La propiedad del proyecto consta de 50 acres. No existen terrenos de valor ecol\u00f3gico significativo en el \u00e1rea del proyecto debido a la naturaleza urbana de los terrenos circundantes. La licencia del proyecto exige un plan para mitigar los impactos de cualquier actividad de desmonte o alteraci\u00f3n del terreno, presentado 60 d\u00edas antes del inicio de dichas actividades. El plan debe incluir medidas para minimizar la incompatibilidad visual de todas las estructuras del proyecto con el paisaje circundante y las estructuras adyacentes.<\/p>\n<p>Las especies amenazadas y en peligro de extinci\u00f3n que podr\u00edan encontrarse en las inmediaciones del proyecto incluyen: murci\u00e9lago orejudo norte\u00f1o, \u00e1guila calva (transitoria), esturi\u00f3n de lago, darter de arena oriental, lamprea de arroyo americana, darter de canal, mejill\u00f3n de bolsillo, mejill\u00f3n de concha acanalada, mejill\u00f3n de concha fr\u00e1gil, mejill\u00f3n rosa, flotador gigante, an\u00e9mona de hoja cortada y juncia de Garber. Tras consultar con el VDEC, se ha confirmado que el proyecto no afecta a los organismos acu\u00e1ticos durante su funcionamiento normal. Si bien el \u00e1rea del proyecto forma parte del h\u00e1bitat del murci\u00e9lago orejudo norte\u00f1o, la peque\u00f1a huella urbana del proyecto hace muy improbable que afecte a esta especie.<\/p>\n<p><strong>PLUS-Est\u00e1ndar:<\/strong> El propietario del proyecto firm\u00f3 voluntariamente un acuerdo con el Departamento de Pesca y Vida Silvestre de Vermont (VDFW) para participar activamente en las labores de recuperaci\u00f3n de la especie Anemone multifidi (an\u00e9mona de hoja cortada) en el sitio, la \u00faltima poblaci\u00f3n restante de esta especie en el estado de Vermont. Esto incluye el monitoreo anual y la financiaci\u00f3n anual de las medidas de mitigaci\u00f3n estatales.<\/p>\n<p>El proyecto en s\u00ed mismo constituye un recurso cultural, parte del Distrito de Molinos de Winooski Falls. Se desarroll\u00f3 un plan de gesti\u00f3n de recursos culturales para el proyecto en consulta con la Oficina Estatal de Preservaci\u00f3n Hist\u00f3rica de Vermont (SHPO) y el Registro Hist\u00f3rico de Ingenier\u00eda Estadounidense del Departamento del Interior de los Estados Unidos. El propietario del proyecto se ha esforzado por educar al p\u00fablico sobre la importancia cultural del proyecto hidroel\u00e9ctrico y ha participado en actividades de divulgaci\u00f3n cultural con el Museo del Patrimonio de los Molinos Winooski. El proyecto mantiene una exposici\u00f3n sobre energ\u00eda hidr\u00e1ulica con informaci\u00f3n e ilustraciones sobre la central hidroel\u00e9ctrica y el elevador de peces. Adem\u00e1s, el propietario del proyecto ofrece visitas guiadas al elevador de peces y sus instalaciones a un grupo escolar local. El propietario del proyecto debe consultar con la SHPO antes de realizar cualquier actividad de desmonte o alteraci\u00f3n del terreno en el \u00e1rea del proyecto.<\/p>\n<p>El \u00e1rea del proyecto es peque\u00f1a y, por razones de seguridad, no se pueden instalar instalaciones recreativas en sus l\u00edmites. Sin embargo, el propietario del proyecto est\u00e1 financiando a la Ciudad para construir una pasarela en la zona y ya construy\u00f3 otra. El acceso p\u00fablico es gratuito y existen numerosas oportunidades recreativas fuera del proyecto cerca del mismo. Estas incluyen una zona de pesca, varios parques costeros y una red de senderos naturales y de senderismo.<\/p>\n<hr \/>\n<h3>Estado de cumplimiento<\/h3>\n<p>El Certificado incluye las siguientes condiciones espec\u00edficas de la instalaci\u00f3n:<\/p>\n<ul style=\"color: black;\">\n<li><strong><em>Condici\u00f3n 1: <\/em><\/strong>Dado que el Proyecto comenzar\u00e1 a renovar su licencia durante el nuevo per\u00edodo de Certificaci\u00f3n de LIHI, el Propietario de la instalaci\u00f3n deber\u00e1 proporcionar a LIHI, como parte del informe anual de cumplimiento, un informe del progreso de la licencia con la FERC que detalle las interacciones significativas con las agencias ocurridas durante el \u00faltimo a\u00f1o que sean relevantes para los criterios de LIHI, y que destaque los principales puntos de acuerdo o desacuerdo. LIHI se reserva el derecho a solicitar detalles adicionales si es necesario, si los puntos destacados son relevantes para los criterios de LIHI y sus objetivos. LIHI tambi\u00e9n se reserva el derecho a modificar las condiciones del Certificado si es necesario.<\/li>\n<\/ul>\n<p><strong>2025:<\/strong> No se identificaron cambios sustanciales ni problemas de cumplimiento. El proyecto se mantiene en cumplimiento seg\u00fan la revisi\u00f3n anual. Para la Condici\u00f3n 1, el proyecto inform\u00f3 que se encuentra en la fase de estudio para renovar la licencia. El proyecto contin\u00faa regando voluntariamente la an\u00e9mona de hoja cortada (Anemone multifida), declarada Patrimonio de la Humanidad por la UNESCO, semanalmente durante el verano, seg\u00fan sea necesario para contribuir a la supervivencia de la semilla.<\/p>\n<p><strong>2024:<\/strong> No se identificaron cambios sustanciales ni problemas de cumplimiento. El proyecto se mantiene en cumplimiento seg\u00fan la revisi\u00f3n anual. Para la Condici\u00f3n 1, el proyecto inform\u00f3 haber presentado el Aviso de Intenci\u00f3n y el PAD de renovaci\u00f3n de la licencia el 31 de octubre de 2023, y el plan de estudio propuesto el 12 de abril de 2024. El proyecto contin\u00faa regando voluntariamente la an\u00e9mona de hoja cortada (Anemone multifida), declarada Patrimonio de la Humanidad por la UNESCO, semanalmente durante el verano, seg\u00fan sea necesario, para contribuir a la supervivencia de la semilla.<\/p>\n<p><strong>2023:<\/strong> No se identificaron cambios sustanciales ni problemas de cumplimiento. El proyecto se mantiene en cumplimiento seg\u00fan la revisi\u00f3n anual. Para la Condici\u00f3n 1, el proyecto no report\u00f3 ninguna renovaci\u00f3n de licencia. El proyecto contin\u00faa regando voluntariamente la an\u00e9mona de hoja cortada (Anemone multifida), declarada Patrimonio de la Humanidad por la UNESCO, semanalmente durante el verano, seg\u00fan sea necesario para contribuir a la supervivencia de la semilla.<\/p>\n<p><strong>2022:<\/strong> No se identificaron cambios sustanciales ni problemas de cumplimiento. El proyecto se mantiene en cumplimiento seg\u00fan la revisi\u00f3n anual. Para la Condici\u00f3n 1, el proyecto no report\u00f3 ninguna renovaci\u00f3n de licencia. El proyecto inform\u00f3 haber regado voluntariamente la an\u00e9mona de hoja cortada (Anemone multifida), declarada Patrimonio de la Humanidad por la UNESCO, semanalmente durante el verano, seg\u00fan fuera necesario para contribuir a la supervivencia de la semilla.<\/p>\n<p><strong>2021:<\/strong>\u00a0\u00a0 No se reportaron problemas de cumplimiento. El proyecto inform\u00f3 la instalaci\u00f3n de un nuevo sistema de control para mejorar las operaciones. El proyecto mantiene su cumplimiento seg\u00fan la revisi\u00f3n anual. En cuanto a la Condici\u00f3n 1, el proyecto no report\u00f3 ninguna renovaci\u00f3n de licencias.<\/p>\n<p><strong>2020:\u00a0<\/strong> No se reportaron cambios ni problemas de cumplimiento. El proyecto se mantiene en cumplimiento seg\u00fan la revisi\u00f3n anual. Para la Condici\u00f3n 1, el proyecto no report\u00f3 ninguna actividad de renovaci\u00f3n de licencias.<\/p>\n<p><strong>2019:<\/strong>\u00a0 La presentaci\u00f3n de informes anuales para el Certificado actual a\u00fan no ha entrado en vigor.<\/p>\n<hr \/>\n<h3>Historial de certificaciones<\/h3>\n<p><strong>1 de enero de 2022:<\/strong> El plazo del Certificado LIHI se ha extendido de acuerdo con la Revisi\u00f3n 2.05 del Manual de Certificaci\u00f3n LIHI 2.\u00aa Edici\u00f3n emitido el 1 de enero de 2022. Consulte la tabla de instalaciones anterior para conocer el nuevo plazo.<\/p>\n<p><strong>26 de febrero de 2020:\u00a0<\/strong> La decisi\u00f3n de recertificar el Proyecto Winooski One\/Chace Mill qued\u00f3 firme tras el cierre del per\u00edodo de apelaciones el 7 de febrero de 2020, sin que se presentaran apelaciones. El plazo de la certificaci\u00f3n es del 29 de julio de 2019 al 28 de julio de 2027.<\/p>\n<p><strong>8 de enero de 2020:<\/strong> El Instituto de Energ\u00eda Hidroel\u00e9ctrica de Bajo Impacto (LIHI) ha aprobado preliminarmente la Recertificaci\u00f3n de Bajo Impacto para el Proyecto Hidroel\u00e9ctrico Winooski One\/Chace Mill, LIHI #16. Esta decisi\u00f3n es preliminar, a la espera del plazo de apelaci\u00f3n de 30 d\u00edas. Solo quienes presentaron comentarios sobre la solicitud inicial durante el plazo de 60 d\u00edas pueden presentar una apelaci\u00f3n. Dicha apelaci\u00f3n debe incluir una explicaci\u00f3n de por qu\u00e9 el Proyecto no cumple con los criterios del LIHI. Las solicitudes de apelaci\u00f3n pueden enviarse por correo electr\u00f3nico a <a href=\"mailto:comments@lowimpacthydro.org\">comments@lowimpacthydro.org<\/a> Con el asunto &quot;Proyecto Hidroel\u00e9ctrico Winooski One\/Chace Mill&quot;, o por correo postal dirigido al Instituto de Energ\u00eda Hidroel\u00e9ctrica de Bajo Impacto, 329 Massachusetts Ave, Suite 6, Lexington, MA 02420. Todas las solicitudes se publicar\u00e1n en el sitio web. El solicitante tendr\u00e1 la oportunidad de responder, y cualquier respuesta tambi\u00e9n se publicar\u00e1. <strong>Las solicitudes deben recibirse antes de las 5 p. m., hora del Este, el 7 de febrero de 2020.\u00a0 <\/strong>La solicitud completa y el informe de los revisores est\u00e1n disponibles a continuaci\u00f3n. Si no se reciben solicitudes de apelaci\u00f3n y la decisi\u00f3n es definitiva, el plazo de certificaci\u00f3n del Proyecto ser\u00e1 del 29 de julio de 2019 al 5 de agosto de 2027.<\/p>\n<p><strong>21 de octubre de 2019:<\/strong> El Instituto de Energ\u00eda Hidroel\u00e9ctrica de Bajo Impacto (LIHI) ha recibido una solicitud completa para la Recertificaci\u00f3n de Bajo Impacto del Proyecto Hidroel\u00e9ctrico Winooski One. LIHI solicita comentarios p\u00fablicos sobre esta solicitud. En concreto, nos interesa saber si considera que el Proyecto cumple con los Criterios de Certificaci\u00f3n de Bajo Impacto de LIHI, revisados en la 2.\u00aa edici\u00f3n del Manual. Por favor, revise el programa y los criterios en la versi\u00f3n revisada de LIHI. <a href=\"https:\/\/lowimpacthydro.org\/wp-content\/uploads\/2016\/03\/2nd-edition-handbook-20160315-rev2.02-7-20-16.pdf\">Manual<\/a><a href=\"https:\/\/lowimpacthydro.org\/wp-content\/uploads\/2014\/08\/2nd-edition-handbook-20160307-FINAL-CLEAN.pdf\">\u00a0<\/a>y luego revise los materiales de solicitud del Proyecto a continuaci\u00f3n. Los comentarios que est\u00e9n directamente relacionados con criterios espec\u00edficos de LIHI (flujos, calidad del agua, paso de peces, etc.) ser\u00e1n de gran ayuda, pero se considerar\u00e1n todos los comentarios. Los comentarios pueden enviarse al Instituto por correo electr\u00f3nico a\u00a0<a href=\"mailto:comments@lowimpacthydro.org\">comments@lowimpacthydro.org<\/a>\u00a0con \u201cComentarios del Proyecto Winooski One\u201d en la l\u00ednea de asunto, o por correo dirigido al Low Impact Hydropower Institute, 329 Massachusetts Avenue, Suite 6, Lexington, MA 02420.\u00a0 <strong>Los comentarios deben recibirse antes de las 5 p. m., hora del Este, el 20 de diciembre de 2019.<\/strong>\u00a0Se considerar\u00e1n todos los comentarios. Se publicar\u00e1n en el sitio web y el solicitante tendr\u00e1 la oportunidad de responder. Tambi\u00e9n se publicar\u00e1n todas las respuestas.<\/p>\n<p><strong>27 de agosto de 2014:<\/strong> La Junta Directiva de LIHI ha determinado que el Proyecto Winooski One contin\u00faa cumpliendo con los Criterios de Certificaci\u00f3n de LIHI, con una fecha de certificaci\u00f3n efectiva del 29 de julio de 2014. Es un per\u00edodo de cinco a\u00f1os que vencer\u00e1 el 29 de julio de 2019.<\/p>\n<p><strong>17 de abril de 2014:<\/strong> El Instituto de Energ\u00eda Hidroel\u00e9ctrica de Bajo Impacto ha recibido una solicitud de recertificaci\u00f3n para el Proyecto Winooski One. El plazo actual vence el 29 de julio de 2014. La solicitud de 2014 se encuentra en la secci\u00f3n &quot;Archivos&quot; a continuaci\u00f3n.<\/p>\n<p><strong>19 de noviembre de 2009:<\/strong> La Junta Directiva de LIHI ha determinado que el Proyecto Hidroel\u00e9ctrico Winooski One contin\u00faa cumpliendo con los Criterios de Certificaci\u00f3n y ha sido recertificado por un per\u00edodo de cinco a\u00f1os, a partir del 29 de julio de 2009 y hasta el 29 de julio de 2014.<\/p>\n<p><strong>1 de junio de 2009:<\/strong> La Asociaci\u00f3n Winooski One ha presentado una solicitud para recertificar el Proyecto Hidroel\u00e9ctrico Winooski One, ubicado en las ciudades de Burlington y Winooski, en el condado de Chittenden, Vermont. La certificaci\u00f3n original vence el 29 de julio de 2009.<\/p>\n<p><strong>21 de octubre de 2004:<\/strong> El Proyecto Winooski One ha sido certificado como de bajo impacto por un per\u00edodo de cinco a\u00f1os, a partir del 29 de julio de 2004 y hasta el 29 de julio de 2009.<\/p>\n<hr \/>\n<h3>Archivos de certificaci\u00f3n<\/h3>\n<h4>Recertificaci\u00f3n 2019<\/h4>\n<ul style=\"color: black;\">\n<li><a href=\"https:\/\/lowimpacthydro.org\/wp-content\/uploads\/2020\/07\/Final-Winooski-One-Stage-II-report.pdf\">Informe de revisi\u00f3n de la recertificaci\u00f3n de Winooski One\/Chace Mill 2019<\/a><\/li>\n<li><a href=\"https:\/\/lowimpacthydro.org\/wp-content\/uploads\/2020\/07\/BED-Winooski-One-LIHI-Recertification-Application.pdf\">Solicitud de recertificaci\u00f3n de Winooski One\/Chace Mill 2019<\/a><\/li>\n<\/ul>\n<h4>Recertificaci\u00f3n 2015<\/h4>\n<ul style=\"color: black;\">\n<li><a href=\"https:\/\/lowimpacthydro.org\/wp-content\/uploads\/2020\/07\/2014-04-17-Recertification-Review_WinnoskiOne_Dh.pdf\">Informe de revisi\u00f3n de la recertificaci\u00f3n de Winooski One\/Chace Mill 2014<\/a><\/li>\n<li><a href=\"https:\/\/lowimpacthydro.org\/wp-content\/uploads\/2020\/07\/WinooskiOne2014Application.pdf\">Solicitud de recertificaci\u00f3n de Winooski One\/Chace Mill<\/a><\/li>\n<li><a href=\"https:\/\/lowimpacthydro.org\/wp-content\/uploads\/2020\/07\/WinooskiOne2014ApplicationAttachments.pdf\">Anexos de la solicitud de recertificaci\u00f3n de Winooski One\/Chace Mill 2014<\/a><\/li>\n<li><a href=\"https:\/\/lowimpacthydro.org\/wp-content\/uploads\/2020\/07\/CityWinooskiComment06132014.pdf\">Carta de comentarios de la ciudad de Winooski: Recertificaci\u00f3n de Winooski One\/Chace Mill<\/a><\/li>\n<li><a href=\"https:\/\/lowimpacthydro.org\/wp-content\/uploads\/2020\/07\/MDworkinLetter2014.pdf\">Carta de comentarios de Dworkin: Recertificaci\u00f3n de Winooski One\/Chace Mill<\/a><\/li>\n<li><a href=\"https:\/\/lowimpacthydro.org\/wp-content\/uploads\/2020\/07\/USFWS_06-11-2014.pdf\">Correspondencia del Servicio de Pesca y Vida Silvestre de EE. UU.<\/a><\/li>\n<li><a href=\"https:\/\/lowimpacthydro.org\/wp-content\/uploads\/2020\/07\/In-Vermont-a-milestone-...pdf\">Art\u00edculo de Winooski One\/Chace Mill<\/a><\/li>\n<\/ul>\n<h4>Recertificaci\u00f3n 2009<\/h4>\n<ul style=\"color: black;\">\n<li><a href=\"https:\/\/lowimpacthydro.org\/wp-content\/uploads\/2020\/07\/Winoosk-re-cert-Review-Report-Update-10-15-09.doc\">Informe de revisi\u00f3n de la recertificaci\u00f3n de Winooski One\/Chace Mill 2009<\/a><\/li>\n<li><a href=\"https:\/\/lowimpacthydro.org\/wp-content\/uploads\/2020\/07\/2009-June-17-Comments-from-state-of-Vermont.pdf\">Carta de comentarios del Departamento de Conservaci\u00f3n Ambiental de Vermont: Recertificaci\u00f3n de Winooski One\/Chace Mill<\/a><\/li>\n<\/ul>\n<h4>Certificaci\u00f3n 2004<\/h4>\n<ul style=\"color: black;\">\n<li><a href=\"https:\/\/lowimpacthydro.org\/wp-content\/uploads\/2020\/07\/Winooski-Final-Report-2004.pdf\">Informe de revisi\u00f3n de la certificaci\u00f3n de Winooski One\/Chace Mill 2004<\/a><\/li>\n<li><a href=\"https:\/\/lowimpacthydro.org\/wp-content\/uploads\/2020\/07\/2004-questionnaire-winooski-modified.pdf\">Cuestionario de certificaci\u00f3n de Winooski One\/Chace Mill<\/a><\/li>\n<\/ul>\n<hr \/>\n<h3>Documentos clave<\/h3>\n<ul>\n<li><a href=\"https:\/\/lowimpacthydro.org\/wp-content\/uploads\/2020\/07\/FERC_order.pdf\">Licencia FERC y evaluaci\u00f3n ambiental de WInooski One\/Chace Mill<\/a><\/li>\n<li><a href=\"https:\/\/lowimpacthydro.org\/wp-content\/uploads\/2020\/07\/401cert.pdf\">Certificado de calidad del agua de Winooski One\/Chace Mill<\/a><\/li>\n<\/ul>","protected":false},"excerpt":{"rendered":"<p>Project Name Winooski One\/Chace Mill LIHI Certificate No. 16 LIHI Certificate Term July 29, 2019 &#8211; July 28, 2032 Owner Burlington Electric Dept. State Vermont Location<span class=\"excerpt-hellip\"> [\u2026]<\/span><\/p>\n","protected":false},"author":3,"featured_media":-1,"parent":0,"menu_order":0,"comment_status":"closed","ping_status":"closed","template":"","meta":{"_coblocks_attr":"","_coblocks_dimensions":"","_coblocks_responsive_height":"","_coblocks_accordion_ie_support":"","om_disable_all_campaigns":false,"_monsterinsights_skip_tracking":false,"_monsterinsights_sitenote_active":false,"_monsterinsights_sitenote_note":"","_monsterinsights_sitenote_category":0,"footnotes":""},"class_list":["post-2321","page","type-page","status-publish","has-post-thumbnail","hentry"],"aioseo_notices":[],"_links":{"self":[{"href":"https:\/\/lowimpacthydro.org\/es\/wp-json\/wp\/v2\/pages\/2321","targetHints":{"allow":["GET"]}}],"collection":[{"href":"https:\/\/lowimpacthydro.org\/es\/wp-json\/wp\/v2\/pages"}],"about":[{"href":"https:\/\/lowimpacthydro.org\/es\/wp-json\/wp\/v2\/types\/page"}],"author":[{"embeddable":true,"href":"https:\/\/lowimpacthydro.org\/es\/wp-json\/wp\/v2\/users\/3"}],"replies":[{"embeddable":true,"href":"https:\/\/lowimpacthydro.org\/es\/wp-json\/wp\/v2\/comments?post=2321"}],"version-history":[{"count":13,"href":"https:\/\/lowimpacthydro.org\/es\/wp-json\/wp\/v2\/pages\/2321\/revisions"}],"predecessor-version":[{"id":9869,"href":"https:\/\/lowimpacthydro.org\/es\/wp-json\/wp\/v2\/pages\/2321\/revisions\/9869"}],"wp:featuredmedia":[{"embeddable":true,"href":"https:\/\/lowimpacthydro.org\/es\/wp-json\/"}],"wp:attachment":[{"href":"https:\/\/lowimpacthydro.org\/es\/wp-json\/wp\/v2\/media?parent=2321"}],"curies":[{"name":"gracias","href":"https:\/\/api.w.org\/{rel}","templated":true}]}}