{"id":2210,"date":"2020-07-28T18:08:55","date_gmt":"2020-07-28T22:08:55","guid":{"rendered":"https:\/\/lowimpacthydro.org\/?page_id=2210"},"modified":"2025-05-02T11:31:51","modified_gmt":"2025-05-02T15:31:51","slug":"lihi-certificate-191-american-tissue-project-maine","status":"publish","type":"page","link":"https:\/\/lowimpacthydro.org\/es\/lihi-certificate-191-american-tissue-project-maine\/","title":{"rendered":"Proyecto Americano de Tejidos, LIHI #191, Maine"},"content":{"rendered":"<table class=\"alignright\" style=\"width: 351px; border: 2px; cellspacing: 2px; cellpadding: 2px; margin-left: 50px;\">\n<tbody>\n<tr>\n<td width=\"162\"><strong>Nombre del proyecto<\/strong><\/td>\n<td width=\"165\">Tejido americano<\/td>\n<\/tr>\n<tr>\n<td style=\"width: 154px;\"><strong>Certificado LIHI No.<\/strong><\/td>\n<td style=\"width: 211px;\">191<\/td>\n<\/tr>\n<tr>\n<td style=\"width: 154px;\"><strong>Plazo del certificado LIHI<\/strong><\/td>\n<td style=\"width: 211px;\">26 de abril de 2022 \u2013 25 de abril de 2032<\/td>\n<\/tr>\n<tr>\n<td width=\"162\"><strong>Due\u00f1o<\/strong><\/td>\n<td width=\"165\">KEI (Maine) Gesti\u00f3n de energ\u00eda (III) LLC<\/td>\n<\/tr>\n<tr>\n<td width=\"162\"><strong>Estado<\/strong><\/td>\n<td width=\"165\">Maine<\/td>\n<\/tr>\n<tr>\n<td width=\"162\"><strong>Ubicaci\u00f3n<\/strong><\/td>\n<td width=\"165\">Milla fluvial 1,2 en el arroyo Cobbosseecontee<\/td>\n<\/tr>\n<tr>\n<td width=\"162\"><strong>Capacidad instalada<\/strong><\/td>\n<td width=\"165\">1,0 MW<\/td>\n<\/tr>\n<tr>\n<td width=\"162\"><strong>Generaci\u00f3n media anual<\/strong><\/td>\n<td width=\"165\">5.430 MWh<\/td>\n<\/tr>\n<tr>\n<td width=\"162\"><strong>Tipo de instalaci\u00f3n<\/strong><\/td>\n<td width=\"165\">Flujo de r\u00edo<\/td>\n<\/tr>\n<tr>\n<td width=\"162\"><strong><span class='tooltipsall tooltip_post_id_5565 classtoolTips152'>Comisi\u00f3n Federal de Comercio<\/span> No.<\/strong><\/td>\n<td width=\"165\">P-2809, emitido en 2019, vence el 30\/04\/2059<\/td>\n<\/tr>\n<\/tbody>\n<\/table>\n<p>El Proyecto American Tissue se ubica en el arroyo Cobbosseecontee en Gardiner, condado de Kennebec, Maine. De las cinco presas ubicadas en el arroyo de 17,7 km (11 millas), este proyecto es el \u00fanico. <span class='tooltipsall tooltip_post_id_5545 classtoolTips158'>presa<\/span> utilizado para la generaci\u00f3n de energ\u00eda hidroel\u00e9ctrica.<\/p>\n<p>La presa del proyecto se construy\u00f3 en 1900 y funcion\u00f3 como <span class='tooltipsall tooltip_post_id_5643 classtoolTips52'>de pasada<\/span> instalaci\u00f3n hasta la <span class='tooltipsall tooltip_post_id_5624 classtoolTips102'>central el\u00e9ctrica<\/span> Fue destruido por un incendio en 1970. El proyecto obtuvo nueva licencia el 9 de mayo de 1979 y comenz\u00f3 a operar una vez completada la reconstrucci\u00f3n en 1983.<\/p>\n<p>El proyecto incluye una <span class='tooltipsall tooltip_post_id_5580 classtoolTips81'>presa de gravedad<\/span> compuesto por:<\/p>\n<ul style=\"color: black;\">\n<li>Un puente oeste de 61 pies de largo, 26 pies de alto por 7 pies de ancho <span class='tooltipsall tooltip_post_id_5514 classtoolTips118'>contrafuerte<\/span> con 2 pies de alto <span class='tooltipsall tooltip_post_id_5569 classtoolTips79'>tableros de flash<\/span>;<\/li>\n<li>de 100 pies de largo <span class='tooltipsall tooltip_post_id_5651 classtoolTips116'>aliviadero<\/span> Su altura var\u00eda entre 5,8 y 7 metros, con vierteaguas de 30 cent\u00edmetros de altura que alcanzan una cota de 38,5 m\/s (123,3 pies TMSL). El aliviadero tiene una capacidad de descarga de 38,5 m\/s (8700 pies c\u00fabicos por segundo) a una cota de 38,5 m\/s (128,7 pies TMSL).<\/li>\n<li>un estribo este de 95 pies de largo, 27 pies de alto por 10 pies de ancho;<\/li>\n<\/ul>\n<p>Otros componentes del proyecto incluyen:<\/p>\n<ul style=\"color: black;\">\n<li>tres tubos de acero de 4,67 pies de di\u00e1metro <span class='tooltipsall tooltip_post_id_5649 classtoolTips91'>deslizar <span class='tooltipsall tooltip_post_id_5578 classtoolTips153'>puertas<\/span><\/span> Ubicado en la base de la presa<\/li>\n<li>un r\u00edo abajo <span class='tooltipsall tooltip_post_id_5568 classtoolTips128'>escala de peces<\/span> con <span class='tooltipsall tooltip_post_id_5620 classtoolTips86'>piscina de inmersi\u00f3n<\/span>;<\/li>\n<li>un upstream <span class='tooltipsall tooltip_post_id_5556 classtoolTips98'>escalera de anguila<\/span>;<\/li>\n<li>una entrada con rejillas para basura con espacios libres de 2 pulgadas que pasan el agua a un acero subterr\u00e1neo de 280 pies de largo por 7 pies de di\u00e1metro <span class='tooltipsall tooltip_post_id_5619 classtoolTips124'>compuerta<\/span> A la central el\u00e9ctrica. Del 1 de junio al 15 de noviembre, el propietario del proyecto instala una capa completa de rejilla para basura para reducir el espacio libre a 22 mm.<\/li>\n<li>Una central el\u00e9ctrica que contiene una turbina\/generador Kaplan de 1,0 MW. La turbina<br \/>\nPuede operar con caudales hidr\u00e1ulicos que oscilan entre 100 CFS y 360 CFS;<\/li>\n<li>un canal de desag\u00fce;<\/li>\n<li>una l\u00ednea de transmisi\u00f3n de 12 kilovoltios (kV) de 250 pies de largo con elevador <span class='tooltipsall tooltip_post_id_5665 classtoolTips70'>transformador<\/span>.<\/li>\n<\/ul>\n<p>El proyecto opera en r\u00e9gimen de pasada y embalsa un embalse de 5,5 acres que crea un tramo desviado de 345 pies de longitud. Se proporciona un caudal m\u00ednimo de desv\u00edo de 10 pies c\u00fabicos por segundo (cfs) del 1 de diciembre al 31 de mayo y de 29 pies c\u00fabicos por segundo (cfs) del 1 de junio al 30 de noviembre. Tras liberar el caudal m\u00ednimo, si el caudal restante es inferior a 100 pies c\u00fabicos por segundo (cfs), la turbina no se pone en funcionamiento y el caudal restante se vierte por el aliviadero. <span class='tooltipsall tooltip_post_id_5591 classtoolTips139'>Afluencia<\/span> Se pasan de 100 a 360 pies c\u00fabicos por segundo a trav\u00e9s de la turbina, manteniendo el embalse a su nivel normal de cabecera. Los caudales superiores a 360 pies c\u00fabicos por segundo se pasan por el aliviadero. Este r\u00e9gimen de caudal se desarroll\u00f3 en colaboraci\u00f3n con el Servicio de Pesca y Vida Silvestre de Estados Unidos.<\/p>\n<p>Las aguas dentro del alcance del proyecto se clasifican como Clase B y permiten usos espec\u00edficos, como el h\u00e1bitat de la biota acu\u00e1tica, el suministro de agua potable tras su tratamiento, la pesca deportiva, la recreaci\u00f3n acu\u00e1tica y la generaci\u00f3n de energ\u00eda hidroel\u00e9ctrica. Entre junio y octubre de 2015, se realizaron an\u00e1lisis de calidad del agua en los tramos del proyecto. El Departamento de Protecci\u00f3n Ambiental de Maine (MDEP) confirm\u00f3 que los resultados de los an\u00e1lisis cumplen con las designaciones de Clase B para ox\u00edgeno disuelto. Sin embargo, debido a la carga de nutrientes proveniente de fuentes aguas arriba, no se cumpl\u00edan los est\u00e1ndares de vida acu\u00e1tica de Clase B. Seg\u00fan el MDEP, el proyecto no est\u00e1 causando ni contribuyendo al enriquecimiento de nutrientes.<\/p>\n<p>El arroyo Cobbosseecontee ha apoyado hist\u00f3ricamente las migraciones de siete especies nativas <span class='tooltipsall tooltip_post_id_5549 classtoolTips96'>di\u00e1dromo<\/span> Pescado. Empezando con el cart\u00f3n Gardiner <span class='tooltipsall tooltip_post_id_5545 classtoolTips158'>Presa<\/span>, la introducci\u00f3n de presas sin <span class='tooltipsall tooltip_post_id_5568 classtoolTips128'>escalas para peces<\/span> severamente reducido o <span class='tooltipsall tooltip_post_id_5561 classtoolTips99'>extirpado<\/span> Estas especies de la v\u00eda fluvial. Se impidi\u00f3 la migraci\u00f3n r\u00edo arriba de la s\u00e1balo americano, el s\u00e1balo americano, el salm\u00f3n del Atl\u00e1ntico, el arenque de lomo azul, el eperlano arco\u00edris y la lubina rayada. La presa del proyecto se construy\u00f3 en 1879, m\u00e1s de 100 a\u00f1os despu\u00e9s de la construcci\u00f3n de la presa m\u00e1s baja, la Presa Gardiner Paperboard No. 5 (en 1761). Se han reintroducido s\u00e1balos americanos en el r\u00edo para atraer la pesca deportiva, una estrategia exitosa empleada por el Departamento de Recursos Marinos de Maine (MDMR). El propietario del proyecto consult\u00f3 al MDEP, al MDMR, a la Pesca Continental y Vida Silvestre de Maine y al Servicio Nacional de Pesca Marina para dise\u00f1ar e implementar instalaciones permanentes de paso r\u00edo arriba para la anguila americana. La escala para anguilas funciona del 1 de junio al 15 de septiembre, o seg\u00fan lo recomendado por las agencias de recursos seg\u00fan las condiciones del sitio. R\u00edo abajo. <span class='tooltipsall tooltip_post_id_5566 classtoolTips59'>paso de peces<\/span> Las instalaciones operan del 1 de junio al 30 de noviembre, o seg\u00fan lo recomendado por las agencias de recursos seg\u00fan las condiciones del sitio. El paso de anguila americana r\u00edo abajo opera del 15 de agosto al 15 de noviembre.<\/p>\n<p>Los terrenos del proyecto abarcan aproximadamente 7 acres. La topograf\u00eda de la cuenca hidrogr\u00e1fica de Cobbosseecontee se compone principalmente de colinas y valles de baja altitud. El \u00e1rea del proyecto est\u00e1 formada principalmente por tierras altas boscosas, con bosques caducifolios y mixtos que bordean la costa.<\/p>\n<p>Las especies amenazadas o en peligro de extinci\u00f3n que podr\u00edan estar presentes en las inmediaciones del proyecto incluyen el murci\u00e9lago orejudo norte\u00f1o, el murci\u00e9lago caf\u00e9 chico, el murci\u00e9lago de patas peque\u00f1as oriental, el murci\u00e9lago caf\u00e9 grande, el murci\u00e9lago rojo, el murci\u00e9lago canoso, el murci\u00e9lago de pelo plateado y el murci\u00e9lago tricolor. El \u00e1rea del proyecto no alberga h\u00e1bitat cr\u00edtico para estas especies. Adem\u00e1s, debido a su reducida huella, es improbable que el proyecto afecte negativamente a las especies incluidas en la lista.<\/p>\n<p>El \u00e1rea del proyecto alberga los restos del Molino Gardiner, que se encuentran bajo el embalse y solo quedan expuestos brevemente para las actividades programadas de desagote. Se sabe poco sobre la integridad de los restos ni sobre su elegibilidad para la lista. <span class='tooltipsall tooltip_post_id_5606 classtoolTips1'>Registro Nacional de Lugares Hist\u00f3ricos<\/span>Se debe realizar una consulta con el Oficial de Preservaci\u00f3n Hist\u00f3rica del Estado antes de realizar las reducciones de terreno para prescribir medidas de protecci\u00f3n que ayuden a preservar cualquier propiedad hist\u00f3rica que pueda quedar expuesta.<\/p>\n<p>Los recursos recreativos cercanos al proyecto incluyen un parque municipal cerca del embalse. El acceso a los terrenos del proyecto suele estar restringido debido al terreno boscoso y escarpado y a los usos industriales y comerciales en la ribera sur. Existe una ruta informal de transporte en canoa desde el embalse hasta una rampa para embarcaciones de carga manual aguas abajo de la presa Gardiner Paperboard.<\/p>\n<hr \/>\n<h3>Estado de cumplimiento<\/h3>\n<p><strong>El Certificado incluye las siguientes condiciones espec\u00edficas de la instalaci\u00f3n:<\/strong><\/p>\n<p><strong>Condici\u00f3n 1:<\/strong> En las presentaciones anuales de cumplimiento a LIHI, el propietario de la instalaci\u00f3n deber\u00e1 proporcionar copias de todos los informes anuales de los pasos de peces aguas arriba y aguas abajo, as\u00ed como de los resultados del monitoreo de la eficacia. Tambi\u00e9n se deber\u00e1 proporcionar un resumen de los comentarios y\/o recomendaciones de la agencia para las mejoras de los pasos de peces, junto con un plan y un cronograma para implementar dichos cambios.<\/p>\n<p><strong>Condici\u00f3n 2:<\/strong> Deber\u00eda ir aguas arriba <span class='tooltipsall tooltip_post_id_5518 classtoolTips36'>pez an\u00e1dromo<\/span> Si se requiere un paso durante el per\u00edodo de certificaci\u00f3n de LIHI, el propietario de la instalaci\u00f3n deber\u00e1 proporcionar un aviso a LIHI dentro de los 60 d\u00edas posteriores al inicio de la consulta con la agencia y deber\u00e1 resumir el progreso hacia la finalizaci\u00f3n de las instalaciones de paso en los env\u00edos anuales de cumplimiento a LIHI.<\/p>\n<p><strong>Condici\u00f3n 3:<\/strong> En las presentaciones anuales de cumplimiento a LIHI, el propietario de la instalaci\u00f3n deber\u00e1 indicar si se produjo alguna reducci\u00f3n del nivel del embalse que desencadenar\u00eda una consulta a SHPO y deber\u00e1 confirmar que se completaron las consultas, el reconocimiento y los estudios de elegibilidad adecuados.<\/p>\n<p><strong>2025:<\/strong> No se identificaron cambios sustanciales ni problemas de cumplimiento. El proyecto se mantiene en cumplimiento seg\u00fan la revisi\u00f3n anual. En cuanto a la Condici\u00f3n 1, el proyecto inform\u00f3 que a\u00fan est\u00e1 a la espera de los comentarios de la agencia sobre los informes anuales de 2023 y 2024. En cuanto a las Condiciones 2 y 3, el proyecto no report\u00f3 actividad.<\/p>\n<p><strong>2024:<\/strong> No se identificaron cambios sustanciales ni problemas de cumplimiento. El proyecto se mantiene en cumplimiento seg\u00fan la revisi\u00f3n anual. Para la Condici\u00f3n 1, el proyecto inform\u00f3 estar a la espera de comentarios de las agencias sobre el borrador del informe de 2023. Para la Condici\u00f3n 2, el proyecto no report\u00f3 solicitudes de paso de peces. Para la Condici\u00f3n 3, el proyecto report\u00f3 que no se produjeron extracciones.<\/p>\n<p><strong>2023:<\/strong> No se identificaron cambios sustanciales ni problemas de cumplimiento. El proyecto se mantiene en cumplimiento seg\u00fan la revisi\u00f3n anual. Para la Condici\u00f3n 1, el proyecto inform\u00f3 que las agencias est\u00e1n revisando un borrador del informe anual. Para la Condici\u00f3n 2, el proyecto no report\u00f3 solicitudes de paso de peces. Para la Condici\u00f3n 3, el proyecto no report\u00f3 reducciones de caudal.<\/p>\n<p><strong>2022:<\/strong> La presentaci\u00f3n de informes anuales para el Certificado actual a\u00fan no ha entrado en vigor.<\/p>\n<hr \/>\n<h3>Historial de certificaciones<\/h3>\n<p><strong>9 de agosto de 2022:<\/strong> La decisi\u00f3n de certificar el Proyecto Americano de Tejidos qued\u00f3 firme tras el cierre del plazo de apelaciones el 4 de agosto de 2022, sin que se presentaran apelaciones. El plazo de la certificaci\u00f3n es del 26 de abril de 2022 al 25 de abril de 2032.<\/p>\n<p><strong>5 de julio de 2022:\u00a0<\/strong> El Instituto de Energ\u00eda Hidroel\u00e9ctrica de Bajo Impacto (LIHI) ha aprobado preliminarmente la Certificaci\u00f3n de Bajo Impacto (pendiente de LIHI #191) para el Proyecto Hidroel\u00e9ctrico American Tissue. La solicitud completa y el informe del revisor est\u00e1n disponibles a continuaci\u00f3n. Esta decisi\u00f3n es preliminar, a la espera del plazo de apelaci\u00f3n de 30 d\u00edas. Solo quienes comentaron sobre la solicitud inicial durante el plazo de 60 d\u00edas pueden presentar una apelaci\u00f3n. Dicha apelaci\u00f3n debe incluir una explicaci\u00f3n de por qu\u00e9 el Proyecto no cumple con los criterios del LIHI. Las solicitudes de apelaci\u00f3n pueden enviarse por correo electr\u00f3nico a\u00a0<a href=\"mailto:comments@lowimpacthydro.org\">comments@lowimpacthydro.org<\/a>\u00a0Con el asunto &quot;American Tissue Project&quot;, o por correo postal dirigido al Instituto de Energ\u00eda Hidroel\u00e9ctrica de Bajo Impacto, 1167 Massachusetts Ave, Oficina 407, Arlington, MA 02476. Todas las solicitudes se publicar\u00e1n en el sitio web. El solicitante tendr\u00e1 la oportunidad de responder, y cualquier respuesta tambi\u00e9n se publicar\u00e1.\u00a0<strong>Las solicitudes deben recibirse antes de las 5 p. m., hora del Este, el 4 de agosto de 2022.<\/strong>Si no se reciben solicitudes de apelaci\u00f3n, el plazo de certificaci\u00f3n ser\u00e1 del 26 de abril de 2022 al 25 de abril de 2032.<\/p>\n<p><strong>13 de noviembre de 2019: <\/strong>El Instituto de Energ\u00eda Hidroel\u00e9ctrica de Bajo Impacto (LIHI) ha recibido una solicitud completa para la Certificaci\u00f3n de Bajo Impacto del Proyecto Hidroel\u00e9ctrico American Tissue. LIHI solicita comentarios p\u00fablicos sobre esta solicitud. En concreto, nos interesa saber si considera que el Proyecto cumple con los Criterios de Certificaci\u00f3n de Bajo Impacto de LIHI, revisados en la 2.\u00aa Edici\u00f3n del Manual. Los materiales de solicitud del Proyecto se encuentran a continuaci\u00f3n. Los comentarios directamente relacionados con criterios espec\u00edficos de LIHI (caudales, calidad del agua, paso de peces, etc.) ser\u00e1n de gran ayuda, pero todos los comentarios ser\u00e1n considerados. Puede enviar sus comentarios al Instituto por correo electr\u00f3nico a\u00a0<a href=\"mailto:comments@lowimpacthydro.org\">comments@lowimpacthydro.org<\/a>\u00a0con \u201cComentarios sobre el Proyecto American Tissue\u201d en la l\u00ednea de asunto, o por correo dirigido al Low Impact Hydropower Institute, 329 Massachusetts Avenue, Suite 6, Lexington, MA 02420.\u00a0 <strong>Los comentarios deben recibirse antes de las 5 p. m., hora del Este, el 12 de enero de 2020.<\/strong>\u00a0Se considerar\u00e1n todos los comentarios. Se publicar\u00e1n en el sitio web y el solicitante tendr\u00e1 la oportunidad de responder. Tambi\u00e9n se publicar\u00e1n todas las respuestas.<\/p>\n<hr \/>\n<h3>Archivos de certificaci\u00f3n<\/h3>\n<h4>Certificaci\u00f3n 2022<\/h4>\n<ul style=\"color: black;\">\n<li><a href=\"https:\/\/lowimpacthydro.org\/wp-content\/uploads\/2022\/06\/American-Tissue-Certification-Review_2022-final.pdf\">Informe de la American Tissue Review 2022<\/a><\/li>\n<li><a href=\"https:\/\/lowimpacthydro.org\/wp-content\/uploads\/2020\/07\/American-Tissue_LIHI-Application_Final_11-5-2019.pdf\">Solicitud de American Tissue LIHI 2019<\/a><\/li>\n<li><a href=\"https:\/\/lowimpacthydro.org\/wp-content\/uploads\/2020\/07\/USFWS-American-Tissue-Comment.pdf\">Carta de comentarios del Servicio de Pesca y Vida Silvestre de EE. UU. \u2013 American Tissue 2020<\/a><\/li>\n<li><a href=\"https:\/\/lowimpacthydro.org\/wp-content\/uploads\/2020\/07\/NMFS-American-Tissue-Project-Comments.pdf\">Carta de comentarios del NMFS \u2013 American Tissue 2020<\/a><\/li>\n<li><a href=\"https:\/\/lowimpacthydro.org\/wp-content\/uploads\/2020\/07\/ME-Marine-Resources-American-Tissue-2020-01-06-LIHI-comments.pdf\">Carta de comentarios de Recursos Marinos de ME \u2013 American Tissue 2020<\/a><\/li>\n<li><a href=\"https:\/\/lowimpacthydro.org\/wp-content\/uploads\/2020\/07\/Maine-Rivers-American-Tissue-Project-Comments.pdf\">Carta de comentarios sobre Maine Rivers \u2013 American Tissue 2020<\/a><\/li>\n<li><a href=\"https:\/\/lowimpacthydro.org\/wp-content\/uploads\/2020\/07\/J-Wells-comment-letter-American-Tissue.pdf\">Carta de comentarios de Wells \u2013 American Tissue 2020<\/a><\/li>\n<li><a href=\"https:\/\/lowimpacthydro.org\/wp-content\/uploads\/2020\/07\/2019-11-18-American-Tissue-LIHI-comment-Maine-Department-of-Environmental-Protection.pdf\">Carta de comentarios del MDEP \u2013 American Tissue 2020<\/a><\/li>\n<li><a href=\"https:\/\/lowimpacthydro.org\/wp-content\/uploads\/2020\/07\/Upstream-Comments.pdf\">Carta de comentarios de Upstream \u2013 American Tissue 2020<\/a><\/li>\n<\/ul>\n<hr \/>\n<h3>Documentos clave<\/h3>\n<ul>\n<li><a href=\"https:\/\/lowimpacthydro.org\/wp-content\/uploads\/2024\/05\/20190430-FERC-license-American-Tissue.pdf\">Licencia FERC 2019<\/a><\/li>\n<li><a href=\"https:\/\/lowimpacthydro.org\/wp-content\/uploads\/2024\/05\/2018-WQC-American-Tissue.pdf\">Certificaci\u00f3n de calidad del agua 2018<\/a><\/li>\n<li><a href=\"https:\/\/lowimpacthydro.org\/wp-content\/uploads\/2024\/05\/2018-FERC-EA-American-Tissue.pdf\">Evaluaci\u00f3n ambiental de la FERC de 2018<\/a><\/li>\n<\/ul>","protected":false},"excerpt":{"rendered":"<p>Project Name American Tissue LIHI Certificate No. 191 LIHI Certificate Term April 26, 2022 &#8211; April 25, 2032 Owner KEI (Maine) Power Management (III) LLC State<span class=\"excerpt-hellip\"> [\u2026]<\/span><\/p>\n","protected":false},"author":3,"featured_media":4088,"parent":0,"menu_order":0,"comment_status":"closed","ping_status":"closed","template":"","meta":{"_coblocks_attr":"","_coblocks_dimensions":"","_coblocks_responsive_height":"","_coblocks_accordion_ie_support":"","om_disable_all_campaigns":false,"_monsterinsights_skip_tracking":false,"_monsterinsights_sitenote_active":false,"_monsterinsights_sitenote_note":"","_monsterinsights_sitenote_category":0,"footnotes":""},"class_list":["post-2210","page","type-page","status-publish","has-post-thumbnail","hentry"],"aioseo_notices":[],"_links":{"self":[{"href":"https:\/\/lowimpacthydro.org\/es\/wp-json\/wp\/v2\/pages\/2210","targetHints":{"allow":["GET"]}}],"collection":[{"href":"https:\/\/lowimpacthydro.org\/es\/wp-json\/wp\/v2\/pages"}],"about":[{"href":"https:\/\/lowimpacthydro.org\/es\/wp-json\/wp\/v2\/types\/page"}],"author":[{"embeddable":true,"href":"https:\/\/lowimpacthydro.org\/es\/wp-json\/wp\/v2\/users\/3"}],"replies":[{"embeddable":true,"href":"https:\/\/lowimpacthydro.org\/es\/wp-json\/wp\/v2\/comments?post=2210"}],"version-history":[{"count":15,"href":"https:\/\/lowimpacthydro.org\/es\/wp-json\/wp\/v2\/pages\/2210\/revisions"}],"predecessor-version":[{"id":9597,"href":"https:\/\/lowimpacthydro.org\/es\/wp-json\/wp\/v2\/pages\/2210\/revisions\/9597"}],"wp:featuredmedia":[{"embeddable":true,"href":"https:\/\/lowimpacthydro.org\/es\/wp-json\/wp\/v2\/media\/4088"}],"wp:attachment":[{"href":"https:\/\/lowimpacthydro.org\/es\/wp-json\/wp\/v2\/media?parent=2210"}],"curies":[{"name":"gracias","href":"https:\/\/api.w.org\/{rel}","templated":true}]}}