{"id":2195,"date":"2020-07-28T09:07:41","date_gmt":"2020-07-28T13:07:41","guid":{"rendered":"https:\/\/lowimpacthydro.org\/?page_id=2195"},"modified":"2025-10-13T12:21:29","modified_gmt":"2025-10-13T16:21:29","slug":"lihi-certificate-21-buffalo-river-hydroelectric-project-idaho","status":"publish","type":"page","link":"https:\/\/lowimpacthydro.org\/es\/lihi-certificate-21-buffalo-river-hydroelectric-project-idaho\/","title":{"rendered":"Certificado LIHI #21 \u2013 Proyecto Hidroel\u00e9ctrico del R\u00edo Buffalo, Idaho"},"content":{"rendered":"<table class=\"alignright\" style=\"width: 351px; border: 2px; cellspacing: 2px; cellpadding: 2px; margin-left: 50px;\">\n<tbody>\n<tr>\n<td style=\"width: 39.1593%;\"><strong>Nombre del proyecto<\/strong><\/td>\n<td style=\"width: 59.0708%;\">R\u00edo Buffalo<\/td>\n<\/tr>\n<tr>\n<td style=\"width: 39.1593%;\"><strong>Certificado LIHI No.<\/strong><\/td>\n<td style=\"width: 59.0708%;\">21<\/td>\n<\/tr>\n<tr>\n<td style=\"width: 39.1593%;\"><strong>Plazo del certificado LIHI<br \/>\n<\/strong><\/td>\n<td style=\"width: 59.0708%;\">28 de noviembre de 2021 \u2013 27 de noviembre de 2031<\/td>\n<\/tr>\n<tr>\n<td style=\"width: 39.1593%;\"><strong>Due\u00f1o<\/strong><\/td>\n<td style=\"width: 59.0708%;\">Cooperativa El\u00e9ctrica Rural Fall River Inc.<\/td>\n<\/tr>\n<tr>\n<td style=\"width: 39.1593%;\"><strong>Estado<\/strong><\/td>\n<td style=\"width: 59.0708%;\">Idaho<\/td>\n<\/tr>\n<tr>\n<td style=\"width: 39.1593%;\"><strong>Ubicaci\u00f3n<\/strong><\/td>\n<td style=\"width: 59.0708%;\">Ubicado en la milla fluvial 1 del r\u00edo Buffalo, aproximadamente a 200 metros r\u00edo arriba de la confluencia del r\u00edo Buffalo con el r\u00edo Henry&#039;s Fork, y aproximadamente a 39 millas al norte de Ashton, en Fremont Country, Idaho.<\/td>\n<\/tr>\n<tr>\n<td style=\"width: 39.1593%;\"><strong>Capacidad instalada<\/strong><\/td>\n<td style=\"width: 59.0708%;\">0,25 MW<\/td>\n<\/tr>\n<tr>\n<td style=\"width: 39.1593%;\"><strong>Generaci\u00f3n media anual<\/strong><\/td>\n<td style=\"width: 59.0708%;\">1.647 MWh<\/td>\n<\/tr>\n<tr>\n<td style=\"width: 39.1593%;\"><strong>Tipo de instalaci\u00f3n<\/strong><\/td>\n<td style=\"width: 59.0708%;\"><span class='tooltipsall tooltip_post_id_5643 classtoolTips52'>De pasada<\/span><\/td>\n<\/tr>\n<tr>\n<td style=\"width: 39.1593%;\"><strong><span class='tooltipsall tooltip_post_id_5565 classtoolTips152'>Comisi\u00f3n Federal de Comercio<\/span> No.<\/strong><\/td>\n<td style=\"width: 59.0708%;\">P-1413 emitido en 2004, vence el 31\/10\/2044<\/td>\n<\/tr>\n<\/tbody>\n<\/table>\n<p>El proyecto Buffalo River est\u00e1 ubicado dentro del bosque nacional Targhee al norte de Ashton, en el condado de Fremont, Idaho. El proyecto es el \u00fanico <span class='tooltipsall tooltip_post_id_5545 classtoolTips158'>presa<\/span> Ubicada en el r\u00edo Buffalo, cerca de su confluencia con el r\u00edo Henry&#039;s Fork del r\u00edo Snake, la presa se construy\u00f3 en 1936 para generar energ\u00eda hidroel\u00e9ctrica para la construcci\u00f3n de la presa de la Oficina de Recuperaci\u00f3n de los Estados Unidos. <a href=\"https:\/\/lowimpacthydro.org\/es\/lihi-certificate-2-island-park-hydroelectric-project-idaho\/\">Parque de la isla <span class='tooltipsall tooltip_post_id_5545 classtoolTips158'>Presa<\/span> (Lihi#2)<\/a> y <span class='tooltipsall tooltip_post_id_5633 classtoolTips103'>Dep\u00f3sito<\/span>, parte del Proyecto Minidoka, que proporciona agua para regar tierras agr\u00edcolas en la llanura del r\u00edo Snake en Idaho. La instalaci\u00f3n fue adquirida posteriormente por Ponds Lodge, un hotel tur\u00edstico ubicado r\u00edo arriba en el r\u00edo Buffalo en la ciudad de Island Park. Provey\u00f3 energ\u00eda al hotel hasta que <span class='tooltipsall tooltip_post_id_5624 classtoolTips102'>central el\u00e9ctrica<\/span> fue alcanzado por un rayo y se quem\u00f3 en 1986. Buffalo Hydro, Inc. adquiri\u00f3 una nueva licencia para el proyecto en 1989 y reconstruy\u00f3 la central el\u00e9ctrica, reanudando la operaci\u00f3n hidroel\u00e9ctrica en 1994. En 1997, Buffalo Hydro, Inc. vendi\u00f3 el proyecto al propietario actual, Fall River Rural Electric Cooperative Inc.<\/p>\n<p>La presa del proyecto es una presa rellena de roca con revestimiento de madera de 142 pies de largo por 12 pies de alto. <span class='tooltipsall tooltip_post_id_5551 classtoolTips110'>desviaci\u00f3n<\/span> presa con una losa de hormig\u00f3n de 40 pies de largo por 3 pies de alto <span class='tooltipsall tooltip_post_id_5651 classtoolTips116'>aliviadero<\/span> con <span class='tooltipsall tooltip_post_id_5655 classtoolTips105'>Detener registros<\/span>La estructura de entrada de hormig\u00f3n contiene una compuerta corrediza de acero de 5 pies. <span class='tooltipsall tooltip_post_id_5619 classtoolTips124'>compuerta<\/span> Es una tuber\u00eda de acero revestida de hormig\u00f3n de 52 pies de largo por 5 pies de di\u00e1metro. La estructura de entrada incluye <span class='tooltipsall tooltip_post_id_5567 classtoolTips78'>Pantallas para peces<\/span> y un limpiador de pantalla mec\u00e1nico que tiene aberturas de 0,25 pulgadas. <span class='tooltipsall tooltip_post_id_5568 classtoolTips128'>escala de peces<\/span> Tiene una longitud de 82 metros y un \u00e1ngulo de 45 grados. La central el\u00e9ctrica, construida en bloques de mamposter\u00eda, est\u00e1 equipada con una turbina de eje inclinado Bouvier Kaplan de una sola potencia de 0,25 MW. El proyecto incluye una l\u00ednea de transmisi\u00f3n subterr\u00e1nea de 550 metros de longitud.<\/p>\n<p>El proyecto opera en un <span class='tooltipsall tooltip_post_id_5643 classtoolTips52'>de pasada<\/span> El proyecto desv\u00eda un caudal fijo de 100 pies c\u00fabicos por segundo del r\u00edo Buffalo durante todo el a\u00f1o.\u00a0 <span class='tooltipsall tooltip_post_id_5591 classtoolTips139'>Afluencia<\/span> M\u00e1s de 100 pies c\u00fabicos por segundo pasan por la presa y el aliviadero. Los caudales de base en el tramo desviado promedian alrededor de 100 pies c\u00fabicos por segundo de junio a marzo y superan los 200 pies c\u00fabicos por segundo en abril y mayo, un caudal m\u00e1s alto que la recomendaci\u00f3n de caudal del Departamento de Pesca y Caza de Idaho de 50 pies c\u00fabicos por segundo.<\/p>\n<p>Las aguas dentro del proyecto alcanzan usos designados que incluyen vida acu\u00e1tica (desove de salm\u00f3nidos), recreaci\u00f3n de contacto primario y suministro de agua para uso dom\u00e9stico. La designaci\u00f3n de desove de salm\u00f3nidos incluye criterios m\u00e1s estrictos de temperatura y ox\u00edgeno disuelto. El Departamento de Calidad Ambiental de Idaho ha concluido que el proyecto no afecta negativamente a estas designaciones.<\/p>\n<p>En la d\u00e9cada de 1930, la construcci\u00f3n de la presa del r\u00edo Buffalo bloque\u00f3 el paso r\u00edo arriba. <span class='tooltipsall tooltip_post_id_5566 classtoolTips59'>paso de peces<\/span> hasta el r\u00edo Buffalo, el \u00fanico gran afluente del Henry&#039;s Fork entre la presa Island Park y las cataratas Mesa, dos barreras que a\u00edslan este tramo del Henry&#039;s Fork. En 1996, un grupo de trabajo del Henry&#039;s Fork Watershed Council se dio cuenta del objetivo de restaurar la migraci\u00f3n de peces desde Henry&#039;s Fork hacia el r\u00edo Buffalo con la finalizaci\u00f3n de una escala para peces en la presa del r\u00edo Buffalo, que reemplaz\u00f3 la construida en la d\u00e9cada de 1930. La escala para peces se mejor\u00f3 en 2006 para permitir que las truchas arco\u00edris y de arroyo juveniles accedan al h\u00e1bitat invernal y para aumentar la cantidad de truchas reproductoras que migran r\u00edo arriba con la esperanza de aumentar el reclutamiento para la pesquer\u00eda del Henry&#039;s Fork. El proyecto opera una escala para peces de 270 pies de largo que proporciona un paso r\u00edo arriba para la trucha arco\u00edris. El tramo del proyecto tambi\u00e9n apoya al pescado blanco de monta\u00f1a y a varias especies no cineg\u00e9ticas. <span class='tooltipsall tooltip_post_id_5594 classtoolTips140'>Consumo<\/span> La detecci\u00f3n con un espaciamiento de 1\/4 de pulgada con una velocidad de aproximaci\u00f3n m\u00e1xima de 0,8 pies por segundo minimiza la presencia de peces. <span class='tooltipsall tooltip_post_id_5558 classtoolTips77'>arrastre<\/span>.\u00a0 <span class='tooltipsall tooltip_post_id_5549 classtoolTips96'>Di\u00e1dromo<\/span> Hist\u00f3ricamente no se ha producido migraci\u00f3n de peces en el proyecto debido a las barreras naturales r\u00edo abajo.<\/p>\n<p>Las tierras del proyecto consisten en aproximadamente 10 acres dentro del Bosque Nacional Targhee, con menos de un acre utilizado para las instalaciones del proyecto. La costa y las tierras circundantes son principalmente de propiedad federal, y el proyecto no tiene ning\u00fan control sobre la gesti\u00f3n de las tierras. El proyecto opera bajo un plan de gesti\u00f3n de la vegetaci\u00f3n que prescribe medidas para el control y mantenimiento de malezas invasoras en el \u00e1rea del proyecto, as\u00ed como el restablecimiento de especies de plantas nativas en \u00e1reas potencialmente perturbadas para prevenir la erosi\u00f3n del suelo.<\/p>\n<p>Entre las especies amenazadas o en peligro de extinci\u00f3n que podr\u00edan estar presentes en las inmediaciones del proyecto se encuentran el oso pardo y el lince canadiense. Se han elaborado e implementado planes de recuperaci\u00f3n para el oso pardo y el lince canadiense. El USFWS ha confirmado que las operaciones de pasada del proyecto no interfieren con los planes de recuperaci\u00f3n de las especies incluidas en la lista.<\/p>\n<p>No se han identificado recursos culturales ni hist\u00f3ricos en el proyecto. El proyecto opera de conformidad con un Plan de Protecci\u00f3n de Recursos Patrimoniales que aborda la protecci\u00f3n y mitigaci\u00f3n de los recursos culturales en tierras forestales nacionales. El proyecto debe notificar al Servicio Forestal de los Estados Unidos y suspender los trabajos si se identifican recursos culturales.<\/p>\n<p>Los recursos recreativos del proyecto incluyen senderos para caminatas, acceso para pescar desde la orilla y se\u00f1alizaci\u00f3n asociada provista de acuerdo con el Plan de Gesti\u00f3n de Recreaci\u00f3n del proyecto y un Plan de Exhibici\u00f3n Interpretativa. El acceso p\u00fablico es gratuito.<\/p>\n<hr \/>\n<h3>Estado de cumplimiento<\/h3>\n<p><strong>El Certificado incluye las siguientes condiciones espec\u00edficas de la instalaci\u00f3n:<\/strong><\/p>\n<p><strong><em>Condici\u00f3n parcialmente satisfecha en 2022.<\/em> Condici\u00f3n 1:<\/strong> En las declaraciones anuales de cumplimiento, el propietario de la instalaci\u00f3n deber\u00e1 informar a LIHI sobre el estado del proyecto de instalaci\u00f3n de transductores y medidores de nivel, y sobre el estado de las actualizaciones del Plan de Monitoreo de Cumplimiento Operativo para reflejar los procedimientos actuales de monitoreo de los caudales fluviales. Se prev\u00e9 que esto se completar\u00e1 en 2023. Una vez finalizado, se le proporcionar\u00e1 a LIHI una copia de la aprobaci\u00f3n del Plan por parte de la FERC.<\/p>\n<p><strong>2025:<\/strong> No se identificaron cambios materiales ni problemas de cumplimiento. El proyecto sigue cumpliendo con los requisitos seg\u00fan la revisi\u00f3n anual. En el caso de la condici\u00f3n 1, el proyecto inform\u00f3 que sigue utilizando el calibre de cable.<\/p>\n<p><strong>2024:<\/strong> No se identificaron cambios materiales ni problemas de cumplimiento. El proyecto sigue cumpliendo con los requisitos seg\u00fan la revisi\u00f3n anual. En el caso de la condici\u00f3n 1, el proyecto inform\u00f3 que sigue utilizando el calibre de cable.<\/p>\n<p><strong>2023:<\/strong> No se identificaron cambios materiales ni problemas de cumplimiento. El proyecto sigue cumpliendo con los requisitos seg\u00fan la revisi\u00f3n anual. En el caso de la condici\u00f3n 1, el proyecto inform\u00f3 que sigue trabajando con las partes interesadas para actualizar el plan de seguimiento del cumplimiento.<\/p>\n<p><strong>2022:<\/strong> No se identificaron cambios materiales ni problemas de cumplimiento. El proyecto sigue cumpliendo con los requisitos seg\u00fan la revisi\u00f3n anual. En el caso de la condici\u00f3n 1, el proyecto inform\u00f3 que se complet\u00f3 la instalaci\u00f3n del transductor y el medidor, por lo que se cumple parcialmente con la condici\u00f3n.<\/p>\n<p><strong>2021:<\/strong> La presentaci\u00f3n de informes anuales para el Certificado actual a\u00fan no ha entrado en vigor.<\/p>\n<hr \/>\n<h3>Historial de certificaciones<\/h3>\n<p><strong>23 de marzo de 2022:<\/strong> El Instituto de Energ\u00eda Hidroel\u00e9ctrica de Bajo Impacto ha emitido una decisi\u00f3n final sobre la recertificaci\u00f3n del Proyecto Buffalo River. El plazo de apelaci\u00f3n de 30 d\u00edas cerr\u00f3 el 18 de marzo de 2022 y no se presentaron apelaciones. Por lo tanto, la decisi\u00f3n de recertificar el proyecto ahora es definitiva. El nuevo plazo es del 28 de noviembre de 2021 al 27 de noviembre de 2031.<\/p>\n<p><strong>15 de febrero de 2022:<\/strong> El Instituto de Energ\u00eda Hidroel\u00e9ctrica de Bajo Impacto (LIHI, por sus siglas en ingl\u00e9s) ha aprobado preliminarmente el Proyecto Buffalo River para un nuevo per\u00edodo de 10 a\u00f1os de Certificaci\u00f3n de Bajo Impacto. La solicitud completa y el informe del revisor est\u00e1n disponibles a continuaci\u00f3n. Esta decisi\u00f3n es preliminar a la espera del per\u00edodo de apelaci\u00f3n de 30 d\u00edas. Solo aquellos que comentaron sobre la solicitud inicial durante el per\u00edodo de comentarios de 60 d\u00edas son elegibles para presentar una apelaci\u00f3n. Dicha apelaci\u00f3n debe incluir una explicaci\u00f3n de por qu\u00e9 el Proyecto no cumple con los criterios del LIHI. Las solicitudes de apelaci\u00f3n se pueden enviar por correo electr\u00f3nico a <a href=\"#\">comments@lowimpacthydro.org<\/a> con \u201cBuffalo River Project\u201d en la l\u00ednea de asunto, o por correo dirigido al Low Impact Hydropower Institute, 1167 Massachusetts Ave, Office 407, Arlington, MA 02476. Todas las solicitudes se publicar\u00e1n en el sitio web. El solicitante tendr\u00e1 la oportunidad de responder y cualquier respuesta tambi\u00e9n se publicar\u00e1. <strong>Las solicitudes deben recibirse antes de las 5 p. m., hora del Este, el 18 de marzo de 2022. <\/strong>Si no se reciben solicitudes de apelaci\u00f3n y la decisi\u00f3n es definitiva, el per\u00edodo de Certificaci\u00f3n del Proyecto ser\u00e1 del 28 de noviembre de 2021 al 27 de noviembre de 2031.<\/p>\n<p><strong>8 de diciembre de 2021:<\/strong> El Instituto de Energ\u00eda Hidroel\u00e9ctrica de Bajo Impacto ha recibido una solicitud de recertificaci\u00f3n completa de la Cooperativa Rural de Electricidad de Fall River para el Proyecto del R\u00edo Buffalo. LIHI est\u00e1 buscando comentarios sobre esta solicitud. Los comentarios que est\u00e9n directamente relacionados con criterios espec\u00edficos de LIHI (caudales, calidad del agua, paso de peces, etc.) ser\u00e1n de gran ayuda, pero se considerar\u00e1n todos los comentarios. Los comentarios pueden enviarse a LIHI por correo electr\u00f3nico a <a href=\"#\">comments@lowimpacthydro.org<\/a> con \u201cComentarios sobre el Proyecto Buffalo River\u201d en la l\u00ednea de asunto, o por correo dirigido al Low Impact Hydropower Institute, 1167 Massachusetts Avenue, Oficina 407, Arlington, MA 02476. <strong>Los comentarios deben recibirse en el Instituto antes de las 5 p. m., hora del Este, el 6 de febrero de 2022 para ser considerados.<\/strong> Todos los comentarios se publicar\u00e1n en el sitio web y el solicitante tendr\u00e1 la oportunidad de responder. Las respuestas tambi\u00e9n se publicar\u00e1n. La solicitud completa se puede encontrar a continuaci\u00f3n.<\/p>\n<p><strong>11 de abril de 2017:\u00a0<\/strong>El 8 de marzo de 2017, la directora ejecutiva de LIHI, Shannon Ames, anunci\u00f3 una certificaci\u00f3n preliminar de que el proyecto hidroel\u00e9ctrico Buffalo River cumple con los criterios de certificaci\u00f3n de LIHI. La certificaci\u00f3n Buffalo River incluye la siguiente condici\u00f3n:<\/p>\n<ul style=\"color: black;\">\n<li><strong><em>Condici\u00f3n satisfecha 2017.<\/em> Condici\u00f3n 1.<\/strong> El Propietario deber\u00e1 consultar al USGS y a la HFF sobre la mejor manera de ajustar los registros de caudal de manera continua para garantizar su precisi\u00f3n. Dentro de los 90 d\u00edas posteriores a la recepci\u00f3n de la certificaci\u00f3n LIHI, el Propietario deber\u00e1 proporcionar prueba de la consulta y una descripci\u00f3n de los pasos que se han tomado para corregir el problema.<\/li>\n<\/ul>\n<p>Esta solicitud se proces\u00f3 de acuerdo con la edici\u00f3n 2014 del Manual de LIHI porque los materiales de la solicitud se recibieron antes de 2016. Como se establece en la Secci\u00f3n 2.14 del Manual de LIHI Edici\u00f3n 2014, la Decisi\u00f3n de Certificaci\u00f3n Preliminar se public\u00f3 en el sitio web del Instituto y se envi\u00f3 a una lista de distribuci\u00f3n de correo electr\u00f3nico de las partes interesadas el 8 de marzo de 2017. Se proporcion\u00f3 un per\u00edodo de 30 d\u00edas a cualquier persona que comentara sobre la solicitud original para solicitar una apelaci\u00f3n, y no se recibi\u00f3 ninguna solicitud de apelaci\u00f3n. El Proyecto Hidroel\u00e9ctrico Buffalo River ahora se considera certificado por LIHI por un per\u00edodo de cinco a\u00f1os. La fecha de certificaci\u00f3n efectiva para el proyecto Buffalo River es el 28 de noviembre de 2016 y vence el 28 de noviembre de 2021.<\/p>\n<p><strong>28 de noviembre de 2016:<\/strong> El 28 de noviembre de 2016, el Instituto de Energ\u00eda Hidroel\u00e9ctrica de Bajo Impacto recibi\u00f3 una solicitud completa de Fall River Rural Electric Cooperative, Inc., para la Certificaci\u00f3n de Bajo Impacto del Proyecto Hidroel\u00e9ctrico Buffalo River en Idaho. El proyecto Buffalo River fue certificado previamente como de bajo impacto por LIHI durante cinco a\u00f1os desde el 11 de agosto de 2006 hasta el 11 de agosto de 2011. LIHI est\u00e1 buscando comentarios p\u00fablicos sobre esta solicitud. Espec\u00edficamente, nos interesa saber si usted piensa que el proyecto Buffalo River cumple con los Criterios de Certificaci\u00f3n de Bajo Impacto de LIHI. La solicitud de Buffalo River est\u00e1 sujeta a revisi\u00f3n utilizando los Criterios del Manual de Certificaci\u00f3n de LIHI de 2014. Los comentarios que est\u00e9n directamente relacionados con criterios espec\u00edficos de LIHI (caudales, calidad del agua, paso de peces, etc.) ser\u00e1n de gran ayuda, pero todos los comentarios ser\u00e1n considerados. Los comentarios pueden enviarse al Instituto por correo electr\u00f3nico a\u00a0<a href=\"mailto:comments@lowimpacthydro.org\" target=\"_blank\" rel=\"noopener noreferrer\" data-cke-saved-href=\"mailto:dhall@lowimpacthydro.org?subject=Raquette%20Project%20Comments\">comments@lowimpacthydro.org<\/a> con \u201cComentarios sobre el proyecto Buffalo River\u201d en la l\u00ednea de asunto, o por correo dirigido al Low Impact Hydropower Institute, PO Box 194, Harrington Park, New Jersey 07640. El per\u00edodo de comentarios p\u00fablicos de 60 d\u00edas comienza el 28 de noviembre de 2016. <strong>Los comentarios deben recibirse en el Instituto antes de las 5:00 p. m., hora del Este, el 27 de enero de 2016.<\/strong>\u00a0Se considerar\u00e1n todos los comentarios. Se publicar\u00e1n en el sitio web y el solicitante tendr\u00e1 la oportunidad de responder. Tambi\u00e9n se publicar\u00e1n todas las respuestas.<\/p>\n<hr \/>\n<h3>Archivos de certificaci\u00f3n<\/h3>\n<h4>Recertificaci\u00f3n 2021<\/h4>\n<ul style=\"color: black;\">\n<li><a href=\"https:\/\/lowimpacthydro.org\/wp-content\/uploads\/2023\/05\/Buffalo-River-Recertification-Report-020822_final.pdf\">Informe de revisi\u00f3n de la recertificaci\u00f3n del r\u00edo Buffalo 2022<\/a><\/li>\n<li><a href=\"https:\/\/lowimpacthydro.org\/wp-content\/uploads\/2021\/12\/Buffalo-River-Recertification-Application.pdf\"> Solicitud de recertificaci\u00f3n de Buffalo River LIHI 2021<\/a><\/li>\n<li><a href=\"https:\/\/lowimpacthydro.org\/wp-content\/uploads\/2021\/12\/Buffalo-River-IDEQ-WQC-response-2021.pdf\">Respuesta de IDEQ sobre el r\u00edo Buffalo 2021<\/a><\/li>\n<li><a href=\"https:\/\/lowimpacthydro.org\/wp-content\/uploads\/2021\/12\/Buffalo-River-Henrys-Fork-email-2021.pdf\">Respuesta de la Fundaci\u00f3n Henrys Fork 2021<\/a><\/li>\n<li><a href=\"https:\/\/lowimpacthydro.org\/wp-content\/uploads\/2022\/01\/Forest-Service-Comments-Buffalo-River-Recertification-2021.pdf\">Comentario del Servicio Forestal de EE. UU. sobre el r\u00edo Buffalo en 2021<\/a><\/li>\n<\/ul>\n<h4>Recertificaci\u00f3n 2016<\/h4>\n<ul style=\"color: black;\">\n<li><a href=\"https:\/\/lowimpacthydro.org\/wp-content\/uploads\/2020\/07\/BuffaloRiverIDFinal22Feb2017.pdf\">Informe de revisi\u00f3n de la recertificaci\u00f3n del r\u00edo Buffalo 2017<\/a><\/li>\n<li><a href=\"https:\/\/lowimpacthydro.org\/wp-content\/uploads\/2020\/07\/001-Buffalo-River-LIHI-Application_FINAL_-11_11_2016.pdf\">Solicitud de recertificaci\u00f3n del r\u00edo Buffalo 2016<\/a><\/li>\n<\/ul>\n<h4>Certificaci\u00f3n 2006<\/h4>\n<ul style=\"color: black;\">\n<li><a href=\"https:\/\/lowimpacthydro.org\/wp-content\/uploads\/2020\/07\/Certificate-narrative-BuffaloRiver-8-10-06.doc\">Certificado narrativo del r\u00edo Buffalo<\/a><\/li>\n<li><a href=\"https:\/\/lowimpacthydro.org\/wp-content\/uploads\/2023\/05\/Low_Impact_Application_Buffalo.pdf\">Solicitud de Buffalo River<\/a><\/li>\n<li><a href=\"https:\/\/lowimpacthydro.org\/wp-content\/uploads\/2020\/07\/USFWS-Letter-7-28-04.pdf\">Carta del Servicio de Pesca y Vida Silvestre de Estados Unidos<\/a><\/li>\n<li><a href=\"https:\/\/lowimpacthydro.org\/wp-content\/uploads\/2021\/10\/20050517-Buffalo-River-Various-license-plans.pdf\"> Varios planes relacionados con licencias<\/a><\/li>\n<li><a href=\"https:\/\/lowimpacthydro.org\/wp-content\/uploads\/2021\/10\/20050727-Buffalo-River-recreation-and-scenery-plan.pdf\"> Plan de Gesti\u00f3n de la Recreaci\u00f3n y el Paisaje<\/a><\/li>\n<\/ul>\n<hr \/>\n<h3>Documentos clave<\/h3>\n<ul>\n<li><a href=\"https:\/\/lowimpacthydro.org\/wp-content\/uploads\/2023\/05\/Buffalo_License.doc\">Licencia FERC del r\u00edo Buffalo<\/a><\/li>\n<li><a href=\"https:\/\/lowimpacthydro.org\/wp-content\/uploads\/2023\/05\/20040702-FERC-EA.doc\">Evaluaci\u00f3n ambiental de la FERC del r\u00edo Buffalo<\/a><\/li>\n<li><a href=\"https:\/\/lowimpacthydro.org\/wp-content\/uploads\/2020\/07\/Idaho-401-cert.pdf\">Certificado de calidad del agua de Idaho<\/a><\/li>\n<li><a href=\"https:\/\/lowimpacthydro.org\/wp-content\/uploads\/2023\/05\/20050810-License-amendment-for-Art-402-buffalo-river.doc\">Enmienda de licencia de 2005<\/a><\/li>\n<li><a href=\"https:\/\/lowimpacthydro.org\/wp-content\/uploads\/2023\/05\/20161011-License-amendment-for-article-407-buffalo-river.doc\">Enmienda de licencia de 2016<\/a><\/li>\n<\/ul>","protected":false},"excerpt":{"rendered":"<p>Project Name Buffalo River LIHI Certificate No. 21 LIHI Certificate Term November 28, 2021 &#8211; November 27, 2031 Owner Fall River Rural Electric Cooperative Inc. State<span class=\"excerpt-hellip\"> [\u2026]<\/span><\/p>\n","protected":false},"author":3,"featured_media":-1,"parent":0,"menu_order":0,"comment_status":"closed","ping_status":"closed","template":"","meta":{"_coblocks_attr":"","_coblocks_dimensions":"","_coblocks_responsive_height":"","_coblocks_accordion_ie_support":"","om_disable_all_campaigns":false,"_monsterinsights_skip_tracking":false,"_monsterinsights_sitenote_active":false,"_monsterinsights_sitenote_note":"","_monsterinsights_sitenote_category":0,"footnotes":""},"class_list":["post-2195","page","type-page","status-publish","has-post-thumbnail","hentry"],"aioseo_notices":[],"_links":{"self":[{"href":"https:\/\/lowimpacthydro.org\/es\/wp-json\/wp\/v2\/pages\/2195","targetHints":{"allow":["GET"]}}],"collection":[{"href":"https:\/\/lowimpacthydro.org\/es\/wp-json\/wp\/v2\/pages"}],"about":[{"href":"https:\/\/lowimpacthydro.org\/es\/wp-json\/wp\/v2\/types\/page"}],"author":[{"embeddable":true,"href":"https:\/\/lowimpacthydro.org\/es\/wp-json\/wp\/v2\/users\/3"}],"replies":[{"embeddable":true,"href":"https:\/\/lowimpacthydro.org\/es\/wp-json\/wp\/v2\/comments?post=2195"}],"version-history":[{"count":17,"href":"https:\/\/lowimpacthydro.org\/es\/wp-json\/wp\/v2\/pages\/2195\/revisions"}],"predecessor-version":[{"id":10129,"href":"https:\/\/lowimpacthydro.org\/es\/wp-json\/wp\/v2\/pages\/2195\/revisions\/10129"}],"wp:featuredmedia":[{"embeddable":true,"href":"https:\/\/lowimpacthydro.org\/es\/wp-json\/"}],"wp:attachment":[{"href":"https:\/\/lowimpacthydro.org\/es\/wp-json\/wp\/v2\/media?parent=2195"}],"curies":[{"name":"gracias","href":"https:\/\/api.w.org\/{rel}","templated":true}]}}